{"id":2476,"date":"2026-02-09T12:19:10","date_gmt":"2026-02-09T09:19:10","guid":{"rendered":"http:\/\/mesalestore.com\/product\/1-2-3-demlikli-chromat-analog-full-otomatik-cay-kazani-kutusu\/"},"modified":"2026-04-10T18:08:01","modified_gmt":"2026-04-10T15:08:01","slug":"1-2-3-demlikli-chromat-analog-full-otomatik-cay-kazani-kutusu","status":"publish","type":"product","link":"https:\/\/mesalestore.com\/en\/product\/1-2-3-demlikli-chromat-analog-full-otomatik-cay-kazani-kutusu\/","title":{"rendered":"1-2-3 Demlikli Chromat Analog Full Otomatik \u00c7ay Kazan\u0131 Kutusu"},"content":{"rendered":"<p><strong>Me\u015fale 1-2-3 Demlikli Chromat Analog Full Otomatik \u00c7ay Kazan\u0131 Kutusu<\/strong>, \u00e7ay kazanlar\u0131n\u0131z i\u00e7in \u00f6zel olarak tasarlanm\u0131\u015f dayan\u0131kl\u0131 ve koruyucu bir muhafaza \u00e7\u00f6z\u00fcm\u00fcd\u00fcr. <strong>Me\u015fale 1-2-3 Demlikli Chromat<\/strong> model \u00e7ay kazanlar\u0131n\u0131za m\u00fckemmel uyum sa\u011flayarak, ta\u015f\u0131ma ve depolama i\u015flemlerini daha g\u00fcvenli hale getirir. <strong>Analog full otomatik<\/strong> sistemle \u00e7al\u0131\u015fan \u00e7ay kazanlar\u0131n\u0131n korunmas\u0131n\u0131 sa\u011flayan bu kutu, d\u0131\u015f etkenlerden etkilenmeden uzun s\u00fcre muhafaza edilmesini sa\u011flar. <strong>\u00c7ay kazan\u0131 kutusu<\/strong>, \u00fcretim ve ta\u015f\u0131ma s\u0131ras\u0131nda olu\u015fabilecek hasarlara kar\u015f\u0131 cihaz\u0131n\u0131z\u0131n g\u00fcvenli\u011fini art\u0131r\u0131r. Ayr\u0131ca, <strong>Me\u015fale \u00e7ay kazan\u0131 kutusu<\/strong> estetik bir g\u00f6r\u00fcn\u00fcm sunarak cihaz\u0131n\u0131z\u0131 \u015f\u0131k bir \u015fekilde saklaman\u0131z\u0131 sa\u011flar. E\u011fer <strong>yedek kutu aray\u0131\u015f\u0131ndaysan\u0131z<\/strong>, bu kutu m\u00fckemmel bir \u00e7\u00f6z\u00fcm olacakt\u0131r.<\/p>","protected":false},"excerpt":{"rendered":"<p>Me\u015fale 1-2-3 Demlikli Chromat Analog Full Otomatik \u00c7ay Kazan\u0131 Kutusu, \u00e7ay kazanlar\u0131n\u0131z i\u00e7in \u00f6zel olarak tasarlanm\u0131\u015f dayan\u0131kl\u0131 ve koruyucu bir muhafaza \u00e7\u00f6z\u00fcm\u00fcd\u00fcr. Me\u015fale 1-2-3 Demlikli Chromat model \u00e7ay kazanlar\u0131n\u0131za m\u00fckemmel uyum sa\u011flayarak, ta\u015f\u0131ma ve depolama i\u015flemlerini daha g\u00fcvenli hale getirir. Analog full otomatik sistemle \u00e7al\u0131\u015fan \u00e7ay kazanlar\u0131n\u0131n korunmas\u0131n\u0131 sa\u011flayan bu kutu, d\u0131\u015f etkenlerden etkilenmeden uzun [&hellip;]<\/p>\n","protected":false},"featured_media":637,"comment_status":"closed","ping_status":"closed","template":"","meta":[],"product_brand":[7749],"product_cat":[7986],"product_tag":[16,5236,5237,5238,5239,5264,5265,5266,5267,5240,5249,5250,5251,5252,5253,5254,5255,5241,5242,5243,5244,5245,5246,5247,5248,5268,5269,5270,5256,5257,5258,5259,5260,5261,5262,5263,5271,5280,5281,5282,5283,5284,5272,5273,5274,5275,5276,5277,5278,5279],"class_list":{"0":"post-2476","1":"product","2":"type-product","3":"status-publish","4":"has-post-thumbnail","6":"product_brand-mesale","7":"product_cat-termostat-salter","8":"product_tag-mesale","9":"product_tag-mesale-1-2-3","10":"product_tag-mesale-1-2-3-demlikli","11":"product_tag-mesale-1-2-3-demlikli-chromat","12":"product_tag-mesale-1-2-3-demlikli-chromat-analog","13":"product_tag-mesale-1-2-3-demlikli-chromat-analog-cay","14":"product_tag-mesale-1-2-3-demlikli-chromat-analog-cay-kazani","15":"product_tag-mesale-1-2-3-demlikli-chromat-analog-cay-kazani-kutusu","16":"product_tag-mesale-1-2-3-demlikli-chromat-analog-cay-kutusu","17":"product_tag-mesale-1-2-3-demlikli-chromat-analog-full","18":"product_tag-mesale-1-2-3-demlikli-chromat-analog-full-cay","19":"product_tag-mesale-1-2-3-demlikli-chromat-analog-full-cay-kazani","20":"product_tag-mesale-1-2-3-demlikli-chromat-analog-full-cay-kazani-kutusu","21":"product_tag-mesale-1-2-3-demlikli-chromat-analog-full-cay-kutusu","22":"product_tag-mesale-1-2-3-demlikli-chromat-analog-full-kazani","23":"product_tag-mesale-1-2-3-demlikli-chromat-analog-full-kazani-kutusu","24":"product_tag-mesale-1-2-3-demlikli-chromat-analog-full-kutusu","25":"product_tag-mesale-1-2-3-demlikli-chromat-analog-full-otomatik","26":"product_tag-mesale-1-2-3-demlikli-chromat-analog-full-otomatik-cay","27":"product_tag-mesale-1-2-3-demlikli-chromat-analog-full-otomatik-cay-kazani","28":"product_tag-mesale-1-2-3-demlikli-chromat-analog-full-otomatik-cay-kazani-kutusu","29":"product_tag-mesale-1-2-3-demlikli-chromat-analog-full-otomatik-cay-kutusu","30":"product_tag-mesale-1-2-3-demlikli-chromat-analog-full-otomatik-kazani","31":"product_tag-mesale-1-2-3-demlikli-chromat-analog-full-otomatik-kazani-kutusu","32":"product_tag-mesale-1-2-3-demlikli-chromat-analog-full-otomatik-kutusu","33":"product_tag-mesale-1-2-3-demlikli-chromat-analog-kazani","34":"product_tag-mesale-1-2-3-demlikli-chromat-analog-kazani-kutusu","35":"product_tag-mesale-1-2-3-demlikli-chromat-analog-kutusu","36":"product_tag-mesale-1-2-3-demlikli-chromat-analog-otomatik","37":"product_tag-mesale-1-2-3-demlikli-chromat-analog-otomatik-cay","38":"product_tag-mesale-1-2-3-demlikli-chromat-analog-otomatik-cay-kazani","39":"product_tag-mesale-1-2-3-demlikli-chromat-analog-otomatik-cay-kazani-kutusu","40":"product_tag-mesale-1-2-3-demlikli-chromat-analog-otomatik-cay-kutusu","41":"product_tag-mesale-1-2-3-demlikli-chromat-analog-otomatik-kazani","42":"product_tag-mesale-1-2-3-demlikli-chromat-analog-otomatik-kazani-kutusu","43":"product_tag-mesale-1-2-3-demlikli-chromat-analog-otomatik-kutusu","44":"product_tag-mesale-1-2-3-demlikli-chromat-full","45":"product_tag-mesale-1-2-3-demlikli-chromat-full-cay","46":"product_tag-mesale-1-2-3-demlikli-chromat-full-cay-kazani","47":"product_tag-mesale-1-2-3-demlikli-chromat-full-cay-kazani-kutusu","48":"product_tag-mesale-1-2-3-demlikli-chromat-full-cay-kutusu","49":"product_tag-mesale-1-2-3-demlikli-chromat-full-kazani","50":"product_tag-mesale-1-2-3-demlikli-chromat-full-otomatik","51":"product_tag-mesale-1-2-3-demlikli-chromat-full-otomatik-cay","52":"product_tag-mesale-1-2-3-demlikli-chromat-full-otomatik-cay-kazani","53":"product_tag-mesale-1-2-3-demlikli-chromat-full-otomatik-cay-kazani-kutusu","54":"product_tag-mesale-1-2-3-demlikli-chromat-full-otomatik-cay-kutusu","55":"product_tag-mesale-1-2-3-demlikli-chromat-full-otomatik-kazani","56":"product_tag-mesale-1-2-3-demlikli-chromat-full-otomatik-kazani-kutusu","57":"product_tag-mesale-1-2-3-demlikli-chromat-full-otomatik-kutusu","59":"first","60":"instock","61":"sale","62":"taxable","63":"shipping-taxable","64":"purchasable","65":"product-type-simple"},"yoast_head":"<!-- This site is optimized with the Yoast SEO plugin v27.1.1 - https:\/\/yoast.com\/product\/yoast-seo-wordpress\/ -->\n<title>1-2-3 Demlikli Chromat Analog Full Otomatik \u00c7ay Kazan\u0131 Kutusu | Me\u015fale Store<\/title>\n<meta name=\"description\" content=\"Me\u015fale 1-2-3 Demlikli Chromat Analog Full Otomatik \u00c7ay Kazan\u0131 Kutusu, \u00e7ay kazanlar\u0131n\u0131z i\u00e7in \u00f6zel olarak tasarlanm\u0131\u015f dayan\u0131kl\u0131 ve koruyucu bir muhafaza\" \/>\n<meta name=\"robots\" content=\"index, follow, max-snippet:-1, max-image-preview:large, max-video-preview:-1\" \/>\n<link rel=\"canonical\" href=\"https:\/\/mesalestore.com\/en\/product\/1-2-3-demlikli-chromat-analog-full-otomatik-cay-kazani-kutusu\/\" \/>\n<meta property=\"og:locale\" content=\"en_US\" \/>\n<meta property=\"og:type\" content=\"article\" \/>\n<meta property=\"og:title\" content=\"1-2-3 Demlikli Chromat Analog Full Otomatik \u00c7ay Kazan\u0131 Kutusu | Me\u015fale Store\" \/>\n<meta property=\"og:description\" content=\"Me\u015fale 1-2-3 Demlikli Chromat Analog Full Otomatik \u00c7ay Kazan\u0131 Kutusu, \u00e7ay kazanlar\u0131n\u0131z i\u00e7in \u00f6zel olarak tasarlanm\u0131\u015f dayan\u0131kl\u0131 ve koruyucu bir muhafaza\" \/>\n<meta property=\"og:url\" content=\"https:\/\/mesalestore.com\/en\/product\/1-2-3-demlikli-chromat-analog-full-otomatik-cay-kazani-kutusu\/\" \/>\n<meta property=\"og:site_name\" content=\"Me\u015fale Store\" \/>\n<meta property=\"article:publisher\" content=\"https:\/\/www.facebook.com\/mesalecay\" \/>\n<meta property=\"article:modified_time\" content=\"2026-04-10T15:08:01+00:00\" \/>\n<meta property=\"og:image\" content=\"https:\/\/mesalestore.com\/wp-content\/uploads\/2026\/01\/1_org_zoom-121.jpg\" \/>\n\t<meta property=\"og:image:width\" content=\"1200\" \/>\n\t<meta property=\"og:image:height\" content=\"1800\" \/>\n\t<meta property=\"og:image:type\" content=\"image\/jpeg\" \/>\n<meta name=\"twitter:card\" content=\"summary_large_image\" \/>\n<meta name=\"twitter:site\" content=\"@mesalecaykazan\" \/>\n<meta name=\"twitter:label1\" content=\"Est. reading time\" \/>\n\t<meta name=\"twitter:data1\" content=\"1 minute\" \/>\n<script type=\"application\/ld+json\" class=\"yoast-schema-graph\">{\"@context\":\"https:\/\/schema.org\",\"@graph\":[{\"@type\":\"WebPage\",\"@id\":\"https:\/\/mesalestore.com\/en\/product\/1-2-3-demlikli-chromat-analog-full-otomatik-cay-kazani-kutusu\/\",\"url\":\"https:\/\/mesalestore.com\/en\/product\/1-2-3-demlikli-chromat-analog-full-otomatik-cay-kazani-kutusu\/\",\"name\":\"1-2-3 Demlikli Chromat Analog Full Otomatik \u00c7ay Kazan\u0131 Kutusu | Me\u015fale Store\",\"isPartOf\":{\"@id\":\"https:\/\/mesalestore.com\/en\/#website\"},\"primaryImageOfPage\":{\"@id\":\"https:\/\/mesalestore.com\/en\/product\/1-2-3-demlikli-chromat-analog-full-otomatik-cay-kazani-kutusu\/#primaryimage\"},\"image\":{\"@id\":\"https:\/\/mesalestore.com\/en\/product\/1-2-3-demlikli-chromat-analog-full-otomatik-cay-kazani-kutusu\/#primaryimage\"},\"thumbnailUrl\":\"https:\/\/mesalestore.com\/wp-content\/uploads\/2026\/01\/1_org_zoom-121.jpg\",\"datePublished\":\"2026-02-09T09:19:10+00:00\",\"dateModified\":\"2026-04-10T15:08:01+00:00\",\"description\":\"Me\u015fale 1-2-3 Demlikli Chromat Analog Full Otomatik \u00c7ay Kazan\u0131 Kutusu, \u00e7ay kazanlar\u0131n\u0131z i\u00e7in \u00f6zel olarak tasarlanm\u0131\u015f dayan\u0131kl\u0131 ve koruyucu bir muhafaza\",\"breadcrumb\":{\"@id\":\"https:\/\/mesalestore.com\/en\/product\/1-2-3-demlikli-chromat-analog-full-otomatik-cay-kazani-kutusu\/#breadcrumb\"},\"inLanguage\":\"en-US\",\"potentialAction\":[{\"@type\":\"ReadAction\",\"target\":[\"https:\/\/mesalestore.com\/en\/product\/1-2-3-demlikli-chromat-analog-full-otomatik-cay-kazani-kutusu\/\"]}]},{\"@type\":\"ImageObject\",\"inLanguage\":\"en-US\",\"@id\":\"https:\/\/mesalestore.com\/en\/product\/1-2-3-demlikli-chromat-analog-full-otomatik-cay-kazani-kutusu\/#primaryimage\",\"url\":\"https:\/\/mesalestore.com\/wp-content\/uploads\/2026\/01\/1_org_zoom-121.jpg\",\"contentUrl\":\"https:\/\/mesalestore.com\/wp-content\/uploads\/2026\/01\/1_org_zoom-121.jpg\",\"width\":1200,\"height\":1800},{\"@type\":\"BreadcrumbList\",\"@id\":\"https:\/\/mesalestore.com\/en\/product\/1-2-3-demlikli-chromat-analog-full-otomatik-cay-kazani-kutusu\/#breadcrumb\",\"itemListElement\":[{\"@type\":\"ListItem\",\"position\":1,\"name\":\"Anasayfa\",\"item\":\"https:\/\/mesalestore.com\/en\/\"},{\"@type\":\"ListItem\",\"position\":2,\"name\":\"Products\",\"item\":\"https:\/\/mesalestore.com\/en\/shop\/\"},{\"@type\":\"ListItem\",\"position\":3,\"name\":\"1-2-3 Demlikli Chromat Analog Full Otomatik \u00c7ay Kazan\u0131 Kutusu\"}]},{\"@type\":\"WebSite\",\"@id\":\"https:\/\/mesalestore.com\/en\/#website\",\"url\":\"https:\/\/mesalestore.com\/en\/\",\"name\":\"Me\u015fale Store\",\"description\":\"\",\"publisher\":{\"@id\":\"https:\/\/mesalestore.com\/en\/#organization\"},\"potentialAction\":[{\"@type\":\"SearchAction\",\"target\":{\"@type\":\"EntryPoint\",\"urlTemplate\":\"https:\/\/mesalestore.com\/en\/?s={search_term_string}\"},\"query-input\":{\"@type\":\"PropertyValueSpecification\",\"valueRequired\":true,\"valueName\":\"search_term_string\"}}],\"inLanguage\":\"en-US\"},{\"@type\":\"Organization\",\"@id\":\"https:\/\/mesalestore.com\/en\/#organization\",\"name\":\"Me\u015fale Store\",\"url\":\"https:\/\/mesalestore.com\/en\/\",\"logo\":{\"@type\":\"ImageObject\",\"inLanguage\":\"en-US\",\"@id\":\"https:\/\/mesalestore.com\/en\/#\/schema\/logo\/image\/\",\"url\":\"https:\/\/mesalestore.com\/wp-content\/uploads\/2026\/03\/logo-header-yeni-1.webp\",\"contentUrl\":\"https:\/\/mesalestore.com\/wp-content\/uploads\/2026\/03\/logo-header-yeni-1.webp\",\"width\":419,\"height\":147,\"caption\":\"Me\u015fale Store\"},\"image\":{\"@id\":\"https:\/\/mesalestore.com\/en\/#\/schema\/logo\/image\/\"},\"sameAs\":[\"https:\/\/www.facebook.com\/mesalecay\",\"https:\/\/x.com\/mesalecaykazan\",\"https:\/\/www.instagram.com\/mesalecaykazan\/\"]}]}<\/script>\n<!-- \/ Yoast SEO plugin. -->","yoast_head_json":{"title":"1-2-3 Demlikli Chromat Analog Full Otomatik \u00c7ay Kazan\u0131 Kutusu | Me\u015fale Store","description":"Me\u015fale 1-2-3 Demlikli Chromat Analog Full Otomatik \u00c7ay Kazan\u0131 Kutusu, \u00e7ay kazanlar\u0131n\u0131z i\u00e7in \u00f6zel olarak tasarlanm\u0131\u015f dayan\u0131kl\u0131 ve koruyucu bir muhafaza","robots":{"index":"index","follow":"follow","max-snippet":"max-snippet:-1","max-image-preview":"max-image-preview:large","max-video-preview":"max-video-preview:-1"},"canonical":"https:\/\/mesalestore.com\/en\/product\/1-2-3-demlikli-chromat-analog-full-otomatik-cay-kazani-kutusu\/","og_locale":"en_US","og_type":"article","og_title":"1-2-3 Demlikli Chromat Analog Full Otomatik \u00c7ay Kazan\u0131 Kutusu | Me\u015fale Store","og_description":"Me\u015fale 1-2-3 Demlikli Chromat Analog Full Otomatik \u00c7ay Kazan\u0131 Kutusu, \u00e7ay kazanlar\u0131n\u0131z i\u00e7in \u00f6zel olarak tasarlanm\u0131\u015f dayan\u0131kl\u0131 ve koruyucu bir muhafaza","og_url":"https:\/\/mesalestore.com\/en\/product\/1-2-3-demlikli-chromat-analog-full-otomatik-cay-kazani-kutusu\/","og_site_name":"Me\u015fale Store","article_publisher":"https:\/\/www.facebook.com\/mesalecay","article_modified_time":"2026-04-10T15:08:01+00:00","og_image":[{"width":1200,"height":1800,"url":"https:\/\/mesalestore.com\/wp-content\/uploads\/2026\/01\/1_org_zoom-121.jpg","type":"image\/jpeg"}],"twitter_card":"summary_large_image","twitter_site":"@mesalecaykazan","twitter_misc":{"Est. reading time":"1 minute"},"schema":{"@context":"https:\/\/schema.org","@graph":[{"@type":"WebPage","@id":"https:\/\/mesalestore.com\/en\/product\/1-2-3-demlikli-chromat-analog-full-otomatik-cay-kazani-kutusu\/","url":"https:\/\/mesalestore.com\/en\/product\/1-2-3-demlikli-chromat-analog-full-otomatik-cay-kazani-kutusu\/","name":"1-2-3 Demlikli Chromat Analog Full Otomatik \u00c7ay Kazan\u0131 Kutusu | Me\u015fale Store","isPartOf":{"@id":"https:\/\/mesalestore.com\/en\/#website"},"primaryImageOfPage":{"@id":"https:\/\/mesalestore.com\/en\/product\/1-2-3-demlikli-chromat-analog-full-otomatik-cay-kazani-kutusu\/#primaryimage"},"image":{"@id":"https:\/\/mesalestore.com\/en\/product\/1-2-3-demlikli-chromat-analog-full-otomatik-cay-kazani-kutusu\/#primaryimage"},"thumbnailUrl":"https:\/\/mesalestore.com\/wp-content\/uploads\/2026\/01\/1_org_zoom-121.jpg","datePublished":"2026-02-09T09:19:10+00:00","dateModified":"2026-04-10T15:08:01+00:00","description":"Me\u015fale 1-2-3 Demlikli Chromat Analog Full Otomatik \u00c7ay Kazan\u0131 Kutusu, \u00e7ay kazanlar\u0131n\u0131z i\u00e7in \u00f6zel olarak tasarlanm\u0131\u015f dayan\u0131kl\u0131 ve koruyucu bir muhafaza","breadcrumb":{"@id":"https:\/\/mesalestore.com\/en\/product\/1-2-3-demlikli-chromat-analog-full-otomatik-cay-kazani-kutusu\/#breadcrumb"},"inLanguage":"en-US","potentialAction":[{"@type":"ReadAction","target":["https:\/\/mesalestore.com\/en\/product\/1-2-3-demlikli-chromat-analog-full-otomatik-cay-kazani-kutusu\/"]}]},{"@type":"ImageObject","inLanguage":"en-US","@id":"https:\/\/mesalestore.com\/en\/product\/1-2-3-demlikli-chromat-analog-full-otomatik-cay-kazani-kutusu\/#primaryimage","url":"https:\/\/mesalestore.com\/wp-content\/uploads\/2026\/01\/1_org_zoom-121.jpg","contentUrl":"https:\/\/mesalestore.com\/wp-content\/uploads\/2026\/01\/1_org_zoom-121.jpg","width":1200,"height":1800},{"@type":"BreadcrumbList","@id":"https:\/\/mesalestore.com\/en\/product\/1-2-3-demlikli-chromat-analog-full-otomatik-cay-kazani-kutusu\/#breadcrumb","itemListElement":[{"@type":"ListItem","position":1,"name":"Anasayfa","item":"https:\/\/mesalestore.com\/en\/"},{"@type":"ListItem","position":2,"name":"Products","item":"https:\/\/mesalestore.com\/en\/shop\/"},{"@type":"ListItem","position":3,"name":"1-2-3 Demlikli Chromat Analog Full Otomatik \u00c7ay Kazan\u0131 Kutusu"}]},{"@type":"WebSite","@id":"https:\/\/mesalestore.com\/en\/#website","url":"https:\/\/mesalestore.com\/en\/","name":"Me\u015fale Store","description":"","publisher":{"@id":"https:\/\/mesalestore.com\/en\/#organization"},"potentialAction":[{"@type":"SearchAction","target":{"@type":"EntryPoint","urlTemplate":"https:\/\/mesalestore.com\/en\/?s={search_term_string}"},"query-input":{"@type":"PropertyValueSpecification","valueRequired":true,"valueName":"search_term_string"}}],"inLanguage":"en-US"},{"@type":"Organization","@id":"https:\/\/mesalestore.com\/en\/#organization","name":"Me\u015fale Store","url":"https:\/\/mesalestore.com\/en\/","logo":{"@type":"ImageObject","inLanguage":"en-US","@id":"https:\/\/mesalestore.com\/en\/#\/schema\/logo\/image\/","url":"https:\/\/mesalestore.com\/wp-content\/uploads\/2026\/03\/logo-header-yeni-1.webp","contentUrl":"https:\/\/mesalestore.com\/wp-content\/uploads\/2026\/03\/logo-header-yeni-1.webp","width":419,"height":147,"caption":"Me\u015fale Store"},"image":{"@id":"https:\/\/mesalestore.com\/en\/#\/schema\/logo\/image\/"},"sameAs":["https:\/\/www.facebook.com\/mesalecay","https:\/\/x.com\/mesalecaykazan","https:\/\/www.instagram.com\/mesalecaykazan\/"]}]}},"_links":{"self":[{"href":"https:\/\/mesalestore.com\/en\/wp-json\/wp\/v2\/product\/2476","targetHints":{"allow":["GET"]}}],"collection":[{"href":"https:\/\/mesalestore.com\/en\/wp-json\/wp\/v2\/product"}],"about":[{"href":"https:\/\/mesalestore.com\/en\/wp-json\/wp\/v2\/types\/product"}],"replies":[{"embeddable":true,"href":"https:\/\/mesalestore.com\/en\/wp-json\/wp\/v2\/comments?post=2476"}],"wp:featuredmedia":[{"embeddable":true,"href":"https:\/\/mesalestore.com\/en\/wp-json\/wp\/v2\/media\/637"}],"wp:attachment":[{"href":"https:\/\/mesalestore.com\/en\/wp-json\/wp\/v2\/media?parent=2476"}],"wp:term":[{"taxonomy":"product_brand","embeddable":true,"href":"https:\/\/mesalestore.com\/en\/wp-json\/wp\/v2\/product_brand?post=2476"},{"taxonomy":"product_cat","embeddable":true,"href":"https:\/\/mesalestore.com\/en\/wp-json\/wp\/v2\/product_cat?post=2476"},{"taxonomy":"product_tag","embeddable":true,"href":"https:\/\/mesalestore.com\/en\/wp-json\/wp\/v2\/product_tag?post=2476"}],"curies":[{"name":"wp","href":"https:\/\/api.w.org\/{rel}","templated":true}]}}