{"id":2471,"date":"2026-02-09T12:19:09","date_gmt":"2026-02-09T09:19:09","guid":{"rendered":"http:\/\/mesalestore.com\/product\/cay-kazani-dijital-isi-musuru\/"},"modified":"2026-04-10T18:06:07","modified_gmt":"2026-04-10T15:06:07","slug":"cay-kazani-dijital-isi-musuru","status":"publish","type":"product","link":"https:\/\/mesalestore.com\/en\/product\/cay-kazani-dijital-isi-musuru\/","title":{"rendered":"\u00c7ay Kazan\u0131 Dijital Is\u0131 M\u00fc\u015f\u00fcr\u00fc"},"content":{"rendered":"<p><strong>\u00c7ay Kazan\u0131 Dijital Is\u0131 M\u00fc\u015f\u00fcr\u00fc<\/strong>, \u00e7ay kazanlar\u0131n\u0131n <strong>s\u0131cakl\u0131k seviyesini hassas bir \u015fekilde \u00f6l\u00e7erek<\/strong><strong>otomatik \u0131s\u0131 kontrol\u00fc<\/strong> sa\u011flar. <strong>Dijital sens\u00f6r teknolojisi<\/strong> sayesinde suyun ideal s\u0131cakl\u0131kta kalmas\u0131n\u0131 destekleyerek, enerji tasarrufu ve s\u00fcrekli <strong>demleme kalitesi sunar<\/strong>. Me\u015fale ve di\u011fer uyumlu \u00e7ay kazanlar\u0131nda <strong>kolayca monte edilebilir<\/strong>, uzun \u00f6m\u00fcrl\u00fc ve <strong>dayan\u0131kl\u0131 yap\u0131ya sahiptir<\/strong>. \u00c7ay kazan\u0131n\u0131z\u0131n <strong>verimli ve g\u00fcvenli \u00e7al\u0131\u015fmas\u0131<\/strong> i\u00e7in <strong>\u00f6nemli bir yedek par\u00e7ad\u0131r<\/strong>.<\/p>","protected":false},"excerpt":{"rendered":"<p>\u00c7ay Kazan\u0131 Dijital Is\u0131 M\u00fc\u015f\u00fcr\u00fc, \u00e7ay kazanlar\u0131n\u0131n s\u0131cakl\u0131k seviyesini hassas bir \u015fekilde \u00f6l\u00e7erekotomatik \u0131s\u0131 kontrol\u00fc sa\u011flar. Dijital sens\u00f6r teknolojisi sayesinde suyun ideal s\u0131cakl\u0131kta kalmas\u0131n\u0131 destekleyerek, enerji tasarrufu ve s\u00fcrekli demleme kalitesi sunar. Me\u015fale ve di\u011fer uyumlu \u00e7ay kazanlar\u0131nda kolayca monte edilebilir, uzun \u00f6m\u00fcrl\u00fc ve dayan\u0131kl\u0131 yap\u0131ya sahiptir. \u00c7ay kazan\u0131n\u0131z\u0131n verimli ve g\u00fcvenli \u00e7al\u0131\u015fmas\u0131 i\u00e7in \u00f6nemli [&hellip;]<\/p>\n","protected":false},"featured_media":609,"comment_status":"closed","ping_status":"closed","template":"","meta":[],"product_brand":[7750],"product_cat":[7986],"product_tag":[4896,4897,4898,4899,4900,4901,478,4889,4890,4891,4892,4893,4894,4895,4902,4910,4911,4912,4913,4914,485,4903,4904,4905,4906,4907,4908,4909,4915],"class_list":{"0":"post-2471","1":"product","2":"type-product","3":"status-publish","4":"has-post-thumbnail","6":"product_brand-demsu","7":"product_cat-termostat-salter","8":"product_tag-cay-dijital","9":"product_tag-cay-dijital-isi","10":"product_tag-cay-dijital-isi-musuru","11":"product_tag-cay-dijital-musuru","12":"product_tag-cay-isi","13":"product_tag-cay-isi-musuru","14":"product_tag-cay-kazani","15":"product_tag-cay-kazani-dijital","16":"product_tag-cay-kazani-dijital-isi","17":"product_tag-cay-kazani-dijital-isi-musuru","18":"product_tag-cay-kazani-dijital-musuru","19":"product_tag-cay-kazani-isi","20":"product_tag-cay-kazani-isi-musuru","21":"product_tag-cay-kazani-musuru","22":"product_tag-cay-musuru","23":"product_tag-dijital","24":"product_tag-dijital-isi","25":"product_tag-dijital-isi-musuru","26":"product_tag-dijital-musuru","27":"product_tag-isi-musuru","28":"product_tag-kazani","29":"product_tag-kazani-dijital","30":"product_tag-kazani-dijital-isi","31":"product_tag-kazani-dijital-isi-musuru","32":"product_tag-kazani-dijital-musuru","33":"product_tag-kazani-isi","34":"product_tag-kazani-isi-musuru","35":"product_tag-kazani-musuru","36":"product_tag-musuru","38":"first","39":"instock","40":"taxable","41":"shipping-taxable","42":"purchasable","43":"product-type-simple"},"yoast_head":"<!-- This site is optimized with the Yoast SEO plugin v27.1.1 - https:\/\/yoast.com\/product\/yoast-seo-wordpress\/ -->\n<title>\u00c7ay Kazan\u0131 Dijital Is\u0131 M\u00fc\u015f\u00fcr\u00fc | Me\u015fale Store<\/title>\n<meta name=\"description\" content=\"\u00c7ay Kazan\u0131 Dijital Is\u0131 M\u00fc\u015f\u00fcr\u00fc, \u00e7ay kazanlar\u0131n\u0131n s\u0131cakl\u0131k seviyesini hassas bir \u015fekilde \u00f6l\u00e7erekotomatik \u0131s\u0131 kontrol\u00fc sa\u011flar. Dijital sens\u00f6r teknolojisi\" \/>\n<meta name=\"robots\" content=\"index, follow, max-snippet:-1, max-image-preview:large, max-video-preview:-1\" \/>\n<link rel=\"canonical\" href=\"https:\/\/mesalestore.com\/en\/product\/cay-kazani-dijital-isi-musuru\/\" \/>\n<meta property=\"og:locale\" content=\"en_US\" \/>\n<meta property=\"og:type\" content=\"article\" \/>\n<meta property=\"og:title\" content=\"\u00c7ay Kazan\u0131 Dijital Is\u0131 M\u00fc\u015f\u00fcr\u00fc | Me\u015fale Store\" \/>\n<meta property=\"og:description\" content=\"\u00c7ay Kazan\u0131 Dijital Is\u0131 M\u00fc\u015f\u00fcr\u00fc, \u00e7ay kazanlar\u0131n\u0131n s\u0131cakl\u0131k seviyesini hassas bir \u015fekilde \u00f6l\u00e7erekotomatik \u0131s\u0131 kontrol\u00fc sa\u011flar. Dijital sens\u00f6r teknolojisi\" \/>\n<meta property=\"og:url\" content=\"https:\/\/mesalestore.com\/en\/product\/cay-kazani-dijital-isi-musuru\/\" \/>\n<meta property=\"og:site_name\" content=\"Me\u015fale Store\" \/>\n<meta property=\"article:publisher\" content=\"https:\/\/www.facebook.com\/mesalecay\" \/>\n<meta property=\"article:modified_time\" content=\"2026-04-10T15:06:07+00:00\" \/>\n<meta property=\"og:image\" content=\"https:\/\/mesalestore.com\/wp-content\/uploads\/2026\/01\/1_org_zoom-116.jpg\" \/>\n\t<meta property=\"og:image:width\" content=\"1200\" \/>\n\t<meta property=\"og:image:height\" content=\"1800\" \/>\n\t<meta property=\"og:image:type\" content=\"image\/jpeg\" \/>\n<meta name=\"twitter:card\" content=\"summary_large_image\" \/>\n<meta name=\"twitter:site\" content=\"@mesalecaykazan\" \/>\n<meta name=\"twitter:label1\" content=\"Est. reading time\" \/>\n\t<meta name=\"twitter:data1\" content=\"1 minute\" \/>\n<script type=\"application\/ld+json\" class=\"yoast-schema-graph\">{\"@context\":\"https:\/\/schema.org\",\"@graph\":[{\"@type\":\"WebPage\",\"@id\":\"https:\/\/mesalestore.com\/en\/product\/cay-kazani-dijital-isi-musuru\/\",\"url\":\"https:\/\/mesalestore.com\/en\/product\/cay-kazani-dijital-isi-musuru\/\",\"name\":\"\u00c7ay Kazan\u0131 Dijital Is\u0131 M\u00fc\u015f\u00fcr\u00fc | Me\u015fale Store\",\"isPartOf\":{\"@id\":\"https:\/\/mesalestore.com\/en\/#website\"},\"primaryImageOfPage\":{\"@id\":\"https:\/\/mesalestore.com\/en\/product\/cay-kazani-dijital-isi-musuru\/#primaryimage\"},\"image\":{\"@id\":\"https:\/\/mesalestore.com\/en\/product\/cay-kazani-dijital-isi-musuru\/#primaryimage\"},\"thumbnailUrl\":\"https:\/\/mesalestore.com\/wp-content\/uploads\/2026\/01\/1_org_zoom-116.jpg\",\"datePublished\":\"2026-02-09T09:19:09+00:00\",\"dateModified\":\"2026-04-10T15:06:07+00:00\",\"description\":\"\u00c7ay Kazan\u0131 Dijital Is\u0131 M\u00fc\u015f\u00fcr\u00fc, \u00e7ay kazanlar\u0131n\u0131n s\u0131cakl\u0131k seviyesini hassas bir \u015fekilde \u00f6l\u00e7erekotomatik \u0131s\u0131 kontrol\u00fc sa\u011flar. Dijital sens\u00f6r teknolojisi\",\"breadcrumb\":{\"@id\":\"https:\/\/mesalestore.com\/en\/product\/cay-kazani-dijital-isi-musuru\/#breadcrumb\"},\"inLanguage\":\"en-US\",\"potentialAction\":[{\"@type\":\"ReadAction\",\"target\":[\"https:\/\/mesalestore.com\/en\/product\/cay-kazani-dijital-isi-musuru\/\"]}]},{\"@type\":\"ImageObject\",\"inLanguage\":\"en-US\",\"@id\":\"https:\/\/mesalestore.com\/en\/product\/cay-kazani-dijital-isi-musuru\/#primaryimage\",\"url\":\"https:\/\/mesalestore.com\/wp-content\/uploads\/2026\/01\/1_org_zoom-116.jpg\",\"contentUrl\":\"https:\/\/mesalestore.com\/wp-content\/uploads\/2026\/01\/1_org_zoom-116.jpg\",\"width\":1200,\"height\":1800},{\"@type\":\"BreadcrumbList\",\"@id\":\"https:\/\/mesalestore.com\/en\/product\/cay-kazani-dijital-isi-musuru\/#breadcrumb\",\"itemListElement\":[{\"@type\":\"ListItem\",\"position\":1,\"name\":\"Anasayfa\",\"item\":\"https:\/\/mesalestore.com\/en\/\"},{\"@type\":\"ListItem\",\"position\":2,\"name\":\"Products\",\"item\":\"https:\/\/mesalestore.com\/en\/shop\/\"},{\"@type\":\"ListItem\",\"position\":3,\"name\":\"\u00c7ay Kazan\u0131 Dijital Is\u0131 M\u00fc\u015f\u00fcr\u00fc\"}]},{\"@type\":\"WebSite\",\"@id\":\"https:\/\/mesalestore.com\/en\/#website\",\"url\":\"https:\/\/mesalestore.com\/en\/\",\"name\":\"Me\u015fale Store\",\"description\":\"\",\"publisher\":{\"@id\":\"https:\/\/mesalestore.com\/en\/#organization\"},\"potentialAction\":[{\"@type\":\"SearchAction\",\"target\":{\"@type\":\"EntryPoint\",\"urlTemplate\":\"https:\/\/mesalestore.com\/en\/?s={search_term_string}\"},\"query-input\":{\"@type\":\"PropertyValueSpecification\",\"valueRequired\":true,\"valueName\":\"search_term_string\"}}],\"inLanguage\":\"en-US\"},{\"@type\":\"Organization\",\"@id\":\"https:\/\/mesalestore.com\/en\/#organization\",\"name\":\"Me\u015fale Store\",\"url\":\"https:\/\/mesalestore.com\/en\/\",\"logo\":{\"@type\":\"ImageObject\",\"inLanguage\":\"en-US\",\"@id\":\"https:\/\/mesalestore.com\/en\/#\/schema\/logo\/image\/\",\"url\":\"https:\/\/mesalestore.com\/wp-content\/uploads\/2026\/03\/logo-header-yeni-1.webp\",\"contentUrl\":\"https:\/\/mesalestore.com\/wp-content\/uploads\/2026\/03\/logo-header-yeni-1.webp\",\"width\":419,\"height\":147,\"caption\":\"Me\u015fale Store\"},\"image\":{\"@id\":\"https:\/\/mesalestore.com\/en\/#\/schema\/logo\/image\/\"},\"sameAs\":[\"https:\/\/www.facebook.com\/mesalecay\",\"https:\/\/x.com\/mesalecaykazan\",\"https:\/\/www.instagram.com\/mesalecaykazan\/\"]}]}<\/script>\n<!-- \/ Yoast SEO plugin. -->","yoast_head_json":{"title":"\u00c7ay Kazan\u0131 Dijital Is\u0131 M\u00fc\u015f\u00fcr\u00fc | Me\u015fale Store","description":"\u00c7ay Kazan\u0131 Dijital Is\u0131 M\u00fc\u015f\u00fcr\u00fc, \u00e7ay kazanlar\u0131n\u0131n s\u0131cakl\u0131k seviyesini hassas bir \u015fekilde \u00f6l\u00e7erekotomatik \u0131s\u0131 kontrol\u00fc sa\u011flar. Dijital sens\u00f6r teknolojisi","robots":{"index":"index","follow":"follow","max-snippet":"max-snippet:-1","max-image-preview":"max-image-preview:large","max-video-preview":"max-video-preview:-1"},"canonical":"https:\/\/mesalestore.com\/en\/product\/cay-kazani-dijital-isi-musuru\/","og_locale":"en_US","og_type":"article","og_title":"\u00c7ay Kazan\u0131 Dijital Is\u0131 M\u00fc\u015f\u00fcr\u00fc | Me\u015fale Store","og_description":"\u00c7ay Kazan\u0131 Dijital Is\u0131 M\u00fc\u015f\u00fcr\u00fc, \u00e7ay kazanlar\u0131n\u0131n s\u0131cakl\u0131k seviyesini hassas bir \u015fekilde \u00f6l\u00e7erekotomatik \u0131s\u0131 kontrol\u00fc sa\u011flar. Dijital sens\u00f6r teknolojisi","og_url":"https:\/\/mesalestore.com\/en\/product\/cay-kazani-dijital-isi-musuru\/","og_site_name":"Me\u015fale Store","article_publisher":"https:\/\/www.facebook.com\/mesalecay","article_modified_time":"2026-04-10T15:06:07+00:00","og_image":[{"width":1200,"height":1800,"url":"https:\/\/mesalestore.com\/wp-content\/uploads\/2026\/01\/1_org_zoom-116.jpg","type":"image\/jpeg"}],"twitter_card":"summary_large_image","twitter_site":"@mesalecaykazan","twitter_misc":{"Est. reading time":"1 minute"},"schema":{"@context":"https:\/\/schema.org","@graph":[{"@type":"WebPage","@id":"https:\/\/mesalestore.com\/en\/product\/cay-kazani-dijital-isi-musuru\/","url":"https:\/\/mesalestore.com\/en\/product\/cay-kazani-dijital-isi-musuru\/","name":"\u00c7ay Kazan\u0131 Dijital Is\u0131 M\u00fc\u015f\u00fcr\u00fc | Me\u015fale Store","isPartOf":{"@id":"https:\/\/mesalestore.com\/en\/#website"},"primaryImageOfPage":{"@id":"https:\/\/mesalestore.com\/en\/product\/cay-kazani-dijital-isi-musuru\/#primaryimage"},"image":{"@id":"https:\/\/mesalestore.com\/en\/product\/cay-kazani-dijital-isi-musuru\/#primaryimage"},"thumbnailUrl":"https:\/\/mesalestore.com\/wp-content\/uploads\/2026\/01\/1_org_zoom-116.jpg","datePublished":"2026-02-09T09:19:09+00:00","dateModified":"2026-04-10T15:06:07+00:00","description":"\u00c7ay Kazan\u0131 Dijital Is\u0131 M\u00fc\u015f\u00fcr\u00fc, \u00e7ay kazanlar\u0131n\u0131n s\u0131cakl\u0131k seviyesini hassas bir \u015fekilde \u00f6l\u00e7erekotomatik \u0131s\u0131 kontrol\u00fc sa\u011flar. Dijital sens\u00f6r teknolojisi","breadcrumb":{"@id":"https:\/\/mesalestore.com\/en\/product\/cay-kazani-dijital-isi-musuru\/#breadcrumb"},"inLanguage":"en-US","potentialAction":[{"@type":"ReadAction","target":["https:\/\/mesalestore.com\/en\/product\/cay-kazani-dijital-isi-musuru\/"]}]},{"@type":"ImageObject","inLanguage":"en-US","@id":"https:\/\/mesalestore.com\/en\/product\/cay-kazani-dijital-isi-musuru\/#primaryimage","url":"https:\/\/mesalestore.com\/wp-content\/uploads\/2026\/01\/1_org_zoom-116.jpg","contentUrl":"https:\/\/mesalestore.com\/wp-content\/uploads\/2026\/01\/1_org_zoom-116.jpg","width":1200,"height":1800},{"@type":"BreadcrumbList","@id":"https:\/\/mesalestore.com\/en\/product\/cay-kazani-dijital-isi-musuru\/#breadcrumb","itemListElement":[{"@type":"ListItem","position":1,"name":"Anasayfa","item":"https:\/\/mesalestore.com\/en\/"},{"@type":"ListItem","position":2,"name":"Products","item":"https:\/\/mesalestore.com\/en\/shop\/"},{"@type":"ListItem","position":3,"name":"\u00c7ay Kazan\u0131 Dijital Is\u0131 M\u00fc\u015f\u00fcr\u00fc"}]},{"@type":"WebSite","@id":"https:\/\/mesalestore.com\/en\/#website","url":"https:\/\/mesalestore.com\/en\/","name":"Me\u015fale Store","description":"","publisher":{"@id":"https:\/\/mesalestore.com\/en\/#organization"},"potentialAction":[{"@type":"SearchAction","target":{"@type":"EntryPoint","urlTemplate":"https:\/\/mesalestore.com\/en\/?s={search_term_string}"},"query-input":{"@type":"PropertyValueSpecification","valueRequired":true,"valueName":"search_term_string"}}],"inLanguage":"en-US"},{"@type":"Organization","@id":"https:\/\/mesalestore.com\/en\/#organization","name":"Me\u015fale Store","url":"https:\/\/mesalestore.com\/en\/","logo":{"@type":"ImageObject","inLanguage":"en-US","@id":"https:\/\/mesalestore.com\/en\/#\/schema\/logo\/image\/","url":"https:\/\/mesalestore.com\/wp-content\/uploads\/2026\/03\/logo-header-yeni-1.webp","contentUrl":"https:\/\/mesalestore.com\/wp-content\/uploads\/2026\/03\/logo-header-yeni-1.webp","width":419,"height":147,"caption":"Me\u015fale Store"},"image":{"@id":"https:\/\/mesalestore.com\/en\/#\/schema\/logo\/image\/"},"sameAs":["https:\/\/www.facebook.com\/mesalecay","https:\/\/x.com\/mesalecaykazan","https:\/\/www.instagram.com\/mesalecaykazan\/"]}]}},"_links":{"self":[{"href":"https:\/\/mesalestore.com\/en\/wp-json\/wp\/v2\/product\/2471","targetHints":{"allow":["GET"]}}],"collection":[{"href":"https:\/\/mesalestore.com\/en\/wp-json\/wp\/v2\/product"}],"about":[{"href":"https:\/\/mesalestore.com\/en\/wp-json\/wp\/v2\/types\/product"}],"replies":[{"embeddable":true,"href":"https:\/\/mesalestore.com\/en\/wp-json\/wp\/v2\/comments?post=2471"}],"wp:featuredmedia":[{"embeddable":true,"href":"https:\/\/mesalestore.com\/en\/wp-json\/wp\/v2\/media\/609"}],"wp:attachment":[{"href":"https:\/\/mesalestore.com\/en\/wp-json\/wp\/v2\/media?parent=2471"}],"wp:term":[{"taxonomy":"product_brand","embeddable":true,"href":"https:\/\/mesalestore.com\/en\/wp-json\/wp\/v2\/product_brand?post=2471"},{"taxonomy":"product_cat","embeddable":true,"href":"https:\/\/mesalestore.com\/en\/wp-json\/wp\/v2\/product_cat?post=2471"},{"taxonomy":"product_tag","embeddable":true,"href":"https:\/\/mesalestore.com\/en\/wp-json\/wp\/v2\/product_tag?post=2471"}],"curies":[{"name":"wp","href":"https:\/\/api.w.org\/{rel}","templated":true}]}}