{"id":2469,"date":"2026-02-09T12:19:08","date_gmt":"2026-02-09T09:19:08","guid":{"rendered":"http:\/\/mesalestore.com\/product\/cay-kazani-ocagi-bruloru-105-mm\/"},"modified":"2026-05-02T17:10:45","modified_gmt":"2026-05-02T14:10:45","slug":"cay-kazani-ocagi-bruloru-105-mm","status":"publish","type":"product","link":"https:\/\/mesalestore.com\/en\/product\/cay-kazani-ocagi-bruloru-105-mm\/","title":{"rendered":"\u00c7ay Kazan\u0131 Oca\u011f\u0131 Br\u00fcl\u00f6r\u00fc 105 Mm"},"content":{"rendered":"<p><strong>\u00c7ay Kazan\u0131 Oca\u011f\u0131 Br\u00fcl\u00f6r\u00fc 105 Mm<\/strong>, \u00e7ay kazan\u0131n\u0131z\u0131n m\u00fckemmel performansla \u00e7al\u0131\u015fmas\u0131n\u0131 sa\u011flayan \u00f6nemli bir par\u00e7ad\u0131r. 105 mm boyutunda olan bu br\u00fcl\u00f6r, \u00e7ay kazan\u0131 oca\u011f\u0131n\u0131z\u0131n verimli bir \u015fekilde \u0131s\u0131nmas\u0131na olanak tan\u0131r. Y\u00fcksek kaliteli malzemelerle \u00fcretilen <strong>br\u00fcl\u00f6r<\/strong>, enerji verimlili\u011fi sa\u011flarken, h\u0131zl\u0131 \u0131s\u0131nma ve uzun \u00f6m\u00fcrl\u00fc kullan\u0131m \u00f6zellikleriyle \u00f6ne \u00e7\u0131kar. <strong>\u00c7ay kazan\u0131 br\u00fcl\u00f6r\u00fc<\/strong>, montaj\u0131 kolayd\u0131r ve dayan\u0131kl\u0131 yap\u0131s\u0131 sayesinde uzun s\u00fcre g\u00fcvenle kullan\u0131labilir. <strong>\u00c7ay kazan\u0131 oca\u011f\u0131 br\u00fcl\u00f6r\u00fc<\/strong>, cihaz\u0131n\u0131z\u0131n performans\u0131n\u0131 art\u0131r\u0131rken, \u00e7ay haz\u0131rlama s\u00fcre\u00e7lerinizi h\u0131zland\u0131r\u0131r. <strong>\u00c7ay kazan\u0131 yedek par\u00e7as\u0131<\/strong> olarak, cihaz\u0131n\u0131z\u0131n sa\u011fl\u0131kl\u0131 \u00e7al\u0131\u015fmas\u0131n\u0131 s\u00fcrd\u00fcrebilirsiniz.<\/p>","protected":false},"excerpt":{"rendered":"<p>\u00c7ay Kazan\u0131 Oca\u011f\u0131 Br\u00fcl\u00f6r\u00fc 105 Mm, \u00e7ay kazan\u0131n\u0131z\u0131n m\u00fckemmel performansla \u00e7al\u0131\u015fmas\u0131n\u0131 sa\u011flayan \u00f6nemli bir par\u00e7ad\u0131r. 105 mm boyutunda olan bu br\u00fcl\u00f6r, \u00e7ay kazan\u0131 oca\u011f\u0131n\u0131z\u0131n verimli bir \u015fekilde \u0131s\u0131nmas\u0131na olanak tan\u0131r. Y\u00fcksek kaliteli malzemelerle \u00fcretilen br\u00fcl\u00f6r, enerji verimlili\u011fi sa\u011flarken, h\u0131zl\u0131 \u0131s\u0131nma ve uzun \u00f6m\u00fcrl\u00fc kullan\u0131m \u00f6zellikleriyle \u00f6ne \u00e7\u0131kar. \u00c7ay kazan\u0131 br\u00fcl\u00f6r\u00fc, montaj\u0131 kolayd\u0131r ve dayan\u0131kl\u0131 yap\u0131s\u0131 [&hellip;]<\/p>\n","protected":false},"featured_media":599,"comment_status":"closed","ping_status":"closed","template":"","meta":[],"product_brand":[7750],"product_cat":[8000],"product_tag":[5760,5761,5721,5758,5759,5724,478,5752,5753,5706,5750,5751,5709,5712,5698,5748,5749,5699,5746,5747,5702,5705,5727,5713,5756,5757,5714,5754,5755,5717,5720,485,5768,5769,5736,5766,5767,5739,5742,5728,5764,5765,5729,5762,5763,5732,5735,5743,5744,5770],"class_list":{"0":"post-2469","1":"product","2":"type-product","3":"status-publish","4":"has-post-thumbnail","6":"product_brand-demsu","7":"product_cat-diger","8":"product_tag-cay-105","9":"product_tag-cay-105-mm","10":"product_tag-cay-bruloru","11":"product_tag-cay-bruloru-105","12":"product_tag-cay-bruloru-105-mm","13":"product_tag-cay-bruloru-mm","14":"product_tag-cay-kazani","15":"product_tag-cay-kazani-105","16":"product_tag-cay-kazani-105-mm","17":"product_tag-cay-kazani-bruloru","18":"product_tag-cay-kazani-bruloru-105","19":"product_tag-cay-kazani-bruloru-105-mm","20":"product_tag-cay-kazani-bruloru-mm","21":"product_tag-cay-kazani-mm","22":"product_tag-cay-kazani-ocagi","23":"product_tag-cay-kazani-ocagi-105","24":"product_tag-cay-kazani-ocagi-105-mm","25":"product_tag-cay-kazani-ocagi-bruloru","26":"product_tag-cay-kazani-ocagi-bruloru-105","27":"product_tag-cay-kazani-ocagi-bruloru-105-mm","28":"product_tag-cay-kazani-ocagi-bruloru-mm","29":"product_tag-cay-kazani-ocagi-mm","30":"product_tag-cay-mm","31":"product_tag-cay-ocagi","32":"product_tag-cay-ocagi-105","33":"product_tag-cay-ocagi-105-mm","34":"product_tag-cay-ocagi-bruloru","35":"product_tag-cay-ocagi-bruloru-105","36":"product_tag-cay-ocagi-bruloru-105-mm","37":"product_tag-cay-ocagi-bruloru-mm","38":"product_tag-cay-ocagi-mm","39":"product_tag-kazani","40":"product_tag-kazani-105","41":"product_tag-kazani-105-mm","42":"product_tag-kazani-bruloru","43":"product_tag-kazani-bruloru-105","44":"product_tag-kazani-bruloru-105-mm","45":"product_tag-kazani-bruloru-mm","46":"product_tag-kazani-mm","47":"product_tag-kazani-ocagi","48":"product_tag-kazani-ocagi-105","49":"product_tag-kazani-ocagi-105-mm","50":"product_tag-kazani-ocagi-bruloru","51":"product_tag-kazani-ocagi-bruloru-105","52":"product_tag-kazani-ocagi-bruloru-105-mm","53":"product_tag-kazani-ocagi-bruloru-mm","54":"product_tag-kazani-ocagi-mm","55":"product_tag-ocagi","56":"product_tag-ocagi-bruloru","57":"product_tag-ocagi-bruloru-105","59":"first","60":"instock","61":"taxable","62":"shipping-taxable","63":"purchasable","64":"product-type-variable"},"yoast_head":"<!-- This site is optimized with the Yoast SEO plugin v27.1.1 - https:\/\/yoast.com\/product\/yoast-seo-wordpress\/ -->\n<title>\u00c7ay Kazan\u0131 Oca\u011f\u0131 Br\u00fcl\u00f6r\u00fc 105 Mm | Me\u015fale Store<\/title>\n<meta name=\"description\" content=\"\u00c7ay Kazan\u0131 Oca\u011f\u0131 Br\u00fcl\u00f6r\u00fc 105 Mm, \u00e7ay kazan\u0131n\u0131z\u0131n m\u00fckemmel performansla \u00e7al\u0131\u015fmas\u0131n\u0131 sa\u011flayan \u00f6nemli bir par\u00e7ad\u0131r. 105 mm boyutunda olan bu br\u00fcl\u00f6r, \u00e7ay\" \/>\n<meta name=\"robots\" content=\"index, follow, max-snippet:-1, max-image-preview:large, max-video-preview:-1\" \/>\n<link rel=\"canonical\" href=\"https:\/\/mesalestore.com\/en\/product\/cay-kazani-ocagi-bruloru-105-mm\/\" \/>\n<meta property=\"og:locale\" content=\"en_US\" \/>\n<meta property=\"og:type\" content=\"article\" \/>\n<meta property=\"og:title\" content=\"\u00c7ay Kazan\u0131 Oca\u011f\u0131 Br\u00fcl\u00f6r\u00fc 105 Mm | Me\u015fale Store\" \/>\n<meta property=\"og:description\" content=\"\u00c7ay Kazan\u0131 Oca\u011f\u0131 Br\u00fcl\u00f6r\u00fc 105 Mm, \u00e7ay kazan\u0131n\u0131z\u0131n m\u00fckemmel performansla \u00e7al\u0131\u015fmas\u0131n\u0131 sa\u011flayan \u00f6nemli bir par\u00e7ad\u0131r. 105 mm boyutunda olan bu br\u00fcl\u00f6r, \u00e7ay\" \/>\n<meta property=\"og:url\" content=\"https:\/\/mesalestore.com\/en\/product\/cay-kazani-ocagi-bruloru-105-mm\/\" \/>\n<meta property=\"og:site_name\" content=\"Me\u015fale Store\" \/>\n<meta property=\"article:publisher\" content=\"https:\/\/www.facebook.com\/mesalecay\" \/>\n<meta property=\"article:modified_time\" content=\"2026-05-02T14:10:45+00:00\" \/>\n<meta property=\"og:image\" content=\"https:\/\/mesalestore.com\/wp-content\/uploads\/2026\/01\/1_org_zoom-114.jpg\" \/>\n\t<meta property=\"og:image:width\" content=\"1200\" \/>\n\t<meta property=\"og:image:height\" content=\"1800\" \/>\n\t<meta property=\"og:image:type\" content=\"image\/jpeg\" \/>\n<meta name=\"twitter:card\" content=\"summary_large_image\" \/>\n<meta name=\"twitter:site\" content=\"@mesalecaykazan\" \/>\n<meta name=\"twitter:label1\" content=\"Est. reading time\" \/>\n\t<meta name=\"twitter:data1\" content=\"1 minute\" \/>\n<script type=\"application\/ld+json\" class=\"yoast-schema-graph\">{\"@context\":\"https:\/\/schema.org\",\"@graph\":[{\"@type\":\"WebPage\",\"@id\":\"https:\/\/mesalestore.com\/en\/product\/cay-kazani-ocagi-bruloru-105-mm\/\",\"url\":\"https:\/\/mesalestore.com\/en\/product\/cay-kazani-ocagi-bruloru-105-mm\/\",\"name\":\"\u00c7ay Kazan\u0131 Oca\u011f\u0131 Br\u00fcl\u00f6r\u00fc 105 Mm | Me\u015fale Store\",\"isPartOf\":{\"@id\":\"https:\/\/mesalestore.com\/en\/#website\"},\"primaryImageOfPage\":{\"@id\":\"https:\/\/mesalestore.com\/en\/product\/cay-kazani-ocagi-bruloru-105-mm\/#primaryimage\"},\"image\":{\"@id\":\"https:\/\/mesalestore.com\/en\/product\/cay-kazani-ocagi-bruloru-105-mm\/#primaryimage\"},\"thumbnailUrl\":\"https:\/\/mesalestore.com\/wp-content\/uploads\/2026\/01\/1_org_zoom-114.jpg\",\"datePublished\":\"2026-02-09T09:19:08+00:00\",\"dateModified\":\"2026-05-02T14:10:45+00:00\",\"description\":\"\u00c7ay Kazan\u0131 Oca\u011f\u0131 Br\u00fcl\u00f6r\u00fc 105 Mm, \u00e7ay kazan\u0131n\u0131z\u0131n m\u00fckemmel performansla \u00e7al\u0131\u015fmas\u0131n\u0131 sa\u011flayan \u00f6nemli bir par\u00e7ad\u0131r. 105 mm boyutunda olan bu br\u00fcl\u00f6r, \u00e7ay\",\"breadcrumb\":{\"@id\":\"https:\/\/mesalestore.com\/en\/product\/cay-kazani-ocagi-bruloru-105-mm\/#breadcrumb\"},\"inLanguage\":\"en-US\",\"potentialAction\":[{\"@type\":\"ReadAction\",\"target\":[\"https:\/\/mesalestore.com\/en\/product\/cay-kazani-ocagi-bruloru-105-mm\/\"]}]},{\"@type\":\"ImageObject\",\"inLanguage\":\"en-US\",\"@id\":\"https:\/\/mesalestore.com\/en\/product\/cay-kazani-ocagi-bruloru-105-mm\/#primaryimage\",\"url\":\"https:\/\/mesalestore.com\/wp-content\/uploads\/2026\/01\/1_org_zoom-114.jpg\",\"contentUrl\":\"https:\/\/mesalestore.com\/wp-content\/uploads\/2026\/01\/1_org_zoom-114.jpg\",\"width\":1200,\"height\":1800},{\"@type\":\"BreadcrumbList\",\"@id\":\"https:\/\/mesalestore.com\/en\/product\/cay-kazani-ocagi-bruloru-105-mm\/#breadcrumb\",\"itemListElement\":[{\"@type\":\"ListItem\",\"position\":1,\"name\":\"Anasayfa\",\"item\":\"https:\/\/mesalestore.com\/en\/\"},{\"@type\":\"ListItem\",\"position\":2,\"name\":\"Products\",\"item\":\"https:\/\/mesalestore.com\/en\/shop\/\"},{\"@type\":\"ListItem\",\"position\":3,\"name\":\"\u00c7ay Kazan\u0131 Oca\u011f\u0131 Br\u00fcl\u00f6r\u00fc 105 Mm\"}]},{\"@type\":\"WebSite\",\"@id\":\"https:\/\/mesalestore.com\/en\/#website\",\"url\":\"https:\/\/mesalestore.com\/en\/\",\"name\":\"Me\u015fale Store\",\"description\":\"\",\"publisher\":{\"@id\":\"https:\/\/mesalestore.com\/en\/#organization\"},\"potentialAction\":[{\"@type\":\"SearchAction\",\"target\":{\"@type\":\"EntryPoint\",\"urlTemplate\":\"https:\/\/mesalestore.com\/en\/?s={search_term_string}\"},\"query-input\":{\"@type\":\"PropertyValueSpecification\",\"valueRequired\":true,\"valueName\":\"search_term_string\"}}],\"inLanguage\":\"en-US\"},{\"@type\":\"Organization\",\"@id\":\"https:\/\/mesalestore.com\/en\/#organization\",\"name\":\"Me\u015fale Store\",\"url\":\"https:\/\/mesalestore.com\/en\/\",\"logo\":{\"@type\":\"ImageObject\",\"inLanguage\":\"en-US\",\"@id\":\"https:\/\/mesalestore.com\/en\/#\/schema\/logo\/image\/\",\"url\":\"https:\/\/mesalestore.com\/wp-content\/uploads\/2026\/03\/logo-header-yeni-1.webp\",\"contentUrl\":\"https:\/\/mesalestore.com\/wp-content\/uploads\/2026\/03\/logo-header-yeni-1.webp\",\"width\":419,\"height\":147,\"caption\":\"Me\u015fale Store\"},\"image\":{\"@id\":\"https:\/\/mesalestore.com\/en\/#\/schema\/logo\/image\/\"},\"sameAs\":[\"https:\/\/www.facebook.com\/mesalecay\",\"https:\/\/x.com\/mesalecaykazan\",\"https:\/\/www.instagram.com\/mesalecaykazan\/\"]}]}<\/script>\n<!-- \/ Yoast SEO plugin. -->","yoast_head_json":{"title":"\u00c7ay Kazan\u0131 Oca\u011f\u0131 Br\u00fcl\u00f6r\u00fc 105 Mm | Me\u015fale Store","description":"\u00c7ay Kazan\u0131 Oca\u011f\u0131 Br\u00fcl\u00f6r\u00fc 105 Mm, \u00e7ay kazan\u0131n\u0131z\u0131n m\u00fckemmel performansla \u00e7al\u0131\u015fmas\u0131n\u0131 sa\u011flayan \u00f6nemli bir par\u00e7ad\u0131r. 105 mm boyutunda olan bu br\u00fcl\u00f6r, \u00e7ay","robots":{"index":"index","follow":"follow","max-snippet":"max-snippet:-1","max-image-preview":"max-image-preview:large","max-video-preview":"max-video-preview:-1"},"canonical":"https:\/\/mesalestore.com\/en\/product\/cay-kazani-ocagi-bruloru-105-mm\/","og_locale":"en_US","og_type":"article","og_title":"\u00c7ay Kazan\u0131 Oca\u011f\u0131 Br\u00fcl\u00f6r\u00fc 105 Mm | Me\u015fale Store","og_description":"\u00c7ay Kazan\u0131 Oca\u011f\u0131 Br\u00fcl\u00f6r\u00fc 105 Mm, \u00e7ay kazan\u0131n\u0131z\u0131n m\u00fckemmel performansla \u00e7al\u0131\u015fmas\u0131n\u0131 sa\u011flayan \u00f6nemli bir par\u00e7ad\u0131r. 105 mm boyutunda olan bu br\u00fcl\u00f6r, \u00e7ay","og_url":"https:\/\/mesalestore.com\/en\/product\/cay-kazani-ocagi-bruloru-105-mm\/","og_site_name":"Me\u015fale Store","article_publisher":"https:\/\/www.facebook.com\/mesalecay","article_modified_time":"2026-05-02T14:10:45+00:00","og_image":[{"width":1200,"height":1800,"url":"https:\/\/mesalestore.com\/wp-content\/uploads\/2026\/01\/1_org_zoom-114.jpg","type":"image\/jpeg"}],"twitter_card":"summary_large_image","twitter_site":"@mesalecaykazan","twitter_misc":{"Est. reading time":"1 minute"},"schema":{"@context":"https:\/\/schema.org","@graph":[{"@type":"WebPage","@id":"https:\/\/mesalestore.com\/en\/product\/cay-kazani-ocagi-bruloru-105-mm\/","url":"https:\/\/mesalestore.com\/en\/product\/cay-kazani-ocagi-bruloru-105-mm\/","name":"\u00c7ay Kazan\u0131 Oca\u011f\u0131 Br\u00fcl\u00f6r\u00fc 105 Mm | Me\u015fale Store","isPartOf":{"@id":"https:\/\/mesalestore.com\/en\/#website"},"primaryImageOfPage":{"@id":"https:\/\/mesalestore.com\/en\/product\/cay-kazani-ocagi-bruloru-105-mm\/#primaryimage"},"image":{"@id":"https:\/\/mesalestore.com\/en\/product\/cay-kazani-ocagi-bruloru-105-mm\/#primaryimage"},"thumbnailUrl":"https:\/\/mesalestore.com\/wp-content\/uploads\/2026\/01\/1_org_zoom-114.jpg","datePublished":"2026-02-09T09:19:08+00:00","dateModified":"2026-05-02T14:10:45+00:00","description":"\u00c7ay Kazan\u0131 Oca\u011f\u0131 Br\u00fcl\u00f6r\u00fc 105 Mm, \u00e7ay kazan\u0131n\u0131z\u0131n m\u00fckemmel performansla \u00e7al\u0131\u015fmas\u0131n\u0131 sa\u011flayan \u00f6nemli bir par\u00e7ad\u0131r. 105 mm boyutunda olan bu br\u00fcl\u00f6r, \u00e7ay","breadcrumb":{"@id":"https:\/\/mesalestore.com\/en\/product\/cay-kazani-ocagi-bruloru-105-mm\/#breadcrumb"},"inLanguage":"en-US","potentialAction":[{"@type":"ReadAction","target":["https:\/\/mesalestore.com\/en\/product\/cay-kazani-ocagi-bruloru-105-mm\/"]}]},{"@type":"ImageObject","inLanguage":"en-US","@id":"https:\/\/mesalestore.com\/en\/product\/cay-kazani-ocagi-bruloru-105-mm\/#primaryimage","url":"https:\/\/mesalestore.com\/wp-content\/uploads\/2026\/01\/1_org_zoom-114.jpg","contentUrl":"https:\/\/mesalestore.com\/wp-content\/uploads\/2026\/01\/1_org_zoom-114.jpg","width":1200,"height":1800},{"@type":"BreadcrumbList","@id":"https:\/\/mesalestore.com\/en\/product\/cay-kazani-ocagi-bruloru-105-mm\/#breadcrumb","itemListElement":[{"@type":"ListItem","position":1,"name":"Anasayfa","item":"https:\/\/mesalestore.com\/en\/"},{"@type":"ListItem","position":2,"name":"Products","item":"https:\/\/mesalestore.com\/en\/shop\/"},{"@type":"ListItem","position":3,"name":"\u00c7ay Kazan\u0131 Oca\u011f\u0131 Br\u00fcl\u00f6r\u00fc 105 Mm"}]},{"@type":"WebSite","@id":"https:\/\/mesalestore.com\/en\/#website","url":"https:\/\/mesalestore.com\/en\/","name":"Me\u015fale Store","description":"","publisher":{"@id":"https:\/\/mesalestore.com\/en\/#organization"},"potentialAction":[{"@type":"SearchAction","target":{"@type":"EntryPoint","urlTemplate":"https:\/\/mesalestore.com\/en\/?s={search_term_string}"},"query-input":{"@type":"PropertyValueSpecification","valueRequired":true,"valueName":"search_term_string"}}],"inLanguage":"en-US"},{"@type":"Organization","@id":"https:\/\/mesalestore.com\/en\/#organization","name":"Me\u015fale Store","url":"https:\/\/mesalestore.com\/en\/","logo":{"@type":"ImageObject","inLanguage":"en-US","@id":"https:\/\/mesalestore.com\/en\/#\/schema\/logo\/image\/","url":"https:\/\/mesalestore.com\/wp-content\/uploads\/2026\/03\/logo-header-yeni-1.webp","contentUrl":"https:\/\/mesalestore.com\/wp-content\/uploads\/2026\/03\/logo-header-yeni-1.webp","width":419,"height":147,"caption":"Me\u015fale Store"},"image":{"@id":"https:\/\/mesalestore.com\/en\/#\/schema\/logo\/image\/"},"sameAs":["https:\/\/www.facebook.com\/mesalecay","https:\/\/x.com\/mesalecaykazan","https:\/\/www.instagram.com\/mesalecaykazan\/"]}]}},"_links":{"self":[{"href":"https:\/\/mesalestore.com\/en\/wp-json\/wp\/v2\/product\/2469","targetHints":{"allow":["GET"]}}],"collection":[{"href":"https:\/\/mesalestore.com\/en\/wp-json\/wp\/v2\/product"}],"about":[{"href":"https:\/\/mesalestore.com\/en\/wp-json\/wp\/v2\/types\/product"}],"replies":[{"embeddable":true,"href":"https:\/\/mesalestore.com\/en\/wp-json\/wp\/v2\/comments?post=2469"}],"wp:featuredmedia":[{"embeddable":true,"href":"https:\/\/mesalestore.com\/en\/wp-json\/wp\/v2\/media\/599"}],"wp:attachment":[{"href":"https:\/\/mesalestore.com\/en\/wp-json\/wp\/v2\/media?parent=2469"}],"wp:term":[{"taxonomy":"product_brand","embeddable":true,"href":"https:\/\/mesalestore.com\/en\/wp-json\/wp\/v2\/product_brand?post=2469"},{"taxonomy":"product_cat","embeddable":true,"href":"https:\/\/mesalestore.com\/en\/wp-json\/wp\/v2\/product_cat?post=2469"},{"taxonomy":"product_tag","embeddable":true,"href":"https:\/\/mesalestore.com\/en\/wp-json\/wp\/v2\/product_tag?post=2469"}],"curies":[{"name":"wp","href":"https:\/\/api.w.org\/{rel}","templated":true}]}}