{"id":2467,"date":"2026-02-09T12:19:08","date_gmt":"2026-02-09T09:19:08","guid":{"rendered":"http:\/\/mesalestore.com\/product\/cay-kazani-ust-kapak-vidasi\/"},"modified":"2026-04-11T13:18:42","modified_gmt":"2026-04-11T10:18:42","slug":"cay-kazani-ust-kapak-vidasi","status":"publish","type":"product","link":"https:\/\/mesalestore.com\/en\/product\/cay-kazani-ust-kapak-vidasi\/","title":{"rendered":"\u00c7ay Kazan\u0131 \u00dcst Kapak Vidas\u0131"},"content":{"rendered":"<p><strong>\u00c7ay Kazan\u0131 \u00dcst Kapak Vidas\u0131<\/strong>, \u00e7ay kazan\u0131n\u0131n \u00fcst kapa\u011f\u0131n\u0131 sabitleyen ve g\u00fcvenli bir \u015fekilde yerinde tutan \u00f6nemli bir par\u00e7a olarak kar\u015f\u0131m\u0131za \u00e7\u0131kar. <strong>\u00c7ay kazan\u0131 \u00fcst kapak vidas\u0131,<\/strong> sa\u011flam yap\u0131s\u0131 ile \u00fcst kapaklar\u0131n g\u00fcvenli bir \u015fekilde yerine oturmas\u0131n\u0131 sa\u011flar. Bu vida, <strong>\u00e7ay kazan\u0131n\u0131n d\u00fczg\u00fcn \u00e7al\u0131\u015fmas\u0131<\/strong> i\u00e7in hayati \u00f6neme sahiptir ve herhangi bir hasar veya gev\u015feme durumunda <strong>h\u0131zla de\u011fi\u015ftirilebilir.<\/strong><strong>Yedek par\u00e7a olarak temin edilebilen<\/strong> bu vida, <strong>montaj kolayl\u0131\u011f\u0131<\/strong> sunar ve \u00e7ay kazan\u0131n\u0131z\u0131n uzun \u00f6m\u00fcrl\u00fc olmas\u0131na yard\u0131mc\u0131 olur. <strong>\u00c7ay kazan\u0131 bak\u0131m\u0131nda dikkat edilmesi gereken<\/strong> bu par\u00e7a, herhangi bir ar\u0131za durumunda rahat\u00e7a de\u011fi\u015ftirilebilir.<\/p>","protected":false},"excerpt":{"rendered":"<p>\u00c7ay Kazan\u0131 \u00dcst Kapak Vidas\u0131, \u00e7ay kazan\u0131n\u0131n \u00fcst kapa\u011f\u0131n\u0131 sabitleyen ve g\u00fcvenli bir \u015fekilde yerinde tutan \u00f6nemli bir par\u00e7a olarak kar\u015f\u0131m\u0131za \u00e7\u0131kar. \u00c7ay kazan\u0131 \u00fcst kapak vidas\u0131, sa\u011flam yap\u0131s\u0131 ile \u00fcst kapaklar\u0131n g\u00fcvenli bir \u015fekilde yerine oturmas\u0131n\u0131 sa\u011flar. Bu vida, \u00e7ay kazan\u0131n\u0131n d\u00fczg\u00fcn \u00e7al\u0131\u015fmas\u0131 i\u00e7in hayati \u00f6neme sahiptir ve herhangi bir hasar veya gev\u015feme durumunda [&hellip;]<\/p>\n","protected":false},"featured_media":585,"comment_status":"closed","ping_status":"closed","template":"","meta":[],"product_brand":[7750],"product_cat":[8000],"product_tag":[5212,5213,478,5205,5206,5201,5202,5203,5204,5207,5208,5209,5210,5211,5214,5225,5226,485,5219,5220,5215,5216,5217,5218,5221,5222,5223,5224,5227],"class_list":{"0":"post-2467","1":"product","2":"type-product","3":"status-publish","4":"has-post-thumbnail","6":"product_brand-demsu","7":"product_cat-diger","8":"product_tag-cay-kapak","9":"product_tag-cay-kapak-vidasi","10":"product_tag-cay-kazani","11":"product_tag-cay-kazani-kapak","12":"product_tag-cay-kazani-kapak-vidasi","13":"product_tag-cay-kazani-ust","14":"product_tag-cay-kazani-ust-kapak","15":"product_tag-cay-kazani-ust-kapak-vidasi","16":"product_tag-cay-kazani-ust-vidasi","17":"product_tag-cay-kazani-vidasi","18":"product_tag-cay-ust","19":"product_tag-cay-ust-kapak","20":"product_tag-cay-ust-kapak-vidasi","21":"product_tag-cay-ust-vidasi","22":"product_tag-cay-vidasi","23":"product_tag-kapak","24":"product_tag-kapak-vidasi","25":"product_tag-kazani","26":"product_tag-kazani-kapak","27":"product_tag-kazani-kapak-vidasi","28":"product_tag-kazani-ust","29":"product_tag-kazani-ust-kapak","30":"product_tag-kazani-ust-kapak-vidasi","31":"product_tag-kazani-ust-vidasi","32":"product_tag-kazani-vidasi","33":"product_tag-ust-kapak","34":"product_tag-ust-kapak-vidasi","35":"product_tag-ust-vidasi","36":"product_tag-vidasi","38":"first","39":"instock","40":"taxable","41":"shipping-taxable","42":"purchasable","43":"product-type-simple"},"yoast_head":"<!-- This site is optimized with the Yoast SEO plugin v27.1.1 - https:\/\/yoast.com\/product\/yoast-seo-wordpress\/ -->\n<title>\u00c7ay Kazan\u0131 \u00dcst Kapak Vidas\u0131 | Me\u015fale Store<\/title>\n<meta name=\"description\" content=\"\u00c7ay Kazan\u0131 \u00dcst Kapak Vidas\u0131, \u00e7ay kazan\u0131n\u0131n \u00fcst kapa\u011f\u0131n\u0131 sabitleyen ve g\u00fcvenli bir \u015fekilde yerinde tutan \u00f6nemli bir par\u00e7a olarak kar\u015f\u0131m\u0131za \u00e7\u0131kar. \u00c7ay\" \/>\n<meta name=\"robots\" content=\"index, follow, max-snippet:-1, max-image-preview:large, max-video-preview:-1\" \/>\n<link rel=\"canonical\" href=\"https:\/\/mesalestore.com\/en\/product\/cay-kazani-ust-kapak-vidasi\/\" \/>\n<meta property=\"og:locale\" content=\"en_US\" \/>\n<meta property=\"og:type\" content=\"article\" \/>\n<meta property=\"og:title\" content=\"\u00c7ay Kazan\u0131 \u00dcst Kapak Vidas\u0131 | Me\u015fale Store\" \/>\n<meta property=\"og:description\" content=\"\u00c7ay Kazan\u0131 \u00dcst Kapak Vidas\u0131, \u00e7ay kazan\u0131n\u0131n \u00fcst kapa\u011f\u0131n\u0131 sabitleyen ve g\u00fcvenli bir \u015fekilde yerinde tutan \u00f6nemli bir par\u00e7a olarak kar\u015f\u0131m\u0131za \u00e7\u0131kar. \u00c7ay\" \/>\n<meta property=\"og:url\" content=\"https:\/\/mesalestore.com\/en\/product\/cay-kazani-ust-kapak-vidasi\/\" \/>\n<meta property=\"og:site_name\" content=\"Me\u015fale Store\" \/>\n<meta property=\"article:publisher\" content=\"https:\/\/www.facebook.com\/mesalecay\" \/>\n<meta property=\"article:modified_time\" content=\"2026-04-11T10:18:42+00:00\" \/>\n<meta property=\"og:image\" content=\"https:\/\/mesalestore.com\/wp-content\/uploads\/2026\/01\/1_org_zoom-111.jpg\" \/>\n\t<meta property=\"og:image:width\" content=\"1200\" \/>\n\t<meta property=\"og:image:height\" content=\"1800\" \/>\n\t<meta property=\"og:image:type\" content=\"image\/jpeg\" \/>\n<meta name=\"twitter:card\" content=\"summary_large_image\" \/>\n<meta name=\"twitter:site\" content=\"@mesalecaykazan\" \/>\n<meta name=\"twitter:label1\" content=\"Est. reading time\" \/>\n\t<meta name=\"twitter:data1\" content=\"1 minute\" \/>\n<script type=\"application\/ld+json\" class=\"yoast-schema-graph\">{\"@context\":\"https:\/\/schema.org\",\"@graph\":[{\"@type\":\"WebPage\",\"@id\":\"https:\/\/mesalestore.com\/en\/product\/cay-kazani-ust-kapak-vidasi\/\",\"url\":\"https:\/\/mesalestore.com\/en\/product\/cay-kazani-ust-kapak-vidasi\/\",\"name\":\"\u00c7ay Kazan\u0131 \u00dcst Kapak Vidas\u0131 | Me\u015fale Store\",\"isPartOf\":{\"@id\":\"https:\/\/mesalestore.com\/en\/#website\"},\"primaryImageOfPage\":{\"@id\":\"https:\/\/mesalestore.com\/en\/product\/cay-kazani-ust-kapak-vidasi\/#primaryimage\"},\"image\":{\"@id\":\"https:\/\/mesalestore.com\/en\/product\/cay-kazani-ust-kapak-vidasi\/#primaryimage\"},\"thumbnailUrl\":\"https:\/\/mesalestore.com\/wp-content\/uploads\/2026\/01\/1_org_zoom-111.jpg\",\"datePublished\":\"2026-02-09T09:19:08+00:00\",\"dateModified\":\"2026-04-11T10:18:42+00:00\",\"description\":\"\u00c7ay Kazan\u0131 \u00dcst Kapak Vidas\u0131, \u00e7ay kazan\u0131n\u0131n \u00fcst kapa\u011f\u0131n\u0131 sabitleyen ve g\u00fcvenli bir \u015fekilde yerinde tutan \u00f6nemli bir par\u00e7a olarak kar\u015f\u0131m\u0131za \u00e7\u0131kar. \u00c7ay\",\"breadcrumb\":{\"@id\":\"https:\/\/mesalestore.com\/en\/product\/cay-kazani-ust-kapak-vidasi\/#breadcrumb\"},\"inLanguage\":\"en-US\",\"potentialAction\":[{\"@type\":\"ReadAction\",\"target\":[\"https:\/\/mesalestore.com\/en\/product\/cay-kazani-ust-kapak-vidasi\/\"]}]},{\"@type\":\"ImageObject\",\"inLanguage\":\"en-US\",\"@id\":\"https:\/\/mesalestore.com\/en\/product\/cay-kazani-ust-kapak-vidasi\/#primaryimage\",\"url\":\"https:\/\/mesalestore.com\/wp-content\/uploads\/2026\/01\/1_org_zoom-111.jpg\",\"contentUrl\":\"https:\/\/mesalestore.com\/wp-content\/uploads\/2026\/01\/1_org_zoom-111.jpg\",\"width\":1200,\"height\":1800},{\"@type\":\"BreadcrumbList\",\"@id\":\"https:\/\/mesalestore.com\/en\/product\/cay-kazani-ust-kapak-vidasi\/#breadcrumb\",\"itemListElement\":[{\"@type\":\"ListItem\",\"position\":1,\"name\":\"Anasayfa\",\"item\":\"https:\/\/mesalestore.com\/en\/\"},{\"@type\":\"ListItem\",\"position\":2,\"name\":\"Products\",\"item\":\"https:\/\/mesalestore.com\/en\/shop\/\"},{\"@type\":\"ListItem\",\"position\":3,\"name\":\"\u00c7ay Kazan\u0131 \u00dcst Kapak Vidas\u0131\"}]},{\"@type\":\"WebSite\",\"@id\":\"https:\/\/mesalestore.com\/en\/#website\",\"url\":\"https:\/\/mesalestore.com\/en\/\",\"name\":\"Me\u015fale Store\",\"description\":\"\",\"publisher\":{\"@id\":\"https:\/\/mesalestore.com\/en\/#organization\"},\"potentialAction\":[{\"@type\":\"SearchAction\",\"target\":{\"@type\":\"EntryPoint\",\"urlTemplate\":\"https:\/\/mesalestore.com\/en\/?s={search_term_string}\"},\"query-input\":{\"@type\":\"PropertyValueSpecification\",\"valueRequired\":true,\"valueName\":\"search_term_string\"}}],\"inLanguage\":\"en-US\"},{\"@type\":\"Organization\",\"@id\":\"https:\/\/mesalestore.com\/en\/#organization\",\"name\":\"Me\u015fale Store\",\"url\":\"https:\/\/mesalestore.com\/en\/\",\"logo\":{\"@type\":\"ImageObject\",\"inLanguage\":\"en-US\",\"@id\":\"https:\/\/mesalestore.com\/en\/#\/schema\/logo\/image\/\",\"url\":\"https:\/\/mesalestore.com\/wp-content\/uploads\/2026\/03\/logo-header-yeni-1.webp\",\"contentUrl\":\"https:\/\/mesalestore.com\/wp-content\/uploads\/2026\/03\/logo-header-yeni-1.webp\",\"width\":419,\"height\":147,\"caption\":\"Me\u015fale Store\"},\"image\":{\"@id\":\"https:\/\/mesalestore.com\/en\/#\/schema\/logo\/image\/\"},\"sameAs\":[\"https:\/\/www.facebook.com\/mesalecay\",\"https:\/\/x.com\/mesalecaykazan\",\"https:\/\/www.instagram.com\/mesalecaykazan\/\"]}]}<\/script>\n<!-- \/ Yoast SEO plugin. -->","yoast_head_json":{"title":"\u00c7ay Kazan\u0131 \u00dcst Kapak Vidas\u0131 | Me\u015fale Store","description":"\u00c7ay Kazan\u0131 \u00dcst Kapak Vidas\u0131, \u00e7ay kazan\u0131n\u0131n \u00fcst kapa\u011f\u0131n\u0131 sabitleyen ve g\u00fcvenli bir \u015fekilde yerinde tutan \u00f6nemli bir par\u00e7a olarak kar\u015f\u0131m\u0131za \u00e7\u0131kar. \u00c7ay","robots":{"index":"index","follow":"follow","max-snippet":"max-snippet:-1","max-image-preview":"max-image-preview:large","max-video-preview":"max-video-preview:-1"},"canonical":"https:\/\/mesalestore.com\/en\/product\/cay-kazani-ust-kapak-vidasi\/","og_locale":"en_US","og_type":"article","og_title":"\u00c7ay Kazan\u0131 \u00dcst Kapak Vidas\u0131 | Me\u015fale Store","og_description":"\u00c7ay Kazan\u0131 \u00dcst Kapak Vidas\u0131, \u00e7ay kazan\u0131n\u0131n \u00fcst kapa\u011f\u0131n\u0131 sabitleyen ve g\u00fcvenli bir \u015fekilde yerinde tutan \u00f6nemli bir par\u00e7a olarak kar\u015f\u0131m\u0131za \u00e7\u0131kar. \u00c7ay","og_url":"https:\/\/mesalestore.com\/en\/product\/cay-kazani-ust-kapak-vidasi\/","og_site_name":"Me\u015fale Store","article_publisher":"https:\/\/www.facebook.com\/mesalecay","article_modified_time":"2026-04-11T10:18:42+00:00","og_image":[{"width":1200,"height":1800,"url":"https:\/\/mesalestore.com\/wp-content\/uploads\/2026\/01\/1_org_zoom-111.jpg","type":"image\/jpeg"}],"twitter_card":"summary_large_image","twitter_site":"@mesalecaykazan","twitter_misc":{"Est. reading time":"1 minute"},"schema":{"@context":"https:\/\/schema.org","@graph":[{"@type":"WebPage","@id":"https:\/\/mesalestore.com\/en\/product\/cay-kazani-ust-kapak-vidasi\/","url":"https:\/\/mesalestore.com\/en\/product\/cay-kazani-ust-kapak-vidasi\/","name":"\u00c7ay Kazan\u0131 \u00dcst Kapak Vidas\u0131 | Me\u015fale Store","isPartOf":{"@id":"https:\/\/mesalestore.com\/en\/#website"},"primaryImageOfPage":{"@id":"https:\/\/mesalestore.com\/en\/product\/cay-kazani-ust-kapak-vidasi\/#primaryimage"},"image":{"@id":"https:\/\/mesalestore.com\/en\/product\/cay-kazani-ust-kapak-vidasi\/#primaryimage"},"thumbnailUrl":"https:\/\/mesalestore.com\/wp-content\/uploads\/2026\/01\/1_org_zoom-111.jpg","datePublished":"2026-02-09T09:19:08+00:00","dateModified":"2026-04-11T10:18:42+00:00","description":"\u00c7ay Kazan\u0131 \u00dcst Kapak Vidas\u0131, \u00e7ay kazan\u0131n\u0131n \u00fcst kapa\u011f\u0131n\u0131 sabitleyen ve g\u00fcvenli bir \u015fekilde yerinde tutan \u00f6nemli bir par\u00e7a olarak kar\u015f\u0131m\u0131za \u00e7\u0131kar. \u00c7ay","breadcrumb":{"@id":"https:\/\/mesalestore.com\/en\/product\/cay-kazani-ust-kapak-vidasi\/#breadcrumb"},"inLanguage":"en-US","potentialAction":[{"@type":"ReadAction","target":["https:\/\/mesalestore.com\/en\/product\/cay-kazani-ust-kapak-vidasi\/"]}]},{"@type":"ImageObject","inLanguage":"en-US","@id":"https:\/\/mesalestore.com\/en\/product\/cay-kazani-ust-kapak-vidasi\/#primaryimage","url":"https:\/\/mesalestore.com\/wp-content\/uploads\/2026\/01\/1_org_zoom-111.jpg","contentUrl":"https:\/\/mesalestore.com\/wp-content\/uploads\/2026\/01\/1_org_zoom-111.jpg","width":1200,"height":1800},{"@type":"BreadcrumbList","@id":"https:\/\/mesalestore.com\/en\/product\/cay-kazani-ust-kapak-vidasi\/#breadcrumb","itemListElement":[{"@type":"ListItem","position":1,"name":"Anasayfa","item":"https:\/\/mesalestore.com\/en\/"},{"@type":"ListItem","position":2,"name":"Products","item":"https:\/\/mesalestore.com\/en\/shop\/"},{"@type":"ListItem","position":3,"name":"\u00c7ay Kazan\u0131 \u00dcst Kapak Vidas\u0131"}]},{"@type":"WebSite","@id":"https:\/\/mesalestore.com\/en\/#website","url":"https:\/\/mesalestore.com\/en\/","name":"Me\u015fale Store","description":"","publisher":{"@id":"https:\/\/mesalestore.com\/en\/#organization"},"potentialAction":[{"@type":"SearchAction","target":{"@type":"EntryPoint","urlTemplate":"https:\/\/mesalestore.com\/en\/?s={search_term_string}"},"query-input":{"@type":"PropertyValueSpecification","valueRequired":true,"valueName":"search_term_string"}}],"inLanguage":"en-US"},{"@type":"Organization","@id":"https:\/\/mesalestore.com\/en\/#organization","name":"Me\u015fale Store","url":"https:\/\/mesalestore.com\/en\/","logo":{"@type":"ImageObject","inLanguage":"en-US","@id":"https:\/\/mesalestore.com\/en\/#\/schema\/logo\/image\/","url":"https:\/\/mesalestore.com\/wp-content\/uploads\/2026\/03\/logo-header-yeni-1.webp","contentUrl":"https:\/\/mesalestore.com\/wp-content\/uploads\/2026\/03\/logo-header-yeni-1.webp","width":419,"height":147,"caption":"Me\u015fale Store"},"image":{"@id":"https:\/\/mesalestore.com\/en\/#\/schema\/logo\/image\/"},"sameAs":["https:\/\/www.facebook.com\/mesalecay","https:\/\/x.com\/mesalecaykazan","https:\/\/www.instagram.com\/mesalecaykazan\/"]}]}},"_links":{"self":[{"href":"https:\/\/mesalestore.com\/en\/wp-json\/wp\/v2\/product\/2467","targetHints":{"allow":["GET"]}}],"collection":[{"href":"https:\/\/mesalestore.com\/en\/wp-json\/wp\/v2\/product"}],"about":[{"href":"https:\/\/mesalestore.com\/en\/wp-json\/wp\/v2\/types\/product"}],"replies":[{"embeddable":true,"href":"https:\/\/mesalestore.com\/en\/wp-json\/wp\/v2\/comments?post=2467"}],"wp:featuredmedia":[{"embeddable":true,"href":"https:\/\/mesalestore.com\/en\/wp-json\/wp\/v2\/media\/585"}],"wp:attachment":[{"href":"https:\/\/mesalestore.com\/en\/wp-json\/wp\/v2\/media?parent=2467"}],"wp:term":[{"taxonomy":"product_brand","embeddable":true,"href":"https:\/\/mesalestore.com\/en\/wp-json\/wp\/v2\/product_brand?post=2467"},{"taxonomy":"product_cat","embeddable":true,"href":"https:\/\/mesalestore.com\/en\/wp-json\/wp\/v2\/product_cat?post=2467"},{"taxonomy":"product_tag","embeddable":true,"href":"https:\/\/mesalestore.com\/en\/wp-json\/wp\/v2\/product_tag?post=2467"}],"curies":[{"name":"wp","href":"https:\/\/api.w.org\/{rel}","templated":true}]}}