{"id":2463,"date":"2026-02-09T12:19:07","date_gmt":"2026-02-09T09:19:07","guid":{"rendered":"http:\/\/mesalestore.com\/product\/cay-kazani-salteri\/"},"modified":"2026-04-10T17:57:17","modified_gmt":"2026-04-10T14:57:17","slug":"cay-kazani-salteri","status":"publish","type":"product","link":"https:\/\/mesalestore.com\/en\/product\/cay-kazani-salteri\/","title":{"rendered":"\u00c7ay Kazan\u0131 \u015ealteri"},"content":{"rendered":"<p><strong>\u00c7ay Kazan\u0131 \u015ealteri<\/strong>, \u00e7ay kazanlar\u0131n\u0131n <strong>g\u00fcvenli ve verimli \u00e7al\u0131\u015fmas\u0131n\u0131 sa\u011flayan<\/strong> temel bile\u015fenlerden biridir. <strong>Y\u00fcksek \u0131s\u0131ya ve elektrik ak\u0131m\u0131na dayan\u0131kl\u0131 malzemeden \u00fcretilmi\u015ftir<\/strong>, uzun \u00f6m\u00fcrl\u00fc ve g\u00fcvenli kullan\u0131m imk\u00e2n\u0131 sunar. <strong>Kolay montaj edilebilen yap\u0131s\u0131<\/strong> sayesinde eski veya ar\u0131zal\u0131 \u015falterinizin yerine h\u0131zl\u0131ca tak\u0131labilir. <strong>Elektrikli ve gazl\u0131 \u00e7ay kazanlar\u0131yla uyumlu<\/strong> olan bu \u00fcr\u00fcn, \u00e7ay kazan\u0131n\u0131z\u0131n <strong>g\u00fc\u00e7 kontrol\u00fcn\u00fc pratik bir \u015fekilde sa\u011flaman\u0131za<\/strong> yard\u0131mc\u0131 olur.<\/p>","protected":false},"excerpt":{"rendered":"<p>\u00c7ay Kazan\u0131 \u015ealteri, \u00e7ay kazanlar\u0131n\u0131n g\u00fcvenli ve verimli \u00e7al\u0131\u015fmas\u0131n\u0131 sa\u011flayan temel bile\u015fenlerden biridir. Y\u00fcksek \u0131s\u0131ya ve elektrik ak\u0131m\u0131na dayan\u0131kl\u0131 malzemeden \u00fcretilmi\u015ftir, uzun \u00f6m\u00fcrl\u00fc ve g\u00fcvenli kullan\u0131m imk\u00e2n\u0131 sunar. Kolay montaj edilebilen yap\u0131s\u0131 sayesinde eski veya ar\u0131zal\u0131 \u015falterinizin yerine h\u0131zl\u0131ca tak\u0131labilir. Elektrikli ve gazl\u0131 \u00e7ay kazanlar\u0131yla uyumlu olan bu \u00fcr\u00fcn, \u00e7ay kazan\u0131n\u0131z\u0131n g\u00fc\u00e7 kontrol\u00fcn\u00fc pratik bir [&hellip;]<\/p>\n","protected":false},"featured_media":556,"comment_status":"closed","ping_status":"closed","template":"","meta":[],"product_brand":[7750],"product_cat":[7986],"product_tag":[478,5127,5128,485,5129,5130],"class_list":{"0":"post-2463","1":"product","2":"type-product","3":"status-publish","4":"has-post-thumbnail","6":"product_brand-demsu","7":"product_cat-termostat-salter","8":"product_tag-cay-kazani","9":"product_tag-cay-kazani-salteri","10":"product_tag-cay-salteri","11":"product_tag-kazani","12":"product_tag-kazani-salteri","13":"product_tag-salteri","15":"first","16":"instock","17":"taxable","18":"shipping-taxable","19":"purchasable","20":"product-type-simple"},"yoast_head":"<!-- This site is optimized with the Yoast SEO plugin v27.1.1 - https:\/\/yoast.com\/product\/yoast-seo-wordpress\/ -->\n<title>\u00c7ay Kazan\u0131 \u015ealteri | Me\u015fale Store<\/title>\n<meta name=\"description\" content=\"\u00c7ay Kazan\u0131 \u015ealteri, \u00e7ay kazanlar\u0131n\u0131n g\u00fcvenli ve verimli \u00e7al\u0131\u015fmas\u0131n\u0131 sa\u011flayan temel bile\u015fenlerden biridir. Y\u00fcksek \u0131s\u0131ya ve elektrik ak\u0131m\u0131na dayan\u0131kl\u0131\" \/>\n<meta name=\"robots\" content=\"index, follow, max-snippet:-1, max-image-preview:large, max-video-preview:-1\" \/>\n<link rel=\"canonical\" href=\"https:\/\/mesalestore.com\/en\/product\/cay-kazani-salteri\/\" \/>\n<meta property=\"og:locale\" content=\"en_US\" \/>\n<meta property=\"og:type\" content=\"article\" \/>\n<meta property=\"og:title\" content=\"\u00c7ay Kazan\u0131 \u015ealteri | Me\u015fale Store\" \/>\n<meta property=\"og:description\" content=\"\u00c7ay Kazan\u0131 \u015ealteri, \u00e7ay kazanlar\u0131n\u0131n g\u00fcvenli ve verimli \u00e7al\u0131\u015fmas\u0131n\u0131 sa\u011flayan temel bile\u015fenlerden biridir. Y\u00fcksek \u0131s\u0131ya ve elektrik ak\u0131m\u0131na dayan\u0131kl\u0131\" \/>\n<meta property=\"og:url\" content=\"https:\/\/mesalestore.com\/en\/product\/cay-kazani-salteri\/\" \/>\n<meta property=\"og:site_name\" content=\"Me\u015fale Store\" \/>\n<meta property=\"article:publisher\" content=\"https:\/\/www.facebook.com\/mesalecay\" \/>\n<meta property=\"article:modified_time\" content=\"2026-04-10T14:57:17+00:00\" \/>\n<meta property=\"og:image\" content=\"https:\/\/mesalestore.com\/wp-content\/uploads\/2026\/01\/1_org_zoom-105.jpg\" \/>\n\t<meta property=\"og:image:width\" content=\"1200\" \/>\n\t<meta property=\"og:image:height\" content=\"1800\" \/>\n\t<meta property=\"og:image:type\" content=\"image\/jpeg\" \/>\n<meta name=\"twitter:card\" content=\"summary_large_image\" \/>\n<meta name=\"twitter:site\" content=\"@mesalecaykazan\" \/>\n<meta name=\"twitter:label1\" content=\"Est. reading time\" \/>\n\t<meta name=\"twitter:data1\" content=\"1 minute\" \/>\n<script type=\"application\/ld+json\" class=\"yoast-schema-graph\">{\"@context\":\"https:\/\/schema.org\",\"@graph\":[{\"@type\":\"WebPage\",\"@id\":\"https:\/\/mesalestore.com\/en\/product\/cay-kazani-salteri\/\",\"url\":\"https:\/\/mesalestore.com\/en\/product\/cay-kazani-salteri\/\",\"name\":\"\u00c7ay Kazan\u0131 \u015ealteri | Me\u015fale Store\",\"isPartOf\":{\"@id\":\"https:\/\/mesalestore.com\/en\/#website\"},\"primaryImageOfPage\":{\"@id\":\"https:\/\/mesalestore.com\/en\/product\/cay-kazani-salteri\/#primaryimage\"},\"image\":{\"@id\":\"https:\/\/mesalestore.com\/en\/product\/cay-kazani-salteri\/#primaryimage\"},\"thumbnailUrl\":\"https:\/\/mesalestore.com\/wp-content\/uploads\/2026\/01\/1_org_zoom-105.jpg\",\"datePublished\":\"2026-02-09T09:19:07+00:00\",\"dateModified\":\"2026-04-10T14:57:17+00:00\",\"description\":\"\u00c7ay Kazan\u0131 \u015ealteri, \u00e7ay kazanlar\u0131n\u0131n g\u00fcvenli ve verimli \u00e7al\u0131\u015fmas\u0131n\u0131 sa\u011flayan temel bile\u015fenlerden biridir. Y\u00fcksek \u0131s\u0131ya ve elektrik ak\u0131m\u0131na dayan\u0131kl\u0131\",\"breadcrumb\":{\"@id\":\"https:\/\/mesalestore.com\/en\/product\/cay-kazani-salteri\/#breadcrumb\"},\"inLanguage\":\"en-US\",\"potentialAction\":[{\"@type\":\"ReadAction\",\"target\":[\"https:\/\/mesalestore.com\/en\/product\/cay-kazani-salteri\/\"]}]},{\"@type\":\"ImageObject\",\"inLanguage\":\"en-US\",\"@id\":\"https:\/\/mesalestore.com\/en\/product\/cay-kazani-salteri\/#primaryimage\",\"url\":\"https:\/\/mesalestore.com\/wp-content\/uploads\/2026\/01\/1_org_zoom-105.jpg\",\"contentUrl\":\"https:\/\/mesalestore.com\/wp-content\/uploads\/2026\/01\/1_org_zoom-105.jpg\",\"width\":1200,\"height\":1800},{\"@type\":\"BreadcrumbList\",\"@id\":\"https:\/\/mesalestore.com\/en\/product\/cay-kazani-salteri\/#breadcrumb\",\"itemListElement\":[{\"@type\":\"ListItem\",\"position\":1,\"name\":\"Anasayfa\",\"item\":\"https:\/\/mesalestore.com\/en\/\"},{\"@type\":\"ListItem\",\"position\":2,\"name\":\"Products\",\"item\":\"https:\/\/mesalestore.com\/en\/shop\/\"},{\"@type\":\"ListItem\",\"position\":3,\"name\":\"\u00c7ay Kazan\u0131 \u015ealteri\"}]},{\"@type\":\"WebSite\",\"@id\":\"https:\/\/mesalestore.com\/en\/#website\",\"url\":\"https:\/\/mesalestore.com\/en\/\",\"name\":\"Me\u015fale Store\",\"description\":\"\",\"publisher\":{\"@id\":\"https:\/\/mesalestore.com\/en\/#organization\"},\"potentialAction\":[{\"@type\":\"SearchAction\",\"target\":{\"@type\":\"EntryPoint\",\"urlTemplate\":\"https:\/\/mesalestore.com\/en\/?s={search_term_string}\"},\"query-input\":{\"@type\":\"PropertyValueSpecification\",\"valueRequired\":true,\"valueName\":\"search_term_string\"}}],\"inLanguage\":\"en-US\"},{\"@type\":\"Organization\",\"@id\":\"https:\/\/mesalestore.com\/en\/#organization\",\"name\":\"Me\u015fale Store\",\"url\":\"https:\/\/mesalestore.com\/en\/\",\"logo\":{\"@type\":\"ImageObject\",\"inLanguage\":\"en-US\",\"@id\":\"https:\/\/mesalestore.com\/en\/#\/schema\/logo\/image\/\",\"url\":\"https:\/\/mesalestore.com\/wp-content\/uploads\/2026\/03\/logo-header-yeni-1.webp\",\"contentUrl\":\"https:\/\/mesalestore.com\/wp-content\/uploads\/2026\/03\/logo-header-yeni-1.webp\",\"width\":419,\"height\":147,\"caption\":\"Me\u015fale Store\"},\"image\":{\"@id\":\"https:\/\/mesalestore.com\/en\/#\/schema\/logo\/image\/\"},\"sameAs\":[\"https:\/\/www.facebook.com\/mesalecay\",\"https:\/\/x.com\/mesalecaykazan\",\"https:\/\/www.instagram.com\/mesalecaykazan\/\"]}]}<\/script>\n<!-- \/ Yoast SEO plugin. -->","yoast_head_json":{"title":"\u00c7ay Kazan\u0131 \u015ealteri | Me\u015fale Store","description":"\u00c7ay Kazan\u0131 \u015ealteri, \u00e7ay kazanlar\u0131n\u0131n g\u00fcvenli ve verimli \u00e7al\u0131\u015fmas\u0131n\u0131 sa\u011flayan temel bile\u015fenlerden biridir. Y\u00fcksek \u0131s\u0131ya ve elektrik ak\u0131m\u0131na dayan\u0131kl\u0131","robots":{"index":"index","follow":"follow","max-snippet":"max-snippet:-1","max-image-preview":"max-image-preview:large","max-video-preview":"max-video-preview:-1"},"canonical":"https:\/\/mesalestore.com\/en\/product\/cay-kazani-salteri\/","og_locale":"en_US","og_type":"article","og_title":"\u00c7ay Kazan\u0131 \u015ealteri | Me\u015fale Store","og_description":"\u00c7ay Kazan\u0131 \u015ealteri, \u00e7ay kazanlar\u0131n\u0131n g\u00fcvenli ve verimli \u00e7al\u0131\u015fmas\u0131n\u0131 sa\u011flayan temel bile\u015fenlerden biridir. Y\u00fcksek \u0131s\u0131ya ve elektrik ak\u0131m\u0131na dayan\u0131kl\u0131","og_url":"https:\/\/mesalestore.com\/en\/product\/cay-kazani-salteri\/","og_site_name":"Me\u015fale Store","article_publisher":"https:\/\/www.facebook.com\/mesalecay","article_modified_time":"2026-04-10T14:57:17+00:00","og_image":[{"width":1200,"height":1800,"url":"https:\/\/mesalestore.com\/wp-content\/uploads\/2026\/01\/1_org_zoom-105.jpg","type":"image\/jpeg"}],"twitter_card":"summary_large_image","twitter_site":"@mesalecaykazan","twitter_misc":{"Est. reading time":"1 minute"},"schema":{"@context":"https:\/\/schema.org","@graph":[{"@type":"WebPage","@id":"https:\/\/mesalestore.com\/en\/product\/cay-kazani-salteri\/","url":"https:\/\/mesalestore.com\/en\/product\/cay-kazani-salteri\/","name":"\u00c7ay Kazan\u0131 \u015ealteri | Me\u015fale Store","isPartOf":{"@id":"https:\/\/mesalestore.com\/en\/#website"},"primaryImageOfPage":{"@id":"https:\/\/mesalestore.com\/en\/product\/cay-kazani-salteri\/#primaryimage"},"image":{"@id":"https:\/\/mesalestore.com\/en\/product\/cay-kazani-salteri\/#primaryimage"},"thumbnailUrl":"https:\/\/mesalestore.com\/wp-content\/uploads\/2026\/01\/1_org_zoom-105.jpg","datePublished":"2026-02-09T09:19:07+00:00","dateModified":"2026-04-10T14:57:17+00:00","description":"\u00c7ay Kazan\u0131 \u015ealteri, \u00e7ay kazanlar\u0131n\u0131n g\u00fcvenli ve verimli \u00e7al\u0131\u015fmas\u0131n\u0131 sa\u011flayan temel bile\u015fenlerden biridir. Y\u00fcksek \u0131s\u0131ya ve elektrik ak\u0131m\u0131na dayan\u0131kl\u0131","breadcrumb":{"@id":"https:\/\/mesalestore.com\/en\/product\/cay-kazani-salteri\/#breadcrumb"},"inLanguage":"en-US","potentialAction":[{"@type":"ReadAction","target":["https:\/\/mesalestore.com\/en\/product\/cay-kazani-salteri\/"]}]},{"@type":"ImageObject","inLanguage":"en-US","@id":"https:\/\/mesalestore.com\/en\/product\/cay-kazani-salteri\/#primaryimage","url":"https:\/\/mesalestore.com\/wp-content\/uploads\/2026\/01\/1_org_zoom-105.jpg","contentUrl":"https:\/\/mesalestore.com\/wp-content\/uploads\/2026\/01\/1_org_zoom-105.jpg","width":1200,"height":1800},{"@type":"BreadcrumbList","@id":"https:\/\/mesalestore.com\/en\/product\/cay-kazani-salteri\/#breadcrumb","itemListElement":[{"@type":"ListItem","position":1,"name":"Anasayfa","item":"https:\/\/mesalestore.com\/en\/"},{"@type":"ListItem","position":2,"name":"Products","item":"https:\/\/mesalestore.com\/en\/shop\/"},{"@type":"ListItem","position":3,"name":"\u00c7ay Kazan\u0131 \u015ealteri"}]},{"@type":"WebSite","@id":"https:\/\/mesalestore.com\/en\/#website","url":"https:\/\/mesalestore.com\/en\/","name":"Me\u015fale Store","description":"","publisher":{"@id":"https:\/\/mesalestore.com\/en\/#organization"},"potentialAction":[{"@type":"SearchAction","target":{"@type":"EntryPoint","urlTemplate":"https:\/\/mesalestore.com\/en\/?s={search_term_string}"},"query-input":{"@type":"PropertyValueSpecification","valueRequired":true,"valueName":"search_term_string"}}],"inLanguage":"en-US"},{"@type":"Organization","@id":"https:\/\/mesalestore.com\/en\/#organization","name":"Me\u015fale Store","url":"https:\/\/mesalestore.com\/en\/","logo":{"@type":"ImageObject","inLanguage":"en-US","@id":"https:\/\/mesalestore.com\/en\/#\/schema\/logo\/image\/","url":"https:\/\/mesalestore.com\/wp-content\/uploads\/2026\/03\/logo-header-yeni-1.webp","contentUrl":"https:\/\/mesalestore.com\/wp-content\/uploads\/2026\/03\/logo-header-yeni-1.webp","width":419,"height":147,"caption":"Me\u015fale Store"},"image":{"@id":"https:\/\/mesalestore.com\/en\/#\/schema\/logo\/image\/"},"sameAs":["https:\/\/www.facebook.com\/mesalecay","https:\/\/x.com\/mesalecaykazan","https:\/\/www.instagram.com\/mesalecaykazan\/"]}]}},"_links":{"self":[{"href":"https:\/\/mesalestore.com\/en\/wp-json\/wp\/v2\/product\/2463","targetHints":{"allow":["GET"]}}],"collection":[{"href":"https:\/\/mesalestore.com\/en\/wp-json\/wp\/v2\/product"}],"about":[{"href":"https:\/\/mesalestore.com\/en\/wp-json\/wp\/v2\/types\/product"}],"replies":[{"embeddable":true,"href":"https:\/\/mesalestore.com\/en\/wp-json\/wp\/v2\/comments?post=2463"}],"wp:featuredmedia":[{"embeddable":true,"href":"https:\/\/mesalestore.com\/en\/wp-json\/wp\/v2\/media\/556"}],"wp:attachment":[{"href":"https:\/\/mesalestore.com\/en\/wp-json\/wp\/v2\/media?parent=2463"}],"wp:term":[{"taxonomy":"product_brand","embeddable":true,"href":"https:\/\/mesalestore.com\/en\/wp-json\/wp\/v2\/product_brand?post=2463"},{"taxonomy":"product_cat","embeddable":true,"href":"https:\/\/mesalestore.com\/en\/wp-json\/wp\/v2\/product_cat?post=2463"},{"taxonomy":"product_tag","embeddable":true,"href":"https:\/\/mesalestore.com\/en\/wp-json\/wp\/v2\/product_tag?post=2463"}],"curies":[{"name":"wp","href":"https:\/\/api.w.org\/{rel}","templated":true}]}}