{"id":2459,"date":"2026-02-09T12:19:06","date_gmt":"2026-02-09T09:19:06","guid":{"rendered":"http:\/\/mesalestore.com\/product\/tabak-yikama-makinesi-rezistansi-2000w\/"},"modified":"2026-04-10T17:56:08","modified_gmt":"2026-04-10T14:56:08","slug":"tabak-yikama-makinesi-rezistansi-2000w","status":"publish","type":"product","link":"https:\/\/mesalestore.com\/en\/product\/tabak-yikama-makinesi-rezistansi-2000w\/","title":{"rendered":"Tabak Y\u0131kama Makinesi Rezistans\u0131 2000W"},"content":{"rendered":"<p><strong>Tabak y\u0131kama makinesi rezistans\u0131 2000W<\/strong>, end\u00fcstriyel bula\u015f\u0131k makineleri i\u00e7in geli\u015ftirilmi\u015f <strong>y\u00fcksek verimli bir \u0131s\u0131t\u0131c\u0131 elemand\u0131r<\/strong>. <strong>H\u0131zl\u0131 \u0131s\u0131tma \u00f6zelli\u011fi<\/strong> ile suyun k\u0131sa s\u00fcrede ideal s\u0131cakl\u0131\u011fa ula\u015fmas\u0131n\u0131 sa\u011flar, b\u00f6ylece <strong>maksimum temizlik ve hijyen performans\u0131 sunar<\/strong>. <strong>Paslanmaz \u00e7elik malzemesi<\/strong>, y\u00fcksek s\u0131cakl\u0131\u011fa ve korozyona kar\u015f\u0131 dayan\u0131kl\u0131l\u0131\u011f\u0131 art\u0131r\u0131rken, uzun \u00f6m\u00fcrl\u00fc kullan\u0131m sa\u011flar. <strong>Sanayi tipi tabak y\u0131kama makineleriyle uyumlu olan bu rezistans<\/strong>, restoranlar, oteller, kafeler ve end\u00fcstriyel mutfaklar i\u00e7in <strong>g\u00fcvenilir bir yedek par\u00e7ad\u0131r<\/strong>. <strong>Kolay montaj imkan\u0131 sunarak<\/strong> bak\u0131m ve de\u011fi\u015ftirme s\u00fcre\u00e7lerini pratik hale getirir.<\/p>","protected":false},"excerpt":{"rendered":"<p>Tabak y\u0131kama makinesi rezistans\u0131 2000W, end\u00fcstriyel bula\u015f\u0131k makineleri i\u00e7in geli\u015ftirilmi\u015f y\u00fcksek verimli bir \u0131s\u0131t\u0131c\u0131 elemand\u0131r. H\u0131zl\u0131 \u0131s\u0131tma \u00f6zelli\u011fi ile suyun k\u0131sa s\u00fcrede ideal s\u0131cakl\u0131\u011fa ula\u015fmas\u0131n\u0131 sa\u011flar, b\u00f6ylece maksimum temizlik ve hijyen performans\u0131 sunar. Paslanmaz \u00e7elik malzemesi, y\u00fcksek s\u0131cakl\u0131\u011fa ve korozyona kar\u015f\u0131 dayan\u0131kl\u0131l\u0131\u011f\u0131 art\u0131r\u0131rken, uzun \u00f6m\u00fcrl\u00fc kullan\u0131m sa\u011flar. Sanayi tipi tabak y\u0131kama makineleriyle uyumlu olan bu [&hellip;]<\/p>\n","protected":false},"featured_media":535,"comment_status":"closed","ping_status":"closed","template":"","meta":[],"product_brand":[7750],"product_cat":[7985],"product_tag":[4805,462,4863,4861,4862,540,4804,4864,4879,4873,4876,4874,4875,4877,4878,4865,4872,4866,4869,4867,4868,4870,4871,4853,4860,4854,4857,4855,4856,4858,4859],"class_list":{"0":"post-2459","1":"product","2":"type-product","3":"status-publish","4":"has-post-thumbnail","6":"product_brand-demsu","7":"product_cat-rezistanslar","8":"product_tag-2000w","9":"product_tag-makinesi","10":"product_tag-makinesi-2000w","11":"product_tag-makinesi-rezistansi","12":"product_tag-makinesi-rezistansi-2000w","13":"product_tag-rezistansi","14":"product_tag-rezistansi-2000w","15":"product_tag-tabak","16":"product_tag-tabak-2000w","17":"product_tag-tabak-makinesi","18":"product_tag-tabak-makinesi-2000w","19":"product_tag-tabak-makinesi-rezistansi","20":"product_tag-tabak-makinesi-rezistansi-2000w","21":"product_tag-tabak-rezistansi","22":"product_tag-tabak-rezistansi-2000w","23":"product_tag-tabak-yikama","24":"product_tag-tabak-yikama-2000w","25":"product_tag-tabak-yikama-makinesi","26":"product_tag-tabak-yikama-makinesi-2000w","27":"product_tag-tabak-yikama-makinesi-rezistansi","28":"product_tag-tabak-yikama-makinesi-rezistansi-2000w","29":"product_tag-tabak-yikama-rezistansi","30":"product_tag-tabak-yikama-rezistansi-2000w","31":"product_tag-yikama","32":"product_tag-yikama-2000w","33":"product_tag-yikama-makinesi","34":"product_tag-yikama-makinesi-2000w","35":"product_tag-yikama-makinesi-rezistansi","36":"product_tag-yikama-makinesi-rezistansi-2000w","37":"product_tag-yikama-rezistansi","38":"product_tag-yikama-rezistansi-2000w","40":"first","41":"instock","42":"sale","43":"taxable","44":"shipping-taxable","45":"purchasable","46":"product-type-simple"},"yoast_head":"<!-- This site is optimized with the Yoast SEO plugin v27.1.1 - https:\/\/yoast.com\/product\/yoast-seo-wordpress\/ -->\n<title>Tabak Y\u0131kama Makinesi Rezistans\u0131 2000W | Me\u015fale Store<\/title>\n<meta name=\"description\" content=\"Tabak y\u0131kama makinesi rezistans\u0131 2000W, end\u00fcstriyel bula\u015f\u0131k makineleri i\u00e7in geli\u015ftirilmi\u015f y\u00fcksek verimli bir \u0131s\u0131t\u0131c\u0131 elemand\u0131r. H\u0131zl\u0131 \u0131s\u0131tma \u00f6zelli\u011fi ile\" \/>\n<meta name=\"robots\" content=\"index, follow, max-snippet:-1, max-image-preview:large, max-video-preview:-1\" \/>\n<link rel=\"canonical\" href=\"https:\/\/mesalestore.com\/en\/product\/tabak-yikama-makinesi-rezistansi-2000w\/\" \/>\n<meta property=\"og:locale\" content=\"en_US\" \/>\n<meta property=\"og:type\" content=\"article\" \/>\n<meta property=\"og:title\" content=\"Tabak Y\u0131kama Makinesi Rezistans\u0131 2000W | Me\u015fale Store\" \/>\n<meta property=\"og:description\" content=\"Tabak y\u0131kama makinesi rezistans\u0131 2000W, end\u00fcstriyel bula\u015f\u0131k makineleri i\u00e7in geli\u015ftirilmi\u015f y\u00fcksek verimli bir \u0131s\u0131t\u0131c\u0131 elemand\u0131r. H\u0131zl\u0131 \u0131s\u0131tma \u00f6zelli\u011fi ile\" \/>\n<meta property=\"og:url\" content=\"https:\/\/mesalestore.com\/en\/product\/tabak-yikama-makinesi-rezistansi-2000w\/\" \/>\n<meta property=\"og:site_name\" content=\"Me\u015fale Store\" \/>\n<meta property=\"article:publisher\" content=\"https:\/\/www.facebook.com\/mesalecay\" \/>\n<meta property=\"article:modified_time\" content=\"2026-04-10T14:56:08+00:00\" \/>\n<meta property=\"og:image\" content=\"https:\/\/mesalestore.com\/wp-content\/uploads\/2026\/01\/1_org_zoom-101.jpg\" \/>\n\t<meta property=\"og:image:width\" content=\"1200\" \/>\n\t<meta property=\"og:image:height\" content=\"1800\" \/>\n\t<meta property=\"og:image:type\" content=\"image\/jpeg\" \/>\n<meta name=\"twitter:card\" content=\"summary_large_image\" \/>\n<meta name=\"twitter:site\" content=\"@mesalecaykazan\" \/>\n<meta name=\"twitter:label1\" content=\"Est. reading time\" \/>\n\t<meta name=\"twitter:data1\" content=\"1 minute\" \/>\n<script type=\"application\/ld+json\" class=\"yoast-schema-graph\">{\"@context\":\"https:\/\/schema.org\",\"@graph\":[{\"@type\":\"WebPage\",\"@id\":\"https:\/\/mesalestore.com\/en\/product\/tabak-yikama-makinesi-rezistansi-2000w\/\",\"url\":\"https:\/\/mesalestore.com\/en\/product\/tabak-yikama-makinesi-rezistansi-2000w\/\",\"name\":\"Tabak Y\u0131kama Makinesi Rezistans\u0131 2000W | Me\u015fale Store\",\"isPartOf\":{\"@id\":\"https:\/\/mesalestore.com\/en\/#website\"},\"primaryImageOfPage\":{\"@id\":\"https:\/\/mesalestore.com\/en\/product\/tabak-yikama-makinesi-rezistansi-2000w\/#primaryimage\"},\"image\":{\"@id\":\"https:\/\/mesalestore.com\/en\/product\/tabak-yikama-makinesi-rezistansi-2000w\/#primaryimage\"},\"thumbnailUrl\":\"https:\/\/mesalestore.com\/wp-content\/uploads\/2026\/01\/1_org_zoom-101.jpg\",\"datePublished\":\"2026-02-09T09:19:06+00:00\",\"dateModified\":\"2026-04-10T14:56:08+00:00\",\"description\":\"Tabak y\u0131kama makinesi rezistans\u0131 2000W, end\u00fcstriyel bula\u015f\u0131k makineleri i\u00e7in geli\u015ftirilmi\u015f y\u00fcksek verimli bir \u0131s\u0131t\u0131c\u0131 elemand\u0131r. H\u0131zl\u0131 \u0131s\u0131tma \u00f6zelli\u011fi ile\",\"breadcrumb\":{\"@id\":\"https:\/\/mesalestore.com\/en\/product\/tabak-yikama-makinesi-rezistansi-2000w\/#breadcrumb\"},\"inLanguage\":\"en-US\",\"potentialAction\":[{\"@type\":\"ReadAction\",\"target\":[\"https:\/\/mesalestore.com\/en\/product\/tabak-yikama-makinesi-rezistansi-2000w\/\"]}]},{\"@type\":\"ImageObject\",\"inLanguage\":\"en-US\",\"@id\":\"https:\/\/mesalestore.com\/en\/product\/tabak-yikama-makinesi-rezistansi-2000w\/#primaryimage\",\"url\":\"https:\/\/mesalestore.com\/wp-content\/uploads\/2026\/01\/1_org_zoom-101.jpg\",\"contentUrl\":\"https:\/\/mesalestore.com\/wp-content\/uploads\/2026\/01\/1_org_zoom-101.jpg\",\"width\":1200,\"height\":1800},{\"@type\":\"BreadcrumbList\",\"@id\":\"https:\/\/mesalestore.com\/en\/product\/tabak-yikama-makinesi-rezistansi-2000w\/#breadcrumb\",\"itemListElement\":[{\"@type\":\"ListItem\",\"position\":1,\"name\":\"Anasayfa\",\"item\":\"https:\/\/mesalestore.com\/en\/\"},{\"@type\":\"ListItem\",\"position\":2,\"name\":\"Products\",\"item\":\"https:\/\/mesalestore.com\/en\/shop\/\"},{\"@type\":\"ListItem\",\"position\":3,\"name\":\"Tabak Y\u0131kama Makinesi Rezistans\u0131 2000W\"}]},{\"@type\":\"WebSite\",\"@id\":\"https:\/\/mesalestore.com\/en\/#website\",\"url\":\"https:\/\/mesalestore.com\/en\/\",\"name\":\"Me\u015fale Store\",\"description\":\"\",\"publisher\":{\"@id\":\"https:\/\/mesalestore.com\/en\/#organization\"},\"potentialAction\":[{\"@type\":\"SearchAction\",\"target\":{\"@type\":\"EntryPoint\",\"urlTemplate\":\"https:\/\/mesalestore.com\/en\/?s={search_term_string}\"},\"query-input\":{\"@type\":\"PropertyValueSpecification\",\"valueRequired\":true,\"valueName\":\"search_term_string\"}}],\"inLanguage\":\"en-US\"},{\"@type\":\"Organization\",\"@id\":\"https:\/\/mesalestore.com\/en\/#organization\",\"name\":\"Me\u015fale Store\",\"url\":\"https:\/\/mesalestore.com\/en\/\",\"logo\":{\"@type\":\"ImageObject\",\"inLanguage\":\"en-US\",\"@id\":\"https:\/\/mesalestore.com\/en\/#\/schema\/logo\/image\/\",\"url\":\"https:\/\/mesalestore.com\/wp-content\/uploads\/2026\/03\/logo-header-yeni-1.webp\",\"contentUrl\":\"https:\/\/mesalestore.com\/wp-content\/uploads\/2026\/03\/logo-header-yeni-1.webp\",\"width\":419,\"height\":147,\"caption\":\"Me\u015fale Store\"},\"image\":{\"@id\":\"https:\/\/mesalestore.com\/en\/#\/schema\/logo\/image\/\"},\"sameAs\":[\"https:\/\/www.facebook.com\/mesalecay\",\"https:\/\/x.com\/mesalecaykazan\",\"https:\/\/www.instagram.com\/mesalecaykazan\/\"]}]}<\/script>\n<!-- \/ Yoast SEO plugin. -->","yoast_head_json":{"title":"Tabak Y\u0131kama Makinesi Rezistans\u0131 2000W | Me\u015fale Store","description":"Tabak y\u0131kama makinesi rezistans\u0131 2000W, end\u00fcstriyel bula\u015f\u0131k makineleri i\u00e7in geli\u015ftirilmi\u015f y\u00fcksek verimli bir \u0131s\u0131t\u0131c\u0131 elemand\u0131r. H\u0131zl\u0131 \u0131s\u0131tma \u00f6zelli\u011fi ile","robots":{"index":"index","follow":"follow","max-snippet":"max-snippet:-1","max-image-preview":"max-image-preview:large","max-video-preview":"max-video-preview:-1"},"canonical":"https:\/\/mesalestore.com\/en\/product\/tabak-yikama-makinesi-rezistansi-2000w\/","og_locale":"en_US","og_type":"article","og_title":"Tabak Y\u0131kama Makinesi Rezistans\u0131 2000W | Me\u015fale Store","og_description":"Tabak y\u0131kama makinesi rezistans\u0131 2000W, end\u00fcstriyel bula\u015f\u0131k makineleri i\u00e7in geli\u015ftirilmi\u015f y\u00fcksek verimli bir \u0131s\u0131t\u0131c\u0131 elemand\u0131r. H\u0131zl\u0131 \u0131s\u0131tma \u00f6zelli\u011fi ile","og_url":"https:\/\/mesalestore.com\/en\/product\/tabak-yikama-makinesi-rezistansi-2000w\/","og_site_name":"Me\u015fale Store","article_publisher":"https:\/\/www.facebook.com\/mesalecay","article_modified_time":"2026-04-10T14:56:08+00:00","og_image":[{"width":1200,"height":1800,"url":"https:\/\/mesalestore.com\/wp-content\/uploads\/2026\/01\/1_org_zoom-101.jpg","type":"image\/jpeg"}],"twitter_card":"summary_large_image","twitter_site":"@mesalecaykazan","twitter_misc":{"Est. reading time":"1 minute"},"schema":{"@context":"https:\/\/schema.org","@graph":[{"@type":"WebPage","@id":"https:\/\/mesalestore.com\/en\/product\/tabak-yikama-makinesi-rezistansi-2000w\/","url":"https:\/\/mesalestore.com\/en\/product\/tabak-yikama-makinesi-rezistansi-2000w\/","name":"Tabak Y\u0131kama Makinesi Rezistans\u0131 2000W | Me\u015fale Store","isPartOf":{"@id":"https:\/\/mesalestore.com\/en\/#website"},"primaryImageOfPage":{"@id":"https:\/\/mesalestore.com\/en\/product\/tabak-yikama-makinesi-rezistansi-2000w\/#primaryimage"},"image":{"@id":"https:\/\/mesalestore.com\/en\/product\/tabak-yikama-makinesi-rezistansi-2000w\/#primaryimage"},"thumbnailUrl":"https:\/\/mesalestore.com\/wp-content\/uploads\/2026\/01\/1_org_zoom-101.jpg","datePublished":"2026-02-09T09:19:06+00:00","dateModified":"2026-04-10T14:56:08+00:00","description":"Tabak y\u0131kama makinesi rezistans\u0131 2000W, end\u00fcstriyel bula\u015f\u0131k makineleri i\u00e7in geli\u015ftirilmi\u015f y\u00fcksek verimli bir \u0131s\u0131t\u0131c\u0131 elemand\u0131r. H\u0131zl\u0131 \u0131s\u0131tma \u00f6zelli\u011fi ile","breadcrumb":{"@id":"https:\/\/mesalestore.com\/en\/product\/tabak-yikama-makinesi-rezistansi-2000w\/#breadcrumb"},"inLanguage":"en-US","potentialAction":[{"@type":"ReadAction","target":["https:\/\/mesalestore.com\/en\/product\/tabak-yikama-makinesi-rezistansi-2000w\/"]}]},{"@type":"ImageObject","inLanguage":"en-US","@id":"https:\/\/mesalestore.com\/en\/product\/tabak-yikama-makinesi-rezistansi-2000w\/#primaryimage","url":"https:\/\/mesalestore.com\/wp-content\/uploads\/2026\/01\/1_org_zoom-101.jpg","contentUrl":"https:\/\/mesalestore.com\/wp-content\/uploads\/2026\/01\/1_org_zoom-101.jpg","width":1200,"height":1800},{"@type":"BreadcrumbList","@id":"https:\/\/mesalestore.com\/en\/product\/tabak-yikama-makinesi-rezistansi-2000w\/#breadcrumb","itemListElement":[{"@type":"ListItem","position":1,"name":"Anasayfa","item":"https:\/\/mesalestore.com\/en\/"},{"@type":"ListItem","position":2,"name":"Products","item":"https:\/\/mesalestore.com\/en\/shop\/"},{"@type":"ListItem","position":3,"name":"Tabak Y\u0131kama Makinesi Rezistans\u0131 2000W"}]},{"@type":"WebSite","@id":"https:\/\/mesalestore.com\/en\/#website","url":"https:\/\/mesalestore.com\/en\/","name":"Me\u015fale Store","description":"","publisher":{"@id":"https:\/\/mesalestore.com\/en\/#organization"},"potentialAction":[{"@type":"SearchAction","target":{"@type":"EntryPoint","urlTemplate":"https:\/\/mesalestore.com\/en\/?s={search_term_string}"},"query-input":{"@type":"PropertyValueSpecification","valueRequired":true,"valueName":"search_term_string"}}],"inLanguage":"en-US"},{"@type":"Organization","@id":"https:\/\/mesalestore.com\/en\/#organization","name":"Me\u015fale Store","url":"https:\/\/mesalestore.com\/en\/","logo":{"@type":"ImageObject","inLanguage":"en-US","@id":"https:\/\/mesalestore.com\/en\/#\/schema\/logo\/image\/","url":"https:\/\/mesalestore.com\/wp-content\/uploads\/2026\/03\/logo-header-yeni-1.webp","contentUrl":"https:\/\/mesalestore.com\/wp-content\/uploads\/2026\/03\/logo-header-yeni-1.webp","width":419,"height":147,"caption":"Me\u015fale Store"},"image":{"@id":"https:\/\/mesalestore.com\/en\/#\/schema\/logo\/image\/"},"sameAs":["https:\/\/www.facebook.com\/mesalecay","https:\/\/x.com\/mesalecaykazan","https:\/\/www.instagram.com\/mesalecaykazan\/"]}]}},"_links":{"self":[{"href":"https:\/\/mesalestore.com\/en\/wp-json\/wp\/v2\/product\/2459","targetHints":{"allow":["GET"]}}],"collection":[{"href":"https:\/\/mesalestore.com\/en\/wp-json\/wp\/v2\/product"}],"about":[{"href":"https:\/\/mesalestore.com\/en\/wp-json\/wp\/v2\/types\/product"}],"replies":[{"embeddable":true,"href":"https:\/\/mesalestore.com\/en\/wp-json\/wp\/v2\/comments?post=2459"}],"wp:featuredmedia":[{"embeddable":true,"href":"https:\/\/mesalestore.com\/en\/wp-json\/wp\/v2\/media\/535"}],"wp:attachment":[{"href":"https:\/\/mesalestore.com\/en\/wp-json\/wp\/v2\/media?parent=2459"}],"wp:term":[{"taxonomy":"product_brand","embeddable":true,"href":"https:\/\/mesalestore.com\/en\/wp-json\/wp\/v2\/product_brand?post=2459"},{"taxonomy":"product_cat","embeddable":true,"href":"https:\/\/mesalestore.com\/en\/wp-json\/wp\/v2\/product_cat?post=2459"},{"taxonomy":"product_tag","embeddable":true,"href":"https:\/\/mesalestore.com\/en\/wp-json\/wp\/v2\/product_tag?post=2459"}],"curies":[{"name":"wp","href":"https:\/\/api.w.org\/{rel}","templated":true}]}}