{"id":2456,"date":"2026-02-09T12:19:05","date_gmt":"2026-02-09T09:19:05","guid":{"rendered":"http:\/\/mesalestore.com\/product\/antik-bakir-cay-kazani-aritma-cihazi\/"},"modified":"2026-04-11T12:43:44","modified_gmt":"2026-04-11T09:43:44","slug":"antik-bakir-cay-kazani-aritma-cihazi","status":"publish","type":"product","link":"https:\/\/mesalestore.com\/en\/product\/antik-bakir-cay-kazani-aritma-cihazi\/","title":{"rendered":"Antik Bak\u0131r \u00c7ay Kazan\u0131 Ar\u0131tma Cihaz\u0131"},"content":{"rendered":"<p><strong>Antik Bak\u0131r \u00c7ay Kazan\u0131 Ar\u0131tma Cihaz\u0131<\/strong>, \u00e7ay kazan\u0131n\u0131zda kullan\u0131lan suyun kalitesini \u00f6nemli \u00f6l\u00e7\u00fcde iyile\u015ftirerek daha lezzetli ve sa\u011fl\u0131kl\u0131 \u00e7aylar demlemenizi sa\u011flar. Bu \u00f6zel <strong>su ar\u0131tma cihaz\u0131<\/strong>, bak\u0131r \u00e7ay kazanlar\u0131n\u0131zda birikmi\u015f kir, kire\u00e7 ve zararl\u0131 maddeleri etkili bir \u015fekilde filtreler. <strong>Kire\u00e7 \u00f6nleyici<\/strong> \u00f6zelli\u011fi sayesinde, \u00e7ay kazan\u0131n\u0131zda olu\u015fabilecek mineral birikintilerinin \u00f6n\u00fcne ge\u00e7er ve uzun \u00f6m\u00fcrl\u00fc kullan\u0131m sa\u011flar. <strong>Antik Bak\u0131r \u00c7ay Kazan\u0131 Ar\u0131tma Cihaz\u0131<\/strong>, suyunuzun safla\u015ft\u0131r\u0131lmas\u0131n\u0131 sa\u011flarken, bak\u0131r kazan\u0131n\u0131z\u0131n estetik ve fonksiyonel de\u011ferini de korur. <strong>\u00c7ay kazan\u0131 temizli\u011fi<\/strong> konusunda size b\u00fcy\u00fck kolayl\u0131k sa\u011flar, bak\u0131m ve temizlik s\u00fcrecini h\u0131zland\u0131r\u0131r. Bu cihaz, \u00e7ay kazan\u0131n\u0131z\u0131n verimlili\u011fini art\u0131r\u0131r ve \u00e7ay\u0131n\u0131z\u0131n tad\u0131n\u0131 her zaman en \u00fcst seviyeye \u00e7\u0131kar\u0131r.<\/p>","protected":false},"excerpt":{"rendered":"<p>Antik Bak\u0131r \u00c7ay Kazan\u0131 Ar\u0131tma Cihaz\u0131, \u00e7ay kazan\u0131n\u0131zda kullan\u0131lan suyun kalitesini \u00f6nemli \u00f6l\u00e7\u00fcde iyile\u015ftirerek daha lezzetli ve sa\u011fl\u0131kl\u0131 \u00e7aylar demlemenizi sa\u011flar. Bu \u00f6zel su ar\u0131tma cihaz\u0131, bak\u0131r \u00e7ay kazanlar\u0131n\u0131zda birikmi\u015f kir, kire\u00e7 ve zararl\u0131 maddeleri etkili bir \u015fekilde filtreler. Kire\u00e7 \u00f6nleyici \u00f6zelli\u011fi sayesinde, \u00e7ay kazan\u0131n\u0131zda olu\u015fabilecek mineral birikintilerinin \u00f6n\u00fcne ge\u00e7er ve uzun \u00f6m\u00fcrl\u00fc kullan\u0131m sa\u011flar. [&hellip;]<\/p>\n","protected":false},"featured_media":528,"comment_status":"closed","ping_status":"closed","template":"","meta":[],"product_brand":[7750],"product_cat":[7995],"product_tag":[6317,6346,6347,6318,6331,6332,6319,6324,6325,6326,6320,6321,6322,6323,6333,6327,6328,6329,6330,6334,6339,6340,6341,6335,6336,6337,6338,6348,6342,6343,6344,6345,670,6361,6362,6349,6354,6355,6356,6350,6351,6352,6353,6363,6357,6358,6359,6360,478,6305],"class_list":{"0":"post-2456","1":"product","2":"type-product","3":"status-publish","4":"has-post-thumbnail","6":"product_brand-demsu","7":"product_cat-cay-kazani-icin-aritma","8":"product_tag-antik","9":"product_tag-antik-aritma","10":"product_tag-antik-aritma-cihazi","11":"product_tag-antik-bakir","12":"product_tag-antik-bakir-aritma","13":"product_tag-antik-bakir-aritma-cihazi","14":"product_tag-antik-bakir-cay","15":"product_tag-antik-bakir-cay-aritma","16":"product_tag-antik-bakir-cay-aritma-cihazi","17":"product_tag-antik-bakir-cay-cihazi","18":"product_tag-antik-bakir-cay-kazani","19":"product_tag-antik-bakir-cay-kazani-aritma","20":"product_tag-antik-bakir-cay-kazani-aritma-cihazi","21":"product_tag-antik-bakir-cay-kazani-cihazi","22":"product_tag-antik-bakir-cihazi","23":"product_tag-antik-bakir-kazani","24":"product_tag-antik-bakir-kazani-aritma","25":"product_tag-antik-bakir-kazani-aritma-cihazi","26":"product_tag-antik-bakir-kazani-cihazi","27":"product_tag-antik-cay","28":"product_tag-antik-cay-aritma","29":"product_tag-antik-cay-aritma-cihazi","30":"product_tag-antik-cay-cihazi","31":"product_tag-antik-cay-kazani","32":"product_tag-antik-cay-kazani-aritma","33":"product_tag-antik-cay-kazani-aritma-cihazi","34":"product_tag-antik-cay-kazani-cihazi","35":"product_tag-antik-cihazi","36":"product_tag-antik-kazani","37":"product_tag-antik-kazani-aritma","38":"product_tag-antik-kazani-aritma-cihazi","39":"product_tag-antik-kazani-cihazi","40":"product_tag-bakir","41":"product_tag-bakir-aritma","42":"product_tag-bakir-aritma-cihazi","43":"product_tag-bakir-cay","44":"product_tag-bakir-cay-aritma","45":"product_tag-bakir-cay-aritma-cihazi","46":"product_tag-bakir-cay-cihazi","47":"product_tag-bakir-cay-kazani","48":"product_tag-bakir-cay-kazani-aritma","49":"product_tag-bakir-cay-kazani-aritma-cihazi","50":"product_tag-bakir-cay-kazani-cihazi","51":"product_tag-bakir-cihazi","52":"product_tag-bakir-kazani","53":"product_tag-bakir-kazani-aritma","54":"product_tag-bakir-kazani-aritma-cihazi","55":"product_tag-bakir-kazani-cihazi","56":"product_tag-cay-kazani","57":"product_tag-cay-kazani-aritma","59":"first","60":"instock","61":"taxable","62":"shipping-taxable","63":"purchasable","64":"product-type-simple"},"yoast_head":"<!-- This site is optimized with the Yoast SEO plugin v27.1.1 - https:\/\/yoast.com\/product\/yoast-seo-wordpress\/ -->\n<title>Antik Bak\u0131r \u00c7ay Kazan\u0131 Ar\u0131tma Cihaz\u0131 | Me\u015fale Store<\/title>\n<meta name=\"description\" content=\"Antik Bak\u0131r \u00c7ay Kazan\u0131 Ar\u0131tma Cihaz\u0131, \u00e7ay kazan\u0131n\u0131zda kullan\u0131lan suyun kalitesini \u00f6nemli \u00f6l\u00e7\u00fcde iyile\u015ftirerek daha lezzetli ve sa\u011fl\u0131kl\u0131 \u00e7aylar demlemenizi\" \/>\n<meta name=\"robots\" content=\"index, follow, max-snippet:-1, max-image-preview:large, max-video-preview:-1\" \/>\n<link rel=\"canonical\" href=\"https:\/\/mesalestore.com\/en\/product\/antik-bakir-cay-kazani-aritma-cihazi\/\" \/>\n<meta property=\"og:locale\" content=\"en_US\" \/>\n<meta property=\"og:type\" content=\"article\" \/>\n<meta property=\"og:title\" content=\"Antik Bak\u0131r \u00c7ay Kazan\u0131 Ar\u0131tma Cihaz\u0131 | Me\u015fale Store\" \/>\n<meta property=\"og:description\" content=\"Antik Bak\u0131r \u00c7ay Kazan\u0131 Ar\u0131tma Cihaz\u0131, \u00e7ay kazan\u0131n\u0131zda kullan\u0131lan suyun kalitesini \u00f6nemli \u00f6l\u00e7\u00fcde iyile\u015ftirerek daha lezzetli ve sa\u011fl\u0131kl\u0131 \u00e7aylar demlemenizi\" \/>\n<meta property=\"og:url\" content=\"https:\/\/mesalestore.com\/en\/product\/antik-bakir-cay-kazani-aritma-cihazi\/\" \/>\n<meta property=\"og:site_name\" content=\"Me\u015fale Store\" \/>\n<meta property=\"article:publisher\" content=\"https:\/\/www.facebook.com\/mesalecay\" \/>\n<meta property=\"article:modified_time\" content=\"2026-04-11T09:43:44+00:00\" \/>\n<meta property=\"og:image\" content=\"https:\/\/mesalestore.com\/wp-content\/uploads\/2026\/01\/1_org_zoom-97.jpg\" \/>\n\t<meta property=\"og:image:width\" content=\"1200\" \/>\n\t<meta property=\"og:image:height\" content=\"1800\" \/>\n\t<meta property=\"og:image:type\" content=\"image\/jpeg\" \/>\n<meta name=\"twitter:card\" content=\"summary_large_image\" \/>\n<meta name=\"twitter:site\" content=\"@mesalecaykazan\" \/>\n<meta name=\"twitter:label1\" content=\"Est. reading time\" \/>\n\t<meta name=\"twitter:data1\" content=\"1 minute\" \/>\n<script type=\"application\/ld+json\" class=\"yoast-schema-graph\">{\"@context\":\"https:\/\/schema.org\",\"@graph\":[{\"@type\":\"WebPage\",\"@id\":\"https:\/\/mesalestore.com\/en\/product\/antik-bakir-cay-kazani-aritma-cihazi\/\",\"url\":\"https:\/\/mesalestore.com\/en\/product\/antik-bakir-cay-kazani-aritma-cihazi\/\",\"name\":\"Antik Bak\u0131r \u00c7ay Kazan\u0131 Ar\u0131tma Cihaz\u0131 | Me\u015fale Store\",\"isPartOf\":{\"@id\":\"https:\/\/mesalestore.com\/en\/#website\"},\"primaryImageOfPage\":{\"@id\":\"https:\/\/mesalestore.com\/en\/product\/antik-bakir-cay-kazani-aritma-cihazi\/#primaryimage\"},\"image\":{\"@id\":\"https:\/\/mesalestore.com\/en\/product\/antik-bakir-cay-kazani-aritma-cihazi\/#primaryimage\"},\"thumbnailUrl\":\"https:\/\/mesalestore.com\/wp-content\/uploads\/2026\/01\/1_org_zoom-97.jpg\",\"datePublished\":\"2026-02-09T09:19:05+00:00\",\"dateModified\":\"2026-04-11T09:43:44+00:00\",\"description\":\"Antik Bak\u0131r \u00c7ay Kazan\u0131 Ar\u0131tma Cihaz\u0131, \u00e7ay kazan\u0131n\u0131zda kullan\u0131lan suyun kalitesini \u00f6nemli \u00f6l\u00e7\u00fcde iyile\u015ftirerek daha lezzetli ve sa\u011fl\u0131kl\u0131 \u00e7aylar demlemenizi\",\"breadcrumb\":{\"@id\":\"https:\/\/mesalestore.com\/en\/product\/antik-bakir-cay-kazani-aritma-cihazi\/#breadcrumb\"},\"inLanguage\":\"en-US\",\"potentialAction\":[{\"@type\":\"ReadAction\",\"target\":[\"https:\/\/mesalestore.com\/en\/product\/antik-bakir-cay-kazani-aritma-cihazi\/\"]}]},{\"@type\":\"ImageObject\",\"inLanguage\":\"en-US\",\"@id\":\"https:\/\/mesalestore.com\/en\/product\/antik-bakir-cay-kazani-aritma-cihazi\/#primaryimage\",\"url\":\"https:\/\/mesalestore.com\/wp-content\/uploads\/2026\/01\/1_org_zoom-97.jpg\",\"contentUrl\":\"https:\/\/mesalestore.com\/wp-content\/uploads\/2026\/01\/1_org_zoom-97.jpg\",\"width\":1200,\"height\":1800},{\"@type\":\"BreadcrumbList\",\"@id\":\"https:\/\/mesalestore.com\/en\/product\/antik-bakir-cay-kazani-aritma-cihazi\/#breadcrumb\",\"itemListElement\":[{\"@type\":\"ListItem\",\"position\":1,\"name\":\"Anasayfa\",\"item\":\"https:\/\/mesalestore.com\/en\/\"},{\"@type\":\"ListItem\",\"position\":2,\"name\":\"Products\",\"item\":\"https:\/\/mesalestore.com\/en\/shop\/\"},{\"@type\":\"ListItem\",\"position\":3,\"name\":\"Antik Bak\u0131r \u00c7ay Kazan\u0131 Ar\u0131tma Cihaz\u0131\"}]},{\"@type\":\"WebSite\",\"@id\":\"https:\/\/mesalestore.com\/en\/#website\",\"url\":\"https:\/\/mesalestore.com\/en\/\",\"name\":\"Me\u015fale Store\",\"description\":\"\",\"publisher\":{\"@id\":\"https:\/\/mesalestore.com\/en\/#organization\"},\"potentialAction\":[{\"@type\":\"SearchAction\",\"target\":{\"@type\":\"EntryPoint\",\"urlTemplate\":\"https:\/\/mesalestore.com\/en\/?s={search_term_string}\"},\"query-input\":{\"@type\":\"PropertyValueSpecification\",\"valueRequired\":true,\"valueName\":\"search_term_string\"}}],\"inLanguage\":\"en-US\"},{\"@type\":\"Organization\",\"@id\":\"https:\/\/mesalestore.com\/en\/#organization\",\"name\":\"Me\u015fale Store\",\"url\":\"https:\/\/mesalestore.com\/en\/\",\"logo\":{\"@type\":\"ImageObject\",\"inLanguage\":\"en-US\",\"@id\":\"https:\/\/mesalestore.com\/en\/#\/schema\/logo\/image\/\",\"url\":\"https:\/\/mesalestore.com\/wp-content\/uploads\/2026\/03\/logo-header-yeni-1.webp\",\"contentUrl\":\"https:\/\/mesalestore.com\/wp-content\/uploads\/2026\/03\/logo-header-yeni-1.webp\",\"width\":419,\"height\":147,\"caption\":\"Me\u015fale Store\"},\"image\":{\"@id\":\"https:\/\/mesalestore.com\/en\/#\/schema\/logo\/image\/\"},\"sameAs\":[\"https:\/\/www.facebook.com\/mesalecay\",\"https:\/\/x.com\/mesalecaykazan\",\"https:\/\/www.instagram.com\/mesalecaykazan\/\"]}]}<\/script>\n<!-- \/ Yoast SEO plugin. -->","yoast_head_json":{"title":"Antik Bak\u0131r \u00c7ay Kazan\u0131 Ar\u0131tma Cihaz\u0131 | Me\u015fale Store","description":"Antik Bak\u0131r \u00c7ay Kazan\u0131 Ar\u0131tma Cihaz\u0131, \u00e7ay kazan\u0131n\u0131zda kullan\u0131lan suyun kalitesini \u00f6nemli \u00f6l\u00e7\u00fcde iyile\u015ftirerek daha lezzetli ve sa\u011fl\u0131kl\u0131 \u00e7aylar demlemenizi","robots":{"index":"index","follow":"follow","max-snippet":"max-snippet:-1","max-image-preview":"max-image-preview:large","max-video-preview":"max-video-preview:-1"},"canonical":"https:\/\/mesalestore.com\/en\/product\/antik-bakir-cay-kazani-aritma-cihazi\/","og_locale":"en_US","og_type":"article","og_title":"Antik Bak\u0131r \u00c7ay Kazan\u0131 Ar\u0131tma Cihaz\u0131 | Me\u015fale Store","og_description":"Antik Bak\u0131r \u00c7ay Kazan\u0131 Ar\u0131tma Cihaz\u0131, \u00e7ay kazan\u0131n\u0131zda kullan\u0131lan suyun kalitesini \u00f6nemli \u00f6l\u00e7\u00fcde iyile\u015ftirerek daha lezzetli ve sa\u011fl\u0131kl\u0131 \u00e7aylar demlemenizi","og_url":"https:\/\/mesalestore.com\/en\/product\/antik-bakir-cay-kazani-aritma-cihazi\/","og_site_name":"Me\u015fale Store","article_publisher":"https:\/\/www.facebook.com\/mesalecay","article_modified_time":"2026-04-11T09:43:44+00:00","og_image":[{"width":1200,"height":1800,"url":"https:\/\/mesalestore.com\/wp-content\/uploads\/2026\/01\/1_org_zoom-97.jpg","type":"image\/jpeg"}],"twitter_card":"summary_large_image","twitter_site":"@mesalecaykazan","twitter_misc":{"Est. reading time":"1 minute"},"schema":{"@context":"https:\/\/schema.org","@graph":[{"@type":"WebPage","@id":"https:\/\/mesalestore.com\/en\/product\/antik-bakir-cay-kazani-aritma-cihazi\/","url":"https:\/\/mesalestore.com\/en\/product\/antik-bakir-cay-kazani-aritma-cihazi\/","name":"Antik Bak\u0131r \u00c7ay Kazan\u0131 Ar\u0131tma Cihaz\u0131 | Me\u015fale Store","isPartOf":{"@id":"https:\/\/mesalestore.com\/en\/#website"},"primaryImageOfPage":{"@id":"https:\/\/mesalestore.com\/en\/product\/antik-bakir-cay-kazani-aritma-cihazi\/#primaryimage"},"image":{"@id":"https:\/\/mesalestore.com\/en\/product\/antik-bakir-cay-kazani-aritma-cihazi\/#primaryimage"},"thumbnailUrl":"https:\/\/mesalestore.com\/wp-content\/uploads\/2026\/01\/1_org_zoom-97.jpg","datePublished":"2026-02-09T09:19:05+00:00","dateModified":"2026-04-11T09:43:44+00:00","description":"Antik Bak\u0131r \u00c7ay Kazan\u0131 Ar\u0131tma Cihaz\u0131, \u00e7ay kazan\u0131n\u0131zda kullan\u0131lan suyun kalitesini \u00f6nemli \u00f6l\u00e7\u00fcde iyile\u015ftirerek daha lezzetli ve sa\u011fl\u0131kl\u0131 \u00e7aylar demlemenizi","breadcrumb":{"@id":"https:\/\/mesalestore.com\/en\/product\/antik-bakir-cay-kazani-aritma-cihazi\/#breadcrumb"},"inLanguage":"en-US","potentialAction":[{"@type":"ReadAction","target":["https:\/\/mesalestore.com\/en\/product\/antik-bakir-cay-kazani-aritma-cihazi\/"]}]},{"@type":"ImageObject","inLanguage":"en-US","@id":"https:\/\/mesalestore.com\/en\/product\/antik-bakir-cay-kazani-aritma-cihazi\/#primaryimage","url":"https:\/\/mesalestore.com\/wp-content\/uploads\/2026\/01\/1_org_zoom-97.jpg","contentUrl":"https:\/\/mesalestore.com\/wp-content\/uploads\/2026\/01\/1_org_zoom-97.jpg","width":1200,"height":1800},{"@type":"BreadcrumbList","@id":"https:\/\/mesalestore.com\/en\/product\/antik-bakir-cay-kazani-aritma-cihazi\/#breadcrumb","itemListElement":[{"@type":"ListItem","position":1,"name":"Anasayfa","item":"https:\/\/mesalestore.com\/en\/"},{"@type":"ListItem","position":2,"name":"Products","item":"https:\/\/mesalestore.com\/en\/shop\/"},{"@type":"ListItem","position":3,"name":"Antik Bak\u0131r \u00c7ay Kazan\u0131 Ar\u0131tma Cihaz\u0131"}]},{"@type":"WebSite","@id":"https:\/\/mesalestore.com\/en\/#website","url":"https:\/\/mesalestore.com\/en\/","name":"Me\u015fale Store","description":"","publisher":{"@id":"https:\/\/mesalestore.com\/en\/#organization"},"potentialAction":[{"@type":"SearchAction","target":{"@type":"EntryPoint","urlTemplate":"https:\/\/mesalestore.com\/en\/?s={search_term_string}"},"query-input":{"@type":"PropertyValueSpecification","valueRequired":true,"valueName":"search_term_string"}}],"inLanguage":"en-US"},{"@type":"Organization","@id":"https:\/\/mesalestore.com\/en\/#organization","name":"Me\u015fale Store","url":"https:\/\/mesalestore.com\/en\/","logo":{"@type":"ImageObject","inLanguage":"en-US","@id":"https:\/\/mesalestore.com\/en\/#\/schema\/logo\/image\/","url":"https:\/\/mesalestore.com\/wp-content\/uploads\/2026\/03\/logo-header-yeni-1.webp","contentUrl":"https:\/\/mesalestore.com\/wp-content\/uploads\/2026\/03\/logo-header-yeni-1.webp","width":419,"height":147,"caption":"Me\u015fale Store"},"image":{"@id":"https:\/\/mesalestore.com\/en\/#\/schema\/logo\/image\/"},"sameAs":["https:\/\/www.facebook.com\/mesalecay","https:\/\/x.com\/mesalecaykazan","https:\/\/www.instagram.com\/mesalecaykazan\/"]}]}},"_links":{"self":[{"href":"https:\/\/mesalestore.com\/en\/wp-json\/wp\/v2\/product\/2456","targetHints":{"allow":["GET"]}}],"collection":[{"href":"https:\/\/mesalestore.com\/en\/wp-json\/wp\/v2\/product"}],"about":[{"href":"https:\/\/mesalestore.com\/en\/wp-json\/wp\/v2\/types\/product"}],"replies":[{"embeddable":true,"href":"https:\/\/mesalestore.com\/en\/wp-json\/wp\/v2\/comments?post=2456"}],"wp:featuredmedia":[{"embeddable":true,"href":"https:\/\/mesalestore.com\/en\/wp-json\/wp\/v2\/media\/528"}],"wp:attachment":[{"href":"https:\/\/mesalestore.com\/en\/wp-json\/wp\/v2\/media?parent=2456"}],"wp:term":[{"taxonomy":"product_brand","embeddable":true,"href":"https:\/\/mesalestore.com\/en\/wp-json\/wp\/v2\/product_brand?post=2456"},{"taxonomy":"product_cat","embeddable":true,"href":"https:\/\/mesalestore.com\/en\/wp-json\/wp\/v2\/product_cat?post=2456"},{"taxonomy":"product_tag","embeddable":true,"href":"https:\/\/mesalestore.com\/en\/wp-json\/wp\/v2\/product_tag?post=2456"}],"curies":[{"name":"wp","href":"https:\/\/api.w.org\/{rel}","templated":true}]}}