{"id":2455,"date":"2026-02-09T12:19:05","date_gmt":"2026-02-09T09:19:05","guid":{"rendered":"http:\/\/mesalestore.com\/product\/4-5-6-demlikli-inox-analog-full-otomatik-cay-kazani-kutusu\/"},"modified":"2026-04-10T17:50:21","modified_gmt":"2026-04-10T14:50:21","slug":"4-5-6-demlikli-inox-analog-full-otomatik-cay-kazani-kutusu","status":"publish","type":"product","link":"https:\/\/mesalestore.com\/en\/product\/4-5-6-demlikli-inox-analog-full-otomatik-cay-kazani-kutusu\/","title":{"rendered":"4-5-6 Demlikli \u0130nox Analog Full Otomatik \u00c7ay Kazan\u0131 Kutusu"},"content":{"rendered":"<p><strong>Me\u015fale 4-5-6 Demlikli \u0130nox Analog Full Otomatik \u00c7ay Kazan\u0131 Kutusu<\/strong>, <strong>Me\u015fale<\/strong> markas\u0131n\u0131n <strong>inox<\/strong> malzemeden \u00fcretilen <strong>4-5-6 demlikli<\/strong> \u00e7ay makineleriniz i\u00e7in \u00f6zel olarak tasarlanm\u0131\u015f, dayan\u0131kl\u0131 ve g\u00fcvenli bir ta\u015f\u0131ma kutusudur. <strong>Analog full otomatik<\/strong> sistemli \u00e7ay kazanlar\u0131n\u0131z i\u00e7in m\u00fckemmel bir koruma sa\u011flar, b\u00f6ylece \u00e7ay makinelerinizin d\u0131\u015f etkenlere kar\u015f\u0131 korunmas\u0131na yard\u0131mc\u0131 olur. \u015e\u0131kl\u0131\u011f\u0131 ve sa\u011flam yap\u0131s\u0131yla dikkat \u00e7eken bu kutu, <strong>Me\u015fale \u00e7ay kazan\u0131 kutusu<\/strong> arayanlar i\u00e7in ideal bir se\u00e7enektir. Ayr\u0131ca <strong>yedek kutu<\/strong> olarak da kullan\u0131labilir ve \u00e7ay makinelerinizin ta\u015f\u0131nmas\u0131n\u0131 kolayla\u015ft\u0131r\u0131r.<\/p>","protected":false},"excerpt":{"rendered":"<p>Me\u015fale 4-5-6 Demlikli \u0130nox Analog Full Otomatik \u00c7ay Kazan\u0131 Kutusu, Me\u015fale markas\u0131n\u0131n inox malzemeden \u00fcretilen 4-5-6 demlikli \u00e7ay makineleriniz i\u00e7in \u00f6zel olarak tasarlanm\u0131\u015f, dayan\u0131kl\u0131 ve g\u00fcvenli bir ta\u015f\u0131ma kutusudur. Analog full otomatik sistemli \u00e7ay kazanlar\u0131n\u0131z i\u00e7in m\u00fckemmel bir koruma sa\u011flar, b\u00f6ylece \u00e7ay makinelerinizin d\u0131\u015f etkenlere kar\u015f\u0131 korunmas\u0131na yard\u0131mc\u0131 olur. \u015e\u0131kl\u0131\u011f\u0131 ve sa\u011flam yap\u0131s\u0131yla dikkat \u00e7eken [&hellip;]<\/p>\n","protected":false},"featured_media":526,"comment_status":"closed","ping_status":"closed","template":"","meta":[],"product_brand":[7749],"product_cat":[7986],"product_tag":[16,5285,5286,5475,5476,5501,5502,5503,5504,5477,5486,5487,5488,5489,5490,5491,5492,5478,5479,5480,5481,5482,5483,5484,5485,5505,5506,5507,5493,5494,5495,5496,5497,5498,5499,5500,5508,5517,5518,5519,5520,5521,5509,5510,5511,5512,5513,5514,5515,5516],"class_list":{"0":"post-2455","1":"product","2":"type-product","3":"status-publish","4":"has-post-thumbnail","6":"product_brand-mesale","7":"product_cat-termostat-salter","8":"product_tag-mesale","9":"product_tag-mesale-4-5-6","10":"product_tag-mesale-4-5-6-demlikli","11":"product_tag-mesale-4-5-6-demlikli-inox","12":"product_tag-mesale-4-5-6-demlikli-inox-analog","13":"product_tag-mesale-4-5-6-demlikli-inox-analog-cay","14":"product_tag-mesale-4-5-6-demlikli-inox-analog-cay-kazani","15":"product_tag-mesale-4-5-6-demlikli-inox-analog-cay-kazani-kutusu","16":"product_tag-mesale-4-5-6-demlikli-inox-analog-cay-kutusu","17":"product_tag-mesale-4-5-6-demlikli-inox-analog-full","18":"product_tag-mesale-4-5-6-demlikli-inox-analog-full-cay","19":"product_tag-mesale-4-5-6-demlikli-inox-analog-full-cay-kazani","20":"product_tag-mesale-4-5-6-demlikli-inox-analog-full-cay-kazani-kutusu","21":"product_tag-mesale-4-5-6-demlikli-inox-analog-full-cay-kutusu","22":"product_tag-mesale-4-5-6-demlikli-inox-analog-full-kazani","23":"product_tag-mesale-4-5-6-demlikli-inox-analog-full-kazani-kutusu","24":"product_tag-mesale-4-5-6-demlikli-inox-analog-full-kutusu","25":"product_tag-mesale-4-5-6-demlikli-inox-analog-full-otomatik","26":"product_tag-mesale-4-5-6-demlikli-inox-analog-full-otomatik-cay","27":"product_tag-mesale-4-5-6-demlikli-inox-analog-full-otomatik-cay-kazani","28":"product_tag-mesale-4-5-6-demlikli-inox-analog-full-otomatik-cay-kazani-kutusu","29":"product_tag-mesale-4-5-6-demlikli-inox-analog-full-otomatik-cay-kutusu","30":"product_tag-mesale-4-5-6-demlikli-inox-analog-full-otomatik-kazani","31":"product_tag-mesale-4-5-6-demlikli-inox-analog-full-otomatik-kazani-kutusu","32":"product_tag-mesale-4-5-6-demlikli-inox-analog-full-otomatik-kutusu","33":"product_tag-mesale-4-5-6-demlikli-inox-analog-kazani","34":"product_tag-mesale-4-5-6-demlikli-inox-analog-kazani-kutusu","35":"product_tag-mesale-4-5-6-demlikli-inox-analog-kutusu","36":"product_tag-mesale-4-5-6-demlikli-inox-analog-otomatik","37":"product_tag-mesale-4-5-6-demlikli-inox-analog-otomatik-cay","38":"product_tag-mesale-4-5-6-demlikli-inox-analog-otomatik-cay-kazani","39":"product_tag-mesale-4-5-6-demlikli-inox-analog-otomatik-cay-kazani-kutusu","40":"product_tag-mesale-4-5-6-demlikli-inox-analog-otomatik-cay-kutusu","41":"product_tag-mesale-4-5-6-demlikli-inox-analog-otomatik-kazani","42":"product_tag-mesale-4-5-6-demlikli-inox-analog-otomatik-kazani-kutusu","43":"product_tag-mesale-4-5-6-demlikli-inox-analog-otomatik-kutusu","44":"product_tag-mesale-4-5-6-demlikli-inox-full","45":"product_tag-mesale-4-5-6-demlikli-inox-full-cay","46":"product_tag-mesale-4-5-6-demlikli-inox-full-cay-kazani","47":"product_tag-mesale-4-5-6-demlikli-inox-full-cay-kazani-kutusu","48":"product_tag-mesale-4-5-6-demlikli-inox-full-cay-kutusu","49":"product_tag-mesale-4-5-6-demlikli-inox-full-kazani","50":"product_tag-mesale-4-5-6-demlikli-inox-full-otomatik","51":"product_tag-mesale-4-5-6-demlikli-inox-full-otomatik-cay","52":"product_tag-mesale-4-5-6-demlikli-inox-full-otomatik-cay-kazani","53":"product_tag-mesale-4-5-6-demlikli-inox-full-otomatik-cay-kazani-kutusu","54":"product_tag-mesale-4-5-6-demlikli-inox-full-otomatik-cay-kutusu","55":"product_tag-mesale-4-5-6-demlikli-inox-full-otomatik-kazani","56":"product_tag-mesale-4-5-6-demlikli-inox-full-otomatik-kazani-kutusu","57":"product_tag-mesale-4-5-6-demlikli-inox-full-otomatik-kutusu","59":"first","60":"instock","61":"sale","62":"taxable","63":"shipping-taxable","64":"purchasable","65":"product-type-simple"},"yoast_head":"<!-- This site is optimized with the Yoast SEO plugin v27.1.1 - https:\/\/yoast.com\/product\/yoast-seo-wordpress\/ -->\n<title>4-5-6 Demlikli \u0130nox Analog Full Otomatik \u00c7ay Kazan\u0131 Kutusu | Me\u015fale Store<\/title>\n<meta name=\"description\" content=\"Me\u015fale 4-5-6 Demlikli \u0130nox Analog Full Otomatik \u00c7ay Kazan\u0131 Kutusu, Me\u015fale markas\u0131n\u0131n inox malzemeden \u00fcretilen 4-5-6 demlikli \u00e7ay makineleriniz i\u00e7in \u00f6zel\" \/>\n<meta name=\"robots\" content=\"index, follow, max-snippet:-1, max-image-preview:large, max-video-preview:-1\" \/>\n<link rel=\"canonical\" href=\"https:\/\/mesalestore.com\/en\/product\/4-5-6-demlikli-inox-analog-full-otomatik-cay-kazani-kutusu\/\" \/>\n<meta property=\"og:locale\" content=\"en_US\" \/>\n<meta property=\"og:type\" content=\"article\" \/>\n<meta property=\"og:title\" content=\"4-5-6 Demlikli \u0130nox Analog Full Otomatik \u00c7ay Kazan\u0131 Kutusu | Me\u015fale Store\" \/>\n<meta property=\"og:description\" content=\"Me\u015fale 4-5-6 Demlikli \u0130nox Analog Full Otomatik \u00c7ay Kazan\u0131 Kutusu, Me\u015fale markas\u0131n\u0131n inox malzemeden \u00fcretilen 4-5-6 demlikli \u00e7ay makineleriniz i\u00e7in \u00f6zel\" \/>\n<meta property=\"og:url\" content=\"https:\/\/mesalestore.com\/en\/product\/4-5-6-demlikli-inox-analog-full-otomatik-cay-kazani-kutusu\/\" \/>\n<meta property=\"og:site_name\" content=\"Me\u015fale Store\" \/>\n<meta property=\"article:publisher\" content=\"https:\/\/www.facebook.com\/mesalecay\" \/>\n<meta property=\"article:modified_time\" content=\"2026-04-10T14:50:21+00:00\" \/>\n<meta property=\"og:image\" content=\"https:\/\/mesalestore.com\/wp-content\/uploads\/2026\/01\/1_org_zoom-96.jpg\" \/>\n\t<meta property=\"og:image:width\" content=\"1200\" \/>\n\t<meta property=\"og:image:height\" content=\"1800\" \/>\n\t<meta property=\"og:image:type\" content=\"image\/jpeg\" \/>\n<meta name=\"twitter:card\" content=\"summary_large_image\" \/>\n<meta name=\"twitter:site\" content=\"@mesalecaykazan\" \/>\n<meta name=\"twitter:label1\" content=\"Est. reading time\" \/>\n\t<meta name=\"twitter:data1\" content=\"1 minute\" \/>\n<script type=\"application\/ld+json\" class=\"yoast-schema-graph\">{\"@context\":\"https:\/\/schema.org\",\"@graph\":[{\"@type\":\"WebPage\",\"@id\":\"https:\/\/mesalestore.com\/en\/product\/4-5-6-demlikli-inox-analog-full-otomatik-cay-kazani-kutusu\/\",\"url\":\"https:\/\/mesalestore.com\/en\/product\/4-5-6-demlikli-inox-analog-full-otomatik-cay-kazani-kutusu\/\",\"name\":\"4-5-6 Demlikli \u0130nox Analog Full Otomatik \u00c7ay Kazan\u0131 Kutusu | Me\u015fale Store\",\"isPartOf\":{\"@id\":\"https:\/\/mesalestore.com\/en\/#website\"},\"primaryImageOfPage\":{\"@id\":\"https:\/\/mesalestore.com\/en\/product\/4-5-6-demlikli-inox-analog-full-otomatik-cay-kazani-kutusu\/#primaryimage\"},\"image\":{\"@id\":\"https:\/\/mesalestore.com\/en\/product\/4-5-6-demlikli-inox-analog-full-otomatik-cay-kazani-kutusu\/#primaryimage\"},\"thumbnailUrl\":\"https:\/\/mesalestore.com\/wp-content\/uploads\/2026\/01\/1_org_zoom-96.jpg\",\"datePublished\":\"2026-02-09T09:19:05+00:00\",\"dateModified\":\"2026-04-10T14:50:21+00:00\",\"description\":\"Me\u015fale 4-5-6 Demlikli \u0130nox Analog Full Otomatik \u00c7ay Kazan\u0131 Kutusu, Me\u015fale markas\u0131n\u0131n inox malzemeden \u00fcretilen 4-5-6 demlikli \u00e7ay makineleriniz i\u00e7in \u00f6zel\",\"breadcrumb\":{\"@id\":\"https:\/\/mesalestore.com\/en\/product\/4-5-6-demlikli-inox-analog-full-otomatik-cay-kazani-kutusu\/#breadcrumb\"},\"inLanguage\":\"en-US\",\"potentialAction\":[{\"@type\":\"ReadAction\",\"target\":[\"https:\/\/mesalestore.com\/en\/product\/4-5-6-demlikli-inox-analog-full-otomatik-cay-kazani-kutusu\/\"]}]},{\"@type\":\"ImageObject\",\"inLanguage\":\"en-US\",\"@id\":\"https:\/\/mesalestore.com\/en\/product\/4-5-6-demlikli-inox-analog-full-otomatik-cay-kazani-kutusu\/#primaryimage\",\"url\":\"https:\/\/mesalestore.com\/wp-content\/uploads\/2026\/01\/1_org_zoom-96.jpg\",\"contentUrl\":\"https:\/\/mesalestore.com\/wp-content\/uploads\/2026\/01\/1_org_zoom-96.jpg\",\"width\":1200,\"height\":1800},{\"@type\":\"BreadcrumbList\",\"@id\":\"https:\/\/mesalestore.com\/en\/product\/4-5-6-demlikli-inox-analog-full-otomatik-cay-kazani-kutusu\/#breadcrumb\",\"itemListElement\":[{\"@type\":\"ListItem\",\"position\":1,\"name\":\"Anasayfa\",\"item\":\"https:\/\/mesalestore.com\/en\/\"},{\"@type\":\"ListItem\",\"position\":2,\"name\":\"Products\",\"item\":\"https:\/\/mesalestore.com\/en\/shop\/\"},{\"@type\":\"ListItem\",\"position\":3,\"name\":\"4-5-6 Demlikli \u0130nox Analog Full Otomatik \u00c7ay Kazan\u0131 Kutusu\"}]},{\"@type\":\"WebSite\",\"@id\":\"https:\/\/mesalestore.com\/en\/#website\",\"url\":\"https:\/\/mesalestore.com\/en\/\",\"name\":\"Me\u015fale Store\",\"description\":\"\",\"publisher\":{\"@id\":\"https:\/\/mesalestore.com\/en\/#organization\"},\"potentialAction\":[{\"@type\":\"SearchAction\",\"target\":{\"@type\":\"EntryPoint\",\"urlTemplate\":\"https:\/\/mesalestore.com\/en\/?s={search_term_string}\"},\"query-input\":{\"@type\":\"PropertyValueSpecification\",\"valueRequired\":true,\"valueName\":\"search_term_string\"}}],\"inLanguage\":\"en-US\"},{\"@type\":\"Organization\",\"@id\":\"https:\/\/mesalestore.com\/en\/#organization\",\"name\":\"Me\u015fale Store\",\"url\":\"https:\/\/mesalestore.com\/en\/\",\"logo\":{\"@type\":\"ImageObject\",\"inLanguage\":\"en-US\",\"@id\":\"https:\/\/mesalestore.com\/en\/#\/schema\/logo\/image\/\",\"url\":\"https:\/\/mesalestore.com\/wp-content\/uploads\/2026\/03\/logo-header-yeni-1.webp\",\"contentUrl\":\"https:\/\/mesalestore.com\/wp-content\/uploads\/2026\/03\/logo-header-yeni-1.webp\",\"width\":419,\"height\":147,\"caption\":\"Me\u015fale Store\"},\"image\":{\"@id\":\"https:\/\/mesalestore.com\/en\/#\/schema\/logo\/image\/\"},\"sameAs\":[\"https:\/\/www.facebook.com\/mesalecay\",\"https:\/\/x.com\/mesalecaykazan\",\"https:\/\/www.instagram.com\/mesalecaykazan\/\"]}]}<\/script>\n<!-- \/ Yoast SEO plugin. -->","yoast_head_json":{"title":"4-5-6 Demlikli \u0130nox Analog Full Otomatik \u00c7ay Kazan\u0131 Kutusu | Me\u015fale Store","description":"Me\u015fale 4-5-6 Demlikli \u0130nox Analog Full Otomatik \u00c7ay Kazan\u0131 Kutusu, Me\u015fale markas\u0131n\u0131n inox malzemeden \u00fcretilen 4-5-6 demlikli \u00e7ay makineleriniz i\u00e7in \u00f6zel","robots":{"index":"index","follow":"follow","max-snippet":"max-snippet:-1","max-image-preview":"max-image-preview:large","max-video-preview":"max-video-preview:-1"},"canonical":"https:\/\/mesalestore.com\/en\/product\/4-5-6-demlikli-inox-analog-full-otomatik-cay-kazani-kutusu\/","og_locale":"en_US","og_type":"article","og_title":"4-5-6 Demlikli \u0130nox Analog Full Otomatik \u00c7ay Kazan\u0131 Kutusu | Me\u015fale Store","og_description":"Me\u015fale 4-5-6 Demlikli \u0130nox Analog Full Otomatik \u00c7ay Kazan\u0131 Kutusu, Me\u015fale markas\u0131n\u0131n inox malzemeden \u00fcretilen 4-5-6 demlikli \u00e7ay makineleriniz i\u00e7in \u00f6zel","og_url":"https:\/\/mesalestore.com\/en\/product\/4-5-6-demlikli-inox-analog-full-otomatik-cay-kazani-kutusu\/","og_site_name":"Me\u015fale Store","article_publisher":"https:\/\/www.facebook.com\/mesalecay","article_modified_time":"2026-04-10T14:50:21+00:00","og_image":[{"width":1200,"height":1800,"url":"https:\/\/mesalestore.com\/wp-content\/uploads\/2026\/01\/1_org_zoom-96.jpg","type":"image\/jpeg"}],"twitter_card":"summary_large_image","twitter_site":"@mesalecaykazan","twitter_misc":{"Est. reading time":"1 minute"},"schema":{"@context":"https:\/\/schema.org","@graph":[{"@type":"WebPage","@id":"https:\/\/mesalestore.com\/en\/product\/4-5-6-demlikli-inox-analog-full-otomatik-cay-kazani-kutusu\/","url":"https:\/\/mesalestore.com\/en\/product\/4-5-6-demlikli-inox-analog-full-otomatik-cay-kazani-kutusu\/","name":"4-5-6 Demlikli \u0130nox Analog Full Otomatik \u00c7ay Kazan\u0131 Kutusu | Me\u015fale Store","isPartOf":{"@id":"https:\/\/mesalestore.com\/en\/#website"},"primaryImageOfPage":{"@id":"https:\/\/mesalestore.com\/en\/product\/4-5-6-demlikli-inox-analog-full-otomatik-cay-kazani-kutusu\/#primaryimage"},"image":{"@id":"https:\/\/mesalestore.com\/en\/product\/4-5-6-demlikli-inox-analog-full-otomatik-cay-kazani-kutusu\/#primaryimage"},"thumbnailUrl":"https:\/\/mesalestore.com\/wp-content\/uploads\/2026\/01\/1_org_zoom-96.jpg","datePublished":"2026-02-09T09:19:05+00:00","dateModified":"2026-04-10T14:50:21+00:00","description":"Me\u015fale 4-5-6 Demlikli \u0130nox Analog Full Otomatik \u00c7ay Kazan\u0131 Kutusu, Me\u015fale markas\u0131n\u0131n inox malzemeden \u00fcretilen 4-5-6 demlikli \u00e7ay makineleriniz i\u00e7in \u00f6zel","breadcrumb":{"@id":"https:\/\/mesalestore.com\/en\/product\/4-5-6-demlikli-inox-analog-full-otomatik-cay-kazani-kutusu\/#breadcrumb"},"inLanguage":"en-US","potentialAction":[{"@type":"ReadAction","target":["https:\/\/mesalestore.com\/en\/product\/4-5-6-demlikli-inox-analog-full-otomatik-cay-kazani-kutusu\/"]}]},{"@type":"ImageObject","inLanguage":"en-US","@id":"https:\/\/mesalestore.com\/en\/product\/4-5-6-demlikli-inox-analog-full-otomatik-cay-kazani-kutusu\/#primaryimage","url":"https:\/\/mesalestore.com\/wp-content\/uploads\/2026\/01\/1_org_zoom-96.jpg","contentUrl":"https:\/\/mesalestore.com\/wp-content\/uploads\/2026\/01\/1_org_zoom-96.jpg","width":1200,"height":1800},{"@type":"BreadcrumbList","@id":"https:\/\/mesalestore.com\/en\/product\/4-5-6-demlikli-inox-analog-full-otomatik-cay-kazani-kutusu\/#breadcrumb","itemListElement":[{"@type":"ListItem","position":1,"name":"Anasayfa","item":"https:\/\/mesalestore.com\/en\/"},{"@type":"ListItem","position":2,"name":"Products","item":"https:\/\/mesalestore.com\/en\/shop\/"},{"@type":"ListItem","position":3,"name":"4-5-6 Demlikli \u0130nox Analog Full Otomatik \u00c7ay Kazan\u0131 Kutusu"}]},{"@type":"WebSite","@id":"https:\/\/mesalestore.com\/en\/#website","url":"https:\/\/mesalestore.com\/en\/","name":"Me\u015fale Store","description":"","publisher":{"@id":"https:\/\/mesalestore.com\/en\/#organization"},"potentialAction":[{"@type":"SearchAction","target":{"@type":"EntryPoint","urlTemplate":"https:\/\/mesalestore.com\/en\/?s={search_term_string}"},"query-input":{"@type":"PropertyValueSpecification","valueRequired":true,"valueName":"search_term_string"}}],"inLanguage":"en-US"},{"@type":"Organization","@id":"https:\/\/mesalestore.com\/en\/#organization","name":"Me\u015fale Store","url":"https:\/\/mesalestore.com\/en\/","logo":{"@type":"ImageObject","inLanguage":"en-US","@id":"https:\/\/mesalestore.com\/en\/#\/schema\/logo\/image\/","url":"https:\/\/mesalestore.com\/wp-content\/uploads\/2026\/03\/logo-header-yeni-1.webp","contentUrl":"https:\/\/mesalestore.com\/wp-content\/uploads\/2026\/03\/logo-header-yeni-1.webp","width":419,"height":147,"caption":"Me\u015fale Store"},"image":{"@id":"https:\/\/mesalestore.com\/en\/#\/schema\/logo\/image\/"},"sameAs":["https:\/\/www.facebook.com\/mesalecay","https:\/\/x.com\/mesalecaykazan","https:\/\/www.instagram.com\/mesalecaykazan\/"]}]}},"_links":{"self":[{"href":"https:\/\/mesalestore.com\/en\/wp-json\/wp\/v2\/product\/2455","targetHints":{"allow":["GET"]}}],"collection":[{"href":"https:\/\/mesalestore.com\/en\/wp-json\/wp\/v2\/product"}],"about":[{"href":"https:\/\/mesalestore.com\/en\/wp-json\/wp\/v2\/types\/product"}],"replies":[{"embeddable":true,"href":"https:\/\/mesalestore.com\/en\/wp-json\/wp\/v2\/comments?post=2455"}],"wp:featuredmedia":[{"embeddable":true,"href":"https:\/\/mesalestore.com\/en\/wp-json\/wp\/v2\/media\/526"}],"wp:attachment":[{"href":"https:\/\/mesalestore.com\/en\/wp-json\/wp\/v2\/media?parent=2455"}],"wp:term":[{"taxonomy":"product_brand","embeddable":true,"href":"https:\/\/mesalestore.com\/en\/wp-json\/wp\/v2\/product_brand?post=2455"},{"taxonomy":"product_cat","embeddable":true,"href":"https:\/\/mesalestore.com\/en\/wp-json\/wp\/v2\/product_cat?post=2455"},{"taxonomy":"product_tag","embeddable":true,"href":"https:\/\/mesalestore.com\/en\/wp-json\/wp\/v2\/product_tag?post=2455"}],"curies":[{"name":"wp","href":"https:\/\/api.w.org\/{rel}","templated":true}]}}