{"id":2454,"date":"2026-02-09T12:19:05","date_gmt":"2026-02-09T09:19:05","guid":{"rendered":"http:\/\/mesalestore.com\/product\/cay-kazani-yayli-buhar-kapagi\/"},"modified":"2026-04-11T13:18:42","modified_gmt":"2026-04-11T10:18:42","slug":"cay-kazani-yayli-buhar-kapagi","status":"publish","type":"product","link":"https:\/\/mesalestore.com\/en\/product\/cay-kazani-yayli-buhar-kapagi\/","title":{"rendered":"\u00c7ay Kazan\u0131 Yayl\u0131 Buhar Kapa\u011f\u0131"},"content":{"rendered":"<p><strong>Yayl\u0131 buhar kapa\u011f\u0131<\/strong>, \u00f6zellikle <strong>\u00e7ay kazan\u0131<\/strong> ve <strong>end\u00fcstriyel cihazlar<\/strong> gibi s\u0131cak i\u00e7ecek makinelerinde kullan\u0131lan \u00f6nemli bir par\u00e7ad\u0131r. Buhar bas\u0131nc\u0131n\u0131 dengelemeye yard\u0131mc\u0131 olan bu <strong>buhar kapa\u011f\u0131<\/strong>, g\u00fcvenli\u011fi art\u0131r\u0131rken cihazlar\u0131n verimli \u00e7al\u0131\u015fmas\u0131n\u0131 sa\u011flar. <strong>Yayl\u0131 buhar kapa\u011f\u0131<\/strong>, y\u00fcksek s\u0131cakl\u0131kta bile dayan\u0131kl\u0131 olup, <strong>\u00e7ay kazan\u0131<\/strong> gibi cihazlarda uzun \u00f6m\u00fcrl\u00fc kullan\u0131m sunar.<\/p>","protected":false},"excerpt":{"rendered":"<p>Yayl\u0131 buhar kapa\u011f\u0131, \u00f6zellikle \u00e7ay kazan\u0131 ve end\u00fcstriyel cihazlar gibi s\u0131cak i\u00e7ecek makinelerinde kullan\u0131lan \u00f6nemli bir par\u00e7ad\u0131r. Buhar bas\u0131nc\u0131n\u0131 dengelemeye yard\u0131mc\u0131 olan bu buhar kapa\u011f\u0131, g\u00fcvenli\u011fi art\u0131r\u0131rken cihazlar\u0131n verimli \u00e7al\u0131\u015fmas\u0131n\u0131 sa\u011flar. Yayl\u0131 buhar kapa\u011f\u0131, y\u00fcksek s\u0131cakl\u0131kta bile dayan\u0131kl\u0131 olup, \u00e7ay kazan\u0131 gibi cihazlarda uzun \u00f6m\u00fcrl\u00fc kullan\u0131m sunar.<\/p>","protected":false},"featured_media":524,"comment_status":"closed","ping_status":"closed","template":"","meta":[],"product_brand":[7749],"product_cat":[8000],"product_tag":[1292,1293,1278,1279,1280,478,1271,1272,1273,1267,1268,1269,1270,1274,1275,1276,1277,1294,485,1285,1286,1287,1281,1282,1283,1284,1288,1289,1290,1291],"class_list":{"0":"post-2454","1":"product","2":"type-product","3":"status-publish","4":"has-post-thumbnail","6":"product_brand-mesale","7":"product_cat-diger","8":"product_tag-buhar","9":"product_tag-buhar-kapagi","10":"product_tag-cay-buhar","11":"product_tag-cay-buhar-kapagi","12":"product_tag-cay-kapagi","13":"product_tag-cay-kazani","14":"product_tag-cay-kazani-buhar","15":"product_tag-cay-kazani-buhar-kapagi","16":"product_tag-cay-kazani-kapagi","17":"product_tag-cay-kazani-yayli","18":"product_tag-cay-kazani-yayli-buhar","19":"product_tag-cay-kazani-yayli-buhar-kapagi","20":"product_tag-cay-kazani-yayli-kapagi","21":"product_tag-cay-yayli","22":"product_tag-cay-yayli-buhar","23":"product_tag-cay-yayli-buhar-kapagi","24":"product_tag-cay-yayli-kapagi","25":"product_tag-kapagi","26":"product_tag-kazani","27":"product_tag-kazani-buhar","28":"product_tag-kazani-buhar-kapagi","29":"product_tag-kazani-kapagi","30":"product_tag-kazani-yayli","31":"product_tag-kazani-yayli-buhar","32":"product_tag-kazani-yayli-buhar-kapagi","33":"product_tag-kazani-yayli-kapagi","34":"product_tag-yayli","35":"product_tag-yayli-buhar","36":"product_tag-yayli-buhar-kapagi","37":"product_tag-yayli-kapagi","39":"first","40":"instock","41":"taxable","42":"shipping-taxable","43":"purchasable","44":"product-type-simple"},"yoast_head":"<!-- This site is optimized with the Yoast SEO plugin v27.1.1 - https:\/\/yoast.com\/product\/yoast-seo-wordpress\/ -->\n<title>\u00c7ay Kazan\u0131 Yayl\u0131 Buhar Kapa\u011f\u0131 | Me\u015fale Store<\/title>\n<meta name=\"description\" content=\"Yayl\u0131 buhar kapa\u011f\u0131, \u00f6zellikle \u00e7ay kazan\u0131 ve end\u00fcstriyel cihazlar gibi s\u0131cak i\u00e7ecek makinelerinde kullan\u0131lan \u00f6nemli bir par\u00e7ad\u0131r. Buhar bas\u0131nc\u0131n\u0131\" \/>\n<meta name=\"robots\" content=\"index, follow, max-snippet:-1, max-image-preview:large, max-video-preview:-1\" \/>\n<link rel=\"canonical\" href=\"https:\/\/mesalestore.com\/en\/product\/cay-kazani-yayli-buhar-kapagi\/\" \/>\n<meta property=\"og:locale\" content=\"en_US\" \/>\n<meta property=\"og:type\" content=\"article\" \/>\n<meta property=\"og:title\" content=\"\u00c7ay Kazan\u0131 Yayl\u0131 Buhar Kapa\u011f\u0131 | Me\u015fale Store\" \/>\n<meta property=\"og:description\" content=\"Yayl\u0131 buhar kapa\u011f\u0131, \u00f6zellikle \u00e7ay kazan\u0131 ve end\u00fcstriyel cihazlar gibi s\u0131cak i\u00e7ecek makinelerinde kullan\u0131lan \u00f6nemli bir par\u00e7ad\u0131r. Buhar bas\u0131nc\u0131n\u0131\" \/>\n<meta property=\"og:url\" content=\"https:\/\/mesalestore.com\/en\/product\/cay-kazani-yayli-buhar-kapagi\/\" \/>\n<meta property=\"og:site_name\" content=\"Me\u015fale Store\" \/>\n<meta property=\"article:publisher\" content=\"https:\/\/www.facebook.com\/mesalecay\" \/>\n<meta property=\"article:modified_time\" content=\"2026-04-11T10:18:42+00:00\" \/>\n<meta property=\"og:image\" content=\"https:\/\/mesalestore.com\/wp-content\/uploads\/2026\/01\/1_org_zoom-95.jpg\" \/>\n\t<meta property=\"og:image:width\" content=\"1200\" \/>\n\t<meta property=\"og:image:height\" content=\"1800\" \/>\n\t<meta property=\"og:image:type\" content=\"image\/jpeg\" \/>\n<meta name=\"twitter:card\" content=\"summary_large_image\" \/>\n<meta name=\"twitter:site\" content=\"@mesalecaykazan\" \/>\n<meta name=\"twitter:label1\" content=\"Est. reading time\" \/>\n\t<meta name=\"twitter:data1\" content=\"1 minute\" \/>\n<script type=\"application\/ld+json\" class=\"yoast-schema-graph\">{\"@context\":\"https:\/\/schema.org\",\"@graph\":[{\"@type\":\"WebPage\",\"@id\":\"https:\/\/mesalestore.com\/en\/product\/cay-kazani-yayli-buhar-kapagi\/\",\"url\":\"https:\/\/mesalestore.com\/en\/product\/cay-kazani-yayli-buhar-kapagi\/\",\"name\":\"\u00c7ay Kazan\u0131 Yayl\u0131 Buhar Kapa\u011f\u0131 | Me\u015fale Store\",\"isPartOf\":{\"@id\":\"https:\/\/mesalestore.com\/en\/#website\"},\"primaryImageOfPage\":{\"@id\":\"https:\/\/mesalestore.com\/en\/product\/cay-kazani-yayli-buhar-kapagi\/#primaryimage\"},\"image\":{\"@id\":\"https:\/\/mesalestore.com\/en\/product\/cay-kazani-yayli-buhar-kapagi\/#primaryimage\"},\"thumbnailUrl\":\"https:\/\/mesalestore.com\/wp-content\/uploads\/2026\/01\/1_org_zoom-95.jpg\",\"datePublished\":\"2026-02-09T09:19:05+00:00\",\"dateModified\":\"2026-04-11T10:18:42+00:00\",\"description\":\"Yayl\u0131 buhar kapa\u011f\u0131, \u00f6zellikle \u00e7ay kazan\u0131 ve end\u00fcstriyel cihazlar gibi s\u0131cak i\u00e7ecek makinelerinde kullan\u0131lan \u00f6nemli bir par\u00e7ad\u0131r. Buhar bas\u0131nc\u0131n\u0131\",\"breadcrumb\":{\"@id\":\"https:\/\/mesalestore.com\/en\/product\/cay-kazani-yayli-buhar-kapagi\/#breadcrumb\"},\"inLanguage\":\"en-US\",\"potentialAction\":[{\"@type\":\"ReadAction\",\"target\":[\"https:\/\/mesalestore.com\/en\/product\/cay-kazani-yayli-buhar-kapagi\/\"]}]},{\"@type\":\"ImageObject\",\"inLanguage\":\"en-US\",\"@id\":\"https:\/\/mesalestore.com\/en\/product\/cay-kazani-yayli-buhar-kapagi\/#primaryimage\",\"url\":\"https:\/\/mesalestore.com\/wp-content\/uploads\/2026\/01\/1_org_zoom-95.jpg\",\"contentUrl\":\"https:\/\/mesalestore.com\/wp-content\/uploads\/2026\/01\/1_org_zoom-95.jpg\",\"width\":1200,\"height\":1800},{\"@type\":\"BreadcrumbList\",\"@id\":\"https:\/\/mesalestore.com\/en\/product\/cay-kazani-yayli-buhar-kapagi\/#breadcrumb\",\"itemListElement\":[{\"@type\":\"ListItem\",\"position\":1,\"name\":\"Anasayfa\",\"item\":\"https:\/\/mesalestore.com\/en\/\"},{\"@type\":\"ListItem\",\"position\":2,\"name\":\"Products\",\"item\":\"https:\/\/mesalestore.com\/en\/shop\/\"},{\"@type\":\"ListItem\",\"position\":3,\"name\":\"\u00c7ay Kazan\u0131 Yayl\u0131 Buhar Kapa\u011f\u0131\"}]},{\"@type\":\"WebSite\",\"@id\":\"https:\/\/mesalestore.com\/en\/#website\",\"url\":\"https:\/\/mesalestore.com\/en\/\",\"name\":\"Me\u015fale Store\",\"description\":\"\",\"publisher\":{\"@id\":\"https:\/\/mesalestore.com\/en\/#organization\"},\"potentialAction\":[{\"@type\":\"SearchAction\",\"target\":{\"@type\":\"EntryPoint\",\"urlTemplate\":\"https:\/\/mesalestore.com\/en\/?s={search_term_string}\"},\"query-input\":{\"@type\":\"PropertyValueSpecification\",\"valueRequired\":true,\"valueName\":\"search_term_string\"}}],\"inLanguage\":\"en-US\"},{\"@type\":\"Organization\",\"@id\":\"https:\/\/mesalestore.com\/en\/#organization\",\"name\":\"Me\u015fale Store\",\"url\":\"https:\/\/mesalestore.com\/en\/\",\"logo\":{\"@type\":\"ImageObject\",\"inLanguage\":\"en-US\",\"@id\":\"https:\/\/mesalestore.com\/en\/#\/schema\/logo\/image\/\",\"url\":\"https:\/\/mesalestore.com\/wp-content\/uploads\/2026\/03\/logo-header-yeni-1.webp\",\"contentUrl\":\"https:\/\/mesalestore.com\/wp-content\/uploads\/2026\/03\/logo-header-yeni-1.webp\",\"width\":419,\"height\":147,\"caption\":\"Me\u015fale Store\"},\"image\":{\"@id\":\"https:\/\/mesalestore.com\/en\/#\/schema\/logo\/image\/\"},\"sameAs\":[\"https:\/\/www.facebook.com\/mesalecay\",\"https:\/\/x.com\/mesalecaykazan\",\"https:\/\/www.instagram.com\/mesalecaykazan\/\"]}]}<\/script>\n<!-- \/ Yoast SEO plugin. -->","yoast_head_json":{"title":"\u00c7ay Kazan\u0131 Yayl\u0131 Buhar Kapa\u011f\u0131 | Me\u015fale Store","description":"Yayl\u0131 buhar kapa\u011f\u0131, \u00f6zellikle \u00e7ay kazan\u0131 ve end\u00fcstriyel cihazlar gibi s\u0131cak i\u00e7ecek makinelerinde kullan\u0131lan \u00f6nemli bir par\u00e7ad\u0131r. Buhar bas\u0131nc\u0131n\u0131","robots":{"index":"index","follow":"follow","max-snippet":"max-snippet:-1","max-image-preview":"max-image-preview:large","max-video-preview":"max-video-preview:-1"},"canonical":"https:\/\/mesalestore.com\/en\/product\/cay-kazani-yayli-buhar-kapagi\/","og_locale":"en_US","og_type":"article","og_title":"\u00c7ay Kazan\u0131 Yayl\u0131 Buhar Kapa\u011f\u0131 | Me\u015fale Store","og_description":"Yayl\u0131 buhar kapa\u011f\u0131, \u00f6zellikle \u00e7ay kazan\u0131 ve end\u00fcstriyel cihazlar gibi s\u0131cak i\u00e7ecek makinelerinde kullan\u0131lan \u00f6nemli bir par\u00e7ad\u0131r. Buhar bas\u0131nc\u0131n\u0131","og_url":"https:\/\/mesalestore.com\/en\/product\/cay-kazani-yayli-buhar-kapagi\/","og_site_name":"Me\u015fale Store","article_publisher":"https:\/\/www.facebook.com\/mesalecay","article_modified_time":"2026-04-11T10:18:42+00:00","og_image":[{"width":1200,"height":1800,"url":"https:\/\/mesalestore.com\/wp-content\/uploads\/2026\/01\/1_org_zoom-95.jpg","type":"image\/jpeg"}],"twitter_card":"summary_large_image","twitter_site":"@mesalecaykazan","twitter_misc":{"Est. reading time":"1 minute"},"schema":{"@context":"https:\/\/schema.org","@graph":[{"@type":"WebPage","@id":"https:\/\/mesalestore.com\/en\/product\/cay-kazani-yayli-buhar-kapagi\/","url":"https:\/\/mesalestore.com\/en\/product\/cay-kazani-yayli-buhar-kapagi\/","name":"\u00c7ay Kazan\u0131 Yayl\u0131 Buhar Kapa\u011f\u0131 | Me\u015fale Store","isPartOf":{"@id":"https:\/\/mesalestore.com\/en\/#website"},"primaryImageOfPage":{"@id":"https:\/\/mesalestore.com\/en\/product\/cay-kazani-yayli-buhar-kapagi\/#primaryimage"},"image":{"@id":"https:\/\/mesalestore.com\/en\/product\/cay-kazani-yayli-buhar-kapagi\/#primaryimage"},"thumbnailUrl":"https:\/\/mesalestore.com\/wp-content\/uploads\/2026\/01\/1_org_zoom-95.jpg","datePublished":"2026-02-09T09:19:05+00:00","dateModified":"2026-04-11T10:18:42+00:00","description":"Yayl\u0131 buhar kapa\u011f\u0131, \u00f6zellikle \u00e7ay kazan\u0131 ve end\u00fcstriyel cihazlar gibi s\u0131cak i\u00e7ecek makinelerinde kullan\u0131lan \u00f6nemli bir par\u00e7ad\u0131r. Buhar bas\u0131nc\u0131n\u0131","breadcrumb":{"@id":"https:\/\/mesalestore.com\/en\/product\/cay-kazani-yayli-buhar-kapagi\/#breadcrumb"},"inLanguage":"en-US","potentialAction":[{"@type":"ReadAction","target":["https:\/\/mesalestore.com\/en\/product\/cay-kazani-yayli-buhar-kapagi\/"]}]},{"@type":"ImageObject","inLanguage":"en-US","@id":"https:\/\/mesalestore.com\/en\/product\/cay-kazani-yayli-buhar-kapagi\/#primaryimage","url":"https:\/\/mesalestore.com\/wp-content\/uploads\/2026\/01\/1_org_zoom-95.jpg","contentUrl":"https:\/\/mesalestore.com\/wp-content\/uploads\/2026\/01\/1_org_zoom-95.jpg","width":1200,"height":1800},{"@type":"BreadcrumbList","@id":"https:\/\/mesalestore.com\/en\/product\/cay-kazani-yayli-buhar-kapagi\/#breadcrumb","itemListElement":[{"@type":"ListItem","position":1,"name":"Anasayfa","item":"https:\/\/mesalestore.com\/en\/"},{"@type":"ListItem","position":2,"name":"Products","item":"https:\/\/mesalestore.com\/en\/shop\/"},{"@type":"ListItem","position":3,"name":"\u00c7ay Kazan\u0131 Yayl\u0131 Buhar Kapa\u011f\u0131"}]},{"@type":"WebSite","@id":"https:\/\/mesalestore.com\/en\/#website","url":"https:\/\/mesalestore.com\/en\/","name":"Me\u015fale Store","description":"","publisher":{"@id":"https:\/\/mesalestore.com\/en\/#organization"},"potentialAction":[{"@type":"SearchAction","target":{"@type":"EntryPoint","urlTemplate":"https:\/\/mesalestore.com\/en\/?s={search_term_string}"},"query-input":{"@type":"PropertyValueSpecification","valueRequired":true,"valueName":"search_term_string"}}],"inLanguage":"en-US"},{"@type":"Organization","@id":"https:\/\/mesalestore.com\/en\/#organization","name":"Me\u015fale Store","url":"https:\/\/mesalestore.com\/en\/","logo":{"@type":"ImageObject","inLanguage":"en-US","@id":"https:\/\/mesalestore.com\/en\/#\/schema\/logo\/image\/","url":"https:\/\/mesalestore.com\/wp-content\/uploads\/2026\/03\/logo-header-yeni-1.webp","contentUrl":"https:\/\/mesalestore.com\/wp-content\/uploads\/2026\/03\/logo-header-yeni-1.webp","width":419,"height":147,"caption":"Me\u015fale Store"},"image":{"@id":"https:\/\/mesalestore.com\/en\/#\/schema\/logo\/image\/"},"sameAs":["https:\/\/www.facebook.com\/mesalecay","https:\/\/x.com\/mesalecaykazan","https:\/\/www.instagram.com\/mesalecaykazan\/"]}]}},"_links":{"self":[{"href":"https:\/\/mesalestore.com\/en\/wp-json\/wp\/v2\/product\/2454","targetHints":{"allow":["GET"]}}],"collection":[{"href":"https:\/\/mesalestore.com\/en\/wp-json\/wp\/v2\/product"}],"about":[{"href":"https:\/\/mesalestore.com\/en\/wp-json\/wp\/v2\/types\/product"}],"replies":[{"embeddable":true,"href":"https:\/\/mesalestore.com\/en\/wp-json\/wp\/v2\/comments?post=2454"}],"wp:featuredmedia":[{"embeddable":true,"href":"https:\/\/mesalestore.com\/en\/wp-json\/wp\/v2\/media\/524"}],"wp:attachment":[{"href":"https:\/\/mesalestore.com\/en\/wp-json\/wp\/v2\/media?parent=2454"}],"wp:term":[{"taxonomy":"product_brand","embeddable":true,"href":"https:\/\/mesalestore.com\/en\/wp-json\/wp\/v2\/product_brand?post=2454"},{"taxonomy":"product_cat","embeddable":true,"href":"https:\/\/mesalestore.com\/en\/wp-json\/wp\/v2\/product_cat?post=2454"},{"taxonomy":"product_tag","embeddable":true,"href":"https:\/\/mesalestore.com\/en\/wp-json\/wp\/v2\/product_tag?post=2454"}],"curies":[{"name":"wp","href":"https:\/\/api.w.org\/{rel}","templated":true}]}}