{"id":2446,"date":"2026-02-09T12:19:02","date_gmt":"2026-02-09T09:19:02","guid":{"rendered":"http:\/\/mesalestore.com\/product\/cay-kazanlari-lpg-donusum-enjektoru\/"},"modified":"2026-04-11T14:57:42","modified_gmt":"2026-04-11T11:57:42","slug":"cay-kazanlari-lpg-donusum-enjektoru","status":"publish","type":"product","link":"https:\/\/mesalestore.com\/en\/product\/cay-kazanlari-lpg-donusum-enjektoru\/","title":{"rendered":"\u00c7ay Kazanlar\u0131 Lpg D\u00f6n\u00fc\u015f\u00fcm Enjekt\u00f6r\u00fc"},"content":{"rendered":"<p><strong>LPG d\u00f6n\u00fc\u015f\u00fcm enjekt\u00f6r\u00fc<\/strong>, ara\u00e7lar ve cihazlar i\u00e7in <strong>LPG ile \u00e7al\u0131\u015fma<\/strong> sa\u011flayan \u00f6nemli bir bile\u015fendir. <strong>LPG d\u00f6n\u00fc\u015f\u00fcm kitleri<\/strong> ile uyumlu \u015fekilde tasarlanm\u0131\u015f bu enjekt\u00f6r, <strong>LPG sistemleri<\/strong> \u00fczerinden yak\u0131t\u0131n verimli bir \u015fekilde kullan\u0131lmas\u0131na olanak tan\u0131r. <strong>LPG d\u00f6n\u00fc\u015f\u00fcm enjekt\u00f6r\u00fc<\/strong>, \u00f6zellikle i\u00e7ten yanmal\u0131 motorlarda, <strong>LPG ile enerji verimlili\u011fi<\/strong> sa\u011flar ve <strong>yak\u0131t tasarrufu<\/strong> sunar. Bu sayede, <strong>LPG d\u00f6n\u00fc\u015f\u00fcm kitleri<\/strong> ile yap\u0131lan d\u00f6n\u00fc\u015f\u00fcm, daha d\u00fc\u015f\u00fck maliyetle daha y\u00fcksek performans elde edilmesini m\u00fcmk\u00fcn k\u0131lar.<\/p>\n<p><strong>LPG d\u00f6n\u00fc\u015f\u00fcm enjekt\u00f6r\u00fc<\/strong>, ticari ara\u00e7lar, servis ara\u00e7lar\u0131 ve end\u00fcstriyel makinelerde yo\u011fun olarak kullan\u0131l\u0131r. Bu sistemler, <strong>LPG<\/strong> kullan\u0131m\u0131na ge\u00e7i\u015f yapt\u0131ktan sonra, <strong>yak\u0131t t\u00fcketim maliyetlerini<\/strong> azaltarak i\u015fletmelere \u00f6nemli tasarruflar sa\u011flar. Ayr\u0131ca, <strong>LPG d\u00f6n\u00fc\u015f\u00fcm enjekt\u00f6r\u00fc<\/strong> ile <strong>enerji verimlili\u011fi<\/strong> artar, bu da \u00e7evre dostu enerji kullan\u0131m\u0131n\u0131 te\u015fvik eder.<\/p>\n<p><strong>LPG d\u00f6n\u00fc\u015f\u00fcm enjekt\u00f6r\u00fc<\/strong>, sadece ekonomik de\u011fil, ayn\u0131 zamanda \u00e7evreye duyarl\u0131 bir \u00e7\u00f6z\u00fcm sunar. <strong>LPG ile \u00e7al\u0131\u015fan sistemler<\/strong>, daha az karbon sal\u0131n\u0131m\u0131 yaparak \u00e7evre kirlili\u011fini azalt\u0131r ve enerji t\u00fcketimini optimize eder. Bu sayede, hem i\u015fletmelerin karbon ayak izlerini k\u00fc\u00e7\u00fcltmelerine yard\u0131mc\u0131 olur, hem de uzun vadede b\u00fcy\u00fck tasarruf sa\u011flar.<\/p>","protected":false},"excerpt":{"rendered":"<p>LPG d\u00f6n\u00fc\u015f\u00fcm enjekt\u00f6r\u00fc, ara\u00e7lar ve cihazlar i\u00e7in LPG ile \u00e7al\u0131\u015fma sa\u011flayan \u00f6nemli bir bile\u015fendir. LPG d\u00f6n\u00fc\u015f\u00fcm kitleri ile uyumlu \u015fekilde tasarlanm\u0131\u015f bu enjekt\u00f6r, LPG sistemleri \u00fczerinden yak\u0131t\u0131n verimli bir \u015fekilde kullan\u0131lmas\u0131na olanak tan\u0131r. LPG d\u00f6n\u00fc\u015f\u00fcm enjekt\u00f6r\u00fc, \u00f6zellikle i\u00e7ten yanmal\u0131 motorlarda, LPG ile enerji verimlili\u011fi sa\u011flar ve yak\u0131t tasarrufu sunar. Bu sayede, LPG d\u00f6n\u00fc\u015f\u00fcm kitleri ile [&hellip;]<\/p>\n","protected":false},"featured_media":506,"comment_status":"closed","ping_status":"closed","template":"","meta":[],"product_brand":[7749],"product_cat":[7988],"product_tag":[628,629,630,631,632,633],"class_list":{"0":"post-2446","1":"product","2":"type-product","3":"status-publish","4":"has-post-thumbnail","6":"product_brand-mesale","7":"product_cat-conta-baglanti-parcalari","8":"product_tag-donusum","9":"product_tag-donusum-enjektoru","10":"product_tag-enjektoru","11":"product_tag-lpg-donusum","12":"product_tag-lpg-donusum-enjektoru","13":"product_tag-lpg-enjektoru","15":"first","16":"instock","17":"taxable","18":"shipping-taxable","19":"purchasable","20":"product-type-simple"},"yoast_head":"<!-- This site is optimized with the Yoast SEO plugin v27.1.1 - https:\/\/yoast.com\/product\/yoast-seo-wordpress\/ -->\n<title>\u00c7ay Kazanlar\u0131 Lpg D\u00f6n\u00fc\u015f\u00fcm Enjekt\u00f6r\u00fc | Me\u015fale Store<\/title>\n<meta name=\"description\" content=\"LPG d\u00f6n\u00fc\u015f\u00fcm enjekt\u00f6r\u00fc, ara\u00e7lar ve cihazlar i\u00e7in LPG ile \u00e7al\u0131\u015fma sa\u011flayan \u00f6nemli bir bile\u015fendir. LPG d\u00f6n\u00fc\u015f\u00fcm kitleri ile uyumlu \u015fekilde tasarlanm\u0131\u015f bu\" \/>\n<meta name=\"robots\" content=\"index, follow, max-snippet:-1, max-image-preview:large, max-video-preview:-1\" \/>\n<link rel=\"canonical\" href=\"https:\/\/mesalestore.com\/en\/product\/cay-kazanlari-lpg-donusum-enjektoru\/\" \/>\n<meta property=\"og:locale\" content=\"en_US\" \/>\n<meta property=\"og:type\" content=\"article\" \/>\n<meta property=\"og:title\" content=\"\u00c7ay Kazanlar\u0131 Lpg D\u00f6n\u00fc\u015f\u00fcm Enjekt\u00f6r\u00fc | Me\u015fale Store\" \/>\n<meta property=\"og:description\" content=\"LPG d\u00f6n\u00fc\u015f\u00fcm enjekt\u00f6r\u00fc, ara\u00e7lar ve cihazlar i\u00e7in LPG ile \u00e7al\u0131\u015fma sa\u011flayan \u00f6nemli bir bile\u015fendir. LPG d\u00f6n\u00fc\u015f\u00fcm kitleri ile uyumlu \u015fekilde tasarlanm\u0131\u015f bu\" \/>\n<meta property=\"og:url\" content=\"https:\/\/mesalestore.com\/en\/product\/cay-kazanlari-lpg-donusum-enjektoru\/\" \/>\n<meta property=\"og:site_name\" content=\"Me\u015fale Store\" \/>\n<meta property=\"article:publisher\" content=\"https:\/\/www.facebook.com\/mesalecay\" \/>\n<meta property=\"article:modified_time\" content=\"2026-04-11T11:57:42+00:00\" \/>\n<meta property=\"og:image\" content=\"https:\/\/mesalestore.com\/wp-content\/uploads\/2026\/01\/1_org_zoom-85.jpg\" \/>\n\t<meta property=\"og:image:width\" content=\"1200\" \/>\n\t<meta property=\"og:image:height\" content=\"1800\" \/>\n\t<meta property=\"og:image:type\" content=\"image\/jpeg\" \/>\n<meta name=\"twitter:card\" content=\"summary_large_image\" \/>\n<meta name=\"twitter:site\" content=\"@mesalecaykazan\" \/>\n<meta name=\"twitter:label1\" content=\"Est. reading time\" \/>\n\t<meta name=\"twitter:data1\" content=\"2 minutes\" \/>\n<script type=\"application\/ld+json\" class=\"yoast-schema-graph\">{\"@context\":\"https:\/\/schema.org\",\"@graph\":[{\"@type\":\"WebPage\",\"@id\":\"https:\/\/mesalestore.com\/en\/product\/cay-kazanlari-lpg-donusum-enjektoru\/\",\"url\":\"https:\/\/mesalestore.com\/en\/product\/cay-kazanlari-lpg-donusum-enjektoru\/\",\"name\":\"\u00c7ay Kazanlar\u0131 Lpg D\u00f6n\u00fc\u015f\u00fcm Enjekt\u00f6r\u00fc | Me\u015fale Store\",\"isPartOf\":{\"@id\":\"https:\/\/mesalestore.com\/en\/#website\"},\"primaryImageOfPage\":{\"@id\":\"https:\/\/mesalestore.com\/en\/product\/cay-kazanlari-lpg-donusum-enjektoru\/#primaryimage\"},\"image\":{\"@id\":\"https:\/\/mesalestore.com\/en\/product\/cay-kazanlari-lpg-donusum-enjektoru\/#primaryimage\"},\"thumbnailUrl\":\"https:\/\/mesalestore.com\/wp-content\/uploads\/2026\/01\/1_org_zoom-85.jpg\",\"datePublished\":\"2026-02-09T09:19:02+00:00\",\"dateModified\":\"2026-04-11T11:57:42+00:00\",\"description\":\"LPG d\u00f6n\u00fc\u015f\u00fcm enjekt\u00f6r\u00fc, ara\u00e7lar ve cihazlar i\u00e7in LPG ile \u00e7al\u0131\u015fma sa\u011flayan \u00f6nemli bir bile\u015fendir. LPG d\u00f6n\u00fc\u015f\u00fcm kitleri ile uyumlu \u015fekilde tasarlanm\u0131\u015f bu\",\"breadcrumb\":{\"@id\":\"https:\/\/mesalestore.com\/en\/product\/cay-kazanlari-lpg-donusum-enjektoru\/#breadcrumb\"},\"inLanguage\":\"en-US\",\"potentialAction\":[{\"@type\":\"ReadAction\",\"target\":[\"https:\/\/mesalestore.com\/en\/product\/cay-kazanlari-lpg-donusum-enjektoru\/\"]}]},{\"@type\":\"ImageObject\",\"inLanguage\":\"en-US\",\"@id\":\"https:\/\/mesalestore.com\/en\/product\/cay-kazanlari-lpg-donusum-enjektoru\/#primaryimage\",\"url\":\"https:\/\/mesalestore.com\/wp-content\/uploads\/2026\/01\/1_org_zoom-85.jpg\",\"contentUrl\":\"https:\/\/mesalestore.com\/wp-content\/uploads\/2026\/01\/1_org_zoom-85.jpg\",\"width\":1200,\"height\":1800},{\"@type\":\"BreadcrumbList\",\"@id\":\"https:\/\/mesalestore.com\/en\/product\/cay-kazanlari-lpg-donusum-enjektoru\/#breadcrumb\",\"itemListElement\":[{\"@type\":\"ListItem\",\"position\":1,\"name\":\"Anasayfa\",\"item\":\"https:\/\/mesalestore.com\/en\/\"},{\"@type\":\"ListItem\",\"position\":2,\"name\":\"Products\",\"item\":\"https:\/\/mesalestore.com\/en\/shop\/\"},{\"@type\":\"ListItem\",\"position\":3,\"name\":\"\u00c7ay Kazanlar\u0131 Lpg D\u00f6n\u00fc\u015f\u00fcm Enjekt\u00f6r\u00fc\"}]},{\"@type\":\"WebSite\",\"@id\":\"https:\/\/mesalestore.com\/en\/#website\",\"url\":\"https:\/\/mesalestore.com\/en\/\",\"name\":\"Me\u015fale Store\",\"description\":\"\",\"publisher\":{\"@id\":\"https:\/\/mesalestore.com\/en\/#organization\"},\"potentialAction\":[{\"@type\":\"SearchAction\",\"target\":{\"@type\":\"EntryPoint\",\"urlTemplate\":\"https:\/\/mesalestore.com\/en\/?s={search_term_string}\"},\"query-input\":{\"@type\":\"PropertyValueSpecification\",\"valueRequired\":true,\"valueName\":\"search_term_string\"}}],\"inLanguage\":\"en-US\"},{\"@type\":\"Organization\",\"@id\":\"https:\/\/mesalestore.com\/en\/#organization\",\"name\":\"Me\u015fale Store\",\"url\":\"https:\/\/mesalestore.com\/en\/\",\"logo\":{\"@type\":\"ImageObject\",\"inLanguage\":\"en-US\",\"@id\":\"https:\/\/mesalestore.com\/en\/#\/schema\/logo\/image\/\",\"url\":\"https:\/\/mesalestore.com\/wp-content\/uploads\/2026\/03\/logo-header-yeni-1.webp\",\"contentUrl\":\"https:\/\/mesalestore.com\/wp-content\/uploads\/2026\/03\/logo-header-yeni-1.webp\",\"width\":419,\"height\":147,\"caption\":\"Me\u015fale Store\"},\"image\":{\"@id\":\"https:\/\/mesalestore.com\/en\/#\/schema\/logo\/image\/\"},\"sameAs\":[\"https:\/\/www.facebook.com\/mesalecay\",\"https:\/\/x.com\/mesalecaykazan\",\"https:\/\/www.instagram.com\/mesalecaykazan\/\"]}]}<\/script>\n<!-- \/ Yoast SEO plugin. -->","yoast_head_json":{"title":"\u00c7ay Kazanlar\u0131 Lpg D\u00f6n\u00fc\u015f\u00fcm Enjekt\u00f6r\u00fc | Me\u015fale Store","description":"LPG d\u00f6n\u00fc\u015f\u00fcm enjekt\u00f6r\u00fc, ara\u00e7lar ve cihazlar i\u00e7in LPG ile \u00e7al\u0131\u015fma sa\u011flayan \u00f6nemli bir bile\u015fendir. LPG d\u00f6n\u00fc\u015f\u00fcm kitleri ile uyumlu \u015fekilde tasarlanm\u0131\u015f bu","robots":{"index":"index","follow":"follow","max-snippet":"max-snippet:-1","max-image-preview":"max-image-preview:large","max-video-preview":"max-video-preview:-1"},"canonical":"https:\/\/mesalestore.com\/en\/product\/cay-kazanlari-lpg-donusum-enjektoru\/","og_locale":"en_US","og_type":"article","og_title":"\u00c7ay Kazanlar\u0131 Lpg D\u00f6n\u00fc\u015f\u00fcm Enjekt\u00f6r\u00fc | Me\u015fale Store","og_description":"LPG d\u00f6n\u00fc\u015f\u00fcm enjekt\u00f6r\u00fc, ara\u00e7lar ve cihazlar i\u00e7in LPG ile \u00e7al\u0131\u015fma sa\u011flayan \u00f6nemli bir bile\u015fendir. LPG d\u00f6n\u00fc\u015f\u00fcm kitleri ile uyumlu \u015fekilde tasarlanm\u0131\u015f bu","og_url":"https:\/\/mesalestore.com\/en\/product\/cay-kazanlari-lpg-donusum-enjektoru\/","og_site_name":"Me\u015fale Store","article_publisher":"https:\/\/www.facebook.com\/mesalecay","article_modified_time":"2026-04-11T11:57:42+00:00","og_image":[{"width":1200,"height":1800,"url":"https:\/\/mesalestore.com\/wp-content\/uploads\/2026\/01\/1_org_zoom-85.jpg","type":"image\/jpeg"}],"twitter_card":"summary_large_image","twitter_site":"@mesalecaykazan","twitter_misc":{"Est. reading time":"2 minutes"},"schema":{"@context":"https:\/\/schema.org","@graph":[{"@type":"WebPage","@id":"https:\/\/mesalestore.com\/en\/product\/cay-kazanlari-lpg-donusum-enjektoru\/","url":"https:\/\/mesalestore.com\/en\/product\/cay-kazanlari-lpg-donusum-enjektoru\/","name":"\u00c7ay Kazanlar\u0131 Lpg D\u00f6n\u00fc\u015f\u00fcm Enjekt\u00f6r\u00fc | Me\u015fale Store","isPartOf":{"@id":"https:\/\/mesalestore.com\/en\/#website"},"primaryImageOfPage":{"@id":"https:\/\/mesalestore.com\/en\/product\/cay-kazanlari-lpg-donusum-enjektoru\/#primaryimage"},"image":{"@id":"https:\/\/mesalestore.com\/en\/product\/cay-kazanlari-lpg-donusum-enjektoru\/#primaryimage"},"thumbnailUrl":"https:\/\/mesalestore.com\/wp-content\/uploads\/2026\/01\/1_org_zoom-85.jpg","datePublished":"2026-02-09T09:19:02+00:00","dateModified":"2026-04-11T11:57:42+00:00","description":"LPG d\u00f6n\u00fc\u015f\u00fcm enjekt\u00f6r\u00fc, ara\u00e7lar ve cihazlar i\u00e7in LPG ile \u00e7al\u0131\u015fma sa\u011flayan \u00f6nemli bir bile\u015fendir. LPG d\u00f6n\u00fc\u015f\u00fcm kitleri ile uyumlu \u015fekilde tasarlanm\u0131\u015f bu","breadcrumb":{"@id":"https:\/\/mesalestore.com\/en\/product\/cay-kazanlari-lpg-donusum-enjektoru\/#breadcrumb"},"inLanguage":"en-US","potentialAction":[{"@type":"ReadAction","target":["https:\/\/mesalestore.com\/en\/product\/cay-kazanlari-lpg-donusum-enjektoru\/"]}]},{"@type":"ImageObject","inLanguage":"en-US","@id":"https:\/\/mesalestore.com\/en\/product\/cay-kazanlari-lpg-donusum-enjektoru\/#primaryimage","url":"https:\/\/mesalestore.com\/wp-content\/uploads\/2026\/01\/1_org_zoom-85.jpg","contentUrl":"https:\/\/mesalestore.com\/wp-content\/uploads\/2026\/01\/1_org_zoom-85.jpg","width":1200,"height":1800},{"@type":"BreadcrumbList","@id":"https:\/\/mesalestore.com\/en\/product\/cay-kazanlari-lpg-donusum-enjektoru\/#breadcrumb","itemListElement":[{"@type":"ListItem","position":1,"name":"Anasayfa","item":"https:\/\/mesalestore.com\/en\/"},{"@type":"ListItem","position":2,"name":"Products","item":"https:\/\/mesalestore.com\/en\/shop\/"},{"@type":"ListItem","position":3,"name":"\u00c7ay Kazanlar\u0131 Lpg D\u00f6n\u00fc\u015f\u00fcm Enjekt\u00f6r\u00fc"}]},{"@type":"WebSite","@id":"https:\/\/mesalestore.com\/en\/#website","url":"https:\/\/mesalestore.com\/en\/","name":"Me\u015fale Store","description":"","publisher":{"@id":"https:\/\/mesalestore.com\/en\/#organization"},"potentialAction":[{"@type":"SearchAction","target":{"@type":"EntryPoint","urlTemplate":"https:\/\/mesalestore.com\/en\/?s={search_term_string}"},"query-input":{"@type":"PropertyValueSpecification","valueRequired":true,"valueName":"search_term_string"}}],"inLanguage":"en-US"},{"@type":"Organization","@id":"https:\/\/mesalestore.com\/en\/#organization","name":"Me\u015fale Store","url":"https:\/\/mesalestore.com\/en\/","logo":{"@type":"ImageObject","inLanguage":"en-US","@id":"https:\/\/mesalestore.com\/en\/#\/schema\/logo\/image\/","url":"https:\/\/mesalestore.com\/wp-content\/uploads\/2026\/03\/logo-header-yeni-1.webp","contentUrl":"https:\/\/mesalestore.com\/wp-content\/uploads\/2026\/03\/logo-header-yeni-1.webp","width":419,"height":147,"caption":"Me\u015fale Store"},"image":{"@id":"https:\/\/mesalestore.com\/en\/#\/schema\/logo\/image\/"},"sameAs":["https:\/\/www.facebook.com\/mesalecay","https:\/\/x.com\/mesalecaykazan","https:\/\/www.instagram.com\/mesalecaykazan\/"]}]}},"_links":{"self":[{"href":"https:\/\/mesalestore.com\/en\/wp-json\/wp\/v2\/product\/2446","targetHints":{"allow":["GET"]}}],"collection":[{"href":"https:\/\/mesalestore.com\/en\/wp-json\/wp\/v2\/product"}],"about":[{"href":"https:\/\/mesalestore.com\/en\/wp-json\/wp\/v2\/types\/product"}],"replies":[{"embeddable":true,"href":"https:\/\/mesalestore.com\/en\/wp-json\/wp\/v2\/comments?post=2446"}],"wp:featuredmedia":[{"embeddable":true,"href":"https:\/\/mesalestore.com\/en\/wp-json\/wp\/v2\/media\/506"}],"wp:attachment":[{"href":"https:\/\/mesalestore.com\/en\/wp-json\/wp\/v2\/media?parent=2446"}],"wp:term":[{"taxonomy":"product_brand","embeddable":true,"href":"https:\/\/mesalestore.com\/en\/wp-json\/wp\/v2\/product_brand?post=2446"},{"taxonomy":"product_cat","embeddable":true,"href":"https:\/\/mesalestore.com\/en\/wp-json\/wp\/v2\/product_cat?post=2446"},{"taxonomy":"product_tag","embeddable":true,"href":"https:\/\/mesalestore.com\/en\/wp-json\/wp\/v2\/product_tag?post=2446"}],"curies":[{"name":"wp","href":"https:\/\/api.w.org\/{rel}","templated":true}]}}