{"id":2443,"date":"2026-02-09T12:19:02","date_gmt":"2026-02-09T09:19:02","guid":{"rendered":"http:\/\/mesalestore.com\/product\/cay-kazanlari-gizli-rezistansi-16-cm\/"},"modified":"2026-04-10T17:42:24","modified_gmt":"2026-04-10T14:42:24","slug":"cay-kazanlari-gizli-rezistansi-16-cm","status":"publish","type":"product","link":"https:\/\/mesalestore.com\/en\/product\/cay-kazanlari-gizli-rezistansi-16-cm\/","title":{"rendered":"\u00c7ay Kazanlar\u0131 Gizli Rezistans\u0131 16 CM"},"content":{"rendered":"<p>\u00c7ay kazanlar\u0131n\u0131n performans\u0131n\u0131 ve dayan\u0131kl\u0131l\u0131\u011f\u0131n\u0131 art\u0131rmak i\u00e7in <strong>Gizli Rezistans 16 CM<\/strong> ideal bir yedek par\u00e7ad\u0131r. Elektrik enerjisini \u0131s\u0131ya d\u00f6n\u00fc\u015ft\u00fcrerek suyun h\u0131zl\u0131 bir \u015fekilde kaynamas\u0131n\u0131 sa\u011flayan bu rezistans, y\u00fcksek verimlilik sunar. Paslanmaz \u00e7elik yap\u0131s\u0131yla uzun \u00f6m\u00fcrl\u00fc kullan\u0131m sa\u011flar ve 16 cm boyutuyla pek \u00e7ok \u00e7ay kazan\u0131 modeliyle uyumludur.<\/p>\n<p>E\u011fer \u00e7ay kazan\u0131n\u0131z\u0131n \u0131s\u0131tma performans\u0131 d\u00fc\u015fm\u00fc\u015fse ya da rezistans ar\u0131zas\u0131 ya\u015f\u0131yorsan\u0131z, bu par\u00e7a ile kolayca \u00e7\u00f6z\u00fcm sa\u011flayabilirsiniz. <strong>Gizli rezistans \u00e7ay kazanlar\u0131<\/strong> i\u00e7in hem ekonomik hem de etkili bir yedek par\u00e7a se\u00e7ene\u011fidir. Uygun fiyatlarla ve kaliteli malzemelerle \u00fcretilmi\u015f bu \u00fcr\u00fcn, dayan\u0131kl\u0131l\u0131\u011f\u0131yla \u00f6n plana \u00e7\u0131kar.<\/p>\n<p>\u00c7ay kazanlar\u0131 yedek par\u00e7alar\u0131 aras\u0131nda \u00f6nemli bir yere sahip olan <strong>16 cm gizli rezistans<\/strong>, kullan\u0131m kolayl\u0131\u011f\u0131 ve enerji tasarrufu sa\u011flamas\u0131yla mutfaklar\u0131n vazge\u00e7ilmezi olacak. Sipari\u015f vererek \u00e7ay kazan\u0131n\u0131z\u0131n verimlili\u011fini art\u0131rabilirsiniz.<\/p>","protected":false},"excerpt":{"rendered":"<p>\u00c7ay kazanlar\u0131n\u0131n performans\u0131n\u0131 ve dayan\u0131kl\u0131l\u0131\u011f\u0131n\u0131 art\u0131rmak i\u00e7in Gizli Rezistans 16 CM ideal bir yedek par\u00e7ad\u0131r. Elektrik enerjisini \u0131s\u0131ya d\u00f6n\u00fc\u015ft\u00fcrerek suyun h\u0131zl\u0131 bir \u015fekilde kaynamas\u0131n\u0131 sa\u011flayan bu rezistans, y\u00fcksek verimlilik sunar. Paslanmaz \u00e7elik yap\u0131s\u0131yla uzun \u00f6m\u00fcrl\u00fc kullan\u0131m sa\u011flar ve 16 cm boyutuyla pek \u00e7ok \u00e7ay kazan\u0131 modeliyle uyumludur. E\u011fer \u00e7ay kazan\u0131n\u0131z\u0131n \u0131s\u0131tma performans\u0131 d\u00fc\u015fm\u00fc\u015fse ya da [&hellip;]<\/p>\n","protected":false},"featured_media":500,"comment_status":"closed","ping_status":"closed","template":"","meta":[],"product_brand":[7750],"product_cat":[7985],"product_tag":[504,492,497,498,499,493,494,495,496,500,501,502,503],"class_list":{"0":"post-2443","1":"product","2":"type-product","3":"status-publish","4":"has-post-thumbnail","6":"product_brand-demsu","7":"product_cat-rezistanslar","8":"product_tag-16-cm","9":"product_tag-gizli","10":"product_tag-gizli-16","11":"product_tag-gizli-16-cm","12":"product_tag-gizli-cm","13":"product_tag-gizli-rezistans","14":"product_tag-gizli-rezistans-16","15":"product_tag-gizli-rezistans-16-cm","16":"product_tag-gizli-rezistans-cm","17":"product_tag-rezistans","18":"product_tag-rezistans-16","19":"product_tag-rezistans-16-cm","20":"product_tag-rezistans-cm","22":"first","23":"instock","24":"sale","25":"taxable","26":"shipping-taxable","27":"purchasable","28":"product-type-simple"},"yoast_head":"<!-- This site is optimized with the Yoast SEO plugin v27.1.1 - https:\/\/yoast.com\/product\/yoast-seo-wordpress\/ -->\n<title>\u00c7ay Kazanlar\u0131 Gizli Rezistans\u0131 16 CM | Me\u015fale Store<\/title>\n<meta name=\"description\" content=\"\u00c7ay kazanlar\u0131n\u0131n performans\u0131n\u0131 ve dayan\u0131kl\u0131l\u0131\u011f\u0131n\u0131 art\u0131rmak i\u00e7in Gizli Rezistans 16 CM ideal bir yedek par\u00e7ad\u0131r. Elektrik enerjisini \u0131s\u0131ya d\u00f6n\u00fc\u015ft\u00fcrerek\" \/>\n<meta name=\"robots\" content=\"index, follow, max-snippet:-1, max-image-preview:large, max-video-preview:-1\" \/>\n<link rel=\"canonical\" href=\"https:\/\/mesalestore.com\/en\/product\/cay-kazanlari-gizli-rezistansi-16-cm\/\" \/>\n<meta property=\"og:locale\" content=\"en_US\" \/>\n<meta property=\"og:type\" content=\"article\" \/>\n<meta property=\"og:title\" content=\"\u00c7ay Kazanlar\u0131 Gizli Rezistans\u0131 16 CM | Me\u015fale Store\" \/>\n<meta property=\"og:description\" content=\"\u00c7ay kazanlar\u0131n\u0131n performans\u0131n\u0131 ve dayan\u0131kl\u0131l\u0131\u011f\u0131n\u0131 art\u0131rmak i\u00e7in Gizli Rezistans 16 CM ideal bir yedek par\u00e7ad\u0131r. Elektrik enerjisini \u0131s\u0131ya d\u00f6n\u00fc\u015ft\u00fcrerek\" \/>\n<meta property=\"og:url\" content=\"https:\/\/mesalestore.com\/en\/product\/cay-kazanlari-gizli-rezistansi-16-cm\/\" \/>\n<meta property=\"og:site_name\" content=\"Me\u015fale Store\" \/>\n<meta property=\"article:publisher\" content=\"https:\/\/www.facebook.com\/mesalecay\" \/>\n<meta property=\"article:modified_time\" content=\"2026-04-10T14:42:24+00:00\" \/>\n<meta property=\"og:image\" content=\"https:\/\/mesalestore.com\/wp-content\/uploads\/2026\/01\/1_org_zoom-82.jpg\" \/>\n\t<meta property=\"og:image:width\" content=\"1200\" \/>\n\t<meta property=\"og:image:height\" content=\"1800\" \/>\n\t<meta property=\"og:image:type\" content=\"image\/jpeg\" \/>\n<meta name=\"twitter:card\" content=\"summary_large_image\" \/>\n<meta name=\"twitter:site\" content=\"@mesalecaykazan\" \/>\n<meta name=\"twitter:label1\" content=\"Est. reading time\" \/>\n\t<meta name=\"twitter:data1\" content=\"1 minute\" \/>\n<script type=\"application\/ld+json\" class=\"yoast-schema-graph\">{\"@context\":\"https:\/\/schema.org\",\"@graph\":[{\"@type\":\"WebPage\",\"@id\":\"https:\/\/mesalestore.com\/en\/product\/cay-kazanlari-gizli-rezistansi-16-cm\/\",\"url\":\"https:\/\/mesalestore.com\/en\/product\/cay-kazanlari-gizli-rezistansi-16-cm\/\",\"name\":\"\u00c7ay Kazanlar\u0131 Gizli Rezistans\u0131 16 CM | Me\u015fale Store\",\"isPartOf\":{\"@id\":\"https:\/\/mesalestore.com\/en\/#website\"},\"primaryImageOfPage\":{\"@id\":\"https:\/\/mesalestore.com\/en\/product\/cay-kazanlari-gizli-rezistansi-16-cm\/#primaryimage\"},\"image\":{\"@id\":\"https:\/\/mesalestore.com\/en\/product\/cay-kazanlari-gizli-rezistansi-16-cm\/#primaryimage\"},\"thumbnailUrl\":\"https:\/\/mesalestore.com\/wp-content\/uploads\/2026\/01\/1_org_zoom-82.jpg\",\"datePublished\":\"2026-02-09T09:19:02+00:00\",\"dateModified\":\"2026-04-10T14:42:24+00:00\",\"description\":\"\u00c7ay kazanlar\u0131n\u0131n performans\u0131n\u0131 ve dayan\u0131kl\u0131l\u0131\u011f\u0131n\u0131 art\u0131rmak i\u00e7in Gizli Rezistans 16 CM ideal bir yedek par\u00e7ad\u0131r. Elektrik enerjisini \u0131s\u0131ya d\u00f6n\u00fc\u015ft\u00fcrerek\",\"breadcrumb\":{\"@id\":\"https:\/\/mesalestore.com\/en\/product\/cay-kazanlari-gizli-rezistansi-16-cm\/#breadcrumb\"},\"inLanguage\":\"en-US\",\"potentialAction\":[{\"@type\":\"ReadAction\",\"target\":[\"https:\/\/mesalestore.com\/en\/product\/cay-kazanlari-gizli-rezistansi-16-cm\/\"]}]},{\"@type\":\"ImageObject\",\"inLanguage\":\"en-US\",\"@id\":\"https:\/\/mesalestore.com\/en\/product\/cay-kazanlari-gizli-rezistansi-16-cm\/#primaryimage\",\"url\":\"https:\/\/mesalestore.com\/wp-content\/uploads\/2026\/01\/1_org_zoom-82.jpg\",\"contentUrl\":\"https:\/\/mesalestore.com\/wp-content\/uploads\/2026\/01\/1_org_zoom-82.jpg\",\"width\":1200,\"height\":1800},{\"@type\":\"BreadcrumbList\",\"@id\":\"https:\/\/mesalestore.com\/en\/product\/cay-kazanlari-gizli-rezistansi-16-cm\/#breadcrumb\",\"itemListElement\":[{\"@type\":\"ListItem\",\"position\":1,\"name\":\"Anasayfa\",\"item\":\"https:\/\/mesalestore.com\/en\/\"},{\"@type\":\"ListItem\",\"position\":2,\"name\":\"Products\",\"item\":\"https:\/\/mesalestore.com\/en\/shop\/\"},{\"@type\":\"ListItem\",\"position\":3,\"name\":\"\u00c7ay Kazanlar\u0131 Gizli Rezistans\u0131 16 CM\"}]},{\"@type\":\"WebSite\",\"@id\":\"https:\/\/mesalestore.com\/en\/#website\",\"url\":\"https:\/\/mesalestore.com\/en\/\",\"name\":\"Me\u015fale Store\",\"description\":\"\",\"publisher\":{\"@id\":\"https:\/\/mesalestore.com\/en\/#organization\"},\"potentialAction\":[{\"@type\":\"SearchAction\",\"target\":{\"@type\":\"EntryPoint\",\"urlTemplate\":\"https:\/\/mesalestore.com\/en\/?s={search_term_string}\"},\"query-input\":{\"@type\":\"PropertyValueSpecification\",\"valueRequired\":true,\"valueName\":\"search_term_string\"}}],\"inLanguage\":\"en-US\"},{\"@type\":\"Organization\",\"@id\":\"https:\/\/mesalestore.com\/en\/#organization\",\"name\":\"Me\u015fale Store\",\"url\":\"https:\/\/mesalestore.com\/en\/\",\"logo\":{\"@type\":\"ImageObject\",\"inLanguage\":\"en-US\",\"@id\":\"https:\/\/mesalestore.com\/en\/#\/schema\/logo\/image\/\",\"url\":\"https:\/\/mesalestore.com\/wp-content\/uploads\/2026\/03\/logo-header-yeni-1.webp\",\"contentUrl\":\"https:\/\/mesalestore.com\/wp-content\/uploads\/2026\/03\/logo-header-yeni-1.webp\",\"width\":419,\"height\":147,\"caption\":\"Me\u015fale Store\"},\"image\":{\"@id\":\"https:\/\/mesalestore.com\/en\/#\/schema\/logo\/image\/\"},\"sameAs\":[\"https:\/\/www.facebook.com\/mesalecay\",\"https:\/\/x.com\/mesalecaykazan\",\"https:\/\/www.instagram.com\/mesalecaykazan\/\"]}]}<\/script>\n<!-- \/ Yoast SEO plugin. -->","yoast_head_json":{"title":"\u00c7ay Kazanlar\u0131 Gizli Rezistans\u0131 16 CM | Me\u015fale Store","description":"\u00c7ay kazanlar\u0131n\u0131n performans\u0131n\u0131 ve dayan\u0131kl\u0131l\u0131\u011f\u0131n\u0131 art\u0131rmak i\u00e7in Gizli Rezistans 16 CM ideal bir yedek par\u00e7ad\u0131r. Elektrik enerjisini \u0131s\u0131ya d\u00f6n\u00fc\u015ft\u00fcrerek","robots":{"index":"index","follow":"follow","max-snippet":"max-snippet:-1","max-image-preview":"max-image-preview:large","max-video-preview":"max-video-preview:-1"},"canonical":"https:\/\/mesalestore.com\/en\/product\/cay-kazanlari-gizli-rezistansi-16-cm\/","og_locale":"en_US","og_type":"article","og_title":"\u00c7ay Kazanlar\u0131 Gizli Rezistans\u0131 16 CM | Me\u015fale Store","og_description":"\u00c7ay kazanlar\u0131n\u0131n performans\u0131n\u0131 ve dayan\u0131kl\u0131l\u0131\u011f\u0131n\u0131 art\u0131rmak i\u00e7in Gizli Rezistans 16 CM ideal bir yedek par\u00e7ad\u0131r. Elektrik enerjisini \u0131s\u0131ya d\u00f6n\u00fc\u015ft\u00fcrerek","og_url":"https:\/\/mesalestore.com\/en\/product\/cay-kazanlari-gizli-rezistansi-16-cm\/","og_site_name":"Me\u015fale Store","article_publisher":"https:\/\/www.facebook.com\/mesalecay","article_modified_time":"2026-04-10T14:42:24+00:00","og_image":[{"width":1200,"height":1800,"url":"https:\/\/mesalestore.com\/wp-content\/uploads\/2026\/01\/1_org_zoom-82.jpg","type":"image\/jpeg"}],"twitter_card":"summary_large_image","twitter_site":"@mesalecaykazan","twitter_misc":{"Est. reading time":"1 minute"},"schema":{"@context":"https:\/\/schema.org","@graph":[{"@type":"WebPage","@id":"https:\/\/mesalestore.com\/en\/product\/cay-kazanlari-gizli-rezistansi-16-cm\/","url":"https:\/\/mesalestore.com\/en\/product\/cay-kazanlari-gizli-rezistansi-16-cm\/","name":"\u00c7ay Kazanlar\u0131 Gizli Rezistans\u0131 16 CM | Me\u015fale Store","isPartOf":{"@id":"https:\/\/mesalestore.com\/en\/#website"},"primaryImageOfPage":{"@id":"https:\/\/mesalestore.com\/en\/product\/cay-kazanlari-gizli-rezistansi-16-cm\/#primaryimage"},"image":{"@id":"https:\/\/mesalestore.com\/en\/product\/cay-kazanlari-gizli-rezistansi-16-cm\/#primaryimage"},"thumbnailUrl":"https:\/\/mesalestore.com\/wp-content\/uploads\/2026\/01\/1_org_zoom-82.jpg","datePublished":"2026-02-09T09:19:02+00:00","dateModified":"2026-04-10T14:42:24+00:00","description":"\u00c7ay kazanlar\u0131n\u0131n performans\u0131n\u0131 ve dayan\u0131kl\u0131l\u0131\u011f\u0131n\u0131 art\u0131rmak i\u00e7in Gizli Rezistans 16 CM ideal bir yedek par\u00e7ad\u0131r. Elektrik enerjisini \u0131s\u0131ya d\u00f6n\u00fc\u015ft\u00fcrerek","breadcrumb":{"@id":"https:\/\/mesalestore.com\/en\/product\/cay-kazanlari-gizli-rezistansi-16-cm\/#breadcrumb"},"inLanguage":"en-US","potentialAction":[{"@type":"ReadAction","target":["https:\/\/mesalestore.com\/en\/product\/cay-kazanlari-gizli-rezistansi-16-cm\/"]}]},{"@type":"ImageObject","inLanguage":"en-US","@id":"https:\/\/mesalestore.com\/en\/product\/cay-kazanlari-gizli-rezistansi-16-cm\/#primaryimage","url":"https:\/\/mesalestore.com\/wp-content\/uploads\/2026\/01\/1_org_zoom-82.jpg","contentUrl":"https:\/\/mesalestore.com\/wp-content\/uploads\/2026\/01\/1_org_zoom-82.jpg","width":1200,"height":1800},{"@type":"BreadcrumbList","@id":"https:\/\/mesalestore.com\/en\/product\/cay-kazanlari-gizli-rezistansi-16-cm\/#breadcrumb","itemListElement":[{"@type":"ListItem","position":1,"name":"Anasayfa","item":"https:\/\/mesalestore.com\/en\/"},{"@type":"ListItem","position":2,"name":"Products","item":"https:\/\/mesalestore.com\/en\/shop\/"},{"@type":"ListItem","position":3,"name":"\u00c7ay Kazanlar\u0131 Gizli Rezistans\u0131 16 CM"}]},{"@type":"WebSite","@id":"https:\/\/mesalestore.com\/en\/#website","url":"https:\/\/mesalestore.com\/en\/","name":"Me\u015fale Store","description":"","publisher":{"@id":"https:\/\/mesalestore.com\/en\/#organization"},"potentialAction":[{"@type":"SearchAction","target":{"@type":"EntryPoint","urlTemplate":"https:\/\/mesalestore.com\/en\/?s={search_term_string}"},"query-input":{"@type":"PropertyValueSpecification","valueRequired":true,"valueName":"search_term_string"}}],"inLanguage":"en-US"},{"@type":"Organization","@id":"https:\/\/mesalestore.com\/en\/#organization","name":"Me\u015fale Store","url":"https:\/\/mesalestore.com\/en\/","logo":{"@type":"ImageObject","inLanguage":"en-US","@id":"https:\/\/mesalestore.com\/en\/#\/schema\/logo\/image\/","url":"https:\/\/mesalestore.com\/wp-content\/uploads\/2026\/03\/logo-header-yeni-1.webp","contentUrl":"https:\/\/mesalestore.com\/wp-content\/uploads\/2026\/03\/logo-header-yeni-1.webp","width":419,"height":147,"caption":"Me\u015fale Store"},"image":{"@id":"https:\/\/mesalestore.com\/en\/#\/schema\/logo\/image\/"},"sameAs":["https:\/\/www.facebook.com\/mesalecay","https:\/\/x.com\/mesalecaykazan","https:\/\/www.instagram.com\/mesalecaykazan\/"]}]}},"_links":{"self":[{"href":"https:\/\/mesalestore.com\/en\/wp-json\/wp\/v2\/product\/2443","targetHints":{"allow":["GET"]}}],"collection":[{"href":"https:\/\/mesalestore.com\/en\/wp-json\/wp\/v2\/product"}],"about":[{"href":"https:\/\/mesalestore.com\/en\/wp-json\/wp\/v2\/types\/product"}],"replies":[{"embeddable":true,"href":"https:\/\/mesalestore.com\/en\/wp-json\/wp\/v2\/comments?post=2443"}],"wp:featuredmedia":[{"embeddable":true,"href":"https:\/\/mesalestore.com\/en\/wp-json\/wp\/v2\/media\/500"}],"wp:attachment":[{"href":"https:\/\/mesalestore.com\/en\/wp-json\/wp\/v2\/media?parent=2443"}],"wp:term":[{"taxonomy":"product_brand","embeddable":true,"href":"https:\/\/mesalestore.com\/en\/wp-json\/wp\/v2\/product_brand?post=2443"},{"taxonomy":"product_cat","embeddable":true,"href":"https:\/\/mesalestore.com\/en\/wp-json\/wp\/v2\/product_cat?post=2443"},{"taxonomy":"product_tag","embeddable":true,"href":"https:\/\/mesalestore.com\/en\/wp-json\/wp\/v2\/product_tag?post=2443"}],"curies":[{"name":"wp","href":"https:\/\/api.w.org\/{rel}","templated":true}]}}