{"id":2442,"date":"2026-02-09T12:19:01","date_gmt":"2026-02-09T09:19:01","guid":{"rendered":"http:\/\/mesalestore.com\/product\/1-2-3-uyumlu-demlikli-inox-analog-full-otomatik-cay-kazani-kutusu\/"},"modified":"2026-04-10T10:28:32","modified_gmt":"2026-04-10T07:28:32","slug":"1-2-3-uyumlu-demlikli-inox-analog-full-otomatik-cay-kazani-kutusu","status":"publish","type":"product","link":"https:\/\/mesalestore.com\/en\/product\/1-2-3-uyumlu-demlikli-inox-analog-full-otomatik-cay-kazani-kutusu\/","title":{"rendered":"1-2-3 Uyumlu Demlikli \u0130nox Analog Full Otomatik \u00c7ay Kazan\u0131 Kutusu"},"content":{"rendered":"<p><strong>Me\u015fale 1-2-3 Demlikli \u0130nox Analog Full Otomatik \u00c7ay Kazan\u0131 Kutusu<\/strong>, <strong>Me\u015fale inox<\/strong> \u00e7ay kazanlar\u0131n\u0131z i\u00e7in \u00f6zel olarak tasarlanm\u0131\u015f, sa\u011flam ve uzun \u00f6m\u00fcrl\u00fc bir muhafaza kutusudur. <strong>Analog full otomatik<\/strong> sistemle \u00e7al\u0131\u015fan \u00e7ay kazanlar\u0131n\u0131z i\u00e7in m\u00fckemmel bir koruma sa\u011flar. Bu kutu, \u00e7ay makinelerinizin her t\u00fcrl\u00fc d\u0131\u015f etkenlerden zarar g\u00f6rmesini engelleyerek g\u00fcvenli bir \u015fekilde ta\u015f\u0131nmas\u0131n\u0131 sa\u011flar. <strong>Me\u015fale \u00e7ay kazan\u0131 kutusu<\/strong>, <strong>inox<\/strong> malzemesiyle son derece dayan\u0131kl\u0131d\u0131r ve \u015f\u0131kl\u0131\u011f\u0131yla da \u00f6n plana \u00e7\u0131kar. <strong>Yedek kutu<\/strong> olarak da kullan\u0131labilen bu \u00fcr\u00fcn, \u00e7ay makinelerinizin g\u00fcvenli\u011fi i\u00e7in ideal bir se\u00e7enektir.<\/p>","protected":false},"excerpt":{"rendered":"<p>Me\u015fale 1-2-3 Demlikli \u0130nox Analog Full Otomatik \u00c7ay Kazan\u0131 Kutusu, Me\u015fale inox \u00e7ay kazanlar\u0131n\u0131z i\u00e7in \u00f6zel olarak tasarlanm\u0131\u015f, sa\u011flam ve uzun \u00f6m\u00fcrl\u00fc bir muhafaza kutusudur. Analog full otomatik sistemle \u00e7al\u0131\u015fan \u00e7ay kazanlar\u0131n\u0131z i\u00e7in m\u00fckemmel bir koruma sa\u011flar. Bu kutu, \u00e7ay makinelerinizin her t\u00fcrl\u00fc d\u0131\u015f etkenlerden zarar g\u00f6rmesini engelleyerek g\u00fcvenli bir \u015fekilde ta\u015f\u0131nmas\u0131n\u0131 sa\u011flar. Me\u015fale \u00e7ay [&hellip;]<\/p>\n","protected":false},"featured_media":498,"comment_status":"closed","ping_status":"closed","template":"","meta":[],"product_brand":[7749],"product_cat":[7986],"product_tag":[16,5236,5237,5428,5429,5454,5455,5456,5457,5430,5439,5440,5441,5442,5443,5444,5445,5431,5432,5433,5434,5435,5436,5437,5438,5458,5459,5460,5446,5447,5448,5449,5450,5451,5452,5453,5461,5470,5471,5472,5473,5474,5462,5463,5464,5465,5466,5467,5468,5469],"class_list":{"0":"post-2442","1":"product","2":"type-product","3":"status-publish","4":"has-post-thumbnail","6":"product_brand-mesale","7":"product_cat-termostat-salter","8":"product_tag-mesale","9":"product_tag-mesale-1-2-3","10":"product_tag-mesale-1-2-3-demlikli","11":"product_tag-mesale-1-2-3-demlikli-inox","12":"product_tag-mesale-1-2-3-demlikli-inox-analog","13":"product_tag-mesale-1-2-3-demlikli-inox-analog-cay","14":"product_tag-mesale-1-2-3-demlikli-inox-analog-cay-kazani","15":"product_tag-mesale-1-2-3-demlikli-inox-analog-cay-kazani-kutusu","16":"product_tag-mesale-1-2-3-demlikli-inox-analog-cay-kutusu","17":"product_tag-mesale-1-2-3-demlikli-inox-analog-full","18":"product_tag-mesale-1-2-3-demlikli-inox-analog-full-cay","19":"product_tag-mesale-1-2-3-demlikli-inox-analog-full-cay-kazani","20":"product_tag-mesale-1-2-3-demlikli-inox-analog-full-cay-kazani-kutusu","21":"product_tag-mesale-1-2-3-demlikli-inox-analog-full-cay-kutusu","22":"product_tag-mesale-1-2-3-demlikli-inox-analog-full-kazani","23":"product_tag-mesale-1-2-3-demlikli-inox-analog-full-kazani-kutusu","24":"product_tag-mesale-1-2-3-demlikli-inox-analog-full-kutusu","25":"product_tag-mesale-1-2-3-demlikli-inox-analog-full-otomatik","26":"product_tag-mesale-1-2-3-demlikli-inox-analog-full-otomatik-cay","27":"product_tag-mesale-1-2-3-demlikli-inox-analog-full-otomatik-cay-kazani","28":"product_tag-mesale-1-2-3-demlikli-inox-analog-full-otomatik-cay-kazani-kutusu","29":"product_tag-mesale-1-2-3-demlikli-inox-analog-full-otomatik-cay-kutusu","30":"product_tag-mesale-1-2-3-demlikli-inox-analog-full-otomatik-kazani","31":"product_tag-mesale-1-2-3-demlikli-inox-analog-full-otomatik-kazani-kutusu","32":"product_tag-mesale-1-2-3-demlikli-inox-analog-full-otomatik-kutusu","33":"product_tag-mesale-1-2-3-demlikli-inox-analog-kazani","34":"product_tag-mesale-1-2-3-demlikli-inox-analog-kazani-kutusu","35":"product_tag-mesale-1-2-3-demlikli-inox-analog-kutusu","36":"product_tag-mesale-1-2-3-demlikli-inox-analog-otomatik","37":"product_tag-mesale-1-2-3-demlikli-inox-analog-otomatik-cay","38":"product_tag-mesale-1-2-3-demlikli-inox-analog-otomatik-cay-kazani","39":"product_tag-mesale-1-2-3-demlikli-inox-analog-otomatik-cay-kazani-kutusu","40":"product_tag-mesale-1-2-3-demlikli-inox-analog-otomatik-cay-kutusu","41":"product_tag-mesale-1-2-3-demlikli-inox-analog-otomatik-kazani","42":"product_tag-mesale-1-2-3-demlikli-inox-analog-otomatik-kazani-kutusu","43":"product_tag-mesale-1-2-3-demlikli-inox-analog-otomatik-kutusu","44":"product_tag-mesale-1-2-3-demlikli-inox-full","45":"product_tag-mesale-1-2-3-demlikli-inox-full-cay","46":"product_tag-mesale-1-2-3-demlikli-inox-full-cay-kazani","47":"product_tag-mesale-1-2-3-demlikli-inox-full-cay-kazani-kutusu","48":"product_tag-mesale-1-2-3-demlikli-inox-full-cay-kutusu","49":"product_tag-mesale-1-2-3-demlikli-inox-full-kazani","50":"product_tag-mesale-1-2-3-demlikli-inox-full-otomatik","51":"product_tag-mesale-1-2-3-demlikli-inox-full-otomatik-cay","52":"product_tag-mesale-1-2-3-demlikli-inox-full-otomatik-cay-kazani","53":"product_tag-mesale-1-2-3-demlikli-inox-full-otomatik-cay-kazani-kutusu","54":"product_tag-mesale-1-2-3-demlikli-inox-full-otomatik-cay-kutusu","55":"product_tag-mesale-1-2-3-demlikli-inox-full-otomatik-kazani","56":"product_tag-mesale-1-2-3-demlikli-inox-full-otomatik-kazani-kutusu","57":"product_tag-mesale-1-2-3-demlikli-inox-full-otomatik-kutusu","59":"first","60":"instock","61":"sale","62":"taxable","63":"shipping-taxable","64":"purchasable","65":"product-type-simple"},"yoast_head":"<!-- This site is optimized with the Yoast SEO plugin v27.1.1 - https:\/\/yoast.com\/product\/yoast-seo-wordpress\/ -->\n<title>1-2-3 Uyumlu Demlikli \u0130nox Analog Full Otomatik \u00c7ay Kazan\u0131 Kutusu | Me\u015fale Store<\/title>\n<meta name=\"description\" content=\"Me\u015fale 1-2-3 Demlikli \u0130nox Analog Full Otomatik \u00c7ay Kazan\u0131 Kutusu, Me\u015fale inox \u00e7ay kazanlar\u0131n\u0131z i\u00e7in \u00f6zel olarak tasarlanm\u0131\u015f, sa\u011flam ve uzun \u00f6m\u00fcrl\u00fc bir\" \/>\n<meta name=\"robots\" content=\"index, follow, max-snippet:-1, max-image-preview:large, max-video-preview:-1\" \/>\n<link rel=\"canonical\" href=\"https:\/\/mesalestore.com\/en\/product\/1-2-3-uyumlu-demlikli-inox-analog-full-otomatik-cay-kazani-kutusu\/\" \/>\n<meta property=\"og:locale\" content=\"en_US\" \/>\n<meta property=\"og:type\" content=\"article\" \/>\n<meta property=\"og:title\" content=\"1-2-3 Uyumlu Demlikli \u0130nox Analog Full Otomatik \u00c7ay Kazan\u0131 Kutusu | Me\u015fale Store\" \/>\n<meta property=\"og:description\" content=\"Me\u015fale 1-2-3 Demlikli \u0130nox Analog Full Otomatik \u00c7ay Kazan\u0131 Kutusu, Me\u015fale inox \u00e7ay kazanlar\u0131n\u0131z i\u00e7in \u00f6zel olarak tasarlanm\u0131\u015f, sa\u011flam ve uzun \u00f6m\u00fcrl\u00fc bir\" \/>\n<meta property=\"og:url\" content=\"https:\/\/mesalestore.com\/en\/product\/1-2-3-uyumlu-demlikli-inox-analog-full-otomatik-cay-kazani-kutusu\/\" \/>\n<meta property=\"og:site_name\" content=\"Me\u015fale Store\" \/>\n<meta property=\"article:publisher\" content=\"https:\/\/www.facebook.com\/mesalecay\" \/>\n<meta property=\"article:modified_time\" content=\"2026-04-10T07:28:32+00:00\" \/>\n<meta property=\"og:image\" content=\"https:\/\/mesalestore.com\/wp-content\/uploads\/2026\/01\/1_org_zoom-81.jpg\" \/>\n\t<meta property=\"og:image:width\" content=\"1200\" \/>\n\t<meta property=\"og:image:height\" content=\"1800\" \/>\n\t<meta property=\"og:image:type\" content=\"image\/jpeg\" \/>\n<meta name=\"twitter:card\" content=\"summary_large_image\" \/>\n<meta name=\"twitter:site\" content=\"@mesalecaykazan\" \/>\n<meta name=\"twitter:label1\" content=\"Est. reading time\" \/>\n\t<meta name=\"twitter:data1\" content=\"1 minute\" \/>\n<script type=\"application\/ld+json\" class=\"yoast-schema-graph\">{\"@context\":\"https:\/\/schema.org\",\"@graph\":[{\"@type\":\"WebPage\",\"@id\":\"https:\/\/mesalestore.com\/en\/product\/1-2-3-uyumlu-demlikli-inox-analog-full-otomatik-cay-kazani-kutusu\/\",\"url\":\"https:\/\/mesalestore.com\/en\/product\/1-2-3-uyumlu-demlikli-inox-analog-full-otomatik-cay-kazani-kutusu\/\",\"name\":\"1-2-3 Uyumlu Demlikli \u0130nox Analog Full Otomatik \u00c7ay Kazan\u0131 Kutusu | Me\u015fale Store\",\"isPartOf\":{\"@id\":\"https:\/\/mesalestore.com\/en\/#website\"},\"primaryImageOfPage\":{\"@id\":\"https:\/\/mesalestore.com\/en\/product\/1-2-3-uyumlu-demlikli-inox-analog-full-otomatik-cay-kazani-kutusu\/#primaryimage\"},\"image\":{\"@id\":\"https:\/\/mesalestore.com\/en\/product\/1-2-3-uyumlu-demlikli-inox-analog-full-otomatik-cay-kazani-kutusu\/#primaryimage\"},\"thumbnailUrl\":\"https:\/\/mesalestore.com\/wp-content\/uploads\/2026\/01\/1_org_zoom-81.jpg\",\"datePublished\":\"2026-02-09T09:19:01+00:00\",\"dateModified\":\"2026-04-10T07:28:32+00:00\",\"description\":\"Me\u015fale 1-2-3 Demlikli \u0130nox Analog Full Otomatik \u00c7ay Kazan\u0131 Kutusu, Me\u015fale inox \u00e7ay kazanlar\u0131n\u0131z i\u00e7in \u00f6zel olarak tasarlanm\u0131\u015f, sa\u011flam ve uzun \u00f6m\u00fcrl\u00fc bir\",\"breadcrumb\":{\"@id\":\"https:\/\/mesalestore.com\/en\/product\/1-2-3-uyumlu-demlikli-inox-analog-full-otomatik-cay-kazani-kutusu\/#breadcrumb\"},\"inLanguage\":\"en-US\",\"potentialAction\":[{\"@type\":\"ReadAction\",\"target\":[\"https:\/\/mesalestore.com\/en\/product\/1-2-3-uyumlu-demlikli-inox-analog-full-otomatik-cay-kazani-kutusu\/\"]}]},{\"@type\":\"ImageObject\",\"inLanguage\":\"en-US\",\"@id\":\"https:\/\/mesalestore.com\/en\/product\/1-2-3-uyumlu-demlikli-inox-analog-full-otomatik-cay-kazani-kutusu\/#primaryimage\",\"url\":\"https:\/\/mesalestore.com\/wp-content\/uploads\/2026\/01\/1_org_zoom-81.jpg\",\"contentUrl\":\"https:\/\/mesalestore.com\/wp-content\/uploads\/2026\/01\/1_org_zoom-81.jpg\",\"width\":1200,\"height\":1800},{\"@type\":\"BreadcrumbList\",\"@id\":\"https:\/\/mesalestore.com\/en\/product\/1-2-3-uyumlu-demlikli-inox-analog-full-otomatik-cay-kazani-kutusu\/#breadcrumb\",\"itemListElement\":[{\"@type\":\"ListItem\",\"position\":1,\"name\":\"Anasayfa\",\"item\":\"https:\/\/mesalestore.com\/en\/\"},{\"@type\":\"ListItem\",\"position\":2,\"name\":\"Products\",\"item\":\"https:\/\/mesalestore.com\/en\/shop\/\"},{\"@type\":\"ListItem\",\"position\":3,\"name\":\"1-2-3 Uyumlu Demlikli \u0130nox Analog Full Otomatik \u00c7ay Kazan\u0131 Kutusu\"}]},{\"@type\":\"WebSite\",\"@id\":\"https:\/\/mesalestore.com\/en\/#website\",\"url\":\"https:\/\/mesalestore.com\/en\/\",\"name\":\"Me\u015fale Store\",\"description\":\"\",\"publisher\":{\"@id\":\"https:\/\/mesalestore.com\/en\/#organization\"},\"potentialAction\":[{\"@type\":\"SearchAction\",\"target\":{\"@type\":\"EntryPoint\",\"urlTemplate\":\"https:\/\/mesalestore.com\/en\/?s={search_term_string}\"},\"query-input\":{\"@type\":\"PropertyValueSpecification\",\"valueRequired\":true,\"valueName\":\"search_term_string\"}}],\"inLanguage\":\"en-US\"},{\"@type\":\"Organization\",\"@id\":\"https:\/\/mesalestore.com\/en\/#organization\",\"name\":\"Me\u015fale Store\",\"url\":\"https:\/\/mesalestore.com\/en\/\",\"logo\":{\"@type\":\"ImageObject\",\"inLanguage\":\"en-US\",\"@id\":\"https:\/\/mesalestore.com\/en\/#\/schema\/logo\/image\/\",\"url\":\"https:\/\/mesalestore.com\/wp-content\/uploads\/2026\/03\/logo-header-yeni-1.webp\",\"contentUrl\":\"https:\/\/mesalestore.com\/wp-content\/uploads\/2026\/03\/logo-header-yeni-1.webp\",\"width\":419,\"height\":147,\"caption\":\"Me\u015fale Store\"},\"image\":{\"@id\":\"https:\/\/mesalestore.com\/en\/#\/schema\/logo\/image\/\"},\"sameAs\":[\"https:\/\/www.facebook.com\/mesalecay\",\"https:\/\/x.com\/mesalecaykazan\",\"https:\/\/www.instagram.com\/mesalecaykazan\/\"]}]}<\/script>\n<!-- \/ Yoast SEO plugin. -->","yoast_head_json":{"title":"1-2-3 Uyumlu Demlikli \u0130nox Analog Full Otomatik \u00c7ay Kazan\u0131 Kutusu | Me\u015fale Store","description":"Me\u015fale 1-2-3 Demlikli \u0130nox Analog Full Otomatik \u00c7ay Kazan\u0131 Kutusu, Me\u015fale inox \u00e7ay kazanlar\u0131n\u0131z i\u00e7in \u00f6zel olarak tasarlanm\u0131\u015f, sa\u011flam ve uzun \u00f6m\u00fcrl\u00fc bir","robots":{"index":"index","follow":"follow","max-snippet":"max-snippet:-1","max-image-preview":"max-image-preview:large","max-video-preview":"max-video-preview:-1"},"canonical":"https:\/\/mesalestore.com\/en\/product\/1-2-3-uyumlu-demlikli-inox-analog-full-otomatik-cay-kazani-kutusu\/","og_locale":"en_US","og_type":"article","og_title":"1-2-3 Uyumlu Demlikli \u0130nox Analog Full Otomatik \u00c7ay Kazan\u0131 Kutusu | Me\u015fale Store","og_description":"Me\u015fale 1-2-3 Demlikli \u0130nox Analog Full Otomatik \u00c7ay Kazan\u0131 Kutusu, Me\u015fale inox \u00e7ay kazanlar\u0131n\u0131z i\u00e7in \u00f6zel olarak tasarlanm\u0131\u015f, sa\u011flam ve uzun \u00f6m\u00fcrl\u00fc bir","og_url":"https:\/\/mesalestore.com\/en\/product\/1-2-3-uyumlu-demlikli-inox-analog-full-otomatik-cay-kazani-kutusu\/","og_site_name":"Me\u015fale Store","article_publisher":"https:\/\/www.facebook.com\/mesalecay","article_modified_time":"2026-04-10T07:28:32+00:00","og_image":[{"width":1200,"height":1800,"url":"https:\/\/mesalestore.com\/wp-content\/uploads\/2026\/01\/1_org_zoom-81.jpg","type":"image\/jpeg"}],"twitter_card":"summary_large_image","twitter_site":"@mesalecaykazan","twitter_misc":{"Est. reading time":"1 minute"},"schema":{"@context":"https:\/\/schema.org","@graph":[{"@type":"WebPage","@id":"https:\/\/mesalestore.com\/en\/product\/1-2-3-uyumlu-demlikli-inox-analog-full-otomatik-cay-kazani-kutusu\/","url":"https:\/\/mesalestore.com\/en\/product\/1-2-3-uyumlu-demlikli-inox-analog-full-otomatik-cay-kazani-kutusu\/","name":"1-2-3 Uyumlu Demlikli \u0130nox Analog Full Otomatik \u00c7ay Kazan\u0131 Kutusu | Me\u015fale Store","isPartOf":{"@id":"https:\/\/mesalestore.com\/en\/#website"},"primaryImageOfPage":{"@id":"https:\/\/mesalestore.com\/en\/product\/1-2-3-uyumlu-demlikli-inox-analog-full-otomatik-cay-kazani-kutusu\/#primaryimage"},"image":{"@id":"https:\/\/mesalestore.com\/en\/product\/1-2-3-uyumlu-demlikli-inox-analog-full-otomatik-cay-kazani-kutusu\/#primaryimage"},"thumbnailUrl":"https:\/\/mesalestore.com\/wp-content\/uploads\/2026\/01\/1_org_zoom-81.jpg","datePublished":"2026-02-09T09:19:01+00:00","dateModified":"2026-04-10T07:28:32+00:00","description":"Me\u015fale 1-2-3 Demlikli \u0130nox Analog Full Otomatik \u00c7ay Kazan\u0131 Kutusu, Me\u015fale inox \u00e7ay kazanlar\u0131n\u0131z i\u00e7in \u00f6zel olarak tasarlanm\u0131\u015f, sa\u011flam ve uzun \u00f6m\u00fcrl\u00fc bir","breadcrumb":{"@id":"https:\/\/mesalestore.com\/en\/product\/1-2-3-uyumlu-demlikli-inox-analog-full-otomatik-cay-kazani-kutusu\/#breadcrumb"},"inLanguage":"en-US","potentialAction":[{"@type":"ReadAction","target":["https:\/\/mesalestore.com\/en\/product\/1-2-3-uyumlu-demlikli-inox-analog-full-otomatik-cay-kazani-kutusu\/"]}]},{"@type":"ImageObject","inLanguage":"en-US","@id":"https:\/\/mesalestore.com\/en\/product\/1-2-3-uyumlu-demlikli-inox-analog-full-otomatik-cay-kazani-kutusu\/#primaryimage","url":"https:\/\/mesalestore.com\/wp-content\/uploads\/2026\/01\/1_org_zoom-81.jpg","contentUrl":"https:\/\/mesalestore.com\/wp-content\/uploads\/2026\/01\/1_org_zoom-81.jpg","width":1200,"height":1800},{"@type":"BreadcrumbList","@id":"https:\/\/mesalestore.com\/en\/product\/1-2-3-uyumlu-demlikli-inox-analog-full-otomatik-cay-kazani-kutusu\/#breadcrumb","itemListElement":[{"@type":"ListItem","position":1,"name":"Anasayfa","item":"https:\/\/mesalestore.com\/en\/"},{"@type":"ListItem","position":2,"name":"Products","item":"https:\/\/mesalestore.com\/en\/shop\/"},{"@type":"ListItem","position":3,"name":"1-2-3 Uyumlu Demlikli \u0130nox Analog Full Otomatik \u00c7ay Kazan\u0131 Kutusu"}]},{"@type":"WebSite","@id":"https:\/\/mesalestore.com\/en\/#website","url":"https:\/\/mesalestore.com\/en\/","name":"Me\u015fale Store","description":"","publisher":{"@id":"https:\/\/mesalestore.com\/en\/#organization"},"potentialAction":[{"@type":"SearchAction","target":{"@type":"EntryPoint","urlTemplate":"https:\/\/mesalestore.com\/en\/?s={search_term_string}"},"query-input":{"@type":"PropertyValueSpecification","valueRequired":true,"valueName":"search_term_string"}}],"inLanguage":"en-US"},{"@type":"Organization","@id":"https:\/\/mesalestore.com\/en\/#organization","name":"Me\u015fale Store","url":"https:\/\/mesalestore.com\/en\/","logo":{"@type":"ImageObject","inLanguage":"en-US","@id":"https:\/\/mesalestore.com\/en\/#\/schema\/logo\/image\/","url":"https:\/\/mesalestore.com\/wp-content\/uploads\/2026\/03\/logo-header-yeni-1.webp","contentUrl":"https:\/\/mesalestore.com\/wp-content\/uploads\/2026\/03\/logo-header-yeni-1.webp","width":419,"height":147,"caption":"Me\u015fale Store"},"image":{"@id":"https:\/\/mesalestore.com\/en\/#\/schema\/logo\/image\/"},"sameAs":["https:\/\/www.facebook.com\/mesalecay","https:\/\/x.com\/mesalecaykazan","https:\/\/www.instagram.com\/mesalecaykazan\/"]}]}},"_links":{"self":[{"href":"https:\/\/mesalestore.com\/en\/wp-json\/wp\/v2\/product\/2442","targetHints":{"allow":["GET"]}}],"collection":[{"href":"https:\/\/mesalestore.com\/en\/wp-json\/wp\/v2\/product"}],"about":[{"href":"https:\/\/mesalestore.com\/en\/wp-json\/wp\/v2\/types\/product"}],"replies":[{"embeddable":true,"href":"https:\/\/mesalestore.com\/en\/wp-json\/wp\/v2\/comments?post=2442"}],"wp:featuredmedia":[{"embeddable":true,"href":"https:\/\/mesalestore.com\/en\/wp-json\/wp\/v2\/media\/498"}],"wp:attachment":[{"href":"https:\/\/mesalestore.com\/en\/wp-json\/wp\/v2\/media?parent=2442"}],"wp:term":[{"taxonomy":"product_brand","embeddable":true,"href":"https:\/\/mesalestore.com\/en\/wp-json\/wp\/v2\/product_brand?post=2442"},{"taxonomy":"product_cat","embeddable":true,"href":"https:\/\/mesalestore.com\/en\/wp-json\/wp\/v2\/product_cat?post=2442"},{"taxonomy":"product_tag","embeddable":true,"href":"https:\/\/mesalestore.com\/en\/wp-json\/wp\/v2\/product_tag?post=2442"}],"curies":[{"name":"wp","href":"https:\/\/api.w.org\/{rel}","templated":true}]}}