{"id":2441,"date":"2026-02-09T12:19:01","date_gmt":"2026-02-09T09:19:01","guid":{"rendered":"http:\/\/mesalestore.com\/product\/tost-makinesi-termostati\/"},"modified":"2026-04-10T08:58:17","modified_gmt":"2026-04-10T05:58:17","slug":"tost-makinesi-termostati","status":"publish","type":"product","link":"https:\/\/mesalestore.com\/en\/product\/tost-makinesi-termostati\/","title":{"rendered":"Tost Makinesi Termostat\u0131"},"content":{"rendered":"<p><strong>Tost Makinesi Termostat\u0131<\/strong>, tost makinenizin ideal \u0131s\u0131da \u00e7al\u0131\u015fmas\u0131n\u0131 sa\u011flar. Is\u0131 kontrol\u00fcn\u00fc sa\u011flayarak, yeme\u011finizin her zaman e\u015fit \u015fekilde pi\u015fmesini garantiler. <strong>Tost makinesi s\u0131cakl\u0131k kontrol\u00fc<\/strong> sayesinde, \u0131s\u0131 seviyesini istedi\u011finiz gibi ayarlayabilir, yeme\u011finizi m\u00fckemmel bir \u015fekilde pi\u015firirsiniz. <strong>Termostat de\u011fi\u015fimi<\/strong> kolayca yap\u0131labilir ve tost makinenizin performans\u0131n\u0131 yeniden art\u0131r\u0131r. <strong>Yedek par\u00e7a<\/strong> olarak temin edilebilen bu termostat, tost makinenizin \u00f6mr\u00fcn\u00fc uzat\u0131r ve s\u00fcrekli y\u00fcksek verim alman\u0131z\u0131 sa\u011flar. S\u0131cakl\u0131k dengesini sa\u011flamak ve kaliteli tostlar elde etmek i\u00e7in <strong>tost makinesi termostat\u0131<\/strong> vazge\u00e7ilmez bir bile\u015fendir.<\/p>","protected":false},"excerpt":{"rendered":"<p>Tost Makinesi Termostat\u0131, tost makinenizin ideal \u0131s\u0131da \u00e7al\u0131\u015fmas\u0131n\u0131 sa\u011flar. Is\u0131 kontrol\u00fcn\u00fc sa\u011flayarak, yeme\u011finizin her zaman e\u015fit \u015fekilde pi\u015fmesini garantiler. Tost makinesi s\u0131cakl\u0131k kontrol\u00fc sayesinde, \u0131s\u0131 seviyesini istedi\u011finiz gibi ayarlayabilir, yeme\u011finizi m\u00fckemmel bir \u015fekilde pi\u015firirsiniz. Termostat de\u011fi\u015fimi kolayca yap\u0131labilir ve tost makinenizin performans\u0131n\u0131 yeniden art\u0131r\u0131r. Yedek par\u00e7a olarak temin edilebilen bu termostat, tost makinenizin \u00f6mr\u00fcn\u00fc uzat\u0131r [&hellip;]<\/p>\n","protected":false},"featured_media":496,"comment_status":"closed","ping_status":"closed","template":"","meta":[],"product_brand":[7750],"product_cat":[7986],"product_tag":[462,6382,6383,460,461,6380,6381],"class_list":{"0":"post-2441","1":"product","2":"type-product","3":"status-publish","4":"has-post-thumbnail","6":"product_brand-demsu","7":"product_cat-termostat-salter","8":"product_tag-makinesi","9":"product_tag-makinesi-termostati","10":"product_tag-termostati","11":"product_tag-tost","12":"product_tag-tost-makinesi","13":"product_tag-tost-makinesi-termostati","14":"product_tag-tost-termostati","16":"first","17":"instock","18":"taxable","19":"shipping-taxable","20":"purchasable","21":"product-type-simple"},"yoast_head":"<!-- This site is optimized with the Yoast SEO plugin v27.1.1 - https:\/\/yoast.com\/product\/yoast-seo-wordpress\/ -->\n<title>Tost Makinesi Termostat\u0131 | Me\u015fale Store<\/title>\n<meta name=\"description\" content=\"Tost Makinesi Termostat\u0131, tost makinenizin ideal \u0131s\u0131da \u00e7al\u0131\u015fmas\u0131n\u0131 sa\u011flar. Is\u0131 kontrol\u00fcn\u00fc sa\u011flayarak, yeme\u011finizin her zaman e\u015fit \u015fekilde pi\u015fmesini\" \/>\n<meta name=\"robots\" content=\"index, follow, max-snippet:-1, max-image-preview:large, max-video-preview:-1\" \/>\n<link rel=\"canonical\" href=\"https:\/\/mesalestore.com\/en\/product\/tost-makinesi-termostati\/\" \/>\n<meta property=\"og:locale\" content=\"en_US\" \/>\n<meta property=\"og:type\" content=\"article\" \/>\n<meta property=\"og:title\" content=\"Tost Makinesi Termostat\u0131 | Me\u015fale Store\" \/>\n<meta property=\"og:description\" content=\"Tost Makinesi Termostat\u0131, tost makinenizin ideal \u0131s\u0131da \u00e7al\u0131\u015fmas\u0131n\u0131 sa\u011flar. Is\u0131 kontrol\u00fcn\u00fc sa\u011flayarak, yeme\u011finizin her zaman e\u015fit \u015fekilde pi\u015fmesini\" \/>\n<meta property=\"og:url\" content=\"https:\/\/mesalestore.com\/en\/product\/tost-makinesi-termostati\/\" \/>\n<meta property=\"og:site_name\" content=\"Me\u015fale Store\" \/>\n<meta property=\"article:publisher\" content=\"https:\/\/www.facebook.com\/mesalecay\" \/>\n<meta property=\"article:modified_time\" content=\"2026-04-10T05:58:17+00:00\" \/>\n<meta property=\"og:image\" content=\"https:\/\/mesalestore.com\/wp-content\/uploads\/2026\/01\/1_org_zoom-80.jpg\" \/>\n\t<meta property=\"og:image:width\" content=\"1200\" \/>\n\t<meta property=\"og:image:height\" content=\"1800\" \/>\n\t<meta property=\"og:image:type\" content=\"image\/jpeg\" \/>\n<meta name=\"twitter:card\" content=\"summary_large_image\" \/>\n<meta name=\"twitter:site\" content=\"@mesalecaykazan\" \/>\n<meta name=\"twitter:label1\" content=\"Est. reading time\" \/>\n\t<meta name=\"twitter:data1\" content=\"1 minute\" \/>\n<script type=\"application\/ld+json\" class=\"yoast-schema-graph\">{\"@context\":\"https:\/\/schema.org\",\"@graph\":[{\"@type\":\"WebPage\",\"@id\":\"https:\/\/mesalestore.com\/en\/product\/tost-makinesi-termostati\/\",\"url\":\"https:\/\/mesalestore.com\/en\/product\/tost-makinesi-termostati\/\",\"name\":\"Tost Makinesi Termostat\u0131 | Me\u015fale Store\",\"isPartOf\":{\"@id\":\"https:\/\/mesalestore.com\/en\/#website\"},\"primaryImageOfPage\":{\"@id\":\"https:\/\/mesalestore.com\/en\/product\/tost-makinesi-termostati\/#primaryimage\"},\"image\":{\"@id\":\"https:\/\/mesalestore.com\/en\/product\/tost-makinesi-termostati\/#primaryimage\"},\"thumbnailUrl\":\"https:\/\/mesalestore.com\/wp-content\/uploads\/2026\/01\/1_org_zoom-80.jpg\",\"datePublished\":\"2026-02-09T09:19:01+00:00\",\"dateModified\":\"2026-04-10T05:58:17+00:00\",\"description\":\"Tost Makinesi Termostat\u0131, tost makinenizin ideal \u0131s\u0131da \u00e7al\u0131\u015fmas\u0131n\u0131 sa\u011flar. Is\u0131 kontrol\u00fcn\u00fc sa\u011flayarak, yeme\u011finizin her zaman e\u015fit \u015fekilde pi\u015fmesini\",\"breadcrumb\":{\"@id\":\"https:\/\/mesalestore.com\/en\/product\/tost-makinesi-termostati\/#breadcrumb\"},\"inLanguage\":\"en-US\",\"potentialAction\":[{\"@type\":\"ReadAction\",\"target\":[\"https:\/\/mesalestore.com\/en\/product\/tost-makinesi-termostati\/\"]}]},{\"@type\":\"ImageObject\",\"inLanguage\":\"en-US\",\"@id\":\"https:\/\/mesalestore.com\/en\/product\/tost-makinesi-termostati\/#primaryimage\",\"url\":\"https:\/\/mesalestore.com\/wp-content\/uploads\/2026\/01\/1_org_zoom-80.jpg\",\"contentUrl\":\"https:\/\/mesalestore.com\/wp-content\/uploads\/2026\/01\/1_org_zoom-80.jpg\",\"width\":1200,\"height\":1800},{\"@type\":\"BreadcrumbList\",\"@id\":\"https:\/\/mesalestore.com\/en\/product\/tost-makinesi-termostati\/#breadcrumb\",\"itemListElement\":[{\"@type\":\"ListItem\",\"position\":1,\"name\":\"Anasayfa\",\"item\":\"https:\/\/mesalestore.com\/en\/\"},{\"@type\":\"ListItem\",\"position\":2,\"name\":\"Products\",\"item\":\"https:\/\/mesalestore.com\/en\/shop\/\"},{\"@type\":\"ListItem\",\"position\":3,\"name\":\"Tost Makinesi Termostat\u0131\"}]},{\"@type\":\"WebSite\",\"@id\":\"https:\/\/mesalestore.com\/en\/#website\",\"url\":\"https:\/\/mesalestore.com\/en\/\",\"name\":\"Me\u015fale Store\",\"description\":\"\",\"publisher\":{\"@id\":\"https:\/\/mesalestore.com\/en\/#organization\"},\"potentialAction\":[{\"@type\":\"SearchAction\",\"target\":{\"@type\":\"EntryPoint\",\"urlTemplate\":\"https:\/\/mesalestore.com\/en\/?s={search_term_string}\"},\"query-input\":{\"@type\":\"PropertyValueSpecification\",\"valueRequired\":true,\"valueName\":\"search_term_string\"}}],\"inLanguage\":\"en-US\"},{\"@type\":\"Organization\",\"@id\":\"https:\/\/mesalestore.com\/en\/#organization\",\"name\":\"Me\u015fale Store\",\"url\":\"https:\/\/mesalestore.com\/en\/\",\"logo\":{\"@type\":\"ImageObject\",\"inLanguage\":\"en-US\",\"@id\":\"https:\/\/mesalestore.com\/en\/#\/schema\/logo\/image\/\",\"url\":\"https:\/\/mesalestore.com\/wp-content\/uploads\/2026\/03\/logo-header-yeni-1.webp\",\"contentUrl\":\"https:\/\/mesalestore.com\/wp-content\/uploads\/2026\/03\/logo-header-yeni-1.webp\",\"width\":419,\"height\":147,\"caption\":\"Me\u015fale Store\"},\"image\":{\"@id\":\"https:\/\/mesalestore.com\/en\/#\/schema\/logo\/image\/\"},\"sameAs\":[\"https:\/\/www.facebook.com\/mesalecay\",\"https:\/\/x.com\/mesalecaykazan\",\"https:\/\/www.instagram.com\/mesalecaykazan\/\"]}]}<\/script>\n<!-- \/ Yoast SEO plugin. -->","yoast_head_json":{"title":"Tost Makinesi Termostat\u0131 | Me\u015fale Store","description":"Tost Makinesi Termostat\u0131, tost makinenizin ideal \u0131s\u0131da \u00e7al\u0131\u015fmas\u0131n\u0131 sa\u011flar. Is\u0131 kontrol\u00fcn\u00fc sa\u011flayarak, yeme\u011finizin her zaman e\u015fit \u015fekilde pi\u015fmesini","robots":{"index":"index","follow":"follow","max-snippet":"max-snippet:-1","max-image-preview":"max-image-preview:large","max-video-preview":"max-video-preview:-1"},"canonical":"https:\/\/mesalestore.com\/en\/product\/tost-makinesi-termostati\/","og_locale":"en_US","og_type":"article","og_title":"Tost Makinesi Termostat\u0131 | Me\u015fale Store","og_description":"Tost Makinesi Termostat\u0131, tost makinenizin ideal \u0131s\u0131da \u00e7al\u0131\u015fmas\u0131n\u0131 sa\u011flar. Is\u0131 kontrol\u00fcn\u00fc sa\u011flayarak, yeme\u011finizin her zaman e\u015fit \u015fekilde pi\u015fmesini","og_url":"https:\/\/mesalestore.com\/en\/product\/tost-makinesi-termostati\/","og_site_name":"Me\u015fale Store","article_publisher":"https:\/\/www.facebook.com\/mesalecay","article_modified_time":"2026-04-10T05:58:17+00:00","og_image":[{"width":1200,"height":1800,"url":"https:\/\/mesalestore.com\/wp-content\/uploads\/2026\/01\/1_org_zoom-80.jpg","type":"image\/jpeg"}],"twitter_card":"summary_large_image","twitter_site":"@mesalecaykazan","twitter_misc":{"Est. reading time":"1 minute"},"schema":{"@context":"https:\/\/schema.org","@graph":[{"@type":"WebPage","@id":"https:\/\/mesalestore.com\/en\/product\/tost-makinesi-termostati\/","url":"https:\/\/mesalestore.com\/en\/product\/tost-makinesi-termostati\/","name":"Tost Makinesi Termostat\u0131 | Me\u015fale Store","isPartOf":{"@id":"https:\/\/mesalestore.com\/en\/#website"},"primaryImageOfPage":{"@id":"https:\/\/mesalestore.com\/en\/product\/tost-makinesi-termostati\/#primaryimage"},"image":{"@id":"https:\/\/mesalestore.com\/en\/product\/tost-makinesi-termostati\/#primaryimage"},"thumbnailUrl":"https:\/\/mesalestore.com\/wp-content\/uploads\/2026\/01\/1_org_zoom-80.jpg","datePublished":"2026-02-09T09:19:01+00:00","dateModified":"2026-04-10T05:58:17+00:00","description":"Tost Makinesi Termostat\u0131, tost makinenizin ideal \u0131s\u0131da \u00e7al\u0131\u015fmas\u0131n\u0131 sa\u011flar. Is\u0131 kontrol\u00fcn\u00fc sa\u011flayarak, yeme\u011finizin her zaman e\u015fit \u015fekilde pi\u015fmesini","breadcrumb":{"@id":"https:\/\/mesalestore.com\/en\/product\/tost-makinesi-termostati\/#breadcrumb"},"inLanguage":"en-US","potentialAction":[{"@type":"ReadAction","target":["https:\/\/mesalestore.com\/en\/product\/tost-makinesi-termostati\/"]}]},{"@type":"ImageObject","inLanguage":"en-US","@id":"https:\/\/mesalestore.com\/en\/product\/tost-makinesi-termostati\/#primaryimage","url":"https:\/\/mesalestore.com\/wp-content\/uploads\/2026\/01\/1_org_zoom-80.jpg","contentUrl":"https:\/\/mesalestore.com\/wp-content\/uploads\/2026\/01\/1_org_zoom-80.jpg","width":1200,"height":1800},{"@type":"BreadcrumbList","@id":"https:\/\/mesalestore.com\/en\/product\/tost-makinesi-termostati\/#breadcrumb","itemListElement":[{"@type":"ListItem","position":1,"name":"Anasayfa","item":"https:\/\/mesalestore.com\/en\/"},{"@type":"ListItem","position":2,"name":"Products","item":"https:\/\/mesalestore.com\/en\/shop\/"},{"@type":"ListItem","position":3,"name":"Tost Makinesi Termostat\u0131"}]},{"@type":"WebSite","@id":"https:\/\/mesalestore.com\/en\/#website","url":"https:\/\/mesalestore.com\/en\/","name":"Me\u015fale Store","description":"","publisher":{"@id":"https:\/\/mesalestore.com\/en\/#organization"},"potentialAction":[{"@type":"SearchAction","target":{"@type":"EntryPoint","urlTemplate":"https:\/\/mesalestore.com\/en\/?s={search_term_string}"},"query-input":{"@type":"PropertyValueSpecification","valueRequired":true,"valueName":"search_term_string"}}],"inLanguage":"en-US"},{"@type":"Organization","@id":"https:\/\/mesalestore.com\/en\/#organization","name":"Me\u015fale Store","url":"https:\/\/mesalestore.com\/en\/","logo":{"@type":"ImageObject","inLanguage":"en-US","@id":"https:\/\/mesalestore.com\/en\/#\/schema\/logo\/image\/","url":"https:\/\/mesalestore.com\/wp-content\/uploads\/2026\/03\/logo-header-yeni-1.webp","contentUrl":"https:\/\/mesalestore.com\/wp-content\/uploads\/2026\/03\/logo-header-yeni-1.webp","width":419,"height":147,"caption":"Me\u015fale Store"},"image":{"@id":"https:\/\/mesalestore.com\/en\/#\/schema\/logo\/image\/"},"sameAs":["https:\/\/www.facebook.com\/mesalecay","https:\/\/x.com\/mesalecaykazan","https:\/\/www.instagram.com\/mesalecaykazan\/"]}]}},"_links":{"self":[{"href":"https:\/\/mesalestore.com\/en\/wp-json\/wp\/v2\/product\/2441","targetHints":{"allow":["GET"]}}],"collection":[{"href":"https:\/\/mesalestore.com\/en\/wp-json\/wp\/v2\/product"}],"about":[{"href":"https:\/\/mesalestore.com\/en\/wp-json\/wp\/v2\/types\/product"}],"replies":[{"embeddable":true,"href":"https:\/\/mesalestore.com\/en\/wp-json\/wp\/v2\/comments?post=2441"}],"wp:featuredmedia":[{"embeddable":true,"href":"https:\/\/mesalestore.com\/en\/wp-json\/wp\/v2\/media\/496"}],"wp:attachment":[{"href":"https:\/\/mesalestore.com\/en\/wp-json\/wp\/v2\/media?parent=2441"}],"wp:term":[{"taxonomy":"product_brand","embeddable":true,"href":"https:\/\/mesalestore.com\/en\/wp-json\/wp\/v2\/product_brand?post=2441"},{"taxonomy":"product_cat","embeddable":true,"href":"https:\/\/mesalestore.com\/en\/wp-json\/wp\/v2\/product_cat?post=2441"},{"taxonomy":"product_tag","embeddable":true,"href":"https:\/\/mesalestore.com\/en\/wp-json\/wp\/v2\/product_tag?post=2441"}],"curies":[{"name":"wp","href":"https:\/\/api.w.org\/{rel}","templated":true}]}}