{"id":2437,"date":"2026-02-09T12:19:00","date_gmt":"2026-02-09T09:19:00","guid":{"rendered":"http:\/\/mesalestore.com\/product\/inox-akilli-full-otomatik-cay-kazani-kutusu\/"},"modified":"2026-04-10T17:36:35","modified_gmt":"2026-04-10T14:36:35","slug":"inox-akilli-full-otomatik-cay-kazani-kutusu","status":"publish","type":"product","link":"https:\/\/mesalestore.com\/en\/product\/inox-akilli-full-otomatik-cay-kazani-kutusu\/","title":{"rendered":"\u0130nox Ak\u0131ll\u0131 Full Otomatik \u00c7ay Kazan\u0131 Kutusu"},"content":{"rendered":"<p><strong>Demsu \u0130nox Ak\u0131ll\u0131 Full Otomatik \u00c7ay Kazan\u0131 Kutusu<\/strong>, <strong>Demsu \u0130nox<\/strong> serisi \u00e7ay kazanlar\u0131 i\u00e7in \u00f6zel olarak \u00fcretilmi\u015f, g\u00fcvenli ta\u015f\u0131ma ve depolama i\u00e7in ideal bir \u00e7\u00f6z\u00fcmd\u00fcr. <strong>Ak\u0131ll\u0131 full otomatik<\/strong> teknolojisiyle donat\u0131lm\u0131\u015f \u00e7ay makinelerinizin uzun \u00f6m\u00fcrl\u00fc olmas\u0131na katk\u0131 sa\u011flar. <strong>Demsu \u0130nox \u00e7ay kazan\u0131<\/strong> modellerinin d\u0131\u015f etkenlerden korunmas\u0131n\u0131 sa\u011flayan bu kutu, cihaz\u0131n\u0131z\u0131n performans\u0131n\u0131 uzun s\u00fcre korur. Yedek par\u00e7a kutusu olarak da i\u015flev g\u00f6rebilen bu kutu, <strong>Demsu<\/strong> \u00fcr\u00fcn\u00fcn\u00fcz\u00fc her zaman g\u00fcvende tutar. <strong>Full otomatik \u00e7ay kazan\u0131<\/strong> sisteminizin d\u00fczg\u00fcn \u00e7al\u0131\u015fmas\u0131 i\u00e7in g\u00fcvenli ve pratik bir saklama \u00e7\u00f6z\u00fcm\u00fcd\u00fcr.<\/p>","protected":false},"excerpt":{"rendered":"<p>Demsu \u0130nox Ak\u0131ll\u0131 Full Otomatik \u00c7ay Kazan\u0131 Kutusu, Demsu \u0130nox serisi \u00e7ay kazanlar\u0131 i\u00e7in \u00f6zel olarak \u00fcretilmi\u015f, g\u00fcvenli ta\u015f\u0131ma ve depolama i\u00e7in ideal bir \u00e7\u00f6z\u00fcmd\u00fcr. Ak\u0131ll\u0131 full otomatik teknolojisiyle donat\u0131lm\u0131\u015f \u00e7ay makinelerinizin uzun \u00f6m\u00fcrl\u00fc olmas\u0131na katk\u0131 sa\u011flar. Demsu \u0130nox \u00e7ay kazan\u0131 modellerinin d\u0131\u015f etkenlerden korunmas\u0131n\u0131 sa\u011flayan bu kutu, cihaz\u0131n\u0131z\u0131n performans\u0131n\u0131 uzun s\u00fcre korur. Yedek par\u00e7a [&hellip;]<\/p>\n","protected":false},"featured_media":488,"comment_status":"closed","ping_status":"closed","template":"","meta":[],"product_brand":[7750],"product_cat":[15],"product_tag":[73,5620,5621,5646,5647,5648,5649,5622,5631,5632,5633,5634,5635,5636,5637,5623,5624,5625,5626,5627,5628,5629,5630,5650,5651,5652,5638,5639,5640,5641,5642,5643,5644,5645,5653,5662,5663,5664,5665,5666,5667,5668,5654,5655,5656,5657,5658,5659,5660,5661],"class_list":{"0":"post-2437","1":"product","2":"type-product","3":"status-publish","4":"has-post-thumbnail","6":"product_brand-demsu","7":"product_cat-kategorize_edilmemis","8":"product_tag-demsu","9":"product_tag-demsu-inox","10":"product_tag-demsu-inox-akilli","11":"product_tag-demsu-inox-akilli-cay","12":"product_tag-demsu-inox-akilli-cay-kazani","13":"product_tag-demsu-inox-akilli-cay-kazani-kutusu","14":"product_tag-demsu-inox-akilli-cay-kutusu","15":"product_tag-demsu-inox-akilli-full","16":"product_tag-demsu-inox-akilli-full-cay","17":"product_tag-demsu-inox-akilli-full-cay-kazani","18":"product_tag-demsu-inox-akilli-full-cay-kazani-kutusu","19":"product_tag-demsu-inox-akilli-full-cay-kutusu","20":"product_tag-demsu-inox-akilli-full-kazani","21":"product_tag-demsu-inox-akilli-full-kazani-kutusu","22":"product_tag-demsu-inox-akilli-full-kutusu","23":"product_tag-demsu-inox-akilli-full-otomatik","24":"product_tag-demsu-inox-akilli-full-otomatik-cay","25":"product_tag-demsu-inox-akilli-full-otomatik-cay-kazani","26":"product_tag-demsu-inox-akilli-full-otomatik-cay-kazani-kutusu","27":"product_tag-demsu-inox-akilli-full-otomatik-cay-kutusu","28":"product_tag-demsu-inox-akilli-full-otomatik-kazani","29":"product_tag-demsu-inox-akilli-full-otomatik-kazani-kutusu","30":"product_tag-demsu-inox-akilli-full-otomatik-kutusu","31":"product_tag-demsu-inox-akilli-kazani","32":"product_tag-demsu-inox-akilli-kazani-kutusu","33":"product_tag-demsu-inox-akilli-kutusu","34":"product_tag-demsu-inox-akilli-otomatik","35":"product_tag-demsu-inox-akilli-otomatik-cay","36":"product_tag-demsu-inox-akilli-otomatik-cay-kazani","37":"product_tag-demsu-inox-akilli-otomatik-cay-kazani-kutusu","38":"product_tag-demsu-inox-akilli-otomatik-cay-kutusu","39":"product_tag-demsu-inox-akilli-otomatik-kazani","40":"product_tag-demsu-inox-akilli-otomatik-kazani-kutusu","41":"product_tag-demsu-inox-akilli-otomatik-kutusu","42":"product_tag-demsu-inox-full","43":"product_tag-demsu-inox-full-cay","44":"product_tag-demsu-inox-full-cay-kazani","45":"product_tag-demsu-inox-full-cay-kazani-kutusu","46":"product_tag-demsu-inox-full-cay-kutusu","47":"product_tag-demsu-inox-full-kazani","48":"product_tag-demsu-inox-full-kazani-kutusu","49":"product_tag-demsu-inox-full-kutusu","50":"product_tag-demsu-inox-full-otomatik","51":"product_tag-demsu-inox-full-otomatik-cay","52":"product_tag-demsu-inox-full-otomatik-cay-kazani","53":"product_tag-demsu-inox-full-otomatik-cay-kazani-kutusu","54":"product_tag-demsu-inox-full-otomatik-cay-kutusu","55":"product_tag-demsu-inox-full-otomatik-kazani","56":"product_tag-demsu-inox-full-otomatik-kazani-kutusu","57":"product_tag-demsu-inox-full-otomatik-kutusu","59":"first","60":"instock","61":"taxable","62":"shipping-taxable","63":"purchasable","64":"product-type-simple"},"yoast_head":"<!-- This site is optimized with the Yoast SEO plugin v27.1.1 - https:\/\/yoast.com\/product\/yoast-seo-wordpress\/ -->\n<title>\u0130nox Ak\u0131ll\u0131 Full Otomatik \u00c7ay Kazan\u0131 Kutusu | Me\u015fale Store<\/title>\n<meta name=\"description\" content=\"Demsu \u0130nox Ak\u0131ll\u0131 Full Otomatik \u00c7ay Kazan\u0131 Kutusu, Demsu \u0130nox serisi \u00e7ay kazanlar\u0131 i\u00e7in \u00f6zel olarak \u00fcretilmi\u015f, g\u00fcvenli ta\u015f\u0131ma ve depolama i\u00e7in ideal bir\" \/>\n<meta name=\"robots\" content=\"index, follow, max-snippet:-1, max-image-preview:large, max-video-preview:-1\" \/>\n<link rel=\"canonical\" href=\"https:\/\/mesalestore.com\/en\/product\/inox-akilli-full-otomatik-cay-kazani-kutusu\/\" \/>\n<meta property=\"og:locale\" content=\"en_US\" \/>\n<meta property=\"og:type\" content=\"article\" \/>\n<meta property=\"og:title\" content=\"\u0130nox Ak\u0131ll\u0131 Full Otomatik \u00c7ay Kazan\u0131 Kutusu | Me\u015fale Store\" \/>\n<meta property=\"og:description\" content=\"Demsu \u0130nox Ak\u0131ll\u0131 Full Otomatik \u00c7ay Kazan\u0131 Kutusu, Demsu \u0130nox serisi \u00e7ay kazanlar\u0131 i\u00e7in \u00f6zel olarak \u00fcretilmi\u015f, g\u00fcvenli ta\u015f\u0131ma ve depolama i\u00e7in ideal bir\" \/>\n<meta property=\"og:url\" content=\"https:\/\/mesalestore.com\/en\/product\/inox-akilli-full-otomatik-cay-kazani-kutusu\/\" \/>\n<meta property=\"og:site_name\" content=\"Me\u015fale Store\" \/>\n<meta property=\"article:publisher\" content=\"https:\/\/www.facebook.com\/mesalecay\" \/>\n<meta property=\"article:modified_time\" content=\"2026-04-10T14:36:35+00:00\" \/>\n<meta property=\"og:image\" content=\"https:\/\/mesalestore.com\/wp-content\/uploads\/2026\/01\/1_org_zoom-76.jpg\" \/>\n\t<meta property=\"og:image:width\" content=\"1200\" \/>\n\t<meta property=\"og:image:height\" content=\"1800\" \/>\n\t<meta property=\"og:image:type\" content=\"image\/jpeg\" \/>\n<meta name=\"twitter:card\" content=\"summary_large_image\" \/>\n<meta name=\"twitter:site\" content=\"@mesalecaykazan\" \/>\n<meta name=\"twitter:label1\" content=\"Est. reading time\" \/>\n\t<meta name=\"twitter:data1\" content=\"1 minute\" \/>\n<script type=\"application\/ld+json\" class=\"yoast-schema-graph\">{\"@context\":\"https:\/\/schema.org\",\"@graph\":[{\"@type\":\"WebPage\",\"@id\":\"https:\/\/mesalestore.com\/en\/product\/inox-akilli-full-otomatik-cay-kazani-kutusu\/\",\"url\":\"https:\/\/mesalestore.com\/en\/product\/inox-akilli-full-otomatik-cay-kazani-kutusu\/\",\"name\":\"\u0130nox Ak\u0131ll\u0131 Full Otomatik \u00c7ay Kazan\u0131 Kutusu | Me\u015fale Store\",\"isPartOf\":{\"@id\":\"https:\/\/mesalestore.com\/en\/#website\"},\"primaryImageOfPage\":{\"@id\":\"https:\/\/mesalestore.com\/en\/product\/inox-akilli-full-otomatik-cay-kazani-kutusu\/#primaryimage\"},\"image\":{\"@id\":\"https:\/\/mesalestore.com\/en\/product\/inox-akilli-full-otomatik-cay-kazani-kutusu\/#primaryimage\"},\"thumbnailUrl\":\"https:\/\/mesalestore.com\/wp-content\/uploads\/2026\/01\/1_org_zoom-76.jpg\",\"datePublished\":\"2026-02-09T09:19:00+00:00\",\"dateModified\":\"2026-04-10T14:36:35+00:00\",\"description\":\"Demsu \u0130nox Ak\u0131ll\u0131 Full Otomatik \u00c7ay Kazan\u0131 Kutusu, Demsu \u0130nox serisi \u00e7ay kazanlar\u0131 i\u00e7in \u00f6zel olarak \u00fcretilmi\u015f, g\u00fcvenli ta\u015f\u0131ma ve depolama i\u00e7in ideal bir\",\"breadcrumb\":{\"@id\":\"https:\/\/mesalestore.com\/en\/product\/inox-akilli-full-otomatik-cay-kazani-kutusu\/#breadcrumb\"},\"inLanguage\":\"en-US\",\"potentialAction\":[{\"@type\":\"ReadAction\",\"target\":[\"https:\/\/mesalestore.com\/en\/product\/inox-akilli-full-otomatik-cay-kazani-kutusu\/\"]}]},{\"@type\":\"ImageObject\",\"inLanguage\":\"en-US\",\"@id\":\"https:\/\/mesalestore.com\/en\/product\/inox-akilli-full-otomatik-cay-kazani-kutusu\/#primaryimage\",\"url\":\"https:\/\/mesalestore.com\/wp-content\/uploads\/2026\/01\/1_org_zoom-76.jpg\",\"contentUrl\":\"https:\/\/mesalestore.com\/wp-content\/uploads\/2026\/01\/1_org_zoom-76.jpg\",\"width\":1200,\"height\":1800},{\"@type\":\"BreadcrumbList\",\"@id\":\"https:\/\/mesalestore.com\/en\/product\/inox-akilli-full-otomatik-cay-kazani-kutusu\/#breadcrumb\",\"itemListElement\":[{\"@type\":\"ListItem\",\"position\":1,\"name\":\"Anasayfa\",\"item\":\"https:\/\/mesalestore.com\/en\/\"},{\"@type\":\"ListItem\",\"position\":2,\"name\":\"Products\",\"item\":\"https:\/\/mesalestore.com\/en\/shop\/\"},{\"@type\":\"ListItem\",\"position\":3,\"name\":\"\u0130nox Ak\u0131ll\u0131 Full Otomatik \u00c7ay Kazan\u0131 Kutusu\"}]},{\"@type\":\"WebSite\",\"@id\":\"https:\/\/mesalestore.com\/en\/#website\",\"url\":\"https:\/\/mesalestore.com\/en\/\",\"name\":\"Me\u015fale Store\",\"description\":\"\",\"publisher\":{\"@id\":\"https:\/\/mesalestore.com\/en\/#organization\"},\"potentialAction\":[{\"@type\":\"SearchAction\",\"target\":{\"@type\":\"EntryPoint\",\"urlTemplate\":\"https:\/\/mesalestore.com\/en\/?s={search_term_string}\"},\"query-input\":{\"@type\":\"PropertyValueSpecification\",\"valueRequired\":true,\"valueName\":\"search_term_string\"}}],\"inLanguage\":\"en-US\"},{\"@type\":\"Organization\",\"@id\":\"https:\/\/mesalestore.com\/en\/#organization\",\"name\":\"Me\u015fale Store\",\"url\":\"https:\/\/mesalestore.com\/en\/\",\"logo\":{\"@type\":\"ImageObject\",\"inLanguage\":\"en-US\",\"@id\":\"https:\/\/mesalestore.com\/en\/#\/schema\/logo\/image\/\",\"url\":\"https:\/\/mesalestore.com\/wp-content\/uploads\/2026\/03\/logo-header-yeni-1.webp\",\"contentUrl\":\"https:\/\/mesalestore.com\/wp-content\/uploads\/2026\/03\/logo-header-yeni-1.webp\",\"width\":419,\"height\":147,\"caption\":\"Me\u015fale Store\"},\"image\":{\"@id\":\"https:\/\/mesalestore.com\/en\/#\/schema\/logo\/image\/\"},\"sameAs\":[\"https:\/\/www.facebook.com\/mesalecay\",\"https:\/\/x.com\/mesalecaykazan\",\"https:\/\/www.instagram.com\/mesalecaykazan\/\"]}]}<\/script>\n<!-- \/ Yoast SEO plugin. -->","yoast_head_json":{"title":"\u0130nox Ak\u0131ll\u0131 Full Otomatik \u00c7ay Kazan\u0131 Kutusu | Me\u015fale Store","description":"Demsu \u0130nox Ak\u0131ll\u0131 Full Otomatik \u00c7ay Kazan\u0131 Kutusu, Demsu \u0130nox serisi \u00e7ay kazanlar\u0131 i\u00e7in \u00f6zel olarak \u00fcretilmi\u015f, g\u00fcvenli ta\u015f\u0131ma ve depolama i\u00e7in ideal bir","robots":{"index":"index","follow":"follow","max-snippet":"max-snippet:-1","max-image-preview":"max-image-preview:large","max-video-preview":"max-video-preview:-1"},"canonical":"https:\/\/mesalestore.com\/en\/product\/inox-akilli-full-otomatik-cay-kazani-kutusu\/","og_locale":"en_US","og_type":"article","og_title":"\u0130nox Ak\u0131ll\u0131 Full Otomatik \u00c7ay Kazan\u0131 Kutusu | Me\u015fale Store","og_description":"Demsu \u0130nox Ak\u0131ll\u0131 Full Otomatik \u00c7ay Kazan\u0131 Kutusu, Demsu \u0130nox serisi \u00e7ay kazanlar\u0131 i\u00e7in \u00f6zel olarak \u00fcretilmi\u015f, g\u00fcvenli ta\u015f\u0131ma ve depolama i\u00e7in ideal bir","og_url":"https:\/\/mesalestore.com\/en\/product\/inox-akilli-full-otomatik-cay-kazani-kutusu\/","og_site_name":"Me\u015fale Store","article_publisher":"https:\/\/www.facebook.com\/mesalecay","article_modified_time":"2026-04-10T14:36:35+00:00","og_image":[{"width":1200,"height":1800,"url":"https:\/\/mesalestore.com\/wp-content\/uploads\/2026\/01\/1_org_zoom-76.jpg","type":"image\/jpeg"}],"twitter_card":"summary_large_image","twitter_site":"@mesalecaykazan","twitter_misc":{"Est. reading time":"1 minute"},"schema":{"@context":"https:\/\/schema.org","@graph":[{"@type":"WebPage","@id":"https:\/\/mesalestore.com\/en\/product\/inox-akilli-full-otomatik-cay-kazani-kutusu\/","url":"https:\/\/mesalestore.com\/en\/product\/inox-akilli-full-otomatik-cay-kazani-kutusu\/","name":"\u0130nox Ak\u0131ll\u0131 Full Otomatik \u00c7ay Kazan\u0131 Kutusu | Me\u015fale Store","isPartOf":{"@id":"https:\/\/mesalestore.com\/en\/#website"},"primaryImageOfPage":{"@id":"https:\/\/mesalestore.com\/en\/product\/inox-akilli-full-otomatik-cay-kazani-kutusu\/#primaryimage"},"image":{"@id":"https:\/\/mesalestore.com\/en\/product\/inox-akilli-full-otomatik-cay-kazani-kutusu\/#primaryimage"},"thumbnailUrl":"https:\/\/mesalestore.com\/wp-content\/uploads\/2026\/01\/1_org_zoom-76.jpg","datePublished":"2026-02-09T09:19:00+00:00","dateModified":"2026-04-10T14:36:35+00:00","description":"Demsu \u0130nox Ak\u0131ll\u0131 Full Otomatik \u00c7ay Kazan\u0131 Kutusu, Demsu \u0130nox serisi \u00e7ay kazanlar\u0131 i\u00e7in \u00f6zel olarak \u00fcretilmi\u015f, g\u00fcvenli ta\u015f\u0131ma ve depolama i\u00e7in ideal bir","breadcrumb":{"@id":"https:\/\/mesalestore.com\/en\/product\/inox-akilli-full-otomatik-cay-kazani-kutusu\/#breadcrumb"},"inLanguage":"en-US","potentialAction":[{"@type":"ReadAction","target":["https:\/\/mesalestore.com\/en\/product\/inox-akilli-full-otomatik-cay-kazani-kutusu\/"]}]},{"@type":"ImageObject","inLanguage":"en-US","@id":"https:\/\/mesalestore.com\/en\/product\/inox-akilli-full-otomatik-cay-kazani-kutusu\/#primaryimage","url":"https:\/\/mesalestore.com\/wp-content\/uploads\/2026\/01\/1_org_zoom-76.jpg","contentUrl":"https:\/\/mesalestore.com\/wp-content\/uploads\/2026\/01\/1_org_zoom-76.jpg","width":1200,"height":1800},{"@type":"BreadcrumbList","@id":"https:\/\/mesalestore.com\/en\/product\/inox-akilli-full-otomatik-cay-kazani-kutusu\/#breadcrumb","itemListElement":[{"@type":"ListItem","position":1,"name":"Anasayfa","item":"https:\/\/mesalestore.com\/en\/"},{"@type":"ListItem","position":2,"name":"Products","item":"https:\/\/mesalestore.com\/en\/shop\/"},{"@type":"ListItem","position":3,"name":"\u0130nox Ak\u0131ll\u0131 Full Otomatik \u00c7ay Kazan\u0131 Kutusu"}]},{"@type":"WebSite","@id":"https:\/\/mesalestore.com\/en\/#website","url":"https:\/\/mesalestore.com\/en\/","name":"Me\u015fale Store","description":"","publisher":{"@id":"https:\/\/mesalestore.com\/en\/#organization"},"potentialAction":[{"@type":"SearchAction","target":{"@type":"EntryPoint","urlTemplate":"https:\/\/mesalestore.com\/en\/?s={search_term_string}"},"query-input":{"@type":"PropertyValueSpecification","valueRequired":true,"valueName":"search_term_string"}}],"inLanguage":"en-US"},{"@type":"Organization","@id":"https:\/\/mesalestore.com\/en\/#organization","name":"Me\u015fale Store","url":"https:\/\/mesalestore.com\/en\/","logo":{"@type":"ImageObject","inLanguage":"en-US","@id":"https:\/\/mesalestore.com\/en\/#\/schema\/logo\/image\/","url":"https:\/\/mesalestore.com\/wp-content\/uploads\/2026\/03\/logo-header-yeni-1.webp","contentUrl":"https:\/\/mesalestore.com\/wp-content\/uploads\/2026\/03\/logo-header-yeni-1.webp","width":419,"height":147,"caption":"Me\u015fale Store"},"image":{"@id":"https:\/\/mesalestore.com\/en\/#\/schema\/logo\/image\/"},"sameAs":["https:\/\/www.facebook.com\/mesalecay","https:\/\/x.com\/mesalecaykazan","https:\/\/www.instagram.com\/mesalecaykazan\/"]}]}},"_links":{"self":[{"href":"https:\/\/mesalestore.com\/en\/wp-json\/wp\/v2\/product\/2437","targetHints":{"allow":["GET"]}}],"collection":[{"href":"https:\/\/mesalestore.com\/en\/wp-json\/wp\/v2\/product"}],"about":[{"href":"https:\/\/mesalestore.com\/en\/wp-json\/wp\/v2\/types\/product"}],"replies":[{"embeddable":true,"href":"https:\/\/mesalestore.com\/en\/wp-json\/wp\/v2\/comments?post=2437"}],"wp:featuredmedia":[{"embeddable":true,"href":"https:\/\/mesalestore.com\/en\/wp-json\/wp\/v2\/media\/488"}],"wp:attachment":[{"href":"https:\/\/mesalestore.com\/en\/wp-json\/wp\/v2\/media?parent=2437"}],"wp:term":[{"taxonomy":"product_brand","embeddable":true,"href":"https:\/\/mesalestore.com\/en\/wp-json\/wp\/v2\/product_brand?post=2437"},{"taxonomy":"product_cat","embeddable":true,"href":"https:\/\/mesalestore.com\/en\/wp-json\/wp\/v2\/product_cat?post=2437"},{"taxonomy":"product_tag","embeddable":true,"href":"https:\/\/mesalestore.com\/en\/wp-json\/wp\/v2\/product_tag?post=2437"}],"curies":[{"name":"wp","href":"https:\/\/api.w.org\/{rel}","templated":true}]}}