{"id":2435,"date":"2026-02-09T12:19:00","date_gmt":"2026-02-09T09:19:00","guid":{"rendered":"http:\/\/mesalestore.com\/product\/cay-kazani-kirmizi-otomatik-su-hortumu\/"},"modified":"2026-04-10T09:45:40","modified_gmt":"2026-04-10T06:45:40","slug":"cay-kazani-kirmizi-otomatik-su-hortumu","status":"publish","type":"product","link":"https:\/\/mesalestore.com\/en\/product\/cay-kazani-kirmizi-otomatik-su-hortumu\/","title":{"rendered":"\u00c7ay Kazan\u0131 K\u0131rm\u0131z\u0131 Otomatik Su Hortumu"},"content":{"rendered":"<p><strong>K\u0131rm\u0131z\u0131 Hortum<\/strong>, genellikle <strong>gazl\u0131 \u00e7ay kazanlar\u0131<\/strong>, <strong>end\u00fcstriyel ekipmanlar<\/strong> ve <strong>buhar sistemlerinde<\/strong> kullan\u0131lan dayan\u0131kl\u0131 bir hortum t\u00fcr\u00fcd\u00fcr. <strong>K\u0131rm\u0131z\u0131 hortum<\/strong> y\u00fcksek \u0131s\u0131ya dayan\u0131kl\u0131d\u0131r ve g\u00fcvenli bir gaz iletimi sa\u011flar. <strong>Gaz ba\u011flant\u0131 hortumu<\/strong> olarak da bilinen bu \u00fcr\u00fcn, <strong>s\u0131zd\u0131rmazl\u0131k<\/strong> \u00f6zelli\u011fiyle <strong>gazl\u0131 cihazlar<\/strong> i\u00e7in vazge\u00e7ilmezdir. Uzun \u00f6m\u00fcrl\u00fc kullan\u0131m ve g\u00fcvenlik sa\u011flayan <strong>k\u0131rm\u0131z\u0131 hortum<\/strong>, <strong>end\u00fcstriyel kullan\u0131m<\/strong> i\u00e7in ideal bir tercihtir.<\/p>","protected":false},"excerpt":{"rendered":"<p>K\u0131rm\u0131z\u0131 Hortum, genellikle gazl\u0131 \u00e7ay kazanlar\u0131, end\u00fcstriyel ekipmanlar ve buhar sistemlerinde kullan\u0131lan dayan\u0131kl\u0131 bir hortum t\u00fcr\u00fcd\u00fcr. K\u0131rm\u0131z\u0131 hortum y\u00fcksek \u0131s\u0131ya dayan\u0131kl\u0131d\u0131r ve g\u00fcvenli bir gaz iletimi sa\u011flar. Gaz ba\u011flant\u0131 hortumu olarak da bilinen bu \u00fcr\u00fcn, s\u0131zd\u0131rmazl\u0131k \u00f6zelli\u011fiyle gazl\u0131 cihazlar i\u00e7in vazge\u00e7ilmezdir. Uzun \u00f6m\u00fcrl\u00fc kullan\u0131m ve g\u00fcvenlik sa\u011flayan k\u0131rm\u0131z\u0131 hortum, end\u00fcstriyel kullan\u0131m i\u00e7in ideal bir tercihtir.<\/p>","protected":false},"featured_media":484,"comment_status":"closed","ping_status":"closed","template":"","meta":[],"product_brand":[7750],"product_cat":[7988],"product_tag":[1257,1255,1256],"class_list":{"0":"post-2435","1":"product","2":"type-product","3":"status-publish","4":"has-post-thumbnail","6":"product_brand-demsu","7":"product_cat-conta-baglanti-parcalari","8":"product_tag-hortum","9":"product_tag-kirmizi","10":"product_tag-kirmizi-hortum","12":"first","13":"instock","14":"taxable","15":"shipping-taxable","16":"purchasable","17":"product-type-simple"},"yoast_head":"<!-- This site is optimized with the Yoast SEO plugin v27.1.1 - https:\/\/yoast.com\/product\/yoast-seo-wordpress\/ -->\n<title>\u00c7ay Kazan\u0131 K\u0131rm\u0131z\u0131 Otomatik Su Hortumu | Me\u015fale Store<\/title>\n<meta name=\"description\" content=\"K\u0131rm\u0131z\u0131 Hortum, genellikle gazl\u0131 \u00e7ay kazanlar\u0131, end\u00fcstriyel ekipmanlar ve buhar sistemlerinde kullan\u0131lan dayan\u0131kl\u0131 bir hortum t\u00fcr\u00fcd\u00fcr. K\u0131rm\u0131z\u0131 hortum\" \/>\n<meta name=\"robots\" content=\"index, follow, max-snippet:-1, max-image-preview:large, max-video-preview:-1\" \/>\n<link rel=\"canonical\" href=\"https:\/\/mesalestore.com\/en\/product\/cay-kazani-kirmizi-otomatik-su-hortumu\/\" \/>\n<meta property=\"og:locale\" content=\"en_US\" \/>\n<meta property=\"og:type\" content=\"article\" \/>\n<meta property=\"og:title\" content=\"\u00c7ay Kazan\u0131 K\u0131rm\u0131z\u0131 Otomatik Su Hortumu | Me\u015fale Store\" \/>\n<meta property=\"og:description\" content=\"K\u0131rm\u0131z\u0131 Hortum, genellikle gazl\u0131 \u00e7ay kazanlar\u0131, end\u00fcstriyel ekipmanlar ve buhar sistemlerinde kullan\u0131lan dayan\u0131kl\u0131 bir hortum t\u00fcr\u00fcd\u00fcr. K\u0131rm\u0131z\u0131 hortum\" \/>\n<meta property=\"og:url\" content=\"https:\/\/mesalestore.com\/en\/product\/cay-kazani-kirmizi-otomatik-su-hortumu\/\" \/>\n<meta property=\"og:site_name\" content=\"Me\u015fale Store\" \/>\n<meta property=\"article:publisher\" content=\"https:\/\/www.facebook.com\/mesalecay\" \/>\n<meta property=\"article:modified_time\" content=\"2026-04-10T06:45:40+00:00\" \/>\n<meta property=\"og:image\" content=\"https:\/\/mesalestore.com\/wp-content\/uploads\/2026\/01\/1_org_zoom-74.jpg\" \/>\n\t<meta property=\"og:image:width\" content=\"1200\" \/>\n\t<meta property=\"og:image:height\" content=\"1800\" \/>\n\t<meta property=\"og:image:type\" content=\"image\/jpeg\" \/>\n<meta name=\"twitter:card\" content=\"summary_large_image\" \/>\n<meta name=\"twitter:site\" content=\"@mesalecaykazan\" \/>\n<meta name=\"twitter:label1\" content=\"Est. reading time\" \/>\n\t<meta name=\"twitter:data1\" content=\"1 minute\" \/>\n<script type=\"application\/ld+json\" class=\"yoast-schema-graph\">{\"@context\":\"https:\/\/schema.org\",\"@graph\":[{\"@type\":\"WebPage\",\"@id\":\"https:\/\/mesalestore.com\/en\/product\/cay-kazani-kirmizi-otomatik-su-hortumu\/\",\"url\":\"https:\/\/mesalestore.com\/en\/product\/cay-kazani-kirmizi-otomatik-su-hortumu\/\",\"name\":\"\u00c7ay Kazan\u0131 K\u0131rm\u0131z\u0131 Otomatik Su Hortumu | Me\u015fale Store\",\"isPartOf\":{\"@id\":\"https:\/\/mesalestore.com\/en\/#website\"},\"primaryImageOfPage\":{\"@id\":\"https:\/\/mesalestore.com\/en\/product\/cay-kazani-kirmizi-otomatik-su-hortumu\/#primaryimage\"},\"image\":{\"@id\":\"https:\/\/mesalestore.com\/en\/product\/cay-kazani-kirmizi-otomatik-su-hortumu\/#primaryimage\"},\"thumbnailUrl\":\"https:\/\/mesalestore.com\/wp-content\/uploads\/2026\/01\/1_org_zoom-74.jpg\",\"datePublished\":\"2026-02-09T09:19:00+00:00\",\"dateModified\":\"2026-04-10T06:45:40+00:00\",\"description\":\"K\u0131rm\u0131z\u0131 Hortum, genellikle gazl\u0131 \u00e7ay kazanlar\u0131, end\u00fcstriyel ekipmanlar ve buhar sistemlerinde kullan\u0131lan dayan\u0131kl\u0131 bir hortum t\u00fcr\u00fcd\u00fcr. K\u0131rm\u0131z\u0131 hortum\",\"breadcrumb\":{\"@id\":\"https:\/\/mesalestore.com\/en\/product\/cay-kazani-kirmizi-otomatik-su-hortumu\/#breadcrumb\"},\"inLanguage\":\"en-US\",\"potentialAction\":[{\"@type\":\"ReadAction\",\"target\":[\"https:\/\/mesalestore.com\/en\/product\/cay-kazani-kirmizi-otomatik-su-hortumu\/\"]}]},{\"@type\":\"ImageObject\",\"inLanguage\":\"en-US\",\"@id\":\"https:\/\/mesalestore.com\/en\/product\/cay-kazani-kirmizi-otomatik-su-hortumu\/#primaryimage\",\"url\":\"https:\/\/mesalestore.com\/wp-content\/uploads\/2026\/01\/1_org_zoom-74.jpg\",\"contentUrl\":\"https:\/\/mesalestore.com\/wp-content\/uploads\/2026\/01\/1_org_zoom-74.jpg\",\"width\":1200,\"height\":1800},{\"@type\":\"BreadcrumbList\",\"@id\":\"https:\/\/mesalestore.com\/en\/product\/cay-kazani-kirmizi-otomatik-su-hortumu\/#breadcrumb\",\"itemListElement\":[{\"@type\":\"ListItem\",\"position\":1,\"name\":\"Anasayfa\",\"item\":\"https:\/\/mesalestore.com\/en\/\"},{\"@type\":\"ListItem\",\"position\":2,\"name\":\"Products\",\"item\":\"https:\/\/mesalestore.com\/en\/shop\/\"},{\"@type\":\"ListItem\",\"position\":3,\"name\":\"\u00c7ay Kazan\u0131 K\u0131rm\u0131z\u0131 Otomatik Su Hortumu\"}]},{\"@type\":\"WebSite\",\"@id\":\"https:\/\/mesalestore.com\/en\/#website\",\"url\":\"https:\/\/mesalestore.com\/en\/\",\"name\":\"Me\u015fale Store\",\"description\":\"\",\"publisher\":{\"@id\":\"https:\/\/mesalestore.com\/en\/#organization\"},\"potentialAction\":[{\"@type\":\"SearchAction\",\"target\":{\"@type\":\"EntryPoint\",\"urlTemplate\":\"https:\/\/mesalestore.com\/en\/?s={search_term_string}\"},\"query-input\":{\"@type\":\"PropertyValueSpecification\",\"valueRequired\":true,\"valueName\":\"search_term_string\"}}],\"inLanguage\":\"en-US\"},{\"@type\":\"Organization\",\"@id\":\"https:\/\/mesalestore.com\/en\/#organization\",\"name\":\"Me\u015fale Store\",\"url\":\"https:\/\/mesalestore.com\/en\/\",\"logo\":{\"@type\":\"ImageObject\",\"inLanguage\":\"en-US\",\"@id\":\"https:\/\/mesalestore.com\/en\/#\/schema\/logo\/image\/\",\"url\":\"https:\/\/mesalestore.com\/wp-content\/uploads\/2026\/03\/logo-header-yeni-1.webp\",\"contentUrl\":\"https:\/\/mesalestore.com\/wp-content\/uploads\/2026\/03\/logo-header-yeni-1.webp\",\"width\":419,\"height\":147,\"caption\":\"Me\u015fale Store\"},\"image\":{\"@id\":\"https:\/\/mesalestore.com\/en\/#\/schema\/logo\/image\/\"},\"sameAs\":[\"https:\/\/www.facebook.com\/mesalecay\",\"https:\/\/x.com\/mesalecaykazan\",\"https:\/\/www.instagram.com\/mesalecaykazan\/\"]}]}<\/script>\n<!-- \/ Yoast SEO plugin. -->","yoast_head_json":{"title":"\u00c7ay Kazan\u0131 K\u0131rm\u0131z\u0131 Otomatik Su Hortumu | Me\u015fale Store","description":"K\u0131rm\u0131z\u0131 Hortum, genellikle gazl\u0131 \u00e7ay kazanlar\u0131, end\u00fcstriyel ekipmanlar ve buhar sistemlerinde kullan\u0131lan dayan\u0131kl\u0131 bir hortum t\u00fcr\u00fcd\u00fcr. K\u0131rm\u0131z\u0131 hortum","robots":{"index":"index","follow":"follow","max-snippet":"max-snippet:-1","max-image-preview":"max-image-preview:large","max-video-preview":"max-video-preview:-1"},"canonical":"https:\/\/mesalestore.com\/en\/product\/cay-kazani-kirmizi-otomatik-su-hortumu\/","og_locale":"en_US","og_type":"article","og_title":"\u00c7ay Kazan\u0131 K\u0131rm\u0131z\u0131 Otomatik Su Hortumu | Me\u015fale Store","og_description":"K\u0131rm\u0131z\u0131 Hortum, genellikle gazl\u0131 \u00e7ay kazanlar\u0131, end\u00fcstriyel ekipmanlar ve buhar sistemlerinde kullan\u0131lan dayan\u0131kl\u0131 bir hortum t\u00fcr\u00fcd\u00fcr. K\u0131rm\u0131z\u0131 hortum","og_url":"https:\/\/mesalestore.com\/en\/product\/cay-kazani-kirmizi-otomatik-su-hortumu\/","og_site_name":"Me\u015fale Store","article_publisher":"https:\/\/www.facebook.com\/mesalecay","article_modified_time":"2026-04-10T06:45:40+00:00","og_image":[{"width":1200,"height":1800,"url":"https:\/\/mesalestore.com\/wp-content\/uploads\/2026\/01\/1_org_zoom-74.jpg","type":"image\/jpeg"}],"twitter_card":"summary_large_image","twitter_site":"@mesalecaykazan","twitter_misc":{"Est. reading time":"1 minute"},"schema":{"@context":"https:\/\/schema.org","@graph":[{"@type":"WebPage","@id":"https:\/\/mesalestore.com\/en\/product\/cay-kazani-kirmizi-otomatik-su-hortumu\/","url":"https:\/\/mesalestore.com\/en\/product\/cay-kazani-kirmizi-otomatik-su-hortumu\/","name":"\u00c7ay Kazan\u0131 K\u0131rm\u0131z\u0131 Otomatik Su Hortumu | Me\u015fale Store","isPartOf":{"@id":"https:\/\/mesalestore.com\/en\/#website"},"primaryImageOfPage":{"@id":"https:\/\/mesalestore.com\/en\/product\/cay-kazani-kirmizi-otomatik-su-hortumu\/#primaryimage"},"image":{"@id":"https:\/\/mesalestore.com\/en\/product\/cay-kazani-kirmizi-otomatik-su-hortumu\/#primaryimage"},"thumbnailUrl":"https:\/\/mesalestore.com\/wp-content\/uploads\/2026\/01\/1_org_zoom-74.jpg","datePublished":"2026-02-09T09:19:00+00:00","dateModified":"2026-04-10T06:45:40+00:00","description":"K\u0131rm\u0131z\u0131 Hortum, genellikle gazl\u0131 \u00e7ay kazanlar\u0131, end\u00fcstriyel ekipmanlar ve buhar sistemlerinde kullan\u0131lan dayan\u0131kl\u0131 bir hortum t\u00fcr\u00fcd\u00fcr. K\u0131rm\u0131z\u0131 hortum","breadcrumb":{"@id":"https:\/\/mesalestore.com\/en\/product\/cay-kazani-kirmizi-otomatik-su-hortumu\/#breadcrumb"},"inLanguage":"en-US","potentialAction":[{"@type":"ReadAction","target":["https:\/\/mesalestore.com\/en\/product\/cay-kazani-kirmizi-otomatik-su-hortumu\/"]}]},{"@type":"ImageObject","inLanguage":"en-US","@id":"https:\/\/mesalestore.com\/en\/product\/cay-kazani-kirmizi-otomatik-su-hortumu\/#primaryimage","url":"https:\/\/mesalestore.com\/wp-content\/uploads\/2026\/01\/1_org_zoom-74.jpg","contentUrl":"https:\/\/mesalestore.com\/wp-content\/uploads\/2026\/01\/1_org_zoom-74.jpg","width":1200,"height":1800},{"@type":"BreadcrumbList","@id":"https:\/\/mesalestore.com\/en\/product\/cay-kazani-kirmizi-otomatik-su-hortumu\/#breadcrumb","itemListElement":[{"@type":"ListItem","position":1,"name":"Anasayfa","item":"https:\/\/mesalestore.com\/en\/"},{"@type":"ListItem","position":2,"name":"Products","item":"https:\/\/mesalestore.com\/en\/shop\/"},{"@type":"ListItem","position":3,"name":"\u00c7ay Kazan\u0131 K\u0131rm\u0131z\u0131 Otomatik Su Hortumu"}]},{"@type":"WebSite","@id":"https:\/\/mesalestore.com\/en\/#website","url":"https:\/\/mesalestore.com\/en\/","name":"Me\u015fale Store","description":"","publisher":{"@id":"https:\/\/mesalestore.com\/en\/#organization"},"potentialAction":[{"@type":"SearchAction","target":{"@type":"EntryPoint","urlTemplate":"https:\/\/mesalestore.com\/en\/?s={search_term_string}"},"query-input":{"@type":"PropertyValueSpecification","valueRequired":true,"valueName":"search_term_string"}}],"inLanguage":"en-US"},{"@type":"Organization","@id":"https:\/\/mesalestore.com\/en\/#organization","name":"Me\u015fale Store","url":"https:\/\/mesalestore.com\/en\/","logo":{"@type":"ImageObject","inLanguage":"en-US","@id":"https:\/\/mesalestore.com\/en\/#\/schema\/logo\/image\/","url":"https:\/\/mesalestore.com\/wp-content\/uploads\/2026\/03\/logo-header-yeni-1.webp","contentUrl":"https:\/\/mesalestore.com\/wp-content\/uploads\/2026\/03\/logo-header-yeni-1.webp","width":419,"height":147,"caption":"Me\u015fale Store"},"image":{"@id":"https:\/\/mesalestore.com\/en\/#\/schema\/logo\/image\/"},"sameAs":["https:\/\/www.facebook.com\/mesalecay","https:\/\/x.com\/mesalecaykazan","https:\/\/www.instagram.com\/mesalecaykazan\/"]}]}},"_links":{"self":[{"href":"https:\/\/mesalestore.com\/en\/wp-json\/wp\/v2\/product\/2435","targetHints":{"allow":["GET"]}}],"collection":[{"href":"https:\/\/mesalestore.com\/en\/wp-json\/wp\/v2\/product"}],"about":[{"href":"https:\/\/mesalestore.com\/en\/wp-json\/wp\/v2\/types\/product"}],"replies":[{"embeddable":true,"href":"https:\/\/mesalestore.com\/en\/wp-json\/wp\/v2\/comments?post=2435"}],"wp:featuredmedia":[{"embeddable":true,"href":"https:\/\/mesalestore.com\/en\/wp-json\/wp\/v2\/media\/484"}],"wp:attachment":[{"href":"https:\/\/mesalestore.com\/en\/wp-json\/wp\/v2\/media?parent=2435"}],"wp:term":[{"taxonomy":"product_brand","embeddable":true,"href":"https:\/\/mesalestore.com\/en\/wp-json\/wp\/v2\/product_brand?post=2435"},{"taxonomy":"product_cat","embeddable":true,"href":"https:\/\/mesalestore.com\/en\/wp-json\/wp\/v2\/product_cat?post=2435"},{"taxonomy":"product_tag","embeddable":true,"href":"https:\/\/mesalestore.com\/en\/wp-json\/wp\/v2\/product_tag?post=2435"}],"curies":[{"name":"wp","href":"https:\/\/api.w.org\/{rel}","templated":true}]}}