{"id":2425,"date":"2026-02-09T12:18:57","date_gmt":"2026-02-09T09:18:57","guid":{"rendered":"http:\/\/mesalestore.com\/product\/manyetolu-cay-kazani-cakmagi\/"},"modified":"2026-04-10T17:31:49","modified_gmt":"2026-04-10T14:31:49","slug":"manyetolu-cay-kazani-cakmagi","status":"publish","type":"product","link":"https:\/\/mesalestore.com\/en\/product\/manyetolu-cay-kazani-cakmagi\/","title":{"rendered":"Manyetolu \u00c7ay Kazan\u0131 \u00c7akma\u011f\u0131"},"content":{"rendered":"<p><strong>ay Kazan\u0131 Manyetolu \u00c7akmak \u2013 G\u00fcvenli ve Kolay Ate\u015f Ba\u015flat\u0131c\u0131<\/strong><\/p>\n<p><strong>\u00c7ay kazan\u0131 manyetolu \u00e7akmak<\/strong>, \u00e7ay kazanlar\u0131n\u0131n ate\u015fleme sistemlerinde kullan\u0131lan pratik ve g\u00fcvenli bir \u00e7\u00f6z\u00fcmd\u00fcr. Manyetik ate\u015fleme teknolojisi sayesinde, <strong>\u00e7ay kazan\u0131<\/strong> i\u00e7inde g\u00fcvenli bir \u015fekilde ate\u015f ba\u015flat\u0131labilir, b\u00f6ylece kullan\u0131c\u0131lar h\u0131zl\u0131 ve etkili bir \u015fekilde \u00e7ay kazan\u0131n\u0131 \u00e7al\u0131\u015ft\u0131rabilir.<\/p>\n<p><strong>\u00c7ay kazan\u0131 manyetolu \u00e7akmak<\/strong>, \u00f6zellikle d\u0131\u015f mekan kullan\u0131m\u0131 veya acil durumlar i\u00e7in ideal bir ara\u00e7t\u0131r. <strong>Manyetolu \u00e7akmak<\/strong>, r\u00fczgarl\u0131 ve zorlu hava ko\u015fullar\u0131nda bile ate\u015fleme i\u015flemini ba\u015far\u0131yla ger\u00e7ekle\u015ftirir, b\u00f6ylece \u00e7ay kazan\u0131n\u0131z her ko\u015fulda sorunsuz bir \u015fekilde \u00e7al\u0131\u015f\u0131r. Dayan\u0131kl\u0131 yap\u0131s\u0131 ve pratik tasar\u0131m\u0131 ile <strong>\u00e7ay kazan\u0131 ate\u015fleme<\/strong> i\u015flemi daha h\u0131zl\u0131 ve g\u00fcvenli hale gelir.<\/p>","protected":false},"excerpt":{"rendered":"<p>ay Kazan\u0131 Manyetolu \u00c7akmak \u2013 G\u00fcvenli ve Kolay Ate\u015f Ba\u015flat\u0131c\u0131 \u00c7ay kazan\u0131 manyetolu \u00e7akmak, \u00e7ay kazanlar\u0131n\u0131n ate\u015fleme sistemlerinde kullan\u0131lan pratik ve g\u00fcvenli bir \u00e7\u00f6z\u00fcmd\u00fcr. Manyetik ate\u015fleme teknolojisi sayesinde, \u00e7ay kazan\u0131 i\u00e7inde g\u00fcvenli bir \u015fekilde ate\u015f ba\u015flat\u0131labilir, b\u00f6ylece kullan\u0131c\u0131lar h\u0131zl\u0131 ve etkili bir \u015fekilde \u00e7ay kazan\u0131n\u0131 \u00e7al\u0131\u015ft\u0131rabilir. \u00c7ay kazan\u0131 manyetolu \u00e7akmak, \u00f6zellikle d\u0131\u015f mekan kullan\u0131m\u0131 veya [&hellip;]<\/p>\n","protected":false},"featured_media":462,"comment_status":"closed","ping_status":"closed","template":"","meta":[],"product_brand":[7749],"product_cat":[15],"product_tag":[548,546,547],"class_list":{"0":"post-2425","1":"product","2":"type-product","3":"status-publish","4":"has-post-thumbnail","6":"product_brand-mesale","7":"product_cat-kategorize_edilmemis","8":"product_tag-cakmak","9":"product_tag-manyetolu","10":"product_tag-manyetolu-cakmak","12":"first","13":"instock","14":"taxable","15":"shipping-taxable","16":"purchasable","17":"product-type-simple"},"yoast_head":"<!-- This site is optimized with the Yoast SEO plugin v27.1.1 - https:\/\/yoast.com\/product\/yoast-seo-wordpress\/ -->\n<title>Manyetolu \u00c7ay Kazan\u0131 \u00c7akma\u011f\u0131 | Me\u015fale Store<\/title>\n<meta name=\"description\" content=\"ay Kazan\u0131 Manyetolu \u00c7akmak \u2013 G\u00fcvenli ve Kolay Ate\u015f Ba\u015flat\u0131c\u0131 \u00c7ay kazan\u0131 manyetolu \u00e7akmak, \u00e7ay kazanlar\u0131n\u0131n ate\u015fleme sistemlerinde kullan\u0131lan pratik ve\" \/>\n<meta name=\"robots\" content=\"index, follow, max-snippet:-1, max-image-preview:large, max-video-preview:-1\" \/>\n<link rel=\"canonical\" href=\"https:\/\/mesalestore.com\/en\/product\/manyetolu-cay-kazani-cakmagi\/\" \/>\n<meta property=\"og:locale\" content=\"en_US\" \/>\n<meta property=\"og:type\" content=\"article\" \/>\n<meta property=\"og:title\" content=\"Manyetolu \u00c7ay Kazan\u0131 \u00c7akma\u011f\u0131 | Me\u015fale Store\" \/>\n<meta property=\"og:description\" content=\"ay Kazan\u0131 Manyetolu \u00c7akmak \u2013 G\u00fcvenli ve Kolay Ate\u015f Ba\u015flat\u0131c\u0131 \u00c7ay kazan\u0131 manyetolu \u00e7akmak, \u00e7ay kazanlar\u0131n\u0131n ate\u015fleme sistemlerinde kullan\u0131lan pratik ve\" \/>\n<meta property=\"og:url\" content=\"https:\/\/mesalestore.com\/en\/product\/manyetolu-cay-kazani-cakmagi\/\" \/>\n<meta property=\"og:site_name\" content=\"Me\u015fale Store\" \/>\n<meta property=\"article:publisher\" content=\"https:\/\/www.facebook.com\/mesalecay\" \/>\n<meta property=\"article:modified_time\" content=\"2026-04-10T14:31:49+00:00\" \/>\n<meta property=\"og:image\" content=\"https:\/\/mesalestore.com\/wp-content\/uploads\/2026\/01\/1_org_zoom-62.jpg\" \/>\n\t<meta property=\"og:image:width\" content=\"1200\" \/>\n\t<meta property=\"og:image:height\" content=\"1800\" \/>\n\t<meta property=\"og:image:type\" content=\"image\/jpeg\" \/>\n<meta name=\"twitter:card\" content=\"summary_large_image\" \/>\n<meta name=\"twitter:site\" content=\"@mesalecaykazan\" \/>\n<meta name=\"twitter:label1\" content=\"Est. reading time\" \/>\n\t<meta name=\"twitter:data1\" content=\"1 minute\" \/>\n<script type=\"application\/ld+json\" class=\"yoast-schema-graph\">{\"@context\":\"https:\/\/schema.org\",\"@graph\":[{\"@type\":\"WebPage\",\"@id\":\"https:\/\/mesalestore.com\/en\/product\/manyetolu-cay-kazani-cakmagi\/\",\"url\":\"https:\/\/mesalestore.com\/en\/product\/manyetolu-cay-kazani-cakmagi\/\",\"name\":\"Manyetolu \u00c7ay Kazan\u0131 \u00c7akma\u011f\u0131 | Me\u015fale Store\",\"isPartOf\":{\"@id\":\"https:\/\/mesalestore.com\/en\/#website\"},\"primaryImageOfPage\":{\"@id\":\"https:\/\/mesalestore.com\/en\/product\/manyetolu-cay-kazani-cakmagi\/#primaryimage\"},\"image\":{\"@id\":\"https:\/\/mesalestore.com\/en\/product\/manyetolu-cay-kazani-cakmagi\/#primaryimage\"},\"thumbnailUrl\":\"https:\/\/mesalestore.com\/wp-content\/uploads\/2026\/01\/1_org_zoom-62.jpg\",\"datePublished\":\"2026-02-09T09:18:57+00:00\",\"dateModified\":\"2026-04-10T14:31:49+00:00\",\"description\":\"ay Kazan\u0131 Manyetolu \u00c7akmak \u2013 G\u00fcvenli ve Kolay Ate\u015f Ba\u015flat\u0131c\u0131 \u00c7ay kazan\u0131 manyetolu \u00e7akmak, \u00e7ay kazanlar\u0131n\u0131n ate\u015fleme sistemlerinde kullan\u0131lan pratik ve\",\"breadcrumb\":{\"@id\":\"https:\/\/mesalestore.com\/en\/product\/manyetolu-cay-kazani-cakmagi\/#breadcrumb\"},\"inLanguage\":\"en-US\",\"potentialAction\":[{\"@type\":\"ReadAction\",\"target\":[\"https:\/\/mesalestore.com\/en\/product\/manyetolu-cay-kazani-cakmagi\/\"]}]},{\"@type\":\"ImageObject\",\"inLanguage\":\"en-US\",\"@id\":\"https:\/\/mesalestore.com\/en\/product\/manyetolu-cay-kazani-cakmagi\/#primaryimage\",\"url\":\"https:\/\/mesalestore.com\/wp-content\/uploads\/2026\/01\/1_org_zoom-62.jpg\",\"contentUrl\":\"https:\/\/mesalestore.com\/wp-content\/uploads\/2026\/01\/1_org_zoom-62.jpg\",\"width\":1200,\"height\":1800},{\"@type\":\"BreadcrumbList\",\"@id\":\"https:\/\/mesalestore.com\/en\/product\/manyetolu-cay-kazani-cakmagi\/#breadcrumb\",\"itemListElement\":[{\"@type\":\"ListItem\",\"position\":1,\"name\":\"Anasayfa\",\"item\":\"https:\/\/mesalestore.com\/en\/\"},{\"@type\":\"ListItem\",\"position\":2,\"name\":\"Products\",\"item\":\"https:\/\/mesalestore.com\/en\/shop\/\"},{\"@type\":\"ListItem\",\"position\":3,\"name\":\"Manyetolu \u00c7ay Kazan\u0131 \u00c7akma\u011f\u0131\"}]},{\"@type\":\"WebSite\",\"@id\":\"https:\/\/mesalestore.com\/en\/#website\",\"url\":\"https:\/\/mesalestore.com\/en\/\",\"name\":\"Me\u015fale Store\",\"description\":\"\",\"publisher\":{\"@id\":\"https:\/\/mesalestore.com\/en\/#organization\"},\"potentialAction\":[{\"@type\":\"SearchAction\",\"target\":{\"@type\":\"EntryPoint\",\"urlTemplate\":\"https:\/\/mesalestore.com\/en\/?s={search_term_string}\"},\"query-input\":{\"@type\":\"PropertyValueSpecification\",\"valueRequired\":true,\"valueName\":\"search_term_string\"}}],\"inLanguage\":\"en-US\"},{\"@type\":\"Organization\",\"@id\":\"https:\/\/mesalestore.com\/en\/#organization\",\"name\":\"Me\u015fale Store\",\"url\":\"https:\/\/mesalestore.com\/en\/\",\"logo\":{\"@type\":\"ImageObject\",\"inLanguage\":\"en-US\",\"@id\":\"https:\/\/mesalestore.com\/en\/#\/schema\/logo\/image\/\",\"url\":\"https:\/\/mesalestore.com\/wp-content\/uploads\/2026\/03\/logo-header-yeni-1.webp\",\"contentUrl\":\"https:\/\/mesalestore.com\/wp-content\/uploads\/2026\/03\/logo-header-yeni-1.webp\",\"width\":419,\"height\":147,\"caption\":\"Me\u015fale Store\"},\"image\":{\"@id\":\"https:\/\/mesalestore.com\/en\/#\/schema\/logo\/image\/\"},\"sameAs\":[\"https:\/\/www.facebook.com\/mesalecay\",\"https:\/\/x.com\/mesalecaykazan\",\"https:\/\/www.instagram.com\/mesalecaykazan\/\"]}]}<\/script>\n<!-- \/ Yoast SEO plugin. -->","yoast_head_json":{"title":"Manyetolu \u00c7ay Kazan\u0131 \u00c7akma\u011f\u0131 | Me\u015fale Store","description":"ay Kazan\u0131 Manyetolu \u00c7akmak \u2013 G\u00fcvenli ve Kolay Ate\u015f Ba\u015flat\u0131c\u0131 \u00c7ay kazan\u0131 manyetolu \u00e7akmak, \u00e7ay kazanlar\u0131n\u0131n ate\u015fleme sistemlerinde kullan\u0131lan pratik ve","robots":{"index":"index","follow":"follow","max-snippet":"max-snippet:-1","max-image-preview":"max-image-preview:large","max-video-preview":"max-video-preview:-1"},"canonical":"https:\/\/mesalestore.com\/en\/product\/manyetolu-cay-kazani-cakmagi\/","og_locale":"en_US","og_type":"article","og_title":"Manyetolu \u00c7ay Kazan\u0131 \u00c7akma\u011f\u0131 | Me\u015fale Store","og_description":"ay Kazan\u0131 Manyetolu \u00c7akmak \u2013 G\u00fcvenli ve Kolay Ate\u015f Ba\u015flat\u0131c\u0131 \u00c7ay kazan\u0131 manyetolu \u00e7akmak, \u00e7ay kazanlar\u0131n\u0131n ate\u015fleme sistemlerinde kullan\u0131lan pratik ve","og_url":"https:\/\/mesalestore.com\/en\/product\/manyetolu-cay-kazani-cakmagi\/","og_site_name":"Me\u015fale Store","article_publisher":"https:\/\/www.facebook.com\/mesalecay","article_modified_time":"2026-04-10T14:31:49+00:00","og_image":[{"width":1200,"height":1800,"url":"https:\/\/mesalestore.com\/wp-content\/uploads\/2026\/01\/1_org_zoom-62.jpg","type":"image\/jpeg"}],"twitter_card":"summary_large_image","twitter_site":"@mesalecaykazan","twitter_misc":{"Est. reading time":"1 minute"},"schema":{"@context":"https:\/\/schema.org","@graph":[{"@type":"WebPage","@id":"https:\/\/mesalestore.com\/en\/product\/manyetolu-cay-kazani-cakmagi\/","url":"https:\/\/mesalestore.com\/en\/product\/manyetolu-cay-kazani-cakmagi\/","name":"Manyetolu \u00c7ay Kazan\u0131 \u00c7akma\u011f\u0131 | Me\u015fale Store","isPartOf":{"@id":"https:\/\/mesalestore.com\/en\/#website"},"primaryImageOfPage":{"@id":"https:\/\/mesalestore.com\/en\/product\/manyetolu-cay-kazani-cakmagi\/#primaryimage"},"image":{"@id":"https:\/\/mesalestore.com\/en\/product\/manyetolu-cay-kazani-cakmagi\/#primaryimage"},"thumbnailUrl":"https:\/\/mesalestore.com\/wp-content\/uploads\/2026\/01\/1_org_zoom-62.jpg","datePublished":"2026-02-09T09:18:57+00:00","dateModified":"2026-04-10T14:31:49+00:00","description":"ay Kazan\u0131 Manyetolu \u00c7akmak \u2013 G\u00fcvenli ve Kolay Ate\u015f Ba\u015flat\u0131c\u0131 \u00c7ay kazan\u0131 manyetolu \u00e7akmak, \u00e7ay kazanlar\u0131n\u0131n ate\u015fleme sistemlerinde kullan\u0131lan pratik ve","breadcrumb":{"@id":"https:\/\/mesalestore.com\/en\/product\/manyetolu-cay-kazani-cakmagi\/#breadcrumb"},"inLanguage":"en-US","potentialAction":[{"@type":"ReadAction","target":["https:\/\/mesalestore.com\/en\/product\/manyetolu-cay-kazani-cakmagi\/"]}]},{"@type":"ImageObject","inLanguage":"en-US","@id":"https:\/\/mesalestore.com\/en\/product\/manyetolu-cay-kazani-cakmagi\/#primaryimage","url":"https:\/\/mesalestore.com\/wp-content\/uploads\/2026\/01\/1_org_zoom-62.jpg","contentUrl":"https:\/\/mesalestore.com\/wp-content\/uploads\/2026\/01\/1_org_zoom-62.jpg","width":1200,"height":1800},{"@type":"BreadcrumbList","@id":"https:\/\/mesalestore.com\/en\/product\/manyetolu-cay-kazani-cakmagi\/#breadcrumb","itemListElement":[{"@type":"ListItem","position":1,"name":"Anasayfa","item":"https:\/\/mesalestore.com\/en\/"},{"@type":"ListItem","position":2,"name":"Products","item":"https:\/\/mesalestore.com\/en\/shop\/"},{"@type":"ListItem","position":3,"name":"Manyetolu \u00c7ay Kazan\u0131 \u00c7akma\u011f\u0131"}]},{"@type":"WebSite","@id":"https:\/\/mesalestore.com\/en\/#website","url":"https:\/\/mesalestore.com\/en\/","name":"Me\u015fale Store","description":"","publisher":{"@id":"https:\/\/mesalestore.com\/en\/#organization"},"potentialAction":[{"@type":"SearchAction","target":{"@type":"EntryPoint","urlTemplate":"https:\/\/mesalestore.com\/en\/?s={search_term_string}"},"query-input":{"@type":"PropertyValueSpecification","valueRequired":true,"valueName":"search_term_string"}}],"inLanguage":"en-US"},{"@type":"Organization","@id":"https:\/\/mesalestore.com\/en\/#organization","name":"Me\u015fale Store","url":"https:\/\/mesalestore.com\/en\/","logo":{"@type":"ImageObject","inLanguage":"en-US","@id":"https:\/\/mesalestore.com\/en\/#\/schema\/logo\/image\/","url":"https:\/\/mesalestore.com\/wp-content\/uploads\/2026\/03\/logo-header-yeni-1.webp","contentUrl":"https:\/\/mesalestore.com\/wp-content\/uploads\/2026\/03\/logo-header-yeni-1.webp","width":419,"height":147,"caption":"Me\u015fale Store"},"image":{"@id":"https:\/\/mesalestore.com\/en\/#\/schema\/logo\/image\/"},"sameAs":["https:\/\/www.facebook.com\/mesalecay","https:\/\/x.com\/mesalecaykazan","https:\/\/www.instagram.com\/mesalecaykazan\/"]}]}},"_links":{"self":[{"href":"https:\/\/mesalestore.com\/en\/wp-json\/wp\/v2\/product\/2425","targetHints":{"allow":["GET"]}}],"collection":[{"href":"https:\/\/mesalestore.com\/en\/wp-json\/wp\/v2\/product"}],"about":[{"href":"https:\/\/mesalestore.com\/en\/wp-json\/wp\/v2\/types\/product"}],"replies":[{"embeddable":true,"href":"https:\/\/mesalestore.com\/en\/wp-json\/wp\/v2\/comments?post=2425"}],"wp:featuredmedia":[{"embeddable":true,"href":"https:\/\/mesalestore.com\/en\/wp-json\/wp\/v2\/media\/462"}],"wp:attachment":[{"href":"https:\/\/mesalestore.com\/en\/wp-json\/wp\/v2\/media?parent=2425"}],"wp:term":[{"taxonomy":"product_brand","embeddable":true,"href":"https:\/\/mesalestore.com\/en\/wp-json\/wp\/v2\/product_brand?post=2425"},{"taxonomy":"product_cat","embeddable":true,"href":"https:\/\/mesalestore.com\/en\/wp-json\/wp\/v2\/product_cat?post=2425"},{"taxonomy":"product_tag","embeddable":true,"href":"https:\/\/mesalestore.com\/en\/wp-json\/wp\/v2\/product_tag?post=2425"}],"curies":[{"name":"wp","href":"https:\/\/api.w.org\/{rel}","templated":true}]}}