{"id":2423,"date":"2026-02-09T12:18:56","date_gmt":"2026-02-09T09:18:56","guid":{"rendered":"http:\/\/mesalestore.com\/product\/4-5-6-demlikli-antik-bakir-analog-full-otomatik-cay-kazani-kutusu\/"},"modified":"2026-04-10T17:29:18","modified_gmt":"2026-04-10T14:29:18","slug":"4-5-6-demlikli-antik-bakir-analog-full-otomatik-cay-kazani-kutusu","status":"publish","type":"product","link":"https:\/\/mesalestore.com\/en\/product\/4-5-6-demlikli-antik-bakir-analog-full-otomatik-cay-kazani-kutusu\/","title":{"rendered":"4-5-6 Demlikli Antik Bak\u0131r Analog Full Otomatik \u00c7ay Kazan\u0131 Kutusu"},"content":{"rendered":"<p><strong>Me\u015fale 4-5-6 Demlikli Antik Bak\u0131r Analog Full Otomatik \u00c7ay Kazan\u0131 Kutusu<\/strong>, <strong>Me\u015fale 4-5-6 Demlikli<\/strong> antik bak\u0131r modelleri i\u00e7in \u00f6zel olarak tasarlanm\u0131\u015f, y\u00fcksek kalite ve dayan\u0131kl\u0131l\u0131k sunan bir muhafaza kutusudur. <strong>Analog full otomatik<\/strong> \u00f6zellikli \u00e7ay kazanlar\u0131n\u0131z\u0131n g\u00fcvenli bir \u015fekilde ta\u015f\u0131nmas\u0131n\u0131 ve korunmas\u0131n\u0131 sa\u011flar. Bu kutu, cihazlar\u0131n\u0131z\u0131n d\u0131\u015f etkenlerden zarar g\u00f6rmesini engelleyerek uzun \u00f6m\u00fcrl\u00fc kullan\u0131m sa\u011flar. <strong>Me\u015fale \u00e7ay kazan\u0131 kutusu<\/strong>, estetik a\u00e7\u0131dan antik bak\u0131r tasar\u0131mla uyumlu olup, \u00e7ay makinelerinizin g\u00fcvenli\u011fini en \u00fcst seviyeye \u00e7\u0131kar\u0131r. E\u011fer <strong>yedek kutu<\/strong> ihtiyac\u0131n\u0131z varsa, bu kutu fonksiyonellik ve zarafeti bir arada sunar, \u00e7ay kazan\u0131n\u0131z\u0131 g\u00fcvenle muhafaza etmenizi sa\u011flar.<\/p>","protected":false},"excerpt":{"rendered":"<p>Me\u015fale 4-5-6 Demlikli Antik Bak\u0131r Analog Full Otomatik \u00c7ay Kazan\u0131 Kutusu, Me\u015fale 4-5-6 Demlikli antik bak\u0131r modelleri i\u00e7in \u00f6zel olarak tasarlanm\u0131\u015f, y\u00fcksek kalite ve dayan\u0131kl\u0131l\u0131k sunan bir muhafaza kutusudur. Analog full otomatik \u00f6zellikli \u00e7ay kazanlar\u0131n\u0131z\u0131n g\u00fcvenli bir \u015fekilde ta\u015f\u0131nmas\u0131n\u0131 ve korunmas\u0131n\u0131 sa\u011flar. Bu kutu, cihazlar\u0131n\u0131z\u0131n d\u0131\u015f etkenlerden zarar g\u00f6rmesini engelleyerek uzun \u00f6m\u00fcrl\u00fc kullan\u0131m sa\u011flar. Me\u015fale [&hellip;]<\/p>\n","protected":false},"featured_media":457,"comment_status":"closed","ping_status":"closed","template":"","meta":[],"product_brand":[7749],"product_cat":[7986],"product_tag":[16,5285,5286,5381,5382,5383,5408,5409,5410,5411,5384,5393,5394,5395,5396,5397,5398,5399,5385,5386,5387,5388,5389,5390,5391,5392,5412,5413,5414,5400,5401,5402,5403,5404,5405,5406,5407,5415,5424,5425,5426,5427,5416,5417,5418,5419,5420,5421,5422,5423],"class_list":{"0":"post-2423","1":"product","2":"type-product","3":"status-publish","4":"has-post-thumbnail","6":"product_brand-mesale","7":"product_cat-termostat-salter","8":"product_tag-mesale","9":"product_tag-mesale-4-5-6","10":"product_tag-mesale-4-5-6-demlikli","11":"product_tag-mesale-4-5-6-demlikli-antik","12":"product_tag-mesale-4-5-6-demlikli-antik-bakir","13":"product_tag-mesale-4-5-6-demlikli-antik-bakir-analog","14":"product_tag-mesale-4-5-6-demlikli-antik-bakir-analog-cay","15":"product_tag-mesale-4-5-6-demlikli-antik-bakir-analog-cay-kazani","16":"product_tag-mesale-4-5-6-demlikli-antik-bakir-analog-cay-kazani-kutusu","17":"product_tag-mesale-4-5-6-demlikli-antik-bakir-analog-cay-kutusu","18":"product_tag-mesale-4-5-6-demlikli-antik-bakir-analog-full","19":"product_tag-mesale-4-5-6-demlikli-antik-bakir-analog-full-cay","20":"product_tag-mesale-4-5-6-demlikli-antik-bakir-analog-full-cay-kazani","21":"product_tag-mesale-4-5-6-demlikli-antik-bakir-analog-full-cay-kazani-kutusu","22":"product_tag-mesale-4-5-6-demlikli-antik-bakir-analog-full-cay-kutusu","23":"product_tag-mesale-4-5-6-demlikli-antik-bakir-analog-full-kazani","24":"product_tag-mesale-4-5-6-demlikli-antik-bakir-analog-full-kazani-kutusu","25":"product_tag-mesale-4-5-6-demlikli-antik-bakir-analog-full-kutusu","26":"product_tag-mesale-4-5-6-demlikli-antik-bakir-analog-full-otomatik","27":"product_tag-mesale-4-5-6-demlikli-antik-bakir-analog-full-otomatik-cay","28":"product_tag-mesale-4-5-6-demlikli-antik-bakir-analog-full-otomatik-cay-kazani","29":"product_tag-mesale-4-5-6-demlikli-antik-bakir-analog-full-otomatik-cay-kazani-kutusu","30":"product_tag-mesale-4-5-6-demlikli-antik-bakir-analog-full-otomatik-cay-kutusu","31":"product_tag-mesale-4-5-6-demlikli-antik-bakir-analog-full-otomatik-kazani","32":"product_tag-mesale-4-5-6-demlikli-antik-bakir-analog-full-otomatik-kazani-kutusu","33":"product_tag-mesale-4-5-6-demlikli-antik-bakir-analog-full-otomatik-kutusu","34":"product_tag-mesale-4-5-6-demlikli-antik-bakir-analog-kazani","35":"product_tag-mesale-4-5-6-demlikli-antik-bakir-analog-kazani-kutusu","36":"product_tag-mesale-4-5-6-demlikli-antik-bakir-analog-kutusu","37":"product_tag-mesale-4-5-6-demlikli-antik-bakir-analog-otomatik","38":"product_tag-mesale-4-5-6-demlikli-antik-bakir-analog-otomatik-cay","39":"product_tag-mesale-4-5-6-demlikli-antik-bakir-analog-otomatik-cay-kazani","40":"product_tag-mesale-4-5-6-demlikli-antik-bakir-analog-otomatik-cay-kazani-kutusu","41":"product_tag-mesale-4-5-6-demlikli-antik-bakir-analog-otomatik-cay-kutusu","42":"product_tag-mesale-4-5-6-demlikli-antik-bakir-analog-otomatik-kazani","43":"product_tag-mesale-4-5-6-demlikli-antik-bakir-analog-otomatik-kazani-kutusu","44":"product_tag-mesale-4-5-6-demlikli-antik-bakir-analog-otomatik-kutusu","45":"product_tag-mesale-4-5-6-demlikli-antik-bakir-full","46":"product_tag-mesale-4-5-6-demlikli-antik-bakir-full-cay","47":"product_tag-mesale-4-5-6-demlikli-antik-bakir-full-cay-kazani","48":"product_tag-mesale-4-5-6-demlikli-antik-bakir-full-cay-kazani-kutusu","49":"product_tag-mesale-4-5-6-demlikli-antik-bakir-full-cay-kutusu","50":"product_tag-mesale-4-5-6-demlikli-antik-bakir-full-otomatik","51":"product_tag-mesale-4-5-6-demlikli-antik-bakir-full-otomatik-cay","52":"product_tag-mesale-4-5-6-demlikli-antik-bakir-full-otomatik-cay-kazani","53":"product_tag-mesale-4-5-6-demlikli-antik-bakir-full-otomatik-cay-kazani-kutusu","54":"product_tag-mesale-4-5-6-demlikli-antik-bakir-full-otomatik-cay-kutusu","55":"product_tag-mesale-4-5-6-demlikli-antik-bakir-full-otomatik-kazani","56":"product_tag-mesale-4-5-6-demlikli-antik-bakir-full-otomatik-kazani-kutusu","57":"product_tag-mesale-4-5-6-demlikli-antik-bakir-full-otomatik-kutusu","59":"first","60":"instock","61":"sale","62":"taxable","63":"shipping-taxable","64":"purchasable","65":"product-type-simple"},"yoast_head":"<!-- This site is optimized with the Yoast SEO plugin v27.1.1 - https:\/\/yoast.com\/product\/yoast-seo-wordpress\/ -->\n<title>4-5-6 Demlikli Antik Bak\u0131r Analog Full Otomatik \u00c7ay Kazan\u0131 Kutusu | Me\u015fale Store<\/title>\n<meta name=\"description\" content=\"Me\u015fale 4-5-6 Demlikli Antik Bak\u0131r Analog Full Otomatik \u00c7ay Kazan\u0131 Kutusu, Me\u015fale 4-5-6 Demlikli antik bak\u0131r modelleri i\u00e7in \u00f6zel olarak tasarlanm\u0131\u015f, y\u00fcksek\" \/>\n<meta name=\"robots\" content=\"index, follow, max-snippet:-1, max-image-preview:large, max-video-preview:-1\" \/>\n<link rel=\"canonical\" href=\"https:\/\/mesalestore.com\/en\/product\/4-5-6-demlikli-antik-bakir-analog-full-otomatik-cay-kazani-kutusu\/\" \/>\n<meta property=\"og:locale\" content=\"en_US\" \/>\n<meta property=\"og:type\" content=\"article\" \/>\n<meta property=\"og:title\" content=\"4-5-6 Demlikli Antik Bak\u0131r Analog Full Otomatik \u00c7ay Kazan\u0131 Kutusu | Me\u015fale Store\" \/>\n<meta property=\"og:description\" content=\"Me\u015fale 4-5-6 Demlikli Antik Bak\u0131r Analog Full Otomatik \u00c7ay Kazan\u0131 Kutusu, Me\u015fale 4-5-6 Demlikli antik bak\u0131r modelleri i\u00e7in \u00f6zel olarak tasarlanm\u0131\u015f, y\u00fcksek\" \/>\n<meta property=\"og:url\" content=\"https:\/\/mesalestore.com\/en\/product\/4-5-6-demlikli-antik-bakir-analog-full-otomatik-cay-kazani-kutusu\/\" \/>\n<meta property=\"og:site_name\" content=\"Me\u015fale Store\" \/>\n<meta property=\"article:publisher\" content=\"https:\/\/www.facebook.com\/mesalecay\" \/>\n<meta property=\"article:modified_time\" content=\"2026-04-10T14:29:18+00:00\" \/>\n<meta property=\"og:image\" content=\"https:\/\/mesalestore.com\/wp-content\/uploads\/2026\/01\/1_org_zoom-59.jpg\" \/>\n\t<meta property=\"og:image:width\" content=\"1200\" \/>\n\t<meta property=\"og:image:height\" content=\"1800\" \/>\n\t<meta property=\"og:image:type\" content=\"image\/jpeg\" \/>\n<meta name=\"twitter:card\" content=\"summary_large_image\" \/>\n<meta name=\"twitter:site\" content=\"@mesalecaykazan\" \/>\n<meta name=\"twitter:label1\" content=\"Est. reading time\" \/>\n\t<meta name=\"twitter:data1\" content=\"1 minute\" \/>\n<script type=\"application\/ld+json\" class=\"yoast-schema-graph\">{\"@context\":\"https:\/\/schema.org\",\"@graph\":[{\"@type\":\"WebPage\",\"@id\":\"https:\/\/mesalestore.com\/en\/product\/4-5-6-demlikli-antik-bakir-analog-full-otomatik-cay-kazani-kutusu\/\",\"url\":\"https:\/\/mesalestore.com\/en\/product\/4-5-6-demlikli-antik-bakir-analog-full-otomatik-cay-kazani-kutusu\/\",\"name\":\"4-5-6 Demlikli Antik Bak\u0131r Analog Full Otomatik \u00c7ay Kazan\u0131 Kutusu | Me\u015fale Store\",\"isPartOf\":{\"@id\":\"https:\/\/mesalestore.com\/en\/#website\"},\"primaryImageOfPage\":{\"@id\":\"https:\/\/mesalestore.com\/en\/product\/4-5-6-demlikli-antik-bakir-analog-full-otomatik-cay-kazani-kutusu\/#primaryimage\"},\"image\":{\"@id\":\"https:\/\/mesalestore.com\/en\/product\/4-5-6-demlikli-antik-bakir-analog-full-otomatik-cay-kazani-kutusu\/#primaryimage\"},\"thumbnailUrl\":\"https:\/\/mesalestore.com\/wp-content\/uploads\/2026\/01\/1_org_zoom-59.jpg\",\"datePublished\":\"2026-02-09T09:18:56+00:00\",\"dateModified\":\"2026-04-10T14:29:18+00:00\",\"description\":\"Me\u015fale 4-5-6 Demlikli Antik Bak\u0131r Analog Full Otomatik \u00c7ay Kazan\u0131 Kutusu, Me\u015fale 4-5-6 Demlikli antik bak\u0131r modelleri i\u00e7in \u00f6zel olarak tasarlanm\u0131\u015f, y\u00fcksek\",\"breadcrumb\":{\"@id\":\"https:\/\/mesalestore.com\/en\/product\/4-5-6-demlikli-antik-bakir-analog-full-otomatik-cay-kazani-kutusu\/#breadcrumb\"},\"inLanguage\":\"en-US\",\"potentialAction\":[{\"@type\":\"ReadAction\",\"target\":[\"https:\/\/mesalestore.com\/en\/product\/4-5-6-demlikli-antik-bakir-analog-full-otomatik-cay-kazani-kutusu\/\"]}]},{\"@type\":\"ImageObject\",\"inLanguage\":\"en-US\",\"@id\":\"https:\/\/mesalestore.com\/en\/product\/4-5-6-demlikli-antik-bakir-analog-full-otomatik-cay-kazani-kutusu\/#primaryimage\",\"url\":\"https:\/\/mesalestore.com\/wp-content\/uploads\/2026\/01\/1_org_zoom-59.jpg\",\"contentUrl\":\"https:\/\/mesalestore.com\/wp-content\/uploads\/2026\/01\/1_org_zoom-59.jpg\",\"width\":1200,\"height\":1800},{\"@type\":\"BreadcrumbList\",\"@id\":\"https:\/\/mesalestore.com\/en\/product\/4-5-6-demlikli-antik-bakir-analog-full-otomatik-cay-kazani-kutusu\/#breadcrumb\",\"itemListElement\":[{\"@type\":\"ListItem\",\"position\":1,\"name\":\"Anasayfa\",\"item\":\"https:\/\/mesalestore.com\/en\/\"},{\"@type\":\"ListItem\",\"position\":2,\"name\":\"Products\",\"item\":\"https:\/\/mesalestore.com\/en\/shop\/\"},{\"@type\":\"ListItem\",\"position\":3,\"name\":\"4-5-6 Demlikli Antik Bak\u0131r Analog Full Otomatik \u00c7ay Kazan\u0131 Kutusu\"}]},{\"@type\":\"WebSite\",\"@id\":\"https:\/\/mesalestore.com\/en\/#website\",\"url\":\"https:\/\/mesalestore.com\/en\/\",\"name\":\"Me\u015fale Store\",\"description\":\"\",\"publisher\":{\"@id\":\"https:\/\/mesalestore.com\/en\/#organization\"},\"potentialAction\":[{\"@type\":\"SearchAction\",\"target\":{\"@type\":\"EntryPoint\",\"urlTemplate\":\"https:\/\/mesalestore.com\/en\/?s={search_term_string}\"},\"query-input\":{\"@type\":\"PropertyValueSpecification\",\"valueRequired\":true,\"valueName\":\"search_term_string\"}}],\"inLanguage\":\"en-US\"},{\"@type\":\"Organization\",\"@id\":\"https:\/\/mesalestore.com\/en\/#organization\",\"name\":\"Me\u015fale Store\",\"url\":\"https:\/\/mesalestore.com\/en\/\",\"logo\":{\"@type\":\"ImageObject\",\"inLanguage\":\"en-US\",\"@id\":\"https:\/\/mesalestore.com\/en\/#\/schema\/logo\/image\/\",\"url\":\"https:\/\/mesalestore.com\/wp-content\/uploads\/2026\/03\/logo-header-yeni-1.webp\",\"contentUrl\":\"https:\/\/mesalestore.com\/wp-content\/uploads\/2026\/03\/logo-header-yeni-1.webp\",\"width\":419,\"height\":147,\"caption\":\"Me\u015fale Store\"},\"image\":{\"@id\":\"https:\/\/mesalestore.com\/en\/#\/schema\/logo\/image\/\"},\"sameAs\":[\"https:\/\/www.facebook.com\/mesalecay\",\"https:\/\/x.com\/mesalecaykazan\",\"https:\/\/www.instagram.com\/mesalecaykazan\/\"]}]}<\/script>\n<!-- \/ Yoast SEO plugin. -->","yoast_head_json":{"title":"4-5-6 Demlikli Antik Bak\u0131r Analog Full Otomatik \u00c7ay Kazan\u0131 Kutusu | Me\u015fale Store","description":"Me\u015fale 4-5-6 Demlikli Antik Bak\u0131r Analog Full Otomatik \u00c7ay Kazan\u0131 Kutusu, Me\u015fale 4-5-6 Demlikli antik bak\u0131r modelleri i\u00e7in \u00f6zel olarak tasarlanm\u0131\u015f, y\u00fcksek","robots":{"index":"index","follow":"follow","max-snippet":"max-snippet:-1","max-image-preview":"max-image-preview:large","max-video-preview":"max-video-preview:-1"},"canonical":"https:\/\/mesalestore.com\/en\/product\/4-5-6-demlikli-antik-bakir-analog-full-otomatik-cay-kazani-kutusu\/","og_locale":"en_US","og_type":"article","og_title":"4-5-6 Demlikli Antik Bak\u0131r Analog Full Otomatik \u00c7ay Kazan\u0131 Kutusu | Me\u015fale Store","og_description":"Me\u015fale 4-5-6 Demlikli Antik Bak\u0131r Analog Full Otomatik \u00c7ay Kazan\u0131 Kutusu, Me\u015fale 4-5-6 Demlikli antik bak\u0131r modelleri i\u00e7in \u00f6zel olarak tasarlanm\u0131\u015f, y\u00fcksek","og_url":"https:\/\/mesalestore.com\/en\/product\/4-5-6-demlikli-antik-bakir-analog-full-otomatik-cay-kazani-kutusu\/","og_site_name":"Me\u015fale Store","article_publisher":"https:\/\/www.facebook.com\/mesalecay","article_modified_time":"2026-04-10T14:29:18+00:00","og_image":[{"width":1200,"height":1800,"url":"https:\/\/mesalestore.com\/wp-content\/uploads\/2026\/01\/1_org_zoom-59.jpg","type":"image\/jpeg"}],"twitter_card":"summary_large_image","twitter_site":"@mesalecaykazan","twitter_misc":{"Est. reading time":"1 minute"},"schema":{"@context":"https:\/\/schema.org","@graph":[{"@type":"WebPage","@id":"https:\/\/mesalestore.com\/en\/product\/4-5-6-demlikli-antik-bakir-analog-full-otomatik-cay-kazani-kutusu\/","url":"https:\/\/mesalestore.com\/en\/product\/4-5-6-demlikli-antik-bakir-analog-full-otomatik-cay-kazani-kutusu\/","name":"4-5-6 Demlikli Antik Bak\u0131r Analog Full Otomatik \u00c7ay Kazan\u0131 Kutusu | Me\u015fale Store","isPartOf":{"@id":"https:\/\/mesalestore.com\/en\/#website"},"primaryImageOfPage":{"@id":"https:\/\/mesalestore.com\/en\/product\/4-5-6-demlikli-antik-bakir-analog-full-otomatik-cay-kazani-kutusu\/#primaryimage"},"image":{"@id":"https:\/\/mesalestore.com\/en\/product\/4-5-6-demlikli-antik-bakir-analog-full-otomatik-cay-kazani-kutusu\/#primaryimage"},"thumbnailUrl":"https:\/\/mesalestore.com\/wp-content\/uploads\/2026\/01\/1_org_zoom-59.jpg","datePublished":"2026-02-09T09:18:56+00:00","dateModified":"2026-04-10T14:29:18+00:00","description":"Me\u015fale 4-5-6 Demlikli Antik Bak\u0131r Analog Full Otomatik \u00c7ay Kazan\u0131 Kutusu, Me\u015fale 4-5-6 Demlikli antik bak\u0131r modelleri i\u00e7in \u00f6zel olarak tasarlanm\u0131\u015f, y\u00fcksek","breadcrumb":{"@id":"https:\/\/mesalestore.com\/en\/product\/4-5-6-demlikli-antik-bakir-analog-full-otomatik-cay-kazani-kutusu\/#breadcrumb"},"inLanguage":"en-US","potentialAction":[{"@type":"ReadAction","target":["https:\/\/mesalestore.com\/en\/product\/4-5-6-demlikli-antik-bakir-analog-full-otomatik-cay-kazani-kutusu\/"]}]},{"@type":"ImageObject","inLanguage":"en-US","@id":"https:\/\/mesalestore.com\/en\/product\/4-5-6-demlikli-antik-bakir-analog-full-otomatik-cay-kazani-kutusu\/#primaryimage","url":"https:\/\/mesalestore.com\/wp-content\/uploads\/2026\/01\/1_org_zoom-59.jpg","contentUrl":"https:\/\/mesalestore.com\/wp-content\/uploads\/2026\/01\/1_org_zoom-59.jpg","width":1200,"height":1800},{"@type":"BreadcrumbList","@id":"https:\/\/mesalestore.com\/en\/product\/4-5-6-demlikli-antik-bakir-analog-full-otomatik-cay-kazani-kutusu\/#breadcrumb","itemListElement":[{"@type":"ListItem","position":1,"name":"Anasayfa","item":"https:\/\/mesalestore.com\/en\/"},{"@type":"ListItem","position":2,"name":"Products","item":"https:\/\/mesalestore.com\/en\/shop\/"},{"@type":"ListItem","position":3,"name":"4-5-6 Demlikli Antik Bak\u0131r Analog Full Otomatik \u00c7ay Kazan\u0131 Kutusu"}]},{"@type":"WebSite","@id":"https:\/\/mesalestore.com\/en\/#website","url":"https:\/\/mesalestore.com\/en\/","name":"Me\u015fale Store","description":"","publisher":{"@id":"https:\/\/mesalestore.com\/en\/#organization"},"potentialAction":[{"@type":"SearchAction","target":{"@type":"EntryPoint","urlTemplate":"https:\/\/mesalestore.com\/en\/?s={search_term_string}"},"query-input":{"@type":"PropertyValueSpecification","valueRequired":true,"valueName":"search_term_string"}}],"inLanguage":"en-US"},{"@type":"Organization","@id":"https:\/\/mesalestore.com\/en\/#organization","name":"Me\u015fale Store","url":"https:\/\/mesalestore.com\/en\/","logo":{"@type":"ImageObject","inLanguage":"en-US","@id":"https:\/\/mesalestore.com\/en\/#\/schema\/logo\/image\/","url":"https:\/\/mesalestore.com\/wp-content\/uploads\/2026\/03\/logo-header-yeni-1.webp","contentUrl":"https:\/\/mesalestore.com\/wp-content\/uploads\/2026\/03\/logo-header-yeni-1.webp","width":419,"height":147,"caption":"Me\u015fale Store"},"image":{"@id":"https:\/\/mesalestore.com\/en\/#\/schema\/logo\/image\/"},"sameAs":["https:\/\/www.facebook.com\/mesalecay","https:\/\/x.com\/mesalecaykazan","https:\/\/www.instagram.com\/mesalecaykazan\/"]}]}},"_links":{"self":[{"href":"https:\/\/mesalestore.com\/en\/wp-json\/wp\/v2\/product\/2423","targetHints":{"allow":["GET"]}}],"collection":[{"href":"https:\/\/mesalestore.com\/en\/wp-json\/wp\/v2\/product"}],"about":[{"href":"https:\/\/mesalestore.com\/en\/wp-json\/wp\/v2\/types\/product"}],"replies":[{"embeddable":true,"href":"https:\/\/mesalestore.com\/en\/wp-json\/wp\/v2\/comments?post=2423"}],"wp:featuredmedia":[{"embeddable":true,"href":"https:\/\/mesalestore.com\/en\/wp-json\/wp\/v2\/media\/457"}],"wp:attachment":[{"href":"https:\/\/mesalestore.com\/en\/wp-json\/wp\/v2\/media?parent=2423"}],"wp:term":[{"taxonomy":"product_brand","embeddable":true,"href":"https:\/\/mesalestore.com\/en\/wp-json\/wp\/v2\/product_brand?post=2423"},{"taxonomy":"product_cat","embeddable":true,"href":"https:\/\/mesalestore.com\/en\/wp-json\/wp\/v2\/product_cat?post=2423"},{"taxonomy":"product_tag","embeddable":true,"href":"https:\/\/mesalestore.com\/en\/wp-json\/wp\/v2\/product_tag?post=2423"}],"curies":[{"name":"wp","href":"https:\/\/api.w.org\/{rel}","templated":true}]}}