{"id":2417,"date":"2026-02-09T12:18:55","date_gmt":"2026-02-09T09:18:55","guid":{"rendered":"http:\/\/mesalestore.com\/product\/cay-kazani-rezistansi-italy-uretimi\/"},"modified":"2026-04-14T15:10:04","modified_gmt":"2026-04-14T12:10:04","slug":"cay-kazani-rezistansi-italy-uretimi","status":"publish","type":"product","link":"https:\/\/mesalestore.com\/en\/product\/cay-kazani-rezistansi-italy-uretimi\/","title":{"rendered":"\u00c7ay Kazan\u0131 Rezistans\u0131 Italy \u00dcretimi"},"content":{"rendered":"<p><strong>Made in Italy Rezistans \u2013 \u00c7ay Kazanlar\u0131 \u0130\u00e7in \u00dcst\u00fcn Kalite ve Performans<\/strong><\/p>\n<p>\u00c7ay kazanlar\u0131nda kullan\u0131lan rezistanslar\u0131n kalitesi, cihaz\u0131n performans\u0131n\u0131 ve uzun \u00f6m\u00fcrl\u00fcl\u00fc\u011f\u00fcn\u00fc do\u011frudan etkiler. <strong>Made in Italy rezistans<\/strong>, Avrupa standartlar\u0131nda \u00fcretilmi\u015f, y\u00fcksek dayan\u0131kl\u0131l\u0131k ve verimlilik sunan bir yedek par\u00e7ad\u0131r. Paslanmaz \u00e7elik yap\u0131s\u0131yla uzun s\u00fcreli kullan\u0131m sa\u011flar ve y\u00fcksek \u0131s\u0131 iletim performans\u0131yla dikkat \u00e7eker.<\/p>\n<p><strong>Made in Italy rezistans<\/strong>, \u00e7ay kazanlar\u0131nda enerji tasarrufu sa\u011flayarak i\u015fletme maliyetlerini d\u00fc\u015f\u00fcr\u00fcr. Elektrik enerjisini h\u0131zl\u0131 ve etkili bir \u015fekilde \u0131s\u0131ya d\u00f6n\u00fc\u015ft\u00fcrme \u00f6zelli\u011fi sayesinde, \u00e7ay kazanlar\u0131n\u0131z\u0131n en y\u00fcksek verimlilikte \u00e7al\u0131\u015fmas\u0131na katk\u0131 sa\u011flar. Bu \u00fcr\u00fcn, kaliteli i\u015f\u00e7ili\u011fi ve modern tasar\u0131m\u0131yla hem bireysel hem de end\u00fcstriyel kullan\u0131m i\u00e7in uygundur.<\/p>\n<p>\u00c7ay kazanlar\u0131nda s\u0131k\u00e7a kar\u015f\u0131la\u015f\u0131lan rezistans ar\u0131zalar\u0131nda, orijinal bir yedek par\u00e7a olan <strong>Made in Italy rezistans<\/strong>, cihaz\u0131n\u0131z\u0131n performans\u0131n\u0131 yeniden kazanmas\u0131n\u0131 sa\u011flar. \u00c7ay kazan\u0131n\u0131za tam uyum sa\u011flayan bu yedek par\u00e7a, montaj kolayl\u0131\u011f\u0131yla kullan\u0131c\u0131 dostu bir \u00e7\u00f6z\u00fcm sunar.<\/p>","protected":false},"excerpt":{"rendered":"<p>Made in Italy Rezistans \u2013 \u00c7ay Kazanlar\u0131 \u0130\u00e7in \u00dcst\u00fcn Kalite ve Performans \u00c7ay kazanlar\u0131nda kullan\u0131lan rezistanslar\u0131n kalitesi, cihaz\u0131n performans\u0131n\u0131 ve uzun \u00f6m\u00fcrl\u00fcl\u00fc\u011f\u00fcn\u00fc do\u011frudan etkiler. Made in Italy rezistans, Avrupa standartlar\u0131nda \u00fcretilmi\u015f, y\u00fcksek dayan\u0131kl\u0131l\u0131k ve verimlilik sunan bir yedek par\u00e7ad\u0131r. Paslanmaz \u00e7elik yap\u0131s\u0131yla uzun s\u00fcreli kullan\u0131m sa\u011flar ve y\u00fcksek \u0131s\u0131 iletim performans\u0131yla dikkat \u00e7eker. Made in [&hellip;]<\/p>\n","protected":false},"featured_media":441,"comment_status":"closed","ping_status":"closed","template":"","meta":[],"product_brand":[7749],"product_cat":[7985],"product_tag":[513,514,515,516,517,505,506,507,508,509,510,511,512,500],"class_list":{"0":"post-2417","1":"product","2":"type-product","3":"status-publish","4":"has-post-thumbnail","6":"product_brand-mesale","7":"product_cat-rezistanslar","8":"product_tag-in-italy","9":"product_tag-in-italy-rezistans","10":"product_tag-in-rezistans","11":"product_tag-italy","12":"product_tag-italy-rezistans","13":"product_tag-made","14":"product_tag-made-in","15":"product_tag-made-in-italy","16":"product_tag-made-in-italy-rezistans","17":"product_tag-made-in-rezistans","18":"product_tag-made-italy","19":"product_tag-made-italy-rezistans","20":"product_tag-made-rezistans","21":"product_tag-rezistans","23":"first","24":"instock","25":"taxable","26":"shipping-taxable","27":"purchasable","28":"product-type-simple"},"yoast_head":"<!-- This site is optimized with the Yoast SEO plugin v27.1.1 - https:\/\/yoast.com\/product\/yoast-seo-wordpress\/ -->\n<title>\u00c7ay Kazan\u0131 Rezistans\u0131 Italy \u00dcretimi | Me\u015fale Store<\/title>\n<meta name=\"description\" content=\"Made in Italy Rezistans \u2013 \u00c7ay Kazanlar\u0131 \u0130\u00e7in \u00dcst\u00fcn Kalite ve Performans \u00c7ay kazanlar\u0131nda kullan\u0131lan rezistanslar\u0131n kalitesi, cihaz\u0131n performans\u0131n\u0131 ve uzun\" \/>\n<meta name=\"robots\" content=\"index, follow, max-snippet:-1, max-image-preview:large, max-video-preview:-1\" \/>\n<link rel=\"canonical\" href=\"https:\/\/mesalestore.com\/en\/product\/cay-kazani-rezistansi-italy-uretimi\/\" \/>\n<meta property=\"og:locale\" content=\"en_US\" \/>\n<meta property=\"og:type\" content=\"article\" \/>\n<meta property=\"og:title\" content=\"\u00c7ay Kazan\u0131 Rezistans\u0131 Italy \u00dcretimi | Me\u015fale Store\" \/>\n<meta property=\"og:description\" content=\"Made in Italy Rezistans \u2013 \u00c7ay Kazanlar\u0131 \u0130\u00e7in \u00dcst\u00fcn Kalite ve Performans \u00c7ay kazanlar\u0131nda kullan\u0131lan rezistanslar\u0131n kalitesi, cihaz\u0131n performans\u0131n\u0131 ve uzun\" \/>\n<meta property=\"og:url\" content=\"https:\/\/mesalestore.com\/en\/product\/cay-kazani-rezistansi-italy-uretimi\/\" \/>\n<meta property=\"og:site_name\" content=\"Me\u015fale Store\" \/>\n<meta property=\"article:publisher\" content=\"https:\/\/www.facebook.com\/mesalecay\" \/>\n<meta property=\"article:modified_time\" content=\"2026-04-14T12:10:04+00:00\" \/>\n<meta property=\"og:image\" content=\"https:\/\/mesalestore.com\/wp-content\/uploads\/2026\/01\/1_org_zoom-49.jpg\" \/>\n\t<meta property=\"og:image:width\" content=\"1200\" \/>\n\t<meta property=\"og:image:height\" content=\"1800\" \/>\n\t<meta property=\"og:image:type\" content=\"image\/jpeg\" \/>\n<meta name=\"twitter:card\" content=\"summary_large_image\" \/>\n<meta name=\"twitter:site\" content=\"@mesalecaykazan\" \/>\n<meta name=\"twitter:label1\" content=\"Est. reading time\" \/>\n\t<meta name=\"twitter:data1\" content=\"2 minutes\" \/>\n<script type=\"application\/ld+json\" class=\"yoast-schema-graph\">{\"@context\":\"https:\/\/schema.org\",\"@graph\":[{\"@type\":\"WebPage\",\"@id\":\"https:\/\/mesalestore.com\/en\/product\/cay-kazani-rezistansi-italy-uretimi\/\",\"url\":\"https:\/\/mesalestore.com\/en\/product\/cay-kazani-rezistansi-italy-uretimi\/\",\"name\":\"\u00c7ay Kazan\u0131 Rezistans\u0131 Italy \u00dcretimi | Me\u015fale Store\",\"isPartOf\":{\"@id\":\"https:\/\/mesalestore.com\/en\/#website\"},\"primaryImageOfPage\":{\"@id\":\"https:\/\/mesalestore.com\/en\/product\/cay-kazani-rezistansi-italy-uretimi\/#primaryimage\"},\"image\":{\"@id\":\"https:\/\/mesalestore.com\/en\/product\/cay-kazani-rezistansi-italy-uretimi\/#primaryimage\"},\"thumbnailUrl\":\"https:\/\/mesalestore.com\/wp-content\/uploads\/2026\/01\/1_org_zoom-49.jpg\",\"datePublished\":\"2026-02-09T09:18:55+00:00\",\"dateModified\":\"2026-04-14T12:10:04+00:00\",\"description\":\"Made in Italy Rezistans \u2013 \u00c7ay Kazanlar\u0131 \u0130\u00e7in \u00dcst\u00fcn Kalite ve Performans \u00c7ay kazanlar\u0131nda kullan\u0131lan rezistanslar\u0131n kalitesi, cihaz\u0131n performans\u0131n\u0131 ve uzun\",\"breadcrumb\":{\"@id\":\"https:\/\/mesalestore.com\/en\/product\/cay-kazani-rezistansi-italy-uretimi\/#breadcrumb\"},\"inLanguage\":\"en-US\",\"potentialAction\":[{\"@type\":\"ReadAction\",\"target\":[\"https:\/\/mesalestore.com\/en\/product\/cay-kazani-rezistansi-italy-uretimi\/\"]}]},{\"@type\":\"ImageObject\",\"inLanguage\":\"en-US\",\"@id\":\"https:\/\/mesalestore.com\/en\/product\/cay-kazani-rezistansi-italy-uretimi\/#primaryimage\",\"url\":\"https:\/\/mesalestore.com\/wp-content\/uploads\/2026\/01\/1_org_zoom-49.jpg\",\"contentUrl\":\"https:\/\/mesalestore.com\/wp-content\/uploads\/2026\/01\/1_org_zoom-49.jpg\",\"width\":1200,\"height\":1800},{\"@type\":\"BreadcrumbList\",\"@id\":\"https:\/\/mesalestore.com\/en\/product\/cay-kazani-rezistansi-italy-uretimi\/#breadcrumb\",\"itemListElement\":[{\"@type\":\"ListItem\",\"position\":1,\"name\":\"Anasayfa\",\"item\":\"https:\/\/mesalestore.com\/en\/\"},{\"@type\":\"ListItem\",\"position\":2,\"name\":\"Products\",\"item\":\"https:\/\/mesalestore.com\/en\/shop\/\"},{\"@type\":\"ListItem\",\"position\":3,\"name\":\"\u00c7ay Kazan\u0131 Rezistans\u0131 Italy \u00dcretimi\"}]},{\"@type\":\"WebSite\",\"@id\":\"https:\/\/mesalestore.com\/en\/#website\",\"url\":\"https:\/\/mesalestore.com\/en\/\",\"name\":\"Me\u015fale Store\",\"description\":\"\",\"publisher\":{\"@id\":\"https:\/\/mesalestore.com\/en\/#organization\"},\"potentialAction\":[{\"@type\":\"SearchAction\",\"target\":{\"@type\":\"EntryPoint\",\"urlTemplate\":\"https:\/\/mesalestore.com\/en\/?s={search_term_string}\"},\"query-input\":{\"@type\":\"PropertyValueSpecification\",\"valueRequired\":true,\"valueName\":\"search_term_string\"}}],\"inLanguage\":\"en-US\"},{\"@type\":\"Organization\",\"@id\":\"https:\/\/mesalestore.com\/en\/#organization\",\"name\":\"Me\u015fale Store\",\"url\":\"https:\/\/mesalestore.com\/en\/\",\"logo\":{\"@type\":\"ImageObject\",\"inLanguage\":\"en-US\",\"@id\":\"https:\/\/mesalestore.com\/en\/#\/schema\/logo\/image\/\",\"url\":\"https:\/\/mesalestore.com\/wp-content\/uploads\/2026\/03\/logo-header-yeni-1.webp\",\"contentUrl\":\"https:\/\/mesalestore.com\/wp-content\/uploads\/2026\/03\/logo-header-yeni-1.webp\",\"width\":419,\"height\":147,\"caption\":\"Me\u015fale Store\"},\"image\":{\"@id\":\"https:\/\/mesalestore.com\/en\/#\/schema\/logo\/image\/\"},\"sameAs\":[\"https:\/\/www.facebook.com\/mesalecay\",\"https:\/\/x.com\/mesalecaykazan\",\"https:\/\/www.instagram.com\/mesalecaykazan\/\"]}]}<\/script>\n<!-- \/ Yoast SEO plugin. -->","yoast_head_json":{"title":"\u00c7ay Kazan\u0131 Rezistans\u0131 Italy \u00dcretimi | Me\u015fale Store","description":"Made in Italy Rezistans \u2013 \u00c7ay Kazanlar\u0131 \u0130\u00e7in \u00dcst\u00fcn Kalite ve Performans \u00c7ay kazanlar\u0131nda kullan\u0131lan rezistanslar\u0131n kalitesi, cihaz\u0131n performans\u0131n\u0131 ve uzun","robots":{"index":"index","follow":"follow","max-snippet":"max-snippet:-1","max-image-preview":"max-image-preview:large","max-video-preview":"max-video-preview:-1"},"canonical":"https:\/\/mesalestore.com\/en\/product\/cay-kazani-rezistansi-italy-uretimi\/","og_locale":"en_US","og_type":"article","og_title":"\u00c7ay Kazan\u0131 Rezistans\u0131 Italy \u00dcretimi | Me\u015fale Store","og_description":"Made in Italy Rezistans \u2013 \u00c7ay Kazanlar\u0131 \u0130\u00e7in \u00dcst\u00fcn Kalite ve Performans \u00c7ay kazanlar\u0131nda kullan\u0131lan rezistanslar\u0131n kalitesi, cihaz\u0131n performans\u0131n\u0131 ve uzun","og_url":"https:\/\/mesalestore.com\/en\/product\/cay-kazani-rezistansi-italy-uretimi\/","og_site_name":"Me\u015fale Store","article_publisher":"https:\/\/www.facebook.com\/mesalecay","article_modified_time":"2026-04-14T12:10:04+00:00","og_image":[{"width":1200,"height":1800,"url":"https:\/\/mesalestore.com\/wp-content\/uploads\/2026\/01\/1_org_zoom-49.jpg","type":"image\/jpeg"}],"twitter_card":"summary_large_image","twitter_site":"@mesalecaykazan","twitter_misc":{"Est. reading time":"2 minutes"},"schema":{"@context":"https:\/\/schema.org","@graph":[{"@type":"WebPage","@id":"https:\/\/mesalestore.com\/en\/product\/cay-kazani-rezistansi-italy-uretimi\/","url":"https:\/\/mesalestore.com\/en\/product\/cay-kazani-rezistansi-italy-uretimi\/","name":"\u00c7ay Kazan\u0131 Rezistans\u0131 Italy \u00dcretimi | Me\u015fale Store","isPartOf":{"@id":"https:\/\/mesalestore.com\/en\/#website"},"primaryImageOfPage":{"@id":"https:\/\/mesalestore.com\/en\/product\/cay-kazani-rezistansi-italy-uretimi\/#primaryimage"},"image":{"@id":"https:\/\/mesalestore.com\/en\/product\/cay-kazani-rezistansi-italy-uretimi\/#primaryimage"},"thumbnailUrl":"https:\/\/mesalestore.com\/wp-content\/uploads\/2026\/01\/1_org_zoom-49.jpg","datePublished":"2026-02-09T09:18:55+00:00","dateModified":"2026-04-14T12:10:04+00:00","description":"Made in Italy Rezistans \u2013 \u00c7ay Kazanlar\u0131 \u0130\u00e7in \u00dcst\u00fcn Kalite ve Performans \u00c7ay kazanlar\u0131nda kullan\u0131lan rezistanslar\u0131n kalitesi, cihaz\u0131n performans\u0131n\u0131 ve uzun","breadcrumb":{"@id":"https:\/\/mesalestore.com\/en\/product\/cay-kazani-rezistansi-italy-uretimi\/#breadcrumb"},"inLanguage":"en-US","potentialAction":[{"@type":"ReadAction","target":["https:\/\/mesalestore.com\/en\/product\/cay-kazani-rezistansi-italy-uretimi\/"]}]},{"@type":"ImageObject","inLanguage":"en-US","@id":"https:\/\/mesalestore.com\/en\/product\/cay-kazani-rezistansi-italy-uretimi\/#primaryimage","url":"https:\/\/mesalestore.com\/wp-content\/uploads\/2026\/01\/1_org_zoom-49.jpg","contentUrl":"https:\/\/mesalestore.com\/wp-content\/uploads\/2026\/01\/1_org_zoom-49.jpg","width":1200,"height":1800},{"@type":"BreadcrumbList","@id":"https:\/\/mesalestore.com\/en\/product\/cay-kazani-rezistansi-italy-uretimi\/#breadcrumb","itemListElement":[{"@type":"ListItem","position":1,"name":"Anasayfa","item":"https:\/\/mesalestore.com\/en\/"},{"@type":"ListItem","position":2,"name":"Products","item":"https:\/\/mesalestore.com\/en\/shop\/"},{"@type":"ListItem","position":3,"name":"\u00c7ay Kazan\u0131 Rezistans\u0131 Italy \u00dcretimi"}]},{"@type":"WebSite","@id":"https:\/\/mesalestore.com\/en\/#website","url":"https:\/\/mesalestore.com\/en\/","name":"Me\u015fale Store","description":"","publisher":{"@id":"https:\/\/mesalestore.com\/en\/#organization"},"potentialAction":[{"@type":"SearchAction","target":{"@type":"EntryPoint","urlTemplate":"https:\/\/mesalestore.com\/en\/?s={search_term_string}"},"query-input":{"@type":"PropertyValueSpecification","valueRequired":true,"valueName":"search_term_string"}}],"inLanguage":"en-US"},{"@type":"Organization","@id":"https:\/\/mesalestore.com\/en\/#organization","name":"Me\u015fale Store","url":"https:\/\/mesalestore.com\/en\/","logo":{"@type":"ImageObject","inLanguage":"en-US","@id":"https:\/\/mesalestore.com\/en\/#\/schema\/logo\/image\/","url":"https:\/\/mesalestore.com\/wp-content\/uploads\/2026\/03\/logo-header-yeni-1.webp","contentUrl":"https:\/\/mesalestore.com\/wp-content\/uploads\/2026\/03\/logo-header-yeni-1.webp","width":419,"height":147,"caption":"Me\u015fale Store"},"image":{"@id":"https:\/\/mesalestore.com\/en\/#\/schema\/logo\/image\/"},"sameAs":["https:\/\/www.facebook.com\/mesalecay","https:\/\/x.com\/mesalecaykazan","https:\/\/www.instagram.com\/mesalecaykazan\/"]}]}},"_links":{"self":[{"href":"https:\/\/mesalestore.com\/en\/wp-json\/wp\/v2\/product\/2417","targetHints":{"allow":["GET"]}}],"collection":[{"href":"https:\/\/mesalestore.com\/en\/wp-json\/wp\/v2\/product"}],"about":[{"href":"https:\/\/mesalestore.com\/en\/wp-json\/wp\/v2\/types\/product"}],"replies":[{"embeddable":true,"href":"https:\/\/mesalestore.com\/en\/wp-json\/wp\/v2\/comments?post=2417"}],"wp:featuredmedia":[{"embeddable":true,"href":"https:\/\/mesalestore.com\/en\/wp-json\/wp\/v2\/media\/441"}],"wp:attachment":[{"href":"https:\/\/mesalestore.com\/en\/wp-json\/wp\/v2\/media?parent=2417"}],"wp:term":[{"taxonomy":"product_brand","embeddable":true,"href":"https:\/\/mesalestore.com\/en\/wp-json\/wp\/v2\/product_brand?post=2417"},{"taxonomy":"product_cat","embeddable":true,"href":"https:\/\/mesalestore.com\/en\/wp-json\/wp\/v2\/product_cat?post=2417"},{"taxonomy":"product_tag","embeddable":true,"href":"https:\/\/mesalestore.com\/en\/wp-json\/wp\/v2\/product_tag?post=2417"}],"curies":[{"name":"wp","href":"https:\/\/api.w.org\/{rel}","templated":true}]}}