{"id":2416,"date":"2026-02-09T12:18:55","date_gmt":"2026-02-09T09:18:55","guid":{"rendered":"http:\/\/mesalestore.com\/product\/cay-kazani-ocagi-dijital-cakmak-bujisi\/"},"modified":"2026-04-10T10:50:53","modified_gmt":"2026-04-10T07:50:53","slug":"cay-kazani-ocagi-dijital-cakmak-bujisi","status":"publish","type":"product","link":"https:\/\/mesalestore.com\/en\/product\/cay-kazani-ocagi-dijital-cakmak-bujisi\/","title":{"rendered":"\u00c7ay Kazan\u0131 Oca\u011f\u0131 Dijital \u00c7akmak Bujisi"},"content":{"rendered":"<p><strong>\u00c7ay Kazan\u0131 Oca\u011f\u0131 Dijital \u00c7akmak Bujisi<\/strong>, \u00e7ay kazan\u0131n\u0131z\u0131n verimli ve g\u00fcvenli bir \u015fekilde \u00e7al\u0131\u015fabilmesi i\u00e7in hayati bir bile\u015fendir. Bu <strong>dijital \u00e7akmak bujisi<\/strong>, ate\u015fleme s\u00fcrecini h\u0131zl\u0131 ve etkili hale getirir, gazl\u0131 \u00e7ay kazanlar\u0131n\u0131n do\u011fru ve d\u00fczg\u00fcn bir \u015fekilde ate\u015f almas\u0131n\u0131 sa\u011flar. Y\u00fcksek kalite ve dayan\u0131kl\u0131l\u0131kla \u00fcretilen buji, \u00e7ay kazan\u0131n\u0131z\u0131n <strong>ate\u015fleme sisteminin<\/strong> d\u00fczg\u00fcn \u00e7al\u0131\u015fmas\u0131n\u0131 garanti eder ve yak\u0131t\u0131n verimli bir \u015fekilde kullan\u0131lmas\u0131n\u0131 sa\u011flar. <strong>Dijital \u00e7akmak bujisi<\/strong>, \u00e7ay oca\u011f\u0131n\u0131z\u0131n uzun s\u00fcre dayanmas\u0131n\u0131 ve sorunsuz \u00e7al\u0131\u015fmas\u0131n\u0131 sa\u011flayarak zaman ve enerji tasarrufu sunar.<\/p>","protected":false},"excerpt":{"rendered":"<p>\u00c7ay Kazan\u0131 Oca\u011f\u0131 Dijital \u00c7akmak Bujisi, \u00e7ay kazan\u0131n\u0131z\u0131n verimli ve g\u00fcvenli bir \u015fekilde \u00e7al\u0131\u015fabilmesi i\u00e7in hayati bir bile\u015fendir. Bu dijital \u00e7akmak bujisi, ate\u015fleme s\u00fcrecini h\u0131zl\u0131 ve etkili hale getirir, gazl\u0131 \u00e7ay kazanlar\u0131n\u0131n do\u011fru ve d\u00fczg\u00fcn bir \u015fekilde ate\u015f almas\u0131n\u0131 sa\u011flar. Y\u00fcksek kalite ve dayan\u0131kl\u0131l\u0131kla \u00fcretilen buji, \u00e7ay kazan\u0131n\u0131z\u0131n ate\u015fleme sisteminin d\u00fczg\u00fcn \u00e7al\u0131\u015fmas\u0131n\u0131 garanti eder ve [&hellip;]<\/p>\n","protected":false},"featured_media":439,"comment_status":"closed","ping_status":"closed","template":"","meta":[],"product_brand":[7750],"product_cat":[15],"product_tag":[6238,6160,6237,4896,6236,6157,6235,478,6230,6147,6229,4889,6228,6144,6227,5698,6226,6141,6225,6137,6224,6138,6223,5713,6234,6154,6233,6150,6232,6151,6231,485,6246,6173,6245,4903,6244,6170,6243,5728,6242,6167,6241,6163,6240,6164,6239,5743,6176,6177],"class_list":{"0":"post-2416","1":"product","2":"type-product","3":"status-publish","4":"has-post-thumbnail","6":"product_brand-demsu","7":"product_cat-kategorize_edilmemis","8":"product_tag-cay-bujisi","9":"product_tag-cay-cakmak","10":"product_tag-cay-cakmak-bujisi","11":"product_tag-cay-dijital","12":"product_tag-cay-dijital-bujisi","13":"product_tag-cay-dijital-cakmak","14":"product_tag-cay-dijital-cakmak-bujisi","15":"product_tag-cay-kazani","16":"product_tag-cay-kazani-bujisi","17":"product_tag-cay-kazani-cakmak","18":"product_tag-cay-kazani-cakmak-bujisi","19":"product_tag-cay-kazani-dijital","20":"product_tag-cay-kazani-dijital-bujisi","21":"product_tag-cay-kazani-dijital-cakmak","22":"product_tag-cay-kazani-dijital-cakmak-bujisi","23":"product_tag-cay-kazani-ocagi","24":"product_tag-cay-kazani-ocagi-bujisi","25":"product_tag-cay-kazani-ocagi-cakmak","26":"product_tag-cay-kazani-ocagi-cakmak-bujisi","27":"product_tag-cay-kazani-ocagi-dijital","28":"product_tag-cay-kazani-ocagi-dijital-bujisi","29":"product_tag-cay-kazani-ocagi-dijital-cakmak","30":"product_tag-cay-kazani-ocagi-dijital-cakmak-bujisi","31":"product_tag-cay-ocagi","32":"product_tag-cay-ocagi-bujisi","33":"product_tag-cay-ocagi-cakmak","34":"product_tag-cay-ocagi-cakmak-bujisi","35":"product_tag-cay-ocagi-dijital","36":"product_tag-cay-ocagi-dijital-bujisi","37":"product_tag-cay-ocagi-dijital-cakmak","38":"product_tag-cay-ocagi-dijital-cakmak-bujisi","39":"product_tag-kazani","40":"product_tag-kazani-bujisi","41":"product_tag-kazani-cakmak","42":"product_tag-kazani-cakmak-bujisi","43":"product_tag-kazani-dijital","44":"product_tag-kazani-dijital-bujisi","45":"product_tag-kazani-dijital-cakmak","46":"product_tag-kazani-dijital-cakmak-bujisi","47":"product_tag-kazani-ocagi","48":"product_tag-kazani-ocagi-bujisi","49":"product_tag-kazani-ocagi-cakmak","50":"product_tag-kazani-ocagi-cakmak-bujisi","51":"product_tag-kazani-ocagi-dijital","52":"product_tag-kazani-ocagi-dijital-bujisi","53":"product_tag-kazani-ocagi-dijital-cakmak","54":"product_tag-kazani-ocagi-dijital-cakmak-bujisi","55":"product_tag-ocagi","56":"product_tag-ocagi-dijital","57":"product_tag-ocagi-dijital-cakmak","59":"first","60":"instock","61":"taxable","62":"shipping-taxable","63":"purchasable","64":"product-type-simple"},"yoast_head":"<!-- This site is optimized with the Yoast SEO plugin v27.1.1 - https:\/\/yoast.com\/product\/yoast-seo-wordpress\/ -->\n<title>\u00c7ay Kazan\u0131 Oca\u011f\u0131 Dijital \u00c7akmak Bujisi | Me\u015fale Store<\/title>\n<meta name=\"description\" content=\"\u00c7ay Kazan\u0131 Oca\u011f\u0131 Dijital \u00c7akmak Bujisi, \u00e7ay kazan\u0131n\u0131z\u0131n verimli ve g\u00fcvenli bir \u015fekilde \u00e7al\u0131\u015fabilmesi i\u00e7in hayati bir bile\u015fendir. Bu dijital \u00e7akmak bujisi,\" \/>\n<meta name=\"robots\" content=\"index, follow, max-snippet:-1, max-image-preview:large, max-video-preview:-1\" \/>\n<link rel=\"canonical\" href=\"https:\/\/mesalestore.com\/en\/product\/cay-kazani-ocagi-dijital-cakmak-bujisi\/\" \/>\n<meta property=\"og:locale\" content=\"en_US\" \/>\n<meta property=\"og:type\" content=\"article\" \/>\n<meta property=\"og:title\" content=\"\u00c7ay Kazan\u0131 Oca\u011f\u0131 Dijital \u00c7akmak Bujisi | Me\u015fale Store\" \/>\n<meta property=\"og:description\" content=\"\u00c7ay Kazan\u0131 Oca\u011f\u0131 Dijital \u00c7akmak Bujisi, \u00e7ay kazan\u0131n\u0131z\u0131n verimli ve g\u00fcvenli bir \u015fekilde \u00e7al\u0131\u015fabilmesi i\u00e7in hayati bir bile\u015fendir. Bu dijital \u00e7akmak bujisi,\" \/>\n<meta property=\"og:url\" content=\"https:\/\/mesalestore.com\/en\/product\/cay-kazani-ocagi-dijital-cakmak-bujisi\/\" \/>\n<meta property=\"og:site_name\" content=\"Me\u015fale Store\" \/>\n<meta property=\"article:publisher\" content=\"https:\/\/www.facebook.com\/mesalecay\" \/>\n<meta property=\"article:modified_time\" content=\"2026-04-10T07:50:53+00:00\" \/>\n<meta property=\"og:image\" content=\"https:\/\/mesalestore.com\/wp-content\/uploads\/2026\/01\/1_org_zoom-48.jpg\" \/>\n\t<meta property=\"og:image:width\" content=\"1200\" \/>\n\t<meta property=\"og:image:height\" content=\"1800\" \/>\n\t<meta property=\"og:image:type\" content=\"image\/jpeg\" \/>\n<meta name=\"twitter:card\" content=\"summary_large_image\" \/>\n<meta name=\"twitter:site\" content=\"@mesalecaykazan\" \/>\n<meta name=\"twitter:label1\" content=\"Est. reading time\" \/>\n\t<meta name=\"twitter:data1\" content=\"1 minute\" \/>\n<script type=\"application\/ld+json\" class=\"yoast-schema-graph\">{\"@context\":\"https:\/\/schema.org\",\"@graph\":[{\"@type\":\"WebPage\",\"@id\":\"https:\/\/mesalestore.com\/en\/product\/cay-kazani-ocagi-dijital-cakmak-bujisi\/\",\"url\":\"https:\/\/mesalestore.com\/en\/product\/cay-kazani-ocagi-dijital-cakmak-bujisi\/\",\"name\":\"\u00c7ay Kazan\u0131 Oca\u011f\u0131 Dijital \u00c7akmak Bujisi | Me\u015fale Store\",\"isPartOf\":{\"@id\":\"https:\/\/mesalestore.com\/en\/#website\"},\"primaryImageOfPage\":{\"@id\":\"https:\/\/mesalestore.com\/en\/product\/cay-kazani-ocagi-dijital-cakmak-bujisi\/#primaryimage\"},\"image\":{\"@id\":\"https:\/\/mesalestore.com\/en\/product\/cay-kazani-ocagi-dijital-cakmak-bujisi\/#primaryimage\"},\"thumbnailUrl\":\"https:\/\/mesalestore.com\/wp-content\/uploads\/2026\/01\/1_org_zoom-48.jpg\",\"datePublished\":\"2026-02-09T09:18:55+00:00\",\"dateModified\":\"2026-04-10T07:50:53+00:00\",\"description\":\"\u00c7ay Kazan\u0131 Oca\u011f\u0131 Dijital \u00c7akmak Bujisi, \u00e7ay kazan\u0131n\u0131z\u0131n verimli ve g\u00fcvenli bir \u015fekilde \u00e7al\u0131\u015fabilmesi i\u00e7in hayati bir bile\u015fendir. Bu dijital \u00e7akmak bujisi,\",\"breadcrumb\":{\"@id\":\"https:\/\/mesalestore.com\/en\/product\/cay-kazani-ocagi-dijital-cakmak-bujisi\/#breadcrumb\"},\"inLanguage\":\"en-US\",\"potentialAction\":[{\"@type\":\"ReadAction\",\"target\":[\"https:\/\/mesalestore.com\/en\/product\/cay-kazani-ocagi-dijital-cakmak-bujisi\/\"]}]},{\"@type\":\"ImageObject\",\"inLanguage\":\"en-US\",\"@id\":\"https:\/\/mesalestore.com\/en\/product\/cay-kazani-ocagi-dijital-cakmak-bujisi\/#primaryimage\",\"url\":\"https:\/\/mesalestore.com\/wp-content\/uploads\/2026\/01\/1_org_zoom-48.jpg\",\"contentUrl\":\"https:\/\/mesalestore.com\/wp-content\/uploads\/2026\/01\/1_org_zoom-48.jpg\",\"width\":1200,\"height\":1800},{\"@type\":\"BreadcrumbList\",\"@id\":\"https:\/\/mesalestore.com\/en\/product\/cay-kazani-ocagi-dijital-cakmak-bujisi\/#breadcrumb\",\"itemListElement\":[{\"@type\":\"ListItem\",\"position\":1,\"name\":\"Anasayfa\",\"item\":\"https:\/\/mesalestore.com\/en\/\"},{\"@type\":\"ListItem\",\"position\":2,\"name\":\"Products\",\"item\":\"https:\/\/mesalestore.com\/en\/shop\/\"},{\"@type\":\"ListItem\",\"position\":3,\"name\":\"\u00c7ay Kazan\u0131 Oca\u011f\u0131 Dijital \u00c7akmak Bujisi\"}]},{\"@type\":\"WebSite\",\"@id\":\"https:\/\/mesalestore.com\/en\/#website\",\"url\":\"https:\/\/mesalestore.com\/en\/\",\"name\":\"Me\u015fale Store\",\"description\":\"\",\"publisher\":{\"@id\":\"https:\/\/mesalestore.com\/en\/#organization\"},\"potentialAction\":[{\"@type\":\"SearchAction\",\"target\":{\"@type\":\"EntryPoint\",\"urlTemplate\":\"https:\/\/mesalestore.com\/en\/?s={search_term_string}\"},\"query-input\":{\"@type\":\"PropertyValueSpecification\",\"valueRequired\":true,\"valueName\":\"search_term_string\"}}],\"inLanguage\":\"en-US\"},{\"@type\":\"Organization\",\"@id\":\"https:\/\/mesalestore.com\/en\/#organization\",\"name\":\"Me\u015fale Store\",\"url\":\"https:\/\/mesalestore.com\/en\/\",\"logo\":{\"@type\":\"ImageObject\",\"inLanguage\":\"en-US\",\"@id\":\"https:\/\/mesalestore.com\/en\/#\/schema\/logo\/image\/\",\"url\":\"https:\/\/mesalestore.com\/wp-content\/uploads\/2026\/03\/logo-header-yeni-1.webp\",\"contentUrl\":\"https:\/\/mesalestore.com\/wp-content\/uploads\/2026\/03\/logo-header-yeni-1.webp\",\"width\":419,\"height\":147,\"caption\":\"Me\u015fale Store\"},\"image\":{\"@id\":\"https:\/\/mesalestore.com\/en\/#\/schema\/logo\/image\/\"},\"sameAs\":[\"https:\/\/www.facebook.com\/mesalecay\",\"https:\/\/x.com\/mesalecaykazan\",\"https:\/\/www.instagram.com\/mesalecaykazan\/\"]}]}<\/script>\n<!-- \/ Yoast SEO plugin. -->","yoast_head_json":{"title":"\u00c7ay Kazan\u0131 Oca\u011f\u0131 Dijital \u00c7akmak Bujisi | Me\u015fale Store","description":"\u00c7ay Kazan\u0131 Oca\u011f\u0131 Dijital \u00c7akmak Bujisi, \u00e7ay kazan\u0131n\u0131z\u0131n verimli ve g\u00fcvenli bir \u015fekilde \u00e7al\u0131\u015fabilmesi i\u00e7in hayati bir bile\u015fendir. Bu dijital \u00e7akmak bujisi,","robots":{"index":"index","follow":"follow","max-snippet":"max-snippet:-1","max-image-preview":"max-image-preview:large","max-video-preview":"max-video-preview:-1"},"canonical":"https:\/\/mesalestore.com\/en\/product\/cay-kazani-ocagi-dijital-cakmak-bujisi\/","og_locale":"en_US","og_type":"article","og_title":"\u00c7ay Kazan\u0131 Oca\u011f\u0131 Dijital \u00c7akmak Bujisi | Me\u015fale Store","og_description":"\u00c7ay Kazan\u0131 Oca\u011f\u0131 Dijital \u00c7akmak Bujisi, \u00e7ay kazan\u0131n\u0131z\u0131n verimli ve g\u00fcvenli bir \u015fekilde \u00e7al\u0131\u015fabilmesi i\u00e7in hayati bir bile\u015fendir. Bu dijital \u00e7akmak bujisi,","og_url":"https:\/\/mesalestore.com\/en\/product\/cay-kazani-ocagi-dijital-cakmak-bujisi\/","og_site_name":"Me\u015fale Store","article_publisher":"https:\/\/www.facebook.com\/mesalecay","article_modified_time":"2026-04-10T07:50:53+00:00","og_image":[{"width":1200,"height":1800,"url":"https:\/\/mesalestore.com\/wp-content\/uploads\/2026\/01\/1_org_zoom-48.jpg","type":"image\/jpeg"}],"twitter_card":"summary_large_image","twitter_site":"@mesalecaykazan","twitter_misc":{"Est. reading time":"1 minute"},"schema":{"@context":"https:\/\/schema.org","@graph":[{"@type":"WebPage","@id":"https:\/\/mesalestore.com\/en\/product\/cay-kazani-ocagi-dijital-cakmak-bujisi\/","url":"https:\/\/mesalestore.com\/en\/product\/cay-kazani-ocagi-dijital-cakmak-bujisi\/","name":"\u00c7ay Kazan\u0131 Oca\u011f\u0131 Dijital \u00c7akmak Bujisi | Me\u015fale Store","isPartOf":{"@id":"https:\/\/mesalestore.com\/en\/#website"},"primaryImageOfPage":{"@id":"https:\/\/mesalestore.com\/en\/product\/cay-kazani-ocagi-dijital-cakmak-bujisi\/#primaryimage"},"image":{"@id":"https:\/\/mesalestore.com\/en\/product\/cay-kazani-ocagi-dijital-cakmak-bujisi\/#primaryimage"},"thumbnailUrl":"https:\/\/mesalestore.com\/wp-content\/uploads\/2026\/01\/1_org_zoom-48.jpg","datePublished":"2026-02-09T09:18:55+00:00","dateModified":"2026-04-10T07:50:53+00:00","description":"\u00c7ay Kazan\u0131 Oca\u011f\u0131 Dijital \u00c7akmak Bujisi, \u00e7ay kazan\u0131n\u0131z\u0131n verimli ve g\u00fcvenli bir \u015fekilde \u00e7al\u0131\u015fabilmesi i\u00e7in hayati bir bile\u015fendir. Bu dijital \u00e7akmak bujisi,","breadcrumb":{"@id":"https:\/\/mesalestore.com\/en\/product\/cay-kazani-ocagi-dijital-cakmak-bujisi\/#breadcrumb"},"inLanguage":"en-US","potentialAction":[{"@type":"ReadAction","target":["https:\/\/mesalestore.com\/en\/product\/cay-kazani-ocagi-dijital-cakmak-bujisi\/"]}]},{"@type":"ImageObject","inLanguage":"en-US","@id":"https:\/\/mesalestore.com\/en\/product\/cay-kazani-ocagi-dijital-cakmak-bujisi\/#primaryimage","url":"https:\/\/mesalestore.com\/wp-content\/uploads\/2026\/01\/1_org_zoom-48.jpg","contentUrl":"https:\/\/mesalestore.com\/wp-content\/uploads\/2026\/01\/1_org_zoom-48.jpg","width":1200,"height":1800},{"@type":"BreadcrumbList","@id":"https:\/\/mesalestore.com\/en\/product\/cay-kazani-ocagi-dijital-cakmak-bujisi\/#breadcrumb","itemListElement":[{"@type":"ListItem","position":1,"name":"Anasayfa","item":"https:\/\/mesalestore.com\/en\/"},{"@type":"ListItem","position":2,"name":"Products","item":"https:\/\/mesalestore.com\/en\/shop\/"},{"@type":"ListItem","position":3,"name":"\u00c7ay Kazan\u0131 Oca\u011f\u0131 Dijital \u00c7akmak Bujisi"}]},{"@type":"WebSite","@id":"https:\/\/mesalestore.com\/en\/#website","url":"https:\/\/mesalestore.com\/en\/","name":"Me\u015fale Store","description":"","publisher":{"@id":"https:\/\/mesalestore.com\/en\/#organization"},"potentialAction":[{"@type":"SearchAction","target":{"@type":"EntryPoint","urlTemplate":"https:\/\/mesalestore.com\/en\/?s={search_term_string}"},"query-input":{"@type":"PropertyValueSpecification","valueRequired":true,"valueName":"search_term_string"}}],"inLanguage":"en-US"},{"@type":"Organization","@id":"https:\/\/mesalestore.com\/en\/#organization","name":"Me\u015fale Store","url":"https:\/\/mesalestore.com\/en\/","logo":{"@type":"ImageObject","inLanguage":"en-US","@id":"https:\/\/mesalestore.com\/en\/#\/schema\/logo\/image\/","url":"https:\/\/mesalestore.com\/wp-content\/uploads\/2026\/03\/logo-header-yeni-1.webp","contentUrl":"https:\/\/mesalestore.com\/wp-content\/uploads\/2026\/03\/logo-header-yeni-1.webp","width":419,"height":147,"caption":"Me\u015fale Store"},"image":{"@id":"https:\/\/mesalestore.com\/en\/#\/schema\/logo\/image\/"},"sameAs":["https:\/\/www.facebook.com\/mesalecay","https:\/\/x.com\/mesalecaykazan","https:\/\/www.instagram.com\/mesalecaykazan\/"]}]}},"_links":{"self":[{"href":"https:\/\/mesalestore.com\/en\/wp-json\/wp\/v2\/product\/2416","targetHints":{"allow":["GET"]}}],"collection":[{"href":"https:\/\/mesalestore.com\/en\/wp-json\/wp\/v2\/product"}],"about":[{"href":"https:\/\/mesalestore.com\/en\/wp-json\/wp\/v2\/types\/product"}],"replies":[{"embeddable":true,"href":"https:\/\/mesalestore.com\/en\/wp-json\/wp\/v2\/comments?post=2416"}],"wp:featuredmedia":[{"embeddable":true,"href":"https:\/\/mesalestore.com\/en\/wp-json\/wp\/v2\/media\/439"}],"wp:attachment":[{"href":"https:\/\/mesalestore.com\/en\/wp-json\/wp\/v2\/media?parent=2416"}],"wp:term":[{"taxonomy":"product_brand","embeddable":true,"href":"https:\/\/mesalestore.com\/en\/wp-json\/wp\/v2\/product_brand?post=2416"},{"taxonomy":"product_cat","embeddable":true,"href":"https:\/\/mesalestore.com\/en\/wp-json\/wp\/v2\/product_cat?post=2416"},{"taxonomy":"product_tag","embeddable":true,"href":"https:\/\/mesalestore.com\/en\/wp-json\/wp\/v2\/product_tag?post=2416"}],"curies":[{"name":"wp","href":"https:\/\/api.w.org\/{rel}","templated":true}]}}