{"id":2415,"date":"2026-02-09T12:18:54","date_gmt":"2026-02-09T09:18:54","guid":{"rendered":"http:\/\/mesalestore.com\/product\/4-demlikli-cay-kazani-ust-kapak-contasi\/"},"modified":"2026-04-10T17:27:19","modified_gmt":"2026-04-10T14:27:19","slug":"4-demlikli-cay-kazani-ust-kapak-contasi","status":"publish","type":"product","link":"https:\/\/mesalestore.com\/en\/product\/4-demlikli-cay-kazani-ust-kapak-contasi\/","title":{"rendered":"4 Demlikli \u00c7ay Kazan\u0131 \u00dcst Kapak Contas\u0131"},"content":{"rendered":"<p><strong>4 Demlikli \u00c7ay Kazan\u0131 \u00dcst Kapak Contas\u0131<\/strong>, \u00e7ay kazan\u0131n\u0131z\u0131n <strong>\u00fcst kapa\u011f\u0131nda tam s\u0131zd\u0131rmazl\u0131k sa\u011flayarak<\/strong> \u0131s\u0131 kayb\u0131n\u0131 \u00f6nler ve enerji verimlili\u011fini art\u0131r\u0131r. <strong>Y\u00fcksek s\u0131cakl\u0131\u011fa dayan\u0131kl\u0131 malzemeden \u00fcretilmi\u015ftir<\/strong> ve uzun \u00f6m\u00fcrl\u00fc kullan\u0131m sunar. Esnek yap\u0131s\u0131 sayesinde <strong>kolay montaj imk\u00e2n\u0131 sa\u011flar<\/strong> ve \u00e7ay kazan\u0131n\u0131z\u0131n performans\u0131n\u0131 koruyarak <strong>daha verimli bir \u00e7al\u0131\u015fma sunar<\/strong>. \u00c7ay kazan\u0131n\u0131z\u0131n bak\u0131m\u0131n\u0131 eksiksiz tamamlamak i\u00e7in <strong>ideal bir yedek par\u00e7ad\u0131r<\/strong>.<\/p>","protected":false},"excerpt":{"rendered":"<p>4 Demlikli \u00c7ay Kazan\u0131 \u00dcst Kapak Contas\u0131, \u00e7ay kazan\u0131n\u0131z\u0131n \u00fcst kapa\u011f\u0131nda tam s\u0131zd\u0131rmazl\u0131k sa\u011flayarak \u0131s\u0131 kayb\u0131n\u0131 \u00f6nler ve enerji verimlili\u011fini art\u0131r\u0131r. Y\u00fcksek s\u0131cakl\u0131\u011fa dayan\u0131kl\u0131 malzemeden \u00fcretilmi\u015ftir ve uzun \u00f6m\u00fcrl\u00fc kullan\u0131m sunar. Esnek yap\u0131s\u0131 sayesinde kolay montaj imk\u00e2n\u0131 sa\u011flar ve \u00e7ay kazan\u0131n\u0131z\u0131n performans\u0131n\u0131 koruyarak daha verimli bir \u00e7al\u0131\u015fma sunar. \u00c7ay kazan\u0131n\u0131z\u0131n bak\u0131m\u0131n\u0131 eksiksiz tamamlamak i\u00e7in ideal [&hellip;]<\/p>\n","protected":false},"featured_media":437,"comment_status":"closed","ping_status":"closed","template":"","meta":[],"product_brand":[7750],"product_cat":[7988],"product_tag":[5009,5024,5022,5023,5010,5017,5015,5016,5011,5014,5012,5013,5018,5021,5019,5020,4977,4978,4993,4991,4992,4979,4986,4984,4985,4980,4983,4981,4982,4987,4990,4988,4989,5008,5006,5007,4994,5001,4999,5000,4995,4998,4996,4997,5002,5005,5003,5004,5025,5026],"class_list":{"0":"post-2415","1":"product","2":"type-product","3":"status-publish","4":"has-post-thumbnail","6":"product_brand-demsu","7":"product_cat-conta-baglanti-parcalari","8":"product_tag-4-cay","9":"product_tag-4-cay-contasi","10":"product_tag-4-cay-kapak","11":"product_tag-4-cay-kapak-contasi","12":"product_tag-4-cay-kazani","13":"product_tag-4-cay-kazani-contasi","14":"product_tag-4-cay-kazani-kapak","15":"product_tag-4-cay-kazani-kapak-contasi","16":"product_tag-4-cay-kazani-ust","17":"product_tag-4-cay-kazani-ust-contasi","18":"product_tag-4-cay-kazani-ust-kapak","19":"product_tag-4-cay-kazani-ust-kapak-contasi","20":"product_tag-4-cay-ust","21":"product_tag-4-cay-ust-contasi","22":"product_tag-4-cay-ust-kapak","23":"product_tag-4-cay-ust-kapak-contasi","24":"product_tag-4-demlikli","25":"product_tag-4-demlikli-cay","26":"product_tag-4-demlikli-cay-contasi","27":"product_tag-4-demlikli-cay-kapak","28":"product_tag-4-demlikli-cay-kapak-contasi","29":"product_tag-4-demlikli-cay-kazani","30":"product_tag-4-demlikli-cay-kazani-contasi","31":"product_tag-4-demlikli-cay-kazani-kapak","32":"product_tag-4-demlikli-cay-kazani-kapak-contasi","33":"product_tag-4-demlikli-cay-kazani-ust","34":"product_tag-4-demlikli-cay-kazani-ust-contasi","35":"product_tag-4-demlikli-cay-kazani-ust-kapak","36":"product_tag-4-demlikli-cay-kazani-ust-kapak-contasi","37":"product_tag-4-demlikli-cay-ust","38":"product_tag-4-demlikli-cay-ust-contasi","39":"product_tag-4-demlikli-cay-ust-kapak","40":"product_tag-4-demlikli-cay-ust-kapak-contasi","41":"product_tag-4-demlikli-contasi","42":"product_tag-4-demlikli-kapak","43":"product_tag-4-demlikli-kapak-contasi","44":"product_tag-4-demlikli-kazani","45":"product_tag-4-demlikli-kazani-contasi","46":"product_tag-4-demlikli-kazani-kapak","47":"product_tag-4-demlikli-kazani-kapak-contasi","48":"product_tag-4-demlikli-kazani-ust","49":"product_tag-4-demlikli-kazani-ust-contasi","50":"product_tag-4-demlikli-kazani-ust-kapak","51":"product_tag-4-demlikli-kazani-ust-kapak-contasi","52":"product_tag-4-demlikli-ust","53":"product_tag-4-demlikli-ust-contasi","54":"product_tag-4-demlikli-ust-kapak","55":"product_tag-4-demlikli-ust-kapak-contasi","56":"product_tag-4-kazani","57":"product_tag-4-kazani-ust","59":"first","60":"instock","61":"taxable","62":"shipping-taxable","63":"purchasable","64":"product-type-simple"},"yoast_head":"<!-- This site is optimized with the Yoast SEO plugin v27.1.1 - https:\/\/yoast.com\/product\/yoast-seo-wordpress\/ -->\n<title>4 Demlikli \u00c7ay Kazan\u0131 \u00dcst Kapak Contas\u0131 | Me\u015fale Store<\/title>\n<meta name=\"description\" content=\"4 Demlikli \u00c7ay Kazan\u0131 \u00dcst Kapak Contas\u0131, \u00e7ay kazan\u0131n\u0131z\u0131n \u00fcst kapa\u011f\u0131nda tam s\u0131zd\u0131rmazl\u0131k sa\u011flayarak \u0131s\u0131 kayb\u0131n\u0131 \u00f6nler ve enerji verimlili\u011fini art\u0131r\u0131r.\" \/>\n<meta name=\"robots\" content=\"index, follow, max-snippet:-1, max-image-preview:large, max-video-preview:-1\" \/>\n<link rel=\"canonical\" href=\"https:\/\/mesalestore.com\/en\/product\/4-demlikli-cay-kazani-ust-kapak-contasi\/\" \/>\n<meta property=\"og:locale\" content=\"en_US\" \/>\n<meta property=\"og:type\" content=\"article\" \/>\n<meta property=\"og:title\" content=\"4 Demlikli \u00c7ay Kazan\u0131 \u00dcst Kapak Contas\u0131 | Me\u015fale Store\" \/>\n<meta property=\"og:description\" content=\"4 Demlikli \u00c7ay Kazan\u0131 \u00dcst Kapak Contas\u0131, \u00e7ay kazan\u0131n\u0131z\u0131n \u00fcst kapa\u011f\u0131nda tam s\u0131zd\u0131rmazl\u0131k sa\u011flayarak \u0131s\u0131 kayb\u0131n\u0131 \u00f6nler ve enerji verimlili\u011fini art\u0131r\u0131r.\" \/>\n<meta property=\"og:url\" content=\"https:\/\/mesalestore.com\/en\/product\/4-demlikli-cay-kazani-ust-kapak-contasi\/\" \/>\n<meta property=\"og:site_name\" content=\"Me\u015fale Store\" \/>\n<meta property=\"article:publisher\" content=\"https:\/\/www.facebook.com\/mesalecay\" \/>\n<meta property=\"article:modified_time\" content=\"2026-04-10T14:27:19+00:00\" \/>\n<meta property=\"og:image\" content=\"https:\/\/mesalestore.com\/wp-content\/uploads\/2026\/01\/1_org_zoom-47.jpg\" \/>\n\t<meta property=\"og:image:width\" content=\"1200\" \/>\n\t<meta property=\"og:image:height\" content=\"1800\" \/>\n\t<meta property=\"og:image:type\" content=\"image\/jpeg\" \/>\n<meta name=\"twitter:card\" content=\"summary_large_image\" \/>\n<meta name=\"twitter:site\" content=\"@mesalecaykazan\" \/>\n<meta name=\"twitter:label1\" content=\"Est. reading time\" \/>\n\t<meta name=\"twitter:data1\" content=\"1 minute\" \/>\n<script type=\"application\/ld+json\" class=\"yoast-schema-graph\">{\"@context\":\"https:\/\/schema.org\",\"@graph\":[{\"@type\":\"WebPage\",\"@id\":\"https:\/\/mesalestore.com\/en\/product\/4-demlikli-cay-kazani-ust-kapak-contasi\/\",\"url\":\"https:\/\/mesalestore.com\/en\/product\/4-demlikli-cay-kazani-ust-kapak-contasi\/\",\"name\":\"4 Demlikli \u00c7ay Kazan\u0131 \u00dcst Kapak Contas\u0131 | Me\u015fale Store\",\"isPartOf\":{\"@id\":\"https:\/\/mesalestore.com\/en\/#website\"},\"primaryImageOfPage\":{\"@id\":\"https:\/\/mesalestore.com\/en\/product\/4-demlikli-cay-kazani-ust-kapak-contasi\/#primaryimage\"},\"image\":{\"@id\":\"https:\/\/mesalestore.com\/en\/product\/4-demlikli-cay-kazani-ust-kapak-contasi\/#primaryimage\"},\"thumbnailUrl\":\"https:\/\/mesalestore.com\/wp-content\/uploads\/2026\/01\/1_org_zoom-47.jpg\",\"datePublished\":\"2026-02-09T09:18:54+00:00\",\"dateModified\":\"2026-04-10T14:27:19+00:00\",\"description\":\"4 Demlikli \u00c7ay Kazan\u0131 \u00dcst Kapak Contas\u0131, \u00e7ay kazan\u0131n\u0131z\u0131n \u00fcst kapa\u011f\u0131nda tam s\u0131zd\u0131rmazl\u0131k sa\u011flayarak \u0131s\u0131 kayb\u0131n\u0131 \u00f6nler ve enerji verimlili\u011fini art\u0131r\u0131r.\",\"breadcrumb\":{\"@id\":\"https:\/\/mesalestore.com\/en\/product\/4-demlikli-cay-kazani-ust-kapak-contasi\/#breadcrumb\"},\"inLanguage\":\"en-US\",\"potentialAction\":[{\"@type\":\"ReadAction\",\"target\":[\"https:\/\/mesalestore.com\/en\/product\/4-demlikli-cay-kazani-ust-kapak-contasi\/\"]}]},{\"@type\":\"ImageObject\",\"inLanguage\":\"en-US\",\"@id\":\"https:\/\/mesalestore.com\/en\/product\/4-demlikli-cay-kazani-ust-kapak-contasi\/#primaryimage\",\"url\":\"https:\/\/mesalestore.com\/wp-content\/uploads\/2026\/01\/1_org_zoom-47.jpg\",\"contentUrl\":\"https:\/\/mesalestore.com\/wp-content\/uploads\/2026\/01\/1_org_zoom-47.jpg\",\"width\":1200,\"height\":1800},{\"@type\":\"BreadcrumbList\",\"@id\":\"https:\/\/mesalestore.com\/en\/product\/4-demlikli-cay-kazani-ust-kapak-contasi\/#breadcrumb\",\"itemListElement\":[{\"@type\":\"ListItem\",\"position\":1,\"name\":\"Anasayfa\",\"item\":\"https:\/\/mesalestore.com\/en\/\"},{\"@type\":\"ListItem\",\"position\":2,\"name\":\"Products\",\"item\":\"https:\/\/mesalestore.com\/en\/shop\/\"},{\"@type\":\"ListItem\",\"position\":3,\"name\":\"4 Demlikli \u00c7ay Kazan\u0131 \u00dcst Kapak Contas\u0131\"}]},{\"@type\":\"WebSite\",\"@id\":\"https:\/\/mesalestore.com\/en\/#website\",\"url\":\"https:\/\/mesalestore.com\/en\/\",\"name\":\"Me\u015fale Store\",\"description\":\"\",\"publisher\":{\"@id\":\"https:\/\/mesalestore.com\/en\/#organization\"},\"potentialAction\":[{\"@type\":\"SearchAction\",\"target\":{\"@type\":\"EntryPoint\",\"urlTemplate\":\"https:\/\/mesalestore.com\/en\/?s={search_term_string}\"},\"query-input\":{\"@type\":\"PropertyValueSpecification\",\"valueRequired\":true,\"valueName\":\"search_term_string\"}}],\"inLanguage\":\"en-US\"},{\"@type\":\"Organization\",\"@id\":\"https:\/\/mesalestore.com\/en\/#organization\",\"name\":\"Me\u015fale Store\",\"url\":\"https:\/\/mesalestore.com\/en\/\",\"logo\":{\"@type\":\"ImageObject\",\"inLanguage\":\"en-US\",\"@id\":\"https:\/\/mesalestore.com\/en\/#\/schema\/logo\/image\/\",\"url\":\"https:\/\/mesalestore.com\/wp-content\/uploads\/2026\/03\/logo-header-yeni-1.webp\",\"contentUrl\":\"https:\/\/mesalestore.com\/wp-content\/uploads\/2026\/03\/logo-header-yeni-1.webp\",\"width\":419,\"height\":147,\"caption\":\"Me\u015fale Store\"},\"image\":{\"@id\":\"https:\/\/mesalestore.com\/en\/#\/schema\/logo\/image\/\"},\"sameAs\":[\"https:\/\/www.facebook.com\/mesalecay\",\"https:\/\/x.com\/mesalecaykazan\",\"https:\/\/www.instagram.com\/mesalecaykazan\/\"]}]}<\/script>\n<!-- \/ Yoast SEO plugin. -->","yoast_head_json":{"title":"4 Demlikli \u00c7ay Kazan\u0131 \u00dcst Kapak Contas\u0131 | Me\u015fale Store","description":"4 Demlikli \u00c7ay Kazan\u0131 \u00dcst Kapak Contas\u0131, \u00e7ay kazan\u0131n\u0131z\u0131n \u00fcst kapa\u011f\u0131nda tam s\u0131zd\u0131rmazl\u0131k sa\u011flayarak \u0131s\u0131 kayb\u0131n\u0131 \u00f6nler ve enerji verimlili\u011fini art\u0131r\u0131r.","robots":{"index":"index","follow":"follow","max-snippet":"max-snippet:-1","max-image-preview":"max-image-preview:large","max-video-preview":"max-video-preview:-1"},"canonical":"https:\/\/mesalestore.com\/en\/product\/4-demlikli-cay-kazani-ust-kapak-contasi\/","og_locale":"en_US","og_type":"article","og_title":"4 Demlikli \u00c7ay Kazan\u0131 \u00dcst Kapak Contas\u0131 | Me\u015fale Store","og_description":"4 Demlikli \u00c7ay Kazan\u0131 \u00dcst Kapak Contas\u0131, \u00e7ay kazan\u0131n\u0131z\u0131n \u00fcst kapa\u011f\u0131nda tam s\u0131zd\u0131rmazl\u0131k sa\u011flayarak \u0131s\u0131 kayb\u0131n\u0131 \u00f6nler ve enerji verimlili\u011fini art\u0131r\u0131r.","og_url":"https:\/\/mesalestore.com\/en\/product\/4-demlikli-cay-kazani-ust-kapak-contasi\/","og_site_name":"Me\u015fale Store","article_publisher":"https:\/\/www.facebook.com\/mesalecay","article_modified_time":"2026-04-10T14:27:19+00:00","og_image":[{"width":1200,"height":1800,"url":"https:\/\/mesalestore.com\/wp-content\/uploads\/2026\/01\/1_org_zoom-47.jpg","type":"image\/jpeg"}],"twitter_card":"summary_large_image","twitter_site":"@mesalecaykazan","twitter_misc":{"Est. reading time":"1 minute"},"schema":{"@context":"https:\/\/schema.org","@graph":[{"@type":"WebPage","@id":"https:\/\/mesalestore.com\/en\/product\/4-demlikli-cay-kazani-ust-kapak-contasi\/","url":"https:\/\/mesalestore.com\/en\/product\/4-demlikli-cay-kazani-ust-kapak-contasi\/","name":"4 Demlikli \u00c7ay Kazan\u0131 \u00dcst Kapak Contas\u0131 | Me\u015fale Store","isPartOf":{"@id":"https:\/\/mesalestore.com\/en\/#website"},"primaryImageOfPage":{"@id":"https:\/\/mesalestore.com\/en\/product\/4-demlikli-cay-kazani-ust-kapak-contasi\/#primaryimage"},"image":{"@id":"https:\/\/mesalestore.com\/en\/product\/4-demlikli-cay-kazani-ust-kapak-contasi\/#primaryimage"},"thumbnailUrl":"https:\/\/mesalestore.com\/wp-content\/uploads\/2026\/01\/1_org_zoom-47.jpg","datePublished":"2026-02-09T09:18:54+00:00","dateModified":"2026-04-10T14:27:19+00:00","description":"4 Demlikli \u00c7ay Kazan\u0131 \u00dcst Kapak Contas\u0131, \u00e7ay kazan\u0131n\u0131z\u0131n \u00fcst kapa\u011f\u0131nda tam s\u0131zd\u0131rmazl\u0131k sa\u011flayarak \u0131s\u0131 kayb\u0131n\u0131 \u00f6nler ve enerji verimlili\u011fini art\u0131r\u0131r.","breadcrumb":{"@id":"https:\/\/mesalestore.com\/en\/product\/4-demlikli-cay-kazani-ust-kapak-contasi\/#breadcrumb"},"inLanguage":"en-US","potentialAction":[{"@type":"ReadAction","target":["https:\/\/mesalestore.com\/en\/product\/4-demlikli-cay-kazani-ust-kapak-contasi\/"]}]},{"@type":"ImageObject","inLanguage":"en-US","@id":"https:\/\/mesalestore.com\/en\/product\/4-demlikli-cay-kazani-ust-kapak-contasi\/#primaryimage","url":"https:\/\/mesalestore.com\/wp-content\/uploads\/2026\/01\/1_org_zoom-47.jpg","contentUrl":"https:\/\/mesalestore.com\/wp-content\/uploads\/2026\/01\/1_org_zoom-47.jpg","width":1200,"height":1800},{"@type":"BreadcrumbList","@id":"https:\/\/mesalestore.com\/en\/product\/4-demlikli-cay-kazani-ust-kapak-contasi\/#breadcrumb","itemListElement":[{"@type":"ListItem","position":1,"name":"Anasayfa","item":"https:\/\/mesalestore.com\/en\/"},{"@type":"ListItem","position":2,"name":"Products","item":"https:\/\/mesalestore.com\/en\/shop\/"},{"@type":"ListItem","position":3,"name":"4 Demlikli \u00c7ay Kazan\u0131 \u00dcst Kapak Contas\u0131"}]},{"@type":"WebSite","@id":"https:\/\/mesalestore.com\/en\/#website","url":"https:\/\/mesalestore.com\/en\/","name":"Me\u015fale Store","description":"","publisher":{"@id":"https:\/\/mesalestore.com\/en\/#organization"},"potentialAction":[{"@type":"SearchAction","target":{"@type":"EntryPoint","urlTemplate":"https:\/\/mesalestore.com\/en\/?s={search_term_string}"},"query-input":{"@type":"PropertyValueSpecification","valueRequired":true,"valueName":"search_term_string"}}],"inLanguage":"en-US"},{"@type":"Organization","@id":"https:\/\/mesalestore.com\/en\/#organization","name":"Me\u015fale Store","url":"https:\/\/mesalestore.com\/en\/","logo":{"@type":"ImageObject","inLanguage":"en-US","@id":"https:\/\/mesalestore.com\/en\/#\/schema\/logo\/image\/","url":"https:\/\/mesalestore.com\/wp-content\/uploads\/2026\/03\/logo-header-yeni-1.webp","contentUrl":"https:\/\/mesalestore.com\/wp-content\/uploads\/2026\/03\/logo-header-yeni-1.webp","width":419,"height":147,"caption":"Me\u015fale Store"},"image":{"@id":"https:\/\/mesalestore.com\/en\/#\/schema\/logo\/image\/"},"sameAs":["https:\/\/www.facebook.com\/mesalecay","https:\/\/x.com\/mesalecaykazan","https:\/\/www.instagram.com\/mesalecaykazan\/"]}]}},"_links":{"self":[{"href":"https:\/\/mesalestore.com\/en\/wp-json\/wp\/v2\/product\/2415","targetHints":{"allow":["GET"]}}],"collection":[{"href":"https:\/\/mesalestore.com\/en\/wp-json\/wp\/v2\/product"}],"about":[{"href":"https:\/\/mesalestore.com\/en\/wp-json\/wp\/v2\/types\/product"}],"replies":[{"embeddable":true,"href":"https:\/\/mesalestore.com\/en\/wp-json\/wp\/v2\/comments?post=2415"}],"wp:featuredmedia":[{"embeddable":true,"href":"https:\/\/mesalestore.com\/en\/wp-json\/wp\/v2\/media\/437"}],"wp:attachment":[{"href":"https:\/\/mesalestore.com\/en\/wp-json\/wp\/v2\/media?parent=2415"}],"wp:term":[{"taxonomy":"product_brand","embeddable":true,"href":"https:\/\/mesalestore.com\/en\/wp-json\/wp\/v2\/product_brand?post=2415"},{"taxonomy":"product_cat","embeddable":true,"href":"https:\/\/mesalestore.com\/en\/wp-json\/wp\/v2\/product_cat?post=2415"},{"taxonomy":"product_tag","embeddable":true,"href":"https:\/\/mesalestore.com\/en\/wp-json\/wp\/v2\/product_tag?post=2415"}],"curies":[{"name":"wp","href":"https:\/\/api.w.org\/{rel}","templated":true}]}}