{"id":2414,"date":"2026-02-09T12:18:54","date_gmt":"2026-02-09T09:18:54","guid":{"rendered":"http:\/\/mesalestore.com\/product\/1-2-3-demlikli-antik-bakir-analog-full-otomatik-cay-kazani-kutusu\/"},"modified":"2026-04-10T01:40:42","modified_gmt":"2026-04-09T22:40:42","slug":"1-2-3-demlikli-antik-bakir-analog-full-otomatik-cay-kazani-kutusu","status":"publish","type":"product","link":"https:\/\/mesalestore.com\/en\/product\/1-2-3-demlikli-antik-bakir-analog-full-otomatik-cay-kazani-kutusu\/","title":{"rendered":"1-2-3 Demlikli Antik Bak\u0131r Analog Full Otomatik \u00c7ay Kazan\u0131 Kutusu"},"content":{"rendered":"<p><strong>Me\u015fale 1-2-3 Demlikli Antik Bak\u0131r Analog Full Otomatik \u00c7ay Kazan\u0131 Kutusu<\/strong>, <strong>Me\u015fale 1-2-3 Demlikli<\/strong> antik bak\u0131r model \u00e7ay kazanlar\u0131n\u0131z i\u00e7in \u00f6zel olarak \u00fcretilmi\u015f dayan\u0131kl\u0131 ve \u015f\u0131k bir muhafaza kutusudur. <strong>Analog full otomatik<\/strong> sistemle \u00e7al\u0131\u015fan bu modellerin ta\u015f\u0131nmas\u0131 ve korunmas\u0131 i\u00e7in m\u00fckemmel bir \u00e7\u00f6z\u00fcm sunar. <strong>\u00c7ay kazan\u0131 kutusu<\/strong>, cihaz\u0131n\u0131z\u0131n d\u0131\u015f etkenlerden zarar g\u00f6rmesini engeller, g\u00fcvenli bir saklama imkan\u0131 sa\u011flar ve uzun s\u00fcreli kullan\u0131m garantisi verir. <strong>Me\u015fale \u00e7ay kazan\u0131 kutusu<\/strong>, antik bak\u0131r tasar\u0131m\u0131yla uyumlu, cihaz\u0131n\u0131z\u0131 hem estetik hem de pratik \u015fekilde muhafaza etmenizi sa\u011flar. E\u011fer <strong>yedek kutu<\/strong> ar\u0131yorsan\u0131z, bu kutu fonksiyonellik ve \u015f\u0131kl\u0131\u011f\u0131 bir arada sunarak cihaz\u0131n\u0131z\u0131 g\u00fcvenle saklaman\u0131za olanak tan\u0131r.<\/p>","protected":false},"excerpt":{"rendered":"<p>Me\u015fale 1-2-3 Demlikli Antik Bak\u0131r Analog Full Otomatik \u00c7ay Kazan\u0131 Kutusu, Me\u015fale 1-2-3 Demlikli antik bak\u0131r model \u00e7ay kazanlar\u0131n\u0131z i\u00e7in \u00f6zel olarak \u00fcretilmi\u015f dayan\u0131kl\u0131 ve \u015f\u0131k bir muhafaza kutusudur. Analog full otomatik sistemle \u00e7al\u0131\u015fan bu modellerin ta\u015f\u0131nmas\u0131 ve korunmas\u0131 i\u00e7in m\u00fckemmel bir \u00e7\u00f6z\u00fcm sunar. \u00c7ay kazan\u0131 kutusu, cihaz\u0131n\u0131z\u0131n d\u0131\u015f etkenlerden zarar g\u00f6rmesini engeller, g\u00fcvenli bir [&hellip;]<\/p>\n","protected":false},"featured_media":435,"comment_status":"closed","ping_status":"closed","template":"","meta":[],"product_brand":[7749],"product_cat":[7986],"product_tag":[16,5236,5237,5334,5335,5336,5361,5362,5363,5364,5337,5346,5347,5348,5349,5350,5351,5352,5338,5339,5340,5341,5342,5343,5344,5345,5365,5366,5367,5353,5354,5355,5356,5357,5358,5359,5360,5368,5377,5378,5379,5380,5369,5370,5371,5372,5373,5374,5375,5376],"class_list":{"0":"post-2414","1":"product","2":"type-product","3":"status-publish","4":"has-post-thumbnail","6":"product_brand-mesale","7":"product_cat-termostat-salter","8":"product_tag-mesale","9":"product_tag-mesale-1-2-3","10":"product_tag-mesale-1-2-3-demlikli","11":"product_tag-mesale-1-2-3-demlikli-antik","12":"product_tag-mesale-1-2-3-demlikli-antik-bakir","13":"product_tag-mesale-1-2-3-demlikli-antik-bakir-analog","14":"product_tag-mesale-1-2-3-demlikli-antik-bakir-analog-cay","15":"product_tag-mesale-1-2-3-demlikli-antik-bakir-analog-cay-kazani","16":"product_tag-mesale-1-2-3-demlikli-antik-bakir-analog-cay-kazani-kutusu","17":"product_tag-mesale-1-2-3-demlikli-antik-bakir-analog-cay-kutusu","18":"product_tag-mesale-1-2-3-demlikli-antik-bakir-analog-full","19":"product_tag-mesale-1-2-3-demlikli-antik-bakir-analog-full-cay","20":"product_tag-mesale-1-2-3-demlikli-antik-bakir-analog-full-cay-kazani","21":"product_tag-mesale-1-2-3-demlikli-antik-bakir-analog-full-cay-kazani-kutusu","22":"product_tag-mesale-1-2-3-demlikli-antik-bakir-analog-full-cay-kutusu","23":"product_tag-mesale-1-2-3-demlikli-antik-bakir-analog-full-kazani","24":"product_tag-mesale-1-2-3-demlikli-antik-bakir-analog-full-kazani-kutusu","25":"product_tag-mesale-1-2-3-demlikli-antik-bakir-analog-full-kutusu","26":"product_tag-mesale-1-2-3-demlikli-antik-bakir-analog-full-otomatik","27":"product_tag-mesale-1-2-3-demlikli-antik-bakir-analog-full-otomatik-cay","28":"product_tag-mesale-1-2-3-demlikli-antik-bakir-analog-full-otomatik-cay-kazani","29":"product_tag-mesale-1-2-3-demlikli-antik-bakir-analog-full-otomatik-cay-kazani-kutusu","30":"product_tag-mesale-1-2-3-demlikli-antik-bakir-analog-full-otomatik-cay-kutusu","31":"product_tag-mesale-1-2-3-demlikli-antik-bakir-analog-full-otomatik-kazani","32":"product_tag-mesale-1-2-3-demlikli-antik-bakir-analog-full-otomatik-kazani-kutusu","33":"product_tag-mesale-1-2-3-demlikli-antik-bakir-analog-full-otomatik-kutusu","34":"product_tag-mesale-1-2-3-demlikli-antik-bakir-analog-kazani","35":"product_tag-mesale-1-2-3-demlikli-antik-bakir-analog-kazani-kutusu","36":"product_tag-mesale-1-2-3-demlikli-antik-bakir-analog-kutusu","37":"product_tag-mesale-1-2-3-demlikli-antik-bakir-analog-otomatik","38":"product_tag-mesale-1-2-3-demlikli-antik-bakir-analog-otomatik-cay","39":"product_tag-mesale-1-2-3-demlikli-antik-bakir-analog-otomatik-cay-kazani","40":"product_tag-mesale-1-2-3-demlikli-antik-bakir-analog-otomatik-cay-kazani-kutusu","41":"product_tag-mesale-1-2-3-demlikli-antik-bakir-analog-otomatik-cay-kutusu","42":"product_tag-mesale-1-2-3-demlikli-antik-bakir-analog-otomatik-kazani","43":"product_tag-mesale-1-2-3-demlikli-antik-bakir-analog-otomatik-kazani-kutusu","44":"product_tag-mesale-1-2-3-demlikli-antik-bakir-analog-otomatik-kutusu","45":"product_tag-mesale-1-2-3-demlikli-antik-bakir-full","46":"product_tag-mesale-1-2-3-demlikli-antik-bakir-full-cay","47":"product_tag-mesale-1-2-3-demlikli-antik-bakir-full-cay-kazani","48":"product_tag-mesale-1-2-3-demlikli-antik-bakir-full-cay-kazani-kutusu","49":"product_tag-mesale-1-2-3-demlikli-antik-bakir-full-cay-kutusu","50":"product_tag-mesale-1-2-3-demlikli-antik-bakir-full-otomatik","51":"product_tag-mesale-1-2-3-demlikli-antik-bakir-full-otomatik-cay","52":"product_tag-mesale-1-2-3-demlikli-antik-bakir-full-otomatik-cay-kazani","53":"product_tag-mesale-1-2-3-demlikli-antik-bakir-full-otomatik-cay-kazani-kutusu","54":"product_tag-mesale-1-2-3-demlikli-antik-bakir-full-otomatik-cay-kutusu","55":"product_tag-mesale-1-2-3-demlikli-antik-bakir-full-otomatik-kazani","56":"product_tag-mesale-1-2-3-demlikli-antik-bakir-full-otomatik-kazani-kutusu","57":"product_tag-mesale-1-2-3-demlikli-antik-bakir-full-otomatik-kutusu","59":"first","60":"instock","61":"sale","62":"taxable","63":"shipping-taxable","64":"purchasable","65":"product-type-simple"},"yoast_head":"<!-- This site is optimized with the Yoast SEO plugin v27.1.1 - https:\/\/yoast.com\/product\/yoast-seo-wordpress\/ -->\n<title>1-2-3 Demlikli Antik Bak\u0131r Analog Full Otomatik \u00c7ay Kazan\u0131 Kutusu | Me\u015fale Store<\/title>\n<meta name=\"description\" content=\"Me\u015fale 1-2-3 Demlikli Antik Bak\u0131r Analog Full Otomatik \u00c7ay Kazan\u0131 Kutusu, Me\u015fale 1-2-3 Demlikli antik bak\u0131r model \u00e7ay kazanlar\u0131n\u0131z i\u00e7in \u00f6zel olarak\" \/>\n<meta name=\"robots\" content=\"index, follow, max-snippet:-1, max-image-preview:large, max-video-preview:-1\" \/>\n<link rel=\"canonical\" href=\"https:\/\/mesalestore.com\/en\/product\/1-2-3-demlikli-antik-bakir-analog-full-otomatik-cay-kazani-kutusu\/\" \/>\n<meta property=\"og:locale\" content=\"en_US\" \/>\n<meta property=\"og:type\" content=\"article\" \/>\n<meta property=\"og:title\" content=\"1-2-3 Demlikli Antik Bak\u0131r Analog Full Otomatik \u00c7ay Kazan\u0131 Kutusu | Me\u015fale Store\" \/>\n<meta property=\"og:description\" content=\"Me\u015fale 1-2-3 Demlikli Antik Bak\u0131r Analog Full Otomatik \u00c7ay Kazan\u0131 Kutusu, Me\u015fale 1-2-3 Demlikli antik bak\u0131r model \u00e7ay kazanlar\u0131n\u0131z i\u00e7in \u00f6zel olarak\" \/>\n<meta property=\"og:url\" content=\"https:\/\/mesalestore.com\/en\/product\/1-2-3-demlikli-antik-bakir-analog-full-otomatik-cay-kazani-kutusu\/\" \/>\n<meta property=\"og:site_name\" content=\"Me\u015fale Store\" \/>\n<meta property=\"article:publisher\" content=\"https:\/\/www.facebook.com\/mesalecay\" \/>\n<meta property=\"article:modified_time\" content=\"2026-04-09T22:40:42+00:00\" \/>\n<meta property=\"og:image\" content=\"https:\/\/mesalestore.com\/wp-content\/uploads\/2026\/01\/1_org_zoom-46.jpg\" \/>\n\t<meta property=\"og:image:width\" content=\"1200\" \/>\n\t<meta property=\"og:image:height\" content=\"1800\" \/>\n\t<meta property=\"og:image:type\" content=\"image\/jpeg\" \/>\n<meta name=\"twitter:card\" content=\"summary_large_image\" \/>\n<meta name=\"twitter:site\" content=\"@mesalecaykazan\" \/>\n<meta name=\"twitter:label1\" content=\"Est. reading time\" \/>\n\t<meta name=\"twitter:data1\" content=\"1 minute\" \/>\n<script type=\"application\/ld+json\" class=\"yoast-schema-graph\">{\"@context\":\"https:\/\/schema.org\",\"@graph\":[{\"@type\":\"WebPage\",\"@id\":\"https:\/\/mesalestore.com\/en\/product\/1-2-3-demlikli-antik-bakir-analog-full-otomatik-cay-kazani-kutusu\/\",\"url\":\"https:\/\/mesalestore.com\/en\/product\/1-2-3-demlikli-antik-bakir-analog-full-otomatik-cay-kazani-kutusu\/\",\"name\":\"1-2-3 Demlikli Antik Bak\u0131r Analog Full Otomatik \u00c7ay Kazan\u0131 Kutusu | Me\u015fale Store\",\"isPartOf\":{\"@id\":\"https:\/\/mesalestore.com\/en\/#website\"},\"primaryImageOfPage\":{\"@id\":\"https:\/\/mesalestore.com\/en\/product\/1-2-3-demlikli-antik-bakir-analog-full-otomatik-cay-kazani-kutusu\/#primaryimage\"},\"image\":{\"@id\":\"https:\/\/mesalestore.com\/en\/product\/1-2-3-demlikli-antik-bakir-analog-full-otomatik-cay-kazani-kutusu\/#primaryimage\"},\"thumbnailUrl\":\"https:\/\/mesalestore.com\/wp-content\/uploads\/2026\/01\/1_org_zoom-46.jpg\",\"datePublished\":\"2026-02-09T09:18:54+00:00\",\"dateModified\":\"2026-04-09T22:40:42+00:00\",\"description\":\"Me\u015fale 1-2-3 Demlikli Antik Bak\u0131r Analog Full Otomatik \u00c7ay Kazan\u0131 Kutusu, Me\u015fale 1-2-3 Demlikli antik bak\u0131r model \u00e7ay kazanlar\u0131n\u0131z i\u00e7in \u00f6zel olarak\",\"breadcrumb\":{\"@id\":\"https:\/\/mesalestore.com\/en\/product\/1-2-3-demlikli-antik-bakir-analog-full-otomatik-cay-kazani-kutusu\/#breadcrumb\"},\"inLanguage\":\"en-US\",\"potentialAction\":[{\"@type\":\"ReadAction\",\"target\":[\"https:\/\/mesalestore.com\/en\/product\/1-2-3-demlikli-antik-bakir-analog-full-otomatik-cay-kazani-kutusu\/\"]}]},{\"@type\":\"ImageObject\",\"inLanguage\":\"en-US\",\"@id\":\"https:\/\/mesalestore.com\/en\/product\/1-2-3-demlikli-antik-bakir-analog-full-otomatik-cay-kazani-kutusu\/#primaryimage\",\"url\":\"https:\/\/mesalestore.com\/wp-content\/uploads\/2026\/01\/1_org_zoom-46.jpg\",\"contentUrl\":\"https:\/\/mesalestore.com\/wp-content\/uploads\/2026\/01\/1_org_zoom-46.jpg\",\"width\":1200,\"height\":1800},{\"@type\":\"BreadcrumbList\",\"@id\":\"https:\/\/mesalestore.com\/en\/product\/1-2-3-demlikli-antik-bakir-analog-full-otomatik-cay-kazani-kutusu\/#breadcrumb\",\"itemListElement\":[{\"@type\":\"ListItem\",\"position\":1,\"name\":\"Anasayfa\",\"item\":\"https:\/\/mesalestore.com\/en\/\"},{\"@type\":\"ListItem\",\"position\":2,\"name\":\"Products\",\"item\":\"https:\/\/mesalestore.com\/en\/shop\/\"},{\"@type\":\"ListItem\",\"position\":3,\"name\":\"1-2-3 Demlikli Antik Bak\u0131r Analog Full Otomatik \u00c7ay Kazan\u0131 Kutusu\"}]},{\"@type\":\"WebSite\",\"@id\":\"https:\/\/mesalestore.com\/en\/#website\",\"url\":\"https:\/\/mesalestore.com\/en\/\",\"name\":\"Me\u015fale Store\",\"description\":\"\",\"publisher\":{\"@id\":\"https:\/\/mesalestore.com\/en\/#organization\"},\"potentialAction\":[{\"@type\":\"SearchAction\",\"target\":{\"@type\":\"EntryPoint\",\"urlTemplate\":\"https:\/\/mesalestore.com\/en\/?s={search_term_string}\"},\"query-input\":{\"@type\":\"PropertyValueSpecification\",\"valueRequired\":true,\"valueName\":\"search_term_string\"}}],\"inLanguage\":\"en-US\"},{\"@type\":\"Organization\",\"@id\":\"https:\/\/mesalestore.com\/en\/#organization\",\"name\":\"Me\u015fale Store\",\"url\":\"https:\/\/mesalestore.com\/en\/\",\"logo\":{\"@type\":\"ImageObject\",\"inLanguage\":\"en-US\",\"@id\":\"https:\/\/mesalestore.com\/en\/#\/schema\/logo\/image\/\",\"url\":\"https:\/\/mesalestore.com\/wp-content\/uploads\/2026\/03\/logo-header-yeni-1.webp\",\"contentUrl\":\"https:\/\/mesalestore.com\/wp-content\/uploads\/2026\/03\/logo-header-yeni-1.webp\",\"width\":419,\"height\":147,\"caption\":\"Me\u015fale Store\"},\"image\":{\"@id\":\"https:\/\/mesalestore.com\/en\/#\/schema\/logo\/image\/\"},\"sameAs\":[\"https:\/\/www.facebook.com\/mesalecay\",\"https:\/\/x.com\/mesalecaykazan\",\"https:\/\/www.instagram.com\/mesalecaykazan\/\"]}]}<\/script>\n<!-- \/ Yoast SEO plugin. -->","yoast_head_json":{"title":"1-2-3 Demlikli Antik Bak\u0131r Analog Full Otomatik \u00c7ay Kazan\u0131 Kutusu | Me\u015fale Store","description":"Me\u015fale 1-2-3 Demlikli Antik Bak\u0131r Analog Full Otomatik \u00c7ay Kazan\u0131 Kutusu, Me\u015fale 1-2-3 Demlikli antik bak\u0131r model \u00e7ay kazanlar\u0131n\u0131z i\u00e7in \u00f6zel olarak","robots":{"index":"index","follow":"follow","max-snippet":"max-snippet:-1","max-image-preview":"max-image-preview:large","max-video-preview":"max-video-preview:-1"},"canonical":"https:\/\/mesalestore.com\/en\/product\/1-2-3-demlikli-antik-bakir-analog-full-otomatik-cay-kazani-kutusu\/","og_locale":"en_US","og_type":"article","og_title":"1-2-3 Demlikli Antik Bak\u0131r Analog Full Otomatik \u00c7ay Kazan\u0131 Kutusu | Me\u015fale Store","og_description":"Me\u015fale 1-2-3 Demlikli Antik Bak\u0131r Analog Full Otomatik \u00c7ay Kazan\u0131 Kutusu, Me\u015fale 1-2-3 Demlikli antik bak\u0131r model \u00e7ay kazanlar\u0131n\u0131z i\u00e7in \u00f6zel olarak","og_url":"https:\/\/mesalestore.com\/en\/product\/1-2-3-demlikli-antik-bakir-analog-full-otomatik-cay-kazani-kutusu\/","og_site_name":"Me\u015fale Store","article_publisher":"https:\/\/www.facebook.com\/mesalecay","article_modified_time":"2026-04-09T22:40:42+00:00","og_image":[{"width":1200,"height":1800,"url":"https:\/\/mesalestore.com\/wp-content\/uploads\/2026\/01\/1_org_zoom-46.jpg","type":"image\/jpeg"}],"twitter_card":"summary_large_image","twitter_site":"@mesalecaykazan","twitter_misc":{"Est. reading time":"1 minute"},"schema":{"@context":"https:\/\/schema.org","@graph":[{"@type":"WebPage","@id":"https:\/\/mesalestore.com\/en\/product\/1-2-3-demlikli-antik-bakir-analog-full-otomatik-cay-kazani-kutusu\/","url":"https:\/\/mesalestore.com\/en\/product\/1-2-3-demlikli-antik-bakir-analog-full-otomatik-cay-kazani-kutusu\/","name":"1-2-3 Demlikli Antik Bak\u0131r Analog Full Otomatik \u00c7ay Kazan\u0131 Kutusu | Me\u015fale Store","isPartOf":{"@id":"https:\/\/mesalestore.com\/en\/#website"},"primaryImageOfPage":{"@id":"https:\/\/mesalestore.com\/en\/product\/1-2-3-demlikli-antik-bakir-analog-full-otomatik-cay-kazani-kutusu\/#primaryimage"},"image":{"@id":"https:\/\/mesalestore.com\/en\/product\/1-2-3-demlikli-antik-bakir-analog-full-otomatik-cay-kazani-kutusu\/#primaryimage"},"thumbnailUrl":"https:\/\/mesalestore.com\/wp-content\/uploads\/2026\/01\/1_org_zoom-46.jpg","datePublished":"2026-02-09T09:18:54+00:00","dateModified":"2026-04-09T22:40:42+00:00","description":"Me\u015fale 1-2-3 Demlikli Antik Bak\u0131r Analog Full Otomatik \u00c7ay Kazan\u0131 Kutusu, Me\u015fale 1-2-3 Demlikli antik bak\u0131r model \u00e7ay kazanlar\u0131n\u0131z i\u00e7in \u00f6zel olarak","breadcrumb":{"@id":"https:\/\/mesalestore.com\/en\/product\/1-2-3-demlikli-antik-bakir-analog-full-otomatik-cay-kazani-kutusu\/#breadcrumb"},"inLanguage":"en-US","potentialAction":[{"@type":"ReadAction","target":["https:\/\/mesalestore.com\/en\/product\/1-2-3-demlikli-antik-bakir-analog-full-otomatik-cay-kazani-kutusu\/"]}]},{"@type":"ImageObject","inLanguage":"en-US","@id":"https:\/\/mesalestore.com\/en\/product\/1-2-3-demlikli-antik-bakir-analog-full-otomatik-cay-kazani-kutusu\/#primaryimage","url":"https:\/\/mesalestore.com\/wp-content\/uploads\/2026\/01\/1_org_zoom-46.jpg","contentUrl":"https:\/\/mesalestore.com\/wp-content\/uploads\/2026\/01\/1_org_zoom-46.jpg","width":1200,"height":1800},{"@type":"BreadcrumbList","@id":"https:\/\/mesalestore.com\/en\/product\/1-2-3-demlikli-antik-bakir-analog-full-otomatik-cay-kazani-kutusu\/#breadcrumb","itemListElement":[{"@type":"ListItem","position":1,"name":"Anasayfa","item":"https:\/\/mesalestore.com\/en\/"},{"@type":"ListItem","position":2,"name":"Products","item":"https:\/\/mesalestore.com\/en\/shop\/"},{"@type":"ListItem","position":3,"name":"1-2-3 Demlikli Antik Bak\u0131r Analog Full Otomatik \u00c7ay Kazan\u0131 Kutusu"}]},{"@type":"WebSite","@id":"https:\/\/mesalestore.com\/en\/#website","url":"https:\/\/mesalestore.com\/en\/","name":"Me\u015fale Store","description":"","publisher":{"@id":"https:\/\/mesalestore.com\/en\/#organization"},"potentialAction":[{"@type":"SearchAction","target":{"@type":"EntryPoint","urlTemplate":"https:\/\/mesalestore.com\/en\/?s={search_term_string}"},"query-input":{"@type":"PropertyValueSpecification","valueRequired":true,"valueName":"search_term_string"}}],"inLanguage":"en-US"},{"@type":"Organization","@id":"https:\/\/mesalestore.com\/en\/#organization","name":"Me\u015fale Store","url":"https:\/\/mesalestore.com\/en\/","logo":{"@type":"ImageObject","inLanguage":"en-US","@id":"https:\/\/mesalestore.com\/en\/#\/schema\/logo\/image\/","url":"https:\/\/mesalestore.com\/wp-content\/uploads\/2026\/03\/logo-header-yeni-1.webp","contentUrl":"https:\/\/mesalestore.com\/wp-content\/uploads\/2026\/03\/logo-header-yeni-1.webp","width":419,"height":147,"caption":"Me\u015fale Store"},"image":{"@id":"https:\/\/mesalestore.com\/en\/#\/schema\/logo\/image\/"},"sameAs":["https:\/\/www.facebook.com\/mesalecay","https:\/\/x.com\/mesalecaykazan","https:\/\/www.instagram.com\/mesalecaykazan\/"]}]}},"_links":{"self":[{"href":"https:\/\/mesalestore.com\/en\/wp-json\/wp\/v2\/product\/2414","targetHints":{"allow":["GET"]}}],"collection":[{"href":"https:\/\/mesalestore.com\/en\/wp-json\/wp\/v2\/product"}],"about":[{"href":"https:\/\/mesalestore.com\/en\/wp-json\/wp\/v2\/types\/product"}],"replies":[{"embeddable":true,"href":"https:\/\/mesalestore.com\/en\/wp-json\/wp\/v2\/comments?post=2414"}],"wp:featuredmedia":[{"embeddable":true,"href":"https:\/\/mesalestore.com\/en\/wp-json\/wp\/v2\/media\/435"}],"wp:attachment":[{"href":"https:\/\/mesalestore.com\/en\/wp-json\/wp\/v2\/media?parent=2414"}],"wp:term":[{"taxonomy":"product_brand","embeddable":true,"href":"https:\/\/mesalestore.com\/en\/wp-json\/wp\/v2\/product_brand?post=2414"},{"taxonomy":"product_cat","embeddable":true,"href":"https:\/\/mesalestore.com\/en\/wp-json\/wp\/v2\/product_cat?post=2414"},{"taxonomy":"product_tag","embeddable":true,"href":"https:\/\/mesalestore.com\/en\/wp-json\/wp\/v2\/product_tag?post=2414"}],"curies":[{"name":"wp","href":"https:\/\/api.w.org\/{rel}","templated":true}]}}