{"id":2413,"date":"2026-02-09T12:18:54","date_gmt":"2026-02-09T09:18:54","guid":{"rendered":"http:\/\/mesalestore.com\/product\/chromat-cay-kazani-aritma-cihazi\/"},"modified":"2026-04-11T12:43:38","modified_gmt":"2026-04-11T09:43:38","slug":"chromat-cay-kazani-aritma-cihazi","status":"publish","type":"product","link":"https:\/\/mesalestore.com\/en\/product\/chromat-cay-kazani-aritma-cihazi\/","title":{"rendered":"Chromat \u00c7ay Kazan\u0131 Ar\u0131tma Cihaz\u0131"},"content":{"rendered":"<p><strong>Chromat \u00c7ay Kazan\u0131 Ar\u0131tma Cihaz\u0131<\/strong>, \u00e7ay kazan\u0131n\u0131zda kullan\u0131lan suyun kalitesini art\u0131rarak daha sa\u011fl\u0131kl\u0131 ve lezzetli \u00e7aylar demlemenize yard\u0131mc\u0131 olur. Bu \u00f6zel <strong>su ar\u0131tma sistemi<\/strong>, suyun i\u00e7erisindeki istenmeyen mineralleri, kirleri ve zararl\u0131 maddeleri filtreleyerek suyunuzu saf ve temiz hale getirir. <strong>Chromat \u00c7ay Kazan\u0131 Ar\u0131tma Cihaz\u0131<\/strong>, \u00e7ay kazanlar\u0131ndaki kire\u00e7 olu\u015fumunu engelleyerek, cihaz\u0131n \u00f6mr\u00fcn\u00fc uzat\u0131r ve bak\u0131m gereksinimlerini azalt\u0131r. Hem enerji verimlili\u011fini art\u0131r\u0131r hem de \u00e7ay\u0131n\u0131z\u0131n tad\u0131n\u0131 ve aromas\u0131n\u0131 iyile\u015ftirir. <strong>Su kalitesinin<\/strong> art\u0131r\u0131lmas\u0131yla birlikte, <strong>\u00e7ay kazan\u0131 bak\u0131m<\/strong> s\u00fcre\u00e7lerinizi de daha kolay hale getirir. Bu cihaz, \u00e7ay kazan\u0131n\u0131z\u0131 daha verimli kullanmak i\u00e7in m\u00fckemmel bir \u00e7\u00f6z\u00fcmd\u00fcr.<\/p>","protected":false},"excerpt":{"rendered":"<p>Chromat \u00c7ay Kazan\u0131 Ar\u0131tma Cihaz\u0131, \u00e7ay kazan\u0131n\u0131zda kullan\u0131lan suyun kalitesini art\u0131rarak daha sa\u011fl\u0131kl\u0131 ve lezzetli \u00e7aylar demlemenize yard\u0131mc\u0131 olur. Bu \u00f6zel su ar\u0131tma sistemi, suyun i\u00e7erisindeki istenmeyen mineralleri, kirleri ve zararl\u0131 maddeleri filtreleyerek suyunuzu saf ve temiz hale getirir. Chromat \u00c7ay Kazan\u0131 Ar\u0131tma Cihaz\u0131, \u00e7ay kazanlar\u0131ndaki kire\u00e7 olu\u015fumunu engelleyerek, cihaz\u0131n \u00f6mr\u00fcn\u00fc uzat\u0131r ve bak\u0131m gereksinimlerini [&hellip;]<\/p>\n","protected":false},"featured_media":433,"comment_status":"closed","ping_status":"closed","template":"","meta":[],"product_brand":[7750],"product_cat":[7995],"product_tag":[6314,6315,6308,6309,6310,478,6305,6306,6307,6289,6302,6303,6290,6295,6296,6297,6291,6292,6293,6294,6304,6298,6299,6300,6301,6316,485,6311,6312,6313],"class_list":{"0":"post-2413","1":"product","2":"type-product","3":"status-publish","4":"has-post-thumbnail","6":"product_brand-demsu","7":"product_cat-cay-kazani-icin-aritma","8":"product_tag-aritma","9":"product_tag-aritma-cihazi","10":"product_tag-cay-aritma","11":"product_tag-cay-aritma-cihazi","12":"product_tag-cay-cihazi","13":"product_tag-cay-kazani","14":"product_tag-cay-kazani-aritma","15":"product_tag-cay-kazani-aritma-cihazi","16":"product_tag-cay-kazani-cihazi","17":"product_tag-chromat","18":"product_tag-chromat-aritma","19":"product_tag-chromat-aritma-cihazi","20":"product_tag-chromat-cay","21":"product_tag-chromat-cay-aritma","22":"product_tag-chromat-cay-aritma-cihazi","23":"product_tag-chromat-cay-cihazi","24":"product_tag-chromat-cay-kazani","25":"product_tag-chromat-cay-kazani-aritma","26":"product_tag-chromat-cay-kazani-aritma-cihazi","27":"product_tag-chromat-cay-kazani-cihazi","28":"product_tag-chromat-cihazi","29":"product_tag-chromat-kazani","30":"product_tag-chromat-kazani-aritma","31":"product_tag-chromat-kazani-aritma-cihazi","32":"product_tag-chromat-kazani-cihazi","33":"product_tag-cihazi","34":"product_tag-kazani","35":"product_tag-kazani-aritma","36":"product_tag-kazani-aritma-cihazi","37":"product_tag-kazani-cihazi","39":"first","40":"instock","41":"taxable","42":"shipping-taxable","43":"purchasable","44":"product-type-simple"},"yoast_head":"<!-- This site is optimized with the Yoast SEO plugin v27.1.1 - https:\/\/yoast.com\/product\/yoast-seo-wordpress\/ -->\n<title>Chromat \u00c7ay Kazan\u0131 Ar\u0131tma Cihaz\u0131 | Me\u015fale Store<\/title>\n<meta name=\"description\" content=\"Chromat \u00c7ay Kazan\u0131 Ar\u0131tma Cihaz\u0131, \u00e7ay kazan\u0131n\u0131zda kullan\u0131lan suyun kalitesini art\u0131rarak daha sa\u011fl\u0131kl\u0131 ve lezzetli \u00e7aylar demlemenize yard\u0131mc\u0131 olur. Bu\" \/>\n<meta name=\"robots\" content=\"index, follow, max-snippet:-1, max-image-preview:large, max-video-preview:-1\" \/>\n<link rel=\"canonical\" href=\"https:\/\/mesalestore.com\/en\/product\/chromat-cay-kazani-aritma-cihazi\/\" \/>\n<meta property=\"og:locale\" content=\"en_US\" \/>\n<meta property=\"og:type\" content=\"article\" \/>\n<meta property=\"og:title\" content=\"Chromat \u00c7ay Kazan\u0131 Ar\u0131tma Cihaz\u0131 | Me\u015fale Store\" \/>\n<meta property=\"og:description\" content=\"Chromat \u00c7ay Kazan\u0131 Ar\u0131tma Cihaz\u0131, \u00e7ay kazan\u0131n\u0131zda kullan\u0131lan suyun kalitesini art\u0131rarak daha sa\u011fl\u0131kl\u0131 ve lezzetli \u00e7aylar demlemenize yard\u0131mc\u0131 olur. Bu\" \/>\n<meta property=\"og:url\" content=\"https:\/\/mesalestore.com\/en\/product\/chromat-cay-kazani-aritma-cihazi\/\" \/>\n<meta property=\"og:site_name\" content=\"Me\u015fale Store\" \/>\n<meta property=\"article:publisher\" content=\"https:\/\/www.facebook.com\/mesalecay\" \/>\n<meta property=\"article:modified_time\" content=\"2026-04-11T09:43:38+00:00\" \/>\n<meta property=\"og:image\" content=\"https:\/\/mesalestore.com\/wp-content\/uploads\/2026\/01\/1_org_zoom-45.jpg\" \/>\n\t<meta property=\"og:image:width\" content=\"1200\" \/>\n\t<meta property=\"og:image:height\" content=\"1800\" \/>\n\t<meta property=\"og:image:type\" content=\"image\/jpeg\" \/>\n<meta name=\"twitter:card\" content=\"summary_large_image\" \/>\n<meta name=\"twitter:site\" content=\"@mesalecaykazan\" \/>\n<meta name=\"twitter:label1\" content=\"Est. reading time\" \/>\n\t<meta name=\"twitter:data1\" content=\"1 minute\" \/>\n<script type=\"application\/ld+json\" class=\"yoast-schema-graph\">{\"@context\":\"https:\/\/schema.org\",\"@graph\":[{\"@type\":\"WebPage\",\"@id\":\"https:\/\/mesalestore.com\/en\/product\/chromat-cay-kazani-aritma-cihazi\/\",\"url\":\"https:\/\/mesalestore.com\/en\/product\/chromat-cay-kazani-aritma-cihazi\/\",\"name\":\"Chromat \u00c7ay Kazan\u0131 Ar\u0131tma Cihaz\u0131 | Me\u015fale Store\",\"isPartOf\":{\"@id\":\"https:\/\/mesalestore.com\/en\/#website\"},\"primaryImageOfPage\":{\"@id\":\"https:\/\/mesalestore.com\/en\/product\/chromat-cay-kazani-aritma-cihazi\/#primaryimage\"},\"image\":{\"@id\":\"https:\/\/mesalestore.com\/en\/product\/chromat-cay-kazani-aritma-cihazi\/#primaryimage\"},\"thumbnailUrl\":\"https:\/\/mesalestore.com\/wp-content\/uploads\/2026\/01\/1_org_zoom-45.jpg\",\"datePublished\":\"2026-02-09T09:18:54+00:00\",\"dateModified\":\"2026-04-11T09:43:38+00:00\",\"description\":\"Chromat \u00c7ay Kazan\u0131 Ar\u0131tma Cihaz\u0131, \u00e7ay kazan\u0131n\u0131zda kullan\u0131lan suyun kalitesini art\u0131rarak daha sa\u011fl\u0131kl\u0131 ve lezzetli \u00e7aylar demlemenize yard\u0131mc\u0131 olur. Bu\",\"breadcrumb\":{\"@id\":\"https:\/\/mesalestore.com\/en\/product\/chromat-cay-kazani-aritma-cihazi\/#breadcrumb\"},\"inLanguage\":\"en-US\",\"potentialAction\":[{\"@type\":\"ReadAction\",\"target\":[\"https:\/\/mesalestore.com\/en\/product\/chromat-cay-kazani-aritma-cihazi\/\"]}]},{\"@type\":\"ImageObject\",\"inLanguage\":\"en-US\",\"@id\":\"https:\/\/mesalestore.com\/en\/product\/chromat-cay-kazani-aritma-cihazi\/#primaryimage\",\"url\":\"https:\/\/mesalestore.com\/wp-content\/uploads\/2026\/01\/1_org_zoom-45.jpg\",\"contentUrl\":\"https:\/\/mesalestore.com\/wp-content\/uploads\/2026\/01\/1_org_zoom-45.jpg\",\"width\":1200,\"height\":1800},{\"@type\":\"BreadcrumbList\",\"@id\":\"https:\/\/mesalestore.com\/en\/product\/chromat-cay-kazani-aritma-cihazi\/#breadcrumb\",\"itemListElement\":[{\"@type\":\"ListItem\",\"position\":1,\"name\":\"Anasayfa\",\"item\":\"https:\/\/mesalestore.com\/en\/\"},{\"@type\":\"ListItem\",\"position\":2,\"name\":\"Products\",\"item\":\"https:\/\/mesalestore.com\/en\/shop\/\"},{\"@type\":\"ListItem\",\"position\":3,\"name\":\"Chromat \u00c7ay Kazan\u0131 Ar\u0131tma Cihaz\u0131\"}]},{\"@type\":\"WebSite\",\"@id\":\"https:\/\/mesalestore.com\/en\/#website\",\"url\":\"https:\/\/mesalestore.com\/en\/\",\"name\":\"Me\u015fale Store\",\"description\":\"\",\"publisher\":{\"@id\":\"https:\/\/mesalestore.com\/en\/#organization\"},\"potentialAction\":[{\"@type\":\"SearchAction\",\"target\":{\"@type\":\"EntryPoint\",\"urlTemplate\":\"https:\/\/mesalestore.com\/en\/?s={search_term_string}\"},\"query-input\":{\"@type\":\"PropertyValueSpecification\",\"valueRequired\":true,\"valueName\":\"search_term_string\"}}],\"inLanguage\":\"en-US\"},{\"@type\":\"Organization\",\"@id\":\"https:\/\/mesalestore.com\/en\/#organization\",\"name\":\"Me\u015fale Store\",\"url\":\"https:\/\/mesalestore.com\/en\/\",\"logo\":{\"@type\":\"ImageObject\",\"inLanguage\":\"en-US\",\"@id\":\"https:\/\/mesalestore.com\/en\/#\/schema\/logo\/image\/\",\"url\":\"https:\/\/mesalestore.com\/wp-content\/uploads\/2026\/03\/logo-header-yeni-1.webp\",\"contentUrl\":\"https:\/\/mesalestore.com\/wp-content\/uploads\/2026\/03\/logo-header-yeni-1.webp\",\"width\":419,\"height\":147,\"caption\":\"Me\u015fale Store\"},\"image\":{\"@id\":\"https:\/\/mesalestore.com\/en\/#\/schema\/logo\/image\/\"},\"sameAs\":[\"https:\/\/www.facebook.com\/mesalecay\",\"https:\/\/x.com\/mesalecaykazan\",\"https:\/\/www.instagram.com\/mesalecaykazan\/\"]}]}<\/script>\n<!-- \/ Yoast SEO plugin. -->","yoast_head_json":{"title":"Chromat \u00c7ay Kazan\u0131 Ar\u0131tma Cihaz\u0131 | Me\u015fale Store","description":"Chromat \u00c7ay Kazan\u0131 Ar\u0131tma Cihaz\u0131, \u00e7ay kazan\u0131n\u0131zda kullan\u0131lan suyun kalitesini art\u0131rarak daha sa\u011fl\u0131kl\u0131 ve lezzetli \u00e7aylar demlemenize yard\u0131mc\u0131 olur. Bu","robots":{"index":"index","follow":"follow","max-snippet":"max-snippet:-1","max-image-preview":"max-image-preview:large","max-video-preview":"max-video-preview:-1"},"canonical":"https:\/\/mesalestore.com\/en\/product\/chromat-cay-kazani-aritma-cihazi\/","og_locale":"en_US","og_type":"article","og_title":"Chromat \u00c7ay Kazan\u0131 Ar\u0131tma Cihaz\u0131 | Me\u015fale Store","og_description":"Chromat \u00c7ay Kazan\u0131 Ar\u0131tma Cihaz\u0131, \u00e7ay kazan\u0131n\u0131zda kullan\u0131lan suyun kalitesini art\u0131rarak daha sa\u011fl\u0131kl\u0131 ve lezzetli \u00e7aylar demlemenize yard\u0131mc\u0131 olur. Bu","og_url":"https:\/\/mesalestore.com\/en\/product\/chromat-cay-kazani-aritma-cihazi\/","og_site_name":"Me\u015fale Store","article_publisher":"https:\/\/www.facebook.com\/mesalecay","article_modified_time":"2026-04-11T09:43:38+00:00","og_image":[{"width":1200,"height":1800,"url":"https:\/\/mesalestore.com\/wp-content\/uploads\/2026\/01\/1_org_zoom-45.jpg","type":"image\/jpeg"}],"twitter_card":"summary_large_image","twitter_site":"@mesalecaykazan","twitter_misc":{"Est. reading time":"1 minute"},"schema":{"@context":"https:\/\/schema.org","@graph":[{"@type":"WebPage","@id":"https:\/\/mesalestore.com\/en\/product\/chromat-cay-kazani-aritma-cihazi\/","url":"https:\/\/mesalestore.com\/en\/product\/chromat-cay-kazani-aritma-cihazi\/","name":"Chromat \u00c7ay Kazan\u0131 Ar\u0131tma Cihaz\u0131 | Me\u015fale Store","isPartOf":{"@id":"https:\/\/mesalestore.com\/en\/#website"},"primaryImageOfPage":{"@id":"https:\/\/mesalestore.com\/en\/product\/chromat-cay-kazani-aritma-cihazi\/#primaryimage"},"image":{"@id":"https:\/\/mesalestore.com\/en\/product\/chromat-cay-kazani-aritma-cihazi\/#primaryimage"},"thumbnailUrl":"https:\/\/mesalestore.com\/wp-content\/uploads\/2026\/01\/1_org_zoom-45.jpg","datePublished":"2026-02-09T09:18:54+00:00","dateModified":"2026-04-11T09:43:38+00:00","description":"Chromat \u00c7ay Kazan\u0131 Ar\u0131tma Cihaz\u0131, \u00e7ay kazan\u0131n\u0131zda kullan\u0131lan suyun kalitesini art\u0131rarak daha sa\u011fl\u0131kl\u0131 ve lezzetli \u00e7aylar demlemenize yard\u0131mc\u0131 olur. Bu","breadcrumb":{"@id":"https:\/\/mesalestore.com\/en\/product\/chromat-cay-kazani-aritma-cihazi\/#breadcrumb"},"inLanguage":"en-US","potentialAction":[{"@type":"ReadAction","target":["https:\/\/mesalestore.com\/en\/product\/chromat-cay-kazani-aritma-cihazi\/"]}]},{"@type":"ImageObject","inLanguage":"en-US","@id":"https:\/\/mesalestore.com\/en\/product\/chromat-cay-kazani-aritma-cihazi\/#primaryimage","url":"https:\/\/mesalestore.com\/wp-content\/uploads\/2026\/01\/1_org_zoom-45.jpg","contentUrl":"https:\/\/mesalestore.com\/wp-content\/uploads\/2026\/01\/1_org_zoom-45.jpg","width":1200,"height":1800},{"@type":"BreadcrumbList","@id":"https:\/\/mesalestore.com\/en\/product\/chromat-cay-kazani-aritma-cihazi\/#breadcrumb","itemListElement":[{"@type":"ListItem","position":1,"name":"Anasayfa","item":"https:\/\/mesalestore.com\/en\/"},{"@type":"ListItem","position":2,"name":"Products","item":"https:\/\/mesalestore.com\/en\/shop\/"},{"@type":"ListItem","position":3,"name":"Chromat \u00c7ay Kazan\u0131 Ar\u0131tma Cihaz\u0131"}]},{"@type":"WebSite","@id":"https:\/\/mesalestore.com\/en\/#website","url":"https:\/\/mesalestore.com\/en\/","name":"Me\u015fale Store","description":"","publisher":{"@id":"https:\/\/mesalestore.com\/en\/#organization"},"potentialAction":[{"@type":"SearchAction","target":{"@type":"EntryPoint","urlTemplate":"https:\/\/mesalestore.com\/en\/?s={search_term_string}"},"query-input":{"@type":"PropertyValueSpecification","valueRequired":true,"valueName":"search_term_string"}}],"inLanguage":"en-US"},{"@type":"Organization","@id":"https:\/\/mesalestore.com\/en\/#organization","name":"Me\u015fale Store","url":"https:\/\/mesalestore.com\/en\/","logo":{"@type":"ImageObject","inLanguage":"en-US","@id":"https:\/\/mesalestore.com\/en\/#\/schema\/logo\/image\/","url":"https:\/\/mesalestore.com\/wp-content\/uploads\/2026\/03\/logo-header-yeni-1.webp","contentUrl":"https:\/\/mesalestore.com\/wp-content\/uploads\/2026\/03\/logo-header-yeni-1.webp","width":419,"height":147,"caption":"Me\u015fale Store"},"image":{"@id":"https:\/\/mesalestore.com\/en\/#\/schema\/logo\/image\/"},"sameAs":["https:\/\/www.facebook.com\/mesalecay","https:\/\/x.com\/mesalecaykazan","https:\/\/www.instagram.com\/mesalecaykazan\/"]}]}},"_links":{"self":[{"href":"https:\/\/mesalestore.com\/en\/wp-json\/wp\/v2\/product\/2413","targetHints":{"allow":["GET"]}}],"collection":[{"href":"https:\/\/mesalestore.com\/en\/wp-json\/wp\/v2\/product"}],"about":[{"href":"https:\/\/mesalestore.com\/en\/wp-json\/wp\/v2\/types\/product"}],"replies":[{"embeddable":true,"href":"https:\/\/mesalestore.com\/en\/wp-json\/wp\/v2\/comments?post=2413"}],"wp:featuredmedia":[{"embeddable":true,"href":"https:\/\/mesalestore.com\/en\/wp-json\/wp\/v2\/media\/433"}],"wp:attachment":[{"href":"https:\/\/mesalestore.com\/en\/wp-json\/wp\/v2\/media?parent=2413"}],"wp:term":[{"taxonomy":"product_brand","embeddable":true,"href":"https:\/\/mesalestore.com\/en\/wp-json\/wp\/v2\/product_brand?post=2413"},{"taxonomy":"product_cat","embeddable":true,"href":"https:\/\/mesalestore.com\/en\/wp-json\/wp\/v2\/product_cat?post=2413"},{"taxonomy":"product_tag","embeddable":true,"href":"https:\/\/mesalestore.com\/en\/wp-json\/wp\/v2\/product_tag?post=2413"}],"curies":[{"name":"wp","href":"https:\/\/api.w.org\/{rel}","templated":true}]}}