{"id":2409,"date":"2026-02-09T12:18:53","date_gmt":"2026-02-09T09:18:53","guid":{"rendered":"http:\/\/mesalestore.com\/product\/caymatik-rezistansi-1000w\/"},"modified":"2026-04-10T01:32:46","modified_gmt":"2026-04-09T22:32:46","slug":"caymatik-rezistansi-1000w","status":"publish","type":"product","link":"https:\/\/mesalestore.com\/en\/product\/caymatik-rezistansi-1000w\/","title":{"rendered":"\u00c7aymatik Rezistans\u0131 1000W"},"content":{"rendered":"<p><strong>\u00c7aymatik rezistans\u0131 1000W<\/strong>, \u00f6zellikle ticari i\u015fletmelerde ve end\u00fcstriyel mutfaklarda kullan\u0131lan <strong>\u00e7ay kazan\u0131<\/strong> sistemlerinde y\u00fcksek performans sunan etkili bir <strong>\u0131s\u0131tma eleman\u0131<\/strong> olarak \u00f6ne \u00e7\u0131kar. <strong>1000W g\u00fcc\u00fcyle<\/strong>, suyu h\u0131zl\u0131ca \u0131s\u0131tarak \u00e7aylar\u0131n istenilen s\u0131cakl\u0131kta demlenmesini sa\u011flar, b\u00f6ylece her seferinde m\u00fckemmel bir \u00e7ay haz\u0131rlan\u0131r. Hem k\u00fc\u00e7\u00fck \u00f6l\u00e7ekli \u00e7ay makinelerinde hem de b\u00fcy\u00fck <strong>\u00e7ay kazan\u0131<\/strong> sistemlerinde kullan\u0131ma uygun olan bu <strong>rezistans modeli<\/strong>, y\u00fcksek verimlilik ve enerji tasarrufu sa\u011flar.<\/p>\n<p><strong>\u00c7aymatik rezistans\u0131 1000W<\/strong>, sa\u011flam yap\u0131s\u0131 ve dayan\u0131kl\u0131 malzemesiyle uzun \u00f6m\u00fcrl\u00fcd\u00fcr. Ticari i\u015fletmelerin yo\u011fun kullan\u0131m \u015fartlar\u0131na dayanacak \u015fekilde tasarlanm\u0131\u015ft\u0131r, bu da ona g\u00fcvenli ve uzun s\u00fcreli bir kullan\u0131m imkan\u0131 tan\u0131r. Ayn\u0131 zamanda, <strong>\u00e7aymatik rezistans\u0131<\/strong> bak\u0131m\u0131 kolayd\u0131r ve <strong>\u00e7ay kazan\u0131<\/strong> i\u00e7indeki suyun d\u00fczenli bir \u015fekilde \u0131s\u0131nmas\u0131n\u0131 sa\u011flar. \u00d6zellikle y\u00fcksek s\u0131cakl\u0131k ihtiyac\u0131 duyan i\u00e7ecek haz\u0131rlama makineleri i\u00e7in m\u00fckemmel bir \u00e7\u00f6z\u00fcm sunar.<\/p>\n<p>Enerji tasarrufu sa\u011flamak ve maliyetleri d\u00fc\u015f\u00fcrmek isteyen i\u015fletmeler i\u00e7in ideal bir tercih olan <strong>\u00e7aymatik rezistans\u0131 1000W<\/strong>, suyun h\u0131zla \u0131s\u0131nmas\u0131n\u0131 sa\u011flayarak zamandan tasarruf etmenize de yard\u0131mc\u0131 olur. Verimli \u0131s\u0131nma ve uzun \u00f6m\u00fcrl\u00fc yap\u0131, <strong>\u00e7aymatik rezistans<\/strong> \u00fcr\u00fcn\u00fcn\u00fcn ticari mutfaklar i\u00e7in vazge\u00e7ilmez olmas\u0131n\u0131 sa\u011flar. Ayr\u0131ca, <strong>1000W g\u00fcc\u00fc<\/strong>, istenilen s\u0131cakl\u0131klar\u0131 k\u0131sa s\u00fcrede elde etmenize olanak tan\u0131r, b\u00f6ylece i\u015flemler h\u0131zlan\u0131r ve verimlilik artar.<\/p>","protected":false},"excerpt":{"rendered":"<p>\u00c7aymatik rezistans\u0131 1000W, \u00f6zellikle ticari i\u015fletmelerde ve end\u00fcstriyel mutfaklarda kullan\u0131lan \u00e7ay kazan\u0131 sistemlerinde y\u00fcksek performans sunan etkili bir \u0131s\u0131tma eleman\u0131 olarak \u00f6ne \u00e7\u0131kar. 1000W g\u00fcc\u00fcyle, suyu h\u0131zl\u0131ca \u0131s\u0131tarak \u00e7aylar\u0131n istenilen s\u0131cakl\u0131kta demlenmesini sa\u011flar, b\u00f6ylece her seferinde m\u00fckemmel bir \u00e7ay haz\u0131rlan\u0131r. Hem k\u00fc\u00e7\u00fck \u00f6l\u00e7ekli \u00e7ay makinelerinde hem de b\u00fcy\u00fck \u00e7ay kazan\u0131 sistemlerinde kullan\u0131ma uygun olan bu [&hellip;]<\/p>\n","protected":false},"featured_media":424,"comment_status":"closed","ping_status":"closed","template":"","meta":[],"product_brand":[7749],"product_cat":[7985],"product_tag":[611,72,609,533,608,540,610],"class_list":{"0":"post-2409","1":"product","2":"type-product","3":"status-publish","4":"has-post-thumbnail","6":"product_brand-mesale","7":"product_cat-rezistanslar","8":"product_tag-1000w","9":"product_tag-caymatik","10":"product_tag-caymatik-1000w","11":"product_tag-caymatik-rezistansi","12":"product_tag-caymatik-rezistansi-1000w","13":"product_tag-rezistansi","14":"product_tag-rezistansi-1000w","16":"first","17":"instock","18":"taxable","19":"shipping-taxable","20":"purchasable","21":"product-type-simple"},"yoast_head":"<!-- This site is optimized with the Yoast SEO plugin v27.1.1 - https:\/\/yoast.com\/product\/yoast-seo-wordpress\/ -->\n<title>\u00c7aymatik Rezistans\u0131 1000W | Me\u015fale Store<\/title>\n<meta name=\"description\" content=\"\u00c7aymatik rezistans\u0131 1000W, \u00f6zellikle ticari i\u015fletmelerde ve end\u00fcstriyel mutfaklarda kullan\u0131lan \u00e7ay kazan\u0131 sistemlerinde y\u00fcksek performans sunan etkili bir\" \/>\n<meta name=\"robots\" content=\"index, follow, max-snippet:-1, max-image-preview:large, max-video-preview:-1\" \/>\n<link rel=\"canonical\" href=\"https:\/\/mesalestore.com\/en\/product\/caymatik-rezistansi-1000w\/\" \/>\n<meta property=\"og:locale\" content=\"en_US\" \/>\n<meta property=\"og:type\" content=\"article\" \/>\n<meta property=\"og:title\" content=\"\u00c7aymatik Rezistans\u0131 1000W | Me\u015fale Store\" \/>\n<meta property=\"og:description\" content=\"\u00c7aymatik rezistans\u0131 1000W, \u00f6zellikle ticari i\u015fletmelerde ve end\u00fcstriyel mutfaklarda kullan\u0131lan \u00e7ay kazan\u0131 sistemlerinde y\u00fcksek performans sunan etkili bir\" \/>\n<meta property=\"og:url\" content=\"https:\/\/mesalestore.com\/en\/product\/caymatik-rezistansi-1000w\/\" \/>\n<meta property=\"og:site_name\" content=\"Me\u015fale Store\" \/>\n<meta property=\"article:publisher\" content=\"https:\/\/www.facebook.com\/mesalecay\" \/>\n<meta property=\"article:modified_time\" content=\"2026-04-09T22:32:46+00:00\" \/>\n<meta property=\"og:image\" content=\"https:\/\/mesalestore.com\/wp-content\/uploads\/2026\/01\/1_org_zoom-40.jpg\" \/>\n\t<meta property=\"og:image:width\" content=\"1200\" \/>\n\t<meta property=\"og:image:height\" content=\"1800\" \/>\n\t<meta property=\"og:image:type\" content=\"image\/jpeg\" \/>\n<meta name=\"twitter:card\" content=\"summary_large_image\" \/>\n<meta name=\"twitter:site\" content=\"@mesalecaykazan\" \/>\n<meta name=\"twitter:label1\" content=\"Est. reading time\" \/>\n\t<meta name=\"twitter:data1\" content=\"2 minutes\" \/>\n<script type=\"application\/ld+json\" class=\"yoast-schema-graph\">{\"@context\":\"https:\/\/schema.org\",\"@graph\":[{\"@type\":\"WebPage\",\"@id\":\"https:\/\/mesalestore.com\/en\/product\/caymatik-rezistansi-1000w\/\",\"url\":\"https:\/\/mesalestore.com\/en\/product\/caymatik-rezistansi-1000w\/\",\"name\":\"\u00c7aymatik Rezistans\u0131 1000W | Me\u015fale Store\",\"isPartOf\":{\"@id\":\"https:\/\/mesalestore.com\/en\/#website\"},\"primaryImageOfPage\":{\"@id\":\"https:\/\/mesalestore.com\/en\/product\/caymatik-rezistansi-1000w\/#primaryimage\"},\"image\":{\"@id\":\"https:\/\/mesalestore.com\/en\/product\/caymatik-rezistansi-1000w\/#primaryimage\"},\"thumbnailUrl\":\"https:\/\/mesalestore.com\/wp-content\/uploads\/2026\/01\/1_org_zoom-40.jpg\",\"datePublished\":\"2026-02-09T09:18:53+00:00\",\"dateModified\":\"2026-04-09T22:32:46+00:00\",\"description\":\"\u00c7aymatik rezistans\u0131 1000W, \u00f6zellikle ticari i\u015fletmelerde ve end\u00fcstriyel mutfaklarda kullan\u0131lan \u00e7ay kazan\u0131 sistemlerinde y\u00fcksek performans sunan etkili bir\",\"breadcrumb\":{\"@id\":\"https:\/\/mesalestore.com\/en\/product\/caymatik-rezistansi-1000w\/#breadcrumb\"},\"inLanguage\":\"en-US\",\"potentialAction\":[{\"@type\":\"ReadAction\",\"target\":[\"https:\/\/mesalestore.com\/en\/product\/caymatik-rezistansi-1000w\/\"]}]},{\"@type\":\"ImageObject\",\"inLanguage\":\"en-US\",\"@id\":\"https:\/\/mesalestore.com\/en\/product\/caymatik-rezistansi-1000w\/#primaryimage\",\"url\":\"https:\/\/mesalestore.com\/wp-content\/uploads\/2026\/01\/1_org_zoom-40.jpg\",\"contentUrl\":\"https:\/\/mesalestore.com\/wp-content\/uploads\/2026\/01\/1_org_zoom-40.jpg\",\"width\":1200,\"height\":1800},{\"@type\":\"BreadcrumbList\",\"@id\":\"https:\/\/mesalestore.com\/en\/product\/caymatik-rezistansi-1000w\/#breadcrumb\",\"itemListElement\":[{\"@type\":\"ListItem\",\"position\":1,\"name\":\"Anasayfa\",\"item\":\"https:\/\/mesalestore.com\/en\/\"},{\"@type\":\"ListItem\",\"position\":2,\"name\":\"Products\",\"item\":\"https:\/\/mesalestore.com\/en\/shop\/\"},{\"@type\":\"ListItem\",\"position\":3,\"name\":\"\u00c7aymatik Rezistans\u0131 1000W\"}]},{\"@type\":\"WebSite\",\"@id\":\"https:\/\/mesalestore.com\/en\/#website\",\"url\":\"https:\/\/mesalestore.com\/en\/\",\"name\":\"Me\u015fale Store\",\"description\":\"\",\"publisher\":{\"@id\":\"https:\/\/mesalestore.com\/en\/#organization\"},\"potentialAction\":[{\"@type\":\"SearchAction\",\"target\":{\"@type\":\"EntryPoint\",\"urlTemplate\":\"https:\/\/mesalestore.com\/en\/?s={search_term_string}\"},\"query-input\":{\"@type\":\"PropertyValueSpecification\",\"valueRequired\":true,\"valueName\":\"search_term_string\"}}],\"inLanguage\":\"en-US\"},{\"@type\":\"Organization\",\"@id\":\"https:\/\/mesalestore.com\/en\/#organization\",\"name\":\"Me\u015fale Store\",\"url\":\"https:\/\/mesalestore.com\/en\/\",\"logo\":{\"@type\":\"ImageObject\",\"inLanguage\":\"en-US\",\"@id\":\"https:\/\/mesalestore.com\/en\/#\/schema\/logo\/image\/\",\"url\":\"https:\/\/mesalestore.com\/wp-content\/uploads\/2026\/03\/logo-header-yeni-1.webp\",\"contentUrl\":\"https:\/\/mesalestore.com\/wp-content\/uploads\/2026\/03\/logo-header-yeni-1.webp\",\"width\":419,\"height\":147,\"caption\":\"Me\u015fale Store\"},\"image\":{\"@id\":\"https:\/\/mesalestore.com\/en\/#\/schema\/logo\/image\/\"},\"sameAs\":[\"https:\/\/www.facebook.com\/mesalecay\",\"https:\/\/x.com\/mesalecaykazan\",\"https:\/\/www.instagram.com\/mesalecaykazan\/\"]}]}<\/script>\n<!-- \/ Yoast SEO plugin. -->","yoast_head_json":{"title":"\u00c7aymatik Rezistans\u0131 1000W | Me\u015fale Store","description":"\u00c7aymatik rezistans\u0131 1000W, \u00f6zellikle ticari i\u015fletmelerde ve end\u00fcstriyel mutfaklarda kullan\u0131lan \u00e7ay kazan\u0131 sistemlerinde y\u00fcksek performans sunan etkili bir","robots":{"index":"index","follow":"follow","max-snippet":"max-snippet:-1","max-image-preview":"max-image-preview:large","max-video-preview":"max-video-preview:-1"},"canonical":"https:\/\/mesalestore.com\/en\/product\/caymatik-rezistansi-1000w\/","og_locale":"en_US","og_type":"article","og_title":"\u00c7aymatik Rezistans\u0131 1000W | Me\u015fale Store","og_description":"\u00c7aymatik rezistans\u0131 1000W, \u00f6zellikle ticari i\u015fletmelerde ve end\u00fcstriyel mutfaklarda kullan\u0131lan \u00e7ay kazan\u0131 sistemlerinde y\u00fcksek performans sunan etkili bir","og_url":"https:\/\/mesalestore.com\/en\/product\/caymatik-rezistansi-1000w\/","og_site_name":"Me\u015fale Store","article_publisher":"https:\/\/www.facebook.com\/mesalecay","article_modified_time":"2026-04-09T22:32:46+00:00","og_image":[{"width":1200,"height":1800,"url":"https:\/\/mesalestore.com\/wp-content\/uploads\/2026\/01\/1_org_zoom-40.jpg","type":"image\/jpeg"}],"twitter_card":"summary_large_image","twitter_site":"@mesalecaykazan","twitter_misc":{"Est. reading time":"2 minutes"},"schema":{"@context":"https:\/\/schema.org","@graph":[{"@type":"WebPage","@id":"https:\/\/mesalestore.com\/en\/product\/caymatik-rezistansi-1000w\/","url":"https:\/\/mesalestore.com\/en\/product\/caymatik-rezistansi-1000w\/","name":"\u00c7aymatik Rezistans\u0131 1000W | Me\u015fale Store","isPartOf":{"@id":"https:\/\/mesalestore.com\/en\/#website"},"primaryImageOfPage":{"@id":"https:\/\/mesalestore.com\/en\/product\/caymatik-rezistansi-1000w\/#primaryimage"},"image":{"@id":"https:\/\/mesalestore.com\/en\/product\/caymatik-rezistansi-1000w\/#primaryimage"},"thumbnailUrl":"https:\/\/mesalestore.com\/wp-content\/uploads\/2026\/01\/1_org_zoom-40.jpg","datePublished":"2026-02-09T09:18:53+00:00","dateModified":"2026-04-09T22:32:46+00:00","description":"\u00c7aymatik rezistans\u0131 1000W, \u00f6zellikle ticari i\u015fletmelerde ve end\u00fcstriyel mutfaklarda kullan\u0131lan \u00e7ay kazan\u0131 sistemlerinde y\u00fcksek performans sunan etkili bir","breadcrumb":{"@id":"https:\/\/mesalestore.com\/en\/product\/caymatik-rezistansi-1000w\/#breadcrumb"},"inLanguage":"en-US","potentialAction":[{"@type":"ReadAction","target":["https:\/\/mesalestore.com\/en\/product\/caymatik-rezistansi-1000w\/"]}]},{"@type":"ImageObject","inLanguage":"en-US","@id":"https:\/\/mesalestore.com\/en\/product\/caymatik-rezistansi-1000w\/#primaryimage","url":"https:\/\/mesalestore.com\/wp-content\/uploads\/2026\/01\/1_org_zoom-40.jpg","contentUrl":"https:\/\/mesalestore.com\/wp-content\/uploads\/2026\/01\/1_org_zoom-40.jpg","width":1200,"height":1800},{"@type":"BreadcrumbList","@id":"https:\/\/mesalestore.com\/en\/product\/caymatik-rezistansi-1000w\/#breadcrumb","itemListElement":[{"@type":"ListItem","position":1,"name":"Anasayfa","item":"https:\/\/mesalestore.com\/en\/"},{"@type":"ListItem","position":2,"name":"Products","item":"https:\/\/mesalestore.com\/en\/shop\/"},{"@type":"ListItem","position":3,"name":"\u00c7aymatik Rezistans\u0131 1000W"}]},{"@type":"WebSite","@id":"https:\/\/mesalestore.com\/en\/#website","url":"https:\/\/mesalestore.com\/en\/","name":"Me\u015fale Store","description":"","publisher":{"@id":"https:\/\/mesalestore.com\/en\/#organization"},"potentialAction":[{"@type":"SearchAction","target":{"@type":"EntryPoint","urlTemplate":"https:\/\/mesalestore.com\/en\/?s={search_term_string}"},"query-input":{"@type":"PropertyValueSpecification","valueRequired":true,"valueName":"search_term_string"}}],"inLanguage":"en-US"},{"@type":"Organization","@id":"https:\/\/mesalestore.com\/en\/#organization","name":"Me\u015fale Store","url":"https:\/\/mesalestore.com\/en\/","logo":{"@type":"ImageObject","inLanguage":"en-US","@id":"https:\/\/mesalestore.com\/en\/#\/schema\/logo\/image\/","url":"https:\/\/mesalestore.com\/wp-content\/uploads\/2026\/03\/logo-header-yeni-1.webp","contentUrl":"https:\/\/mesalestore.com\/wp-content\/uploads\/2026\/03\/logo-header-yeni-1.webp","width":419,"height":147,"caption":"Me\u015fale Store"},"image":{"@id":"https:\/\/mesalestore.com\/en\/#\/schema\/logo\/image\/"},"sameAs":["https:\/\/www.facebook.com\/mesalecay","https:\/\/x.com\/mesalecaykazan","https:\/\/www.instagram.com\/mesalecaykazan\/"]}]}},"_links":{"self":[{"href":"https:\/\/mesalestore.com\/en\/wp-json\/wp\/v2\/product\/2409","targetHints":{"allow":["GET"]}}],"collection":[{"href":"https:\/\/mesalestore.com\/en\/wp-json\/wp\/v2\/product"}],"about":[{"href":"https:\/\/mesalestore.com\/en\/wp-json\/wp\/v2\/types\/product"}],"replies":[{"embeddable":true,"href":"https:\/\/mesalestore.com\/en\/wp-json\/wp\/v2\/comments?post=2409"}],"wp:featuredmedia":[{"embeddable":true,"href":"https:\/\/mesalestore.com\/en\/wp-json\/wp\/v2\/media\/424"}],"wp:attachment":[{"href":"https:\/\/mesalestore.com\/en\/wp-json\/wp\/v2\/media?parent=2409"}],"wp:term":[{"taxonomy":"product_brand","embeddable":true,"href":"https:\/\/mesalestore.com\/en\/wp-json\/wp\/v2\/product_brand?post=2409"},{"taxonomy":"product_cat","embeddable":true,"href":"https:\/\/mesalestore.com\/en\/wp-json\/wp\/v2\/product_cat?post=2409"},{"taxonomy":"product_tag","embeddable":true,"href":"https:\/\/mesalestore.com\/en\/wp-json\/wp\/v2\/product_tag?post=2409"}],"curies":[{"name":"wp","href":"https:\/\/api.w.org\/{rel}","templated":true}]}}