{"id":2407,"date":"2026-02-09T12:18:52","date_gmt":"2026-02-09T09:18:52","guid":{"rendered":"http:\/\/mesalestore.com\/product\/sari-cay-kazani-muslugu\/"},"modified":"2026-04-10T17:25:46","modified_gmt":"2026-04-10T14:25:46","slug":"sari-cay-kazani-muslugu","status":"publish","type":"product","link":"https:\/\/mesalestore.com\/en\/product\/sari-cay-kazani-muslugu\/","title":{"rendered":"Gold \u00c7ay Kazan\u0131 Muslu\u011fu"},"content":{"rendered":"<p><strong>Sar\u0131 \u00e7ay kazan\u0131 muslu\u011fu<\/strong>, \u00f6zellikle <strong>\u00e7ay kazan\u0131<\/strong> sistemlerinde s\u0131kl\u0131kla kullan\u0131lan dayan\u0131kl\u0131 bir par\u00e7ad\u0131r. <strong>\u00c7ay kazan\u0131 muslu\u011fu<\/strong>, s\u0131cak su ve \u00e7ay s\u0131v\u0131s\u0131n\u0131 g\u00fcvenle d\u00f6kebilmek i\u00e7in tasarlanm\u0131\u015f olup, <strong>end\u00fcstriyel \u00e7ay makineleri<\/strong> ve <strong>gazl\u0131 \u00e7ay kazan\u0131<\/strong> gibi cihazlarda verimli \u00e7al\u0131\u015f\u0131r. Y\u00fcksek s\u0131cakl\u0131klara dayan\u0131kl\u0131 <strong>sar\u0131 \u00e7ay kazan\u0131 muslu\u011fu<\/strong>, uzun \u00f6m\u00fcrl\u00fc ve g\u00fcvenilir bir kullan\u0131m sunar.<\/p>","protected":false},"excerpt":{"rendered":"<p>Sar\u0131 \u00e7ay kazan\u0131 muslu\u011fu, \u00f6zellikle \u00e7ay kazan\u0131 sistemlerinde s\u0131kl\u0131kla kullan\u0131lan dayan\u0131kl\u0131 bir par\u00e7ad\u0131r. \u00c7ay kazan\u0131 muslu\u011fu, s\u0131cak su ve \u00e7ay s\u0131v\u0131s\u0131n\u0131 g\u00fcvenle d\u00f6kebilmek i\u00e7in tasarlanm\u0131\u015f olup, end\u00fcstriyel \u00e7ay makineleri ve gazl\u0131 \u00e7ay kazan\u0131 gibi cihazlarda verimli \u00e7al\u0131\u015f\u0131r. Y\u00fcksek s\u0131cakl\u0131klara dayan\u0131kl\u0131 sar\u0131 \u00e7ay kazan\u0131 muslu\u011fu, uzun \u00f6m\u00fcrl\u00fc ve g\u00fcvenilir bir kullan\u0131m sunar.<\/p>","protected":false},"featured_media":420,"comment_status":"closed","ping_status":"closed","template":"","meta":[],"product_brand":[7750],"product_cat":[7984],"product_tag":[478,481,484,485,488,491,1259,1260,1261,1262,1263,1264,1265,1266],"class_list":{"0":"post-2407","1":"product","2":"type-product","3":"status-publish","4":"has-post-thumbnail","6":"product_brand-demsu","7":"product_cat-musluklar","8":"product_tag-cay-kazani","9":"product_tag-cay-kazani-musluk","10":"product_tag-cay-musluk","11":"product_tag-kazani","12":"product_tag-kazani-musluk","13":"product_tag-musluk","14":"product_tag-sari","15":"product_tag-sari-cay","16":"product_tag-sari-cay-kazani","17":"product_tag-sari-cay-kazani-musluk","18":"product_tag-sari-cay-musluk","19":"product_tag-sari-kazani","20":"product_tag-sari-kazani-musluk","21":"product_tag-sari-musluk","23":"first","24":"instock","25":"sale","26":"taxable","27":"shipping-taxable","28":"purchasable","29":"product-type-simple"},"yoast_head":"<!-- This site is optimized with the Yoast SEO plugin v27.1.1 - https:\/\/yoast.com\/product\/yoast-seo-wordpress\/ -->\n<title>Gold \u00c7ay Kazan\u0131 Muslu\u011fu | Me\u015fale Store<\/title>\n<meta name=\"description\" content=\"Sar\u0131 \u00e7ay kazan\u0131 muslu\u011fu, \u00f6zellikle \u00e7ay kazan\u0131 sistemlerinde s\u0131kl\u0131kla kullan\u0131lan dayan\u0131kl\u0131 bir par\u00e7ad\u0131r. \u00c7ay kazan\u0131 muslu\u011fu, s\u0131cak su ve \u00e7ay s\u0131v\u0131s\u0131n\u0131\" \/>\n<meta name=\"robots\" content=\"index, follow, max-snippet:-1, max-image-preview:large, max-video-preview:-1\" \/>\n<link rel=\"canonical\" href=\"https:\/\/mesalestore.com\/en\/product\/sari-cay-kazani-muslugu\/\" \/>\n<meta property=\"og:locale\" content=\"en_US\" \/>\n<meta property=\"og:type\" content=\"article\" \/>\n<meta property=\"og:title\" content=\"Gold \u00c7ay Kazan\u0131 Muslu\u011fu | Me\u015fale Store\" \/>\n<meta property=\"og:description\" content=\"Sar\u0131 \u00e7ay kazan\u0131 muslu\u011fu, \u00f6zellikle \u00e7ay kazan\u0131 sistemlerinde s\u0131kl\u0131kla kullan\u0131lan dayan\u0131kl\u0131 bir par\u00e7ad\u0131r. \u00c7ay kazan\u0131 muslu\u011fu, s\u0131cak su ve \u00e7ay s\u0131v\u0131s\u0131n\u0131\" \/>\n<meta property=\"og:url\" content=\"https:\/\/mesalestore.com\/en\/product\/sari-cay-kazani-muslugu\/\" \/>\n<meta property=\"og:site_name\" content=\"Me\u015fale Store\" \/>\n<meta property=\"article:publisher\" content=\"https:\/\/www.facebook.com\/mesalecay\" \/>\n<meta property=\"article:modified_time\" content=\"2026-04-10T14:25:46+00:00\" \/>\n<meta property=\"og:image\" content=\"https:\/\/mesalestore.com\/wp-content\/uploads\/2026\/01\/1_org_zoom-38.jpg\" \/>\n\t<meta property=\"og:image:width\" content=\"1200\" \/>\n\t<meta property=\"og:image:height\" content=\"1800\" \/>\n\t<meta property=\"og:image:type\" content=\"image\/jpeg\" \/>\n<meta name=\"twitter:card\" content=\"summary_large_image\" \/>\n<meta name=\"twitter:site\" content=\"@mesalecaykazan\" \/>\n<meta name=\"twitter:label1\" content=\"Est. reading time\" \/>\n\t<meta name=\"twitter:data1\" content=\"1 minute\" \/>\n<script type=\"application\/ld+json\" class=\"yoast-schema-graph\">{\"@context\":\"https:\/\/schema.org\",\"@graph\":[{\"@type\":\"WebPage\",\"@id\":\"https:\/\/mesalestore.com\/en\/product\/sari-cay-kazani-muslugu\/\",\"url\":\"https:\/\/mesalestore.com\/en\/product\/sari-cay-kazani-muslugu\/\",\"name\":\"Gold \u00c7ay Kazan\u0131 Muslu\u011fu | Me\u015fale Store\",\"isPartOf\":{\"@id\":\"https:\/\/mesalestore.com\/en\/#website\"},\"primaryImageOfPage\":{\"@id\":\"https:\/\/mesalestore.com\/en\/product\/sari-cay-kazani-muslugu\/#primaryimage\"},\"image\":{\"@id\":\"https:\/\/mesalestore.com\/en\/product\/sari-cay-kazani-muslugu\/#primaryimage\"},\"thumbnailUrl\":\"https:\/\/mesalestore.com\/wp-content\/uploads\/2026\/01\/1_org_zoom-38.jpg\",\"datePublished\":\"2026-02-09T09:18:52+00:00\",\"dateModified\":\"2026-04-10T14:25:46+00:00\",\"description\":\"Sar\u0131 \u00e7ay kazan\u0131 muslu\u011fu, \u00f6zellikle \u00e7ay kazan\u0131 sistemlerinde s\u0131kl\u0131kla kullan\u0131lan dayan\u0131kl\u0131 bir par\u00e7ad\u0131r. \u00c7ay kazan\u0131 muslu\u011fu, s\u0131cak su ve \u00e7ay s\u0131v\u0131s\u0131n\u0131\",\"breadcrumb\":{\"@id\":\"https:\/\/mesalestore.com\/en\/product\/sari-cay-kazani-muslugu\/#breadcrumb\"},\"inLanguage\":\"en-US\",\"potentialAction\":[{\"@type\":\"ReadAction\",\"target\":[\"https:\/\/mesalestore.com\/en\/product\/sari-cay-kazani-muslugu\/\"]}]},{\"@type\":\"ImageObject\",\"inLanguage\":\"en-US\",\"@id\":\"https:\/\/mesalestore.com\/en\/product\/sari-cay-kazani-muslugu\/#primaryimage\",\"url\":\"https:\/\/mesalestore.com\/wp-content\/uploads\/2026\/01\/1_org_zoom-38.jpg\",\"contentUrl\":\"https:\/\/mesalestore.com\/wp-content\/uploads\/2026\/01\/1_org_zoom-38.jpg\",\"width\":1200,\"height\":1800},{\"@type\":\"BreadcrumbList\",\"@id\":\"https:\/\/mesalestore.com\/en\/product\/sari-cay-kazani-muslugu\/#breadcrumb\",\"itemListElement\":[{\"@type\":\"ListItem\",\"position\":1,\"name\":\"Anasayfa\",\"item\":\"https:\/\/mesalestore.com\/en\/\"},{\"@type\":\"ListItem\",\"position\":2,\"name\":\"Products\",\"item\":\"https:\/\/mesalestore.com\/en\/shop\/\"},{\"@type\":\"ListItem\",\"position\":3,\"name\":\"Gold \u00c7ay Kazan\u0131 Muslu\u011fu\"}]},{\"@type\":\"WebSite\",\"@id\":\"https:\/\/mesalestore.com\/en\/#website\",\"url\":\"https:\/\/mesalestore.com\/en\/\",\"name\":\"Me\u015fale Store\",\"description\":\"\",\"publisher\":{\"@id\":\"https:\/\/mesalestore.com\/en\/#organization\"},\"potentialAction\":[{\"@type\":\"SearchAction\",\"target\":{\"@type\":\"EntryPoint\",\"urlTemplate\":\"https:\/\/mesalestore.com\/en\/?s={search_term_string}\"},\"query-input\":{\"@type\":\"PropertyValueSpecification\",\"valueRequired\":true,\"valueName\":\"search_term_string\"}}],\"inLanguage\":\"en-US\"},{\"@type\":\"Organization\",\"@id\":\"https:\/\/mesalestore.com\/en\/#organization\",\"name\":\"Me\u015fale Store\",\"url\":\"https:\/\/mesalestore.com\/en\/\",\"logo\":{\"@type\":\"ImageObject\",\"inLanguage\":\"en-US\",\"@id\":\"https:\/\/mesalestore.com\/en\/#\/schema\/logo\/image\/\",\"url\":\"https:\/\/mesalestore.com\/wp-content\/uploads\/2026\/03\/logo-header-yeni-1.webp\",\"contentUrl\":\"https:\/\/mesalestore.com\/wp-content\/uploads\/2026\/03\/logo-header-yeni-1.webp\",\"width\":419,\"height\":147,\"caption\":\"Me\u015fale Store\"},\"image\":{\"@id\":\"https:\/\/mesalestore.com\/en\/#\/schema\/logo\/image\/\"},\"sameAs\":[\"https:\/\/www.facebook.com\/mesalecay\",\"https:\/\/x.com\/mesalecaykazan\",\"https:\/\/www.instagram.com\/mesalecaykazan\/\"]}]}<\/script>\n<!-- \/ Yoast SEO plugin. -->","yoast_head_json":{"title":"Gold \u00c7ay Kazan\u0131 Muslu\u011fu | Me\u015fale Store","description":"Sar\u0131 \u00e7ay kazan\u0131 muslu\u011fu, \u00f6zellikle \u00e7ay kazan\u0131 sistemlerinde s\u0131kl\u0131kla kullan\u0131lan dayan\u0131kl\u0131 bir par\u00e7ad\u0131r. \u00c7ay kazan\u0131 muslu\u011fu, s\u0131cak su ve \u00e7ay s\u0131v\u0131s\u0131n\u0131","robots":{"index":"index","follow":"follow","max-snippet":"max-snippet:-1","max-image-preview":"max-image-preview:large","max-video-preview":"max-video-preview:-1"},"canonical":"https:\/\/mesalestore.com\/en\/product\/sari-cay-kazani-muslugu\/","og_locale":"en_US","og_type":"article","og_title":"Gold \u00c7ay Kazan\u0131 Muslu\u011fu | Me\u015fale Store","og_description":"Sar\u0131 \u00e7ay kazan\u0131 muslu\u011fu, \u00f6zellikle \u00e7ay kazan\u0131 sistemlerinde s\u0131kl\u0131kla kullan\u0131lan dayan\u0131kl\u0131 bir par\u00e7ad\u0131r. \u00c7ay kazan\u0131 muslu\u011fu, s\u0131cak su ve \u00e7ay s\u0131v\u0131s\u0131n\u0131","og_url":"https:\/\/mesalestore.com\/en\/product\/sari-cay-kazani-muslugu\/","og_site_name":"Me\u015fale Store","article_publisher":"https:\/\/www.facebook.com\/mesalecay","article_modified_time":"2026-04-10T14:25:46+00:00","og_image":[{"width":1200,"height":1800,"url":"https:\/\/mesalestore.com\/wp-content\/uploads\/2026\/01\/1_org_zoom-38.jpg","type":"image\/jpeg"}],"twitter_card":"summary_large_image","twitter_site":"@mesalecaykazan","twitter_misc":{"Est. reading time":"1 minute"},"schema":{"@context":"https:\/\/schema.org","@graph":[{"@type":"WebPage","@id":"https:\/\/mesalestore.com\/en\/product\/sari-cay-kazani-muslugu\/","url":"https:\/\/mesalestore.com\/en\/product\/sari-cay-kazani-muslugu\/","name":"Gold \u00c7ay Kazan\u0131 Muslu\u011fu | Me\u015fale Store","isPartOf":{"@id":"https:\/\/mesalestore.com\/en\/#website"},"primaryImageOfPage":{"@id":"https:\/\/mesalestore.com\/en\/product\/sari-cay-kazani-muslugu\/#primaryimage"},"image":{"@id":"https:\/\/mesalestore.com\/en\/product\/sari-cay-kazani-muslugu\/#primaryimage"},"thumbnailUrl":"https:\/\/mesalestore.com\/wp-content\/uploads\/2026\/01\/1_org_zoom-38.jpg","datePublished":"2026-02-09T09:18:52+00:00","dateModified":"2026-04-10T14:25:46+00:00","description":"Sar\u0131 \u00e7ay kazan\u0131 muslu\u011fu, \u00f6zellikle \u00e7ay kazan\u0131 sistemlerinde s\u0131kl\u0131kla kullan\u0131lan dayan\u0131kl\u0131 bir par\u00e7ad\u0131r. \u00c7ay kazan\u0131 muslu\u011fu, s\u0131cak su ve \u00e7ay s\u0131v\u0131s\u0131n\u0131","breadcrumb":{"@id":"https:\/\/mesalestore.com\/en\/product\/sari-cay-kazani-muslugu\/#breadcrumb"},"inLanguage":"en-US","potentialAction":[{"@type":"ReadAction","target":["https:\/\/mesalestore.com\/en\/product\/sari-cay-kazani-muslugu\/"]}]},{"@type":"ImageObject","inLanguage":"en-US","@id":"https:\/\/mesalestore.com\/en\/product\/sari-cay-kazani-muslugu\/#primaryimage","url":"https:\/\/mesalestore.com\/wp-content\/uploads\/2026\/01\/1_org_zoom-38.jpg","contentUrl":"https:\/\/mesalestore.com\/wp-content\/uploads\/2026\/01\/1_org_zoom-38.jpg","width":1200,"height":1800},{"@type":"BreadcrumbList","@id":"https:\/\/mesalestore.com\/en\/product\/sari-cay-kazani-muslugu\/#breadcrumb","itemListElement":[{"@type":"ListItem","position":1,"name":"Anasayfa","item":"https:\/\/mesalestore.com\/en\/"},{"@type":"ListItem","position":2,"name":"Products","item":"https:\/\/mesalestore.com\/en\/shop\/"},{"@type":"ListItem","position":3,"name":"Gold \u00c7ay Kazan\u0131 Muslu\u011fu"}]},{"@type":"WebSite","@id":"https:\/\/mesalestore.com\/en\/#website","url":"https:\/\/mesalestore.com\/en\/","name":"Me\u015fale Store","description":"","publisher":{"@id":"https:\/\/mesalestore.com\/en\/#organization"},"potentialAction":[{"@type":"SearchAction","target":{"@type":"EntryPoint","urlTemplate":"https:\/\/mesalestore.com\/en\/?s={search_term_string}"},"query-input":{"@type":"PropertyValueSpecification","valueRequired":true,"valueName":"search_term_string"}}],"inLanguage":"en-US"},{"@type":"Organization","@id":"https:\/\/mesalestore.com\/en\/#organization","name":"Me\u015fale Store","url":"https:\/\/mesalestore.com\/en\/","logo":{"@type":"ImageObject","inLanguage":"en-US","@id":"https:\/\/mesalestore.com\/en\/#\/schema\/logo\/image\/","url":"https:\/\/mesalestore.com\/wp-content\/uploads\/2026\/03\/logo-header-yeni-1.webp","contentUrl":"https:\/\/mesalestore.com\/wp-content\/uploads\/2026\/03\/logo-header-yeni-1.webp","width":419,"height":147,"caption":"Me\u015fale Store"},"image":{"@id":"https:\/\/mesalestore.com\/en\/#\/schema\/logo\/image\/"},"sameAs":["https:\/\/www.facebook.com\/mesalecay","https:\/\/x.com\/mesalecaykazan","https:\/\/www.instagram.com\/mesalecaykazan\/"]}]}},"_links":{"self":[{"href":"https:\/\/mesalestore.com\/en\/wp-json\/wp\/v2\/product\/2407","targetHints":{"allow":["GET"]}}],"collection":[{"href":"https:\/\/mesalestore.com\/en\/wp-json\/wp\/v2\/product"}],"about":[{"href":"https:\/\/mesalestore.com\/en\/wp-json\/wp\/v2\/types\/product"}],"replies":[{"embeddable":true,"href":"https:\/\/mesalestore.com\/en\/wp-json\/wp\/v2\/comments?post=2407"}],"wp:featuredmedia":[{"embeddable":true,"href":"https:\/\/mesalestore.com\/en\/wp-json\/wp\/v2\/media\/420"}],"wp:attachment":[{"href":"https:\/\/mesalestore.com\/en\/wp-json\/wp\/v2\/media?parent=2407"}],"wp:term":[{"taxonomy":"product_brand","embeddable":true,"href":"https:\/\/mesalestore.com\/en\/wp-json\/wp\/v2\/product_brand?post=2407"},{"taxonomy":"product_cat","embeddable":true,"href":"https:\/\/mesalestore.com\/en\/wp-json\/wp\/v2\/product_cat?post=2407"},{"taxonomy":"product_tag","embeddable":true,"href":"https:\/\/mesalestore.com\/en\/wp-json\/wp\/v2\/product_tag?post=2407"}],"curies":[{"name":"wp","href":"https:\/\/api.w.org\/{rel}","templated":true}]}}