{"id":2404,"date":"2026-02-09T12:18:51","date_gmt":"2026-02-09T09:18:51","guid":{"rendered":"http:\/\/mesalestore.com\/product\/cay-kazani-gaz-valfi\/"},"modified":"2026-04-11T13:22:03","modified_gmt":"2026-04-11T10:22:03","slug":"cay-kazani-gaz-valfi","status":"publish","type":"product","link":"https:\/\/mesalestore.com\/en\/product\/cay-kazani-gaz-valfi\/","title":{"rendered":"\u00c7ay Kazan\u0131 Gaz Valfi"},"content":{"rendered":"<p><strong>Gaz Valfi<\/strong>, \u00f6zellikle <strong>gazl\u0131 cihazlar<\/strong> ve <strong>\u00e7ay kazanlar\u0131<\/strong> gibi \u00fcr\u00fcnlerde kullan\u0131lan \u00f6nemli bir g\u00fcvenlik bile\u015fenidir. Gaz\u0131n d\u00fczenli bir \u015fekilde ak\u0131\u015f\u0131n\u0131 sa\u011flar ve cihaz\u0131n do\u011fru bir \u015fekilde \u00e7al\u0131\u015fmas\u0131n\u0131 temin eder. Ayr\u0131ca, olas\u0131 gaz ka\u00e7aklar\u0131n\u0131 \u00f6nlemek i\u00e7in tasarlanm\u0131\u015f olan gaz valfleri, <strong>gazl\u0131 \u00e7ay kazanlar\u0131<\/strong> ve di\u011fer <strong>gazl\u0131 ekipmanlar<\/strong> i\u00e7in kritik bir par\u00e7ad\u0131r. <strong>Gaz valfi fiyatlar\u0131<\/strong>, kaliteye g\u00f6re de\u011fi\u015fiklik g\u00f6sterebilir ve do\u011fru se\u00e7imi yapmak cihaz\u0131n\u0131z\u0131n g\u00fcvenli\u011fi ve verimlili\u011fi a\u00e7\u0131s\u0131ndan b\u00fcy\u00fck \u00f6nem ta\u015f\u0131r.<\/p>","protected":false},"excerpt":{"rendered":"<p>Gaz Valfi, \u00f6zellikle gazl\u0131 cihazlar ve \u00e7ay kazanlar\u0131 gibi \u00fcr\u00fcnlerde kullan\u0131lan \u00f6nemli bir g\u00fcvenlik bile\u015fenidir. Gaz\u0131n d\u00fczenli bir \u015fekilde ak\u0131\u015f\u0131n\u0131 sa\u011flar ve cihaz\u0131n do\u011fru bir \u015fekilde \u00e7al\u0131\u015fmas\u0131n\u0131 temin eder. Ayr\u0131ca, olas\u0131 gaz ka\u00e7aklar\u0131n\u0131 \u00f6nlemek i\u00e7in tasarlanm\u0131\u015f olan gaz valfleri, gazl\u0131 \u00e7ay kazanlar\u0131 ve di\u011fer gazl\u0131 ekipmanlar i\u00e7in kritik bir par\u00e7ad\u0131r. Gaz valfi fiyatlar\u0131, kaliteye g\u00f6re [&hellip;]<\/p>\n","protected":false},"featured_media":413,"comment_status":"closed","ping_status":"closed","template":"","meta":[],"product_brand":[7751],"product_cat":[7988,7987],"product_tag":[1253,1254],"class_list":{"0":"post-2404","1":"product","2":"type-product","3":"status-publish","4":"has-post-thumbnail","6":"product_brand-selale","7":"product_cat-conta-baglanti-parcalari","8":"product_cat-elektrik-parcalari","9":"product_tag-gaz-valfi","10":"product_tag-valfi","12":"first","13":"instock","14":"taxable","15":"shipping-taxable","16":"purchasable","17":"product-type-simple"},"yoast_head":"<!-- This site is optimized with the Yoast SEO plugin v27.1.1 - https:\/\/yoast.com\/product\/yoast-seo-wordpress\/ -->\n<title>\u00c7ay Kazan\u0131 Gaz Valfi | Me\u015fale Store<\/title>\n<meta name=\"description\" content=\"Gaz Valfi, \u00f6zellikle gazl\u0131 cihazlar ve \u00e7ay kazanlar\u0131 gibi \u00fcr\u00fcnlerde kullan\u0131lan \u00f6nemli bir g\u00fcvenlik bile\u015fenidir. Gaz\u0131n d\u00fczenli bir \u015fekilde ak\u0131\u015f\u0131n\u0131 sa\u011flar\" \/>\n<meta name=\"robots\" content=\"index, follow, max-snippet:-1, max-image-preview:large, max-video-preview:-1\" \/>\n<link rel=\"canonical\" href=\"https:\/\/mesalestore.com\/en\/product\/cay-kazani-gaz-valfi\/\" \/>\n<meta property=\"og:locale\" content=\"en_US\" \/>\n<meta property=\"og:type\" content=\"article\" \/>\n<meta property=\"og:title\" content=\"\u00c7ay Kazan\u0131 Gaz Valfi | Me\u015fale Store\" \/>\n<meta property=\"og:description\" content=\"Gaz Valfi, \u00f6zellikle gazl\u0131 cihazlar ve \u00e7ay kazanlar\u0131 gibi \u00fcr\u00fcnlerde kullan\u0131lan \u00f6nemli bir g\u00fcvenlik bile\u015fenidir. Gaz\u0131n d\u00fczenli bir \u015fekilde ak\u0131\u015f\u0131n\u0131 sa\u011flar\" \/>\n<meta property=\"og:url\" content=\"https:\/\/mesalestore.com\/en\/product\/cay-kazani-gaz-valfi\/\" \/>\n<meta property=\"og:site_name\" content=\"Me\u015fale Store\" \/>\n<meta property=\"article:publisher\" content=\"https:\/\/www.facebook.com\/mesalecay\" \/>\n<meta property=\"article:modified_time\" content=\"2026-04-11T10:22:03+00:00\" \/>\n<meta property=\"og:image\" content=\"https:\/\/mesalestore.com\/wp-content\/uploads\/2026\/01\/1_org_zoom-34.jpg\" \/>\n\t<meta property=\"og:image:width\" content=\"1200\" \/>\n\t<meta property=\"og:image:height\" content=\"1800\" \/>\n\t<meta property=\"og:image:type\" content=\"image\/jpeg\" \/>\n<meta name=\"twitter:card\" content=\"summary_large_image\" \/>\n<meta name=\"twitter:site\" content=\"@mesalecaykazan\" \/>\n<meta name=\"twitter:label1\" content=\"Est. reading time\" \/>\n\t<meta name=\"twitter:data1\" content=\"1 minute\" \/>\n<script type=\"application\/ld+json\" class=\"yoast-schema-graph\">{\"@context\":\"https:\/\/schema.org\",\"@graph\":[{\"@type\":\"WebPage\",\"@id\":\"https:\/\/mesalestore.com\/en\/product\/cay-kazani-gaz-valfi\/\",\"url\":\"https:\/\/mesalestore.com\/en\/product\/cay-kazani-gaz-valfi\/\",\"name\":\"\u00c7ay Kazan\u0131 Gaz Valfi | Me\u015fale Store\",\"isPartOf\":{\"@id\":\"https:\/\/mesalestore.com\/en\/#website\"},\"primaryImageOfPage\":{\"@id\":\"https:\/\/mesalestore.com\/en\/product\/cay-kazani-gaz-valfi\/#primaryimage\"},\"image\":{\"@id\":\"https:\/\/mesalestore.com\/en\/product\/cay-kazani-gaz-valfi\/#primaryimage\"},\"thumbnailUrl\":\"https:\/\/mesalestore.com\/wp-content\/uploads\/2026\/01\/1_org_zoom-34.jpg\",\"datePublished\":\"2026-02-09T09:18:51+00:00\",\"dateModified\":\"2026-04-11T10:22:03+00:00\",\"description\":\"Gaz Valfi, \u00f6zellikle gazl\u0131 cihazlar ve \u00e7ay kazanlar\u0131 gibi \u00fcr\u00fcnlerde kullan\u0131lan \u00f6nemli bir g\u00fcvenlik bile\u015fenidir. Gaz\u0131n d\u00fczenli bir \u015fekilde ak\u0131\u015f\u0131n\u0131 sa\u011flar\",\"breadcrumb\":{\"@id\":\"https:\/\/mesalestore.com\/en\/product\/cay-kazani-gaz-valfi\/#breadcrumb\"},\"inLanguage\":\"en-US\",\"potentialAction\":[{\"@type\":\"ReadAction\",\"target\":[\"https:\/\/mesalestore.com\/en\/product\/cay-kazani-gaz-valfi\/\"]}]},{\"@type\":\"ImageObject\",\"inLanguage\":\"en-US\",\"@id\":\"https:\/\/mesalestore.com\/en\/product\/cay-kazani-gaz-valfi\/#primaryimage\",\"url\":\"https:\/\/mesalestore.com\/wp-content\/uploads\/2026\/01\/1_org_zoom-34.jpg\",\"contentUrl\":\"https:\/\/mesalestore.com\/wp-content\/uploads\/2026\/01\/1_org_zoom-34.jpg\",\"width\":1200,\"height\":1800},{\"@type\":\"BreadcrumbList\",\"@id\":\"https:\/\/mesalestore.com\/en\/product\/cay-kazani-gaz-valfi\/#breadcrumb\",\"itemListElement\":[{\"@type\":\"ListItem\",\"position\":1,\"name\":\"Anasayfa\",\"item\":\"https:\/\/mesalestore.com\/en\/\"},{\"@type\":\"ListItem\",\"position\":2,\"name\":\"Products\",\"item\":\"https:\/\/mesalestore.com\/en\/shop\/\"},{\"@type\":\"ListItem\",\"position\":3,\"name\":\"\u00c7ay Kazan\u0131 Gaz Valfi\"}]},{\"@type\":\"WebSite\",\"@id\":\"https:\/\/mesalestore.com\/en\/#website\",\"url\":\"https:\/\/mesalestore.com\/en\/\",\"name\":\"Me\u015fale Store\",\"description\":\"\",\"publisher\":{\"@id\":\"https:\/\/mesalestore.com\/en\/#organization\"},\"potentialAction\":[{\"@type\":\"SearchAction\",\"target\":{\"@type\":\"EntryPoint\",\"urlTemplate\":\"https:\/\/mesalestore.com\/en\/?s={search_term_string}\"},\"query-input\":{\"@type\":\"PropertyValueSpecification\",\"valueRequired\":true,\"valueName\":\"search_term_string\"}}],\"inLanguage\":\"en-US\"},{\"@type\":\"Organization\",\"@id\":\"https:\/\/mesalestore.com\/en\/#organization\",\"name\":\"Me\u015fale Store\",\"url\":\"https:\/\/mesalestore.com\/en\/\",\"logo\":{\"@type\":\"ImageObject\",\"inLanguage\":\"en-US\",\"@id\":\"https:\/\/mesalestore.com\/en\/#\/schema\/logo\/image\/\",\"url\":\"https:\/\/mesalestore.com\/wp-content\/uploads\/2026\/03\/logo-header-yeni-1.webp\",\"contentUrl\":\"https:\/\/mesalestore.com\/wp-content\/uploads\/2026\/03\/logo-header-yeni-1.webp\",\"width\":419,\"height\":147,\"caption\":\"Me\u015fale Store\"},\"image\":{\"@id\":\"https:\/\/mesalestore.com\/en\/#\/schema\/logo\/image\/\"},\"sameAs\":[\"https:\/\/www.facebook.com\/mesalecay\",\"https:\/\/x.com\/mesalecaykazan\",\"https:\/\/www.instagram.com\/mesalecaykazan\/\"]}]}<\/script>\n<!-- \/ Yoast SEO plugin. -->","yoast_head_json":{"title":"\u00c7ay Kazan\u0131 Gaz Valfi | Me\u015fale Store","description":"Gaz Valfi, \u00f6zellikle gazl\u0131 cihazlar ve \u00e7ay kazanlar\u0131 gibi \u00fcr\u00fcnlerde kullan\u0131lan \u00f6nemli bir g\u00fcvenlik bile\u015fenidir. Gaz\u0131n d\u00fczenli bir \u015fekilde ak\u0131\u015f\u0131n\u0131 sa\u011flar","robots":{"index":"index","follow":"follow","max-snippet":"max-snippet:-1","max-image-preview":"max-image-preview:large","max-video-preview":"max-video-preview:-1"},"canonical":"https:\/\/mesalestore.com\/en\/product\/cay-kazani-gaz-valfi\/","og_locale":"en_US","og_type":"article","og_title":"\u00c7ay Kazan\u0131 Gaz Valfi | Me\u015fale Store","og_description":"Gaz Valfi, \u00f6zellikle gazl\u0131 cihazlar ve \u00e7ay kazanlar\u0131 gibi \u00fcr\u00fcnlerde kullan\u0131lan \u00f6nemli bir g\u00fcvenlik bile\u015fenidir. Gaz\u0131n d\u00fczenli bir \u015fekilde ak\u0131\u015f\u0131n\u0131 sa\u011flar","og_url":"https:\/\/mesalestore.com\/en\/product\/cay-kazani-gaz-valfi\/","og_site_name":"Me\u015fale Store","article_publisher":"https:\/\/www.facebook.com\/mesalecay","article_modified_time":"2026-04-11T10:22:03+00:00","og_image":[{"width":1200,"height":1800,"url":"https:\/\/mesalestore.com\/wp-content\/uploads\/2026\/01\/1_org_zoom-34.jpg","type":"image\/jpeg"}],"twitter_card":"summary_large_image","twitter_site":"@mesalecaykazan","twitter_misc":{"Est. reading time":"1 minute"},"schema":{"@context":"https:\/\/schema.org","@graph":[{"@type":"WebPage","@id":"https:\/\/mesalestore.com\/en\/product\/cay-kazani-gaz-valfi\/","url":"https:\/\/mesalestore.com\/en\/product\/cay-kazani-gaz-valfi\/","name":"\u00c7ay Kazan\u0131 Gaz Valfi | Me\u015fale Store","isPartOf":{"@id":"https:\/\/mesalestore.com\/en\/#website"},"primaryImageOfPage":{"@id":"https:\/\/mesalestore.com\/en\/product\/cay-kazani-gaz-valfi\/#primaryimage"},"image":{"@id":"https:\/\/mesalestore.com\/en\/product\/cay-kazani-gaz-valfi\/#primaryimage"},"thumbnailUrl":"https:\/\/mesalestore.com\/wp-content\/uploads\/2026\/01\/1_org_zoom-34.jpg","datePublished":"2026-02-09T09:18:51+00:00","dateModified":"2026-04-11T10:22:03+00:00","description":"Gaz Valfi, \u00f6zellikle gazl\u0131 cihazlar ve \u00e7ay kazanlar\u0131 gibi \u00fcr\u00fcnlerde kullan\u0131lan \u00f6nemli bir g\u00fcvenlik bile\u015fenidir. Gaz\u0131n d\u00fczenli bir \u015fekilde ak\u0131\u015f\u0131n\u0131 sa\u011flar","breadcrumb":{"@id":"https:\/\/mesalestore.com\/en\/product\/cay-kazani-gaz-valfi\/#breadcrumb"},"inLanguage":"en-US","potentialAction":[{"@type":"ReadAction","target":["https:\/\/mesalestore.com\/en\/product\/cay-kazani-gaz-valfi\/"]}]},{"@type":"ImageObject","inLanguage":"en-US","@id":"https:\/\/mesalestore.com\/en\/product\/cay-kazani-gaz-valfi\/#primaryimage","url":"https:\/\/mesalestore.com\/wp-content\/uploads\/2026\/01\/1_org_zoom-34.jpg","contentUrl":"https:\/\/mesalestore.com\/wp-content\/uploads\/2026\/01\/1_org_zoom-34.jpg","width":1200,"height":1800},{"@type":"BreadcrumbList","@id":"https:\/\/mesalestore.com\/en\/product\/cay-kazani-gaz-valfi\/#breadcrumb","itemListElement":[{"@type":"ListItem","position":1,"name":"Anasayfa","item":"https:\/\/mesalestore.com\/en\/"},{"@type":"ListItem","position":2,"name":"Products","item":"https:\/\/mesalestore.com\/en\/shop\/"},{"@type":"ListItem","position":3,"name":"\u00c7ay Kazan\u0131 Gaz Valfi"}]},{"@type":"WebSite","@id":"https:\/\/mesalestore.com\/en\/#website","url":"https:\/\/mesalestore.com\/en\/","name":"Me\u015fale Store","description":"","publisher":{"@id":"https:\/\/mesalestore.com\/en\/#organization"},"potentialAction":[{"@type":"SearchAction","target":{"@type":"EntryPoint","urlTemplate":"https:\/\/mesalestore.com\/en\/?s={search_term_string}"},"query-input":{"@type":"PropertyValueSpecification","valueRequired":true,"valueName":"search_term_string"}}],"inLanguage":"en-US"},{"@type":"Organization","@id":"https:\/\/mesalestore.com\/en\/#organization","name":"Me\u015fale Store","url":"https:\/\/mesalestore.com\/en\/","logo":{"@type":"ImageObject","inLanguage":"en-US","@id":"https:\/\/mesalestore.com\/en\/#\/schema\/logo\/image\/","url":"https:\/\/mesalestore.com\/wp-content\/uploads\/2026\/03\/logo-header-yeni-1.webp","contentUrl":"https:\/\/mesalestore.com\/wp-content\/uploads\/2026\/03\/logo-header-yeni-1.webp","width":419,"height":147,"caption":"Me\u015fale Store"},"image":{"@id":"https:\/\/mesalestore.com\/en\/#\/schema\/logo\/image\/"},"sameAs":["https:\/\/www.facebook.com\/mesalecay","https:\/\/x.com\/mesalecaykazan","https:\/\/www.instagram.com\/mesalecaykazan\/"]}]}},"_links":{"self":[{"href":"https:\/\/mesalestore.com\/en\/wp-json\/wp\/v2\/product\/2404","targetHints":{"allow":["GET"]}}],"collection":[{"href":"https:\/\/mesalestore.com\/en\/wp-json\/wp\/v2\/product"}],"about":[{"href":"https:\/\/mesalestore.com\/en\/wp-json\/wp\/v2\/types\/product"}],"replies":[{"embeddable":true,"href":"https:\/\/mesalestore.com\/en\/wp-json\/wp\/v2\/comments?post=2404"}],"wp:featuredmedia":[{"embeddable":true,"href":"https:\/\/mesalestore.com\/en\/wp-json\/wp\/v2\/media\/413"}],"wp:attachment":[{"href":"https:\/\/mesalestore.com\/en\/wp-json\/wp\/v2\/media?parent=2404"}],"wp:term":[{"taxonomy":"product_brand","embeddable":true,"href":"https:\/\/mesalestore.com\/en\/wp-json\/wp\/v2\/product_brand?post=2404"},{"taxonomy":"product_cat","embeddable":true,"href":"https:\/\/mesalestore.com\/en\/wp-json\/wp\/v2\/product_cat?post=2404"},{"taxonomy":"product_tag","embeddable":true,"href":"https:\/\/mesalestore.com\/en\/wp-json\/wp\/v2\/product_tag?post=2404"}],"curies":[{"name":"wp","href":"https:\/\/api.w.org\/{rel}","templated":true}]}}