{"id":2402,"date":"2026-02-09T12:18:51","date_gmt":"2026-02-09T09:18:51","guid":{"rendered":"http:\/\/mesalestore.com\/product\/inox-uyumlu-cay-kazani-aritma-cihazi\/"},"modified":"2026-04-11T12:43:33","modified_gmt":"2026-04-11T09:43:33","slug":"inox-uyumlu-cay-kazani-aritma-cihazi","status":"publish","type":"product","link":"https:\/\/mesalestore.com\/en\/product\/inox-uyumlu-cay-kazani-aritma-cihazi\/","title":{"rendered":"\u0130nox \u00c7ay Kazan\u0131 Ar\u0131tma Cihaz\u0131"},"content":{"rendered":"<p><strong>\u0130nox \u00c7ay Kazan\u0131 Ar\u0131tma Cihaz\u0131<\/strong>, inox \u00e7ay kazanlar\u0131nda kullan\u0131lan suyu ar\u0131tarak daha sa\u011fl\u0131kl\u0131 ve lezzetli \u00e7aylar demlemenizi sa\u011flar. Su ar\u0131tma cihaz\u0131, <strong>kire\u00e7 birikintilerini<\/strong> ve zararl\u0131 maddeleri etkili bir \u015fekilde filtreler, b\u00f6ylece \u00e7ay kazan\u0131n\u0131z\u0131n \u00f6mr\u00fcn\u00fc uzat\u0131r. <strong>Suyun safla\u015ft\u0131r\u0131lmas\u0131<\/strong> i\u015flemi, hem i\u00e7im kalitesini hem de \u00e7ay\u0131n\u0131z\u0131n taze ve do\u011fal tad\u0131n\u0131 art\u0131r\u0131r. <strong>\u0130nox \u00e7ay kazan\u0131 ar\u0131tma cihaz\u0131<\/strong>, d\u00fczenli kullan\u0131m ile kazan\u0131n\u0131z\u0131n temiz kalmas\u0131n\u0131 sa\u011flar ve daha az bak\u0131m gerektirir. \u00c7ay kazan\u0131n\u0131z\u0131n verimlili\u011fini art\u0131r\u0131rken, sizi zahmetli temizlik i\u015flemlerinden de kurtar\u0131r. Su filtrasyonu sayesinde her zaman en taze, saf ve kaliteli suyu kullanarak m\u00fckemmel \u00e7aylar haz\u0131rlayabilirsiniz.<\/p>","protected":false},"excerpt":{"rendered":"<p>\u0130nox \u00c7ay Kazan\u0131 Ar\u0131tma Cihaz\u0131, inox \u00e7ay kazanlar\u0131nda kullan\u0131lan suyu ar\u0131tarak daha sa\u011fl\u0131kl\u0131 ve lezzetli \u00e7aylar demlemenizi sa\u011flar. Su ar\u0131tma cihaz\u0131, kire\u00e7 birikintilerini ve zararl\u0131 maddeleri etkili bir \u015fekilde filtreler, b\u00f6ylece \u00e7ay kazan\u0131n\u0131z\u0131n \u00f6mr\u00fcn\u00fc uzat\u0131r. Suyun safla\u015ft\u0131r\u0131lmas\u0131 i\u015flemi, hem i\u00e7im kalitesini hem de \u00e7ay\u0131n\u0131z\u0131n taze ve do\u011fal tad\u0131n\u0131 art\u0131r\u0131r. \u0130nox \u00e7ay kazan\u0131 ar\u0131tma cihaz\u0131, d\u00fczenli [&hellip;]<\/p>\n","protected":false},"featured_media":408,"comment_status":"closed","ping_status":"closed","template":"","meta":[],"product_brand":[7750],"product_cat":[7995],"product_tag":[6314,6315,6308,6309,6310,478,6305,6306,6307,6316,6364,6377,6378,6365,6370,6371,6372,6366,6367,6368,6369,6379,6373,6374,6375,6376,485,6311,6312,6313],"class_list":{"0":"post-2402","1":"product","2":"type-product","3":"status-publish","4":"has-post-thumbnail","6":"product_brand-demsu","7":"product_cat-cay-kazani-icin-aritma","8":"product_tag-aritma","9":"product_tag-aritma-cihazi","10":"product_tag-cay-aritma","11":"product_tag-cay-aritma-cihazi","12":"product_tag-cay-cihazi","13":"product_tag-cay-kazani","14":"product_tag-cay-kazani-aritma","15":"product_tag-cay-kazani-aritma-cihazi","16":"product_tag-cay-kazani-cihazi","17":"product_tag-cihazi","18":"product_tag-inox","19":"product_tag-inox-aritma","20":"product_tag-inox-aritma-cihazi","21":"product_tag-inox-cay","22":"product_tag-inox-cay-aritma","23":"product_tag-inox-cay-aritma-cihazi","24":"product_tag-inox-cay-cihazi","25":"product_tag-inox-cay-kazani","26":"product_tag-inox-cay-kazani-aritma","27":"product_tag-inox-cay-kazani-aritma-cihazi","28":"product_tag-inox-cay-kazani-cihazi","29":"product_tag-inox-cihazi","30":"product_tag-inox-kazani","31":"product_tag-inox-kazani-aritma","32":"product_tag-inox-kazani-aritma-cihazi","33":"product_tag-inox-kazani-cihazi","34":"product_tag-kazani","35":"product_tag-kazani-aritma","36":"product_tag-kazani-aritma-cihazi","37":"product_tag-kazani-cihazi","39":"first","40":"instock","41":"taxable","42":"shipping-taxable","43":"purchasable","44":"product-type-simple"},"yoast_head":"<!-- This site is optimized with the Yoast SEO plugin v27.1.1 - https:\/\/yoast.com\/product\/yoast-seo-wordpress\/ -->\n<title>\u0130nox \u00c7ay Kazan\u0131 Ar\u0131tma Cihaz\u0131 | Me\u015fale Store<\/title>\n<meta name=\"description\" content=\"\u0130nox \u00c7ay Kazan\u0131 Ar\u0131tma Cihaz\u0131, inox \u00e7ay kazanlar\u0131nda kullan\u0131lan suyu ar\u0131tarak daha sa\u011fl\u0131kl\u0131 ve lezzetli \u00e7aylar demlemenizi sa\u011flar. Su ar\u0131tma cihaz\u0131, kire\u00e7\" \/>\n<meta name=\"robots\" content=\"index, follow, max-snippet:-1, max-image-preview:large, max-video-preview:-1\" \/>\n<link rel=\"canonical\" href=\"https:\/\/mesalestore.com\/en\/product\/inox-uyumlu-cay-kazani-aritma-cihazi\/\" \/>\n<meta property=\"og:locale\" content=\"en_US\" \/>\n<meta property=\"og:type\" content=\"article\" \/>\n<meta property=\"og:title\" content=\"\u0130nox \u00c7ay Kazan\u0131 Ar\u0131tma Cihaz\u0131 | Me\u015fale Store\" \/>\n<meta property=\"og:description\" content=\"\u0130nox \u00c7ay Kazan\u0131 Ar\u0131tma Cihaz\u0131, inox \u00e7ay kazanlar\u0131nda kullan\u0131lan suyu ar\u0131tarak daha sa\u011fl\u0131kl\u0131 ve lezzetli \u00e7aylar demlemenizi sa\u011flar. Su ar\u0131tma cihaz\u0131, kire\u00e7\" \/>\n<meta property=\"og:url\" content=\"https:\/\/mesalestore.com\/en\/product\/inox-uyumlu-cay-kazani-aritma-cihazi\/\" \/>\n<meta property=\"og:site_name\" content=\"Me\u015fale Store\" \/>\n<meta property=\"article:publisher\" content=\"https:\/\/www.facebook.com\/mesalecay\" \/>\n<meta property=\"article:modified_time\" content=\"2026-04-11T09:43:33+00:00\" \/>\n<meta property=\"og:image\" content=\"https:\/\/mesalestore.com\/wp-content\/uploads\/2026\/01\/1_org_zoom-31.jpg\" \/>\n\t<meta property=\"og:image:width\" content=\"1200\" \/>\n\t<meta property=\"og:image:height\" content=\"1800\" \/>\n\t<meta property=\"og:image:type\" content=\"image\/jpeg\" \/>\n<meta name=\"twitter:card\" content=\"summary_large_image\" \/>\n<meta name=\"twitter:site\" content=\"@mesalecaykazan\" \/>\n<meta name=\"twitter:label1\" content=\"Est. reading time\" \/>\n\t<meta name=\"twitter:data1\" content=\"1 minute\" \/>\n<script type=\"application\/ld+json\" class=\"yoast-schema-graph\">{\"@context\":\"https:\/\/schema.org\",\"@graph\":[{\"@type\":\"WebPage\",\"@id\":\"https:\/\/mesalestore.com\/en\/product\/inox-uyumlu-cay-kazani-aritma-cihazi\/\",\"url\":\"https:\/\/mesalestore.com\/en\/product\/inox-uyumlu-cay-kazani-aritma-cihazi\/\",\"name\":\"\u0130nox \u00c7ay Kazan\u0131 Ar\u0131tma Cihaz\u0131 | Me\u015fale Store\",\"isPartOf\":{\"@id\":\"https:\/\/mesalestore.com\/en\/#website\"},\"primaryImageOfPage\":{\"@id\":\"https:\/\/mesalestore.com\/en\/product\/inox-uyumlu-cay-kazani-aritma-cihazi\/#primaryimage\"},\"image\":{\"@id\":\"https:\/\/mesalestore.com\/en\/product\/inox-uyumlu-cay-kazani-aritma-cihazi\/#primaryimage\"},\"thumbnailUrl\":\"https:\/\/mesalestore.com\/wp-content\/uploads\/2026\/01\/1_org_zoom-31.jpg\",\"datePublished\":\"2026-02-09T09:18:51+00:00\",\"dateModified\":\"2026-04-11T09:43:33+00:00\",\"description\":\"\u0130nox \u00c7ay Kazan\u0131 Ar\u0131tma Cihaz\u0131, inox \u00e7ay kazanlar\u0131nda kullan\u0131lan suyu ar\u0131tarak daha sa\u011fl\u0131kl\u0131 ve lezzetli \u00e7aylar demlemenizi sa\u011flar. Su ar\u0131tma cihaz\u0131, kire\u00e7\",\"breadcrumb\":{\"@id\":\"https:\/\/mesalestore.com\/en\/product\/inox-uyumlu-cay-kazani-aritma-cihazi\/#breadcrumb\"},\"inLanguage\":\"en-US\",\"potentialAction\":[{\"@type\":\"ReadAction\",\"target\":[\"https:\/\/mesalestore.com\/en\/product\/inox-uyumlu-cay-kazani-aritma-cihazi\/\"]}]},{\"@type\":\"ImageObject\",\"inLanguage\":\"en-US\",\"@id\":\"https:\/\/mesalestore.com\/en\/product\/inox-uyumlu-cay-kazani-aritma-cihazi\/#primaryimage\",\"url\":\"https:\/\/mesalestore.com\/wp-content\/uploads\/2026\/01\/1_org_zoom-31.jpg\",\"contentUrl\":\"https:\/\/mesalestore.com\/wp-content\/uploads\/2026\/01\/1_org_zoom-31.jpg\",\"width\":1200,\"height\":1800},{\"@type\":\"BreadcrumbList\",\"@id\":\"https:\/\/mesalestore.com\/en\/product\/inox-uyumlu-cay-kazani-aritma-cihazi\/#breadcrumb\",\"itemListElement\":[{\"@type\":\"ListItem\",\"position\":1,\"name\":\"Anasayfa\",\"item\":\"https:\/\/mesalestore.com\/en\/\"},{\"@type\":\"ListItem\",\"position\":2,\"name\":\"Products\",\"item\":\"https:\/\/mesalestore.com\/en\/shop\/\"},{\"@type\":\"ListItem\",\"position\":3,\"name\":\"\u0130nox \u00c7ay Kazan\u0131 Ar\u0131tma Cihaz\u0131\"}]},{\"@type\":\"WebSite\",\"@id\":\"https:\/\/mesalestore.com\/en\/#website\",\"url\":\"https:\/\/mesalestore.com\/en\/\",\"name\":\"Me\u015fale Store\",\"description\":\"\",\"publisher\":{\"@id\":\"https:\/\/mesalestore.com\/en\/#organization\"},\"potentialAction\":[{\"@type\":\"SearchAction\",\"target\":{\"@type\":\"EntryPoint\",\"urlTemplate\":\"https:\/\/mesalestore.com\/en\/?s={search_term_string}\"},\"query-input\":{\"@type\":\"PropertyValueSpecification\",\"valueRequired\":true,\"valueName\":\"search_term_string\"}}],\"inLanguage\":\"en-US\"},{\"@type\":\"Organization\",\"@id\":\"https:\/\/mesalestore.com\/en\/#organization\",\"name\":\"Me\u015fale Store\",\"url\":\"https:\/\/mesalestore.com\/en\/\",\"logo\":{\"@type\":\"ImageObject\",\"inLanguage\":\"en-US\",\"@id\":\"https:\/\/mesalestore.com\/en\/#\/schema\/logo\/image\/\",\"url\":\"https:\/\/mesalestore.com\/wp-content\/uploads\/2026\/03\/logo-header-yeni-1.webp\",\"contentUrl\":\"https:\/\/mesalestore.com\/wp-content\/uploads\/2026\/03\/logo-header-yeni-1.webp\",\"width\":419,\"height\":147,\"caption\":\"Me\u015fale Store\"},\"image\":{\"@id\":\"https:\/\/mesalestore.com\/en\/#\/schema\/logo\/image\/\"},\"sameAs\":[\"https:\/\/www.facebook.com\/mesalecay\",\"https:\/\/x.com\/mesalecaykazan\",\"https:\/\/www.instagram.com\/mesalecaykazan\/\"]}]}<\/script>\n<!-- \/ Yoast SEO plugin. -->","yoast_head_json":{"title":"\u0130nox \u00c7ay Kazan\u0131 Ar\u0131tma Cihaz\u0131 | Me\u015fale Store","description":"\u0130nox \u00c7ay Kazan\u0131 Ar\u0131tma Cihaz\u0131, inox \u00e7ay kazanlar\u0131nda kullan\u0131lan suyu ar\u0131tarak daha sa\u011fl\u0131kl\u0131 ve lezzetli \u00e7aylar demlemenizi sa\u011flar. Su ar\u0131tma cihaz\u0131, kire\u00e7","robots":{"index":"index","follow":"follow","max-snippet":"max-snippet:-1","max-image-preview":"max-image-preview:large","max-video-preview":"max-video-preview:-1"},"canonical":"https:\/\/mesalestore.com\/en\/product\/inox-uyumlu-cay-kazani-aritma-cihazi\/","og_locale":"en_US","og_type":"article","og_title":"\u0130nox \u00c7ay Kazan\u0131 Ar\u0131tma Cihaz\u0131 | Me\u015fale Store","og_description":"\u0130nox \u00c7ay Kazan\u0131 Ar\u0131tma Cihaz\u0131, inox \u00e7ay kazanlar\u0131nda kullan\u0131lan suyu ar\u0131tarak daha sa\u011fl\u0131kl\u0131 ve lezzetli \u00e7aylar demlemenizi sa\u011flar. Su ar\u0131tma cihaz\u0131, kire\u00e7","og_url":"https:\/\/mesalestore.com\/en\/product\/inox-uyumlu-cay-kazani-aritma-cihazi\/","og_site_name":"Me\u015fale Store","article_publisher":"https:\/\/www.facebook.com\/mesalecay","article_modified_time":"2026-04-11T09:43:33+00:00","og_image":[{"width":1200,"height":1800,"url":"https:\/\/mesalestore.com\/wp-content\/uploads\/2026\/01\/1_org_zoom-31.jpg","type":"image\/jpeg"}],"twitter_card":"summary_large_image","twitter_site":"@mesalecaykazan","twitter_misc":{"Est. reading time":"1 minute"},"schema":{"@context":"https:\/\/schema.org","@graph":[{"@type":"WebPage","@id":"https:\/\/mesalestore.com\/en\/product\/inox-uyumlu-cay-kazani-aritma-cihazi\/","url":"https:\/\/mesalestore.com\/en\/product\/inox-uyumlu-cay-kazani-aritma-cihazi\/","name":"\u0130nox \u00c7ay Kazan\u0131 Ar\u0131tma Cihaz\u0131 | Me\u015fale Store","isPartOf":{"@id":"https:\/\/mesalestore.com\/en\/#website"},"primaryImageOfPage":{"@id":"https:\/\/mesalestore.com\/en\/product\/inox-uyumlu-cay-kazani-aritma-cihazi\/#primaryimage"},"image":{"@id":"https:\/\/mesalestore.com\/en\/product\/inox-uyumlu-cay-kazani-aritma-cihazi\/#primaryimage"},"thumbnailUrl":"https:\/\/mesalestore.com\/wp-content\/uploads\/2026\/01\/1_org_zoom-31.jpg","datePublished":"2026-02-09T09:18:51+00:00","dateModified":"2026-04-11T09:43:33+00:00","description":"\u0130nox \u00c7ay Kazan\u0131 Ar\u0131tma Cihaz\u0131, inox \u00e7ay kazanlar\u0131nda kullan\u0131lan suyu ar\u0131tarak daha sa\u011fl\u0131kl\u0131 ve lezzetli \u00e7aylar demlemenizi sa\u011flar. Su ar\u0131tma cihaz\u0131, kire\u00e7","breadcrumb":{"@id":"https:\/\/mesalestore.com\/en\/product\/inox-uyumlu-cay-kazani-aritma-cihazi\/#breadcrumb"},"inLanguage":"en-US","potentialAction":[{"@type":"ReadAction","target":["https:\/\/mesalestore.com\/en\/product\/inox-uyumlu-cay-kazani-aritma-cihazi\/"]}]},{"@type":"ImageObject","inLanguage":"en-US","@id":"https:\/\/mesalestore.com\/en\/product\/inox-uyumlu-cay-kazani-aritma-cihazi\/#primaryimage","url":"https:\/\/mesalestore.com\/wp-content\/uploads\/2026\/01\/1_org_zoom-31.jpg","contentUrl":"https:\/\/mesalestore.com\/wp-content\/uploads\/2026\/01\/1_org_zoom-31.jpg","width":1200,"height":1800},{"@type":"BreadcrumbList","@id":"https:\/\/mesalestore.com\/en\/product\/inox-uyumlu-cay-kazani-aritma-cihazi\/#breadcrumb","itemListElement":[{"@type":"ListItem","position":1,"name":"Anasayfa","item":"https:\/\/mesalestore.com\/en\/"},{"@type":"ListItem","position":2,"name":"Products","item":"https:\/\/mesalestore.com\/en\/shop\/"},{"@type":"ListItem","position":3,"name":"\u0130nox \u00c7ay Kazan\u0131 Ar\u0131tma Cihaz\u0131"}]},{"@type":"WebSite","@id":"https:\/\/mesalestore.com\/en\/#website","url":"https:\/\/mesalestore.com\/en\/","name":"Me\u015fale Store","description":"","publisher":{"@id":"https:\/\/mesalestore.com\/en\/#organization"},"potentialAction":[{"@type":"SearchAction","target":{"@type":"EntryPoint","urlTemplate":"https:\/\/mesalestore.com\/en\/?s={search_term_string}"},"query-input":{"@type":"PropertyValueSpecification","valueRequired":true,"valueName":"search_term_string"}}],"inLanguage":"en-US"},{"@type":"Organization","@id":"https:\/\/mesalestore.com\/en\/#organization","name":"Me\u015fale Store","url":"https:\/\/mesalestore.com\/en\/","logo":{"@type":"ImageObject","inLanguage":"en-US","@id":"https:\/\/mesalestore.com\/en\/#\/schema\/logo\/image\/","url":"https:\/\/mesalestore.com\/wp-content\/uploads\/2026\/03\/logo-header-yeni-1.webp","contentUrl":"https:\/\/mesalestore.com\/wp-content\/uploads\/2026\/03\/logo-header-yeni-1.webp","width":419,"height":147,"caption":"Me\u015fale Store"},"image":{"@id":"https:\/\/mesalestore.com\/en\/#\/schema\/logo\/image\/"},"sameAs":["https:\/\/www.facebook.com\/mesalecay","https:\/\/x.com\/mesalecaykazan","https:\/\/www.instagram.com\/mesalecaykazan\/"]}]}},"_links":{"self":[{"href":"https:\/\/mesalestore.com\/en\/wp-json\/wp\/v2\/product\/2402","targetHints":{"allow":["GET"]}}],"collection":[{"href":"https:\/\/mesalestore.com\/en\/wp-json\/wp\/v2\/product"}],"about":[{"href":"https:\/\/mesalestore.com\/en\/wp-json\/wp\/v2\/types\/product"}],"replies":[{"embeddable":true,"href":"https:\/\/mesalestore.com\/en\/wp-json\/wp\/v2\/comments?post=2402"}],"wp:featuredmedia":[{"embeddable":true,"href":"https:\/\/mesalestore.com\/en\/wp-json\/wp\/v2\/media\/408"}],"wp:attachment":[{"href":"https:\/\/mesalestore.com\/en\/wp-json\/wp\/v2\/media?parent=2402"}],"wp:term":[{"taxonomy":"product_brand","embeddable":true,"href":"https:\/\/mesalestore.com\/en\/wp-json\/wp\/v2\/product_brand?post=2402"},{"taxonomy":"product_cat","embeddable":true,"href":"https:\/\/mesalestore.com\/en\/wp-json\/wp\/v2\/product_cat?post=2402"},{"taxonomy":"product_tag","embeddable":true,"href":"https:\/\/mesalestore.com\/en\/wp-json\/wp\/v2\/product_tag?post=2402"}],"curies":[{"name":"wp","href":"https:\/\/api.w.org\/{rel}","templated":true}]}}