{"id":2401,"date":"2026-02-09T12:18:50","date_gmt":"2026-02-09T09:18:50","guid":{"rendered":"http:\/\/mesalestore.com\/product\/cay-kazani-dijital-on-membrani-ekran-karti-cift-elektrik-gazli\/"},"modified":"2026-04-09T14:24:42","modified_gmt":"2026-04-09T11:24:42","slug":"cay-kazani-dijital-on-membrani-ekran-karti-cift-elektrik-gazli","status":"publish","type":"product","link":"https:\/\/mesalestore.com\/en\/product\/cay-kazani-dijital-on-membrani-ekran-karti-cift-elektrik-gazli\/","title":{"rendered":"\u00c7ay Kazan\u0131 Dijital \u00d6n Membran\u0131 (Ekran Kart\u0131) &#8211; \u00c7ift Elektrik + Gazl\u0131"},"content":{"rendered":"<p><strong>\u00c7ay Kazan\u0131 Dijital \u00d6n Membran\u0131 (Ekran Kart\u0131) &#8211; \u00c7ift Elektrik + Gazl\u0131<\/strong>, modern \u00e7ay kazanlar\u0131n\u0131n vazge\u00e7ilmez bir par\u00e7as\u0131d\u0131r. Hem <strong>elektrikli hem de gazl\u0131 \u00e7ay kazanlar\u0131<\/strong> ile uyumlu olan bu <strong>dijital ekran kart\u0131<\/strong>, \u00e7ay kazan\u0131n t\u00fcm i\u015flevlerini kolayca kontrol etmenize olanak tan\u0131r. <strong>\u00c7ift elektrik + gazl\u0131<\/strong> \u00f6zelli\u011fi sayesinde her iki enerji kayna\u011f\u0131n\u0131 verimli bir \u015fekilde kullan\u0131r, b\u00f6ylece \u00e7ay demleme s\u00fcre\u00e7leriniz daha esnek ve verimli hale gelir. Uzun \u00f6m\u00fcrl\u00fc <strong>\u00f6n membran<\/strong> teknolojisi, cihaz\u0131n\u0131z\u0131n y\u00fcksek performansla \u00e7al\u0131\u015fmas\u0131n\u0131 sa\u011flar ve ar\u0131za riskini en aza indirir. Bu \u00fcr\u00fcn, \u00e7ay kazan\u0131n\u0131z\u0131n dijital ekran\u0131n\u0131n m\u00fckemmel bir \u015fekilde \u00e7al\u0131\u015fmas\u0131na olanak tan\u0131r.<\/p>","protected":false},"excerpt":{"rendered":"<p>\u00c7ay Kazan\u0131 Dijital \u00d6n Membran\u0131 (Ekran Kart\u0131) &#8211; \u00c7ift Elektrik + Gazl\u0131, modern \u00e7ay kazanlar\u0131n\u0131n vazge\u00e7ilmez bir par\u00e7as\u0131d\u0131r. Hem elektrikli hem de gazl\u0131 \u00e7ay kazanlar\u0131 ile uyumlu olan bu dijital ekran kart\u0131, \u00e7ay kazan\u0131n t\u00fcm i\u015flevlerini kolayca kontrol etmenize olanak tan\u0131r. \u00c7ift elektrik + gazl\u0131 \u00f6zelli\u011fi sayesinde her iki enerji kayna\u011f\u0131n\u0131 verimli bir \u015fekilde kullan\u0131r, [&hellip;]<\/p>\n","protected":false},"featured_media":406,"comment_status":"closed","ping_status":"closed","template":"","meta":[],"product_brand":[7750],"product_cat":[15],"product_tag":[478,4889,6041,6042,6043,6061,6062,6063,6064,6065,6066,6067,6044,6046,6047,6048,6049,6050,6051,6052,6075,6077,6078,6079,6080,6081,6082,6083],"class_list":{"0":"post-2401","1":"product","2":"type-product","3":"status-publish","4":"has-post-thumbnail","6":"product_brand-demsu","7":"product_cat-kategorize_edilmemis","8":"product_tag-cay-kazani","9":"product_tag-cay-kazani-dijital","10":"product_tag-cay-kazani-dijital-on","11":"product_tag-cay-kazani-dijital-on-membrani","12":"product_tag-cay-kazani-dijital-on-membrani-ekran","13":"product_tag-cay-kazani-dijital-on-membrani-ekran-cift","14":"product_tag-cay-kazani-dijital-on-membrani-ekran-cift-elektrik","15":"product_tag-cay-kazani-dijital-on-membrani-ekran-cift-elektrik-gazli","16":"product_tag-cay-kazani-dijital-on-membrani-ekran-cift-gazli","17":"product_tag-cay-kazani-dijital-on-membrani-ekran-elektrik","18":"product_tag-cay-kazani-dijital-on-membrani-ekran-elektrik-gazli","19":"product_tag-cay-kazani-dijital-on-membrani-ekran-gazli","20":"product_tag-cay-kazani-dijital-on-membrani-ekran-karti","21":"product_tag-cay-kazani-dijital-on-membrani-ekran-karti-cift","22":"product_tag-cay-kazani-dijital-on-membrani-ekran-karti-cift-elektrik","23":"product_tag-cay-kazani-dijital-on-membrani-ekran-karti-cift-elektrik-gazli","24":"product_tag-cay-kazani-dijital-on-membrani-ekran-karti-cift-gazli","25":"product_tag-cay-kazani-dijital-on-membrani-ekran-karti-elektrik","26":"product_tag-cay-kazani-dijital-on-membrani-ekran-karti-elektrik-gazli","27":"product_tag-cay-kazani-dijital-on-membrani-ekran-karti-gazli","28":"product_tag-cay-kazani-dijital-on-membrani-karti","29":"product_tag-cay-kazani-dijital-on-membrani-karti-cift","30":"product_tag-cay-kazani-dijital-on-membrani-karti-cift-elektrik","31":"product_tag-cay-kazani-dijital-on-membrani-karti-cift-elektrik-gazli","32":"product_tag-cay-kazani-dijital-on-membrani-karti-cift-gazli","33":"product_tag-cay-kazani-dijital-on-membrani-karti-elektrik","34":"product_tag-cay-kazani-dijital-on-membrani-karti-elektrik-gazli","35":"product_tag-cay-kazani-dijital-on-membrani-karti-gazli","37":"first","38":"instock","39":"sale","40":"taxable","41":"shipping-taxable","42":"purchasable","43":"product-type-simple"},"yoast_head":"<!-- This site is optimized with the Yoast SEO plugin v27.1.1 - https:\/\/yoast.com\/product\/yoast-seo-wordpress\/ -->\n<title>\u00c7ay Kazan\u0131 Dijital \u00d6n Membran\u0131 (Ekran Kart\u0131) - \u00c7ift Elektrik + Gazl\u0131 | Me\u015fale Store<\/title>\n<meta name=\"description\" content=\"\u00c7ay Kazan\u0131 Dijital \u00d6n Membran\u0131 (Ekran Kart\u0131) - \u00c7ift Elektrik + Gazl\u0131, modern \u00e7ay kazanlar\u0131n\u0131n vazge\u00e7ilmez bir par\u00e7as\u0131d\u0131r. Hem elektrikli hem de gazl\u0131 \u00e7ay\" \/>\n<meta name=\"robots\" content=\"index, follow, max-snippet:-1, max-image-preview:large, max-video-preview:-1\" \/>\n<link rel=\"canonical\" href=\"https:\/\/mesalestore.com\/en\/product\/cay-kazani-dijital-on-membrani-ekran-karti-cift-elektrik-gazli\/\" \/>\n<meta property=\"og:locale\" content=\"en_US\" \/>\n<meta property=\"og:type\" content=\"article\" \/>\n<meta property=\"og:title\" content=\"\u00c7ay Kazan\u0131 Dijital \u00d6n Membran\u0131 (Ekran Kart\u0131) - \u00c7ift Elektrik + Gazl\u0131 | Me\u015fale Store\" \/>\n<meta property=\"og:description\" content=\"\u00c7ay Kazan\u0131 Dijital \u00d6n Membran\u0131 (Ekran Kart\u0131) - \u00c7ift Elektrik + Gazl\u0131, modern \u00e7ay kazanlar\u0131n\u0131n vazge\u00e7ilmez bir par\u00e7as\u0131d\u0131r. Hem elektrikli hem de gazl\u0131 \u00e7ay\" \/>\n<meta property=\"og:url\" content=\"https:\/\/mesalestore.com\/en\/product\/cay-kazani-dijital-on-membrani-ekran-karti-cift-elektrik-gazli\/\" \/>\n<meta property=\"og:site_name\" content=\"Me\u015fale Store\" \/>\n<meta property=\"article:publisher\" content=\"https:\/\/www.facebook.com\/mesalecay\" \/>\n<meta property=\"article:modified_time\" content=\"2026-04-09T11:24:42+00:00\" \/>\n<meta property=\"og:image\" content=\"https:\/\/mesalestore.com\/wp-content\/uploads\/2026\/01\/1_org_zoom-30.jpg\" \/>\n\t<meta property=\"og:image:width\" content=\"1200\" \/>\n\t<meta property=\"og:image:height\" content=\"1800\" \/>\n\t<meta property=\"og:image:type\" content=\"image\/jpeg\" \/>\n<meta name=\"twitter:card\" content=\"summary_large_image\" \/>\n<meta name=\"twitter:site\" content=\"@mesalecaykazan\" \/>\n<meta name=\"twitter:label1\" content=\"Est. reading time\" \/>\n\t<meta name=\"twitter:data1\" content=\"1 minute\" \/>\n<script type=\"application\/ld+json\" class=\"yoast-schema-graph\">{\"@context\":\"https:\/\/schema.org\",\"@graph\":[{\"@type\":\"WebPage\",\"@id\":\"https:\/\/mesalestore.com\/en\/product\/cay-kazani-dijital-on-membrani-ekran-karti-cift-elektrik-gazli\/\",\"url\":\"https:\/\/mesalestore.com\/en\/product\/cay-kazani-dijital-on-membrani-ekran-karti-cift-elektrik-gazli\/\",\"name\":\"\u00c7ay Kazan\u0131 Dijital \u00d6n Membran\u0131 (Ekran Kart\u0131) - \u00c7ift Elektrik + Gazl\u0131 | Me\u015fale Store\",\"isPartOf\":{\"@id\":\"https:\/\/mesalestore.com\/en\/#website\"},\"primaryImageOfPage\":{\"@id\":\"https:\/\/mesalestore.com\/en\/product\/cay-kazani-dijital-on-membrani-ekran-karti-cift-elektrik-gazli\/#primaryimage\"},\"image\":{\"@id\":\"https:\/\/mesalestore.com\/en\/product\/cay-kazani-dijital-on-membrani-ekran-karti-cift-elektrik-gazli\/#primaryimage\"},\"thumbnailUrl\":\"https:\/\/mesalestore.com\/wp-content\/uploads\/2026\/01\/1_org_zoom-30.jpg\",\"datePublished\":\"2026-02-09T09:18:50+00:00\",\"dateModified\":\"2026-04-09T11:24:42+00:00\",\"description\":\"\u00c7ay Kazan\u0131 Dijital \u00d6n Membran\u0131 (Ekran Kart\u0131) - \u00c7ift Elektrik + Gazl\u0131, modern \u00e7ay kazanlar\u0131n\u0131n vazge\u00e7ilmez bir par\u00e7as\u0131d\u0131r. Hem elektrikli hem de gazl\u0131 \u00e7ay\",\"breadcrumb\":{\"@id\":\"https:\/\/mesalestore.com\/en\/product\/cay-kazani-dijital-on-membrani-ekran-karti-cift-elektrik-gazli\/#breadcrumb\"},\"inLanguage\":\"en-US\",\"potentialAction\":[{\"@type\":\"ReadAction\",\"target\":[\"https:\/\/mesalestore.com\/en\/product\/cay-kazani-dijital-on-membrani-ekran-karti-cift-elektrik-gazli\/\"]}]},{\"@type\":\"ImageObject\",\"inLanguage\":\"en-US\",\"@id\":\"https:\/\/mesalestore.com\/en\/product\/cay-kazani-dijital-on-membrani-ekran-karti-cift-elektrik-gazli\/#primaryimage\",\"url\":\"https:\/\/mesalestore.com\/wp-content\/uploads\/2026\/01\/1_org_zoom-30.jpg\",\"contentUrl\":\"https:\/\/mesalestore.com\/wp-content\/uploads\/2026\/01\/1_org_zoom-30.jpg\",\"width\":1200,\"height\":1800},{\"@type\":\"BreadcrumbList\",\"@id\":\"https:\/\/mesalestore.com\/en\/product\/cay-kazani-dijital-on-membrani-ekran-karti-cift-elektrik-gazli\/#breadcrumb\",\"itemListElement\":[{\"@type\":\"ListItem\",\"position\":1,\"name\":\"Anasayfa\",\"item\":\"https:\/\/mesalestore.com\/en\/\"},{\"@type\":\"ListItem\",\"position\":2,\"name\":\"Products\",\"item\":\"https:\/\/mesalestore.com\/en\/shop\/\"},{\"@type\":\"ListItem\",\"position\":3,\"name\":\"\u00c7ay Kazan\u0131 Dijital \u00d6n Membran\u0131 (Ekran Kart\u0131) &#8211; \u00c7ift Elektrik + Gazl\u0131\"}]},{\"@type\":\"WebSite\",\"@id\":\"https:\/\/mesalestore.com\/en\/#website\",\"url\":\"https:\/\/mesalestore.com\/en\/\",\"name\":\"Me\u015fale Store\",\"description\":\"\",\"publisher\":{\"@id\":\"https:\/\/mesalestore.com\/en\/#organization\"},\"potentialAction\":[{\"@type\":\"SearchAction\",\"target\":{\"@type\":\"EntryPoint\",\"urlTemplate\":\"https:\/\/mesalestore.com\/en\/?s={search_term_string}\"},\"query-input\":{\"@type\":\"PropertyValueSpecification\",\"valueRequired\":true,\"valueName\":\"search_term_string\"}}],\"inLanguage\":\"en-US\"},{\"@type\":\"Organization\",\"@id\":\"https:\/\/mesalestore.com\/en\/#organization\",\"name\":\"Me\u015fale Store\",\"url\":\"https:\/\/mesalestore.com\/en\/\",\"logo\":{\"@type\":\"ImageObject\",\"inLanguage\":\"en-US\",\"@id\":\"https:\/\/mesalestore.com\/en\/#\/schema\/logo\/image\/\",\"url\":\"https:\/\/mesalestore.com\/wp-content\/uploads\/2026\/03\/logo-header-yeni-1.webp\",\"contentUrl\":\"https:\/\/mesalestore.com\/wp-content\/uploads\/2026\/03\/logo-header-yeni-1.webp\",\"width\":419,\"height\":147,\"caption\":\"Me\u015fale Store\"},\"image\":{\"@id\":\"https:\/\/mesalestore.com\/en\/#\/schema\/logo\/image\/\"},\"sameAs\":[\"https:\/\/www.facebook.com\/mesalecay\",\"https:\/\/x.com\/mesalecaykazan\",\"https:\/\/www.instagram.com\/mesalecaykazan\/\"]}]}<\/script>\n<!-- \/ Yoast SEO plugin. -->","yoast_head_json":{"title":"\u00c7ay Kazan\u0131 Dijital \u00d6n Membran\u0131 (Ekran Kart\u0131) - \u00c7ift Elektrik + Gazl\u0131 | Me\u015fale Store","description":"\u00c7ay Kazan\u0131 Dijital \u00d6n Membran\u0131 (Ekran Kart\u0131) - \u00c7ift Elektrik + Gazl\u0131, modern \u00e7ay kazanlar\u0131n\u0131n vazge\u00e7ilmez bir par\u00e7as\u0131d\u0131r. Hem elektrikli hem de gazl\u0131 \u00e7ay","robots":{"index":"index","follow":"follow","max-snippet":"max-snippet:-1","max-image-preview":"max-image-preview:large","max-video-preview":"max-video-preview:-1"},"canonical":"https:\/\/mesalestore.com\/en\/product\/cay-kazani-dijital-on-membrani-ekran-karti-cift-elektrik-gazli\/","og_locale":"en_US","og_type":"article","og_title":"\u00c7ay Kazan\u0131 Dijital \u00d6n Membran\u0131 (Ekran Kart\u0131) - \u00c7ift Elektrik + Gazl\u0131 | Me\u015fale Store","og_description":"\u00c7ay Kazan\u0131 Dijital \u00d6n Membran\u0131 (Ekran Kart\u0131) - \u00c7ift Elektrik + Gazl\u0131, modern \u00e7ay kazanlar\u0131n\u0131n vazge\u00e7ilmez bir par\u00e7as\u0131d\u0131r. Hem elektrikli hem de gazl\u0131 \u00e7ay","og_url":"https:\/\/mesalestore.com\/en\/product\/cay-kazani-dijital-on-membrani-ekran-karti-cift-elektrik-gazli\/","og_site_name":"Me\u015fale Store","article_publisher":"https:\/\/www.facebook.com\/mesalecay","article_modified_time":"2026-04-09T11:24:42+00:00","og_image":[{"width":1200,"height":1800,"url":"https:\/\/mesalestore.com\/wp-content\/uploads\/2026\/01\/1_org_zoom-30.jpg","type":"image\/jpeg"}],"twitter_card":"summary_large_image","twitter_site":"@mesalecaykazan","twitter_misc":{"Est. reading time":"1 minute"},"schema":{"@context":"https:\/\/schema.org","@graph":[{"@type":"WebPage","@id":"https:\/\/mesalestore.com\/en\/product\/cay-kazani-dijital-on-membrani-ekran-karti-cift-elektrik-gazli\/","url":"https:\/\/mesalestore.com\/en\/product\/cay-kazani-dijital-on-membrani-ekran-karti-cift-elektrik-gazli\/","name":"\u00c7ay Kazan\u0131 Dijital \u00d6n Membran\u0131 (Ekran Kart\u0131) - \u00c7ift Elektrik + Gazl\u0131 | Me\u015fale Store","isPartOf":{"@id":"https:\/\/mesalestore.com\/en\/#website"},"primaryImageOfPage":{"@id":"https:\/\/mesalestore.com\/en\/product\/cay-kazani-dijital-on-membrani-ekran-karti-cift-elektrik-gazli\/#primaryimage"},"image":{"@id":"https:\/\/mesalestore.com\/en\/product\/cay-kazani-dijital-on-membrani-ekran-karti-cift-elektrik-gazli\/#primaryimage"},"thumbnailUrl":"https:\/\/mesalestore.com\/wp-content\/uploads\/2026\/01\/1_org_zoom-30.jpg","datePublished":"2026-02-09T09:18:50+00:00","dateModified":"2026-04-09T11:24:42+00:00","description":"\u00c7ay Kazan\u0131 Dijital \u00d6n Membran\u0131 (Ekran Kart\u0131) - \u00c7ift Elektrik + Gazl\u0131, modern \u00e7ay kazanlar\u0131n\u0131n vazge\u00e7ilmez bir par\u00e7as\u0131d\u0131r. Hem elektrikli hem de gazl\u0131 \u00e7ay","breadcrumb":{"@id":"https:\/\/mesalestore.com\/en\/product\/cay-kazani-dijital-on-membrani-ekran-karti-cift-elektrik-gazli\/#breadcrumb"},"inLanguage":"en-US","potentialAction":[{"@type":"ReadAction","target":["https:\/\/mesalestore.com\/en\/product\/cay-kazani-dijital-on-membrani-ekran-karti-cift-elektrik-gazli\/"]}]},{"@type":"ImageObject","inLanguage":"en-US","@id":"https:\/\/mesalestore.com\/en\/product\/cay-kazani-dijital-on-membrani-ekran-karti-cift-elektrik-gazli\/#primaryimage","url":"https:\/\/mesalestore.com\/wp-content\/uploads\/2026\/01\/1_org_zoom-30.jpg","contentUrl":"https:\/\/mesalestore.com\/wp-content\/uploads\/2026\/01\/1_org_zoom-30.jpg","width":1200,"height":1800},{"@type":"BreadcrumbList","@id":"https:\/\/mesalestore.com\/en\/product\/cay-kazani-dijital-on-membrani-ekran-karti-cift-elektrik-gazli\/#breadcrumb","itemListElement":[{"@type":"ListItem","position":1,"name":"Anasayfa","item":"https:\/\/mesalestore.com\/en\/"},{"@type":"ListItem","position":2,"name":"Products","item":"https:\/\/mesalestore.com\/en\/shop\/"},{"@type":"ListItem","position":3,"name":"\u00c7ay Kazan\u0131 Dijital \u00d6n Membran\u0131 (Ekran Kart\u0131) &#8211; \u00c7ift Elektrik + Gazl\u0131"}]},{"@type":"WebSite","@id":"https:\/\/mesalestore.com\/en\/#website","url":"https:\/\/mesalestore.com\/en\/","name":"Me\u015fale Store","description":"","publisher":{"@id":"https:\/\/mesalestore.com\/en\/#organization"},"potentialAction":[{"@type":"SearchAction","target":{"@type":"EntryPoint","urlTemplate":"https:\/\/mesalestore.com\/en\/?s={search_term_string}"},"query-input":{"@type":"PropertyValueSpecification","valueRequired":true,"valueName":"search_term_string"}}],"inLanguage":"en-US"},{"@type":"Organization","@id":"https:\/\/mesalestore.com\/en\/#organization","name":"Me\u015fale Store","url":"https:\/\/mesalestore.com\/en\/","logo":{"@type":"ImageObject","inLanguage":"en-US","@id":"https:\/\/mesalestore.com\/en\/#\/schema\/logo\/image\/","url":"https:\/\/mesalestore.com\/wp-content\/uploads\/2026\/03\/logo-header-yeni-1.webp","contentUrl":"https:\/\/mesalestore.com\/wp-content\/uploads\/2026\/03\/logo-header-yeni-1.webp","width":419,"height":147,"caption":"Me\u015fale Store"},"image":{"@id":"https:\/\/mesalestore.com\/en\/#\/schema\/logo\/image\/"},"sameAs":["https:\/\/www.facebook.com\/mesalecay","https:\/\/x.com\/mesalecaykazan","https:\/\/www.instagram.com\/mesalecaykazan\/"]}]}},"_links":{"self":[{"href":"https:\/\/mesalestore.com\/en\/wp-json\/wp\/v2\/product\/2401","targetHints":{"allow":["GET"]}}],"collection":[{"href":"https:\/\/mesalestore.com\/en\/wp-json\/wp\/v2\/product"}],"about":[{"href":"https:\/\/mesalestore.com\/en\/wp-json\/wp\/v2\/types\/product"}],"replies":[{"embeddable":true,"href":"https:\/\/mesalestore.com\/en\/wp-json\/wp\/v2\/comments?post=2401"}],"wp:featuredmedia":[{"embeddable":true,"href":"https:\/\/mesalestore.com\/en\/wp-json\/wp\/v2\/media\/406"}],"wp:attachment":[{"href":"https:\/\/mesalestore.com\/en\/wp-json\/wp\/v2\/media?parent=2401"}],"wp:term":[{"taxonomy":"product_brand","embeddable":true,"href":"https:\/\/mesalestore.com\/en\/wp-json\/wp\/v2\/product_brand?post=2401"},{"taxonomy":"product_cat","embeddable":true,"href":"https:\/\/mesalestore.com\/en\/wp-json\/wp\/v2\/product_cat?post=2401"},{"taxonomy":"product_tag","embeddable":true,"href":"https:\/\/mesalestore.com\/en\/wp-json\/wp\/v2\/product_tag?post=2401"}],"curies":[{"name":"wp","href":"https:\/\/api.w.org\/{rel}","templated":true}]}}