{"id":2400,"date":"2026-02-09T12:18:50","date_gmt":"2026-02-09T09:18:50","guid":{"rendered":"http:\/\/mesalestore.com\/product\/5-demlikli-cay-kazani-ust-kapak-contasi\/"},"modified":"2026-04-10T01:35:40","modified_gmt":"2026-04-09T22:35:40","slug":"5-demlikli-cay-kazani-ust-kapak-contasi","status":"publish","type":"product","link":"https:\/\/mesalestore.com\/en\/product\/5-demlikli-cay-kazani-ust-kapak-contasi\/","title":{"rendered":"5 Demlikli \u00c7ay Kazan\u0131 \u00dcst Kapak Contas\u0131"},"content":{"rendered":"","protected":false},"excerpt":{"rendered":"","protected":false},"featured_media":403,"comment_status":"closed","ping_status":"closed","template":"","meta":[],"product_brand":[7750],"product_cat":[7988],"product_tag":[5059,5074,5072,5073,5060,5067,5065,5066,5061,5064,5062,5063,5068,5071,5069,5070,5027,5028,5043,5041,5042,5029,5036,5034,5035,5030,5033,5031,5032,5037,5040,5038,5039,5058,5056,5057,5044,5051,5049,5050,5045,5048,5046,5047,5052,5055,5053,5054,5075,5076],"class_list":{"0":"post-2400","1":"product","2":"type-product","3":"status-publish","4":"has-post-thumbnail","6":"product_brand-demsu","7":"product_cat-conta-baglanti-parcalari","8":"product_tag-5-cay","9":"product_tag-5-cay-contasi","10":"product_tag-5-cay-kapak","11":"product_tag-5-cay-kapak-contasi","12":"product_tag-5-cay-kazani","13":"product_tag-5-cay-kazani-contasi","14":"product_tag-5-cay-kazani-kapak","15":"product_tag-5-cay-kazani-kapak-contasi","16":"product_tag-5-cay-kazani-ust","17":"product_tag-5-cay-kazani-ust-contasi","18":"product_tag-5-cay-kazani-ust-kapak","19":"product_tag-5-cay-kazani-ust-kapak-contasi","20":"product_tag-5-cay-ust","21":"product_tag-5-cay-ust-contasi","22":"product_tag-5-cay-ust-kapak","23":"product_tag-5-cay-ust-kapak-contasi","24":"product_tag-5-demlikli","25":"product_tag-5-demlikli-cay","26":"product_tag-5-demlikli-cay-contasi","27":"product_tag-5-demlikli-cay-kapak","28":"product_tag-5-demlikli-cay-kapak-contasi","29":"product_tag-5-demlikli-cay-kazani","30":"product_tag-5-demlikli-cay-kazani-contasi","31":"product_tag-5-demlikli-cay-kazani-kapak","32":"product_tag-5-demlikli-cay-kazani-kapak-contasi","33":"product_tag-5-demlikli-cay-kazani-ust","34":"product_tag-5-demlikli-cay-kazani-ust-contasi","35":"product_tag-5-demlikli-cay-kazani-ust-kapak","36":"product_tag-5-demlikli-cay-kazani-ust-kapak-contasi","37":"product_tag-5-demlikli-cay-ust","38":"product_tag-5-demlikli-cay-ust-contasi","39":"product_tag-5-demlikli-cay-ust-kapak","40":"product_tag-5-demlikli-cay-ust-kapak-contasi","41":"product_tag-5-demlikli-contasi","42":"product_tag-5-demlikli-kapak","43":"product_tag-5-demlikli-kapak-contasi","44":"product_tag-5-demlikli-kazani","45":"product_tag-5-demlikli-kazani-contasi","46":"product_tag-5-demlikli-kazani-kapak","47":"product_tag-5-demlikli-kazani-kapak-contasi","48":"product_tag-5-demlikli-kazani-ust","49":"product_tag-5-demlikli-kazani-ust-contasi","50":"product_tag-5-demlikli-kazani-ust-kapak","51":"product_tag-5-demlikli-kazani-ust-kapak-contasi","52":"product_tag-5-demlikli-ust","53":"product_tag-5-demlikli-ust-contasi","54":"product_tag-5-demlikli-ust-kapak","55":"product_tag-5-demlikli-ust-kapak-contasi","56":"product_tag-5-kazani","57":"product_tag-5-kazani-ust","59":"first","60":"instock","61":"taxable","62":"shipping-taxable","63":"purchasable","64":"product-type-simple"},"yoast_head":"<!-- This site is optimized with the Yoast SEO plugin v27.1.1 - https:\/\/yoast.com\/product\/yoast-seo-wordpress\/ -->\n<title>5 Demlikli \u00c7ay Kazan\u0131 \u00dcst Kapak Contas\u0131 | Me\u015fale Store<\/title>\n<meta name=\"robots\" content=\"index, follow, max-snippet:-1, max-image-preview:large, max-video-preview:-1\" \/>\n<link rel=\"canonical\" href=\"https:\/\/mesalestore.com\/en\/product\/5-demlikli-cay-kazani-ust-kapak-contasi\/\" \/>\n<meta property=\"og:locale\" content=\"en_US\" \/>\n<meta property=\"og:type\" content=\"article\" \/>\n<meta property=\"og:title\" content=\"5 Demlikli \u00c7ay Kazan\u0131 \u00dcst Kapak Contas\u0131 | Me\u015fale Store\" \/>\n<meta property=\"og:url\" content=\"https:\/\/mesalestore.com\/en\/product\/5-demlikli-cay-kazani-ust-kapak-contasi\/\" \/>\n<meta property=\"og:site_name\" content=\"Me\u015fale Store\" \/>\n<meta property=\"article:publisher\" content=\"https:\/\/www.facebook.com\/mesalecay\" \/>\n<meta property=\"article:modified_time\" content=\"2026-04-09T22:35:40+00:00\" \/>\n<meta property=\"og:image\" content=\"https:\/\/mesalestore.com\/wp-content\/uploads\/2026\/01\/1_org_zoom-28.jpg\" \/>\n\t<meta property=\"og:image:width\" content=\"1200\" \/>\n\t<meta property=\"og:image:height\" content=\"1800\" \/>\n\t<meta property=\"og:image:type\" content=\"image\/jpeg\" \/>\n<meta name=\"twitter:card\" content=\"summary_large_image\" \/>\n<meta name=\"twitter:site\" content=\"@mesalecaykazan\" \/>\n<meta name=\"twitter:label1\" content=\"Est. reading time\" \/>\n\t<meta name=\"twitter:data1\" content=\"1 minute\" \/>\n<script type=\"application\/ld+json\" class=\"yoast-schema-graph\">{\"@context\":\"https:\/\/schema.org\",\"@graph\":[{\"@type\":\"WebPage\",\"@id\":\"https:\/\/mesalestore.com\/en\/product\/5-demlikli-cay-kazani-ust-kapak-contasi\/\",\"url\":\"https:\/\/mesalestore.com\/en\/product\/5-demlikli-cay-kazani-ust-kapak-contasi\/\",\"name\":\"5 Demlikli \u00c7ay Kazan\u0131 \u00dcst Kapak Contas\u0131 | Me\u015fale Store\",\"isPartOf\":{\"@id\":\"https:\/\/mesalestore.com\/en\/#website\"},\"primaryImageOfPage\":{\"@id\":\"https:\/\/mesalestore.com\/en\/product\/5-demlikli-cay-kazani-ust-kapak-contasi\/#primaryimage\"},\"image\":{\"@id\":\"https:\/\/mesalestore.com\/en\/product\/5-demlikli-cay-kazani-ust-kapak-contasi\/#primaryimage\"},\"thumbnailUrl\":\"https:\/\/mesalestore.com\/wp-content\/uploads\/2026\/01\/1_org_zoom-28.jpg\",\"datePublished\":\"2026-02-09T09:18:50+00:00\",\"dateModified\":\"2026-04-09T22:35:40+00:00\",\"breadcrumb\":{\"@id\":\"https:\/\/mesalestore.com\/en\/product\/5-demlikli-cay-kazani-ust-kapak-contasi\/#breadcrumb\"},\"inLanguage\":\"en-US\",\"potentialAction\":[{\"@type\":\"ReadAction\",\"target\":[\"https:\/\/mesalestore.com\/en\/product\/5-demlikli-cay-kazani-ust-kapak-contasi\/\"]}]},{\"@type\":\"ImageObject\",\"inLanguage\":\"en-US\",\"@id\":\"https:\/\/mesalestore.com\/en\/product\/5-demlikli-cay-kazani-ust-kapak-contasi\/#primaryimage\",\"url\":\"https:\/\/mesalestore.com\/wp-content\/uploads\/2026\/01\/1_org_zoom-28.jpg\",\"contentUrl\":\"https:\/\/mesalestore.com\/wp-content\/uploads\/2026\/01\/1_org_zoom-28.jpg\",\"width\":1200,\"height\":1800},{\"@type\":\"BreadcrumbList\",\"@id\":\"https:\/\/mesalestore.com\/en\/product\/5-demlikli-cay-kazani-ust-kapak-contasi\/#breadcrumb\",\"itemListElement\":[{\"@type\":\"ListItem\",\"position\":1,\"name\":\"Anasayfa\",\"item\":\"https:\/\/mesalestore.com\/en\/\"},{\"@type\":\"ListItem\",\"position\":2,\"name\":\"Products\",\"item\":\"https:\/\/mesalestore.com\/en\/shop\/\"},{\"@type\":\"ListItem\",\"position\":3,\"name\":\"5 Demlikli \u00c7ay Kazan\u0131 \u00dcst Kapak Contas\u0131\"}]},{\"@type\":\"WebSite\",\"@id\":\"https:\/\/mesalestore.com\/en\/#website\",\"url\":\"https:\/\/mesalestore.com\/en\/\",\"name\":\"Me\u015fale Store\",\"description\":\"\",\"publisher\":{\"@id\":\"https:\/\/mesalestore.com\/en\/#organization\"},\"potentialAction\":[{\"@type\":\"SearchAction\",\"target\":{\"@type\":\"EntryPoint\",\"urlTemplate\":\"https:\/\/mesalestore.com\/en\/?s={search_term_string}\"},\"query-input\":{\"@type\":\"PropertyValueSpecification\",\"valueRequired\":true,\"valueName\":\"search_term_string\"}}],\"inLanguage\":\"en-US\"},{\"@type\":\"Organization\",\"@id\":\"https:\/\/mesalestore.com\/en\/#organization\",\"name\":\"Me\u015fale Store\",\"url\":\"https:\/\/mesalestore.com\/en\/\",\"logo\":{\"@type\":\"ImageObject\",\"inLanguage\":\"en-US\",\"@id\":\"https:\/\/mesalestore.com\/en\/#\/schema\/logo\/image\/\",\"url\":\"https:\/\/mesalestore.com\/wp-content\/uploads\/2026\/03\/logo-header-yeni-1.webp\",\"contentUrl\":\"https:\/\/mesalestore.com\/wp-content\/uploads\/2026\/03\/logo-header-yeni-1.webp\",\"width\":419,\"height\":147,\"caption\":\"Me\u015fale Store\"},\"image\":{\"@id\":\"https:\/\/mesalestore.com\/en\/#\/schema\/logo\/image\/\"},\"sameAs\":[\"https:\/\/www.facebook.com\/mesalecay\",\"https:\/\/x.com\/mesalecaykazan\",\"https:\/\/www.instagram.com\/mesalecaykazan\/\"]}]}<\/script>\n<!-- \/ Yoast SEO plugin. -->","yoast_head_json":{"title":"5 Demlikli \u00c7ay Kazan\u0131 \u00dcst Kapak Contas\u0131 | Me\u015fale Store","robots":{"index":"index","follow":"follow","max-snippet":"max-snippet:-1","max-image-preview":"max-image-preview:large","max-video-preview":"max-video-preview:-1"},"canonical":"https:\/\/mesalestore.com\/en\/product\/5-demlikli-cay-kazani-ust-kapak-contasi\/","og_locale":"en_US","og_type":"article","og_title":"5 Demlikli \u00c7ay Kazan\u0131 \u00dcst Kapak Contas\u0131 | Me\u015fale Store","og_url":"https:\/\/mesalestore.com\/en\/product\/5-demlikli-cay-kazani-ust-kapak-contasi\/","og_site_name":"Me\u015fale Store","article_publisher":"https:\/\/www.facebook.com\/mesalecay","article_modified_time":"2026-04-09T22:35:40+00:00","og_image":[{"width":1200,"height":1800,"url":"https:\/\/mesalestore.com\/wp-content\/uploads\/2026\/01\/1_org_zoom-28.jpg","type":"image\/jpeg"}],"twitter_card":"summary_large_image","twitter_site":"@mesalecaykazan","twitter_misc":{"Est. reading time":"1 minute"},"schema":{"@context":"https:\/\/schema.org","@graph":[{"@type":"WebPage","@id":"https:\/\/mesalestore.com\/en\/product\/5-demlikli-cay-kazani-ust-kapak-contasi\/","url":"https:\/\/mesalestore.com\/en\/product\/5-demlikli-cay-kazani-ust-kapak-contasi\/","name":"5 Demlikli \u00c7ay Kazan\u0131 \u00dcst Kapak Contas\u0131 | Me\u015fale Store","isPartOf":{"@id":"https:\/\/mesalestore.com\/en\/#website"},"primaryImageOfPage":{"@id":"https:\/\/mesalestore.com\/en\/product\/5-demlikli-cay-kazani-ust-kapak-contasi\/#primaryimage"},"image":{"@id":"https:\/\/mesalestore.com\/en\/product\/5-demlikli-cay-kazani-ust-kapak-contasi\/#primaryimage"},"thumbnailUrl":"https:\/\/mesalestore.com\/wp-content\/uploads\/2026\/01\/1_org_zoom-28.jpg","datePublished":"2026-02-09T09:18:50+00:00","dateModified":"2026-04-09T22:35:40+00:00","breadcrumb":{"@id":"https:\/\/mesalestore.com\/en\/product\/5-demlikli-cay-kazani-ust-kapak-contasi\/#breadcrumb"},"inLanguage":"en-US","potentialAction":[{"@type":"ReadAction","target":["https:\/\/mesalestore.com\/en\/product\/5-demlikli-cay-kazani-ust-kapak-contasi\/"]}]},{"@type":"ImageObject","inLanguage":"en-US","@id":"https:\/\/mesalestore.com\/en\/product\/5-demlikli-cay-kazani-ust-kapak-contasi\/#primaryimage","url":"https:\/\/mesalestore.com\/wp-content\/uploads\/2026\/01\/1_org_zoom-28.jpg","contentUrl":"https:\/\/mesalestore.com\/wp-content\/uploads\/2026\/01\/1_org_zoom-28.jpg","width":1200,"height":1800},{"@type":"BreadcrumbList","@id":"https:\/\/mesalestore.com\/en\/product\/5-demlikli-cay-kazani-ust-kapak-contasi\/#breadcrumb","itemListElement":[{"@type":"ListItem","position":1,"name":"Anasayfa","item":"https:\/\/mesalestore.com\/en\/"},{"@type":"ListItem","position":2,"name":"Products","item":"https:\/\/mesalestore.com\/en\/shop\/"},{"@type":"ListItem","position":3,"name":"5 Demlikli \u00c7ay Kazan\u0131 \u00dcst Kapak Contas\u0131"}]},{"@type":"WebSite","@id":"https:\/\/mesalestore.com\/en\/#website","url":"https:\/\/mesalestore.com\/en\/","name":"Me\u015fale Store","description":"","publisher":{"@id":"https:\/\/mesalestore.com\/en\/#organization"},"potentialAction":[{"@type":"SearchAction","target":{"@type":"EntryPoint","urlTemplate":"https:\/\/mesalestore.com\/en\/?s={search_term_string}"},"query-input":{"@type":"PropertyValueSpecification","valueRequired":true,"valueName":"search_term_string"}}],"inLanguage":"en-US"},{"@type":"Organization","@id":"https:\/\/mesalestore.com\/en\/#organization","name":"Me\u015fale Store","url":"https:\/\/mesalestore.com\/en\/","logo":{"@type":"ImageObject","inLanguage":"en-US","@id":"https:\/\/mesalestore.com\/en\/#\/schema\/logo\/image\/","url":"https:\/\/mesalestore.com\/wp-content\/uploads\/2026\/03\/logo-header-yeni-1.webp","contentUrl":"https:\/\/mesalestore.com\/wp-content\/uploads\/2026\/03\/logo-header-yeni-1.webp","width":419,"height":147,"caption":"Me\u015fale Store"},"image":{"@id":"https:\/\/mesalestore.com\/en\/#\/schema\/logo\/image\/"},"sameAs":["https:\/\/www.facebook.com\/mesalecay","https:\/\/x.com\/mesalecaykazan","https:\/\/www.instagram.com\/mesalecaykazan\/"]}]}},"_links":{"self":[{"href":"https:\/\/mesalestore.com\/en\/wp-json\/wp\/v2\/product\/2400","targetHints":{"allow":["GET"]}}],"collection":[{"href":"https:\/\/mesalestore.com\/en\/wp-json\/wp\/v2\/product"}],"about":[{"href":"https:\/\/mesalestore.com\/en\/wp-json\/wp\/v2\/types\/product"}],"replies":[{"embeddable":true,"href":"https:\/\/mesalestore.com\/en\/wp-json\/wp\/v2\/comments?post=2400"}],"wp:featuredmedia":[{"embeddable":true,"href":"https:\/\/mesalestore.com\/en\/wp-json\/wp\/v2\/media\/403"}],"wp:attachment":[{"href":"https:\/\/mesalestore.com\/en\/wp-json\/wp\/v2\/media?parent=2400"}],"wp:term":[{"taxonomy":"product_brand","embeddable":true,"href":"https:\/\/mesalestore.com\/en\/wp-json\/wp\/v2\/product_brand?post=2400"},{"taxonomy":"product_cat","embeddable":true,"href":"https:\/\/mesalestore.com\/en\/wp-json\/wp\/v2\/product_cat?post=2400"},{"taxonomy":"product_tag","embeddable":true,"href":"https:\/\/mesalestore.com\/en\/wp-json\/wp\/v2\/product_tag?post=2400"}],"curies":[{"name":"wp","href":"https:\/\/api.w.org\/{rel}","templated":true}]}}