{"id":2399,"date":"2026-02-09T12:18:50","date_gmt":"2026-02-09T09:18:50","guid":{"rendered":"http:\/\/mesalestore.com\/product\/cay-kazani-flator-samandira-ayagi\/"},"modified":"2026-04-11T13:18:42","modified_gmt":"2026-04-11T10:18:42","slug":"cay-kazani-flator-samandira-ayagi","status":"publish","type":"product","link":"https:\/\/mesalestore.com\/en\/product\/cay-kazani-flator-samandira-ayagi\/","title":{"rendered":"\u00c7ay Kazan\u0131 Flat\u00f6r \u015eamand\u0131ra Aya\u011f\u0131"},"content":{"rendered":"<p><strong>\u00c7ay Kazan\u0131 Flat\u00f6r \u015eamand\u0131ra Aya\u011f\u0131,<\/strong> \u00e7ay kazanlar\u0131n\u0131n su seviyesini d\u00fczenlemek i\u00e7in kullan\u0131lan hayati bir bile\u015fendir. <strong>Y\u00fcksek kaliteli malzemelerle \u00fcretilmi\u015f olup<\/strong>, <strong>su seviyesini do\u011fru bir \u015fekilde alg\u0131lar<\/strong> ve <strong>otomatik olarak \u00e7ay kazan\u0131n\u0131n su seviyesini kontrol eder.<\/strong><strong>\u00c7ay kazan\u0131 flat\u00f6r \u015famand\u0131ra aya\u011f\u0131,<\/strong> suyun fazla veya eksik olmas\u0131n\u0131 engeller, b\u00f6ylece \u00e7ay kazan\u0131n\u0131n verimli ve g\u00fcvenli bir \u015fekilde \u00e7al\u0131\u015fmas\u0131n\u0131 sa\u011flar. <strong>\u00c7ay kazan\u0131 modellerine \u00f6zel olarak tasarlanm\u0131\u015f<\/strong> bu par\u00e7a, montaj\u0131 kolay ve kullan\u0131m\u0131 pratiktir. <strong>Yedek par\u00e7a olarak temin edilebilir,<\/strong> b\u00f6ylece herhangi bir ar\u0131za durumunda h\u0131zla de\u011fi\u015ftirilebilir.<\/p>","protected":false},"excerpt":{"rendered":"<p>\u00c7ay Kazan\u0131 Flat\u00f6r \u015eamand\u0131ra Aya\u011f\u0131, \u00e7ay kazanlar\u0131n\u0131n su seviyesini d\u00fczenlemek i\u00e7in kullan\u0131lan hayati bir bile\u015fendir. Y\u00fcksek kaliteli malzemelerle \u00fcretilmi\u015f olup, su seviyesini do\u011fru bir \u015fekilde alg\u0131lar ve otomatik olarak \u00e7ay kazan\u0131n\u0131n su seviyesini kontrol eder.\u00c7ay kazan\u0131 flat\u00f6r \u015famand\u0131ra aya\u011f\u0131, suyun fazla veya eksik olmas\u0131n\u0131 engeller, b\u00f6ylece \u00e7ay kazan\u0131n\u0131n verimli ve g\u00fcvenli bir \u015fekilde \u00e7al\u0131\u015fmas\u0131n\u0131 sa\u011flar. [&hellip;]<\/p>\n","protected":false},"featured_media":401,"comment_status":"closed","ping_status":"closed","template":"","meta":[],"product_brand":[7750],"product_cat":[8000],"product_tag":[5200,5189,5184,5187,5185,5186,478,5183,5178,5181,5179,5180,612,5182,615,5188,532,5198,5196,5197,485,5195,5190,5193,5191,5192,618,5194,621,5199],"class_list":{"0":"post-2399","1":"product","2":"type-product","3":"status-publish","4":"has-post-thumbnail","6":"product_brand-demsu","7":"product_cat-diger","8":"product_tag-ayagi","9":"product_tag-cay-ayagi","10":"product_tag-cay-flator","11":"product_tag-cay-flator-ayagi","12":"product_tag-cay-flator-samandira","13":"product_tag-cay-flator-samandira-ayagi","14":"product_tag-cay-kazani","15":"product_tag-cay-kazani-ayagi","16":"product_tag-cay-kazani-flator","17":"product_tag-cay-kazani-flator-ayagi","18":"product_tag-cay-kazani-flator-samandira","19":"product_tag-cay-kazani-flator-samandira-ayagi","20":"product_tag-cay-kazani-samandira","21":"product_tag-cay-kazani-samandira-ayagi","22":"product_tag-cay-samandira","23":"product_tag-cay-samandira-ayagi","24":"product_tag-flator","25":"product_tag-flator-ayagi","26":"product_tag-flator-samandira","27":"product_tag-flator-samandira-ayagi","28":"product_tag-kazani","29":"product_tag-kazani-ayagi","30":"product_tag-kazani-flator","31":"product_tag-kazani-flator-ayagi","32":"product_tag-kazani-flator-samandira","33":"product_tag-kazani-flator-samandira-ayagi","34":"product_tag-kazani-samandira","35":"product_tag-kazani-samandira-ayagi","36":"product_tag-samandira","37":"product_tag-samandira-ayagi","39":"first","40":"instock","41":"taxable","42":"shipping-taxable","43":"purchasable","44":"product-type-simple"},"yoast_head":"<!-- This site is optimized with the Yoast SEO plugin v27.1.1 - https:\/\/yoast.com\/product\/yoast-seo-wordpress\/ -->\n<title>\u00c7ay Kazan\u0131 Flat\u00f6r \u015eamand\u0131ra Aya\u011f\u0131 | Me\u015fale Store<\/title>\n<meta name=\"description\" content=\"\u00c7ay Kazan\u0131 Flat\u00f6r \u015eamand\u0131ra Aya\u011f\u0131, \u00e7ay kazanlar\u0131n\u0131n su seviyesini d\u00fczenlemek i\u00e7in kullan\u0131lan hayati bir bile\u015fendir. Y\u00fcksek kaliteli malzemelerle \u00fcretilmi\u015f\" \/>\n<meta name=\"robots\" content=\"index, follow, max-snippet:-1, max-image-preview:large, max-video-preview:-1\" \/>\n<link rel=\"canonical\" href=\"https:\/\/mesalestore.com\/en\/product\/cay-kazani-flator-samandira-ayagi\/\" \/>\n<meta property=\"og:locale\" content=\"en_US\" \/>\n<meta property=\"og:type\" content=\"article\" \/>\n<meta property=\"og:title\" content=\"\u00c7ay Kazan\u0131 Flat\u00f6r \u015eamand\u0131ra Aya\u011f\u0131 | Me\u015fale Store\" \/>\n<meta property=\"og:description\" content=\"\u00c7ay Kazan\u0131 Flat\u00f6r \u015eamand\u0131ra Aya\u011f\u0131, \u00e7ay kazanlar\u0131n\u0131n su seviyesini d\u00fczenlemek i\u00e7in kullan\u0131lan hayati bir bile\u015fendir. Y\u00fcksek kaliteli malzemelerle \u00fcretilmi\u015f\" \/>\n<meta property=\"og:url\" content=\"https:\/\/mesalestore.com\/en\/product\/cay-kazani-flator-samandira-ayagi\/\" \/>\n<meta property=\"og:site_name\" content=\"Me\u015fale Store\" \/>\n<meta property=\"article:publisher\" content=\"https:\/\/www.facebook.com\/mesalecay\" \/>\n<meta property=\"article:modified_time\" content=\"2026-04-11T10:18:42+00:00\" \/>\n<meta property=\"og:image\" content=\"https:\/\/mesalestore.com\/wp-content\/uploads\/2026\/01\/1_org_zoom-27.jpg\" \/>\n\t<meta property=\"og:image:width\" content=\"1200\" \/>\n\t<meta property=\"og:image:height\" content=\"1800\" \/>\n\t<meta property=\"og:image:type\" content=\"image\/jpeg\" \/>\n<meta name=\"twitter:card\" content=\"summary_large_image\" \/>\n<meta name=\"twitter:site\" content=\"@mesalecaykazan\" \/>\n<meta name=\"twitter:label1\" content=\"Est. reading time\" \/>\n\t<meta name=\"twitter:data1\" content=\"1 minute\" \/>\n<script type=\"application\/ld+json\" class=\"yoast-schema-graph\">{\"@context\":\"https:\/\/schema.org\",\"@graph\":[{\"@type\":\"WebPage\",\"@id\":\"https:\/\/mesalestore.com\/en\/product\/cay-kazani-flator-samandira-ayagi\/\",\"url\":\"https:\/\/mesalestore.com\/en\/product\/cay-kazani-flator-samandira-ayagi\/\",\"name\":\"\u00c7ay Kazan\u0131 Flat\u00f6r \u015eamand\u0131ra Aya\u011f\u0131 | Me\u015fale Store\",\"isPartOf\":{\"@id\":\"https:\/\/mesalestore.com\/en\/#website\"},\"primaryImageOfPage\":{\"@id\":\"https:\/\/mesalestore.com\/en\/product\/cay-kazani-flator-samandira-ayagi\/#primaryimage\"},\"image\":{\"@id\":\"https:\/\/mesalestore.com\/en\/product\/cay-kazani-flator-samandira-ayagi\/#primaryimage\"},\"thumbnailUrl\":\"https:\/\/mesalestore.com\/wp-content\/uploads\/2026\/01\/1_org_zoom-27.jpg\",\"datePublished\":\"2026-02-09T09:18:50+00:00\",\"dateModified\":\"2026-04-11T10:18:42+00:00\",\"description\":\"\u00c7ay Kazan\u0131 Flat\u00f6r \u015eamand\u0131ra Aya\u011f\u0131, \u00e7ay kazanlar\u0131n\u0131n su seviyesini d\u00fczenlemek i\u00e7in kullan\u0131lan hayati bir bile\u015fendir. Y\u00fcksek kaliteli malzemelerle \u00fcretilmi\u015f\",\"breadcrumb\":{\"@id\":\"https:\/\/mesalestore.com\/en\/product\/cay-kazani-flator-samandira-ayagi\/#breadcrumb\"},\"inLanguage\":\"en-US\",\"potentialAction\":[{\"@type\":\"ReadAction\",\"target\":[\"https:\/\/mesalestore.com\/en\/product\/cay-kazani-flator-samandira-ayagi\/\"]}]},{\"@type\":\"ImageObject\",\"inLanguage\":\"en-US\",\"@id\":\"https:\/\/mesalestore.com\/en\/product\/cay-kazani-flator-samandira-ayagi\/#primaryimage\",\"url\":\"https:\/\/mesalestore.com\/wp-content\/uploads\/2026\/01\/1_org_zoom-27.jpg\",\"contentUrl\":\"https:\/\/mesalestore.com\/wp-content\/uploads\/2026\/01\/1_org_zoom-27.jpg\",\"width\":1200,\"height\":1800},{\"@type\":\"BreadcrumbList\",\"@id\":\"https:\/\/mesalestore.com\/en\/product\/cay-kazani-flator-samandira-ayagi\/#breadcrumb\",\"itemListElement\":[{\"@type\":\"ListItem\",\"position\":1,\"name\":\"Anasayfa\",\"item\":\"https:\/\/mesalestore.com\/en\/\"},{\"@type\":\"ListItem\",\"position\":2,\"name\":\"Products\",\"item\":\"https:\/\/mesalestore.com\/en\/shop\/\"},{\"@type\":\"ListItem\",\"position\":3,\"name\":\"\u00c7ay Kazan\u0131 Flat\u00f6r \u015eamand\u0131ra Aya\u011f\u0131\"}]},{\"@type\":\"WebSite\",\"@id\":\"https:\/\/mesalestore.com\/en\/#website\",\"url\":\"https:\/\/mesalestore.com\/en\/\",\"name\":\"Me\u015fale Store\",\"description\":\"\",\"publisher\":{\"@id\":\"https:\/\/mesalestore.com\/en\/#organization\"},\"potentialAction\":[{\"@type\":\"SearchAction\",\"target\":{\"@type\":\"EntryPoint\",\"urlTemplate\":\"https:\/\/mesalestore.com\/en\/?s={search_term_string}\"},\"query-input\":{\"@type\":\"PropertyValueSpecification\",\"valueRequired\":true,\"valueName\":\"search_term_string\"}}],\"inLanguage\":\"en-US\"},{\"@type\":\"Organization\",\"@id\":\"https:\/\/mesalestore.com\/en\/#organization\",\"name\":\"Me\u015fale Store\",\"url\":\"https:\/\/mesalestore.com\/en\/\",\"logo\":{\"@type\":\"ImageObject\",\"inLanguage\":\"en-US\",\"@id\":\"https:\/\/mesalestore.com\/en\/#\/schema\/logo\/image\/\",\"url\":\"https:\/\/mesalestore.com\/wp-content\/uploads\/2026\/03\/logo-header-yeni-1.webp\",\"contentUrl\":\"https:\/\/mesalestore.com\/wp-content\/uploads\/2026\/03\/logo-header-yeni-1.webp\",\"width\":419,\"height\":147,\"caption\":\"Me\u015fale Store\"},\"image\":{\"@id\":\"https:\/\/mesalestore.com\/en\/#\/schema\/logo\/image\/\"},\"sameAs\":[\"https:\/\/www.facebook.com\/mesalecay\",\"https:\/\/x.com\/mesalecaykazan\",\"https:\/\/www.instagram.com\/mesalecaykazan\/\"]}]}<\/script>\n<!-- \/ Yoast SEO plugin. -->","yoast_head_json":{"title":"\u00c7ay Kazan\u0131 Flat\u00f6r \u015eamand\u0131ra Aya\u011f\u0131 | Me\u015fale Store","description":"\u00c7ay Kazan\u0131 Flat\u00f6r \u015eamand\u0131ra Aya\u011f\u0131, \u00e7ay kazanlar\u0131n\u0131n su seviyesini d\u00fczenlemek i\u00e7in kullan\u0131lan hayati bir bile\u015fendir. Y\u00fcksek kaliteli malzemelerle \u00fcretilmi\u015f","robots":{"index":"index","follow":"follow","max-snippet":"max-snippet:-1","max-image-preview":"max-image-preview:large","max-video-preview":"max-video-preview:-1"},"canonical":"https:\/\/mesalestore.com\/en\/product\/cay-kazani-flator-samandira-ayagi\/","og_locale":"en_US","og_type":"article","og_title":"\u00c7ay Kazan\u0131 Flat\u00f6r \u015eamand\u0131ra Aya\u011f\u0131 | Me\u015fale Store","og_description":"\u00c7ay Kazan\u0131 Flat\u00f6r \u015eamand\u0131ra Aya\u011f\u0131, \u00e7ay kazanlar\u0131n\u0131n su seviyesini d\u00fczenlemek i\u00e7in kullan\u0131lan hayati bir bile\u015fendir. Y\u00fcksek kaliteli malzemelerle \u00fcretilmi\u015f","og_url":"https:\/\/mesalestore.com\/en\/product\/cay-kazani-flator-samandira-ayagi\/","og_site_name":"Me\u015fale Store","article_publisher":"https:\/\/www.facebook.com\/mesalecay","article_modified_time":"2026-04-11T10:18:42+00:00","og_image":[{"width":1200,"height":1800,"url":"https:\/\/mesalestore.com\/wp-content\/uploads\/2026\/01\/1_org_zoom-27.jpg","type":"image\/jpeg"}],"twitter_card":"summary_large_image","twitter_site":"@mesalecaykazan","twitter_misc":{"Est. reading time":"1 minute"},"schema":{"@context":"https:\/\/schema.org","@graph":[{"@type":"WebPage","@id":"https:\/\/mesalestore.com\/en\/product\/cay-kazani-flator-samandira-ayagi\/","url":"https:\/\/mesalestore.com\/en\/product\/cay-kazani-flator-samandira-ayagi\/","name":"\u00c7ay Kazan\u0131 Flat\u00f6r \u015eamand\u0131ra Aya\u011f\u0131 | Me\u015fale Store","isPartOf":{"@id":"https:\/\/mesalestore.com\/en\/#website"},"primaryImageOfPage":{"@id":"https:\/\/mesalestore.com\/en\/product\/cay-kazani-flator-samandira-ayagi\/#primaryimage"},"image":{"@id":"https:\/\/mesalestore.com\/en\/product\/cay-kazani-flator-samandira-ayagi\/#primaryimage"},"thumbnailUrl":"https:\/\/mesalestore.com\/wp-content\/uploads\/2026\/01\/1_org_zoom-27.jpg","datePublished":"2026-02-09T09:18:50+00:00","dateModified":"2026-04-11T10:18:42+00:00","description":"\u00c7ay Kazan\u0131 Flat\u00f6r \u015eamand\u0131ra Aya\u011f\u0131, \u00e7ay kazanlar\u0131n\u0131n su seviyesini d\u00fczenlemek i\u00e7in kullan\u0131lan hayati bir bile\u015fendir. Y\u00fcksek kaliteli malzemelerle \u00fcretilmi\u015f","breadcrumb":{"@id":"https:\/\/mesalestore.com\/en\/product\/cay-kazani-flator-samandira-ayagi\/#breadcrumb"},"inLanguage":"en-US","potentialAction":[{"@type":"ReadAction","target":["https:\/\/mesalestore.com\/en\/product\/cay-kazani-flator-samandira-ayagi\/"]}]},{"@type":"ImageObject","inLanguage":"en-US","@id":"https:\/\/mesalestore.com\/en\/product\/cay-kazani-flator-samandira-ayagi\/#primaryimage","url":"https:\/\/mesalestore.com\/wp-content\/uploads\/2026\/01\/1_org_zoom-27.jpg","contentUrl":"https:\/\/mesalestore.com\/wp-content\/uploads\/2026\/01\/1_org_zoom-27.jpg","width":1200,"height":1800},{"@type":"BreadcrumbList","@id":"https:\/\/mesalestore.com\/en\/product\/cay-kazani-flator-samandira-ayagi\/#breadcrumb","itemListElement":[{"@type":"ListItem","position":1,"name":"Anasayfa","item":"https:\/\/mesalestore.com\/en\/"},{"@type":"ListItem","position":2,"name":"Products","item":"https:\/\/mesalestore.com\/en\/shop\/"},{"@type":"ListItem","position":3,"name":"\u00c7ay Kazan\u0131 Flat\u00f6r \u015eamand\u0131ra Aya\u011f\u0131"}]},{"@type":"WebSite","@id":"https:\/\/mesalestore.com\/en\/#website","url":"https:\/\/mesalestore.com\/en\/","name":"Me\u015fale Store","description":"","publisher":{"@id":"https:\/\/mesalestore.com\/en\/#organization"},"potentialAction":[{"@type":"SearchAction","target":{"@type":"EntryPoint","urlTemplate":"https:\/\/mesalestore.com\/en\/?s={search_term_string}"},"query-input":{"@type":"PropertyValueSpecification","valueRequired":true,"valueName":"search_term_string"}}],"inLanguage":"en-US"},{"@type":"Organization","@id":"https:\/\/mesalestore.com\/en\/#organization","name":"Me\u015fale Store","url":"https:\/\/mesalestore.com\/en\/","logo":{"@type":"ImageObject","inLanguage":"en-US","@id":"https:\/\/mesalestore.com\/en\/#\/schema\/logo\/image\/","url":"https:\/\/mesalestore.com\/wp-content\/uploads\/2026\/03\/logo-header-yeni-1.webp","contentUrl":"https:\/\/mesalestore.com\/wp-content\/uploads\/2026\/03\/logo-header-yeni-1.webp","width":419,"height":147,"caption":"Me\u015fale Store"},"image":{"@id":"https:\/\/mesalestore.com\/en\/#\/schema\/logo\/image\/"},"sameAs":["https:\/\/www.facebook.com\/mesalecay","https:\/\/x.com\/mesalecaykazan","https:\/\/www.instagram.com\/mesalecaykazan\/"]}]}},"_links":{"self":[{"href":"https:\/\/mesalestore.com\/en\/wp-json\/wp\/v2\/product\/2399","targetHints":{"allow":["GET"]}}],"collection":[{"href":"https:\/\/mesalestore.com\/en\/wp-json\/wp\/v2\/product"}],"about":[{"href":"https:\/\/mesalestore.com\/en\/wp-json\/wp\/v2\/types\/product"}],"replies":[{"embeddable":true,"href":"https:\/\/mesalestore.com\/en\/wp-json\/wp\/v2\/comments?post=2399"}],"wp:featuredmedia":[{"embeddable":true,"href":"https:\/\/mesalestore.com\/en\/wp-json\/wp\/v2\/media\/401"}],"wp:attachment":[{"href":"https:\/\/mesalestore.com\/en\/wp-json\/wp\/v2\/media?parent=2399"}],"wp:term":[{"taxonomy":"product_brand","embeddable":true,"href":"https:\/\/mesalestore.com\/en\/wp-json\/wp\/v2\/product_brand?post=2399"},{"taxonomy":"product_cat","embeddable":true,"href":"https:\/\/mesalestore.com\/en\/wp-json\/wp\/v2\/product_cat?post=2399"},{"taxonomy":"product_tag","embeddable":true,"href":"https:\/\/mesalestore.com\/en\/wp-json\/wp\/v2\/product_tag?post=2399"}],"curies":[{"name":"wp","href":"https:\/\/api.w.org\/{rel}","templated":true}]}}