{"id":2394,"date":"2026-02-09T12:18:49","date_gmt":"2026-02-09T09:18:49","guid":{"rendered":"http:\/\/mesalestore.com\/product\/uret-kahveci-kazani-rezistansi-2000w\/"},"modified":"2026-04-10T01:32:46","modified_gmt":"2026-04-09T22:32:46","slug":"uret-kahveci-kazani-rezistansi-2000w","status":"publish","type":"product","link":"https:\/\/mesalestore.com\/en\/product\/uret-kahveci-kazani-rezistansi-2000w\/","title":{"rendered":"\u00dcret Kahveci Kazan\u0131 Rezistans\u0131 1500W"},"content":{"rendered":"<p><strong>\u00dcret Kahveci Kazan\u0131 Rezistans\u0131 1500W<\/strong>, <strong>kahve makineleri<\/strong> ve <strong>kahve kazanlar\u0131<\/strong> i\u00e7in \u00f6zel olarak tasarlanm\u0131\u015f <strong>y\u00fcksek performansl\u0131<\/strong> bir <strong>rezistans modelidir<\/strong>. 15<strong>00W g\u00fcc\u00fcyle<\/strong> suyu h\u0131zla \u0131s\u0131tarak kahve makinelerinizin <strong>etkili<\/strong> ve <strong>kesintisiz<\/strong> \u00e7al\u0131\u015fmas\u0131n\u0131 sa\u011flar. <strong>Dayan\u0131kl\u0131 malzemelerden \u00fcretilmi\u015f<\/strong> olup, <strong>uzun \u00f6m\u00fcrl\u00fc<\/strong> kullan\u0131m\u0131 destekler. <strong>Kahve kazan\u0131n\u0131z\u0131n<\/strong> ilk g\u00fcnk\u00fc performans\u0131n\u0131 korumas\u0131na yard\u0131mc\u0131 olan bu <strong>yedek par\u00e7a<\/strong>, <strong>kahve severler<\/strong> ve <strong>profesyonel i\u015fletmeler<\/strong> i\u00e7in ideal bir \u00e7\u00f6z\u00fcmd\u00fcr. <strong>Kahve makinesi rezistans\u0131<\/strong> ihtiyac\u0131n\u0131zda <strong>g\u00fcvenilir<\/strong> ve <strong>uyumlu<\/strong> bir se\u00e7enek sunar.<\/p>","protected":false},"excerpt":{"rendered":"<p>\u00dcret Kahveci Kazan\u0131 Rezistans\u0131 1500W, kahve makineleri ve kahve kazanlar\u0131 i\u00e7in \u00f6zel olarak tasarlanm\u0131\u015f y\u00fcksek performansl\u0131 bir rezistans modelidir. 1500W g\u00fcc\u00fcyle suyu h\u0131zla \u0131s\u0131tarak kahve makinelerinizin etkili ve kesintisiz \u00e7al\u0131\u015fmas\u0131n\u0131 sa\u011flar. Dayan\u0131kl\u0131 malzemelerden \u00fcretilmi\u015f olup, uzun \u00f6m\u00fcrl\u00fc kullan\u0131m\u0131 destekler. Kahve kazan\u0131n\u0131z\u0131n ilk g\u00fcnk\u00fc performans\u0131n\u0131 korumas\u0131na yard\u0131mc\u0131 olan bu yedek par\u00e7a, kahve severler ve profesyonel i\u015fletmeler [&hellip;]<\/p>\n","protected":false},"featured_media":390,"comment_status":"closed","ping_status":"closed","template":"","meta":[],"product_brand":[7752],"product_cat":[7985],"product_tag":[4805,4793,4800,4794,4797,4795,4796,4798,4799,485,4803,4801,4802,540,4804,433,4792,4778,4785,4779,4782,4780,4781,4783,4784,4786,4789,4787,4788,4790,4791],"class_list":{"0":"post-2394","1":"product","2":"type-product","3":"status-publish","4":"has-post-thumbnail","6":"product_brand-uret","7":"product_cat-rezistanslar","8":"product_tag-2000w","9":"product_tag-kahveci","10":"product_tag-kahveci-2000w","11":"product_tag-kahveci-kazani","12":"product_tag-kahveci-kazani-2000w","13":"product_tag-kahveci-kazani-rezistansi","14":"product_tag-kahveci-kazani-rezistansi-2000w","15":"product_tag-kahveci-rezistansi","16":"product_tag-kahveci-rezistansi-2000w","17":"product_tag-kazani","18":"product_tag-kazani-2000w","19":"product_tag-kazani-rezistansi","20":"product_tag-kazani-rezistansi-2000w","21":"product_tag-rezistansi","22":"product_tag-rezistansi-2000w","23":"product_tag-uret","24":"product_tag-uret-2000w","25":"product_tag-uret-kahveci","26":"product_tag-uret-kahveci-2000w","27":"product_tag-uret-kahveci-kazani","28":"product_tag-uret-kahveci-kazani-2000w","29":"product_tag-uret-kahveci-kazani-rezistansi","30":"product_tag-uret-kahveci-kazani-rezistansi-2000w","31":"product_tag-uret-kahveci-rezistansi","32":"product_tag-uret-kahveci-rezistansi-2000w","33":"product_tag-uret-kazani","34":"product_tag-uret-kazani-2000w","35":"product_tag-uret-kazani-rezistansi","36":"product_tag-uret-kazani-rezistansi-2000w","37":"product_tag-uret-rezistansi","38":"product_tag-uret-rezistansi-2000w","40":"first","41":"instock","42":"taxable","43":"shipping-taxable","44":"purchasable","45":"product-type-simple"},"yoast_head":"<!-- This site is optimized with the Yoast SEO plugin v27.1.1 - https:\/\/yoast.com\/product\/yoast-seo-wordpress\/ -->\n<title>\u00dcret Kahveci Kazan\u0131 Rezistans\u0131 1500W | Me\u015fale Store<\/title>\n<meta name=\"description\" content=\"\u00dcret Kahveci Kazan\u0131 Rezistans\u0131 1500W, kahve makineleri ve kahve kazanlar\u0131 i\u00e7in \u00f6zel olarak tasarlanm\u0131\u015f y\u00fcksek performansl\u0131 bir rezistans modelidir. 1500W\" \/>\n<meta name=\"robots\" content=\"index, follow, max-snippet:-1, max-image-preview:large, max-video-preview:-1\" \/>\n<link rel=\"canonical\" href=\"https:\/\/mesalestore.com\/en\/product\/uret-kahveci-kazani-rezistansi-2000w\/\" \/>\n<meta property=\"og:locale\" content=\"en_US\" \/>\n<meta property=\"og:type\" content=\"article\" \/>\n<meta property=\"og:title\" content=\"\u00dcret Kahveci Kazan\u0131 Rezistans\u0131 1500W | Me\u015fale Store\" \/>\n<meta property=\"og:description\" content=\"\u00dcret Kahveci Kazan\u0131 Rezistans\u0131 1500W, kahve makineleri ve kahve kazanlar\u0131 i\u00e7in \u00f6zel olarak tasarlanm\u0131\u015f y\u00fcksek performansl\u0131 bir rezistans modelidir. 1500W\" \/>\n<meta property=\"og:url\" content=\"https:\/\/mesalestore.com\/en\/product\/uret-kahveci-kazani-rezistansi-2000w\/\" \/>\n<meta property=\"og:site_name\" content=\"Me\u015fale Store\" \/>\n<meta property=\"article:publisher\" content=\"https:\/\/www.facebook.com\/mesalecay\" \/>\n<meta property=\"article:modified_time\" content=\"2026-04-09T22:32:46+00:00\" \/>\n<meta property=\"og:image\" content=\"https:\/\/mesalestore.com\/wp-content\/uploads\/2026\/01\/1_org_zoom-21.jpg\" \/>\n\t<meta property=\"og:image:width\" content=\"1200\" \/>\n\t<meta property=\"og:image:height\" content=\"1800\" \/>\n\t<meta property=\"og:image:type\" content=\"image\/jpeg\" \/>\n<meta name=\"twitter:card\" content=\"summary_large_image\" \/>\n<meta name=\"twitter:site\" content=\"@mesalecaykazan\" \/>\n<meta name=\"twitter:label1\" content=\"Est. reading time\" \/>\n\t<meta name=\"twitter:data1\" content=\"1 minute\" \/>\n<script type=\"application\/ld+json\" class=\"yoast-schema-graph\">{\"@context\":\"https:\/\/schema.org\",\"@graph\":[{\"@type\":\"WebPage\",\"@id\":\"https:\/\/mesalestore.com\/en\/product\/uret-kahveci-kazani-rezistansi-2000w\/\",\"url\":\"https:\/\/mesalestore.com\/en\/product\/uret-kahveci-kazani-rezistansi-2000w\/\",\"name\":\"\u00dcret Kahveci Kazan\u0131 Rezistans\u0131 1500W | Me\u015fale Store\",\"isPartOf\":{\"@id\":\"https:\/\/mesalestore.com\/en\/#website\"},\"primaryImageOfPage\":{\"@id\":\"https:\/\/mesalestore.com\/en\/product\/uret-kahveci-kazani-rezistansi-2000w\/#primaryimage\"},\"image\":{\"@id\":\"https:\/\/mesalestore.com\/en\/product\/uret-kahveci-kazani-rezistansi-2000w\/#primaryimage\"},\"thumbnailUrl\":\"https:\/\/mesalestore.com\/wp-content\/uploads\/2026\/01\/1_org_zoom-21.jpg\",\"datePublished\":\"2026-02-09T09:18:49+00:00\",\"dateModified\":\"2026-04-09T22:32:46+00:00\",\"description\":\"\u00dcret Kahveci Kazan\u0131 Rezistans\u0131 1500W, kahve makineleri ve kahve kazanlar\u0131 i\u00e7in \u00f6zel olarak tasarlanm\u0131\u015f y\u00fcksek performansl\u0131 bir rezistans modelidir. 1500W\",\"breadcrumb\":{\"@id\":\"https:\/\/mesalestore.com\/en\/product\/uret-kahveci-kazani-rezistansi-2000w\/#breadcrumb\"},\"inLanguage\":\"en-US\",\"potentialAction\":[{\"@type\":\"ReadAction\",\"target\":[\"https:\/\/mesalestore.com\/en\/product\/uret-kahveci-kazani-rezistansi-2000w\/\"]}]},{\"@type\":\"ImageObject\",\"inLanguage\":\"en-US\",\"@id\":\"https:\/\/mesalestore.com\/en\/product\/uret-kahveci-kazani-rezistansi-2000w\/#primaryimage\",\"url\":\"https:\/\/mesalestore.com\/wp-content\/uploads\/2026\/01\/1_org_zoom-21.jpg\",\"contentUrl\":\"https:\/\/mesalestore.com\/wp-content\/uploads\/2026\/01\/1_org_zoom-21.jpg\",\"width\":1200,\"height\":1800},{\"@type\":\"BreadcrumbList\",\"@id\":\"https:\/\/mesalestore.com\/en\/product\/uret-kahveci-kazani-rezistansi-2000w\/#breadcrumb\",\"itemListElement\":[{\"@type\":\"ListItem\",\"position\":1,\"name\":\"Anasayfa\",\"item\":\"https:\/\/mesalestore.com\/en\/\"},{\"@type\":\"ListItem\",\"position\":2,\"name\":\"Products\",\"item\":\"https:\/\/mesalestore.com\/en\/shop\/\"},{\"@type\":\"ListItem\",\"position\":3,\"name\":\"\u00dcret Kahveci Kazan\u0131 Rezistans\u0131 1500W\"}]},{\"@type\":\"WebSite\",\"@id\":\"https:\/\/mesalestore.com\/en\/#website\",\"url\":\"https:\/\/mesalestore.com\/en\/\",\"name\":\"Me\u015fale Store\",\"description\":\"\",\"publisher\":{\"@id\":\"https:\/\/mesalestore.com\/en\/#organization\"},\"potentialAction\":[{\"@type\":\"SearchAction\",\"target\":{\"@type\":\"EntryPoint\",\"urlTemplate\":\"https:\/\/mesalestore.com\/en\/?s={search_term_string}\"},\"query-input\":{\"@type\":\"PropertyValueSpecification\",\"valueRequired\":true,\"valueName\":\"search_term_string\"}}],\"inLanguage\":\"en-US\"},{\"@type\":\"Organization\",\"@id\":\"https:\/\/mesalestore.com\/en\/#organization\",\"name\":\"Me\u015fale Store\",\"url\":\"https:\/\/mesalestore.com\/en\/\",\"logo\":{\"@type\":\"ImageObject\",\"inLanguage\":\"en-US\",\"@id\":\"https:\/\/mesalestore.com\/en\/#\/schema\/logo\/image\/\",\"url\":\"https:\/\/mesalestore.com\/wp-content\/uploads\/2026\/03\/logo-header-yeni-1.webp\",\"contentUrl\":\"https:\/\/mesalestore.com\/wp-content\/uploads\/2026\/03\/logo-header-yeni-1.webp\",\"width\":419,\"height\":147,\"caption\":\"Me\u015fale Store\"},\"image\":{\"@id\":\"https:\/\/mesalestore.com\/en\/#\/schema\/logo\/image\/\"},\"sameAs\":[\"https:\/\/www.facebook.com\/mesalecay\",\"https:\/\/x.com\/mesalecaykazan\",\"https:\/\/www.instagram.com\/mesalecaykazan\/\"]}]}<\/script>\n<!-- \/ Yoast SEO plugin. -->","yoast_head_json":{"title":"\u00dcret Kahveci Kazan\u0131 Rezistans\u0131 1500W | Me\u015fale Store","description":"\u00dcret Kahveci Kazan\u0131 Rezistans\u0131 1500W, kahve makineleri ve kahve kazanlar\u0131 i\u00e7in \u00f6zel olarak tasarlanm\u0131\u015f y\u00fcksek performansl\u0131 bir rezistans modelidir. 1500W","robots":{"index":"index","follow":"follow","max-snippet":"max-snippet:-1","max-image-preview":"max-image-preview:large","max-video-preview":"max-video-preview:-1"},"canonical":"https:\/\/mesalestore.com\/en\/product\/uret-kahveci-kazani-rezistansi-2000w\/","og_locale":"en_US","og_type":"article","og_title":"\u00dcret Kahveci Kazan\u0131 Rezistans\u0131 1500W | Me\u015fale Store","og_description":"\u00dcret Kahveci Kazan\u0131 Rezistans\u0131 1500W, kahve makineleri ve kahve kazanlar\u0131 i\u00e7in \u00f6zel olarak tasarlanm\u0131\u015f y\u00fcksek performansl\u0131 bir rezistans modelidir. 1500W","og_url":"https:\/\/mesalestore.com\/en\/product\/uret-kahveci-kazani-rezistansi-2000w\/","og_site_name":"Me\u015fale Store","article_publisher":"https:\/\/www.facebook.com\/mesalecay","article_modified_time":"2026-04-09T22:32:46+00:00","og_image":[{"width":1200,"height":1800,"url":"https:\/\/mesalestore.com\/wp-content\/uploads\/2026\/01\/1_org_zoom-21.jpg","type":"image\/jpeg"}],"twitter_card":"summary_large_image","twitter_site":"@mesalecaykazan","twitter_misc":{"Est. reading time":"1 minute"},"schema":{"@context":"https:\/\/schema.org","@graph":[{"@type":"WebPage","@id":"https:\/\/mesalestore.com\/en\/product\/uret-kahveci-kazani-rezistansi-2000w\/","url":"https:\/\/mesalestore.com\/en\/product\/uret-kahveci-kazani-rezistansi-2000w\/","name":"\u00dcret Kahveci Kazan\u0131 Rezistans\u0131 1500W | Me\u015fale Store","isPartOf":{"@id":"https:\/\/mesalestore.com\/en\/#website"},"primaryImageOfPage":{"@id":"https:\/\/mesalestore.com\/en\/product\/uret-kahveci-kazani-rezistansi-2000w\/#primaryimage"},"image":{"@id":"https:\/\/mesalestore.com\/en\/product\/uret-kahveci-kazani-rezistansi-2000w\/#primaryimage"},"thumbnailUrl":"https:\/\/mesalestore.com\/wp-content\/uploads\/2026\/01\/1_org_zoom-21.jpg","datePublished":"2026-02-09T09:18:49+00:00","dateModified":"2026-04-09T22:32:46+00:00","description":"\u00dcret Kahveci Kazan\u0131 Rezistans\u0131 1500W, kahve makineleri ve kahve kazanlar\u0131 i\u00e7in \u00f6zel olarak tasarlanm\u0131\u015f y\u00fcksek performansl\u0131 bir rezistans modelidir. 1500W","breadcrumb":{"@id":"https:\/\/mesalestore.com\/en\/product\/uret-kahveci-kazani-rezistansi-2000w\/#breadcrumb"},"inLanguage":"en-US","potentialAction":[{"@type":"ReadAction","target":["https:\/\/mesalestore.com\/en\/product\/uret-kahveci-kazani-rezistansi-2000w\/"]}]},{"@type":"ImageObject","inLanguage":"en-US","@id":"https:\/\/mesalestore.com\/en\/product\/uret-kahveci-kazani-rezistansi-2000w\/#primaryimage","url":"https:\/\/mesalestore.com\/wp-content\/uploads\/2026\/01\/1_org_zoom-21.jpg","contentUrl":"https:\/\/mesalestore.com\/wp-content\/uploads\/2026\/01\/1_org_zoom-21.jpg","width":1200,"height":1800},{"@type":"BreadcrumbList","@id":"https:\/\/mesalestore.com\/en\/product\/uret-kahveci-kazani-rezistansi-2000w\/#breadcrumb","itemListElement":[{"@type":"ListItem","position":1,"name":"Anasayfa","item":"https:\/\/mesalestore.com\/en\/"},{"@type":"ListItem","position":2,"name":"Products","item":"https:\/\/mesalestore.com\/en\/shop\/"},{"@type":"ListItem","position":3,"name":"\u00dcret Kahveci Kazan\u0131 Rezistans\u0131 1500W"}]},{"@type":"WebSite","@id":"https:\/\/mesalestore.com\/en\/#website","url":"https:\/\/mesalestore.com\/en\/","name":"Me\u015fale Store","description":"","publisher":{"@id":"https:\/\/mesalestore.com\/en\/#organization"},"potentialAction":[{"@type":"SearchAction","target":{"@type":"EntryPoint","urlTemplate":"https:\/\/mesalestore.com\/en\/?s={search_term_string}"},"query-input":{"@type":"PropertyValueSpecification","valueRequired":true,"valueName":"search_term_string"}}],"inLanguage":"en-US"},{"@type":"Organization","@id":"https:\/\/mesalestore.com\/en\/#organization","name":"Me\u015fale Store","url":"https:\/\/mesalestore.com\/en\/","logo":{"@type":"ImageObject","inLanguage":"en-US","@id":"https:\/\/mesalestore.com\/en\/#\/schema\/logo\/image\/","url":"https:\/\/mesalestore.com\/wp-content\/uploads\/2026\/03\/logo-header-yeni-1.webp","contentUrl":"https:\/\/mesalestore.com\/wp-content\/uploads\/2026\/03\/logo-header-yeni-1.webp","width":419,"height":147,"caption":"Me\u015fale Store"},"image":{"@id":"https:\/\/mesalestore.com\/en\/#\/schema\/logo\/image\/"},"sameAs":["https:\/\/www.facebook.com\/mesalecay","https:\/\/x.com\/mesalecaykazan","https:\/\/www.instagram.com\/mesalecaykazan\/"]}]}},"_links":{"self":[{"href":"https:\/\/mesalestore.com\/en\/wp-json\/wp\/v2\/product\/2394","targetHints":{"allow":["GET"]}}],"collection":[{"href":"https:\/\/mesalestore.com\/en\/wp-json\/wp\/v2\/product"}],"about":[{"href":"https:\/\/mesalestore.com\/en\/wp-json\/wp\/v2\/types\/product"}],"replies":[{"embeddable":true,"href":"https:\/\/mesalestore.com\/en\/wp-json\/wp\/v2\/comments?post=2394"}],"wp:featuredmedia":[{"embeddable":true,"href":"https:\/\/mesalestore.com\/en\/wp-json\/wp\/v2\/media\/390"}],"wp:attachment":[{"href":"https:\/\/mesalestore.com\/en\/wp-json\/wp\/v2\/media?parent=2394"}],"wp:term":[{"taxonomy":"product_brand","embeddable":true,"href":"https:\/\/mesalestore.com\/en\/wp-json\/wp\/v2\/product_brand?post=2394"},{"taxonomy":"product_cat","embeddable":true,"href":"https:\/\/mesalestore.com\/en\/wp-json\/wp\/v2\/product_cat?post=2394"},{"taxonomy":"product_tag","embeddable":true,"href":"https:\/\/mesalestore.com\/en\/wp-json\/wp\/v2\/product_tag?post=2394"}],"curies":[{"name":"wp","href":"https:\/\/api.w.org\/{rel}","templated":true}]}}