{"id":2393,"date":"2026-02-09T12:18:48","date_gmt":"2026-02-09T09:18:48","guid":{"rendered":"http:\/\/mesalestore.com\/product\/plus-2-demlikli-elegance-gold-elektrik-gazli-full-otomatik-cay-kazani\/"},"modified":"2026-04-11T00:59:19","modified_gmt":"2026-04-10T21:59:19","slug":"plus-2-demlikli-elegance-gold-elektrik-gazli-full-otomatik-cay-kazani","status":"publish","type":"product","link":"https:\/\/mesalestore.com\/en\/product\/plus-2-demlikli-elegance-gold-elektrik-gazli-full-otomatik-cay-kazani\/","title":{"rendered":"Demsu Plus 2 Demlikli Elegance Gold Elektrik + Gazl\u0131 Full Otomatik \u00c7ay Kazan\u0131"},"content":{"rendered":"<p><strong>Demsu Plus 2 Demlikli Elegance Gold Elektrik + Gazl\u0131 Full Otomatik \u00c7ay Kazan\u0131<\/strong>, <strong>l\u00fcks tasar\u0131m\u0131 ve \u00fcst\u00fcn performans\u0131yla i\u015fletmeler i\u00e7in m\u00fckemmel bir tercihtir<\/strong>. <strong>Gold kaplama d\u0131\u015f y\u00fczeyi<\/strong>, <strong>estetik ve prestijli bir g\u00f6r\u00fcn\u00fcm sunarken<\/strong>, <strong>paslanmaz \u00e7elik i\u00e7 haznesi hijyenik ve dayan\u0131kl\u0131 kullan\u0131m sa\u011flar<\/strong>.<\/p>\n<p><strong>Elektrik ve gazl\u0131 \u00e7al\u0131\u015fma \u00f6zelli\u011fi<\/strong>, <strong>farkl\u0131 enerji se\u00e7enekleriyle tasarruf sa\u011flar ve kesintisiz \u00e7ay servisi sunar<\/strong>. <strong>Full otomatik kontrol sistemi sayesinde<\/strong>, <strong>su s\u0131cakl\u0131\u011f\u0131 s\u00fcrekli ideal seviyede tutulur ve \u00e7ay\u0131n lezzeti korunur<\/strong>. <strong>2 demlikli kapasitesi<\/strong>, <strong>kafe, restoran, ofis ve otel gibi i\u015fletmeler i\u00e7in kompakt ve verimli bir kullan\u0131m imkan\u0131 sunar<\/strong>.<\/p>\n<p><strong>H\u0131zl\u0131 \u0131s\u0131tma \u00f6zelli\u011fiyle zamandan tasarruf sa\u011flayan<\/strong><strong>Demsu Plus 2 Demlikli Elegance Gold \u00c7ay Kazan\u0131<\/strong>, <strong>\u015f\u0131k ve fonksiyonel yap\u0131s\u0131yla profesyonel \u00e7ay servisinde kaliteyi \u00f6n planda tutan i\u015fletmeler i\u00e7in vazge\u00e7ilmez bir \u00e7\u00f6z\u00fcmd\u00fcr<\/strong>.<\/p>","protected":false},"excerpt":{"rendered":"<p>Demsu Plus 2 Demlikli Elegance Gold Elektrik + Gazl\u0131 Full Otomatik \u00c7ay Kazan\u0131, l\u00fcks tasar\u0131m\u0131 ve \u00fcst\u00fcn performans\u0131yla i\u015fletmeler i\u00e7in m\u00fckemmel bir tercihtir. Gold kaplama d\u0131\u015f y\u00fczeyi, estetik ve prestijli bir g\u00f6r\u00fcn\u00fcm sunarken, paslanmaz \u00e7elik i\u00e7 haznesi hijyenik ve dayan\u0131kl\u0131 kullan\u0131m sa\u011flar. Elektrik ve gazl\u0131 \u00e7al\u0131\u015fma \u00f6zelli\u011fi, farkl\u0131 enerji se\u00e7enekleriyle tasarruf sa\u011flar ve kesintisiz \u00e7ay [&hellip;]<\/p>\n","protected":false},"featured_media":388,"comment_status":"closed","ping_status":"closed","template":"","meta":[],"product_brand":[7750],"product_cat":[7771],"product_tag":[73,218,1295,1296,3118,3119,3120,3149,3150,3137,3142,3143,3144,3138,3139,3140,3141,3121,3134,3135,3122,3127,3128,3129,3123,3124,3125,3126,3136,3130,3131,3132,3133,3151,3145,3146,3147,3148,3152,3153,3158,3159,3160,3154,3155,3156,3157,3161,3162,3163],"class_list":{"0":"post-2393","1":"product","2":"type-product","3":"status-publish","4":"has-post-thumbnail","6":"product_brand-demsu","7":"product_cat-cay-kazanlari","8":"product_tag-demsu","9":"product_tag-demsu-plus","10":"product_tag-demsu-plus-2","11":"product_tag-demsu-plus-2-demlikli","12":"product_tag-demsu-plus-2-demlikli-elegance","13":"product_tag-demsu-plus-2-demlikli-elegance-gold","14":"product_tag-demsu-plus-2-demlikli-elegance-gold-elektrik","15":"product_tag-demsu-plus-2-demlikli-elegance-gold-elektrik-cay","16":"product_tag-demsu-plus-2-demlikli-elegance-gold-elektrik-cay-kazani","17":"product_tag-demsu-plus-2-demlikli-elegance-gold-elektrik-full","18":"product_tag-demsu-plus-2-demlikli-elegance-gold-elektrik-full-cay","19":"product_tag-demsu-plus-2-demlikli-elegance-gold-elektrik-full-cay-kazani","20":"product_tag-demsu-plus-2-demlikli-elegance-gold-elektrik-full-kazani","21":"product_tag-demsu-plus-2-demlikli-elegance-gold-elektrik-full-otomatik","22":"product_tag-demsu-plus-2-demlikli-elegance-gold-elektrik-full-otomatik-cay","23":"product_tag-demsu-plus-2-demlikli-elegance-gold-elektrik-full-otomatik-cay-kazani","24":"product_tag-demsu-plus-2-demlikli-elegance-gold-elektrik-full-otomatik-kazani","25":"product_tag-demsu-plus-2-demlikli-elegance-gold-elektrik-gazli","26":"product_tag-demsu-plus-2-demlikli-elegance-gold-elektrik-gazli-cay","27":"product_tag-demsu-plus-2-demlikli-elegance-gold-elektrik-gazli-cay-kazani","28":"product_tag-demsu-plus-2-demlikli-elegance-gold-elektrik-gazli-full","29":"product_tag-demsu-plus-2-demlikli-elegance-gold-elektrik-gazli-full-cay","30":"product_tag-demsu-plus-2-demlikli-elegance-gold-elektrik-gazli-full-cay-kazani","31":"product_tag-demsu-plus-2-demlikli-elegance-gold-elektrik-gazli-full-kazani","32":"product_tag-demsu-plus-2-demlikli-elegance-gold-elektrik-gazli-full-otomatik","33":"product_tag-demsu-plus-2-demlikli-elegance-gold-elektrik-gazli-full-otomatik-cay","34":"product_tag-demsu-plus-2-demlikli-elegance-gold-elektrik-gazli-full-otomatik-cay-kazani","35":"product_tag-demsu-plus-2-demlikli-elegance-gold-elektrik-gazli-full-otomatik-kazani","36":"product_tag-demsu-plus-2-demlikli-elegance-gold-elektrik-gazli-kazani","37":"product_tag-demsu-plus-2-demlikli-elegance-gold-elektrik-gazli-otomatik","38":"product_tag-demsu-plus-2-demlikli-elegance-gold-elektrik-gazli-otomatik-cay","39":"product_tag-demsu-plus-2-demlikli-elegance-gold-elektrik-gazli-otomatik-cay-kazani","40":"product_tag-demsu-plus-2-demlikli-elegance-gold-elektrik-gazli-otomatik-kazani","41":"product_tag-demsu-plus-2-demlikli-elegance-gold-elektrik-kazani","42":"product_tag-demsu-plus-2-demlikli-elegance-gold-elektrik-otomatik","43":"product_tag-demsu-plus-2-demlikli-elegance-gold-elektrik-otomatik-cay","44":"product_tag-demsu-plus-2-demlikli-elegance-gold-elektrik-otomatik-cay-kazani","45":"product_tag-demsu-plus-2-demlikli-elegance-gold-elektrik-otomatik-kazani","46":"product_tag-demsu-plus-2-demlikli-elegance-gold-gazli","47":"product_tag-demsu-plus-2-demlikli-elegance-gold-gazli-full","48":"product_tag-demsu-plus-2-demlikli-elegance-gold-gazli-full-cay","49":"product_tag-demsu-plus-2-demlikli-elegance-gold-gazli-full-cay-kazani","50":"product_tag-demsu-plus-2-demlikli-elegance-gold-gazli-full-kazani","51":"product_tag-demsu-plus-2-demlikli-elegance-gold-gazli-full-otomatik","52":"product_tag-demsu-plus-2-demlikli-elegance-gold-gazli-full-otomatik-cay","53":"product_tag-demsu-plus-2-demlikli-elegance-gold-gazli-full-otomatik-cay-kazani","54":"product_tag-demsu-plus-2-demlikli-elegance-gold-gazli-full-otomatik-kazani","55":"product_tag-demsu-plus-2-demlikli-elegance-gold-gazli-otomatik","56":"product_tag-demsu-plus-2-demlikli-elegance-gold-gazli-otomatik-cay","57":"product_tag-demsu-plus-2-demlikli-elegance-gold-gazli-otomatik-cay-kazani","58":"pa_borular-bakir","59":"pa_demlik-sayisi-2-demlikli","60":"pa_govde-inox","61":"pa_ic-hazne-7933","62":"pa_kahve-gozu-ocagi-var","63":"pa_kapasite-2-demlikli","64":"pa_kullanim-sekli-ustten-demlikli","65":"pa_panel-manuel","66":"pa_sac-kalinligi-7937","67":"pa_samandirali-otomatik-su-alma-var","68":"pa_tesisat-hibrit","69":"pa_yalitim-tas","71":"first","72":"instock","73":"taxable","74":"shipping-taxable","75":"purchasable","76":"product-type-simple"},"yoast_head":"<!-- This site is optimized with the Yoast SEO plugin v27.1.1 - https:\/\/yoast.com\/product\/yoast-seo-wordpress\/ -->\n<title>Demsu Plus 2 Demlikli Elegance Gold Elektrik + Gazl\u0131 Full Otomatik \u00c7ay Kazan\u0131 | Me\u015fale Store<\/title>\n<meta name=\"description\" content=\"Demsu Plus 2 Demlikli Elegance Gold Elektrik + Gazl\u0131 Full Otomatik \u00c7ay Kazan\u0131, l\u00fcks tasar\u0131m\u0131 ve \u00fcst\u00fcn performans\u0131yla i\u015fletmeler i\u00e7in m\u00fckemmel bir\" \/>\n<meta name=\"robots\" content=\"index, follow, max-snippet:-1, max-image-preview:large, max-video-preview:-1\" \/>\n<link rel=\"canonical\" href=\"https:\/\/mesalestore.com\/en\/product\/plus-2-demlikli-elegance-gold-elektrik-gazli-full-otomatik-cay-kazani\/\" \/>\n<meta property=\"og:locale\" content=\"en_US\" \/>\n<meta property=\"og:type\" content=\"article\" \/>\n<meta property=\"og:title\" content=\"Demsu Plus 2 Demlikli Elegance Gold Elektrik + Gazl\u0131 Full Otomatik \u00c7ay Kazan\u0131 | Me\u015fale Store\" \/>\n<meta property=\"og:description\" content=\"Demsu Plus 2 Demlikli Elegance Gold Elektrik + Gazl\u0131 Full Otomatik \u00c7ay Kazan\u0131, l\u00fcks tasar\u0131m\u0131 ve \u00fcst\u00fcn performans\u0131yla i\u015fletmeler i\u00e7in m\u00fckemmel bir\" \/>\n<meta property=\"og:url\" content=\"https:\/\/mesalestore.com\/en\/product\/plus-2-demlikli-elegance-gold-elektrik-gazli-full-otomatik-cay-kazani\/\" \/>\n<meta property=\"og:site_name\" content=\"Me\u015fale Store\" \/>\n<meta property=\"article:publisher\" content=\"https:\/\/www.facebook.com\/mesalecay\" \/>\n<meta property=\"article:modified_time\" content=\"2026-04-10T21:59:19+00:00\" \/>\n<meta property=\"og:image\" content=\"https:\/\/mesalestore.com\/wp-content\/uploads\/2026\/01\/1_org_zoom-20.jpg\" \/>\n\t<meta property=\"og:image:width\" content=\"1200\" \/>\n\t<meta property=\"og:image:height\" content=\"1800\" \/>\n\t<meta property=\"og:image:type\" content=\"image\/jpeg\" \/>\n<meta name=\"twitter:card\" content=\"summary_large_image\" \/>\n<meta name=\"twitter:site\" content=\"@mesalecaykazan\" \/>\n<meta name=\"twitter:label1\" content=\"Est. reading time\" \/>\n\t<meta name=\"twitter:data1\" content=\"1 minute\" \/>\n<script type=\"application\/ld+json\" class=\"yoast-schema-graph\">{\"@context\":\"https:\/\/schema.org\",\"@graph\":[{\"@type\":\"WebPage\",\"@id\":\"https:\/\/mesalestore.com\/en\/product\/plus-2-demlikli-elegance-gold-elektrik-gazli-full-otomatik-cay-kazani\/\",\"url\":\"https:\/\/mesalestore.com\/en\/product\/plus-2-demlikli-elegance-gold-elektrik-gazli-full-otomatik-cay-kazani\/\",\"name\":\"Demsu Plus 2 Demlikli Elegance Gold Elektrik + Gazl\u0131 Full Otomatik \u00c7ay Kazan\u0131 | Me\u015fale Store\",\"isPartOf\":{\"@id\":\"https:\/\/mesalestore.com\/en\/#website\"},\"primaryImageOfPage\":{\"@id\":\"https:\/\/mesalestore.com\/en\/product\/plus-2-demlikli-elegance-gold-elektrik-gazli-full-otomatik-cay-kazani\/#primaryimage\"},\"image\":{\"@id\":\"https:\/\/mesalestore.com\/en\/product\/plus-2-demlikli-elegance-gold-elektrik-gazli-full-otomatik-cay-kazani\/#primaryimage\"},\"thumbnailUrl\":\"https:\/\/mesalestore.com\/wp-content\/uploads\/2026\/01\/1_org_zoom-20.jpg\",\"datePublished\":\"2026-02-09T09:18:48+00:00\",\"dateModified\":\"2026-04-10T21:59:19+00:00\",\"description\":\"Demsu Plus 2 Demlikli Elegance Gold Elektrik + Gazl\u0131 Full Otomatik \u00c7ay Kazan\u0131, l\u00fcks tasar\u0131m\u0131 ve \u00fcst\u00fcn performans\u0131yla i\u015fletmeler i\u00e7in m\u00fckemmel bir\",\"breadcrumb\":{\"@id\":\"https:\/\/mesalestore.com\/en\/product\/plus-2-demlikli-elegance-gold-elektrik-gazli-full-otomatik-cay-kazani\/#breadcrumb\"},\"inLanguage\":\"en-US\",\"potentialAction\":[{\"@type\":\"ReadAction\",\"target\":[\"https:\/\/mesalestore.com\/en\/product\/plus-2-demlikli-elegance-gold-elektrik-gazli-full-otomatik-cay-kazani\/\"]}]},{\"@type\":\"ImageObject\",\"inLanguage\":\"en-US\",\"@id\":\"https:\/\/mesalestore.com\/en\/product\/plus-2-demlikli-elegance-gold-elektrik-gazli-full-otomatik-cay-kazani\/#primaryimage\",\"url\":\"https:\/\/mesalestore.com\/wp-content\/uploads\/2026\/01\/1_org_zoom-20.jpg\",\"contentUrl\":\"https:\/\/mesalestore.com\/wp-content\/uploads\/2026\/01\/1_org_zoom-20.jpg\",\"width\":1200,\"height\":1800},{\"@type\":\"BreadcrumbList\",\"@id\":\"https:\/\/mesalestore.com\/en\/product\/plus-2-demlikli-elegance-gold-elektrik-gazli-full-otomatik-cay-kazani\/#breadcrumb\",\"itemListElement\":[{\"@type\":\"ListItem\",\"position\":1,\"name\":\"Anasayfa\",\"item\":\"https:\/\/mesalestore.com\/en\/\"},{\"@type\":\"ListItem\",\"position\":2,\"name\":\"Products\",\"item\":\"https:\/\/mesalestore.com\/en\/shop\/\"},{\"@type\":\"ListItem\",\"position\":3,\"name\":\"Demsu Plus 2 Demlikli Elegance Gold Elektrik + Gazl\u0131 Full Otomatik \u00c7ay Kazan\u0131\"}]},{\"@type\":\"WebSite\",\"@id\":\"https:\/\/mesalestore.com\/en\/#website\",\"url\":\"https:\/\/mesalestore.com\/en\/\",\"name\":\"Me\u015fale Store\",\"description\":\"\",\"publisher\":{\"@id\":\"https:\/\/mesalestore.com\/en\/#organization\"},\"potentialAction\":[{\"@type\":\"SearchAction\",\"target\":{\"@type\":\"EntryPoint\",\"urlTemplate\":\"https:\/\/mesalestore.com\/en\/?s={search_term_string}\"},\"query-input\":{\"@type\":\"PropertyValueSpecification\",\"valueRequired\":true,\"valueName\":\"search_term_string\"}}],\"inLanguage\":\"en-US\"},{\"@type\":\"Organization\",\"@id\":\"https:\/\/mesalestore.com\/en\/#organization\",\"name\":\"Me\u015fale Store\",\"url\":\"https:\/\/mesalestore.com\/en\/\",\"logo\":{\"@type\":\"ImageObject\",\"inLanguage\":\"en-US\",\"@id\":\"https:\/\/mesalestore.com\/en\/#\/schema\/logo\/image\/\",\"url\":\"https:\/\/mesalestore.com\/wp-content\/uploads\/2026\/03\/logo-header-yeni-1.webp\",\"contentUrl\":\"https:\/\/mesalestore.com\/wp-content\/uploads\/2026\/03\/logo-header-yeni-1.webp\",\"width\":419,\"height\":147,\"caption\":\"Me\u015fale Store\"},\"image\":{\"@id\":\"https:\/\/mesalestore.com\/en\/#\/schema\/logo\/image\/\"},\"sameAs\":[\"https:\/\/www.facebook.com\/mesalecay\",\"https:\/\/x.com\/mesalecaykazan\",\"https:\/\/www.instagram.com\/mesalecaykazan\/\"]}]}<\/script>\n<!-- \/ Yoast SEO plugin. -->","yoast_head_json":{"title":"Demsu Plus 2 Demlikli Elegance Gold Elektrik + Gazl\u0131 Full Otomatik \u00c7ay Kazan\u0131 | Me\u015fale Store","description":"Demsu Plus 2 Demlikli Elegance Gold Elektrik + Gazl\u0131 Full Otomatik \u00c7ay Kazan\u0131, l\u00fcks tasar\u0131m\u0131 ve \u00fcst\u00fcn performans\u0131yla i\u015fletmeler i\u00e7in m\u00fckemmel bir","robots":{"index":"index","follow":"follow","max-snippet":"max-snippet:-1","max-image-preview":"max-image-preview:large","max-video-preview":"max-video-preview:-1"},"canonical":"https:\/\/mesalestore.com\/en\/product\/plus-2-demlikli-elegance-gold-elektrik-gazli-full-otomatik-cay-kazani\/","og_locale":"en_US","og_type":"article","og_title":"Demsu Plus 2 Demlikli Elegance Gold Elektrik + Gazl\u0131 Full Otomatik \u00c7ay Kazan\u0131 | Me\u015fale Store","og_description":"Demsu Plus 2 Demlikli Elegance Gold Elektrik + Gazl\u0131 Full Otomatik \u00c7ay Kazan\u0131, l\u00fcks tasar\u0131m\u0131 ve \u00fcst\u00fcn performans\u0131yla i\u015fletmeler i\u00e7in m\u00fckemmel bir","og_url":"https:\/\/mesalestore.com\/en\/product\/plus-2-demlikli-elegance-gold-elektrik-gazli-full-otomatik-cay-kazani\/","og_site_name":"Me\u015fale Store","article_publisher":"https:\/\/www.facebook.com\/mesalecay","article_modified_time":"2026-04-10T21:59:19+00:00","og_image":[{"width":1200,"height":1800,"url":"https:\/\/mesalestore.com\/wp-content\/uploads\/2026\/01\/1_org_zoom-20.jpg","type":"image\/jpeg"}],"twitter_card":"summary_large_image","twitter_site":"@mesalecaykazan","twitter_misc":{"Est. reading time":"1 minute"},"schema":{"@context":"https:\/\/schema.org","@graph":[{"@type":"WebPage","@id":"https:\/\/mesalestore.com\/en\/product\/plus-2-demlikli-elegance-gold-elektrik-gazli-full-otomatik-cay-kazani\/","url":"https:\/\/mesalestore.com\/en\/product\/plus-2-demlikli-elegance-gold-elektrik-gazli-full-otomatik-cay-kazani\/","name":"Demsu Plus 2 Demlikli Elegance Gold Elektrik + Gazl\u0131 Full Otomatik \u00c7ay Kazan\u0131 | Me\u015fale Store","isPartOf":{"@id":"https:\/\/mesalestore.com\/en\/#website"},"primaryImageOfPage":{"@id":"https:\/\/mesalestore.com\/en\/product\/plus-2-demlikli-elegance-gold-elektrik-gazli-full-otomatik-cay-kazani\/#primaryimage"},"image":{"@id":"https:\/\/mesalestore.com\/en\/product\/plus-2-demlikli-elegance-gold-elektrik-gazli-full-otomatik-cay-kazani\/#primaryimage"},"thumbnailUrl":"https:\/\/mesalestore.com\/wp-content\/uploads\/2026\/01\/1_org_zoom-20.jpg","datePublished":"2026-02-09T09:18:48+00:00","dateModified":"2026-04-10T21:59:19+00:00","description":"Demsu Plus 2 Demlikli Elegance Gold Elektrik + Gazl\u0131 Full Otomatik \u00c7ay Kazan\u0131, l\u00fcks tasar\u0131m\u0131 ve \u00fcst\u00fcn performans\u0131yla i\u015fletmeler i\u00e7in m\u00fckemmel bir","breadcrumb":{"@id":"https:\/\/mesalestore.com\/en\/product\/plus-2-demlikli-elegance-gold-elektrik-gazli-full-otomatik-cay-kazani\/#breadcrumb"},"inLanguage":"en-US","potentialAction":[{"@type":"ReadAction","target":["https:\/\/mesalestore.com\/en\/product\/plus-2-demlikli-elegance-gold-elektrik-gazli-full-otomatik-cay-kazani\/"]}]},{"@type":"ImageObject","inLanguage":"en-US","@id":"https:\/\/mesalestore.com\/en\/product\/plus-2-demlikli-elegance-gold-elektrik-gazli-full-otomatik-cay-kazani\/#primaryimage","url":"https:\/\/mesalestore.com\/wp-content\/uploads\/2026\/01\/1_org_zoom-20.jpg","contentUrl":"https:\/\/mesalestore.com\/wp-content\/uploads\/2026\/01\/1_org_zoom-20.jpg","width":1200,"height":1800},{"@type":"BreadcrumbList","@id":"https:\/\/mesalestore.com\/en\/product\/plus-2-demlikli-elegance-gold-elektrik-gazli-full-otomatik-cay-kazani\/#breadcrumb","itemListElement":[{"@type":"ListItem","position":1,"name":"Anasayfa","item":"https:\/\/mesalestore.com\/en\/"},{"@type":"ListItem","position":2,"name":"Products","item":"https:\/\/mesalestore.com\/en\/shop\/"},{"@type":"ListItem","position":3,"name":"Demsu Plus 2 Demlikli Elegance Gold Elektrik + Gazl\u0131 Full Otomatik \u00c7ay Kazan\u0131"}]},{"@type":"WebSite","@id":"https:\/\/mesalestore.com\/en\/#website","url":"https:\/\/mesalestore.com\/en\/","name":"Me\u015fale Store","description":"","publisher":{"@id":"https:\/\/mesalestore.com\/en\/#organization"},"potentialAction":[{"@type":"SearchAction","target":{"@type":"EntryPoint","urlTemplate":"https:\/\/mesalestore.com\/en\/?s={search_term_string}"},"query-input":{"@type":"PropertyValueSpecification","valueRequired":true,"valueName":"search_term_string"}}],"inLanguage":"en-US"},{"@type":"Organization","@id":"https:\/\/mesalestore.com\/en\/#organization","name":"Me\u015fale Store","url":"https:\/\/mesalestore.com\/en\/","logo":{"@type":"ImageObject","inLanguage":"en-US","@id":"https:\/\/mesalestore.com\/en\/#\/schema\/logo\/image\/","url":"https:\/\/mesalestore.com\/wp-content\/uploads\/2026\/03\/logo-header-yeni-1.webp","contentUrl":"https:\/\/mesalestore.com\/wp-content\/uploads\/2026\/03\/logo-header-yeni-1.webp","width":419,"height":147,"caption":"Me\u015fale Store"},"image":{"@id":"https:\/\/mesalestore.com\/en\/#\/schema\/logo\/image\/"},"sameAs":["https:\/\/www.facebook.com\/mesalecay","https:\/\/x.com\/mesalecaykazan","https:\/\/www.instagram.com\/mesalecaykazan\/"]}]}},"_links":{"self":[{"href":"https:\/\/mesalestore.com\/en\/wp-json\/wp\/v2\/product\/2393","targetHints":{"allow":["GET"]}}],"collection":[{"href":"https:\/\/mesalestore.com\/en\/wp-json\/wp\/v2\/product"}],"about":[{"href":"https:\/\/mesalestore.com\/en\/wp-json\/wp\/v2\/types\/product"}],"replies":[{"embeddable":true,"href":"https:\/\/mesalestore.com\/en\/wp-json\/wp\/v2\/comments?post=2393"}],"wp:featuredmedia":[{"embeddable":true,"href":"https:\/\/mesalestore.com\/en\/wp-json\/wp\/v2\/media\/388"}],"wp:attachment":[{"href":"https:\/\/mesalestore.com\/en\/wp-json\/wp\/v2\/media?parent=2393"}],"wp:term":[{"taxonomy":"product_brand","embeddable":true,"href":"https:\/\/mesalestore.com\/en\/wp-json\/wp\/v2\/product_brand?post=2393"},{"taxonomy":"product_cat","embeddable":true,"href":"https:\/\/mesalestore.com\/en\/wp-json\/wp\/v2\/product_cat?post=2393"},{"taxonomy":"product_tag","embeddable":true,"href":"https:\/\/mesalestore.com\/en\/wp-json\/wp\/v2\/product_tag?post=2393"}],"curies":[{"name":"wp","href":"https:\/\/api.w.org\/{rel}","templated":true}]}}