{"id":2386,"date":"2026-02-09T12:18:46","date_gmt":"2026-02-09T09:18:46","guid":{"rendered":"http:\/\/mesalestore.com\/product\/3-demlikli-antik-bakir-kahvehane-desen-elektrik-gazli-full-otomatik-cay-kazani\/"},"modified":"2026-04-11T00:59:19","modified_gmt":"2026-04-10T21:59:19","slug":"3-demlikli-antik-bakir-kahvehane-desen-elektrik-gazli-full-otomatik-cay-kazani","status":"publish","type":"product","link":"https:\/\/mesalestore.com\/en\/product\/3-demlikli-antik-bakir-kahvehane-desen-elektrik-gazli-full-otomatik-cay-kazani\/","title":{"rendered":"Me\u015fale 3 Demlikli Antik Bak\u0131r Kahvehane Desen Elektrik + Gazl\u0131 Full Otomatik \u00c7ay Kazan\u0131"},"content":{"rendered":"<p><strong>Me\u015fale 3 Demlikli Antik Bak\u0131r Kahvehane Desen Elektrik + Gazl\u0131 Full Otomatik \u00c7ay Kazan\u0131<\/strong>, <strong>geleneksel kahvehane k\u00fclt\u00fcr\u00fcn\u00fc modern teknolojiyle bulu\u015fturuyor<\/strong>. <strong>\u00d6zel kahvehane desenli antik bak\u0131r kaplamas\u0131<\/strong>, <strong>otantik ve nostaljik bir atmosfer olu\u015ftururken<\/strong>, <strong>dayan\u0131kl\u0131 yap\u0131s\u0131yla uzun \u00f6m\u00fcrl\u00fc kullan\u0131m sunar<\/strong>.<\/p>\n<p><strong>Elektrik ve gazl\u0131 kullan\u0131m se\u00e7ene\u011fi sayesinde<\/strong>, <strong>farkl\u0131 mek\u00e2nlarda enerji tasarruflu ve kesintisiz \u00e7ay servisi yapman\u0131za imk\u00e2n tan\u0131r<\/strong>. <strong>Full otomatik s\u0131cakl\u0131k kontrol\u00fc, \u00e7ay\u0131n her zaman ideal s\u0131cakl\u0131kta kalmas\u0131n\u0131 sa\u011flar ve tazeli\u011fini uzun s\u00fcre korur<\/strong>.<\/p>\n<p><strong>3 demlikli geni\u015f hacmi<\/strong>, <strong>yo\u011fun \u00e7ay t\u00fcketimi olan kahvehaneler, \u00e7ay ocaklar\u0131, oteller ve restoranlar i\u00e7in ideal bir \u00e7\u00f6z\u00fcm sunar<\/strong>. <strong>Paslanmaz \u00e7elik i\u00e7 haznesi<\/strong>, <strong>hijyenik ve sa\u011fl\u0131kl\u0131 kullan\u0131m sa\u011flarken<\/strong>, <strong>h\u0131zl\u0131 \u0131s\u0131tma \u00f6zelli\u011fiyle zamandan tasarruf etmenize yard\u0131mc\u0131 olur<\/strong>.<\/p>\n<p><strong>\u015e\u0131k tasar\u0131m\u0131, sa\u011flam yap\u0131s\u0131 ve \u00fcst\u00fcn performans\u0131yla Me\u015fale Antik Bak\u0131r Kahvehane Desen \u00c7ay Kazan\u0131<\/strong>, <strong>\u00e7ay keyfini geleneksel dokusuyla ya\u015famak isteyenler i\u00e7in m\u00fckemmel bir tercihtir<\/strong>.<\/p>","protected":false},"excerpt":{"rendered":"<p>Me\u015fale 3 Demlikli Antik Bak\u0131r Kahvehane Desen Elektrik + Gazl\u0131 Full Otomatik \u00c7ay Kazan\u0131 i\u015fletmeler i\u00e7in tasarlanm\u0131\u015f y\u00fcksek kapasiteli bir \u00e7ay makinesidir. Y\u00fcksek demleme kapasitesiyle h\u0131zl\u0131 servis sa\u011flar; inox g\u00f6vdesiyle dayan\u0131kl\u0131d\u0131r.<\/p>","protected":false},"featured_media":354,"comment_status":"closed","ping_status":"closed","template":"","meta":[],"product_brand":[7749],"product_cat":[7771],"product_tag":[],"class_list":{"0":"post-2386","1":"product","2":"type-product","3":"status-publish","4":"has-post-thumbnail","6":"product_brand-mesale","7":"product_cat-cay-kazanlari","8":"pa_borular-bakir","9":"pa_demlik-sayisi-3-demlikli","10":"pa_govde-bakir","11":"pa_ic-hazne-7933","12":"pa_kahve-gozu-ocagi-var","13":"pa_kapasite-3-demlikli","14":"pa_kullanim-sekli-ustten-demlikli","15":"pa_panel-manuel","16":"pa_sac-kalinligi-7938","17":"pa_samandirali-otomatik-su-alma-var","18":"pa_tesisat-hibrit","19":"pa_yalitim-cam","21":"first","22":"instock","23":"sale","24":"taxable","25":"shipping-taxable","26":"purchasable","27":"product-type-simple"},"yoast_head":"<!-- This site is optimized with the Yoast SEO plugin v27.1.1 - https:\/\/yoast.com\/product\/yoast-seo-wordpress\/ -->\n<title>Me\u015fale 3 Demlikli Antik Bak\u0131r Kahvehane Desen Elektrik + Gazl\u0131 Full Otomatik \u00c7ay Kazan\u0131 | Me\u015fale Store<\/title>\n<meta name=\"description\" content=\"Me\u015fale 3 Demlikli Antik Bak\u0131r Kahvehane Desen Elektrik + Gazl\u0131 Full Otomatik \u00c7ay Kazan\u0131 i\u015fletmeler i\u00e7in tasarlanm\u0131\u015f y\u00fcksek kapasiteli bir \u00e7ay makinesidir. Y\u00fcksek demleme kapasitesiyle h\u0131zl\u0131 servis sa\u011flar; inox g\u00f6vdesiyle dayan\u0131kl\u0131d\u0131r.\" \/>\n<meta name=\"robots\" content=\"index, follow, max-snippet:-1, max-image-preview:large, max-video-preview:-1\" \/>\n<link rel=\"canonical\" href=\"https:\/\/mesalestore.com\/en\/product\/3-demlikli-antik-bakir-kahvehane-desen-elektrik-gazli-full-otomatik-cay-kazani\/\" \/>\n<meta property=\"og:locale\" content=\"en_US\" \/>\n<meta property=\"og:type\" content=\"article\" \/>\n<meta property=\"og:title\" content=\"Me\u015fale 3 Demlikli Antik Bak\u0131r Kahvehane Desen Elektrik + Gazl\u0131 Full Otomatik \u00c7ay Kazan\u0131 | Me\u015fale Store\" \/>\n<meta property=\"og:description\" content=\"Me\u015fale 3 Demlikli Antik Bak\u0131r Kahvehane Desen Elektrik + Gazl\u0131 Full Otomatik \u00c7ay Kazan\u0131 i\u015fletmeler i\u00e7in tasarlanm\u0131\u015f y\u00fcksek kapasiteli bir \u00e7ay makinesidir. Y\u00fcksek demleme kapasitesiyle h\u0131zl\u0131 servis sa\u011flar; inox g\u00f6vdesiyle dayan\u0131kl\u0131d\u0131r.\" \/>\n<meta property=\"og:url\" content=\"https:\/\/mesalestore.com\/en\/product\/3-demlikli-antik-bakir-kahvehane-desen-elektrik-gazli-full-otomatik-cay-kazani\/\" \/>\n<meta property=\"og:site_name\" content=\"Me\u015fale Store\" \/>\n<meta property=\"article:publisher\" content=\"https:\/\/www.facebook.com\/mesalecay\" \/>\n<meta property=\"article:modified_time\" content=\"2026-04-10T21:59:19+00:00\" \/>\n<meta property=\"og:image\" content=\"https:\/\/mesalestore.com\/wp-content\/uploads\/2026\/01\/1_org_zoom-1.jpg\" \/>\n\t<meta property=\"og:image:width\" content=\"1200\" \/>\n\t<meta property=\"og:image:height\" content=\"1800\" \/>\n\t<meta property=\"og:image:type\" content=\"image\/jpeg\" \/>\n<meta name=\"twitter:card\" content=\"summary_large_image\" \/>\n<meta name=\"twitter:site\" content=\"@mesalecaykazan\" \/>\n<meta name=\"twitter:label1\" content=\"Est. reading time\" \/>\n\t<meta name=\"twitter:data1\" content=\"1 minute\" \/>\n<script type=\"application\/ld+json\" class=\"yoast-schema-graph\">{\"@context\":\"https:\/\/schema.org\",\"@graph\":[{\"@type\":\"WebPage\",\"@id\":\"https:\/\/mesalestore.com\/en\/product\/3-demlikli-antik-bakir-kahvehane-desen-elektrik-gazli-full-otomatik-cay-kazani\/\",\"url\":\"https:\/\/mesalestore.com\/en\/product\/3-demlikli-antik-bakir-kahvehane-desen-elektrik-gazli-full-otomatik-cay-kazani\/\",\"name\":\"Me\u015fale 3 Demlikli Antik Bak\u0131r Kahvehane Desen Elektrik + Gazl\u0131 Full Otomatik \u00c7ay Kazan\u0131 | Me\u015fale Store\",\"isPartOf\":{\"@id\":\"https:\/\/mesalestore.com\/en\/#website\"},\"primaryImageOfPage\":{\"@id\":\"https:\/\/mesalestore.com\/en\/product\/3-demlikli-antik-bakir-kahvehane-desen-elektrik-gazli-full-otomatik-cay-kazani\/#primaryimage\"},\"image\":{\"@id\":\"https:\/\/mesalestore.com\/en\/product\/3-demlikli-antik-bakir-kahvehane-desen-elektrik-gazli-full-otomatik-cay-kazani\/#primaryimage\"},\"thumbnailUrl\":\"https:\/\/mesalestore.com\/wp-content\/uploads\/2026\/01\/1_org_zoom-1.jpg\",\"datePublished\":\"2026-02-09T09:18:46+00:00\",\"dateModified\":\"2026-04-10T21:59:19+00:00\",\"description\":\"Me\u015fale 3 Demlikli Antik Bak\u0131r Kahvehane Desen Elektrik + Gazl\u0131 Full Otomatik \u00c7ay Kazan\u0131 i\u015fletmeler i\u00e7in tasarlanm\u0131\u015f y\u00fcksek kapasiteli bir \u00e7ay makinesidir. Y\u00fcksek demleme kapasitesiyle h\u0131zl\u0131 servis sa\u011flar; inox g\u00f6vdesiyle dayan\u0131kl\u0131d\u0131r.\",\"breadcrumb\":{\"@id\":\"https:\/\/mesalestore.com\/en\/product\/3-demlikli-antik-bakir-kahvehane-desen-elektrik-gazli-full-otomatik-cay-kazani\/#breadcrumb\"},\"inLanguage\":\"en-US\",\"potentialAction\":[{\"@type\":\"ReadAction\",\"target\":[\"https:\/\/mesalestore.com\/en\/product\/3-demlikli-antik-bakir-kahvehane-desen-elektrik-gazli-full-otomatik-cay-kazani\/\"]}]},{\"@type\":\"ImageObject\",\"inLanguage\":\"en-US\",\"@id\":\"https:\/\/mesalestore.com\/en\/product\/3-demlikli-antik-bakir-kahvehane-desen-elektrik-gazli-full-otomatik-cay-kazani\/#primaryimage\",\"url\":\"https:\/\/mesalestore.com\/wp-content\/uploads\/2026\/01\/1_org_zoom-1.jpg\",\"contentUrl\":\"https:\/\/mesalestore.com\/wp-content\/uploads\/2026\/01\/1_org_zoom-1.jpg\",\"width\":1200,\"height\":1800},{\"@type\":\"BreadcrumbList\",\"@id\":\"https:\/\/mesalestore.com\/en\/product\/3-demlikli-antik-bakir-kahvehane-desen-elektrik-gazli-full-otomatik-cay-kazani\/#breadcrumb\",\"itemListElement\":[{\"@type\":\"ListItem\",\"position\":1,\"name\":\"Anasayfa\",\"item\":\"https:\/\/mesalestore.com\/en\/\"},{\"@type\":\"ListItem\",\"position\":2,\"name\":\"Products\",\"item\":\"https:\/\/mesalestore.com\/en\/shop\/\"},{\"@type\":\"ListItem\",\"position\":3,\"name\":\"Me\u015fale 3 Demlikli Antik Bak\u0131r Kahvehane Desen Elektrik + Gazl\u0131 Full Otomatik \u00c7ay Kazan\u0131\"}]},{\"@type\":\"WebSite\",\"@id\":\"https:\/\/mesalestore.com\/en\/#website\",\"url\":\"https:\/\/mesalestore.com\/en\/\",\"name\":\"Me\u015fale Store\",\"description\":\"\",\"publisher\":{\"@id\":\"https:\/\/mesalestore.com\/en\/#organization\"},\"potentialAction\":[{\"@type\":\"SearchAction\",\"target\":{\"@type\":\"EntryPoint\",\"urlTemplate\":\"https:\/\/mesalestore.com\/en\/?s={search_term_string}\"},\"query-input\":{\"@type\":\"PropertyValueSpecification\",\"valueRequired\":true,\"valueName\":\"search_term_string\"}}],\"inLanguage\":\"en-US\"},{\"@type\":\"Organization\",\"@id\":\"https:\/\/mesalestore.com\/en\/#organization\",\"name\":\"Me\u015fale Store\",\"url\":\"https:\/\/mesalestore.com\/en\/\",\"logo\":{\"@type\":\"ImageObject\",\"inLanguage\":\"en-US\",\"@id\":\"https:\/\/mesalestore.com\/en\/#\/schema\/logo\/image\/\",\"url\":\"https:\/\/mesalestore.com\/wp-content\/uploads\/2026\/03\/logo-header-yeni-1.webp\",\"contentUrl\":\"https:\/\/mesalestore.com\/wp-content\/uploads\/2026\/03\/logo-header-yeni-1.webp\",\"width\":419,\"height\":147,\"caption\":\"Me\u015fale Store\"},\"image\":{\"@id\":\"https:\/\/mesalestore.com\/en\/#\/schema\/logo\/image\/\"},\"sameAs\":[\"https:\/\/www.facebook.com\/mesalecay\",\"https:\/\/x.com\/mesalecaykazan\",\"https:\/\/www.instagram.com\/mesalecaykazan\/\"]}]}<\/script>\n<!-- \/ Yoast SEO plugin. -->","yoast_head_json":{"title":"Me\u015fale 3 Demlikli Antik Bak\u0131r Kahvehane Desen Elektrik + Gazl\u0131 Full Otomatik \u00c7ay Kazan\u0131 | Me\u015fale Store","description":"Me\u015fale 3 Demlikli Antik Bak\u0131r Kahvehane Desen Elektrik + Gazl\u0131 Full Otomatik \u00c7ay Kazan\u0131 i\u015fletmeler i\u00e7in tasarlanm\u0131\u015f y\u00fcksek kapasiteli bir \u00e7ay makinesidir. Y\u00fcksek demleme kapasitesiyle h\u0131zl\u0131 servis sa\u011flar; inox g\u00f6vdesiyle dayan\u0131kl\u0131d\u0131r.","robots":{"index":"index","follow":"follow","max-snippet":"max-snippet:-1","max-image-preview":"max-image-preview:large","max-video-preview":"max-video-preview:-1"},"canonical":"https:\/\/mesalestore.com\/en\/product\/3-demlikli-antik-bakir-kahvehane-desen-elektrik-gazli-full-otomatik-cay-kazani\/","og_locale":"en_US","og_type":"article","og_title":"Me\u015fale 3 Demlikli Antik Bak\u0131r Kahvehane Desen Elektrik + Gazl\u0131 Full Otomatik \u00c7ay Kazan\u0131 | Me\u015fale Store","og_description":"Me\u015fale 3 Demlikli Antik Bak\u0131r Kahvehane Desen Elektrik + Gazl\u0131 Full Otomatik \u00c7ay Kazan\u0131 i\u015fletmeler i\u00e7in tasarlanm\u0131\u015f y\u00fcksek kapasiteli bir \u00e7ay makinesidir. Y\u00fcksek demleme kapasitesiyle h\u0131zl\u0131 servis sa\u011flar; inox g\u00f6vdesiyle dayan\u0131kl\u0131d\u0131r.","og_url":"https:\/\/mesalestore.com\/en\/product\/3-demlikli-antik-bakir-kahvehane-desen-elektrik-gazli-full-otomatik-cay-kazani\/","og_site_name":"Me\u015fale Store","article_publisher":"https:\/\/www.facebook.com\/mesalecay","article_modified_time":"2026-04-10T21:59:19+00:00","og_image":[{"width":1200,"height":1800,"url":"https:\/\/mesalestore.com\/wp-content\/uploads\/2026\/01\/1_org_zoom-1.jpg","type":"image\/jpeg"}],"twitter_card":"summary_large_image","twitter_site":"@mesalecaykazan","twitter_misc":{"Est. reading time":"1 minute"},"schema":{"@context":"https:\/\/schema.org","@graph":[{"@type":"WebPage","@id":"https:\/\/mesalestore.com\/en\/product\/3-demlikli-antik-bakir-kahvehane-desen-elektrik-gazli-full-otomatik-cay-kazani\/","url":"https:\/\/mesalestore.com\/en\/product\/3-demlikli-antik-bakir-kahvehane-desen-elektrik-gazli-full-otomatik-cay-kazani\/","name":"Me\u015fale 3 Demlikli Antik Bak\u0131r Kahvehane Desen Elektrik + Gazl\u0131 Full Otomatik \u00c7ay Kazan\u0131 | Me\u015fale Store","isPartOf":{"@id":"https:\/\/mesalestore.com\/en\/#website"},"primaryImageOfPage":{"@id":"https:\/\/mesalestore.com\/en\/product\/3-demlikli-antik-bakir-kahvehane-desen-elektrik-gazli-full-otomatik-cay-kazani\/#primaryimage"},"image":{"@id":"https:\/\/mesalestore.com\/en\/product\/3-demlikli-antik-bakir-kahvehane-desen-elektrik-gazli-full-otomatik-cay-kazani\/#primaryimage"},"thumbnailUrl":"https:\/\/mesalestore.com\/wp-content\/uploads\/2026\/01\/1_org_zoom-1.jpg","datePublished":"2026-02-09T09:18:46+00:00","dateModified":"2026-04-10T21:59:19+00:00","description":"Me\u015fale 3 Demlikli Antik Bak\u0131r Kahvehane Desen Elektrik + Gazl\u0131 Full Otomatik \u00c7ay Kazan\u0131 i\u015fletmeler i\u00e7in tasarlanm\u0131\u015f y\u00fcksek kapasiteli bir \u00e7ay makinesidir. Y\u00fcksek demleme kapasitesiyle h\u0131zl\u0131 servis sa\u011flar; inox g\u00f6vdesiyle dayan\u0131kl\u0131d\u0131r.","breadcrumb":{"@id":"https:\/\/mesalestore.com\/en\/product\/3-demlikli-antik-bakir-kahvehane-desen-elektrik-gazli-full-otomatik-cay-kazani\/#breadcrumb"},"inLanguage":"en-US","potentialAction":[{"@type":"ReadAction","target":["https:\/\/mesalestore.com\/en\/product\/3-demlikli-antik-bakir-kahvehane-desen-elektrik-gazli-full-otomatik-cay-kazani\/"]}]},{"@type":"ImageObject","inLanguage":"en-US","@id":"https:\/\/mesalestore.com\/en\/product\/3-demlikli-antik-bakir-kahvehane-desen-elektrik-gazli-full-otomatik-cay-kazani\/#primaryimage","url":"https:\/\/mesalestore.com\/wp-content\/uploads\/2026\/01\/1_org_zoom-1.jpg","contentUrl":"https:\/\/mesalestore.com\/wp-content\/uploads\/2026\/01\/1_org_zoom-1.jpg","width":1200,"height":1800},{"@type":"BreadcrumbList","@id":"https:\/\/mesalestore.com\/en\/product\/3-demlikli-antik-bakir-kahvehane-desen-elektrik-gazli-full-otomatik-cay-kazani\/#breadcrumb","itemListElement":[{"@type":"ListItem","position":1,"name":"Anasayfa","item":"https:\/\/mesalestore.com\/en\/"},{"@type":"ListItem","position":2,"name":"Products","item":"https:\/\/mesalestore.com\/en\/shop\/"},{"@type":"ListItem","position":3,"name":"Me\u015fale 3 Demlikli Antik Bak\u0131r Kahvehane Desen Elektrik + Gazl\u0131 Full Otomatik \u00c7ay Kazan\u0131"}]},{"@type":"WebSite","@id":"https:\/\/mesalestore.com\/en\/#website","url":"https:\/\/mesalestore.com\/en\/","name":"Me\u015fale Store","description":"","publisher":{"@id":"https:\/\/mesalestore.com\/en\/#organization"},"potentialAction":[{"@type":"SearchAction","target":{"@type":"EntryPoint","urlTemplate":"https:\/\/mesalestore.com\/en\/?s={search_term_string}"},"query-input":{"@type":"PropertyValueSpecification","valueRequired":true,"valueName":"search_term_string"}}],"inLanguage":"en-US"},{"@type":"Organization","@id":"https:\/\/mesalestore.com\/en\/#organization","name":"Me\u015fale Store","url":"https:\/\/mesalestore.com\/en\/","logo":{"@type":"ImageObject","inLanguage":"en-US","@id":"https:\/\/mesalestore.com\/en\/#\/schema\/logo\/image\/","url":"https:\/\/mesalestore.com\/wp-content\/uploads\/2026\/03\/logo-header-yeni-1.webp","contentUrl":"https:\/\/mesalestore.com\/wp-content\/uploads\/2026\/03\/logo-header-yeni-1.webp","width":419,"height":147,"caption":"Me\u015fale Store"},"image":{"@id":"https:\/\/mesalestore.com\/en\/#\/schema\/logo\/image\/"},"sameAs":["https:\/\/www.facebook.com\/mesalecay","https:\/\/x.com\/mesalecaykazan","https:\/\/www.instagram.com\/mesalecaykazan\/"]}]}},"_links":{"self":[{"href":"https:\/\/mesalestore.com\/en\/wp-json\/wp\/v2\/product\/2386","targetHints":{"allow":["GET"]}}],"collection":[{"href":"https:\/\/mesalestore.com\/en\/wp-json\/wp\/v2\/product"}],"about":[{"href":"https:\/\/mesalestore.com\/en\/wp-json\/wp\/v2\/types\/product"}],"replies":[{"embeddable":true,"href":"https:\/\/mesalestore.com\/en\/wp-json\/wp\/v2\/comments?post=2386"}],"wp:featuredmedia":[{"embeddable":true,"href":"https:\/\/mesalestore.com\/en\/wp-json\/wp\/v2\/media\/354"}],"wp:attachment":[{"href":"https:\/\/mesalestore.com\/en\/wp-json\/wp\/v2\/media?parent=2386"}],"wp:term":[{"taxonomy":"product_brand","embeddable":true,"href":"https:\/\/mesalestore.com\/en\/wp-json\/wp\/v2\/product_brand?post=2386"},{"taxonomy":"product_cat","embeddable":true,"href":"https:\/\/mesalestore.com\/en\/wp-json\/wp\/v2\/product_cat?post=2386"},{"taxonomy":"product_tag","embeddable":true,"href":"https:\/\/mesalestore.com\/en\/wp-json\/wp\/v2\/product_tag?post=2386"}],"curies":[{"name":"wp","href":"https:\/\/api.w.org\/{rel}","templated":true}]}}