{"id":3344,"date":"2026-02-25T16:38:19","date_gmt":"2026-02-25T16:38:19","guid":{"rendered":"http:\/\/mesalestore.com\/?page_id=3344"},"modified":"2026-03-04T09:49:22","modified_gmt":"2026-03-04T09:49:22","slug":"privacy-2-3-2-2-2","status":"publish","type":"page","link":"https:\/\/mesalestore.com\/en\/privacy-2-3-2-2-2\/","title":{"rendered":"Garanti \u015eartlar\u0131"},"content":{"rendered":"<div data-elementor-type=\"wp-page\" data-elementor-id=\"3344\" class=\"elementor elementor-3344\" data-elementor-post-type=\"page\">\n\t\t\t\t<div class=\"elementor-element elementor-element-5123ecb e-flex e-con-boxed e-con e-parent\" data-id=\"5123ecb\" data-element_type=\"container\" data-e-type=\"container\" data-settings=\"{&quot;background_background&quot;:&quot;classic&quot;}\">\n\t\t\t\t\t<div class=\"e-con-inner\">\n\t\t\t\t<div class=\"elementor-element elementor-element-024e575 elementor-widget elementor-widget-heading\" data-id=\"024e575\" data-element_type=\"widget\" data-e-type=\"widget\" data-widget_type=\"heading.default\">\n\t\t\t\t\t<h1 class=\"elementor-heading-title elementor-size-default\">Garanti \u015eartlar\u0131<\/h1>\t\t\t\t<\/div>\n\t\t\t\t\t<\/div>\n\t\t\t\t<\/div>\n\t\t\t\t<section class=\"elementor-section elementor-top-section elementor-element elementor-element-59020a0 elementor-reverse-tablet elementor-reverse-mobile elementor-section-boxed elementor-section-height-default elementor-section-height-default\" data-id=\"59020a0\" data-element_type=\"section\" data-e-type=\"section\">\n\t\t\t\t\t\t<div class=\"elementor-container elementor-column-gap-wide\">\n\t\t\t\t\t<div class=\"elementor-column elementor-col-100 elementor-top-column elementor-element elementor-element-0eedf86\" data-id=\"0eedf86\" data-element_type=\"column\" data-e-type=\"column\">\n\t\t\t<div class=\"elementor-widget-wrap elementor-element-populated\">\n\t\t\t\t\t\t<div class=\"elementor-element elementor-element-4640985 elementor-widget elementor-widget-text-editor\" data-id=\"4640985\" data-element_type=\"widget\" data-e-type=\"widget\" data-widget_type=\"text-editor.default\">\n\t\t\t\t\t\t\t\t\t<div class=\"container\"><div id=\"divIcerik\" class=\"pageContainer\"><div id=\"mainHolder_divDesign\"><div><section class=\"landing-block t-mt-0 t-mb-0 t-pt-10 t-pb-10 t-lr-0 design-bg-1 t-vw-3 undefined\"><div class=\"ticiContainer hazirBlokContent\"><div class=\"txrow\"><div class=\"txcol-sm html-context\"><h3><strong>Garanti \u015eartlar\u0131<\/strong><\/h3><p>\u00a0<\/p><ol><li><p><strong>Garanti S\u00fcresi<\/strong><br \/>\u00dcr\u00fcnlerimiz, teslimat tarihinden itibaren\u00a0<strong>2 y\u0131l garanti<\/strong>\u00a0s\u00fcresine sahiptir. Garanti s\u00fcresi, \u00fcr\u00fcn\u00fc sat\u0131n ald\u0131\u011f\u0131n\u0131z tarihten ba\u015flar ve belirtilen s\u00fcre boyunca ge\u00e7erlidir. Garanti, yaln\u0131zca \u00fcr\u00fcnde \u00fcretim hatas\u0131ndan kaynaklanan ar\u0131zalar\u0131 kapsar.<\/p><\/li><li><p><strong>Garanti Kapsam\u0131<\/strong><br \/>\u00dcr\u00fcnlerimizdeki herhangi bir malzeme veya i\u015f\u00e7ilik hatas\u0131 nedeniyle olu\u015fan ar\u0131zalar garanti kapsam\u0131nda onar\u0131lacakt\u0131r. Garanti kapsam\u0131nda yap\u0131lan tamiratlar, \u00fcr\u00fcn\u00fcn orijinal fonksiyonlar\u0131n\u0131 geri kazand\u0131rmay\u0131 hedefler. Garanti, a\u015fa\u011f\u0131daki durumlar\u0131 kapsar:<\/p><ul><li>\u00dcr\u00fcnde \u00fcretim hatas\u0131 nedeniyle meydana gelen ar\u0131zalar<\/li><li>\u00dcr\u00fcnle ilgili yaz\u0131l\u0131m hatalar\u0131 (varsa)<\/li><li>\u00dcr\u00fcn\u00fcn normal kullan\u0131m\u0131 s\u0131ras\u0131nda ortaya \u00e7\u0131kan fabrikasyon hatalar\u0131<\/li><\/ul><\/li><li><p><strong>Garanti D\u0131\u015f\u0131 Durumlar<\/strong><br \/>A\u015fa\u011f\u0131daki durumlar garanti kapsam\u0131 d\u0131\u015f\u0131nda kalmaktad\u0131r:<\/p><ul><li>\u00dcr\u00fcn kullan\u0131m k\u0131lavuzuna uygun olmayan \u015fekilde kullan\u0131m\u0131 veya bak\u0131m\u0131<\/li><li>\u00dcr\u00fcn\u00fcn yetkisiz ki\u015filer taraf\u0131ndan tamir edilmesi veya de\u011fi\u015ftirilmesi<\/li><li>\u00dcr\u00fcn\u00fcn yanl\u0131\u015f kurulum veya montaj\u0131<\/li><li>\u00dcr\u00fcn\u00fcn d\u0131\u015f etkenlerden (ani darbe, su, nem, a\u015f\u0131r\u0131 s\u0131cakl\u0131k vb.) zarar g\u00f6rmesi<\/li><li>Do\u011fal afetler (deprem, sel, y\u0131ld\u0131r\u0131m d\u00fc\u015fmesi vb.) sonucu meydana gelen ar\u0131zalar<\/li><\/ul><\/li><li><p><strong>Garanti S\u00fcresi \u0130\u00e7erisinde Ar\u0131za Durumu<\/strong><br \/>Garanti s\u00fcresi i\u00e7inde herhangi bir ar\u0131za durumunda, \u00fcr\u00fcn\u00fcn\u00fcz\u00fc garanti belgesi ve faturas\u0131 ile birlikte yetkili servise g\u00f6nderebilirsiniz. Ar\u0131za tespit edilip garanti kapsam\u0131nda tamir edilmedi\u011fi takdirde, \u00fccretli bir onar\u0131m yap\u0131lacak ve sizden onay al\u0131nacakt\u0131r.<\/p><\/li><li><p><strong>Garanti Belgesi<\/strong><br \/>\u00dcr\u00fcnle birlikte g\u00f6nderilen garanti belgesini saklaman\u0131z \u00f6nemlidir. Garanti belgesi, \u00fcr\u00fcn\u00fcn garanti s\u00fcresi ve kapsam\u0131 hakk\u0131nda detayl\u0131 bilgi i\u00e7erir ve garanti hizmetlerinden yararlanabilmeniz i\u00e7in gereklidir.<\/p><\/li><li><p><strong>Garanti S\u00fcresi Sonras\u0131 Hizmetler<\/strong><br \/>Garanti s\u00fcresi bitiminden sonra, \u00fcr\u00fcnler i\u00e7in \u00fccretli tamir ve bak\u0131m hizmeti sunulmaktad\u0131r. Bu hizmetler, \u00fcr\u00fcne yap\u0131lacak onar\u0131m t\u00fcr\u00fcne ve yedek par\u00e7a gereksinimlerine g\u00f6re fiyatland\u0131r\u0131lacakt\u0131r.<\/p><\/li><li><p><strong>\u00dcr\u00fcn \u0130ade ve De\u011fi\u015fim<\/strong><\/p><p>Garanti s\u00fcresi i\u00e7inde, \u00fcr\u00fcn\u00fcn\u00fczde tespit edilen ar\u0131zalar\u0131n onar\u0131lmas\u0131 i\u00e7in iade veya de\u011fi\u015fim talebinde bulunabilirsiniz. Ancak, \u00fcr\u00fcn\u00fcn garanti kapsam\u0131na girmeyen bir ar\u0131zas\u0131 olmas\u0131 durumunda, iade veya de\u011fi\u015fim talebi kabul edilmeyecektir.<\/p><\/li><\/ol><\/div><\/div><\/div><\/section><\/div><\/div><\/div><\/div>\t\t\t\t\t\t\t\t<\/div>\n\t\t\t\t\t<\/div>\n\t\t<\/div>\n\t\t\t\t\t<\/div>\n\t\t<\/section>\n\t\t\t\t<\/div>","protected":false},"excerpt":{"rendered":"<p>Massa sed elementum tempus egestas sed sed risus. Risus at ultrices mi tempus imperdiet nulla malesuada pellentesque elit.<\/p>","protected":false},"author":1,"featured_media":0,"parent":0,"menu_order":0,"comment_status":"closed","ping_status":"closed","template":"elementor_header_footer","meta":{"footnotes":""},"class_list":["post-3344","page","type-page","status-publish","hentry"],"blocksy_meta":[],"yoast_head":"<!-- This site is optimized with the Yoast SEO plugin v27.1.1 - https:\/\/yoast.com\/product\/yoast-seo-wordpress\/ -->\n<title>Garanti \u015eartlar\u0131 - Me\u015fale Store<\/title>\n<meta name=\"robots\" content=\"index, follow, max-snippet:-1, max-image-preview:large, max-video-preview:-1\" \/>\n<link rel=\"canonical\" href=\"https:\/\/mesalestore.com\/en\/privacy-2-3-2-2-2\/\" \/>\n<meta property=\"og:locale\" content=\"en_US\" \/>\n<meta property=\"og:type\" content=\"article\" \/>\n<meta property=\"og:title\" content=\"Garanti \u015eartlar\u0131 - Me\u015fale Store\" \/>\n<meta property=\"og:description\" content=\"Massa sed elementum tempus egestas sed sed risus. Risus at ultrices mi tempus imperdiet nulla malesuada pellentesque elit.\" \/>\n<meta property=\"og:url\" content=\"https:\/\/mesalestore.com\/en\/privacy-2-3-2-2-2\/\" \/>\n<meta property=\"og:site_name\" content=\"Me\u015fale Store\" \/>\n<meta property=\"article:publisher\" content=\"https:\/\/www.facebook.com\/mesalecay\" \/>\n<meta property=\"article:modified_time\" content=\"2026-03-04T09:49:22+00:00\" \/>\n<meta name=\"twitter:card\" content=\"summary_large_image\" \/>\n<meta name=\"twitter:site\" content=\"@mesalecaykazan\" \/>\n<meta name=\"twitter:label1\" content=\"Est. reading time\" \/>\n\t<meta name=\"twitter:data1\" content=\"2 minutes\" \/>\n<script type=\"application\/ld+json\" class=\"yoast-schema-graph\">{\"@context\":\"https:\/\/schema.org\",\"@graph\":[{\"@type\":\"WebPage\",\"@id\":\"https:\/\/mesalestore.com\/en\/privacy-2-3-2-2-2\/\",\"url\":\"https:\/\/mesalestore.com\/en\/privacy-2-3-2-2-2\/\",\"name\":\"Garanti \u015eartlar\u0131 - Me\u015fale Store\",\"isPartOf\":{\"@id\":\"https:\/\/mesalestore.com\/en\/#website\"},\"datePublished\":\"2026-02-25T16:38:19+00:00\",\"dateModified\":\"2026-03-04T09:49:22+00:00\",\"breadcrumb\":{\"@id\":\"https:\/\/mesalestore.com\/en\/privacy-2-3-2-2-2\/#breadcrumb\"},\"inLanguage\":\"en-US\",\"potentialAction\":[{\"@type\":\"ReadAction\",\"target\":[\"https:\/\/mesalestore.com\/en\/privacy-2-3-2-2-2\/\"]}]},{\"@type\":\"BreadcrumbList\",\"@id\":\"https:\/\/mesalestore.com\/en\/privacy-2-3-2-2-2\/#breadcrumb\",\"itemListElement\":[{\"@type\":\"ListItem\",\"position\":1,\"name\":\"Anasayfa\",\"item\":\"https:\/\/mesalestore.com\/en\/\"},{\"@type\":\"ListItem\",\"position\":2,\"name\":\"Garanti \u015eartlar\u0131\"}]},{\"@type\":\"WebSite\",\"@id\":\"https:\/\/mesalestore.com\/en\/#website\",\"url\":\"https:\/\/mesalestore.com\/en\/\",\"name\":\"Me\u015fale Store\",\"description\":\"\",\"publisher\":{\"@id\":\"https:\/\/mesalestore.com\/en\/#organization\"},\"potentialAction\":[{\"@type\":\"SearchAction\",\"target\":{\"@type\":\"EntryPoint\",\"urlTemplate\":\"https:\/\/mesalestore.com\/en\/?s={search_term_string}\"},\"query-input\":{\"@type\":\"PropertyValueSpecification\",\"valueRequired\":true,\"valueName\":\"search_term_string\"}}],\"inLanguage\":\"en-US\"},{\"@type\":\"Organization\",\"@id\":\"https:\/\/mesalestore.com\/en\/#organization\",\"name\":\"Me\u015fale Store\",\"url\":\"https:\/\/mesalestore.com\/en\/\",\"logo\":{\"@type\":\"ImageObject\",\"inLanguage\":\"en-US\",\"@id\":\"https:\/\/mesalestore.com\/en\/#\/schema\/logo\/image\/\",\"url\":\"https:\/\/mesalestore.com\/wp-content\/uploads\/2026\/03\/logo-header-yeni-1.webp\",\"contentUrl\":\"https:\/\/mesalestore.com\/wp-content\/uploads\/2026\/03\/logo-header-yeni-1.webp\",\"width\":419,\"height\":147,\"caption\":\"Me\u015fale Store\"},\"image\":{\"@id\":\"https:\/\/mesalestore.com\/en\/#\/schema\/logo\/image\/\"},\"sameAs\":[\"https:\/\/www.facebook.com\/mesalecay\",\"https:\/\/x.com\/mesalecaykazan\",\"https:\/\/www.instagram.com\/mesalecaykazan\/\"]}]}<\/script>\n<!-- \/ Yoast SEO plugin. -->","yoast_head_json":{"title":"Garanti \u015eartlar\u0131 - Me\u015fale Store","robots":{"index":"index","follow":"follow","max-snippet":"max-snippet:-1","max-image-preview":"max-image-preview:large","max-video-preview":"max-video-preview:-1"},"canonical":"https:\/\/mesalestore.com\/en\/privacy-2-3-2-2-2\/","og_locale":"en_US","og_type":"article","og_title":"Garanti \u015eartlar\u0131 - Me\u015fale Store","og_description":"Massa sed elementum tempus egestas sed sed risus. Risus at ultrices mi tempus imperdiet nulla malesuada pellentesque elit.","og_url":"https:\/\/mesalestore.com\/en\/privacy-2-3-2-2-2\/","og_site_name":"Me\u015fale Store","article_publisher":"https:\/\/www.facebook.com\/mesalecay","article_modified_time":"2026-03-04T09:49:22+00:00","twitter_card":"summary_large_image","twitter_site":"@mesalecaykazan","twitter_misc":{"Est. reading time":"2 minutes"},"schema":{"@context":"https:\/\/schema.org","@graph":[{"@type":"WebPage","@id":"https:\/\/mesalestore.com\/en\/privacy-2-3-2-2-2\/","url":"https:\/\/mesalestore.com\/en\/privacy-2-3-2-2-2\/","name":"Garanti \u015eartlar\u0131 - Me\u015fale Store","isPartOf":{"@id":"https:\/\/mesalestore.com\/en\/#website"},"datePublished":"2026-02-25T16:38:19+00:00","dateModified":"2026-03-04T09:49:22+00:00","breadcrumb":{"@id":"https:\/\/mesalestore.com\/en\/privacy-2-3-2-2-2\/#breadcrumb"},"inLanguage":"en-US","potentialAction":[{"@type":"ReadAction","target":["https:\/\/mesalestore.com\/en\/privacy-2-3-2-2-2\/"]}]},{"@type":"BreadcrumbList","@id":"https:\/\/mesalestore.com\/en\/privacy-2-3-2-2-2\/#breadcrumb","itemListElement":[{"@type":"ListItem","position":1,"name":"Anasayfa","item":"https:\/\/mesalestore.com\/en\/"},{"@type":"ListItem","position":2,"name":"Garanti \u015eartlar\u0131"}]},{"@type":"WebSite","@id":"https:\/\/mesalestore.com\/en\/#website","url":"https:\/\/mesalestore.com\/en\/","name":"Me\u015fale Store","description":"","publisher":{"@id":"https:\/\/mesalestore.com\/en\/#organization"},"potentialAction":[{"@type":"SearchAction","target":{"@type":"EntryPoint","urlTemplate":"https:\/\/mesalestore.com\/en\/?s={search_term_string}"},"query-input":{"@type":"PropertyValueSpecification","valueRequired":true,"valueName":"search_term_string"}}],"inLanguage":"en-US"},{"@type":"Organization","@id":"https:\/\/mesalestore.com\/en\/#organization","name":"Me\u015fale Store","url":"https:\/\/mesalestore.com\/en\/","logo":{"@type":"ImageObject","inLanguage":"en-US","@id":"https:\/\/mesalestore.com\/en\/#\/schema\/logo\/image\/","url":"https:\/\/mesalestore.com\/wp-content\/uploads\/2026\/03\/logo-header-yeni-1.webp","contentUrl":"https:\/\/mesalestore.com\/wp-content\/uploads\/2026\/03\/logo-header-yeni-1.webp","width":419,"height":147,"caption":"Me\u015fale Store"},"image":{"@id":"https:\/\/mesalestore.com\/en\/#\/schema\/logo\/image\/"},"sameAs":["https:\/\/www.facebook.com\/mesalecay","https:\/\/x.com\/mesalecaykazan","https:\/\/www.instagram.com\/mesalecaykazan\/"]}]}},"_links":{"self":[{"href":"https:\/\/mesalestore.com\/en\/wp-json\/wp\/v2\/pages\/3344","targetHints":{"allow":["GET"]}}],"collection":[{"href":"https:\/\/mesalestore.com\/en\/wp-json\/wp\/v2\/pages"}],"about":[{"href":"https:\/\/mesalestore.com\/en\/wp-json\/wp\/v2\/types\/page"}],"author":[{"embeddable":true,"href":"https:\/\/mesalestore.com\/en\/wp-json\/wp\/v2\/users\/1"}],"replies":[{"embeddable":true,"href":"https:\/\/mesalestore.com\/en\/wp-json\/wp\/v2\/comments?post=3344"}],"version-history":[{"count":13,"href":"https:\/\/mesalestore.com\/en\/wp-json\/wp\/v2\/pages\/3344\/revisions"}],"predecessor-version":[{"id":3921,"href":"https:\/\/mesalestore.com\/en\/wp-json\/wp\/v2\/pages\/3344\/revisions\/3921"}],"wp:attachment":[{"href":"https:\/\/mesalestore.com\/en\/wp-json\/wp\/v2\/media?parent=3344"}],"curies":[{"name":"wp","href":"https:\/\/api.w.org\/{rel}","templated":true}]}}