{"id":3336,"date":"2026-02-25T16:37:08","date_gmt":"2026-02-25T16:37:08","guid":{"rendered":"http:\/\/mesalestore.com\/?page_id=3336"},"modified":"2026-03-04T09:48:58","modified_gmt":"2026-03-04T09:48:58","slug":"privacy-2-3-2-2","status":"publish","type":"page","link":"https:\/\/mesalestore.com\/en\/privacy-2-3-2-2\/","title":{"rendered":"Teslimat Ko\u015fullar\u0131"},"content":{"rendered":"<div data-elementor-type=\"wp-page\" data-elementor-id=\"3336\" class=\"elementor elementor-3336\" data-elementor-post-type=\"page\">\n\t\t\t\t<div class=\"elementor-element elementor-element-5123ecb e-flex e-con-boxed e-con e-parent\" data-id=\"5123ecb\" data-element_type=\"container\" data-e-type=\"container\" data-settings=\"{&quot;background_background&quot;:&quot;classic&quot;}\">\n\t\t\t\t\t<div class=\"e-con-inner\">\n\t\t\t\t<div class=\"elementor-element elementor-element-024e575 elementor-widget elementor-widget-heading\" data-id=\"024e575\" data-element_type=\"widget\" data-e-type=\"widget\" data-widget_type=\"heading.default\">\n\t\t\t\t\t<h1 class=\"elementor-heading-title elementor-size-default\">Teslimat Ko\u015fullar\u0131<\/h1>\t\t\t\t<\/div>\n\t\t\t\t\t<\/div>\n\t\t\t\t<\/div>\n\t\t\t\t<section class=\"elementor-section elementor-top-section elementor-element elementor-element-59020a0 elementor-reverse-tablet elementor-reverse-mobile elementor-section-boxed elementor-section-height-default elementor-section-height-default\" data-id=\"59020a0\" data-element_type=\"section\" data-e-type=\"section\">\n\t\t\t\t\t\t<div class=\"elementor-container elementor-column-gap-wide\">\n\t\t\t\t\t<div class=\"elementor-column elementor-col-100 elementor-top-column elementor-element elementor-element-0eedf86\" data-id=\"0eedf86\" data-element_type=\"column\" data-e-type=\"column\">\n\t\t\t<div class=\"elementor-widget-wrap elementor-element-populated\">\n\t\t\t\t\t\t<div class=\"elementor-element elementor-element-4640985 elementor-widget elementor-widget-text-editor\" data-id=\"4640985\" data-element_type=\"widget\" data-e-type=\"widget\" data-widget_type=\"text-editor.default\">\n\t\t\t\t\t\t\t\t\t<div class=\"container\"><div id=\"divIcerik\" class=\"pageContainer\"><div id=\"mainHolder_divDesign\"><div><section class=\"landing-block t-mt-0 t-mb-0 t-pt-10 t-pb-10 t-lr-0 design-bg-1 t-vw-3 undefined\"><div class=\"ticiContainer hazirBlokContent\"><div class=\"txrow\"><div class=\"txcol-sm html-context\"><h3><strong>Teslimat Ko\u015fullar\u0131<\/strong><\/h3><ol><li><p><strong>Teslimat S\u00fcresi<\/strong><br \/>Sipari\u015fleriniz, \u00f6deme onay\u0131 al\u0131nd\u0131ktan sonra en ge\u00e7 2 i\u015f g\u00fcn\u00fc i\u00e7erisinde haz\u0131rlanarak kargoya verilecektir. Teslimat s\u00fcresi, bulundu\u011funuz b\u00f6lgeye ba\u011fl\u0131 olarak 3 ila 7 i\u015f g\u00fcn\u00fc aras\u0131nda de\u011fi\u015febilir. Hafta sonu ve resmi tatillerde teslimat yap\u0131lmamaktad\u0131r.<\/p><\/li><li><p><strong>Teslimat Adresi<\/strong><br \/>Teslimat, sipari\u015fi verdi\u011finiz adresin do\u011frulu\u011funa g\u00f6re yap\u0131lacakt\u0131r. L\u00fctfen adres bilgilerinizi do\u011fru ve eksiksiz giriniz. Yanl\u0131\u015f girilen adreslerden kaynaklanan teslimat problemlerinden firmam\u0131z sorumlu tutulamaz.<\/p><\/li><li><p><strong>Kargo \u00dccreti<\/strong><br \/>Kargo \u00fccreti, sipari\u015finizin tutar\u0131na ve teslimat adresinize g\u00f6re de\u011fi\u015fiklik g\u00f6stermektedir. \u00dccretsiz kargo kampanyalar\u0131 ve belirli sipari\u015f tutarlar\u0131n\u0131n \u00fczerinde kargo \u00fccreti al\u0131nmamaktad\u0131r. Kargo \u00fccreti, sipari\u015finizin son \u00f6deme ekran\u0131nda belirtilmektedir.<\/p><\/li><li><p><strong>Teslimat S\u00fcrecinin Takibi<\/strong><br \/>Sipari\u015finiz kargoya verildikten sonra, kargo takip numaran\u0131z e-posta ile taraf\u0131n\u0131za g\u00f6nderilecektir. Bu numara ile teslimat\u0131n\u0131z\u0131 kolayca takip edebilirsiniz. Teslimat s\u00fcrecinde kar\u015f\u0131la\u015ft\u0131\u011f\u0131n\u0131z sorunlar i\u00e7in bizimle ileti\u015fime ge\u00e7ebilirsiniz.<\/p><\/li><li><p><strong>Teslimat Yap\u0131lamayan Yerler<\/strong><br \/>Kargo \u015firketleri taraf\u0131ndan teslimat yap\u0131lmayan yerle\u015fim yerleri i\u00e7in, alternatif teslimat se\u00e7enekleri sunulmaktad\u0131r. Bu durumda m\u00fc\u015fteri hizmetlerimiz ile ileti\u015fime ge\u00e7erek bilgi alabilirsiniz.<\/p><\/li><li><p><strong>Teslimat Esnas\u0131nda \u00dcr\u00fcn Kontrol\u00fc<\/strong><br \/>Sipari\u015finiz teslim al\u0131nd\u0131\u011f\u0131nda, \u00fcr\u00fcn\u00fcn\u00fcz\u00fcn kutusunun hasars\u0131z oldu\u011fundan emin olun. E\u011fer kutuda herhangi bir hasar tespit ederseniz, kargo g\u00f6revlisine tutanak tutturun ve hemen bizimle ileti\u015fime ge\u00e7in. Hasarl\u0131 \u00fcr\u00fcnler i\u00e7in iade talebinde bulunabilirsiniz.<\/p><\/li><li><p><strong>Teslimat\u0131n Gecikmesi<\/strong><\/p><p>Hava \u015fartlar\u0131, kargo \u015firketi kaynakl\u0131 aksakl\u0131klar veya ba\u015fka ola\u011fan\u00fcst\u00fc durumlar nedeniyle teslimat s\u00fcresinde gecikmeler ya\u015fanabilir. Bu gibi durumlarda sizlere bilgi verilecektir.<\/p><\/li><\/ol><\/div><\/div><\/div><div class=\"adminEditButton\"><div class=\"adminEditDiv\"><div class=\"adminEditBtn\">\u00a0<\/div><\/div><\/div><\/section><\/div><\/div><\/div><div class=\"clear\">\u00a0<\/div><div class=\"ticiBottomBlockContent\">\u00a0<\/div><div class=\"clear\">\u00a0<\/div><footer id=\"customFooterContent\" class=\"footerTemp\"><section class=\"elementor-section     desktopJustfyCenter\" data-id=\"gnicyrs\" data-element_type=\"section\" data-d-left=\"false\" data-d-center=\"true\" data-d-right=\"false\" data-t-left=\"false\" data-t-center=\"true\" data-t-right=\"false\" data-m-left=\"false\" data-m-center=\"true\" data-m-right=\"false\"><div class=\"footerTempContainer elementor-container\"><div class=\"footerTempRow\"><div class=\"footerTempColumnDiv elementor-column\" data-id=\"omwxbap\" data-col=\"66\" data-element_type=\"elementor-column\" data-d-left=\"false\" data-d-center=\"false\" data-d-right=\"false\" data-t-left=\"false\" data-t-center=\"false\" data-t-right=\"false\" data-m-left=\"false\" data-m-center=\"false\" data-m-right=\"false\"><div class=\"footerTempWidgetRepeat elementor-element\" data-widget-id=\"j6knjo8\" data-element_type=\"widget\" data-d-left=\"false\" data-d-center=\"false\" data-d-right=\"false\" data-t-left=\"false\" data-t-center=\"false\" data-t-right=\"false\" data-m-left=\"false\" data-m-center=\"false\" data-m-right=\"false\"><div id=\"divNewsLetter \" class=\"newaslater ebultenDivTemp\"><div class=\"eTempTitle\">\u00a0<\/div><\/div><\/div><\/div><\/div><\/div><\/section><\/footer><\/div>\t\t\t\t\t\t\t\t<\/div>\n\t\t\t\t\t<\/div>\n\t\t<\/div>\n\t\t\t\t\t<\/div>\n\t\t<\/section>\n\t\t\t\t<\/div>","protected":false},"excerpt":{"rendered":"<p>Massa sed elementum tempus egestas sed sed risus. Risus at ultrices mi tempus imperdiet nulla malesuada pellentesque elit.<\/p>","protected":false},"author":1,"featured_media":0,"parent":0,"menu_order":0,"comment_status":"closed","ping_status":"closed","template":"elementor_header_footer","meta":{"footnotes":""},"class_list":["post-3336","page","type-page","status-publish","hentry"],"blocksy_meta":[],"yoast_head":"<!-- This site is optimized with the Yoast SEO plugin v27.1.1 - https:\/\/yoast.com\/product\/yoast-seo-wordpress\/ -->\n<title>Teslimat Ko\u015fullar\u0131 - Me\u015fale Store<\/title>\n<meta name=\"robots\" content=\"index, follow, max-snippet:-1, max-image-preview:large, max-video-preview:-1\" \/>\n<link rel=\"canonical\" href=\"https:\/\/mesalestore.com\/en\/privacy-2-3-2-2\/\" \/>\n<meta property=\"og:locale\" content=\"en_US\" \/>\n<meta property=\"og:type\" content=\"article\" \/>\n<meta property=\"og:title\" content=\"Teslimat Ko\u015fullar\u0131 - Me\u015fale Store\" \/>\n<meta property=\"og:description\" content=\"Massa sed elementum tempus egestas sed sed risus. Risus at ultrices mi tempus imperdiet nulla malesuada pellentesque elit.\" \/>\n<meta property=\"og:url\" content=\"https:\/\/mesalestore.com\/en\/privacy-2-3-2-2\/\" \/>\n<meta property=\"og:site_name\" content=\"Me\u015fale Store\" \/>\n<meta property=\"article:publisher\" content=\"https:\/\/www.facebook.com\/mesalecay\" \/>\n<meta property=\"article:modified_time\" content=\"2026-03-04T09:48:58+00:00\" \/>\n<meta name=\"twitter:card\" content=\"summary_large_image\" \/>\n<meta name=\"twitter:site\" content=\"@mesalecaykazan\" \/>\n<meta name=\"twitter:label1\" content=\"Est. reading time\" \/>\n\t<meta name=\"twitter:data1\" content=\"1 minute\" \/>\n<script type=\"application\/ld+json\" class=\"yoast-schema-graph\">{\"@context\":\"https:\/\/schema.org\",\"@graph\":[{\"@type\":\"WebPage\",\"@id\":\"https:\/\/mesalestore.com\/en\/privacy-2-3-2-2\/\",\"url\":\"https:\/\/mesalestore.com\/en\/privacy-2-3-2-2\/\",\"name\":\"Teslimat Ko\u015fullar\u0131 - Me\u015fale Store\",\"isPartOf\":{\"@id\":\"https:\/\/mesalestore.com\/en\/#website\"},\"datePublished\":\"2026-02-25T16:37:08+00:00\",\"dateModified\":\"2026-03-04T09:48:58+00:00\",\"breadcrumb\":{\"@id\":\"https:\/\/mesalestore.com\/en\/privacy-2-3-2-2\/#breadcrumb\"},\"inLanguage\":\"en-US\",\"potentialAction\":[{\"@type\":\"ReadAction\",\"target\":[\"https:\/\/mesalestore.com\/en\/privacy-2-3-2-2\/\"]}]},{\"@type\":\"BreadcrumbList\",\"@id\":\"https:\/\/mesalestore.com\/en\/privacy-2-3-2-2\/#breadcrumb\",\"itemListElement\":[{\"@type\":\"ListItem\",\"position\":1,\"name\":\"Anasayfa\",\"item\":\"https:\/\/mesalestore.com\/en\/\"},{\"@type\":\"ListItem\",\"position\":2,\"name\":\"Teslimat Ko\u015fullar\u0131\"}]},{\"@type\":\"WebSite\",\"@id\":\"https:\/\/mesalestore.com\/en\/#website\",\"url\":\"https:\/\/mesalestore.com\/en\/\",\"name\":\"Me\u015fale Store\",\"description\":\"\",\"publisher\":{\"@id\":\"https:\/\/mesalestore.com\/en\/#organization\"},\"potentialAction\":[{\"@type\":\"SearchAction\",\"target\":{\"@type\":\"EntryPoint\",\"urlTemplate\":\"https:\/\/mesalestore.com\/en\/?s={search_term_string}\"},\"query-input\":{\"@type\":\"PropertyValueSpecification\",\"valueRequired\":true,\"valueName\":\"search_term_string\"}}],\"inLanguage\":\"en-US\"},{\"@type\":\"Organization\",\"@id\":\"https:\/\/mesalestore.com\/en\/#organization\",\"name\":\"Me\u015fale Store\",\"url\":\"https:\/\/mesalestore.com\/en\/\",\"logo\":{\"@type\":\"ImageObject\",\"inLanguage\":\"en-US\",\"@id\":\"https:\/\/mesalestore.com\/en\/#\/schema\/logo\/image\/\",\"url\":\"https:\/\/mesalestore.com\/wp-content\/uploads\/2026\/03\/logo-header-yeni-1.webp\",\"contentUrl\":\"https:\/\/mesalestore.com\/wp-content\/uploads\/2026\/03\/logo-header-yeni-1.webp\",\"width\":419,\"height\":147,\"caption\":\"Me\u015fale Store\"},\"image\":{\"@id\":\"https:\/\/mesalestore.com\/en\/#\/schema\/logo\/image\/\"},\"sameAs\":[\"https:\/\/www.facebook.com\/mesalecay\",\"https:\/\/x.com\/mesalecaykazan\",\"https:\/\/www.instagram.com\/mesalecaykazan\/\"]}]}<\/script>\n<!-- \/ Yoast SEO plugin. -->","yoast_head_json":{"title":"Teslimat Ko\u015fullar\u0131 - Me\u015fale Store","robots":{"index":"index","follow":"follow","max-snippet":"max-snippet:-1","max-image-preview":"max-image-preview:large","max-video-preview":"max-video-preview:-1"},"canonical":"https:\/\/mesalestore.com\/en\/privacy-2-3-2-2\/","og_locale":"en_US","og_type":"article","og_title":"Teslimat Ko\u015fullar\u0131 - Me\u015fale Store","og_description":"Massa sed elementum tempus egestas sed sed risus. Risus at ultrices mi tempus imperdiet nulla malesuada pellentesque elit.","og_url":"https:\/\/mesalestore.com\/en\/privacy-2-3-2-2\/","og_site_name":"Me\u015fale Store","article_publisher":"https:\/\/www.facebook.com\/mesalecay","article_modified_time":"2026-03-04T09:48:58+00:00","twitter_card":"summary_large_image","twitter_site":"@mesalecaykazan","twitter_misc":{"Est. reading time":"1 minute"},"schema":{"@context":"https:\/\/schema.org","@graph":[{"@type":"WebPage","@id":"https:\/\/mesalestore.com\/en\/privacy-2-3-2-2\/","url":"https:\/\/mesalestore.com\/en\/privacy-2-3-2-2\/","name":"Teslimat Ko\u015fullar\u0131 - Me\u015fale Store","isPartOf":{"@id":"https:\/\/mesalestore.com\/en\/#website"},"datePublished":"2026-02-25T16:37:08+00:00","dateModified":"2026-03-04T09:48:58+00:00","breadcrumb":{"@id":"https:\/\/mesalestore.com\/en\/privacy-2-3-2-2\/#breadcrumb"},"inLanguage":"en-US","potentialAction":[{"@type":"ReadAction","target":["https:\/\/mesalestore.com\/en\/privacy-2-3-2-2\/"]}]},{"@type":"BreadcrumbList","@id":"https:\/\/mesalestore.com\/en\/privacy-2-3-2-2\/#breadcrumb","itemListElement":[{"@type":"ListItem","position":1,"name":"Anasayfa","item":"https:\/\/mesalestore.com\/en\/"},{"@type":"ListItem","position":2,"name":"Teslimat Ko\u015fullar\u0131"}]},{"@type":"WebSite","@id":"https:\/\/mesalestore.com\/en\/#website","url":"https:\/\/mesalestore.com\/en\/","name":"Me\u015fale Store","description":"","publisher":{"@id":"https:\/\/mesalestore.com\/en\/#organization"},"potentialAction":[{"@type":"SearchAction","target":{"@type":"EntryPoint","urlTemplate":"https:\/\/mesalestore.com\/en\/?s={search_term_string}"},"query-input":{"@type":"PropertyValueSpecification","valueRequired":true,"valueName":"search_term_string"}}],"inLanguage":"en-US"},{"@type":"Organization","@id":"https:\/\/mesalestore.com\/en\/#organization","name":"Me\u015fale Store","url":"https:\/\/mesalestore.com\/en\/","logo":{"@type":"ImageObject","inLanguage":"en-US","@id":"https:\/\/mesalestore.com\/en\/#\/schema\/logo\/image\/","url":"https:\/\/mesalestore.com\/wp-content\/uploads\/2026\/03\/logo-header-yeni-1.webp","contentUrl":"https:\/\/mesalestore.com\/wp-content\/uploads\/2026\/03\/logo-header-yeni-1.webp","width":419,"height":147,"caption":"Me\u015fale Store"},"image":{"@id":"https:\/\/mesalestore.com\/en\/#\/schema\/logo\/image\/"},"sameAs":["https:\/\/www.facebook.com\/mesalecay","https:\/\/x.com\/mesalecaykazan","https:\/\/www.instagram.com\/mesalecaykazan\/"]}]}},"_links":{"self":[{"href":"https:\/\/mesalestore.com\/en\/wp-json\/wp\/v2\/pages\/3336","targetHints":{"allow":["GET"]}}],"collection":[{"href":"https:\/\/mesalestore.com\/en\/wp-json\/wp\/v2\/pages"}],"about":[{"href":"https:\/\/mesalestore.com\/en\/wp-json\/wp\/v2\/types\/page"}],"author":[{"embeddable":true,"href":"https:\/\/mesalestore.com\/en\/wp-json\/wp\/v2\/users\/1"}],"replies":[{"embeddable":true,"href":"https:\/\/mesalestore.com\/en\/wp-json\/wp\/v2\/comments?post=3336"}],"version-history":[{"count":19,"href":"https:\/\/mesalestore.com\/en\/wp-json\/wp\/v2\/pages\/3336\/revisions"}],"predecessor-version":[{"id":3918,"href":"https:\/\/mesalestore.com\/en\/wp-json\/wp\/v2\/pages\/3336\/revisions\/3918"}],"wp:attachment":[{"href":"https:\/\/mesalestore.com\/en\/wp-json\/wp\/v2\/media?parent=3336"}],"curies":[{"name":"wp","href":"https:\/\/api.w.org\/{rel}","templated":true}]}}