{"id":3325,"date":"2026-02-25T16:33:06","date_gmt":"2026-02-25T16:33:06","guid":{"rendered":"http:\/\/mesalestore.com\/?page_id=3325"},"modified":"2026-03-04T09:48:47","modified_gmt":"2026-03-04T09:48:47","slug":"privacy-2-3","status":"publish","type":"page","link":"https:\/\/mesalestore.com\/en\/privacy-2-3\/","title":{"rendered":"\u0130ade ve De\u011fi\u015fim Ko\u015fullar\u0131"},"content":{"rendered":"<div data-elementor-type=\"wp-page\" data-elementor-id=\"3325\" class=\"elementor elementor-3325\" data-elementor-post-type=\"page\">\n\t\t\t\t<div class=\"elementor-element elementor-element-5123ecb e-flex e-con-boxed e-con e-parent\" data-id=\"5123ecb\" data-element_type=\"container\" data-e-type=\"container\" data-settings=\"{&quot;background_background&quot;:&quot;classic&quot;}\">\n\t\t\t\t\t<div class=\"e-con-inner\">\n\t\t\t\t<div class=\"elementor-element elementor-element-024e575 elementor-widget elementor-widget-heading\" data-id=\"024e575\" data-element_type=\"widget\" data-e-type=\"widget\" data-widget_type=\"heading.default\">\n\t\t\t\t\t<h1 class=\"elementor-heading-title elementor-size-default\">\u0130ade ve De\u011fi\u015fim Ko\u015fullar\u0131<span style=\"background-color: inherit\"><\/span><\/h1>\t\t\t\t<\/div>\n\t\t\t\t\t<\/div>\n\t\t\t\t<\/div>\n\t\t\t\t<section class=\"elementor-section elementor-top-section elementor-element elementor-element-59020a0 elementor-reverse-tablet elementor-reverse-mobile elementor-section-boxed elementor-section-height-default elementor-section-height-default\" data-id=\"59020a0\" data-element_type=\"section\" data-e-type=\"section\">\n\t\t\t\t\t\t<div class=\"elementor-container elementor-column-gap-wide\">\n\t\t\t\t\t<div class=\"elementor-column elementor-col-100 elementor-top-column elementor-element elementor-element-0eedf86\" data-id=\"0eedf86\" data-element_type=\"column\" data-e-type=\"column\">\n\t\t\t<div class=\"elementor-widget-wrap elementor-element-populated\">\n\t\t\t\t\t\t<div class=\"elementor-element elementor-element-4640985 elementor-widget elementor-widget-text-editor\" data-id=\"4640985\" data-element_type=\"widget\" data-e-type=\"widget\" data-widget_type=\"text-editor.default\">\n\t\t\t\t\t\t\t\t\t<p><strong>\u0130ade ve De\u011fi\u015fim Ko\u015fullar\u0131<\/strong><\/p><p>De\u011ferli M\u00fc\u015fterimiz,<\/p><p>Me\u015fale Store olarak memnuniyetiniz bizim i\u00e7in en \u00f6nemli \u00f6nceliktir. Bu nedenle, sat\u0131n ald\u0131\u011f\u0131n\u0131z \u00fcr\u00fcnlerimizle ilgili ya\u015fayabilece\u011finiz herhangi bir sorunda iade ve de\u011fi\u015fim s\u00fcre\u00e7lerini \u015feffaf, h\u0131zl\u0131 ve kolay bir \u015fekilde y\u00f6netiyoruz.<\/p><p>\u00a0<\/p><h3><strong>\u0130ade Ko\u015fullar\u0131<\/strong><\/h3><ol><li><p><strong>\u0130ade S\u00fcresi:<\/strong><br \/>\u00dcr\u00fcn teslim al\u0131nd\u0131ktan sonra\u00a0<strong>14 g\u00fcn<\/strong>\u00a0i\u00e7erisinde iade talebi olu\u015fturabilirsiniz.<\/p><\/li><li><p><strong>\u0130ade \u015eartlar\u0131:<\/strong><\/p><ul><li>\u00dcr\u00fcn, orijinal ambalaj\u0131nda, kullan\u0131lmam\u0131\u015f ve zarar g\u00f6rmemi\u015f olmal\u0131d\u0131r.<\/li><li>Fatura, garanti belgesi ve t\u00fcm aksesuarlar\u0131 eksiksiz olarak iade edilmelidir.<\/li><\/ul><\/li><li><p><strong>\u0130ade S\u00fcreci:<\/strong><\/p><ul><li>\u0130ade talebinizi\u00a0<a rel=\"noopener\">info@mesalestore.com<\/a>\u00a0adresine veya m\u00fc\u015fteri hizmetlerimize bildirin.<\/li><li>Onay sonras\u0131 \u00fcr\u00fcn\u00fc, anla\u015fmal\u0131 kargo firmam\u0131z arac\u0131l\u0131\u011f\u0131yla g\u00f6nderebilirsiniz.<\/li><li>\u0130ade edilen \u00fcr\u00fcn\u00fcn taraf\u0131m\u0131za ula\u015fmas\u0131 ve incelenmesi sonras\u0131 iade s\u00fcreci tamamlan\u0131r.<\/li><\/ul><\/li><li><p><strong>\u00dccret \u0130adesi:<\/strong><\/p><ul><li>Onaylanan iadeler i\u00e7in \u00fccret iadesi, \u00f6demenin yap\u0131ld\u0131\u011f\u0131 y\u00f6ntemle 7 i\u015f g\u00fcn\u00fc i\u00e7inde yap\u0131l\u0131r.<\/li><\/ul><\/li><\/ol><h3><strong>De\u011fi\u015fim Ko\u015fullar\u0131<\/strong><\/h3><ol><li><p><strong>De\u011fi\u015fim S\u00fcresi:<\/strong><br \/>\u00dcr\u00fcn teslim al\u0131nd\u0131ktan sonra\u00a0<strong>14 g\u00fcn<\/strong>\u00a0i\u00e7erisinde de\u011fi\u015fim talebi olu\u015fturabilirsiniz.<\/p><\/li><li><p><strong>De\u011fi\u015fim \u015eartlar\u0131:<\/strong><\/p><ul><li>De\u011fi\u015fim talep edilen \u00fcr\u00fcn, orijinal ambalaj\u0131nda, kullan\u0131lmam\u0131\u015f ve zarar g\u00f6rmemi\u015f olmal\u0131d\u0131r.<\/li><li>Fatura, garanti belgesi ve \u00fcr\u00fcnle birlikte verilen t\u00fcm aksesuarlar eksiksiz olarak iade edilmelidir.<\/li><\/ul><\/li><li><p><strong>De\u011fi\u015fim S\u00fcreci:<\/strong><\/p><ul><li>De\u011fi\u015fim talebinizi\u00a0<a rel=\"noopener\">info@mesalestore.com<\/a>\u00a0adresine veya m\u00fc\u015fteri hizmetlerimize bildirerek ba\u015flatabilirsiniz.<\/li><li>Onay sonras\u0131 \u00fcr\u00fcn\u00fc anla\u015fmal\u0131 kargo firmam\u0131zla g\u00f6nderin. Yeni \u00fcr\u00fcn, de\u011fi\u015fim i\u015flemi tamamland\u0131ktan sonra taraf\u0131n\u0131za kargolan\u0131r.<\/li><\/ul><\/li><\/ol><h3><strong>Dikkat Edilmesi Gerekenler:<\/strong><\/h3><ul><li><strong>Ki\u015fisel Kullan\u0131ma \u00d6zel \u00dcr\u00fcnler:<\/strong>\u00a0Hijyen ve sa\u011fl\u0131k gerek\u00e7esiyle ki\u015fisel kullan\u0131ma \u00f6zel \u00fcr\u00fcnlerde (\u00f6rne\u011fin, \u00f6zel tasar\u0131m veya ki\u015fiselle\u015ftirilmi\u015f \u00fcr\u00fcnlerde) iade ve de\u011fi\u015fim yap\u0131lamamaktad\u0131r.<\/li><li><strong>Kargo \u00dccretleri:<\/strong>\u00a0\u00dcr\u00fcn iadesi veya de\u011fi\u015fiminde kargo \u00fccretleri, ilgili durumun detaylar\u0131na g\u00f6re taraf\u0131m\u0131zdan kar\u015f\u0131lanabilir.<\/li><\/ul><h3><strong>Bizimle \u0130leti\u015fime Ge\u00e7in:<\/strong><\/h3><p>\u00a0<\/p><p>Herhangi bir sorunuz veya talebiniz varsa, l\u00fctfen bizimle ileti\u015fime ge\u00e7in:<\/p><ul><li><strong>Telefon:<\/strong>\u00a0<a href=\"tel:+905324703382\">0532 470 33 82<\/a><\/li><li><strong>E-posta:<\/strong>\u00a0<a rel=\"noopener\">bilgi@mesalestore.com<\/a><\/li><\/ul><p>Me\u015fale Store, kaliteli hizmet anlay\u0131\u015f\u0131 ve m\u00fc\u015fteri memnuniyeti odakl\u0131 \u00e7al\u0131\u015fma prensipleriyle yan\u0131n\u0131zda!<\/p><p>Sayg\u0131lar\u0131m\u0131zla,<br \/><strong>Me\u015fale Store Ekibi<\/strong><\/p>\t\t\t\t\t\t\t\t<\/div>\n\t\t\t\t\t<\/div>\n\t\t<\/div>\n\t\t\t\t\t<\/div>\n\t\t<\/section>\n\t\t\t\t<\/div>","protected":false},"excerpt":{"rendered":"<p>Massa sed elementum tempus egestas sed sed risus. Risus at ultrices mi tempus imperdiet nulla malesuada pellentesque elit.<\/p>","protected":false},"author":1,"featured_media":0,"parent":0,"menu_order":0,"comment_status":"closed","ping_status":"closed","template":"elementor_header_footer","meta":{"footnotes":""},"class_list":["post-3325","page","type-page","status-publish","hentry"],"blocksy_meta":[],"yoast_head":"<!-- This site is optimized with the Yoast SEO plugin v27.1.1 - https:\/\/yoast.com\/product\/yoast-seo-wordpress\/ -->\n<title>\u0130ade ve De\u011fi\u015fim Ko\u015fullar\u0131 - Me\u015fale Store<\/title>\n<meta name=\"robots\" content=\"index, follow, max-snippet:-1, max-image-preview:large, max-video-preview:-1\" \/>\n<link rel=\"canonical\" href=\"https:\/\/mesalestore.com\/en\/privacy-2-3\/\" \/>\n<meta property=\"og:locale\" content=\"en_US\" \/>\n<meta property=\"og:type\" content=\"article\" \/>\n<meta property=\"og:title\" content=\"\u0130ade ve De\u011fi\u015fim Ko\u015fullar\u0131 - Me\u015fale Store\" \/>\n<meta property=\"og:description\" content=\"Massa sed elementum tempus egestas sed sed risus. Risus at ultrices mi tempus imperdiet nulla malesuada pellentesque elit.\" \/>\n<meta property=\"og:url\" content=\"https:\/\/mesalestore.com\/en\/privacy-2-3\/\" \/>\n<meta property=\"og:site_name\" content=\"Me\u015fale Store\" \/>\n<meta property=\"article:publisher\" content=\"https:\/\/www.facebook.com\/mesalecay\" \/>\n<meta property=\"article:modified_time\" content=\"2026-03-04T09:48:47+00:00\" \/>\n<meta name=\"twitter:card\" content=\"summary_large_image\" \/>\n<meta name=\"twitter:site\" content=\"@mesalecaykazan\" \/>\n<meta name=\"twitter:label1\" content=\"Est. reading time\" \/>\n\t<meta name=\"twitter:data1\" content=\"2 minutes\" \/>\n<script type=\"application\/ld+json\" class=\"yoast-schema-graph\">{\"@context\":\"https:\/\/schema.org\",\"@graph\":[{\"@type\":\"WebPage\",\"@id\":\"https:\/\/mesalestore.com\/en\/privacy-2-3\/\",\"url\":\"https:\/\/mesalestore.com\/en\/privacy-2-3\/\",\"name\":\"\u0130ade ve De\u011fi\u015fim Ko\u015fullar\u0131 - Me\u015fale Store\",\"isPartOf\":{\"@id\":\"https:\/\/mesalestore.com\/en\/#website\"},\"datePublished\":\"2026-02-25T16:33:06+00:00\",\"dateModified\":\"2026-03-04T09:48:47+00:00\",\"breadcrumb\":{\"@id\":\"https:\/\/mesalestore.com\/en\/privacy-2-3\/#breadcrumb\"},\"inLanguage\":\"en-US\",\"potentialAction\":[{\"@type\":\"ReadAction\",\"target\":[\"https:\/\/mesalestore.com\/en\/privacy-2-3\/\"]}]},{\"@type\":\"BreadcrumbList\",\"@id\":\"https:\/\/mesalestore.com\/en\/privacy-2-3\/#breadcrumb\",\"itemListElement\":[{\"@type\":\"ListItem\",\"position\":1,\"name\":\"Anasayfa\",\"item\":\"https:\/\/mesalestore.com\/en\/\"},{\"@type\":\"ListItem\",\"position\":2,\"name\":\"\u0130ade ve De\u011fi\u015fim Ko\u015fullar\u0131\"}]},{\"@type\":\"WebSite\",\"@id\":\"https:\/\/mesalestore.com\/en\/#website\",\"url\":\"https:\/\/mesalestore.com\/en\/\",\"name\":\"Me\u015fale Store\",\"description\":\"\",\"publisher\":{\"@id\":\"https:\/\/mesalestore.com\/en\/#organization\"},\"potentialAction\":[{\"@type\":\"SearchAction\",\"target\":{\"@type\":\"EntryPoint\",\"urlTemplate\":\"https:\/\/mesalestore.com\/en\/?s={search_term_string}\"},\"query-input\":{\"@type\":\"PropertyValueSpecification\",\"valueRequired\":true,\"valueName\":\"search_term_string\"}}],\"inLanguage\":\"en-US\"},{\"@type\":\"Organization\",\"@id\":\"https:\/\/mesalestore.com\/en\/#organization\",\"name\":\"Me\u015fale Store\",\"url\":\"https:\/\/mesalestore.com\/en\/\",\"logo\":{\"@type\":\"ImageObject\",\"inLanguage\":\"en-US\",\"@id\":\"https:\/\/mesalestore.com\/en\/#\/schema\/logo\/image\/\",\"url\":\"https:\/\/mesalestore.com\/wp-content\/uploads\/2026\/03\/logo-header-yeni-1.webp\",\"contentUrl\":\"https:\/\/mesalestore.com\/wp-content\/uploads\/2026\/03\/logo-header-yeni-1.webp\",\"width\":419,\"height\":147,\"caption\":\"Me\u015fale Store\"},\"image\":{\"@id\":\"https:\/\/mesalestore.com\/en\/#\/schema\/logo\/image\/\"},\"sameAs\":[\"https:\/\/www.facebook.com\/mesalecay\",\"https:\/\/x.com\/mesalecaykazan\",\"https:\/\/www.instagram.com\/mesalecaykazan\/\"]}]}<\/script>\n<!-- \/ Yoast SEO plugin. -->","yoast_head_json":{"title":"\u0130ade ve De\u011fi\u015fim Ko\u015fullar\u0131 - Me\u015fale Store","robots":{"index":"index","follow":"follow","max-snippet":"max-snippet:-1","max-image-preview":"max-image-preview:large","max-video-preview":"max-video-preview:-1"},"canonical":"https:\/\/mesalestore.com\/en\/privacy-2-3\/","og_locale":"en_US","og_type":"article","og_title":"\u0130ade ve De\u011fi\u015fim Ko\u015fullar\u0131 - Me\u015fale Store","og_description":"Massa sed elementum tempus egestas sed sed risus. Risus at ultrices mi tempus imperdiet nulla malesuada pellentesque elit.","og_url":"https:\/\/mesalestore.com\/en\/privacy-2-3\/","og_site_name":"Me\u015fale Store","article_publisher":"https:\/\/www.facebook.com\/mesalecay","article_modified_time":"2026-03-04T09:48:47+00:00","twitter_card":"summary_large_image","twitter_site":"@mesalecaykazan","twitter_misc":{"Est. reading time":"2 minutes"},"schema":{"@context":"https:\/\/schema.org","@graph":[{"@type":"WebPage","@id":"https:\/\/mesalestore.com\/en\/privacy-2-3\/","url":"https:\/\/mesalestore.com\/en\/privacy-2-3\/","name":"\u0130ade ve De\u011fi\u015fim Ko\u015fullar\u0131 - Me\u015fale Store","isPartOf":{"@id":"https:\/\/mesalestore.com\/en\/#website"},"datePublished":"2026-02-25T16:33:06+00:00","dateModified":"2026-03-04T09:48:47+00:00","breadcrumb":{"@id":"https:\/\/mesalestore.com\/en\/privacy-2-3\/#breadcrumb"},"inLanguage":"en-US","potentialAction":[{"@type":"ReadAction","target":["https:\/\/mesalestore.com\/en\/privacy-2-3\/"]}]},{"@type":"BreadcrumbList","@id":"https:\/\/mesalestore.com\/en\/privacy-2-3\/#breadcrumb","itemListElement":[{"@type":"ListItem","position":1,"name":"Anasayfa","item":"https:\/\/mesalestore.com\/en\/"},{"@type":"ListItem","position":2,"name":"\u0130ade ve De\u011fi\u015fim Ko\u015fullar\u0131"}]},{"@type":"WebSite","@id":"https:\/\/mesalestore.com\/en\/#website","url":"https:\/\/mesalestore.com\/en\/","name":"Me\u015fale Store","description":"","publisher":{"@id":"https:\/\/mesalestore.com\/en\/#organization"},"potentialAction":[{"@type":"SearchAction","target":{"@type":"EntryPoint","urlTemplate":"https:\/\/mesalestore.com\/en\/?s={search_term_string}"},"query-input":{"@type":"PropertyValueSpecification","valueRequired":true,"valueName":"search_term_string"}}],"inLanguage":"en-US"},{"@type":"Organization","@id":"https:\/\/mesalestore.com\/en\/#organization","name":"Me\u015fale Store","url":"https:\/\/mesalestore.com\/en\/","logo":{"@type":"ImageObject","inLanguage":"en-US","@id":"https:\/\/mesalestore.com\/en\/#\/schema\/logo\/image\/","url":"https:\/\/mesalestore.com\/wp-content\/uploads\/2026\/03\/logo-header-yeni-1.webp","contentUrl":"https:\/\/mesalestore.com\/wp-content\/uploads\/2026\/03\/logo-header-yeni-1.webp","width":419,"height":147,"caption":"Me\u015fale Store"},"image":{"@id":"https:\/\/mesalestore.com\/en\/#\/schema\/logo\/image\/"},"sameAs":["https:\/\/www.facebook.com\/mesalecay","https:\/\/x.com\/mesalecaykazan","https:\/\/www.instagram.com\/mesalecaykazan\/"]}]}},"_links":{"self":[{"href":"https:\/\/mesalestore.com\/en\/wp-json\/wp\/v2\/pages\/3325","targetHints":{"allow":["GET"]}}],"collection":[{"href":"https:\/\/mesalestore.com\/en\/wp-json\/wp\/v2\/pages"}],"about":[{"href":"https:\/\/mesalestore.com\/en\/wp-json\/wp\/v2\/types\/page"}],"author":[{"embeddable":true,"href":"https:\/\/mesalestore.com\/en\/wp-json\/wp\/v2\/users\/1"}],"replies":[{"embeddable":true,"href":"https:\/\/mesalestore.com\/en\/wp-json\/wp\/v2\/comments?post=3325"}],"version-history":[{"count":10,"href":"https:\/\/mesalestore.com\/en\/wp-json\/wp\/v2\/pages\/3325\/revisions"}],"predecessor-version":[{"id":3912,"href":"https:\/\/mesalestore.com\/en\/wp-json\/wp\/v2\/pages\/3325\/revisions\/3912"}],"wp:attachment":[{"href":"https:\/\/mesalestore.com\/en\/wp-json\/wp\/v2\/media?parent=3325"}],"curies":[{"name":"wp","href":"https:\/\/api.w.org\/{rel}","templated":true}]}}