{"id":3315,"date":"2026-02-25T16:30:23","date_gmt":"2026-02-25T16:30:23","guid":{"rendered":"http:\/\/mesalestore.com\/?page_id=3315"},"modified":"2026-03-04T09:48:27","modified_gmt":"2026-03-04T09:48:27","slug":"privacy-2-2","status":"publish","type":"page","link":"https:\/\/mesalestore.com\/en\/privacy-2-2\/","title":{"rendered":"\u00c7erez (Cookie) Kullan\u0131m\u0131"},"content":{"rendered":"<div data-elementor-type=\"wp-page\" data-elementor-id=\"3315\" class=\"elementor elementor-3315\" data-elementor-post-type=\"page\">\n\t\t\t\t<div class=\"elementor-element elementor-element-5123ecb e-flex e-con-boxed e-con e-parent\" data-id=\"5123ecb\" data-element_type=\"container\" data-e-type=\"container\" data-settings=\"{&quot;background_background&quot;:&quot;classic&quot;}\">\n\t\t\t\t\t<div class=\"e-con-inner\">\n\t\t\t\t<div class=\"elementor-element elementor-element-024e575 elementor-widget elementor-widget-heading\" data-id=\"024e575\" data-element_type=\"widget\" data-e-type=\"widget\" data-widget_type=\"heading.default\">\n\t\t\t\t\t<h1 class=\"elementor-heading-title elementor-size-default\">\u00c7erez (Cookie) Kullan\u0131m\u0131<\/h1>\t\t\t\t<\/div>\n\t\t\t\t\t<\/div>\n\t\t\t\t<\/div>\n\t\t\t\t<section class=\"elementor-section elementor-top-section elementor-element elementor-element-59020a0 elementor-reverse-tablet elementor-reverse-mobile elementor-section-boxed elementor-section-height-default elementor-section-height-default\" data-id=\"59020a0\" data-element_type=\"section\" data-e-type=\"section\">\n\t\t\t\t\t\t<div class=\"elementor-container elementor-column-gap-wide\">\n\t\t\t\t\t<div class=\"elementor-column elementor-col-100 elementor-top-column elementor-element elementor-element-0eedf86\" data-id=\"0eedf86\" data-element_type=\"column\" data-e-type=\"column\">\n\t\t\t<div class=\"elementor-widget-wrap elementor-element-populated\">\n\t\t\t\t\t\t<div class=\"elementor-element elementor-element-4640985 elementor-widget elementor-widget-text-editor\" data-id=\"4640985\" data-element_type=\"widget\" data-e-type=\"widget\" data-widget_type=\"text-editor.default\">\n\t\t\t\t\t\t\t\t\t<p>Me\u015fale Store olarak, web sitemizin kullan\u0131c\u0131 deneyimini geli\u015ftirmek, size \u00f6zel i\u00e7erikler sunmak ve hizmetlerimizi daha etkili bir \u015fekilde sunabilmek i\u00e7in \u00e7erezlerden faydalan\u0131yoruz. \u00c7erezler, internet taray\u0131c\u0131n\u0131za kaydedilen k\u00fc\u00e7\u00fck veri dosyalar\u0131d\u0131r ve web sitemizin daha verimli \u00e7al\u0131\u015fmas\u0131na katk\u0131 sa\u011flar.<\/p><p>\u00a0<\/p><h3><strong>\u00c7erezlerin Kullan\u0131m Ama\u00e7lar\u0131<\/strong><\/h3><ol><li><p><strong>Zorunlu \u00c7erezler:<\/strong><br \/>Web sitemizin temel i\u015flevlerini yerine getirmesi i\u00e7in gerekli olan \u00e7erezlerdir. Bu \u00e7erezler, al\u0131\u015fveri\u015f sepetinizi hat\u0131rlama veya oturum a\u00e7ma gibi i\u015flemleri ger\u00e7ekle\u015ftirir.<\/p><\/li><li><p><strong>Performans ve Analiz \u00c7erezleri:<\/strong><br \/>Web sitemizin performans\u0131n\u0131 analiz etmek ve kullan\u0131c\u0131 deneyimini geli\u015ftirmek amac\u0131yla kullan\u0131l\u0131r. Bu \u00e7erezler, hangi sayfalar\u0131n daha \u00e7ok ziyaret edildi\u011fi gibi istatistiksel verileri toplar.<\/p><\/li><li><p><strong>Reklam ve Pazarlama \u00c7erezleri:<\/strong><br \/>\u0130lgi alanlar\u0131n\u0131za uygun i\u00e7erik ve reklamlar sunmak i\u00e7in kullan\u0131l\u0131r. Bu \u00e7erezler, sizinle alakal\u0131 kampanya ve promosyonlar\u0131 daha etkili bir \u015fekilde sunmam\u0131za olanak tan\u0131r.<\/p><\/li><li><p><strong>Fonksiyonel \u00c7erezler:<\/strong><br \/>Tercihlerinizi hat\u0131rlayarak web sitemizin sizin i\u00e7in \u00f6zelle\u015ftirilmesini sa\u011flar. \u00d6rne\u011fin, dil tercihleriniz veya bulundu\u011funuz b\u00f6lgeye uygun i\u00e7eriklerin sunulmas\u0131.<\/p><\/li><\/ol><h3><strong>\u00c7erezlerin Y\u00f6netimi<\/strong><\/h3><p>Taray\u0131c\u0131n\u0131z\u0131n ayarlar\u0131n\u0131 kullanarak \u00e7erezleri kontrol edebilir veya silebilirsiniz. Ancak, \u00e7erezlerin devre d\u0131\u015f\u0131 b\u0131rak\u0131lmas\u0131 durumunda web sitemizin baz\u0131 \u00f6zellikleri ve i\u015flevleri tam olarak \u00e7al\u0131\u015fmayabilir.<\/p><p><strong>\u00c7erezleri Nas\u0131l Y\u00f6netebilirsiniz?<\/strong><\/p><ol><li>Taray\u0131c\u0131n\u0131z\u0131n &#8220;Ayarlar&#8221; veya &#8220;Se\u00e7enekler&#8221; men\u00fcs\u00fcnden \u00e7erez ayarlar\u0131n\u0131 de\u011fi\u015ftirebilirsiniz.<\/li><li>\u00c7erezlerin kabul edilmesini veya engellenmesini se\u00e7ebilirsiniz.<\/li><li>Kaydedilen \u00e7erezleri silebilirsiniz.<\/li><\/ol><h3><strong>\u00dc\u00e7\u00fcnc\u00fc Taraf \u00c7erezler<\/strong><\/h3><p>Web sitemizde, analiz ve reklam hizmetleri sunan \u00fc\u00e7\u00fcnc\u00fc taraflar taraf\u0131ndan yerle\u015ftirilen \u00e7erezler de kullan\u0131labilir. Bu \u00e7erezler, web sitemiz d\u0131\u015f\u0131ndaki platformlardaki aktivitelerinizi analiz etmek i\u00e7in kullan\u0131labilir.<\/p><h3><strong>Daha Fazla Bilgi<\/strong><\/h3><p>\u00a0<\/p><p>\u00c7erez politikam\u0131z hakk\u0131nda daha fazla bilgi almak isterseniz, bize\u00a0<a rel=\"noopener\">bilgi@mesalestore.com<\/a>\u00a0adresinden ula\u015fabilirsiniz.<\/p><p>Me\u015fale Store olarak gizlili\u011finize \u00f6nem veriyoruz. \u00c7erezlerin kullan\u0131m\u0131na ili\u015fkin sorular\u0131n\u0131z varsa, l\u00fctfen bizimle ileti\u015fime ge\u00e7mekten \u00e7ekinmeyin.<\/p><p>Sayg\u0131lar\u0131m\u0131zla,<br \/><strong>Me\u015fale Store Ekibi<\/strong><\/p>\t\t\t\t\t\t\t\t<\/div>\n\t\t\t\t\t<\/div>\n\t\t<\/div>\n\t\t\t\t\t<\/div>\n\t\t<\/section>\n\t\t\t\t<\/div>","protected":false},"excerpt":{"rendered":"<p>Massa sed elementum tempus egestas sed sed risus. Risus at ultrices mi tempus imperdiet nulla malesuada pellentesque elit.<\/p>","protected":false},"author":1,"featured_media":0,"parent":0,"menu_order":0,"comment_status":"closed","ping_status":"closed","template":"elementor_header_footer","meta":{"footnotes":""},"class_list":["post-3315","page","type-page","status-publish","hentry"],"blocksy_meta":[],"yoast_head":"<!-- This site is optimized with the Yoast SEO plugin v27.1.1 - https:\/\/yoast.com\/product\/yoast-seo-wordpress\/ -->\n<title>\u00c7erez (Cookie) Kullan\u0131m\u0131 - Me\u015fale Store<\/title>\n<meta name=\"robots\" content=\"index, follow, max-snippet:-1, max-image-preview:large, max-video-preview:-1\" \/>\n<link rel=\"canonical\" href=\"https:\/\/mesalestore.com\/en\/privacy-2-2\/\" \/>\n<meta property=\"og:locale\" content=\"en_US\" \/>\n<meta property=\"og:type\" content=\"article\" \/>\n<meta property=\"og:title\" content=\"\u00c7erez (Cookie) Kullan\u0131m\u0131 - Me\u015fale Store\" \/>\n<meta property=\"og:description\" content=\"Massa sed elementum tempus egestas sed sed risus. Risus at ultrices mi tempus imperdiet nulla malesuada pellentesque elit.\" \/>\n<meta property=\"og:url\" content=\"https:\/\/mesalestore.com\/en\/privacy-2-2\/\" \/>\n<meta property=\"og:site_name\" content=\"Me\u015fale Store\" \/>\n<meta property=\"article:publisher\" content=\"https:\/\/www.facebook.com\/mesalecay\" \/>\n<meta property=\"article:modified_time\" content=\"2026-03-04T09:48:27+00:00\" \/>\n<meta name=\"twitter:card\" content=\"summary_large_image\" \/>\n<meta name=\"twitter:site\" content=\"@mesalecaykazan\" \/>\n<meta name=\"twitter:label1\" content=\"Est. reading time\" \/>\n\t<meta name=\"twitter:data1\" content=\"2 minutes\" \/>\n<script type=\"application\/ld+json\" class=\"yoast-schema-graph\">{\"@context\":\"https:\/\/schema.org\",\"@graph\":[{\"@type\":\"WebPage\",\"@id\":\"https:\/\/mesalestore.com\/en\/privacy-2-2\/\",\"url\":\"https:\/\/mesalestore.com\/en\/privacy-2-2\/\",\"name\":\"\u00c7erez (Cookie) Kullan\u0131m\u0131 - Me\u015fale Store\",\"isPartOf\":{\"@id\":\"https:\/\/mesalestore.com\/en\/#website\"},\"datePublished\":\"2026-02-25T16:30:23+00:00\",\"dateModified\":\"2026-03-04T09:48:27+00:00\",\"breadcrumb\":{\"@id\":\"https:\/\/mesalestore.com\/en\/privacy-2-2\/#breadcrumb\"},\"inLanguage\":\"en-US\",\"potentialAction\":[{\"@type\":\"ReadAction\",\"target\":[\"https:\/\/mesalestore.com\/en\/privacy-2-2\/\"]}]},{\"@type\":\"BreadcrumbList\",\"@id\":\"https:\/\/mesalestore.com\/en\/privacy-2-2\/#breadcrumb\",\"itemListElement\":[{\"@type\":\"ListItem\",\"position\":1,\"name\":\"Anasayfa\",\"item\":\"https:\/\/mesalestore.com\/en\/\"},{\"@type\":\"ListItem\",\"position\":2,\"name\":\"\u00c7erez (Cookie) Kullan\u0131m\u0131\"}]},{\"@type\":\"WebSite\",\"@id\":\"https:\/\/mesalestore.com\/en\/#website\",\"url\":\"https:\/\/mesalestore.com\/en\/\",\"name\":\"Me\u015fale Store\",\"description\":\"\",\"publisher\":{\"@id\":\"https:\/\/mesalestore.com\/en\/#organization\"},\"potentialAction\":[{\"@type\":\"SearchAction\",\"target\":{\"@type\":\"EntryPoint\",\"urlTemplate\":\"https:\/\/mesalestore.com\/en\/?s={search_term_string}\"},\"query-input\":{\"@type\":\"PropertyValueSpecification\",\"valueRequired\":true,\"valueName\":\"search_term_string\"}}],\"inLanguage\":\"en-US\"},{\"@type\":\"Organization\",\"@id\":\"https:\/\/mesalestore.com\/en\/#organization\",\"name\":\"Me\u015fale Store\",\"url\":\"https:\/\/mesalestore.com\/en\/\",\"logo\":{\"@type\":\"ImageObject\",\"inLanguage\":\"en-US\",\"@id\":\"https:\/\/mesalestore.com\/en\/#\/schema\/logo\/image\/\",\"url\":\"https:\/\/mesalestore.com\/wp-content\/uploads\/2026\/03\/logo-header-yeni-1.webp\",\"contentUrl\":\"https:\/\/mesalestore.com\/wp-content\/uploads\/2026\/03\/logo-header-yeni-1.webp\",\"width\":419,\"height\":147,\"caption\":\"Me\u015fale Store\"},\"image\":{\"@id\":\"https:\/\/mesalestore.com\/en\/#\/schema\/logo\/image\/\"},\"sameAs\":[\"https:\/\/www.facebook.com\/mesalecay\",\"https:\/\/x.com\/mesalecaykazan\",\"https:\/\/www.instagram.com\/mesalecaykazan\/\"]}]}<\/script>\n<!-- \/ Yoast SEO plugin. -->","yoast_head_json":{"title":"\u00c7erez (Cookie) Kullan\u0131m\u0131 - Me\u015fale Store","robots":{"index":"index","follow":"follow","max-snippet":"max-snippet:-1","max-image-preview":"max-image-preview:large","max-video-preview":"max-video-preview:-1"},"canonical":"https:\/\/mesalestore.com\/en\/privacy-2-2\/","og_locale":"en_US","og_type":"article","og_title":"\u00c7erez (Cookie) Kullan\u0131m\u0131 - Me\u015fale Store","og_description":"Massa sed elementum tempus egestas sed sed risus. Risus at ultrices mi tempus imperdiet nulla malesuada pellentesque elit.","og_url":"https:\/\/mesalestore.com\/en\/privacy-2-2\/","og_site_name":"Me\u015fale Store","article_publisher":"https:\/\/www.facebook.com\/mesalecay","article_modified_time":"2026-03-04T09:48:27+00:00","twitter_card":"summary_large_image","twitter_site":"@mesalecaykazan","twitter_misc":{"Est. reading time":"2 minutes"},"schema":{"@context":"https:\/\/schema.org","@graph":[{"@type":"WebPage","@id":"https:\/\/mesalestore.com\/en\/privacy-2-2\/","url":"https:\/\/mesalestore.com\/en\/privacy-2-2\/","name":"\u00c7erez (Cookie) Kullan\u0131m\u0131 - Me\u015fale Store","isPartOf":{"@id":"https:\/\/mesalestore.com\/en\/#website"},"datePublished":"2026-02-25T16:30:23+00:00","dateModified":"2026-03-04T09:48:27+00:00","breadcrumb":{"@id":"https:\/\/mesalestore.com\/en\/privacy-2-2\/#breadcrumb"},"inLanguage":"en-US","potentialAction":[{"@type":"ReadAction","target":["https:\/\/mesalestore.com\/en\/privacy-2-2\/"]}]},{"@type":"BreadcrumbList","@id":"https:\/\/mesalestore.com\/en\/privacy-2-2\/#breadcrumb","itemListElement":[{"@type":"ListItem","position":1,"name":"Anasayfa","item":"https:\/\/mesalestore.com\/en\/"},{"@type":"ListItem","position":2,"name":"\u00c7erez (Cookie) Kullan\u0131m\u0131"}]},{"@type":"WebSite","@id":"https:\/\/mesalestore.com\/en\/#website","url":"https:\/\/mesalestore.com\/en\/","name":"Me\u015fale Store","description":"","publisher":{"@id":"https:\/\/mesalestore.com\/en\/#organization"},"potentialAction":[{"@type":"SearchAction","target":{"@type":"EntryPoint","urlTemplate":"https:\/\/mesalestore.com\/en\/?s={search_term_string}"},"query-input":{"@type":"PropertyValueSpecification","valueRequired":true,"valueName":"search_term_string"}}],"inLanguage":"en-US"},{"@type":"Organization","@id":"https:\/\/mesalestore.com\/en\/#organization","name":"Me\u015fale Store","url":"https:\/\/mesalestore.com\/en\/","logo":{"@type":"ImageObject","inLanguage":"en-US","@id":"https:\/\/mesalestore.com\/en\/#\/schema\/logo\/image\/","url":"https:\/\/mesalestore.com\/wp-content\/uploads\/2026\/03\/logo-header-yeni-1.webp","contentUrl":"https:\/\/mesalestore.com\/wp-content\/uploads\/2026\/03\/logo-header-yeni-1.webp","width":419,"height":147,"caption":"Me\u015fale Store"},"image":{"@id":"https:\/\/mesalestore.com\/en\/#\/schema\/logo\/image\/"},"sameAs":["https:\/\/www.facebook.com\/mesalecay","https:\/\/x.com\/mesalecaykazan","https:\/\/www.instagram.com\/mesalecaykazan\/"]}]}},"_links":{"self":[{"href":"https:\/\/mesalestore.com\/en\/wp-json\/wp\/v2\/pages\/3315","targetHints":{"allow":["GET"]}}],"collection":[{"href":"https:\/\/mesalestore.com\/en\/wp-json\/wp\/v2\/pages"}],"about":[{"href":"https:\/\/mesalestore.com\/en\/wp-json\/wp\/v2\/types\/page"}],"author":[{"embeddable":true,"href":"https:\/\/mesalestore.com\/en\/wp-json\/wp\/v2\/users\/1"}],"replies":[{"embeddable":true,"href":"https:\/\/mesalestore.com\/en\/wp-json\/wp\/v2\/comments?post=3315"}],"version-history":[{"count":11,"href":"https:\/\/mesalestore.com\/en\/wp-json\/wp\/v2\/pages\/3315\/revisions"}],"predecessor-version":[{"id":3909,"href":"https:\/\/mesalestore.com\/en\/wp-json\/wp\/v2\/pages\/3315\/revisions\/3909"}],"wp:attachment":[{"href":"https:\/\/mesalestore.com\/en\/wp-json\/wp\/v2\/media?parent=3315"}],"curies":[{"name":"wp","href":"https:\/\/api.w.org\/{rel}","templated":true}]}}