{"id":115,"date":"2020-03-13T15:28:00","date_gmt":"2020-03-13T15:28:00","guid":{"rendered":"https:\/\/startersites.io\/blocksy\/modern-shop\/?page_id=115"},"modified":"2026-04-09T23:56:32","modified_gmt":"2026-04-09T20:56:32","slug":"about","status":"publish","type":"page","link":"https:\/\/mesalestore.com\/en\/about\/","title":{"rendered":"About Us"},"content":{"rendered":"<div data-elementor-type=\"wp-page\" data-elementor-id=\"115\" class=\"elementor elementor-115\" data-elementor-post-type=\"page\">\n\t\t\t\t<div class=\"elementor-element elementor-element-5123ecb e-flex e-con-boxed e-con e-parent\" data-id=\"5123ecb\" data-element_type=\"container\" data-e-type=\"container\" data-settings=\"{&quot;background_background&quot;:&quot;classic&quot;}\">\n\t\t\t\t\t<div class=\"e-con-inner\">\n\t\t\t\t<div class=\"elementor-element elementor-element-024e575 elementor-widget elementor-widget-heading\" data-id=\"024e575\" data-element_type=\"widget\" data-e-type=\"widget\" data-widget_type=\"heading.default\">\n\t\t\t\t\t<h1 class=\"elementor-heading-title elementor-size-default\">HAKKIMIZDA<\/h1>\t\t\t\t<\/div>\n\t\t\t\t<div class=\"elementor-element elementor-element-d8ab2ba elementor-widget elementor-widget-text-editor\" data-id=\"d8ab2ba\" data-element_type=\"widget\" data-e-type=\"widget\" data-widget_type=\"text-editor.default\">\n\t\t\t\t\t\t\t\t\t<p>Me\u015fale Gold Olarak 30 y\u0131l\u0131 a\u015fk\u0131n s\u00fcredir sekt\u00f6rdeki liderli\u011fimizi s\u00fcrd\u00fcrmeye devam ediyor ve her ge\u00e7en g\u00fcn daha fazla i\u015fletmeye profosyonel ve kaliteli \u00e7\u00f6z\u00fcmler sunuyoruz.<\/p>\t\t\t\t\t\t\t\t<\/div>\n\t\t\t\t\t<\/div>\n\t\t\t\t<\/div>\n\t\t\t\t<section class=\"elementor-section elementor-top-section elementor-element elementor-element-d7a769e elementor-section-boxed elementor-section-height-default elementor-section-height-default\" data-id=\"d7a769e\" data-element_type=\"section\" data-e-type=\"section\">\n\t\t\t\t\t\t<div class=\"elementor-container elementor-column-gap-no\">\n\t\t\t\t\t<div class=\"elementor-column elementor-col-25 elementor-top-column elementor-element elementor-element-325fc80\" data-id=\"325fc80\" data-element_type=\"column\" data-e-type=\"column\">\n\t\t\t<div class=\"elementor-widget-wrap elementor-element-populated\">\n\t\t\t\t\t\t<div class=\"elementor-element elementor-element-072a1b2 elementor-view-stacked elementor-shape-circle elementor-position-block-start elementor-mobile-position-block-start elementor-widget elementor-widget-icon-box\" data-id=\"072a1b2\" data-element_type=\"widget\" data-e-type=\"widget\" data-widget_type=\"icon-box.default\">\n\t\t\t\t\t\t\t<div class=\"elementor-icon-box-wrapper\">\n\n\t\t\t\t\t\t<div class=\"elementor-icon-box-icon\">\n\t\t\t\t<span  class=\"elementor-icon\">\n\t\t\t\t<i aria-hidden=\"true\" class=\"far fa-lightbulb\"><\/i>\t\t\t\t<\/span>\n\t\t\t<\/div>\n\t\t\t\n\t\t\t\t\t\t<div class=\"elementor-icon-box-content\">\n\n\t\t\t\t\t\t\t\t\t<h5 class=\"elementor-icon-box-title\">\n\t\t\t\t\t\t<span  >\n\t\t\t\t\t\t\tYenilik\u00e7ilik\t\t\t\t\t\t<\/span>\n\t\t\t\t\t<\/h5>\n\t\t\t\t\n\t\t\t\t\t\t\t\t\t<p class=\"elementor-icon-box-description\">\n\t\t\t\t\t\tS\u00fcrekli geli\u015fen teknolojiyle, end\u00fcstriyel mutfak ve \u00e7ay kazanlar\u0131 alan\u0131nda yenilik\u00e7i \u00e7\u00f6z\u00fcmler sunuyoruz.\t\t\t\t\t<\/p>\n\t\t\t\t\n\t\t\t<\/div>\n\t\t\t\n\t\t<\/div>\n\t\t\t\t\t\t<\/div>\n\t\t\t\t\t<\/div>\n\t\t<\/div>\n\t\t\t\t<div class=\"elementor-column elementor-col-25 elementor-top-column elementor-element elementor-element-ca5ba47\" data-id=\"ca5ba47\" data-element_type=\"column\" data-e-type=\"column\">\n\t\t\t<div class=\"elementor-widget-wrap elementor-element-populated\">\n\t\t\t\t\t\t<div class=\"elementor-element elementor-element-16afbac elementor-view-stacked elementor-shape-circle elementor-position-block-start elementor-mobile-position-block-start elementor-widget elementor-widget-icon-box\" data-id=\"16afbac\" data-element_type=\"widget\" data-e-type=\"widget\" data-widget_type=\"icon-box.default\">\n\t\t\t\t\t\t\t<div class=\"elementor-icon-box-wrapper\">\n\n\t\t\t\t\t\t<div class=\"elementor-icon-box-icon\">\n\t\t\t\t<span  class=\"elementor-icon\">\n\t\t\t\t<i aria-hidden=\"true\" class=\"fas fa-award\"><\/i>\t\t\t\t<\/span>\n\t\t\t<\/div>\n\t\t\t\n\t\t\t\t\t\t<div class=\"elementor-icon-box-content\">\n\n\t\t\t\t\t\t\t\t\t<h5 class=\"elementor-icon-box-title\">\n\t\t\t\t\t\t<span  >\n\t\t\t\t\t\t\tKalite\t\t\t\t\t\t<\/span>\n\t\t\t\t\t<\/h5>\n\t\t\t\t\n\t\t\t\t\t\t\t\t\t<p class=\"elementor-icon-box-description\">\n\t\t\t\t\t\t\u00dcr\u00fcnlerimizde kaliteyi asla taviz vermeden, her zaman en iyiye ula\u015fmak i\u00e7in \u00e7al\u0131\u015f\u0131yoruz.\t\t\t\t\t<\/p>\n\t\t\t\t\n\t\t\t<\/div>\n\t\t\t\n\t\t<\/div>\n\t\t\t\t\t\t<\/div>\n\t\t\t\t\t<\/div>\n\t\t<\/div>\n\t\t\t\t<div class=\"elementor-column elementor-col-25 elementor-top-column elementor-element elementor-element-355f93f\" data-id=\"355f93f\" data-element_type=\"column\" data-e-type=\"column\">\n\t\t\t<div class=\"elementor-widget-wrap elementor-element-populated\">\n\t\t\t\t\t\t<div class=\"elementor-element elementor-element-da93ba8 elementor-view-stacked elementor-shape-circle elementor-position-block-start elementor-mobile-position-block-start elementor-widget elementor-widget-icon-box\" data-id=\"da93ba8\" data-element_type=\"widget\" data-e-type=\"widget\" data-widget_type=\"icon-box.default\">\n\t\t\t\t\t\t\t<div class=\"elementor-icon-box-wrapper\">\n\n\t\t\t\t\t\t<div class=\"elementor-icon-box-icon\">\n\t\t\t\t<span  class=\"elementor-icon\">\n\t\t\t\t<i aria-hidden=\"true\" class=\"far fa-thumbs-up\"><\/i>\t\t\t\t<\/span>\n\t\t\t<\/div>\n\t\t\t\n\t\t\t\t\t\t<div class=\"elementor-icon-box-content\">\n\n\t\t\t\t\t\t\t\t\t<h5 class=\"elementor-icon-box-title\">\n\t\t\t\t\t\t<span  >\n\t\t\t\t\t\t\tM\u00fc\u015fteri Memnuniyeti\t\t\t\t\t\t<\/span>\n\t\t\t\t\t<\/h5>\n\t\t\t\t\n\t\t\t\t\t\t\t\t\t<p class=\"elementor-icon-box-description\">\n\t\t\t\t\t\tM\u00fc\u015fterilerimizin ihtiya\u00e7lar\u0131na en iyi \u015fekilde cevap veriyor ve onlar\u0131 her zaman memnun etmek i\u00e7in \u00e7aba sarf ediyoruz.\t\t\t\t\t<\/p>\n\t\t\t\t\n\t\t\t<\/div>\n\t\t\t\n\t\t<\/div>\n\t\t\t\t\t\t<\/div>\n\t\t\t\t\t<\/div>\n\t\t<\/div>\n\t\t\t\t<div class=\"elementor-column elementor-col-25 elementor-top-column elementor-element elementor-element-4a24b08\" data-id=\"4a24b08\" data-element_type=\"column\" data-e-type=\"column\">\n\t\t\t<div class=\"elementor-widget-wrap elementor-element-populated\">\n\t\t\t\t\t\t<div class=\"elementor-element elementor-element-1f69fa3 elementor-view-stacked elementor-shape-circle elementor-position-block-start elementor-mobile-position-block-start elementor-widget elementor-widget-icon-box\" data-id=\"1f69fa3\" data-element_type=\"widget\" data-e-type=\"widget\" data-widget_type=\"icon-box.default\">\n\t\t\t\t\t\t\t<div class=\"elementor-icon-box-wrapper\">\n\n\t\t\t\t\t\t<div class=\"elementor-icon-box-icon\">\n\t\t\t\t<span  class=\"elementor-icon\">\n\t\t\t\t<i aria-hidden=\"true\" class=\"fas fa-leaf\"><\/i>\t\t\t\t<\/span>\n\t\t\t<\/div>\n\t\t\t\n\t\t\t\t\t\t<div class=\"elementor-icon-box-content\">\n\n\t\t\t\t\t\t\t\t\t<h5 class=\"elementor-icon-box-title\">\n\t\t\t\t\t\t<span  >\n\t\t\t\t\t\t\tS\u00fcrd\u00fcr\u00fclebilirlik\t\t\t\t\t\t<\/span>\n\t\t\t\t\t<\/h5>\n\t\t\t\t\n\t\t\t\t\t\t\t\t\t<p class=\"elementor-icon-box-description\">\n\t\t\t\t\t\t\u00c7evre dostu \u00fcretim y\u00f6ntemleri ve \u00fcr\u00fcnlerle s\u00fcrd\u00fcr\u00fclebilir bir gelece\u011fe katk\u0131 sa\u011fl\u0131yoruz.\t\t\t\t\t<\/p>\n\t\t\t\t\n\t\t\t<\/div>\n\t\t\t\n\t\t<\/div>\n\t\t\t\t\t\t<\/div>\n\t\t\t\t\t<\/div>\n\t\t<\/div>\n\t\t\t\t\t<\/div>\n\t\t<\/section>\n\t\t\t\t<section class=\"elementor-section elementor-top-section elementor-element elementor-element-59020a0 elementor-reverse-tablet elementor-reverse-mobile elementor-section-boxed elementor-section-height-default elementor-section-height-default\" data-id=\"59020a0\" data-element_type=\"section\" data-e-type=\"section\">\n\t\t\t\t\t\t<div class=\"elementor-container elementor-column-gap-wide\">\n\t\t\t\t\t<div class=\"elementor-column elementor-col-100 elementor-top-column elementor-element elementor-element-0eedf86\" data-id=\"0eedf86\" data-element_type=\"column\" data-e-type=\"column\">\n\t\t\t<div class=\"elementor-widget-wrap elementor-element-populated\">\n\t\t\t\t\t\t<div class=\"elementor-element elementor-element-9054224 elementor-widget elementor-widget-heading\" data-id=\"9054224\" data-element_type=\"widget\" data-e-type=\"widget\" data-widget_type=\"heading.default\">\n\t\t\t\t\t<h2 class=\"elementor-heading-title elementor-size-default\">Hakk\u0131m\u0131zda<\/h2>\t\t\t\t<\/div>\n\t\t\t\t<div class=\"elementor-element elementor-element-4640985 elementor-widget elementor-widget-text-editor\" data-id=\"4640985\" data-element_type=\"widget\" data-e-type=\"widget\" data-widget_type=\"text-editor.default\">\n\t\t\t\t\t\t\t\t\t<p>Me\u015fale Store, end\u00fcstriyel mutfak ekipmanlar\u0131 ve \u00e7ay kazanlar\u0131 sekt\u00f6r\u00fcnde lider markalardan biri olarak, kaliteli ve g\u00fcvenilir \u00fcr\u00fcnleriyle m\u00fc\u015fteri memnuniyetini en \u00fcst seviyeye ta\u015f\u0131may\u0131 hedeflemektedir. \u015eelale, Demsu \u00c7ay Kazanlar\u0131 ve Me\u015fale markalar\u0131 ile geni\u015f bir \u00fcr\u00fcn yelpazesi sunarak, restoranlar, kafeler ve di\u011fer ticari i\u015fletmeler i\u00e7in m\u00fckemmel \u00e7\u00f6z\u00fcmler sa\u011flamaktay\u0131z.<\/p><p>Y\u0131llar\u0131n verdi\u011fi deneyimle sekt\u00f6rdeki geli\u015fmeleri yak\u0131ndan takip ediyor ve teknolojiyi \u00fcr\u00fcnlerimize entegre ederek, i\u015f g\u00fcc\u00fcn\u00fc art\u0131r\u0131c\u0131, zaman kazand\u0131r\u0131c\u0131 ve verimlili\u011fi y\u00fcksek \u00e7\u00f6z\u00fcmler \u00fcretiyoruz. Me\u015fale, \u015eelale ve Demsu markalar\u0131, end\u00fcstriyel mutfak ve \u00e7ay kazanlar\u0131 alan\u0131nda kalitenin simgesi haline gelmi\u015ftir.<\/p><p>Vizyonumuz sekt\u00f6rdeki en g\u00fcvenilir ve yenilik\u00e7i markalardan biri olmak, Misyonumuz ise m\u00fc\u015fterilerimize y\u00fcksek kaliteli, dayan\u0131kl\u0131 ve \u00e7evre dostu \u00fcr\u00fcnler sunarak i\u015flerini kolayla\u015ft\u0131rmak ve onlara de\u011fer katmakt\u0131r.<\/p><p>Geni\u015f \u00fcr\u00fcn yelpazemiz, her t\u00fcr mutfak ve \u00e7ay kazan\u0131 ihtiyac\u0131na y\u00f6nelik \u00e7\u00f6z\u00fcmler sunar. Me\u015fale Store olarak, m\u00fc\u015fteri memnuniyetini her zaman \u00f6n planda tutarak, y\u00fcksek performans ve uzun \u00f6m\u00fcrl\u00fc \u00fcr\u00fcnlerimizle i\u015finizdeki ba\u015far\u0131y\u0131 art\u0131rmay\u0131 ama\u00e7l\u0131yoruz.<\/p>\t\t\t\t\t\t\t\t<\/div>\n\t\t\t\t\t<\/div>\n\t\t<\/div>\n\t\t\t\t\t<\/div>\n\t\t<\/section>\n\t\t\t\t<\/div>","protected":false},"excerpt":{"rendered":"<p>Massa sed elementum tempus egestas sed sed risus. Risus at ultrices mi tempus imperdiet nulla malesuada pellentesque elit.<\/p>","protected":false},"author":1,"featured_media":0,"parent":0,"menu_order":0,"comment_status":"closed","ping_status":"closed","template":"","meta":{"footnotes":""},"class_list":["post-115","page","type-page","status-publish","hentry"],"blocksy_meta":{"page_title_panel":"","has_hero_section":"disabled","6774d2922b2e043009dd0369630c6648":"","hero_section":"type-2","hero_alignment1":"left","hero_alignment2":"center","hero_height":{"0":"500px","1":"500px","2":"500px","3":"500px","4":"500px","desktop":"600px","tablet":"500px","mobile":"400px","__changed":["tablet","tablet","mobile","mobile"]},"page_title_bg_type":"custom_image","custom_hero_background":{"attachment_id":228,"url":"https:\/\/startersites.io\/elementor\/modern-shop\/wp-content\/uploads\/2020\/03\/ashley-knedler-Pf5Pj7A5ddA-unsplash-1024x422.jpg"},"parallax":{"desktop":true,"tablet":false,"mobile":false},"6b74a569d6954c8dde2fe0e3330a3d07":"","single_meta_elements":{"author":false,"date":false,"categories":false,"comments":false,"updated":false,"tags":false},"has_meta_label":"yes","has_meta_avatar":"yes","date_format_source":"custom","single_meta_date_format":"M j, Y","b97b3b35a921898a5a649956dd3ef2c9":"","page_excerpt_visibility":{"desktop":true,"tablet":true,"mobile":true},"pageTitleFont":{"family":"Default","variation":"n9","size":{"desktop":"55px","tablet":"40px","mobile":"30px","__changed":["tablet","tablet","mobile","mobile","mobile"]},"line-height":"1.3","letter-spacing":"CT_CSS_SKIP_RULE","text-transform":"CT_CSS_SKIP_RULE","text-decoration":"CT_CSS_SKIP_RULE"},"pageTitleFontColor":{"default":{"color":"CT_CSS_SKIP_RULEDEFAULT"}},"pageMetaFont":{"family":"Default","variation":"n6","size":{"desktop":"12px","tablet":"12px","mobile":"12px"},"line-height":"1.3","letter-spacing":"CT_CSS_SKIP_RULE","text-transform":"uppercase","text-decoration":"CT_CSS_SKIP_RULE"},"pageMetaFontColor":{"default":{"color":"CT_CSS_SKIP_RULEDEFAULT"},"hover":{"color":"CT_CSS_SKIP_RULEDEFAULT"}},"pageExcerptFont":{"family":"Default","variation":"n5","size":"CT_CSS_SKIP_RULE","line-height":"CT_CSS_SKIP_RULE","letter-spacing":"CT_CSS_SKIP_RULE","text-transform":"CT_CSS_SKIP_RULE","text-decoration":"CT_CSS_SKIP_RULE"},"pageExcerptColor":{"default":{"color":"CT_CSS_SKIP_RULEDEFAULT"}},"pageTitleOverlay":{"default":{"color":"CT_CSS_SKIP_RULE"}},"pageTitleBackground":{"background_type":"color","background_pattern":"type-1","background_image":{"attachment_id":null,"x":0,"y":0},"background_repeat":"no-repeat","background_size":"auto","background_attachment":"scroll","patternColor":{"default":{"color":"#e5e7ea"}},"backgroundColor":{"default":{"color":"#EDEFF2"}},"default":{"color":"#edeff2"}},"e9c08d358e8061a13c6703914fc3e107":"","page_structure_type":"default","page_enable_vertical_spacing":"yes","37e2e5405a48b6dcb367458103437801":"","disable_featured_image":"no","5a23f5815557fff3b572a1ff51bc4447":"","6d18f3e1ac54c9cd1e3e09c3f4dedc8c":"","b11ba8cda6e4bad1311d96230b11a88a":"","1292d792724cdd47c48bd6e6b2e81566":"","ae2e39a6f1a394fbe333e5ca05e5bfb9":"","b025400c48fbaec82191e6798433add3":"","1ea904d02bce5589e5973cd0e6215a6d":"","af31de1a48854c5746ce4378b7f4b10c":"","aa0594d089a317f833967ec6c78ba836":"","8de4197d97c9487ce3f5018fbd54c81e":"","25f8cf7144e44cf269774b333f6c2343":"","c80e3da369fc9e2454430a6d146a31c8":"","23baab15e83c8d7083e2769a437a4768":"","3b5108b2aa7ad8a9428e511d430a3fbe":"","670381c96849f0626bfb58ac79a38931":"","efc6e89b572992af985a906e0b0677c7":"","hero_elements":[{"id":"custom_title","enabled":true,"heading_tag":"h1","title":"Home"},{"id":"custom_description","enabled":true,"description_visibility":{"desktop":true,"tablet":true,"mobile":false}},{"id":"custom_meta","enabled":false,"meta_elements":[{"id":"author","enabled":true,"label":"By","has_author_avatar":"yes","avatar_size":25},{"id":"post_date","enabled":true,"label":"On","date_format_source":"default","date_format":"M j, Y"},{"id":"comments","enabled":true}],"page_meta_elements":{"joined":true,"articles_count":true,"comments":true}},{"id":"breadcrumbs","enabled":false}],"9f21be5163e55bd032bea22f195ff20e":"","hero_vertical_alignment":"center","hero_structure":"narrow","breadcrumbsFont":{"family":"Default","variation":"n6","size":"12px","line-height":"CT_CSS_SKIP_RULE","letter-spacing":"CT_CSS_SKIP_RULE","text-transform":"uppercase","text-decoration":"CT_CSS_SKIP_RULE"},"breadcrumbsFontColor":{"default":{"color":"CT_CSS_SKIP_RULEDEFAULT"},"initial":{"color":"CT_CSS_SKIP_RULEDEFAULT"},"hover":{"color":"CT_CSS_SKIP_RULEDEFAULT"}},"96d5a5dade1ac81fdc2f23e8c7cb5b1f":"","content_style":"inherit","vertical_spacing_source":"custom","content_area_spacing":"none","background":{"background_type":"color","background_pattern":"type-1","background_image":{"attachment_id":null,"x":0,"y":0},"background_repeat":"no-repeat","background_size":"auto","background_attachment":"scroll","patternColor":{"default":{"color":"#e5e7ea"}},"backgroundColor":{"default":{"color":"CT_CSS_SKIP_RULE"}}},"content_background":{"background_type":"color","background_pattern":"type-1","background_image":{"attachment_id":null,"x":0,"y":0},"background_repeat":"no-repeat","background_size":"auto","background_attachment":"scroll","patternColor":{"default":{"color":"#e5e7ea"}},"backgroundColor":{"default":{"color":"#ffffff"}}},"content_boxed_spacing":{"desktop":"40px","tablet":"35px","mobile":"20px"},"content_boxed_radius":{"top":"3px","bottom":"3px","left":"3px","right":"3px","linked":true},"content_boxed_shadow":{"blur":18,"spread":-6,"v_offset":12,"h_offset":0,"inset":false,"enable":true,"color":{"color":"rgba(34, 56, 101, 0.04)"}},"4bdd9d5997a1f0298d97c2c762f3e2af":"","d780ec6ce909dd8e59a960d0a26ab4c7":"","db7716d397d76637263ec6a3062d99f5":"","6fe45d801239fa686eb3a5a59830a196":"","4b0189eec5ad97685a72ec47b45589b8":"","styles_descriptor":{"styles":{"desktop":"","tablet":"","mobile":""},"google_fonts":[],"version":6}},"yoast_head":"<!-- This site is optimized with the Yoast SEO plugin v27.1.1 - https:\/\/yoast.com\/product\/yoast-seo-wordpress\/ -->\n<title>About Us - Me\u015fale Store<\/title>\n<meta name=\"robots\" content=\"index, follow, max-snippet:-1, max-image-preview:large, max-video-preview:-1\" \/>\n<link rel=\"canonical\" href=\"https:\/\/mesalestore.com\/en\/about\/\" \/>\n<meta property=\"og:locale\" content=\"en_US\" \/>\n<meta property=\"og:type\" content=\"article\" \/>\n<meta property=\"og:title\" content=\"About Us - Me\u015fale Store\" \/>\n<meta property=\"og:description\" content=\"Massa sed elementum tempus egestas sed sed risus. Risus at ultrices mi tempus imperdiet nulla malesuada pellentesque elit.\" \/>\n<meta property=\"og:url\" content=\"https:\/\/mesalestore.com\/en\/about\/\" \/>\n<meta property=\"og:site_name\" content=\"Me\u015fale Store\" \/>\n<meta property=\"article:publisher\" content=\"https:\/\/www.facebook.com\/mesalecay\" \/>\n<meta property=\"article:modified_time\" content=\"2026-04-09T20:56:32+00:00\" \/>\n<meta name=\"twitter:card\" content=\"summary_large_image\" \/>\n<meta name=\"twitter:site\" content=\"@mesalecaykazan\" \/>\n<meta name=\"twitter:label1\" content=\"Est. reading time\" \/>\n\t<meta name=\"twitter:data1\" content=\"2 minutes\" \/>\n<script type=\"application\/ld+json\" class=\"yoast-schema-graph\">{\"@context\":\"https:\/\/schema.org\",\"@graph\":[{\"@type\":\"WebPage\",\"@id\":\"https:\/\/mesalestore.com\/en\/about\/\",\"url\":\"https:\/\/mesalestore.com\/en\/about\/\",\"name\":\"About Us - Me\u015fale Store\",\"isPartOf\":{\"@id\":\"https:\/\/mesalestore.com\/en\/#website\"},\"datePublished\":\"2020-03-13T15:28:00+00:00\",\"dateModified\":\"2026-04-09T20:56:32+00:00\",\"breadcrumb\":{\"@id\":\"https:\/\/mesalestore.com\/en\/about\/#breadcrumb\"},\"inLanguage\":\"en-US\",\"potentialAction\":[{\"@type\":\"ReadAction\",\"target\":[\"https:\/\/mesalestore.com\/en\/about\/\"]}]},{\"@type\":\"BreadcrumbList\",\"@id\":\"https:\/\/mesalestore.com\/en\/about\/#breadcrumb\",\"itemListElement\":[{\"@type\":\"ListItem\",\"position\":1,\"name\":\"Anasayfa\",\"item\":\"https:\/\/mesalestore.com\/en\/\"},{\"@type\":\"ListItem\",\"position\":2,\"name\":\"About Us\"}]},{\"@type\":\"WebSite\",\"@id\":\"https:\/\/mesalestore.com\/en\/#website\",\"url\":\"https:\/\/mesalestore.com\/en\/\",\"name\":\"Me\u015fale Store\",\"description\":\"\",\"publisher\":{\"@id\":\"https:\/\/mesalestore.com\/en\/#organization\"},\"potentialAction\":[{\"@type\":\"SearchAction\",\"target\":{\"@type\":\"EntryPoint\",\"urlTemplate\":\"https:\/\/mesalestore.com\/en\/?s={search_term_string}\"},\"query-input\":{\"@type\":\"PropertyValueSpecification\",\"valueRequired\":true,\"valueName\":\"search_term_string\"}}],\"inLanguage\":\"en-US\"},{\"@type\":\"Organization\",\"@id\":\"https:\/\/mesalestore.com\/en\/#organization\",\"name\":\"Me\u015fale Store\",\"url\":\"https:\/\/mesalestore.com\/en\/\",\"logo\":{\"@type\":\"ImageObject\",\"inLanguage\":\"en-US\",\"@id\":\"https:\/\/mesalestore.com\/en\/#\/schema\/logo\/image\/\",\"url\":\"https:\/\/mesalestore.com\/wp-content\/uploads\/2026\/03\/logo-header-yeni-1.webp\",\"contentUrl\":\"https:\/\/mesalestore.com\/wp-content\/uploads\/2026\/03\/logo-header-yeni-1.webp\",\"width\":419,\"height\":147,\"caption\":\"Me\u015fale Store\"},\"image\":{\"@id\":\"https:\/\/mesalestore.com\/en\/#\/schema\/logo\/image\/\"},\"sameAs\":[\"https:\/\/www.facebook.com\/mesalecay\",\"https:\/\/x.com\/mesalecaykazan\",\"https:\/\/www.instagram.com\/mesalecaykazan\/\"]}]}<\/script>\n<!-- \/ Yoast SEO plugin. -->","yoast_head_json":{"title":"About Us - Me\u015fale Store","robots":{"index":"index","follow":"follow","max-snippet":"max-snippet:-1","max-image-preview":"max-image-preview:large","max-video-preview":"max-video-preview:-1"},"canonical":"https:\/\/mesalestore.com\/en\/about\/","og_locale":"en_US","og_type":"article","og_title":"About Us - Me\u015fale Store","og_description":"Massa sed elementum tempus egestas sed sed risus. Risus at ultrices mi tempus imperdiet nulla malesuada pellentesque elit.","og_url":"https:\/\/mesalestore.com\/en\/about\/","og_site_name":"Me\u015fale Store","article_publisher":"https:\/\/www.facebook.com\/mesalecay","article_modified_time":"2026-04-09T20:56:32+00:00","twitter_card":"summary_large_image","twitter_site":"@mesalecaykazan","twitter_misc":{"Est. reading time":"2 minutes"},"schema":{"@context":"https:\/\/schema.org","@graph":[{"@type":"WebPage","@id":"https:\/\/mesalestore.com\/en\/about\/","url":"https:\/\/mesalestore.com\/en\/about\/","name":"About Us - Me\u015fale Store","isPartOf":{"@id":"https:\/\/mesalestore.com\/en\/#website"},"datePublished":"2020-03-13T15:28:00+00:00","dateModified":"2026-04-09T20:56:32+00:00","breadcrumb":{"@id":"https:\/\/mesalestore.com\/en\/about\/#breadcrumb"},"inLanguage":"en-US","potentialAction":[{"@type":"ReadAction","target":["https:\/\/mesalestore.com\/en\/about\/"]}]},{"@type":"BreadcrumbList","@id":"https:\/\/mesalestore.com\/en\/about\/#breadcrumb","itemListElement":[{"@type":"ListItem","position":1,"name":"Anasayfa","item":"https:\/\/mesalestore.com\/en\/"},{"@type":"ListItem","position":2,"name":"About Us"}]},{"@type":"WebSite","@id":"https:\/\/mesalestore.com\/en\/#website","url":"https:\/\/mesalestore.com\/en\/","name":"Me\u015fale Store","description":"","publisher":{"@id":"https:\/\/mesalestore.com\/en\/#organization"},"potentialAction":[{"@type":"SearchAction","target":{"@type":"EntryPoint","urlTemplate":"https:\/\/mesalestore.com\/en\/?s={search_term_string}"},"query-input":{"@type":"PropertyValueSpecification","valueRequired":true,"valueName":"search_term_string"}}],"inLanguage":"en-US"},{"@type":"Organization","@id":"https:\/\/mesalestore.com\/en\/#organization","name":"Me\u015fale Store","url":"https:\/\/mesalestore.com\/en\/","logo":{"@type":"ImageObject","inLanguage":"en-US","@id":"https:\/\/mesalestore.com\/en\/#\/schema\/logo\/image\/","url":"https:\/\/mesalestore.com\/wp-content\/uploads\/2026\/03\/logo-header-yeni-1.webp","contentUrl":"https:\/\/mesalestore.com\/wp-content\/uploads\/2026\/03\/logo-header-yeni-1.webp","width":419,"height":147,"caption":"Me\u015fale Store"},"image":{"@id":"https:\/\/mesalestore.com\/en\/#\/schema\/logo\/image\/"},"sameAs":["https:\/\/www.facebook.com\/mesalecay","https:\/\/x.com\/mesalecaykazan","https:\/\/www.instagram.com\/mesalecaykazan\/"]}]}},"_links":{"self":[{"href":"https:\/\/mesalestore.com\/en\/wp-json\/wp\/v2\/pages\/115","targetHints":{"allow":["GET"]}}],"collection":[{"href":"https:\/\/mesalestore.com\/en\/wp-json\/wp\/v2\/pages"}],"about":[{"href":"https:\/\/mesalestore.com\/en\/wp-json\/wp\/v2\/types\/page"}],"author":[{"embeddable":true,"href":"https:\/\/mesalestore.com\/en\/wp-json\/wp\/v2\/users\/1"}],"replies":[{"embeddable":true,"href":"https:\/\/mesalestore.com\/en\/wp-json\/wp\/v2\/comments?post=115"}],"version-history":[{"count":21,"href":"https:\/\/mesalestore.com\/en\/wp-json\/wp\/v2\/pages\/115\/revisions"}],"predecessor-version":[{"id":5094,"href":"https:\/\/mesalestore.com\/en\/wp-json\/wp\/v2\/pages\/115\/revisions\/5094"}],"wp:attachment":[{"href":"https:\/\/mesalestore.com\/en\/wp-json\/wp\/v2\/media?parent=115"}],"curies":[{"name":"wp","href":"https:\/\/api.w.org\/{rel}","templated":true}]}}